{"id":39475,"date":"2024-02-11T18:20:46","date_gmt":"2024-02-11T16:20:46","guid":{"rendered":"https:\/\/balticoverlanders.eu\/product\/dometic-cfx3-25-mobilais-kompresora-dzesetajs-25-l\/"},"modified":"2024-05-06T22:43:05","modified_gmt":"2024-05-06T19:43:05","slug":"dometic-cfx3-25-mobilais-kompresora-dzesetajs-25-l","status":"publish","type":"product","link":"https:\/\/balticoverlanders.eu\/lv\/produkts\/dometic-cfx3-25-mobilais-kompresora-dzesetajs-25-l\/","title":{"rendered":"Dometic CFX3 25 Mobilais kompresora dzes\u0113t\u0101js, 25 l"},"content":{"rendered":"<p>Iepaz\u012bstin\u0101m ar Dometic CFX3, j\u016bsu vislab\u0101ko \u0101ra dzes\u0113t\u0101ju:<\/p>\n<ul>\n<li>25 litru kop\u0113jais tilpums ir 40 sk\u0101rdenes vai piecas 1,5 litru pudeles.<\/li>\n<li>Iztur\u012bga, bet viegla ExoFrame konstrukcija ar aizsarg\u0101jo\u0161\u0101m mal\u0101m un alum\u012bnija sakaus\u0113juma rokturiem.<\/li>\n<li>Jaud\u012bga VMSO3 kompresora dzes\u0113\u0161anas tehnolo\u0123ija efekt\u012bvi dzes\u0113 no +20\u00b0C l\u012bdz -22\u00b0C.<\/li>\n<li>Viegli nolas\u0101ms augstas iz\u0161\u0137irtsp\u0113jas kr\u0101su displejs un viegli sk\u0101rienj\u016bt\u012bgas pogas vienk\u0101r\u0161ai vad\u012bbai un uzraudz\u012bbai.<\/li>\n<li>CFX3 lietotne \u013cauj kontrol\u0113t temperat\u016bru, izmantojot WiFi vai Bluetooth, un nodro\u0161ina veiktsp\u0113jas v\u0113sturi.<\/li>\n<li>Dinamisk\u0101 akumulatora aizsardz\u012bbas sist\u0113ma nov\u0113r\u0161 transportl\u012bdzek\u013ca akumulatora izl\u0101d\u0113\u0161anos vai \u013cauj dzi\u013ci izmantot divus akumulatorus.<\/li>\n<li>Iztur\u012bgs, viegls un kompakts dizains nodro\u0161ina \u0113rtu p\u0101rn\u0113s\u0101\u0161anu.<\/li>\n<\/ul>\n<p>&nbsp;<\/p>\n","protected":false},"excerpt":{"rendered":"<p>\u0160is jaud\u012bgais dzes\u0113t\u0101js \u013cauj pa\u0146emt l\u012bdzi vair\u0101k \u0113dienu un dz\u0113rienu, lai kurp j\u016bs dotos. T\u0101s iztur\u012bgais dizains ir paredz\u0113ts lieto\u0161anai \u0101rpus telp\u0101m, savuk\u0101rt \u0113rt\u0101 mobil\u0101 lietotne \u013cauj jums \u0113rti kontrol\u0113t Dometic CFX3, turot to sav\u0101 rok\u0101. Dodieties t\u0101l\u0101k, palieciet ilg\u0101k un izbaudiet vair\u0101k.<\/p>\n","protected":false},"featured_media":31228,"template":"","meta":[],"product_brand":[],"product_cat":[508],"product_tag":[],"class_list":{"0":"post-39475","1":"product","2":"type-product","3":"status-publish","4":"has-post-thumbnail","6":"product_cat-dometic-lv","8":"first","9":"onbackorder","10":"taxable","11":"shipping-taxable","12":"purchasable","13":"product-type-simple"},"yoast_head":"<!-- This site is optimized with the Yoast SEO plugin v27.3 - https:\/\/yoast.com\/product\/yoast-seo-wordpress\/ -->\n<title>Dometic CFX3 25 Mobilais kompresora dzes\u0113t\u0101js, 25 l - BALTIC OVERLANDERS<\/title>\n<meta name=\"description\" content=\"P\u0101r\u0146emiet kontroli p\u0101r saviem \u0101ra piedz\u012bvojumiem ar Dometic CFX3 dzes\u0113t\u0101ju. Iztur\u012bgs dizains, \u0113rta mobil\u0101 lietotne. J\u016bsu lab\u0101kais ce\u013cojuma sabiedrotais.\" \/>\n<meta name=\"robots\" content=\"index, follow, max-snippet:-1, max-image-preview:large, max-video-preview:-1\" \/>\n<link rel=\"canonical\" href=\"https:\/\/balticoverlanders.eu\/lv\/produkts\/dometic-cfx3-25-mobilais-kompresora-dzesetajs-25-l\/\" \/>\n<meta property=\"og:locale\" content=\"lv_LV\" \/>\n<meta property=\"og:type\" content=\"article\" \/>\n<meta property=\"og:title\" content=\"Dometic CFX3 25 Mobilais kompresora dzes\u0113t\u0101js, 25 l - BALTIC OVERLANDERS\" \/>\n<meta property=\"og:description\" content=\"P\u0101r\u0146emiet kontroli p\u0101r saviem \u0101ra piedz\u012bvojumiem ar Dometic CFX3 dzes\u0113t\u0101ju. Iztur\u012bgs dizains, \u0113rta mobil\u0101 lietotne. J\u016bsu lab\u0101kais ce\u013cojuma sabiedrotais.\" \/>\n<meta property=\"og:url\" content=\"https:\/\/balticoverlanders.eu\/lv\/produkts\/dometic-cfx3-25-mobilais-kompresora-dzesetajs-25-l\/\" \/>\n<meta property=\"og:site_name\" content=\"BALTIC OVERLANDERS\" \/>\n<meta property=\"article:modified_time\" content=\"2024-05-06T19:43:05+00:00\" \/>\n<meta property=\"og:image\" content=\"https:\/\/balticoverlanders.eu\/wp-content\/uploads\/2024\/02\/cfx3-45-9600025326-p401_lowres.jpg\" \/>\n\t<meta property=\"og:image:width\" content=\"1024\" \/>\n\t<meta property=\"og:image:height\" content=\"768\" \/>\n\t<meta property=\"og:image:type\" content=\"image\/jpeg\" \/>\n<meta name=\"twitter:card\" content=\"summary_large_image\" \/>\n<meta name=\"twitter:label1\" content=\"Est. reading time\" \/>\n\t<meta name=\"twitter:data1\" content=\"1 minute\" \/>\n<script type=\"application\/ld+json\" class=\"yoast-schema-graph\">{\"@context\":\"https:\\\/\\\/schema.org\",\"@graph\":[{\"@type\":\"WebPage\",\"@id\":\"https:\\\/\\\/balticoverlanders.eu\\\/lv\\\/produkts\\\/dometic-cfx3-25-mobilais-kompresora-dzesetajs-25-l\\\/\",\"url\":\"https:\\\/\\\/balticoverlanders.eu\\\/lv\\\/produkts\\\/dometic-cfx3-25-mobilais-kompresora-dzesetajs-25-l\\\/\",\"name\":\"Dometic CFX3 25 Mobilais kompresora dzes\u0113t\u0101js, 25 l - BALTIC OVERLANDERS\",\"isPartOf\":{\"@id\":\"https:\\\/\\\/balticoverlanders.eu\\\/lv\\\/#website\"},\"primaryImageOfPage\":{\"@id\":\"https:\\\/\\\/balticoverlanders.eu\\\/lv\\\/produkts\\\/dometic-cfx3-25-mobilais-kompresora-dzesetajs-25-l\\\/#primaryimage\"},\"image\":{\"@id\":\"https:\\\/\\\/balticoverlanders.eu\\\/lv\\\/produkts\\\/dometic-cfx3-25-mobilais-kompresora-dzesetajs-25-l\\\/#primaryimage\"},\"thumbnailUrl\":\"https:\\\/\\\/balticoverlanders.eu\\\/wp-content\\\/uploads\\\/2024\\\/02\\\/cfx3-45-9600025326-p401_lowres.jpg\",\"datePublished\":\"2024-02-11T16:20:46+00:00\",\"dateModified\":\"2024-05-06T19:43:05+00:00\",\"description\":\"P\u0101r\u0146emiet kontroli p\u0101r saviem \u0101ra piedz\u012bvojumiem ar Dometic CFX3 dzes\u0113t\u0101ju. Iztur\u012bgs dizains, \u0113rta mobil\u0101 lietotne. J\u016bsu lab\u0101kais ce\u013cojuma sabiedrotais.\",\"breadcrumb\":{\"@id\":\"https:\\\/\\\/balticoverlanders.eu\\\/lv\\\/produkts\\\/dometic-cfx3-25-mobilais-kompresora-dzesetajs-25-l\\\/#breadcrumb\"},\"inLanguage\":\"lv-LV\",\"potentialAction\":[{\"@type\":\"ReadAction\",\"target\":[\"https:\\\/\\\/balticoverlanders.eu\\\/lv\\\/produkts\\\/dometic-cfx3-25-mobilais-kompresora-dzesetajs-25-l\\\/\"]}]},{\"@type\":\"ImageObject\",\"inLanguage\":\"lv-LV\",\"@id\":\"https:\\\/\\\/balticoverlanders.eu\\\/lv\\\/produkts\\\/dometic-cfx3-25-mobilais-kompresora-dzesetajs-25-l\\\/#primaryimage\",\"url\":\"https:\\\/\\\/balticoverlanders.eu\\\/wp-content\\\/uploads\\\/2024\\\/02\\\/cfx3-45-9600025326-p401_lowres.jpg\",\"contentUrl\":\"https:\\\/\\\/balticoverlanders.eu\\\/wp-content\\\/uploads\\\/2024\\\/02\\\/cfx3-45-9600025326-p401_lowres.jpg\",\"width\":1024,\"height\":768},{\"@type\":\"BreadcrumbList\",\"@id\":\"https:\\\/\\\/balticoverlanders.eu\\\/lv\\\/produkts\\\/dometic-cfx3-25-mobilais-kompresora-dzesetajs-25-l\\\/#breadcrumb\",\"itemListElement\":[{\"@type\":\"ListItem\",\"position\":1,\"name\":\"Home\",\"item\":\"https:\\\/\\\/balticoverlanders.eu\\\/lv\\\/\"},{\"@type\":\"ListItem\",\"position\":2,\"name\":\"Veikals\",\"item\":\"https:\\\/\\\/balticoverlanders.eu\\\/lv\\\/veikals\\\/\"},{\"@type\":\"ListItem\",\"position\":3,\"name\":\"Dometic CFX3 25 Mobilais kompresora dzes\u0113t\u0101js, 25 l\"}]},{\"@type\":\"WebSite\",\"@id\":\"https:\\\/\\\/balticoverlanders.eu\\\/lv\\\/#website\",\"url\":\"https:\\\/\\\/balticoverlanders.eu\\\/lv\\\/\",\"name\":\"BALTIC OVERLANDERS\",\"description\":\"Your one-stop shop in Latvia, Estonia, and Lithuania for all your car camping, rooftop tent and accessory needs.\",\"publisher\":{\"@id\":\"https:\\\/\\\/balticoverlanders.eu\\\/lv\\\/#organization\"},\"potentialAction\":[{\"@type\":\"SearchAction\",\"target\":{\"@type\":\"EntryPoint\",\"urlTemplate\":\"https:\\\/\\\/balticoverlanders.eu\\\/lv\\\/?s={search_term_string}\"},\"query-input\":{\"@type\":\"PropertyValueSpecification\",\"valueRequired\":true,\"valueName\":\"search_term_string\"}}],\"inLanguage\":\"lv-LV\"},{\"@type\":\"Organization\",\"@id\":\"https:\\\/\\\/balticoverlanders.eu\\\/lv\\\/#organization\",\"name\":\"BALTIC OVERLANDERS\",\"url\":\"https:\\\/\\\/balticoverlanders.eu\\\/lv\\\/\",\"logo\":{\"@type\":\"ImageObject\",\"inLanguage\":\"lv-LV\",\"@id\":\"https:\\\/\\\/balticoverlanders.eu\\\/lv\\\/#\\\/schema\\\/logo\\\/image\\\/\",\"url\":\"https:\\\/\\\/balticoverlanders.eu\\\/wp-content\\\/uploads\\\/2023\\\/04\\\/BALTIC-OVERLANDERS-LOGO.jpg\",\"contentUrl\":\"https:\\\/\\\/balticoverlanders.eu\\\/wp-content\\\/uploads\\\/2023\\\/04\\\/BALTIC-OVERLANDERS-LOGO.jpg\",\"width\":1497,\"height\":310,\"caption\":\"BALTIC OVERLANDERS\"},\"image\":{\"@id\":\"https:\\\/\\\/balticoverlanders.eu\\\/lv\\\/#\\\/schema\\\/logo\\\/image\\\/\"},\"sameAs\":[\"https:\\\/\\\/www.instagram.com\\\/balticoverlanders\\\/\"]}]}<\/script>\n<!-- \/ Yoast SEO plugin. -->","yoast_head_json":{"title":"Dometic CFX3 25 Mobilais kompresora dzes\u0113t\u0101js, 25 l - BALTIC OVERLANDERS","description":"P\u0101r\u0146emiet kontroli p\u0101r saviem \u0101ra piedz\u012bvojumiem ar Dometic CFX3 dzes\u0113t\u0101ju. Iztur\u012bgs dizains, \u0113rta mobil\u0101 lietotne. J\u016bsu lab\u0101kais ce\u013cojuma sabiedrotais.","robots":{"index":"index","follow":"follow","max-snippet":"max-snippet:-1","max-image-preview":"max-image-preview:large","max-video-preview":"max-video-preview:-1"},"canonical":"https:\/\/balticoverlanders.eu\/lv\/produkts\/dometic-cfx3-25-mobilais-kompresora-dzesetajs-25-l\/","og_locale":"lv_LV","og_type":"article","og_title":"Dometic CFX3 25 Mobilais kompresora dzes\u0113t\u0101js, 25 l - BALTIC OVERLANDERS","og_description":"P\u0101r\u0146emiet kontroli p\u0101r saviem \u0101ra piedz\u012bvojumiem ar Dometic CFX3 dzes\u0113t\u0101ju. Iztur\u012bgs dizains, \u0113rta mobil\u0101 lietotne. J\u016bsu lab\u0101kais ce\u013cojuma sabiedrotais.","og_url":"https:\/\/balticoverlanders.eu\/lv\/produkts\/dometic-cfx3-25-mobilais-kompresora-dzesetajs-25-l\/","og_site_name":"BALTIC OVERLANDERS","article_modified_time":"2024-05-06T19:43:05+00:00","og_image":[{"width":1024,"height":768,"url":"https:\/\/balticoverlanders.eu\/wp-content\/uploads\/2024\/02\/cfx3-45-9600025326-p401_lowres.jpg","type":"image\/jpeg"}],"twitter_card":"summary_large_image","twitter_misc":{"Est. reading time":"1 minute"},"schema":{"@context":"https:\/\/schema.org","@graph":[{"@type":"WebPage","@id":"https:\/\/balticoverlanders.eu\/lv\/produkts\/dometic-cfx3-25-mobilais-kompresora-dzesetajs-25-l\/","url":"https:\/\/balticoverlanders.eu\/lv\/produkts\/dometic-cfx3-25-mobilais-kompresora-dzesetajs-25-l\/","name":"Dometic CFX3 25 Mobilais kompresora dzes\u0113t\u0101js, 25 l - BALTIC OVERLANDERS","isPartOf":{"@id":"https:\/\/balticoverlanders.eu\/lv\/#website"},"primaryImageOfPage":{"@id":"https:\/\/balticoverlanders.eu\/lv\/produkts\/dometic-cfx3-25-mobilais-kompresora-dzesetajs-25-l\/#primaryimage"},"image":{"@id":"https:\/\/balticoverlanders.eu\/lv\/produkts\/dometic-cfx3-25-mobilais-kompresora-dzesetajs-25-l\/#primaryimage"},"thumbnailUrl":"https:\/\/balticoverlanders.eu\/wp-content\/uploads\/2024\/02\/cfx3-45-9600025326-p401_lowres.jpg","datePublished":"2024-02-11T16:20:46+00:00","dateModified":"2024-05-06T19:43:05+00:00","description":"P\u0101r\u0146emiet kontroli p\u0101r saviem \u0101ra piedz\u012bvojumiem ar Dometic CFX3 dzes\u0113t\u0101ju. Iztur\u012bgs dizains, \u0113rta mobil\u0101 lietotne. J\u016bsu lab\u0101kais ce\u013cojuma sabiedrotais.","breadcrumb":{"@id":"https:\/\/balticoverlanders.eu\/lv\/produkts\/dometic-cfx3-25-mobilais-kompresora-dzesetajs-25-l\/#breadcrumb"},"inLanguage":"lv-LV","potentialAction":[{"@type":"ReadAction","target":["https:\/\/balticoverlanders.eu\/lv\/produkts\/dometic-cfx3-25-mobilais-kompresora-dzesetajs-25-l\/"]}]},{"@type":"ImageObject","inLanguage":"lv-LV","@id":"https:\/\/balticoverlanders.eu\/lv\/produkts\/dometic-cfx3-25-mobilais-kompresora-dzesetajs-25-l\/#primaryimage","url":"https:\/\/balticoverlanders.eu\/wp-content\/uploads\/2024\/02\/cfx3-45-9600025326-p401_lowres.jpg","contentUrl":"https:\/\/balticoverlanders.eu\/wp-content\/uploads\/2024\/02\/cfx3-45-9600025326-p401_lowres.jpg","width":1024,"height":768},{"@type":"BreadcrumbList","@id":"https:\/\/balticoverlanders.eu\/lv\/produkts\/dometic-cfx3-25-mobilais-kompresora-dzesetajs-25-l\/#breadcrumb","itemListElement":[{"@type":"ListItem","position":1,"name":"Home","item":"https:\/\/balticoverlanders.eu\/lv\/"},{"@type":"ListItem","position":2,"name":"Veikals","item":"https:\/\/balticoverlanders.eu\/lv\/veikals\/"},{"@type":"ListItem","position":3,"name":"Dometic CFX3 25 Mobilais kompresora dzes\u0113t\u0101js, 25 l"}]},{"@type":"WebSite","@id":"https:\/\/balticoverlanders.eu\/lv\/#website","url":"https:\/\/balticoverlanders.eu\/lv\/","name":"BALTIC OVERLANDERS","description":"Your one-stop shop in Latvia, Estonia, and Lithuania for all your car camping, rooftop tent and accessory needs.","publisher":{"@id":"https:\/\/balticoverlanders.eu\/lv\/#organization"},"potentialAction":[{"@type":"SearchAction","target":{"@type":"EntryPoint","urlTemplate":"https:\/\/balticoverlanders.eu\/lv\/?s={search_term_string}"},"query-input":{"@type":"PropertyValueSpecification","valueRequired":true,"valueName":"search_term_string"}}],"inLanguage":"lv-LV"},{"@type":"Organization","@id":"https:\/\/balticoverlanders.eu\/lv\/#organization","name":"BALTIC OVERLANDERS","url":"https:\/\/balticoverlanders.eu\/lv\/","logo":{"@type":"ImageObject","inLanguage":"lv-LV","@id":"https:\/\/balticoverlanders.eu\/lv\/#\/schema\/logo\/image\/","url":"https:\/\/balticoverlanders.eu\/wp-content\/uploads\/2023\/04\/BALTIC-OVERLANDERS-LOGO.jpg","contentUrl":"https:\/\/balticoverlanders.eu\/wp-content\/uploads\/2023\/04\/BALTIC-OVERLANDERS-LOGO.jpg","width":1497,"height":310,"caption":"BALTIC OVERLANDERS"},"image":{"@id":"https:\/\/balticoverlanders.eu\/lv\/#\/schema\/logo\/image\/"},"sameAs":["https:\/\/www.instagram.com\/balticoverlanders\/"]}]}},"_links":{"self":[{"href":"https:\/\/balticoverlanders.eu\/lv\/wp-json\/wp\/v2\/product\/39475","targetHints":{"allow":["GET"]}}],"collection":[{"href":"https:\/\/balticoverlanders.eu\/lv\/wp-json\/wp\/v2\/product"}],"about":[{"href":"https:\/\/balticoverlanders.eu\/lv\/wp-json\/wp\/v2\/types\/product"}],"wp:featuredmedia":[{"embeddable":true,"href":"https:\/\/balticoverlanders.eu\/lv\/wp-json\/wp\/v2\/media\/31228"}],"wp:attachment":[{"href":"https:\/\/balticoverlanders.eu\/lv\/wp-json\/wp\/v2\/media?parent=39475"}],"wp:term":[{"taxonomy":"product_brand","embeddable":true,"href":"https:\/\/balticoverlanders.eu\/lv\/wp-json\/wp\/v2\/product_brand?post=39475"},{"taxonomy":"product_cat","embeddable":true,"href":"https:\/\/balticoverlanders.eu\/lv\/wp-json\/wp\/v2\/product_cat?post=39475"},{"taxonomy":"product_tag","embeddable":true,"href":"https:\/\/balticoverlanders.eu\/lv\/wp-json\/wp\/v2\/product_tag?post=39475"}],"curies":[{"name":"wp","href":"https:\/\/api.w.org\/{rel}","templated":true}]}}