{"id":42841,"date":"2024-05-18T11:38:36","date_gmt":"2024-05-18T08:38:36","guid":{"rendered":"https:\/\/balticoverlanders.eu\/product\/wild-land-wild-cruiser-pro-250-jumta-telts\/"},"modified":"2024-06-10T16:49:18","modified_gmt":"2024-06-10T13:49:18","slug":"wild-land-wild-cruiser-pro-250-jumta-telts","status":"publish","type":"product","link":"https:\/\/balticoverlanders.eu\/lv\/produkts\/wild-land-wild-cruiser-pro-250-jumta-telts\/","title":{"rendered":"Wild Land Wild Cruiser PRO 250 jumta telts"},"content":{"rendered":"<p><strong>Wild Land Wild Cruiser PRO 250 jumta telts: J\u016bsu lab\u0101kais \u0123imenes kempinga risin\u0101jums<\/strong><\/p>\n<p><strong>P\u0101rskats<\/strong><\/p>\n<p>Iepaz\u012bstin\u0101m ar Wild Cruiser PRO 250 jumta telti, kas ir komforta, \u0113rt\u012bbas un iztur\u012bbas iemiesojums \u0123imenes kempinga piedz\u012bvojumiem. \u0160\u012b inovat\u012bv\u0101 telts ir paredz\u0113ta l\u012bdz pat se\u0161\u0101m person\u0101m un pied\u0101v\u0101 pla\u0161u 250&#215;200 cm lielu gu\u013camvietu. Tas ir ide\u0101li piem\u0113rots liel\u0101kiem transportl\u012bdzek\u013ciem un ir lielisks sabiedrotais ce\u013cojumiem visu sezonu laik\u0101, nodro\u0161inot izcilu komfortu un \u0113rtu lieto\u0161anu.<\/p>\n<p><strong>Galven\u0101s funkcijas<\/strong><\/p>\n<ul>\n<li><strong>Pla\u0161s un \u0113rts dizains:<\/strong> Telts izstiepjas \u0101rpus transportl\u012bdzek\u013ca apris\u0113m, radot pla\u0161u telpu gul\u0113\u0161anai un aktivit\u0101t\u0113m. T\u0101 uzst\u0101d\u012b\u0161anas laiks ir \u012bs\u0101ks par vienu min\u016bti, t\u0101p\u0113c varat pavad\u012bt vair\u0101k laika, baudot piedz\u012bvojumus.<\/li>\n<li><strong>Panor\u0101mas skati:<\/strong> Lielie panor\u0101mas logi no vis\u0101m pus\u0113m \u013cauj jums sazin\u0101ties ar dabu, pied\u0101v\u0101jot satrieco\u0161us skatus un bag\u0101t\u012bgu dabisko gaismu.<\/li>\n<li><strong>Uzlabots komforts:<\/strong> PRO versij\u0101 ir izol\u0113ts galvas segums, kas nodro\u0161ina lielisku termisko komfortu jebkuros laika apst\u0101k\u013cos, k\u0101 ar\u012b integr\u0113ts LED lentes apgaismojums, kas rada m\u0101j\u012bgu atmosf\u0113ru.<\/li>\n<li><strong>Komforts un \u0113rt\u012bbas<\/strong><\/li>\n<li><strong>Pla\u0161a uzglab\u0101\u0161anas vieta:<\/strong> Telts iek\u0161pus\u0113 ir papildu uzglab\u0101\u0161anas vietas un kabatas, kas pal\u012bdz uztur\u0113t j\u016bsu mantas sak\u0101rtotas un viegli pieejamas.<\/li>\n<li><strong>\u0112rta gul\u0113\u0161ana:<\/strong> Telts ir apr\u012bkota ar 8 cm biezu matraci bez \u0161uv\u0113m, kas nodro\u0161ina nep\u0101rsp\u0113jamu komfortu mier\u012bgam miegam.<\/li>\n<li><strong>Lieliska ventil\u0101cija:<\/strong> Telts konstrukcija nodro\u0161ina pietiekamu gaisa cirkul\u0101ciju, un t\u0101s priek\u0161\u0113j\u0101 da\u013c\u0101 un priek\u0161\u0113j\u0101 da\u013c\u0101 ir papildu ventil\u0101cijas atveres, kas nov\u0113r\u0161 kondens\u0101ta veido\u0161anos.<\/li>\n<li><strong>Iztur\u012bba pret laikapst\u0101k\u013ciem:<\/strong> r\u0101mja konstrukcija nodro\u0161ina ventil\u0101ciju pat tad, ja telts ir aizv\u0113rta lietus laik\u0101, nodro\u0161inot sausu un \u0113rtu iek\u0161telpu.<\/li>\n<\/ul>\n<p><strong>Papildu funkcijas<\/strong><\/p>\n<ul>\n<li><strong>Daudzfunkcion\u0101la telpa:<\/strong> Telts laukumu zem telts var izmantot galda uzst\u0101d\u012b\u0161anai, \u0113diena gatavo\u0161anai un kop\u012bg\u0101m aktivit\u0101t\u0113m, padarot to par daudzpus\u012bgu kempinga risin\u0101jumu.<\/li>\n<li><strong>No\u0146emami elementi:<\/strong> Katrs telts elements ir piln\u012bb\u0101 no\u0146emams, lai to var\u0113tu viegli t\u012br\u012bt un uztur\u0113t. Matra\u010da p\u0101rvalku var mazg\u0101t, un materi\u0101lu var impregn\u0113t, lai pagarin\u0101tu t\u0101 kalpo\u0161anas laiku.<\/li>\n<li><strong>P\u0113cgarantijas apkalpo\u0161ana:<\/strong> Pat p\u0113c 2 gadu garantijas perioda beig\u0101m varat pa\u013cauties uz m\u016bsu p\u0113cgarantijas servisu, jo liel\u0101k\u0101 da\u013ca rezerves da\u013cu ir viegli pieejamas.<\/li>\n<li><strong>Papildu piederumi:<\/strong> Papildapr\u012bkojums: Uzlabojiet savu kempinga pieredzi ar papildu piederumiem, piem\u0113ram, \u012bpa\u0161u izol\u0101ciju, vestibilu, kas sniedzas \u0101rpus automa\u0161\u012bnas kont\u016bras, vai univers\u0101lu vestibilu \/ nojumi.<\/li>\n<\/ul>\n<p><strong>K\u0101p\u0113c izv\u0113l\u0113ties Wild Land Wild Cruiser PRO 250?<\/strong><\/p>\n<p>Atp\u016btieties br\u012bv\u0101 dab\u0101 ar Wild Cruiser PRO 250 jumta telti. T\u0101 \u0123imenei draudz\u012bgais dizains, \u0101tr\u0101 uzst\u0101d\u012b\u0161ana un iztur\u012bg\u0101s funkcijas padara to par vispiem\u0113rot\u0101ko izv\u0113li jebkuram kempinga piedz\u012bvojumam. Neatkar\u012bgi no t\u0101, vai esat devies izp\u0113t\u012bt saulainas pludmales vai sniegotus kalnus, Wild Cruiser PRO 250 nodro\u0161ina \u0113rtu un neaizmirstamu pieredzi visai \u0123imenei.<\/p>\n<p><strong>Dodieties n\u0101kamaj\u0101 piedz\u012bvojum\u0101 ar Wild Cruiser PRO 250 jumta telti, kur\u0101 \u0123imenes komforts apvienojas ar izcilu iztur\u012bbu, padarot katru ce\u013cojumu neaizmirstamu.<\/strong><\/p>\n","protected":false},"excerpt":{"rendered":"<p>Pieejama \u0123imenes soft shell jumta telts. Jaunajai PRO versijai ir izol\u0113ts priek\u0161\u0113jais p\u0101rsegs, kas nodro\u0161ina lab\u0101ku termisko komfortu karst\u0101s dien\u0101s un aukst\u0101k\u0101 sezon\u0101, LED gaisma iek\u0161pus\u0113, no Cordura izgatavots p\u0101rsegs, kas atvieglo salik\u0161anu Komplekt\u0101 ar teleskopiskaj\u0101m k\u0101pn\u0113m l\u012bdz 230 cm garum\u0101, matracis, apavu kabatas, 2 papildu k\u0101jas telts atbalstam un izl\u012bdzin\u0101\u0161anai, LED gaisma iek\u0161pus\u0113, mont\u0101\u017eas komplekts un instrukcija.<\/p>\n","protected":false},"featured_media":42408,"template":"","meta":[],"product_brand":[],"product_cat":[315,490],"product_tag":[],"class_list":{"0":"post-42841","1":"product","2":"type-product","3":"status-publish","4":"has-post-thumbnail","6":"product_cat-jumta-teltis","7":"product_cat-wilnd-land-lv","9":"first","10":"onbackorder","11":"taxable","12":"shipping-taxable","13":"purchasable","14":"product-type-simple"},"yoast_head":"<!-- This site is optimized with the Yoast SEO plugin v27.3 - https:\/\/yoast.com\/product\/yoast-seo-wordpress\/ -->\n<title>Wild Land Wild Cruiser PRO 250 jumta telts - BALTIC OVERLANDERS<\/title>\n<meta name=\"description\" content=\"Pieejama \u0123imenes soft shell jumta telts ar izol\u0113tu jumta p\u0101rsegu, LED apgaismojumu, iztur\u012bgu Cordura p\u0101rkl\u0101jumu, teleskopisk\u0101m k\u0101pn\u0113m, matraci, apavu kabat\u0101m, atbalsta k\u0101j\u0101m un mont\u0101\u017eas komplektu.\" \/>\n<meta name=\"robots\" content=\"index, follow, max-snippet:-1, max-image-preview:large, max-video-preview:-1\" \/>\n<link rel=\"canonical\" href=\"https:\/\/balticoverlanders.eu\/lv\/produkts\/wild-land-wild-cruiser-pro-250-jumta-telts\/\" \/>\n<meta property=\"og:locale\" content=\"lv_LV\" \/>\n<meta property=\"og:type\" content=\"article\" \/>\n<meta property=\"og:title\" content=\"Wild Land Wild Cruiser PRO 250 jumta telts - BALTIC OVERLANDERS\" \/>\n<meta property=\"og:description\" content=\"Pieejama \u0123imenes soft shell jumta telts ar izol\u0113tu jumta p\u0101rsegu, LED apgaismojumu, iztur\u012bgu Cordura p\u0101rkl\u0101jumu, teleskopisk\u0101m k\u0101pn\u0113m, matraci, apavu kabat\u0101m, atbalsta k\u0101j\u0101m un mont\u0101\u017eas komplektu.\" \/>\n<meta property=\"og:url\" content=\"https:\/\/balticoverlanders.eu\/lv\/produkts\/wild-land-wild-cruiser-pro-250-jumta-telts\/\" \/>\n<meta property=\"og:site_name\" content=\"BALTIC OVERLANDERS\" \/>\n<meta property=\"article:modified_time\" content=\"2024-06-10T13:49:18+00:00\" \/>\n<meta property=\"og:image\" content=\"https:\/\/balticoverlanders.eu\/wp-content\/uploads\/2024\/05\/namiot-dachowy-Wild-Cruiser-PRO-250-rozlozony-na-Wranglerze-widok-z-tylu-auta.jpg\" \/>\n\t<meta property=\"og:image:width\" content=\"1500\" \/>\n\t<meta property=\"og:image:height\" content=\"1000\" \/>\n\t<meta property=\"og:image:type\" content=\"image\/jpeg\" \/>\n<meta name=\"twitter:card\" content=\"summary_large_image\" \/>\n<meta name=\"twitter:label1\" content=\"Est. reading time\" \/>\n\t<meta name=\"twitter:data1\" content=\"2 minutes\" \/>\n<script type=\"application\/ld+json\" class=\"yoast-schema-graph\">{\"@context\":\"https:\\\/\\\/schema.org\",\"@graph\":[{\"@type\":\"WebPage\",\"@id\":\"https:\\\/\\\/balticoverlanders.eu\\\/lv\\\/produkts\\\/wild-land-wild-cruiser-pro-250-jumta-telts\\\/\",\"url\":\"https:\\\/\\\/balticoverlanders.eu\\\/lv\\\/produkts\\\/wild-land-wild-cruiser-pro-250-jumta-telts\\\/\",\"name\":\"Wild Land Wild Cruiser PRO 250 jumta telts - BALTIC OVERLANDERS\",\"isPartOf\":{\"@id\":\"https:\\\/\\\/balticoverlanders.eu\\\/lv\\\/#website\"},\"primaryImageOfPage\":{\"@id\":\"https:\\\/\\\/balticoverlanders.eu\\\/lv\\\/produkts\\\/wild-land-wild-cruiser-pro-250-jumta-telts\\\/#primaryimage\"},\"image\":{\"@id\":\"https:\\\/\\\/balticoverlanders.eu\\\/lv\\\/produkts\\\/wild-land-wild-cruiser-pro-250-jumta-telts\\\/#primaryimage\"},\"thumbnailUrl\":\"https:\\\/\\\/balticoverlanders.eu\\\/wp-content\\\/uploads\\\/2024\\\/05\\\/namiot-dachowy-Wild-Cruiser-PRO-250-rozlozony-na-Wranglerze-widok-z-tylu-auta.jpg\",\"datePublished\":\"2024-05-18T08:38:36+00:00\",\"dateModified\":\"2024-06-10T13:49:18+00:00\",\"description\":\"Pieejama \u0123imenes soft shell jumta telts ar izol\u0113tu jumta p\u0101rsegu, LED apgaismojumu, iztur\u012bgu Cordura p\u0101rkl\u0101jumu, teleskopisk\u0101m k\u0101pn\u0113m, matraci, apavu kabat\u0101m, atbalsta k\u0101j\u0101m un mont\u0101\u017eas komplektu.\",\"breadcrumb\":{\"@id\":\"https:\\\/\\\/balticoverlanders.eu\\\/lv\\\/produkts\\\/wild-land-wild-cruiser-pro-250-jumta-telts\\\/#breadcrumb\"},\"inLanguage\":\"lv-LV\",\"potentialAction\":[{\"@type\":\"ReadAction\",\"target\":[\"https:\\\/\\\/balticoverlanders.eu\\\/lv\\\/produkts\\\/wild-land-wild-cruiser-pro-250-jumta-telts\\\/\"]}]},{\"@type\":\"ImageObject\",\"inLanguage\":\"lv-LV\",\"@id\":\"https:\\\/\\\/balticoverlanders.eu\\\/lv\\\/produkts\\\/wild-land-wild-cruiser-pro-250-jumta-telts\\\/#primaryimage\",\"url\":\"https:\\\/\\\/balticoverlanders.eu\\\/wp-content\\\/uploads\\\/2024\\\/05\\\/namiot-dachowy-Wild-Cruiser-PRO-250-rozlozony-na-Wranglerze-widok-z-tylu-auta.jpg\",\"contentUrl\":\"https:\\\/\\\/balticoverlanders.eu\\\/wp-content\\\/uploads\\\/2024\\\/05\\\/namiot-dachowy-Wild-Cruiser-PRO-250-rozlozony-na-Wranglerze-widok-z-tylu-auta.jpg\",\"width\":1500,\"height\":1000},{\"@type\":\"BreadcrumbList\",\"@id\":\"https:\\\/\\\/balticoverlanders.eu\\\/lv\\\/produkts\\\/wild-land-wild-cruiser-pro-250-jumta-telts\\\/#breadcrumb\",\"itemListElement\":[{\"@type\":\"ListItem\",\"position\":1,\"name\":\"Home\",\"item\":\"https:\\\/\\\/balticoverlanders.eu\\\/lv\\\/\"},{\"@type\":\"ListItem\",\"position\":2,\"name\":\"Veikals\",\"item\":\"https:\\\/\\\/balticoverlanders.eu\\\/lv\\\/veikals\\\/\"},{\"@type\":\"ListItem\",\"position\":3,\"name\":\"Wild Land Wild Cruiser PRO 250 jumta telts\"}]},{\"@type\":\"WebSite\",\"@id\":\"https:\\\/\\\/balticoverlanders.eu\\\/lv\\\/#website\",\"url\":\"https:\\\/\\\/balticoverlanders.eu\\\/lv\\\/\",\"name\":\"BALTIC OVERLANDERS\",\"description\":\"Your one-stop shop in Latvia, Estonia, and Lithuania for all your car camping, rooftop tent and accessory needs.\",\"publisher\":{\"@id\":\"https:\\\/\\\/balticoverlanders.eu\\\/lv\\\/#organization\"},\"potentialAction\":[{\"@type\":\"SearchAction\",\"target\":{\"@type\":\"EntryPoint\",\"urlTemplate\":\"https:\\\/\\\/balticoverlanders.eu\\\/lv\\\/?s={search_term_string}\"},\"query-input\":{\"@type\":\"PropertyValueSpecification\",\"valueRequired\":true,\"valueName\":\"search_term_string\"}}],\"inLanguage\":\"lv-LV\"},{\"@type\":\"Organization\",\"@id\":\"https:\\\/\\\/balticoverlanders.eu\\\/lv\\\/#organization\",\"name\":\"BALTIC OVERLANDERS\",\"url\":\"https:\\\/\\\/balticoverlanders.eu\\\/lv\\\/\",\"logo\":{\"@type\":\"ImageObject\",\"inLanguage\":\"lv-LV\",\"@id\":\"https:\\\/\\\/balticoverlanders.eu\\\/lv\\\/#\\\/schema\\\/logo\\\/image\\\/\",\"url\":\"https:\\\/\\\/balticoverlanders.eu\\\/wp-content\\\/uploads\\\/2023\\\/04\\\/BALTIC-OVERLANDERS-LOGO.jpg\",\"contentUrl\":\"https:\\\/\\\/balticoverlanders.eu\\\/wp-content\\\/uploads\\\/2023\\\/04\\\/BALTIC-OVERLANDERS-LOGO.jpg\",\"width\":1497,\"height\":310,\"caption\":\"BALTIC OVERLANDERS\"},\"image\":{\"@id\":\"https:\\\/\\\/balticoverlanders.eu\\\/lv\\\/#\\\/schema\\\/logo\\\/image\\\/\"},\"sameAs\":[\"https:\\\/\\\/www.instagram.com\\\/balticoverlanders\\\/\"]}]}<\/script>\n<!-- \/ Yoast SEO plugin. -->","yoast_head_json":{"title":"Wild Land Wild Cruiser PRO 250 jumta telts - BALTIC OVERLANDERS","description":"Pieejama \u0123imenes soft shell jumta telts ar izol\u0113tu jumta p\u0101rsegu, LED apgaismojumu, iztur\u012bgu Cordura p\u0101rkl\u0101jumu, teleskopisk\u0101m k\u0101pn\u0113m, matraci, apavu kabat\u0101m, atbalsta k\u0101j\u0101m un mont\u0101\u017eas komplektu.","robots":{"index":"index","follow":"follow","max-snippet":"max-snippet:-1","max-image-preview":"max-image-preview:large","max-video-preview":"max-video-preview:-1"},"canonical":"https:\/\/balticoverlanders.eu\/lv\/produkts\/wild-land-wild-cruiser-pro-250-jumta-telts\/","og_locale":"lv_LV","og_type":"article","og_title":"Wild Land Wild Cruiser PRO 250 jumta telts - BALTIC OVERLANDERS","og_description":"Pieejama \u0123imenes soft shell jumta telts ar izol\u0113tu jumta p\u0101rsegu, LED apgaismojumu, iztur\u012bgu Cordura p\u0101rkl\u0101jumu, teleskopisk\u0101m k\u0101pn\u0113m, matraci, apavu kabat\u0101m, atbalsta k\u0101j\u0101m un mont\u0101\u017eas komplektu.","og_url":"https:\/\/balticoverlanders.eu\/lv\/produkts\/wild-land-wild-cruiser-pro-250-jumta-telts\/","og_site_name":"BALTIC OVERLANDERS","article_modified_time":"2024-06-10T13:49:18+00:00","og_image":[{"width":1500,"height":1000,"url":"https:\/\/balticoverlanders.eu\/wp-content\/uploads\/2024\/05\/namiot-dachowy-Wild-Cruiser-PRO-250-rozlozony-na-Wranglerze-widok-z-tylu-auta.jpg","type":"image\/jpeg"}],"twitter_card":"summary_large_image","twitter_misc":{"Est. reading time":"2 minutes"},"schema":{"@context":"https:\/\/schema.org","@graph":[{"@type":"WebPage","@id":"https:\/\/balticoverlanders.eu\/lv\/produkts\/wild-land-wild-cruiser-pro-250-jumta-telts\/","url":"https:\/\/balticoverlanders.eu\/lv\/produkts\/wild-land-wild-cruiser-pro-250-jumta-telts\/","name":"Wild Land Wild Cruiser PRO 250 jumta telts - BALTIC OVERLANDERS","isPartOf":{"@id":"https:\/\/balticoverlanders.eu\/lv\/#website"},"primaryImageOfPage":{"@id":"https:\/\/balticoverlanders.eu\/lv\/produkts\/wild-land-wild-cruiser-pro-250-jumta-telts\/#primaryimage"},"image":{"@id":"https:\/\/balticoverlanders.eu\/lv\/produkts\/wild-land-wild-cruiser-pro-250-jumta-telts\/#primaryimage"},"thumbnailUrl":"https:\/\/balticoverlanders.eu\/wp-content\/uploads\/2024\/05\/namiot-dachowy-Wild-Cruiser-PRO-250-rozlozony-na-Wranglerze-widok-z-tylu-auta.jpg","datePublished":"2024-05-18T08:38:36+00:00","dateModified":"2024-06-10T13:49:18+00:00","description":"Pieejama \u0123imenes soft shell jumta telts ar izol\u0113tu jumta p\u0101rsegu, LED apgaismojumu, iztur\u012bgu Cordura p\u0101rkl\u0101jumu, teleskopisk\u0101m k\u0101pn\u0113m, matraci, apavu kabat\u0101m, atbalsta k\u0101j\u0101m un mont\u0101\u017eas komplektu.","breadcrumb":{"@id":"https:\/\/balticoverlanders.eu\/lv\/produkts\/wild-land-wild-cruiser-pro-250-jumta-telts\/#breadcrumb"},"inLanguage":"lv-LV","potentialAction":[{"@type":"ReadAction","target":["https:\/\/balticoverlanders.eu\/lv\/produkts\/wild-land-wild-cruiser-pro-250-jumta-telts\/"]}]},{"@type":"ImageObject","inLanguage":"lv-LV","@id":"https:\/\/balticoverlanders.eu\/lv\/produkts\/wild-land-wild-cruiser-pro-250-jumta-telts\/#primaryimage","url":"https:\/\/balticoverlanders.eu\/wp-content\/uploads\/2024\/05\/namiot-dachowy-Wild-Cruiser-PRO-250-rozlozony-na-Wranglerze-widok-z-tylu-auta.jpg","contentUrl":"https:\/\/balticoverlanders.eu\/wp-content\/uploads\/2024\/05\/namiot-dachowy-Wild-Cruiser-PRO-250-rozlozony-na-Wranglerze-widok-z-tylu-auta.jpg","width":1500,"height":1000},{"@type":"BreadcrumbList","@id":"https:\/\/balticoverlanders.eu\/lv\/produkts\/wild-land-wild-cruiser-pro-250-jumta-telts\/#breadcrumb","itemListElement":[{"@type":"ListItem","position":1,"name":"Home","item":"https:\/\/balticoverlanders.eu\/lv\/"},{"@type":"ListItem","position":2,"name":"Veikals","item":"https:\/\/balticoverlanders.eu\/lv\/veikals\/"},{"@type":"ListItem","position":3,"name":"Wild Land Wild Cruiser PRO 250 jumta telts"}]},{"@type":"WebSite","@id":"https:\/\/balticoverlanders.eu\/lv\/#website","url":"https:\/\/balticoverlanders.eu\/lv\/","name":"BALTIC OVERLANDERS","description":"Your one-stop shop in Latvia, Estonia, and Lithuania for all your car camping, rooftop tent and accessory needs.","publisher":{"@id":"https:\/\/balticoverlanders.eu\/lv\/#organization"},"potentialAction":[{"@type":"SearchAction","target":{"@type":"EntryPoint","urlTemplate":"https:\/\/balticoverlanders.eu\/lv\/?s={search_term_string}"},"query-input":{"@type":"PropertyValueSpecification","valueRequired":true,"valueName":"search_term_string"}}],"inLanguage":"lv-LV"},{"@type":"Organization","@id":"https:\/\/balticoverlanders.eu\/lv\/#organization","name":"BALTIC OVERLANDERS","url":"https:\/\/balticoverlanders.eu\/lv\/","logo":{"@type":"ImageObject","inLanguage":"lv-LV","@id":"https:\/\/balticoverlanders.eu\/lv\/#\/schema\/logo\/image\/","url":"https:\/\/balticoverlanders.eu\/wp-content\/uploads\/2023\/04\/BALTIC-OVERLANDERS-LOGO.jpg","contentUrl":"https:\/\/balticoverlanders.eu\/wp-content\/uploads\/2023\/04\/BALTIC-OVERLANDERS-LOGO.jpg","width":1497,"height":310,"caption":"BALTIC OVERLANDERS"},"image":{"@id":"https:\/\/balticoverlanders.eu\/lv\/#\/schema\/logo\/image\/"},"sameAs":["https:\/\/www.instagram.com\/balticoverlanders\/"]}]}},"_links":{"self":[{"href":"https:\/\/balticoverlanders.eu\/lv\/wp-json\/wp\/v2\/product\/42841","targetHints":{"allow":["GET"]}}],"collection":[{"href":"https:\/\/balticoverlanders.eu\/lv\/wp-json\/wp\/v2\/product"}],"about":[{"href":"https:\/\/balticoverlanders.eu\/lv\/wp-json\/wp\/v2\/types\/product"}],"wp:featuredmedia":[{"embeddable":true,"href":"https:\/\/balticoverlanders.eu\/lv\/wp-json\/wp\/v2\/media\/42408"}],"wp:attachment":[{"href":"https:\/\/balticoverlanders.eu\/lv\/wp-json\/wp\/v2\/media?parent=42841"}],"wp:term":[{"taxonomy":"product_brand","embeddable":true,"href":"https:\/\/balticoverlanders.eu\/lv\/wp-json\/wp\/v2\/product_brand?post=42841"},{"taxonomy":"product_cat","embeddable":true,"href":"https:\/\/balticoverlanders.eu\/lv\/wp-json\/wp\/v2\/product_cat?post=42841"},{"taxonomy":"product_tag","embeddable":true,"href":"https:\/\/balticoverlanders.eu\/lv\/wp-json\/wp\/v2\/product_tag?post=42841"}],"curies":[{"name":"wp","href":"https:\/\/api.w.org\/{rel}","templated":true}]}}