{"id":42842,"date":"2024-05-18T11:25:32","date_gmt":"2024-05-18T08:25:32","guid":{"rendered":"https:\/\/balticoverlanders.eu\/product\/wild-land-lite-cruiser-120-jumta-telts\/"},"modified":"2024-05-20T15:31:09","modified_gmt":"2024-05-20T12:31:09","slug":"wild-land-lite-cruiser-120-jumta-telts","status":"publish","type":"product","link":"https:\/\/balticoverlanders.eu\/lv\/produkts\/wild-land-lite-cruiser-120-jumta-telts\/","title":{"rendered":"Wild Land Lite Cruiser 120 jumta telts"},"content":{"rendered":"<h2>Wild Land Lite Cruiser 120 jumta telts: Tavs galvenais ce\u013cojuma sabiedrotais<\/h2>\n<h3>P\u0101rskats<\/h3>\n<p>Iepaz\u012bstin\u0101m ar Lite Cruiser 120 jumta telti, kas ir ide\u0101ls risin\u0101jums tiem, kuri mekl\u0113 piedz\u012bvojumus, neapdraudot komfortu. \u0160\u012b novatorisk\u0101 telts ir izstr\u0101d\u0101ta t\u0101, lai ietilptu pat maz\u0101kaj\u0101s automa\u0161\u012bn\u0101s, un saloc\u012bta t\u0101 ir kompakta, bet uzcelta \u2013 ietilp\u012bga un iztur\u012bga. Tas ir ide\u0101li piem\u0113rots diviem cilv\u0113kiem, un tas ir j\u016bsu risin\u0101jums, lai kempings b\u016btu bez probl\u0113m\u0101m.<\/p>\n<h3>Galven\u0101s funkcijas<\/h3>\n<p><strong>Kompakts un viegls dizains<\/strong>:<\/p>\n<ul>\n<li><strong>Izm\u0113ri<\/strong>: Saloc\u012bt\u0101s telts izm\u0113ri: tikai 110 cm plata, 125 cm gara un 30 cm augsta.<\/li>\n<li><strong>Svars<\/strong>: Viegla alum\u012bnija konstrukcija, kas kop\u0101 ar k\u0101pn\u0113m sver tikai 39 kg.<\/li>\n<\/ul>\n<p><strong>Iztur\u012bga konstrukcija<\/strong>:<\/p>\n<ul>\n<li>Izgatavots no 600D Rip-Stop Polycotton PU 2000 mm polietil\u0113na mais\u012bjuma galvenajai da\u013cai un 210D Rip-Stop Polyoxford PU 3000 mm salta p\u0101rvalka, kas p\u0101rkl\u0101ts ar UPF50+ saules gaismas aizsargsl\u0101ni.<\/li>\n<\/ul>\n<p><strong>\u0100tra iestat\u012b\u0161ana<\/strong>:<\/p>\n<ul>\n<li>Izvelkams maz\u0101k nek\u0101 min\u016bt\u0113 un pied\u0101v\u0101 120\u00d7215 cm lielu gu\u013camvietu.<\/li>\n<li>Matracis ir vienots, nedal\u012bts gabals, kas nodro\u0161ina maksim\u0101lu komfortu.<\/li>\n<\/ul>\n<h3>Komforts un \u0113rt\u012bbas<\/h3>\n<p><strong>Panor\u0101mas logi<\/strong>:<\/p>\n<ul>\n<li>Izbaudiet dabu ar panor\u0101mas logiem, kurus lietus laik\u0101 var aizv\u0113rt, lai nov\u0113rstu \u016bdens iek\u013c\u016b\u0161anu.<\/li>\n<li>L\u012bm\u0113tas \u0161uves un p\u0101rvietots telts p\u0101rsega r\u0101v\u0113jsl\u0113dz\u0113js nodro\u0161ina \u016bdensnecaurlaid\u012bbu, bet \u012bpa\u0161i veidot\u0101 p\u0101rsega v\u0101ks novada \u016bdeni gar \u0101r\u0113j\u0101m sien\u0101m k\u0101 notekas.<\/li>\n<\/ul>\n<p><strong>Ventil\u0101cija<\/strong>:<\/p>\n<ul>\n<li>Atbilsto\u0161a gaisa cirkul\u0101cija ar papildu ventil\u0101cijas atveri iek\u0161pus\u0113, lai nov\u0113rstu kondens\u0101ciju.<\/li>\n<li>Iek\u0161\u0113j\u0101s kabat\u0101s var glab\u0101t s\u012bkus priek\u0161metus, piem\u0113ram, brilles vai mobilo t\u0101lruni.<\/li>\n<\/ul>\n<p><strong>\u0112rts matracis<\/strong>:<\/p>\n<ul>\n<li>Nodro\u0161ina nep\u0101rtrauktu gul\u0113\u0161anu ar vienu, nedal\u012btu matraci, kas nodro\u0161ina papildu komfortu.<\/li>\n<\/ul>\n<h3>Papildu funkcijas<\/h3>\n<p><strong>Iztur\u012bgs pret laikapst\u0101k\u013ciem<\/strong>:<\/p>\n<ul>\n<li>Telts materi\u0101li un konstrukcija ir izstr\u0101d\u0101ta t\u0101, lai iztur\u0113tu da\u017e\u0101dus laikapst\u0101k\u013cus, nodro\u0161inot iztur\u012bbu un komfortu visa gada garum\u0101.<\/li>\n<\/ul>\n<p><strong>Viegla uzglab\u0101\u0161ana un apkope<\/strong>:<\/p>\n<ul>\n<li>No\u0146emamas un uzglab\u0101jamas k\u0101pnes telt\u012b vai automa\u0161\u012bn\u0101.<\/li>\n<li>No\u0146emami elementi \u0113rtai t\u012br\u012b\u0161anai un apkopei.<\/li>\n<\/ul>\n<h3>K\u0101p\u0113c izv\u0113l\u0113ties Lite Cruiser 120?<\/h3>\n<p>Ar Lite Cruiser 120 jumta telti izbaudiet dabu k\u0101 v\u0113l nekad agr\u0101k. T\u0101 iztur\u012bg\u0101 konstrukcija, \u0101tra uzst\u0101d\u012b\u0161ana un funkcijas jebkuros laikapst\u0101k\u013cos padara to par lielisku pal\u012bgu jebkuram piedz\u012bvojumam. Neatkar\u012bgi no t\u0101, vai kempingojat vasar\u0101 vai izbraucat sniegotas ainavas, Lite Cruiser 120 nodro\u0161ina \u0113rtu un \u0113rtu atp\u016btu.<\/p>\n<p>Pie\u013caujiet piedz\u012bvojumu garu ar Lite Cruiser 120 jumta telti \u2013 kur komforts satiekas ar iztur\u012bbu, un katrs ce\u013cojums k\u013c\u016bst neaizmirstams.<\/p>\n","protected":false},"excerpt":{"rendered":"<p>\u012apa\u0161i viegla un pieejama m\u012bkst\u0101 jumta telts, kompakta izm\u0113ra telts visiem mazajiem automobi\u013ciem ar svaru tikai 39 kg, lab\u0101kais p\u0101rdev\u0113js vienatn\u0113 dz\u012bvojo\u0161iem un jauniem p\u0101riem Komplekt\u0101 ar teleskopiskaj\u0101m k\u0101pn\u0113m l\u012bdz 230 cm garum\u0101, matraci, apavu kabat\u0101m, LED apgaismojumu iek\u0161pus\u0113, mont\u0101\u017eas komplektu un instrukciju.<\/p>\n","protected":false},"featured_media":42371,"template":"","meta":[],"product_brand":[],"product_cat":[315,490],"product_tag":[],"class_list":{"0":"post-42842","1":"product","2":"type-product","3":"status-publish","4":"has-post-thumbnail","6":"product_cat-jumta-teltis","7":"product_cat-wilnd-land-lv","9":"first","10":"onbackorder","11":"taxable","12":"shipping-taxable","13":"purchasable","14":"product-type-simple"},"yoast_head":"<!-- This site is optimized with the Yoast SEO plugin v27.5 - https:\/\/yoast.com\/product\/yoast-seo-wordpress\/ -->\n<title>Wild Land Lite Cruiser 120 jumta telts - BALTIC OVERLANDERS<\/title>\n<meta name=\"description\" content=\"Atkl\u0101jiet m\u016bsu \u012bpa\u0161i vieglo, pieejamo m\u012bksto jumta telti maziem automobi\u013ciem, kas sver tikai 39 kg. Lieliski piem\u0113rots viendzimuma cilv\u0113kiem un jauniem p\u0101riem. Komplekt\u0101 ietilpst k\u0101pnes, matracis, LED gaisma un mont\u0101\u017eas komplekts.\" \/>\n<meta name=\"robots\" content=\"index, follow, max-snippet:-1, max-image-preview:large, max-video-preview:-1\" \/>\n<link rel=\"canonical\" href=\"https:\/\/balticoverlanders.eu\/lv\/produkts\/wild-land-lite-cruiser-120-jumta-telts\/\" \/>\n<meta property=\"og:locale\" content=\"lv_LV\" \/>\n<meta property=\"og:type\" content=\"article\" \/>\n<meta property=\"og:title\" content=\"Wild Land Lite Cruiser 120 jumta telts - BALTIC OVERLANDERS\" \/>\n<meta property=\"og:description\" content=\"Atkl\u0101jiet m\u016bsu \u012bpa\u0161i vieglo, pieejamo m\u012bksto jumta telti maziem automobi\u013ciem, kas sver tikai 39 kg. Lieliski piem\u0113rots viendzimuma cilv\u0113kiem un jauniem p\u0101riem. Komplekt\u0101 ietilpst k\u0101pnes, matracis, LED gaisma un mont\u0101\u017eas komplekts.\" \/>\n<meta property=\"og:url\" content=\"https:\/\/balticoverlanders.eu\/lv\/produkts\/wild-land-lite-cruiser-120-jumta-telts\/\" \/>\n<meta property=\"og:site_name\" content=\"BALTIC OVERLANDERS\" \/>\n<meta property=\"article:modified_time\" content=\"2024-05-20T12:31:09+00:00\" \/>\n<meta property=\"og:image\" content=\"https:\/\/balticoverlanders.eu\/wp-content\/uploads\/2024\/05\/namiot-dachowy-Lite-Cruiser-rozlozony-z-otwartymi-oknami-rozlozony-stolik-i-krzesla-VW-Golf-Hatchback-poziom.jpg\" \/>\n\t<meta property=\"og:image:width\" content=\"1681\" \/>\n\t<meta property=\"og:image:height\" content=\"1000\" \/>\n\t<meta property=\"og:image:type\" content=\"image\/jpeg\" \/>\n<meta name=\"twitter:card\" content=\"summary_large_image\" \/>\n<meta name=\"twitter:label1\" content=\"Est. reading time\" \/>\n\t<meta name=\"twitter:data1\" content=\"2 minutes\" \/>\n<script type=\"application\/ld+json\" class=\"yoast-schema-graph\">{\"@context\":\"https:\\\/\\\/schema.org\",\"@graph\":[{\"@type\":\"WebPage\",\"@id\":\"https:\\\/\\\/balticoverlanders.eu\\\/lv\\\/produkts\\\/wild-land-lite-cruiser-120-jumta-telts\\\/\",\"url\":\"https:\\\/\\\/balticoverlanders.eu\\\/lv\\\/produkts\\\/wild-land-lite-cruiser-120-jumta-telts\\\/\",\"name\":\"Wild Land Lite Cruiser 120 jumta telts - BALTIC OVERLANDERS\",\"isPartOf\":{\"@id\":\"https:\\\/\\\/balticoverlanders.eu\\\/lv\\\/#website\"},\"primaryImageOfPage\":{\"@id\":\"https:\\\/\\\/balticoverlanders.eu\\\/lv\\\/produkts\\\/wild-land-lite-cruiser-120-jumta-telts\\\/#primaryimage\"},\"image\":{\"@id\":\"https:\\\/\\\/balticoverlanders.eu\\\/lv\\\/produkts\\\/wild-land-lite-cruiser-120-jumta-telts\\\/#primaryimage\"},\"thumbnailUrl\":\"https:\\\/\\\/balticoverlanders.eu\\\/wp-content\\\/uploads\\\/2024\\\/05\\\/namiot-dachowy-Lite-Cruiser-rozlozony-z-otwartymi-oknami-rozlozony-stolik-i-krzesla-VW-Golf-Hatchback-poziom.jpg\",\"datePublished\":\"2024-05-18T08:25:32+00:00\",\"dateModified\":\"2024-05-20T12:31:09+00:00\",\"description\":\"Atkl\u0101jiet m\u016bsu \u012bpa\u0161i vieglo, pieejamo m\u012bksto jumta telti maziem automobi\u013ciem, kas sver tikai 39 kg. Lieliski piem\u0113rots viendzimuma cilv\u0113kiem un jauniem p\u0101riem. Komplekt\u0101 ietilpst k\u0101pnes, matracis, LED gaisma un mont\u0101\u017eas komplekts.\",\"breadcrumb\":{\"@id\":\"https:\\\/\\\/balticoverlanders.eu\\\/lv\\\/produkts\\\/wild-land-lite-cruiser-120-jumta-telts\\\/#breadcrumb\"},\"inLanguage\":\"lv-LV\",\"potentialAction\":[{\"@type\":\"ReadAction\",\"target\":[\"https:\\\/\\\/balticoverlanders.eu\\\/lv\\\/produkts\\\/wild-land-lite-cruiser-120-jumta-telts\\\/\"]}]},{\"@type\":\"ImageObject\",\"inLanguage\":\"lv-LV\",\"@id\":\"https:\\\/\\\/balticoverlanders.eu\\\/lv\\\/produkts\\\/wild-land-lite-cruiser-120-jumta-telts\\\/#primaryimage\",\"url\":\"https:\\\/\\\/balticoverlanders.eu\\\/wp-content\\\/uploads\\\/2024\\\/05\\\/namiot-dachowy-Lite-Cruiser-rozlozony-z-otwartymi-oknami-rozlozony-stolik-i-krzesla-VW-Golf-Hatchback-poziom.jpg\",\"contentUrl\":\"https:\\\/\\\/balticoverlanders.eu\\\/wp-content\\\/uploads\\\/2024\\\/05\\\/namiot-dachowy-Lite-Cruiser-rozlozony-z-otwartymi-oknami-rozlozony-stolik-i-krzesla-VW-Golf-Hatchback-poziom.jpg\",\"width\":1681,\"height\":1000},{\"@type\":\"BreadcrumbList\",\"@id\":\"https:\\\/\\\/balticoverlanders.eu\\\/lv\\\/produkts\\\/wild-land-lite-cruiser-120-jumta-telts\\\/#breadcrumb\",\"itemListElement\":[{\"@type\":\"ListItem\",\"position\":1,\"name\":\"Home\",\"item\":\"https:\\\/\\\/balticoverlanders.eu\\\/lv\\\/\"},{\"@type\":\"ListItem\",\"position\":2,\"name\":\"Veikals\",\"item\":\"https:\\\/\\\/balticoverlanders.eu\\\/lv\\\/veikals\\\/\"},{\"@type\":\"ListItem\",\"position\":3,\"name\":\"Wild Land Lite Cruiser 120 jumta telts\"}]},{\"@type\":\"WebSite\",\"@id\":\"https:\\\/\\\/balticoverlanders.eu\\\/lv\\\/#website\",\"url\":\"https:\\\/\\\/balticoverlanders.eu\\\/lv\\\/\",\"name\":\"BALTIC OVERLANDERS\",\"description\":\"Your one-stop shop in Latvia, Estonia, and Lithuania for all your car camping, rooftop tent and accessory needs.\",\"publisher\":{\"@id\":\"https:\\\/\\\/balticoverlanders.eu\\\/lv\\\/#organization\"},\"potentialAction\":[{\"@type\":\"SearchAction\",\"target\":{\"@type\":\"EntryPoint\",\"urlTemplate\":\"https:\\\/\\\/balticoverlanders.eu\\\/lv\\\/?s={search_term_string}\"},\"query-input\":{\"@type\":\"PropertyValueSpecification\",\"valueRequired\":true,\"valueName\":\"search_term_string\"}}],\"inLanguage\":\"lv-LV\"},{\"@type\":\"Organization\",\"@id\":\"https:\\\/\\\/balticoverlanders.eu\\\/lv\\\/#organization\",\"name\":\"BALTIC OVERLANDERS\",\"url\":\"https:\\\/\\\/balticoverlanders.eu\\\/lv\\\/\",\"logo\":{\"@type\":\"ImageObject\",\"inLanguage\":\"lv-LV\",\"@id\":\"https:\\\/\\\/balticoverlanders.eu\\\/lv\\\/#\\\/schema\\\/logo\\\/image\\\/\",\"url\":\"https:\\\/\\\/balticoverlanders.eu\\\/wp-content\\\/uploads\\\/2023\\\/04\\\/BALTIC-OVERLANDERS-LOGO.jpg\",\"contentUrl\":\"https:\\\/\\\/balticoverlanders.eu\\\/wp-content\\\/uploads\\\/2023\\\/04\\\/BALTIC-OVERLANDERS-LOGO.jpg\",\"width\":1497,\"height\":310,\"caption\":\"BALTIC OVERLANDERS\"},\"image\":{\"@id\":\"https:\\\/\\\/balticoverlanders.eu\\\/lv\\\/#\\\/schema\\\/logo\\\/image\\\/\"},\"sameAs\":[\"https:\\\/\\\/www.instagram.com\\\/balticoverlanders\\\/\"]}]}<\/script>\n<!-- \/ Yoast SEO plugin. -->","yoast_head_json":{"title":"Wild Land Lite Cruiser 120 jumta telts - BALTIC OVERLANDERS","description":"Atkl\u0101jiet m\u016bsu \u012bpa\u0161i vieglo, pieejamo m\u012bksto jumta telti maziem automobi\u013ciem, kas sver tikai 39 kg. Lieliski piem\u0113rots viendzimuma cilv\u0113kiem un jauniem p\u0101riem. Komplekt\u0101 ietilpst k\u0101pnes, matracis, LED gaisma un mont\u0101\u017eas komplekts.","robots":{"index":"index","follow":"follow","max-snippet":"max-snippet:-1","max-image-preview":"max-image-preview:large","max-video-preview":"max-video-preview:-1"},"canonical":"https:\/\/balticoverlanders.eu\/lv\/produkts\/wild-land-lite-cruiser-120-jumta-telts\/","og_locale":"lv_LV","og_type":"article","og_title":"Wild Land Lite Cruiser 120 jumta telts - BALTIC OVERLANDERS","og_description":"Atkl\u0101jiet m\u016bsu \u012bpa\u0161i vieglo, pieejamo m\u012bksto jumta telti maziem automobi\u013ciem, kas sver tikai 39 kg. Lieliski piem\u0113rots viendzimuma cilv\u0113kiem un jauniem p\u0101riem. Komplekt\u0101 ietilpst k\u0101pnes, matracis, LED gaisma un mont\u0101\u017eas komplekts.","og_url":"https:\/\/balticoverlanders.eu\/lv\/produkts\/wild-land-lite-cruiser-120-jumta-telts\/","og_site_name":"BALTIC OVERLANDERS","article_modified_time":"2024-05-20T12:31:09+00:00","og_image":[{"width":1681,"height":1000,"url":"https:\/\/balticoverlanders.eu\/wp-content\/uploads\/2024\/05\/namiot-dachowy-Lite-Cruiser-rozlozony-z-otwartymi-oknami-rozlozony-stolik-i-krzesla-VW-Golf-Hatchback-poziom.jpg","type":"image\/jpeg"}],"twitter_card":"summary_large_image","twitter_misc":{"Est. reading time":"2 minutes"},"schema":{"@context":"https:\/\/schema.org","@graph":[{"@type":"WebPage","@id":"https:\/\/balticoverlanders.eu\/lv\/produkts\/wild-land-lite-cruiser-120-jumta-telts\/","url":"https:\/\/balticoverlanders.eu\/lv\/produkts\/wild-land-lite-cruiser-120-jumta-telts\/","name":"Wild Land Lite Cruiser 120 jumta telts - BALTIC OVERLANDERS","isPartOf":{"@id":"https:\/\/balticoverlanders.eu\/lv\/#website"},"primaryImageOfPage":{"@id":"https:\/\/balticoverlanders.eu\/lv\/produkts\/wild-land-lite-cruiser-120-jumta-telts\/#primaryimage"},"image":{"@id":"https:\/\/balticoverlanders.eu\/lv\/produkts\/wild-land-lite-cruiser-120-jumta-telts\/#primaryimage"},"thumbnailUrl":"https:\/\/balticoverlanders.eu\/wp-content\/uploads\/2024\/05\/namiot-dachowy-Lite-Cruiser-rozlozony-z-otwartymi-oknami-rozlozony-stolik-i-krzesla-VW-Golf-Hatchback-poziom.jpg","datePublished":"2024-05-18T08:25:32+00:00","dateModified":"2024-05-20T12:31:09+00:00","description":"Atkl\u0101jiet m\u016bsu \u012bpa\u0161i vieglo, pieejamo m\u012bksto jumta telti maziem automobi\u013ciem, kas sver tikai 39 kg. Lieliski piem\u0113rots viendzimuma cilv\u0113kiem un jauniem p\u0101riem. Komplekt\u0101 ietilpst k\u0101pnes, matracis, LED gaisma un mont\u0101\u017eas komplekts.","breadcrumb":{"@id":"https:\/\/balticoverlanders.eu\/lv\/produkts\/wild-land-lite-cruiser-120-jumta-telts\/#breadcrumb"},"inLanguage":"lv-LV","potentialAction":[{"@type":"ReadAction","target":["https:\/\/balticoverlanders.eu\/lv\/produkts\/wild-land-lite-cruiser-120-jumta-telts\/"]}]},{"@type":"ImageObject","inLanguage":"lv-LV","@id":"https:\/\/balticoverlanders.eu\/lv\/produkts\/wild-land-lite-cruiser-120-jumta-telts\/#primaryimage","url":"https:\/\/balticoverlanders.eu\/wp-content\/uploads\/2024\/05\/namiot-dachowy-Lite-Cruiser-rozlozony-z-otwartymi-oknami-rozlozony-stolik-i-krzesla-VW-Golf-Hatchback-poziom.jpg","contentUrl":"https:\/\/balticoverlanders.eu\/wp-content\/uploads\/2024\/05\/namiot-dachowy-Lite-Cruiser-rozlozony-z-otwartymi-oknami-rozlozony-stolik-i-krzesla-VW-Golf-Hatchback-poziom.jpg","width":1681,"height":1000},{"@type":"BreadcrumbList","@id":"https:\/\/balticoverlanders.eu\/lv\/produkts\/wild-land-lite-cruiser-120-jumta-telts\/#breadcrumb","itemListElement":[{"@type":"ListItem","position":1,"name":"Home","item":"https:\/\/balticoverlanders.eu\/lv\/"},{"@type":"ListItem","position":2,"name":"Veikals","item":"https:\/\/balticoverlanders.eu\/lv\/veikals\/"},{"@type":"ListItem","position":3,"name":"Wild Land Lite Cruiser 120 jumta telts"}]},{"@type":"WebSite","@id":"https:\/\/balticoverlanders.eu\/lv\/#website","url":"https:\/\/balticoverlanders.eu\/lv\/","name":"BALTIC OVERLANDERS","description":"Your one-stop shop in Latvia, Estonia, and Lithuania for all your car camping, rooftop tent and accessory needs.","publisher":{"@id":"https:\/\/balticoverlanders.eu\/lv\/#organization"},"potentialAction":[{"@type":"SearchAction","target":{"@type":"EntryPoint","urlTemplate":"https:\/\/balticoverlanders.eu\/lv\/?s={search_term_string}"},"query-input":{"@type":"PropertyValueSpecification","valueRequired":true,"valueName":"search_term_string"}}],"inLanguage":"lv-LV"},{"@type":"Organization","@id":"https:\/\/balticoverlanders.eu\/lv\/#organization","name":"BALTIC OVERLANDERS","url":"https:\/\/balticoverlanders.eu\/lv\/","logo":{"@type":"ImageObject","inLanguage":"lv-LV","@id":"https:\/\/balticoverlanders.eu\/lv\/#\/schema\/logo\/image\/","url":"https:\/\/balticoverlanders.eu\/wp-content\/uploads\/2023\/04\/BALTIC-OVERLANDERS-LOGO.jpg","contentUrl":"https:\/\/balticoverlanders.eu\/wp-content\/uploads\/2023\/04\/BALTIC-OVERLANDERS-LOGO.jpg","width":1497,"height":310,"caption":"BALTIC OVERLANDERS"},"image":{"@id":"https:\/\/balticoverlanders.eu\/lv\/#\/schema\/logo\/image\/"},"sameAs":["https:\/\/www.instagram.com\/balticoverlanders\/"]}]}},"_links":{"self":[{"href":"https:\/\/balticoverlanders.eu\/lv\/wp-json\/wp\/v2\/product\/42842","targetHints":{"allow":["GET"]}}],"collection":[{"href":"https:\/\/balticoverlanders.eu\/lv\/wp-json\/wp\/v2\/product"}],"about":[{"href":"https:\/\/balticoverlanders.eu\/lv\/wp-json\/wp\/v2\/types\/product"}],"wp:featuredmedia":[{"embeddable":true,"href":"https:\/\/balticoverlanders.eu\/lv\/wp-json\/wp\/v2\/media\/42371"}],"wp:attachment":[{"href":"https:\/\/balticoverlanders.eu\/lv\/wp-json\/wp\/v2\/media?parent=42842"}],"wp:term":[{"taxonomy":"product_brand","embeddable":true,"href":"https:\/\/balticoverlanders.eu\/lv\/wp-json\/wp\/v2\/product_brand?post=42842"},{"taxonomy":"product_cat","embeddable":true,"href":"https:\/\/balticoverlanders.eu\/lv\/wp-json\/wp\/v2\/product_cat?post=42842"},{"taxonomy":"product_tag","embeddable":true,"href":"https:\/\/balticoverlanders.eu\/lv\/wp-json\/wp\/v2\/product_tag?post=42842"}],"curies":[{"name":"wp","href":"https:\/\/api.w.org\/{rel}","templated":true}]}}