{"id":42846,"date":"2024-05-18T11:17:22","date_gmt":"2024-05-18T08:17:22","guid":{"rendered":"https:\/\/balticoverlanders.eu\/product\/wild-land-voyager-pro-230-jumta-telts\/"},"modified":"2024-06-10T16:48:38","modified_gmt":"2024-06-10T13:48:38","slug":"wild-land-voyager-pro-230-jumta-telts","status":"publish","type":"product","link":"https:\/\/balticoverlanders.eu\/lv\/produkts\/wild-land-voyager-pro-230-jumta-telts\/","title":{"rendered":"Wild Land Voyager PRO 230 jumta telts"},"content":{"rendered":"<h2>Voyager PRO 230 jumta telts: J\u016bsu galvenais \u0123imenes kempinga sabiedrotais<\/h2>\n<h3>P\u0101rskats<\/h3>\n<p>Iepaz\u012bstin\u0101m ar Voyager PRO 230 jumta telti &#8211; neticami pla\u0161u un \u0113rtu jumta telti, kas paredz\u0113ta \u0123imen\u0113m un ce\u013cojumiem visa gada garum\u0101. \u0160\u012b telts ir ieb\u016bv\u0113ta iztur\u012bg\u0101 alum\u012bnija korpus\u0101, un t\u0101 ir veidota t\u0101, lai iztur\u0113tu jebk\u0101dus laikapst\u0101k\u013cus, nodro\u0161inot m\u0101j\u012bgu patv\u0113rumu neatkar\u012bgi no t\u0101, kur j\u016bs aizved\u012bs j\u016bsu piedz\u012bvojumi.<\/p>\n<h3>Galven\u0101s funkcijas<\/h3>\n<h4><strong>Pla\u0161s un kompakts dizains<\/strong><\/h4>\n<ul>\n<li><strong>Gu\u013cam\u0101 zona<\/strong>: Pla\u0161a 230&#215;200 cm izm\u0113ra gu\u013cvieta, kas nodro\u0161ina pietiekami daudz vietas visai \u0123imenei.<\/li>\n<li><strong>Izm\u0113ri saloc\u012bt\u0101 veid\u0101<\/strong>: Saloc\u012bta telts ir tikai 29 cm augsta, t\u0101p\u0113c t\u0101 ir viegl\u0101ka par parasto jumta kasti un ir ide\u0101li piem\u0113rota gan lieliem transportl\u012bdzek\u013ciem, gan \u0123imenes univers\u0101\u013ciem.<\/li>\n<li><strong>Svars<\/strong>: Neraugoties uz lielo gu\u013camvietu plat\u012bbu, telts sver tikai 66 kg, kas nodro\u0161ina vieglu transport\u0113\u0161anu un uzst\u0101d\u012b\u0161anu.<\/li>\n<\/ul>\n<h4><strong>Iztur\u012bga konstrukcija<\/strong><\/h4>\n<ul>\n<li><strong>Materi\u0101li<\/strong>: WL-tech materi\u0101ls, kas nodro\u0161ina PU \u016bdensiztur\u012bbu 12000 mm. T\u0101 ir \u013coti labi elpojo\u0161a, iztur\u012bga pret boj\u0101jumiem un deform\u0101ciju, k\u0101 ar\u012b nodro\u0161ina tumsu telt\u012b, lai nodro\u0161in\u0101tu netrauc\u0113tu miegu.<\/li>\n<li><strong>3 sl\u0101\u0146u logi<\/strong>: Lai nodro\u0161in\u0101tu komfortu jebkuros laikapst\u0101k\u013cos, tostarp stipr\u0101 v\u0113j\u0101, sp\u0113c\u012bg\u0101 liet\u016b un snieg\u0101, telts pamatmateri\u0101ls, mosk\u012btu t\u012bkli\u0146i un caursp\u012bd\u012bgi sl\u0101\u0146i.<\/li>\n<\/ul>\n<h4><strong>Pret laikapst\u0101k\u013ciem iztur\u012bgs<\/strong><\/h4>\n<ul>\n<li><strong>Piln\u012bgi tropi<\/strong>: Telts konstrukcij\u0101 ir iek\u013cauti pilni tropiki papildu aizsardz\u012bbai pret laikapst\u0101k\u013ciem, kas nodro\u0161ina komfortu nelabv\u0113l\u012bgos laika apst\u0101k\u013cos.<\/li>\n<li><strong>Izol\u0113ts galvas segums<\/strong>: Telts aug\u0161\u0113j\u0101 da\u013ca ir izgatavota no izol\u0113ta materi\u0101la, kas nov\u0113r\u0161 p\u0101rm\u0113r\u012bgu karstumu karst\u0101s dien\u0101s un saglab\u0101 siltumu v\u0113s\u0101k\u0101 laik\u0101. \u0160\u012b konstrukcija samazina ar\u012b kondens\u0101ciju, jo l\u012bdz minimumam samazina temperat\u016bras at\u0161\u0137ir\u012bbas.<\/li>\n<\/ul>\n<h3>Komforts un \u0113rt\u012bbas<\/h3>\n<h4><strong>\u0100tra iestat\u012b\u0161ana<\/strong><\/h4>\n<ul>\n<li><strong>Lieto\u0161anas \u0113rtums<\/strong>: Izk\u0101rtojas un salok\u0101s maz\u0101k nek\u0101 min\u016bt\u0113 ar da\u017e\u0101m vienk\u0101r\u0161\u0101m kust\u012bb\u0101m, nov\u0113r\u0161ot nepiecie\u0161am\u012bbu p\u0113c papildu tap\u0101m vai logu p\u0101rsegiem.<\/li>\n<\/ul>\n<h4><strong>Interjera iez\u012bmes<\/strong><\/h4>\n<ul>\n<li><strong>Panor\u0101mas logi<\/strong>: No vis\u0101m telts pus\u0113m paveras elpu aizraujo\u0161i skati, bet logi un ieejas ir aizsarg\u0101tas no kukai\u0146iem.<\/li>\n<li><strong>Uzglab\u0101\u0161anas kabatas<\/strong>: Da\u017e\u0101da izm\u0113ra kabatas telts iek\u0161pus\u0113, kas paredz\u0113tas paroc\u012bgu priek\u0161metu glab\u0101\u0161anai, lai viss b\u016btu pa rokai.<\/li>\n<li><strong>LED apgaismojums<\/strong>: Ietver elast\u012bgu LED sloksni ar USB izeju \u0113rtam apgaismojumam telts iek\u0161pus\u0113.<\/li>\n<\/ul>\n<h4><strong>\u0112rts matracis<\/strong><\/h4>\n<ul>\n<li><strong>Dizains<\/strong>: 5 cm biezais matracis ir vienots, nedal\u0101ms elements, kas nodro\u0161ina komfortu un stabilit\u0101ti bez kaitino\u0161as loc\u012btavu kust\u012bbas. P\u0101rsegs ir izgatavots no materi\u0101la, kas ir pat\u012bkams piesk\u0101rienam.<\/li>\n<\/ul>\n<h4><strong>Ventil\u0101cija<\/strong><\/h4>\n<ul>\n<li><strong>Gaisa cirkul\u0101cija<\/strong>: Papildu ventil\u0101cijas atveres nov\u0113r\u0161 tvaika kondens\u0101ciju pat pie iev\u0113rojam\u0101m temperat\u016bras at\u0161\u0137ir\u012bb\u0101m.<\/li>\n<\/ul>\n<h3>Papildu funkcijas<\/h3>\n<h4><strong>Alum\u012bnija teleskopisk\u0101s k\u0101pnes<\/strong><\/h4>\n<ul>\n<li><strong>Dizains<\/strong>: Melnas alum\u012bnija teleskopisk\u0101s k\u0101pnes, kas ir no\u0146emamas un p\u0113c saloc\u012b\u0161anas var glab\u0101t telt\u012b vai automa\u0161\u012bn\u0101.<\/li>\n<\/ul>\n<h4><strong>No\u0146emami elementi<\/strong><\/h4>\n<ul>\n<li><strong>Uztur\u0113\u0161ana<\/strong>: Katra telts da\u013ca ir piln\u012bb\u0101 no\u0146emama, lai to var\u0113tu viegli t\u012br\u012bt un uztur\u0113t. Matra\u010da p\u0101rvalku var mazg\u0101t, un materi\u0101lu var atk\u0101rtoti impregn\u0113t, lai tas b\u016btu ilgm\u016b\u017e\u012bgs.<\/li>\n<\/ul>\n<h3>P\u0113cgarantijas apkalpo\u0161ana<\/h3>\n<ul>\n<li><strong>Atbalsts<\/strong>: Pat p\u0113c 2 gadu garantijas perioda beig\u0101m varat pa\u013cauties uz p\u0113cgarantijas servisu ar viegli pieejam\u0101m rezerves da\u013c\u0101m, kas nodro\u0161ina, ka j\u016bsu telts joproj\u0101m ir lab\u0101kaj\u0101 st\u0101vokl\u012b.<\/li>\n<\/ul>\n<h3>K\u0101p\u0113c izv\u0113l\u0113ties Voyager PRO 230?<\/h3>\n<p>Izbaudiet nep\u0101rsp\u0113jamu komfortu, iztur\u012bbu un \u0113rt\u012bbas ar Voyager PRO 230 jumta telti. T\u0101 iztur\u012bgais dizains, \u0101tr\u0101 uzst\u0101d\u012b\u0161ana un funkcijas, kas piem\u0113rotas jebkuram laikapst\u0101klim, padara to par ide\u0101lu pavadoni \u0123imenes piedz\u012bvojumiem. Neatkar\u012bgi no t\u0101, vai kempingojat vasar\u0101 vai iepaz\u012bstat sniegotas ainavas, Voyager PRO 230 nodro\u0161ina \u0113rtu un \u0113rtu atp\u016btu visai \u0123imenei.<\/p>\n<p>Izbaudiet piedz\u012bvojumu garu ar Voyager PRO 230 jumta telti, kur\u0101 ietilp\u012bgs komforts apvienojas ar iztur\u012bbu, padarot katru ce\u013cojumu neaizmirstamu.<\/p>\n","protected":false},"excerpt":{"rendered":"<p>Neticami pla\u0161a un \u0113rta \u0123imenes jumta telts. Sl\u0113gta tikai 25 cm un 28 cm augsta ar alum\u012bnija profilu zem\u0101k, m\u012bksta apkakle lab\u0101kai telts ventil\u0101cijai, kad t\u0101 ir aizv\u0113rta, PRO s\u0113rija ir izstr\u0101d\u0101ta ce\u013co\u0161anai visa gada garum\u0101, pilns p\u0101rsegs ir izgatavots no WL-tech materi\u0101la, \u016bdensnecaurlaid\u012bgs l\u012bdz PU 12000 mm, 3 sl\u0101\u0146u logi katr\u0101 telts pus\u0113, 360\u00b0 panor\u0101mas skats, komplekt\u0101: teleskopisk\u0101s k\u0101pnes l\u012bdz 230 cm garum\u0101, matracis, apavu kabatas, LED gaisma iek\u0161pus\u0113, 2 pievienojamas k\u0101jas telts atbalstam un nol\u012bdzin\u0101\u0161anai, mont\u0101\u017eas komplekts kop\u0101 ar instrukciju&#8221;<\/p>\n","protected":false},"featured_media":51163,"template":"","meta":[],"product_brand":[],"product_cat":[315,490],"product_tag":[],"class_list":{"0":"post-42846","1":"product","2":"type-product","3":"status-publish","4":"has-post-thumbnail","6":"product_cat-jumta-teltis","7":"product_cat-wilnd-land-lv","9":"first","10":"onbackorder","11":"taxable","12":"shipping-taxable","13":"purchasable","14":"product-type-simple"},"yoast_head":"<!-- This site is optimized with the Yoast SEO plugin v27.3 - https:\/\/yoast.com\/product\/yoast-seo-wordpress\/ -->\n<title>Wild Land Voyager PRO 230 jumta telts - BALTIC OVERLANDERS<\/title>\n<meta name=\"description\" content=\"Atkl\u0101jiet m\u016bsu pla\u0161o \u0123imenes jumta telti: 360\u00b0 panor\u0101mas skats, \u016bdensnecaurlaid\u012bgs, lietojams visu gadu, teleskopisk\u0101s k\u0101pnes, LED apgaismojums, matracis un daudz ko citu. Lieliski piem\u0113rots n\u0101kamajam piedz\u012bvojumam.\" \/>\n<meta name=\"robots\" content=\"index, follow, max-snippet:-1, max-image-preview:large, max-video-preview:-1\" \/>\n<link rel=\"canonical\" href=\"https:\/\/balticoverlanders.eu\/lv\/produkts\/wild-land-voyager-pro-230-jumta-telts\/\" \/>\n<meta property=\"og:locale\" content=\"lv_LV\" \/>\n<meta property=\"og:type\" content=\"article\" \/>\n<meta property=\"og:title\" content=\"Wild Land Voyager PRO 230 jumta telts - BALTIC OVERLANDERS\" \/>\n<meta property=\"og:description\" content=\"Atkl\u0101jiet m\u016bsu pla\u0161o \u0123imenes jumta telti: 360\u00b0 panor\u0101mas skats, \u016bdensnecaurlaid\u012bgs, lietojams visu gadu, teleskopisk\u0101s k\u0101pnes, LED apgaismojums, matracis un daudz ko citu. Lieliski piem\u0113rots n\u0101kamajam piedz\u012bvojumam.\" \/>\n<meta property=\"og:url\" content=\"https:\/\/balticoverlanders.eu\/lv\/produkts\/wild-land-voyager-pro-230-jumta-telts\/\" \/>\n<meta property=\"og:site_name\" content=\"BALTIC OVERLANDERS\" \/>\n<meta property=\"article:modified_time\" content=\"2024-06-10T13:48:38+00:00\" \/>\n<meta property=\"og:image\" content=\"https:\/\/balticoverlanders.eu\/wp-content\/uploads\/2024\/05\/WhatsApp-Image-2024-05-18-at-1.45.28-PM.jpeg\" \/>\n\t<meta property=\"og:image:width\" content=\"1500\" \/>\n\t<meta property=\"og:image:height\" content=\"1000\" \/>\n\t<meta property=\"og:image:type\" content=\"image\/jpeg\" \/>\n<meta name=\"twitter:card\" content=\"summary_large_image\" \/>\n<meta name=\"twitter:label1\" content=\"Est. reading time\" \/>\n\t<meta name=\"twitter:data1\" content=\"3 minutes\" \/>\n<script type=\"application\/ld+json\" class=\"yoast-schema-graph\">{\"@context\":\"https:\\\/\\\/schema.org\",\"@graph\":[{\"@type\":\"WebPage\",\"@id\":\"https:\\\/\\\/balticoverlanders.eu\\\/lv\\\/produkts\\\/wild-land-voyager-pro-230-jumta-telts\\\/\",\"url\":\"https:\\\/\\\/balticoverlanders.eu\\\/lv\\\/produkts\\\/wild-land-voyager-pro-230-jumta-telts\\\/\",\"name\":\"Wild Land Voyager PRO 230 jumta telts - BALTIC OVERLANDERS\",\"isPartOf\":{\"@id\":\"https:\\\/\\\/balticoverlanders.eu\\\/lv\\\/#website\"},\"primaryImageOfPage\":{\"@id\":\"https:\\\/\\\/balticoverlanders.eu\\\/lv\\\/produkts\\\/wild-land-voyager-pro-230-jumta-telts\\\/#primaryimage\"},\"image\":{\"@id\":\"https:\\\/\\\/balticoverlanders.eu\\\/lv\\\/produkts\\\/wild-land-voyager-pro-230-jumta-telts\\\/#primaryimage\"},\"thumbnailUrl\":\"https:\\\/\\\/balticoverlanders.eu\\\/wp-content\\\/uploads\\\/2024\\\/05\\\/Wild-Land-Voyager-PRO-roof-top-tent_009-1-scaled.jpg\",\"datePublished\":\"2024-05-18T08:17:22+00:00\",\"dateModified\":\"2024-06-10T13:48:38+00:00\",\"description\":\"Atkl\u0101jiet m\u016bsu pla\u0161o \u0123imenes jumta telti: 360\u00b0 panor\u0101mas skats, \u016bdensnecaurlaid\u012bgs, lietojams visu gadu, teleskopisk\u0101s k\u0101pnes, LED apgaismojums, matracis un daudz ko citu. Lieliski piem\u0113rots n\u0101kamajam piedz\u012bvojumam.\",\"breadcrumb\":{\"@id\":\"https:\\\/\\\/balticoverlanders.eu\\\/lv\\\/produkts\\\/wild-land-voyager-pro-230-jumta-telts\\\/#breadcrumb\"},\"inLanguage\":\"lv-LV\",\"potentialAction\":[{\"@type\":\"ReadAction\",\"target\":[\"https:\\\/\\\/balticoverlanders.eu\\\/lv\\\/produkts\\\/wild-land-voyager-pro-230-jumta-telts\\\/\"]}]},{\"@type\":\"ImageObject\",\"inLanguage\":\"lv-LV\",\"@id\":\"https:\\\/\\\/balticoverlanders.eu\\\/lv\\\/produkts\\\/wild-land-voyager-pro-230-jumta-telts\\\/#primaryimage\",\"url\":\"https:\\\/\\\/balticoverlanders.eu\\\/wp-content\\\/uploads\\\/2024\\\/05\\\/Wild-Land-Voyager-PRO-roof-top-tent_009-1-scaled.jpg\",\"contentUrl\":\"https:\\\/\\\/balticoverlanders.eu\\\/wp-content\\\/uploads\\\/2024\\\/05\\\/Wild-Land-Voyager-PRO-roof-top-tent_009-1-scaled.jpg\",\"width\":2560,\"height\":1703},{\"@type\":\"BreadcrumbList\",\"@id\":\"https:\\\/\\\/balticoverlanders.eu\\\/lv\\\/produkts\\\/wild-land-voyager-pro-230-jumta-telts\\\/#breadcrumb\",\"itemListElement\":[{\"@type\":\"ListItem\",\"position\":1,\"name\":\"Home\",\"item\":\"https:\\\/\\\/balticoverlanders.eu\\\/lv\\\/\"},{\"@type\":\"ListItem\",\"position\":2,\"name\":\"Veikals\",\"item\":\"https:\\\/\\\/balticoverlanders.eu\\\/lv\\\/veikals\\\/\"},{\"@type\":\"ListItem\",\"position\":3,\"name\":\"Wild Land Voyager PRO 230 jumta telts\"}]},{\"@type\":\"WebSite\",\"@id\":\"https:\\\/\\\/balticoverlanders.eu\\\/lv\\\/#website\",\"url\":\"https:\\\/\\\/balticoverlanders.eu\\\/lv\\\/\",\"name\":\"BALTIC OVERLANDERS\",\"description\":\"Your one-stop shop in Latvia, Estonia, and Lithuania for all your car camping, rooftop tent and accessory needs.\",\"publisher\":{\"@id\":\"https:\\\/\\\/balticoverlanders.eu\\\/lv\\\/#organization\"},\"potentialAction\":[{\"@type\":\"SearchAction\",\"target\":{\"@type\":\"EntryPoint\",\"urlTemplate\":\"https:\\\/\\\/balticoverlanders.eu\\\/lv\\\/?s={search_term_string}\"},\"query-input\":{\"@type\":\"PropertyValueSpecification\",\"valueRequired\":true,\"valueName\":\"search_term_string\"}}],\"inLanguage\":\"lv-LV\"},{\"@type\":\"Organization\",\"@id\":\"https:\\\/\\\/balticoverlanders.eu\\\/lv\\\/#organization\",\"name\":\"BALTIC OVERLANDERS\",\"url\":\"https:\\\/\\\/balticoverlanders.eu\\\/lv\\\/\",\"logo\":{\"@type\":\"ImageObject\",\"inLanguage\":\"lv-LV\",\"@id\":\"https:\\\/\\\/balticoverlanders.eu\\\/lv\\\/#\\\/schema\\\/logo\\\/image\\\/\",\"url\":\"https:\\\/\\\/balticoverlanders.eu\\\/wp-content\\\/uploads\\\/2023\\\/04\\\/BALTIC-OVERLANDERS-LOGO.jpg\",\"contentUrl\":\"https:\\\/\\\/balticoverlanders.eu\\\/wp-content\\\/uploads\\\/2023\\\/04\\\/BALTIC-OVERLANDERS-LOGO.jpg\",\"width\":1497,\"height\":310,\"caption\":\"BALTIC OVERLANDERS\"},\"image\":{\"@id\":\"https:\\\/\\\/balticoverlanders.eu\\\/lv\\\/#\\\/schema\\\/logo\\\/image\\\/\"},\"sameAs\":[\"https:\\\/\\\/www.instagram.com\\\/balticoverlanders\\\/\"]}]}<\/script>\n<!-- \/ Yoast SEO plugin. -->","yoast_head_json":{"title":"Wild Land Voyager PRO 230 jumta telts - BALTIC OVERLANDERS","description":"Atkl\u0101jiet m\u016bsu pla\u0161o \u0123imenes jumta telti: 360\u00b0 panor\u0101mas skats, \u016bdensnecaurlaid\u012bgs, lietojams visu gadu, teleskopisk\u0101s k\u0101pnes, LED apgaismojums, matracis un daudz ko citu. Lieliski piem\u0113rots n\u0101kamajam piedz\u012bvojumam.","robots":{"index":"index","follow":"follow","max-snippet":"max-snippet:-1","max-image-preview":"max-image-preview:large","max-video-preview":"max-video-preview:-1"},"canonical":"https:\/\/balticoverlanders.eu\/lv\/produkts\/wild-land-voyager-pro-230-jumta-telts\/","og_locale":"lv_LV","og_type":"article","og_title":"Wild Land Voyager PRO 230 jumta telts - BALTIC OVERLANDERS","og_description":"Atkl\u0101jiet m\u016bsu pla\u0161o \u0123imenes jumta telti: 360\u00b0 panor\u0101mas skats, \u016bdensnecaurlaid\u012bgs, lietojams visu gadu, teleskopisk\u0101s k\u0101pnes, LED apgaismojums, matracis un daudz ko citu. Lieliski piem\u0113rots n\u0101kamajam piedz\u012bvojumam.","og_url":"https:\/\/balticoverlanders.eu\/lv\/produkts\/wild-land-voyager-pro-230-jumta-telts\/","og_site_name":"BALTIC OVERLANDERS","article_modified_time":"2024-06-10T13:48:38+00:00","og_image":[{"width":1500,"height":1000,"url":"https:\/\/balticoverlanders.eu\/wp-content\/uploads\/2024\/05\/WhatsApp-Image-2024-05-18-at-1.45.28-PM.jpeg","type":"image\/jpeg"}],"twitter_card":"summary_large_image","twitter_misc":{"Est. reading time":"3 minutes"},"schema":{"@context":"https:\/\/schema.org","@graph":[{"@type":"WebPage","@id":"https:\/\/balticoverlanders.eu\/lv\/produkts\/wild-land-voyager-pro-230-jumta-telts\/","url":"https:\/\/balticoverlanders.eu\/lv\/produkts\/wild-land-voyager-pro-230-jumta-telts\/","name":"Wild Land Voyager PRO 230 jumta telts - BALTIC OVERLANDERS","isPartOf":{"@id":"https:\/\/balticoverlanders.eu\/lv\/#website"},"primaryImageOfPage":{"@id":"https:\/\/balticoverlanders.eu\/lv\/produkts\/wild-land-voyager-pro-230-jumta-telts\/#primaryimage"},"image":{"@id":"https:\/\/balticoverlanders.eu\/lv\/produkts\/wild-land-voyager-pro-230-jumta-telts\/#primaryimage"},"thumbnailUrl":"https:\/\/balticoverlanders.eu\/wp-content\/uploads\/2024\/05\/Wild-Land-Voyager-PRO-roof-top-tent_009-1-scaled.jpg","datePublished":"2024-05-18T08:17:22+00:00","dateModified":"2024-06-10T13:48:38+00:00","description":"Atkl\u0101jiet m\u016bsu pla\u0161o \u0123imenes jumta telti: 360\u00b0 panor\u0101mas skats, \u016bdensnecaurlaid\u012bgs, lietojams visu gadu, teleskopisk\u0101s k\u0101pnes, LED apgaismojums, matracis un daudz ko citu. Lieliski piem\u0113rots n\u0101kamajam piedz\u012bvojumam.","breadcrumb":{"@id":"https:\/\/balticoverlanders.eu\/lv\/produkts\/wild-land-voyager-pro-230-jumta-telts\/#breadcrumb"},"inLanguage":"lv-LV","potentialAction":[{"@type":"ReadAction","target":["https:\/\/balticoverlanders.eu\/lv\/produkts\/wild-land-voyager-pro-230-jumta-telts\/"]}]},{"@type":"ImageObject","inLanguage":"lv-LV","@id":"https:\/\/balticoverlanders.eu\/lv\/produkts\/wild-land-voyager-pro-230-jumta-telts\/#primaryimage","url":"https:\/\/balticoverlanders.eu\/wp-content\/uploads\/2024\/05\/Wild-Land-Voyager-PRO-roof-top-tent_009-1-scaled.jpg","contentUrl":"https:\/\/balticoverlanders.eu\/wp-content\/uploads\/2024\/05\/Wild-Land-Voyager-PRO-roof-top-tent_009-1-scaled.jpg","width":2560,"height":1703},{"@type":"BreadcrumbList","@id":"https:\/\/balticoverlanders.eu\/lv\/produkts\/wild-land-voyager-pro-230-jumta-telts\/#breadcrumb","itemListElement":[{"@type":"ListItem","position":1,"name":"Home","item":"https:\/\/balticoverlanders.eu\/lv\/"},{"@type":"ListItem","position":2,"name":"Veikals","item":"https:\/\/balticoverlanders.eu\/lv\/veikals\/"},{"@type":"ListItem","position":3,"name":"Wild Land Voyager PRO 230 jumta telts"}]},{"@type":"WebSite","@id":"https:\/\/balticoverlanders.eu\/lv\/#website","url":"https:\/\/balticoverlanders.eu\/lv\/","name":"BALTIC OVERLANDERS","description":"Your one-stop shop in Latvia, Estonia, and Lithuania for all your car camping, rooftop tent and accessory needs.","publisher":{"@id":"https:\/\/balticoverlanders.eu\/lv\/#organization"},"potentialAction":[{"@type":"SearchAction","target":{"@type":"EntryPoint","urlTemplate":"https:\/\/balticoverlanders.eu\/lv\/?s={search_term_string}"},"query-input":{"@type":"PropertyValueSpecification","valueRequired":true,"valueName":"search_term_string"}}],"inLanguage":"lv-LV"},{"@type":"Organization","@id":"https:\/\/balticoverlanders.eu\/lv\/#organization","name":"BALTIC OVERLANDERS","url":"https:\/\/balticoverlanders.eu\/lv\/","logo":{"@type":"ImageObject","inLanguage":"lv-LV","@id":"https:\/\/balticoverlanders.eu\/lv\/#\/schema\/logo\/image\/","url":"https:\/\/balticoverlanders.eu\/wp-content\/uploads\/2023\/04\/BALTIC-OVERLANDERS-LOGO.jpg","contentUrl":"https:\/\/balticoverlanders.eu\/wp-content\/uploads\/2023\/04\/BALTIC-OVERLANDERS-LOGO.jpg","width":1497,"height":310,"caption":"BALTIC OVERLANDERS"},"image":{"@id":"https:\/\/balticoverlanders.eu\/lv\/#\/schema\/logo\/image\/"},"sameAs":["https:\/\/www.instagram.com\/balticoverlanders\/"]}]}},"_links":{"self":[{"href":"https:\/\/balticoverlanders.eu\/lv\/wp-json\/wp\/v2\/product\/42846","targetHints":{"allow":["GET"]}}],"collection":[{"href":"https:\/\/balticoverlanders.eu\/lv\/wp-json\/wp\/v2\/product"}],"about":[{"href":"https:\/\/balticoverlanders.eu\/lv\/wp-json\/wp\/v2\/types\/product"}],"wp:featuredmedia":[{"embeddable":true,"href":"https:\/\/balticoverlanders.eu\/lv\/wp-json\/wp\/v2\/media\/51163"}],"wp:attachment":[{"href":"https:\/\/balticoverlanders.eu\/lv\/wp-json\/wp\/v2\/media?parent=42846"}],"wp:term":[{"taxonomy":"product_brand","embeddable":true,"href":"https:\/\/balticoverlanders.eu\/lv\/wp-json\/wp\/v2\/product_brand?post=42846"},{"taxonomy":"product_cat","embeddable":true,"href":"https:\/\/balticoverlanders.eu\/lv\/wp-json\/wp\/v2\/product_cat?post=42846"},{"taxonomy":"product_tag","embeddable":true,"href":"https:\/\/balticoverlanders.eu\/lv\/wp-json\/wp\/v2\/product_tag?post=42846"}],"curies":[{"name":"wp","href":"https:\/\/api.w.org\/{rel}","templated":true}]}}