{"id":42853,"date":"2024-05-18T10:44:57","date_gmt":"2024-05-18T07:44:57","guid":{"rendered":"https:\/\/balticoverlanders.eu\/product\/wild-land-voyager-pro-140-jumta-telts\/"},"modified":"2024-06-10T16:48:50","modified_gmt":"2024-06-10T13:48:50","slug":"wild-land-voyager-pro-140-jumta-telts","status":"publish","type":"product","link":"https:\/\/balticoverlanders.eu\/lv\/produkts\/wild-land-voyager-pro-140-jumta-telts\/","title":{"rendered":"Wild Land Voyager PRO 140 jumta telts"},"content":{"rendered":"<div class=\"flex flex-grow flex-col max-w-full\">\n<div class=\"min-h-[20px] text-message flex flex-col items-start whitespace-pre-wrap break-words [.text-message+&amp;]:mt-5 juice:w-full juice:items-end overflow-x-auto gap-2\" dir=\"auto\" data-message-author-role=\"assistant\" data-message-id=\"d6398d34-9458-4e61-8ae8-e520b81841d5\">\n<div class=\"flex w-full flex-col gap-1 juice:empty:hidden juice:first:pt-[3px]\">\n<div class=\"markdown prose w-full break-words dark:prose-invert dark\">\n<h3>Voyager PRO 140 jumta telts: J\u016bsu lieliskais kempinga sabiedrotais<\/h3>\n<h4>P\u0101rskats<\/h4>\n<p>Iepaz\u012bstin\u0101m ar Voyager PRO 140 jumta telti, kas ir ide\u0101ls komforta, iztur\u012bbas un \u0113rt\u012bbu apvienojums. \u0160\u012b novatorisk\u0101 telts ir paredz\u0113ta diviem cilv\u0113kiem, un t\u0101 ir kompakta, kad ir saloc\u012bta, bet ietilp\u012bga un \u0113rta, kad ir uzcelta. Tas ir ide\u0101li piem\u0113rots jebkurai automa\u0161\u012bnai, tostarp maziem automobi\u013ciem un Eiropas pikapiem, un ir piem\u0113rots risin\u0101jums visa gada ce\u013cojumu piedz\u012bvojumiem.<\/p>\n<h4>Galven\u0101s funkcijas<\/h4>\n<ul>\n<li><strong>Kompakts un ietilp\u012bgs dizains<\/strong>: Pied\u0101v\u0101 230&#215;132 cm lielu gu\u013camvietu plat\u012bbu. Saloc\u012bta t\u0101 izm\u0113ri ir tikai 147&#215;126 cm, bet augstums &#8211; tikai 29 cm.<\/li>\n<li><strong>Iztur\u012bga konstrukcija<\/strong>: Izgatavota piln\u012bb\u0101 no alum\u012bnija, ieskaitot aug\u0161\u0113jo da\u013cu un konstrukciju. V\u0101kam ir T veida atveres piederumu mont\u0101\u017eai.<\/li>\n<li><strong>Iztur\u012bgs pret laikapst\u0101k\u013ciem<\/strong>: \u016adensnecaurlaid\u012bgs l\u012bdz pat 12000 mm: pilns v\u0113jp\u0101rkl\u0101js, izgatavots no WL-tech materi\u0101la. Nodro\u0161ina tumsu iek\u0161telp\u0101s, lai var\u0113tu netrauc\u0113ti gul\u0113t pat agr\u0101 saull\u0113kt\u0101.<\/li>\n<li><strong>3 sl\u0101\u0146u logi<\/strong>: Katr\u0101 pus\u0113 ir 3 sl\u0101\u0146u logi (galvenais telts materi\u0101ls, mosk\u012btu t\u012bkls un caursp\u012bd\u012bgs materi\u0101ls), kas nodro\u0161ina optim\u0101lu komfortu jebkuros laika apst\u0101k\u013cos.<\/li>\n<li><strong>\u0100tra iestat\u012b\u0161ana<\/strong>: Ar da\u017e\u0101m vienk\u0101r\u0161\u0101m kust\u012bb\u0101m salok\u0101ms un izvelkams maz\u0101k nek\u0101 min\u016bt\u0113. Nav nepiecie\u0161amas papildu tapas vai logu p\u0101rsegi.<\/li>\n<\/ul>\n<h4>Komforts un \u0113rt\u012bbas<\/h4>\n<ul>\n<li><strong>LED apgaismojums<\/strong>: Ietver LED lentu ar regul\u0113jamu gaismas intensit\u0101ti un USB izeju savieno\u0161anai ar jebkuru baro\u0161anas banku.<\/li>\n<li><strong>Uzglab\u0101\u0161anas kabatas<\/strong>: Da\u017e\u0101das kabatas telts iek\u0161pus\u0113 paroc\u012bgu priek\u0161metu glab\u0101\u0161anai.<\/li>\n<li><strong>\u0112rts matracis<\/strong>: 5 cm biezs matracis ar no\u0146emamu, mazg\u0101jamu p\u0101rvalku. Sast\u0101v no viena elementa, kas nodro\u0161ina liel\u0101ku komfortu.<\/li>\n<li><strong>Ventil\u0101cija<\/strong>: Atbilsto\u0161a gaisa cirkul\u0101cija ar ventil\u0101cijas caurumiem priek\u0161pus\u0113 un aizmugur\u0113, lai nov\u0113rstu kondens\u0101ciju.<\/li>\n<li><strong>Izol\u0113ts galvas segums<\/strong>: Uztur komfortablu temperat\u016bru telts iek\u0161pus\u0113, samazinot kondens\u0101ta veido\u0161anos.<\/li>\n<\/ul>\n<h4>Papildu funkcijas<\/h4>\n<ul>\n<li><strong>Alum\u012bnija teleskopisk\u0101s k\u0101pnes<\/strong>: No\u0146emamas un uzglab\u0101jamas telt\u012b vai automa\u0161\u012bn\u0101.<\/li>\n<li><strong>No\u0146emami elementi<\/strong>: Katra telts da\u013ca ir piln\u012bb\u0101 no\u0146emama, lai to var\u0113tu viegli t\u012br\u012bt un uztur\u0113t.<\/li>\n<li><strong>P\u0113cgarantijas apkope<\/strong>: Pat p\u0113c 2 gadu garantijas perioda beig\u0101m varat pa\u013cauties uz p\u0113cgarantijas servisu ar viegli pieejam\u0101m rezerves da\u013c\u0101m.<\/li>\n<\/ul>\n<h4>K\u0101p\u0113c izv\u0113l\u0113ties Voyager PRO 140?<\/h4>\n<p>Ar Voyager PRO 140 jumta telti izbaudiet dabu k\u0101 v\u0113l nekad agr\u0101k. T\u0101 iztur\u012bg\u0101 konstrukcija, \u0101tra uzst\u0101d\u012b\u0161ana un funkcijas jebkuros laikapst\u0101k\u013cos padara to par lielisku pal\u012bgu jebkuram piedz\u012bvojumam. Neatkar\u012bgi no t\u0101, vai kempingojat vasar\u0101 vai izp\u0113t\u0101t sniegotas ainavas, Voyager PRO 140 nodro\u0161ina \u0113rtu un \u0113rtu atp\u016btu.<\/p>\n<p>Izbaudiet piedz\u012bvojumu garu ar Voyager PRO 140 jumta telti, kur\u0101 komforts satiekas ar iztur\u012bbu, un katrs ce\u013cojums k\u013c\u016bst neaizmirstams.<\/p>\n<\/div>\n<\/div>\n<\/div>\n<\/div>\n<div class=\"mt-1 flex gap-3 empty:hidden juice:-ml-3\">\n<div class=\"items-center justify-start rounded-xl p-1 flex\">\n<div class=\"flex items-center\">\n<p>&nbsp;<\/p>\n<div class=\"flex\"><\/div>\n<div class=\"flex items-center pb-0.5 juice:pb-0\"><\/div>\n<\/div>\n<\/div>\n<\/div>\n","protected":false},"excerpt":{"rendered":"<p>Ide\u0101li piem\u0113rots jebkurai, pat mazai automa\u0161\u012bnai. 2 person\u0101m, kompakts, saloc\u012bts, un ietilp\u012bgs un \u0113rts iek\u0161pus\u0113. Sl\u0113gta tikai 25 cm un 28 cm augsta ar alum\u012bnija profilu zem\u0101k, m\u012bksta apkakle lab\u0101kai telts ventil\u0101cijai, kad t\u0101 ir aizv\u0113rta, PRO s\u0113rija ir izstr\u0101d\u0101ta ce\u013co\u0161anai visa gada garum\u0101, pilns p\u0101rsegs ir izgatavots no WL-tech materi\u0101la, \u016bdensnecaurlaid\u012bgs l\u012bdz PU 12000 mm, 3 sl\u0101\u0146u logi katr\u0101 telts pus\u0113, 360\u00b0 panor\u0101mas skats, komplekt\u0101: teleskopisk\u0101s k\u0101pnes l\u012bdz 230 cm garum\u0101, piederumi, apavu kabatas, LED gaisma iek\u0161pus\u0113, 2 papildu k\u0101jas telts atbalstam un nol\u012bdzin\u0101\u0161anai, mont\u0101\u017eas komplekts kop\u0101 ar instrukciju.<\/p>\n","protected":false},"featured_media":51206,"template":"","meta":[],"product_brand":[],"product_cat":[315,490],"product_tag":[],"class_list":{"0":"post-42853","1":"product","2":"type-product","3":"status-publish","4":"has-post-thumbnail","6":"product_cat-jumta-teltis","7":"product_cat-wilnd-land-lv","9":"first","10":"onbackorder","11":"taxable","12":"shipping-taxable","13":"purchasable","14":"product-type-simple"},"yoast_head":"<!-- This site is optimized with the Yoast SEO plugin v27.3 - https:\/\/yoast.com\/product\/yoast-seo-wordpress\/ -->\n<title>Wild Land Voyager PRO 140 jumta telts - BALTIC OVERLANDERS<\/title>\n<meta name=\"description\" content=\"Kompakta un ietilp\u012bga telts, kas lieliski piem\u0113rota maz\u0101m automa\u0161\u012bn\u0101m. Ide\u0101li piem\u0113rots div\u0101m person\u0101m. Izmanto\u0161ana visu gadu, \u016bdensiztur\u012bgs WL-tech materi\u0101ls, 360\u00b0 panor\u0101mas skats, ietilpst teleskopisk\u0101s k\u0101pnes un LED gaisma.\" \/>\n<meta name=\"robots\" content=\"index, follow, max-snippet:-1, max-image-preview:large, max-video-preview:-1\" \/>\n<link rel=\"canonical\" href=\"https:\/\/balticoverlanders.eu\/lv\/produkts\/wild-land-voyager-pro-140-jumta-telts\/\" \/>\n<meta property=\"og:locale\" content=\"lv_LV\" \/>\n<meta property=\"og:type\" content=\"article\" \/>\n<meta property=\"og:title\" content=\"Wild Land Voyager PRO 140 jumta telts - BALTIC OVERLANDERS\" \/>\n<meta property=\"og:description\" content=\"Kompakta un ietilp\u012bga telts, kas lieliski piem\u0113rota maz\u0101m automa\u0161\u012bn\u0101m. Ide\u0101li piem\u0113rots div\u0101m person\u0101m. Izmanto\u0161ana visu gadu, \u016bdensiztur\u012bgs WL-tech materi\u0101ls, 360\u00b0 panor\u0101mas skats, ietilpst teleskopisk\u0101s k\u0101pnes un LED gaisma.\" \/>\n<meta property=\"og:url\" content=\"https:\/\/balticoverlanders.eu\/lv\/produkts\/wild-land-voyager-pro-140-jumta-telts\/\" \/>\n<meta property=\"og:site_name\" content=\"BALTIC OVERLANDERS\" \/>\n<meta property=\"article:modified_time\" content=\"2024-06-10T13:48:50+00:00\" \/>\n<meta property=\"og:image\" content=\"https:\/\/balticoverlanders.eu\/wp-content\/uploads\/2024\/05\/innovative-tent-for-car-outdoor.jpeg\" \/>\n\t<meta property=\"og:image:width\" content=\"1180\" \/>\n\t<meta property=\"og:image:height\" content=\"722\" \/>\n\t<meta property=\"og:image:type\" content=\"image\/jpeg\" \/>\n<meta name=\"twitter:card\" content=\"summary_large_image\" \/>\n<meta name=\"twitter:label1\" content=\"Est. reading time\" \/>\n\t<meta name=\"twitter:data1\" content=\"2 minutes\" \/>\n<script type=\"application\/ld+json\" class=\"yoast-schema-graph\">{\"@context\":\"https:\\\/\\\/schema.org\",\"@graph\":[{\"@type\":\"WebPage\",\"@id\":\"https:\\\/\\\/balticoverlanders.eu\\\/lv\\\/produkts\\\/wild-land-voyager-pro-140-jumta-telts\\\/\",\"url\":\"https:\\\/\\\/balticoverlanders.eu\\\/lv\\\/produkts\\\/wild-land-voyager-pro-140-jumta-telts\\\/\",\"name\":\"Wild Land Voyager PRO 140 jumta telts - BALTIC OVERLANDERS\",\"isPartOf\":{\"@id\":\"https:\\\/\\\/balticoverlanders.eu\\\/lv\\\/#website\"},\"primaryImageOfPage\":{\"@id\":\"https:\\\/\\\/balticoverlanders.eu\\\/lv\\\/produkts\\\/wild-land-voyager-pro-140-jumta-telts\\\/#primaryimage\"},\"image\":{\"@id\":\"https:\\\/\\\/balticoverlanders.eu\\\/lv\\\/produkts\\\/wild-land-voyager-pro-140-jumta-telts\\\/#primaryimage\"},\"thumbnailUrl\":\"https:\\\/\\\/balticoverlanders.eu\\\/wp-content\\\/uploads\\\/2024\\\/05\\\/innovative-tent-for-car-outdoor.jpeg\",\"datePublished\":\"2024-05-18T07:44:57+00:00\",\"dateModified\":\"2024-06-10T13:48:50+00:00\",\"description\":\"Kompakta un ietilp\u012bga telts, kas lieliski piem\u0113rota maz\u0101m automa\u0161\u012bn\u0101m. Ide\u0101li piem\u0113rots div\u0101m person\u0101m. Izmanto\u0161ana visu gadu, \u016bdensiztur\u012bgs WL-tech materi\u0101ls, 360\u00b0 panor\u0101mas skats, ietilpst teleskopisk\u0101s k\u0101pnes un LED gaisma.\",\"breadcrumb\":{\"@id\":\"https:\\\/\\\/balticoverlanders.eu\\\/lv\\\/produkts\\\/wild-land-voyager-pro-140-jumta-telts\\\/#breadcrumb\"},\"inLanguage\":\"lv-LV\",\"potentialAction\":[{\"@type\":\"ReadAction\",\"target\":[\"https:\\\/\\\/balticoverlanders.eu\\\/lv\\\/produkts\\\/wild-land-voyager-pro-140-jumta-telts\\\/\"]}]},{\"@type\":\"ImageObject\",\"inLanguage\":\"lv-LV\",\"@id\":\"https:\\\/\\\/balticoverlanders.eu\\\/lv\\\/produkts\\\/wild-land-voyager-pro-140-jumta-telts\\\/#primaryimage\",\"url\":\"https:\\\/\\\/balticoverlanders.eu\\\/wp-content\\\/uploads\\\/2024\\\/05\\\/innovative-tent-for-car-outdoor.jpeg\",\"contentUrl\":\"https:\\\/\\\/balticoverlanders.eu\\\/wp-content\\\/uploads\\\/2024\\\/05\\\/innovative-tent-for-car-outdoor.jpeg\",\"width\":1180,\"height\":722},{\"@type\":\"BreadcrumbList\",\"@id\":\"https:\\\/\\\/balticoverlanders.eu\\\/lv\\\/produkts\\\/wild-land-voyager-pro-140-jumta-telts\\\/#breadcrumb\",\"itemListElement\":[{\"@type\":\"ListItem\",\"position\":1,\"name\":\"Home\",\"item\":\"https:\\\/\\\/balticoverlanders.eu\\\/lv\\\/\"},{\"@type\":\"ListItem\",\"position\":2,\"name\":\"Veikals\",\"item\":\"https:\\\/\\\/balticoverlanders.eu\\\/lv\\\/veikals\\\/\"},{\"@type\":\"ListItem\",\"position\":3,\"name\":\"Wild Land Voyager PRO 140 jumta telts\"}]},{\"@type\":\"WebSite\",\"@id\":\"https:\\\/\\\/balticoverlanders.eu\\\/lv\\\/#website\",\"url\":\"https:\\\/\\\/balticoverlanders.eu\\\/lv\\\/\",\"name\":\"BALTIC OVERLANDERS\",\"description\":\"Your one-stop shop in Latvia, Estonia, and Lithuania for all your car camping, rooftop tent and accessory needs.\",\"publisher\":{\"@id\":\"https:\\\/\\\/balticoverlanders.eu\\\/lv\\\/#organization\"},\"potentialAction\":[{\"@type\":\"SearchAction\",\"target\":{\"@type\":\"EntryPoint\",\"urlTemplate\":\"https:\\\/\\\/balticoverlanders.eu\\\/lv\\\/?s={search_term_string}\"},\"query-input\":{\"@type\":\"PropertyValueSpecification\",\"valueRequired\":true,\"valueName\":\"search_term_string\"}}],\"inLanguage\":\"lv-LV\"},{\"@type\":\"Organization\",\"@id\":\"https:\\\/\\\/balticoverlanders.eu\\\/lv\\\/#organization\",\"name\":\"BALTIC OVERLANDERS\",\"url\":\"https:\\\/\\\/balticoverlanders.eu\\\/lv\\\/\",\"logo\":{\"@type\":\"ImageObject\",\"inLanguage\":\"lv-LV\",\"@id\":\"https:\\\/\\\/balticoverlanders.eu\\\/lv\\\/#\\\/schema\\\/logo\\\/image\\\/\",\"url\":\"https:\\\/\\\/balticoverlanders.eu\\\/wp-content\\\/uploads\\\/2023\\\/04\\\/BALTIC-OVERLANDERS-LOGO.jpg\",\"contentUrl\":\"https:\\\/\\\/balticoverlanders.eu\\\/wp-content\\\/uploads\\\/2023\\\/04\\\/BALTIC-OVERLANDERS-LOGO.jpg\",\"width\":1497,\"height\":310,\"caption\":\"BALTIC OVERLANDERS\"},\"image\":{\"@id\":\"https:\\\/\\\/balticoverlanders.eu\\\/lv\\\/#\\\/schema\\\/logo\\\/image\\\/\"},\"sameAs\":[\"https:\\\/\\\/www.instagram.com\\\/balticoverlanders\\\/\"]}]}<\/script>\n<!-- \/ Yoast SEO plugin. -->","yoast_head_json":{"title":"Wild Land Voyager PRO 140 jumta telts - BALTIC OVERLANDERS","description":"Kompakta un ietilp\u012bga telts, kas lieliski piem\u0113rota maz\u0101m automa\u0161\u012bn\u0101m. Ide\u0101li piem\u0113rots div\u0101m person\u0101m. Izmanto\u0161ana visu gadu, \u016bdensiztur\u012bgs WL-tech materi\u0101ls, 360\u00b0 panor\u0101mas skats, ietilpst teleskopisk\u0101s k\u0101pnes un LED gaisma.","robots":{"index":"index","follow":"follow","max-snippet":"max-snippet:-1","max-image-preview":"max-image-preview:large","max-video-preview":"max-video-preview:-1"},"canonical":"https:\/\/balticoverlanders.eu\/lv\/produkts\/wild-land-voyager-pro-140-jumta-telts\/","og_locale":"lv_LV","og_type":"article","og_title":"Wild Land Voyager PRO 140 jumta telts - BALTIC OVERLANDERS","og_description":"Kompakta un ietilp\u012bga telts, kas lieliski piem\u0113rota maz\u0101m automa\u0161\u012bn\u0101m. Ide\u0101li piem\u0113rots div\u0101m person\u0101m. Izmanto\u0161ana visu gadu, \u016bdensiztur\u012bgs WL-tech materi\u0101ls, 360\u00b0 panor\u0101mas skats, ietilpst teleskopisk\u0101s k\u0101pnes un LED gaisma.","og_url":"https:\/\/balticoverlanders.eu\/lv\/produkts\/wild-land-voyager-pro-140-jumta-telts\/","og_site_name":"BALTIC OVERLANDERS","article_modified_time":"2024-06-10T13:48:50+00:00","og_image":[{"width":1180,"height":722,"url":"https:\/\/balticoverlanders.eu\/wp-content\/uploads\/2024\/05\/innovative-tent-for-car-outdoor.jpeg","type":"image\/jpeg"}],"twitter_card":"summary_large_image","twitter_misc":{"Est. reading time":"2 minutes"},"schema":{"@context":"https:\/\/schema.org","@graph":[{"@type":"WebPage","@id":"https:\/\/balticoverlanders.eu\/lv\/produkts\/wild-land-voyager-pro-140-jumta-telts\/","url":"https:\/\/balticoverlanders.eu\/lv\/produkts\/wild-land-voyager-pro-140-jumta-telts\/","name":"Wild Land Voyager PRO 140 jumta telts - BALTIC OVERLANDERS","isPartOf":{"@id":"https:\/\/balticoverlanders.eu\/lv\/#website"},"primaryImageOfPage":{"@id":"https:\/\/balticoverlanders.eu\/lv\/produkts\/wild-land-voyager-pro-140-jumta-telts\/#primaryimage"},"image":{"@id":"https:\/\/balticoverlanders.eu\/lv\/produkts\/wild-land-voyager-pro-140-jumta-telts\/#primaryimage"},"thumbnailUrl":"https:\/\/balticoverlanders.eu\/wp-content\/uploads\/2024\/05\/innovative-tent-for-car-outdoor.jpeg","datePublished":"2024-05-18T07:44:57+00:00","dateModified":"2024-06-10T13:48:50+00:00","description":"Kompakta un ietilp\u012bga telts, kas lieliski piem\u0113rota maz\u0101m automa\u0161\u012bn\u0101m. Ide\u0101li piem\u0113rots div\u0101m person\u0101m. Izmanto\u0161ana visu gadu, \u016bdensiztur\u012bgs WL-tech materi\u0101ls, 360\u00b0 panor\u0101mas skats, ietilpst teleskopisk\u0101s k\u0101pnes un LED gaisma.","breadcrumb":{"@id":"https:\/\/balticoverlanders.eu\/lv\/produkts\/wild-land-voyager-pro-140-jumta-telts\/#breadcrumb"},"inLanguage":"lv-LV","potentialAction":[{"@type":"ReadAction","target":["https:\/\/balticoverlanders.eu\/lv\/produkts\/wild-land-voyager-pro-140-jumta-telts\/"]}]},{"@type":"ImageObject","inLanguage":"lv-LV","@id":"https:\/\/balticoverlanders.eu\/lv\/produkts\/wild-land-voyager-pro-140-jumta-telts\/#primaryimage","url":"https:\/\/balticoverlanders.eu\/wp-content\/uploads\/2024\/05\/innovative-tent-for-car-outdoor.jpeg","contentUrl":"https:\/\/balticoverlanders.eu\/wp-content\/uploads\/2024\/05\/innovative-tent-for-car-outdoor.jpeg","width":1180,"height":722},{"@type":"BreadcrumbList","@id":"https:\/\/balticoverlanders.eu\/lv\/produkts\/wild-land-voyager-pro-140-jumta-telts\/#breadcrumb","itemListElement":[{"@type":"ListItem","position":1,"name":"Home","item":"https:\/\/balticoverlanders.eu\/lv\/"},{"@type":"ListItem","position":2,"name":"Veikals","item":"https:\/\/balticoverlanders.eu\/lv\/veikals\/"},{"@type":"ListItem","position":3,"name":"Wild Land Voyager PRO 140 jumta telts"}]},{"@type":"WebSite","@id":"https:\/\/balticoverlanders.eu\/lv\/#website","url":"https:\/\/balticoverlanders.eu\/lv\/","name":"BALTIC OVERLANDERS","description":"Your one-stop shop in Latvia, Estonia, and Lithuania for all your car camping, rooftop tent and accessory needs.","publisher":{"@id":"https:\/\/balticoverlanders.eu\/lv\/#organization"},"potentialAction":[{"@type":"SearchAction","target":{"@type":"EntryPoint","urlTemplate":"https:\/\/balticoverlanders.eu\/lv\/?s={search_term_string}"},"query-input":{"@type":"PropertyValueSpecification","valueRequired":true,"valueName":"search_term_string"}}],"inLanguage":"lv-LV"},{"@type":"Organization","@id":"https:\/\/balticoverlanders.eu\/lv\/#organization","name":"BALTIC OVERLANDERS","url":"https:\/\/balticoverlanders.eu\/lv\/","logo":{"@type":"ImageObject","inLanguage":"lv-LV","@id":"https:\/\/balticoverlanders.eu\/lv\/#\/schema\/logo\/image\/","url":"https:\/\/balticoverlanders.eu\/wp-content\/uploads\/2023\/04\/BALTIC-OVERLANDERS-LOGO.jpg","contentUrl":"https:\/\/balticoverlanders.eu\/wp-content\/uploads\/2023\/04\/BALTIC-OVERLANDERS-LOGO.jpg","width":1497,"height":310,"caption":"BALTIC OVERLANDERS"},"image":{"@id":"https:\/\/balticoverlanders.eu\/lv\/#\/schema\/logo\/image\/"},"sameAs":["https:\/\/www.instagram.com\/balticoverlanders\/"]}]}},"_links":{"self":[{"href":"https:\/\/balticoverlanders.eu\/lv\/wp-json\/wp\/v2\/product\/42853","targetHints":{"allow":["GET"]}}],"collection":[{"href":"https:\/\/balticoverlanders.eu\/lv\/wp-json\/wp\/v2\/product"}],"about":[{"href":"https:\/\/balticoverlanders.eu\/lv\/wp-json\/wp\/v2\/types\/product"}],"wp:featuredmedia":[{"embeddable":true,"href":"https:\/\/balticoverlanders.eu\/lv\/wp-json\/wp\/v2\/media\/51206"}],"wp:attachment":[{"href":"https:\/\/balticoverlanders.eu\/lv\/wp-json\/wp\/v2\/media?parent=42853"}],"wp:term":[{"taxonomy":"product_brand","embeddable":true,"href":"https:\/\/balticoverlanders.eu\/lv\/wp-json\/wp\/v2\/product_brand?post=42853"},{"taxonomy":"product_cat","embeddable":true,"href":"https:\/\/balticoverlanders.eu\/lv\/wp-json\/wp\/v2\/product_cat?post=42853"},{"taxonomy":"product_tag","embeddable":true,"href":"https:\/\/balticoverlanders.eu\/lv\/wp-json\/wp\/v2\/product_tag?post=42853"}],"curies":[{"name":"wp","href":"https:\/\/api.w.org\/{rel}","templated":true}]}}