{"id":8410,"date":"2023-03-12T11:40:24","date_gmt":"2023-03-12T09:40:24","guid":{"rendered":"https:\/\/balticoverlanders.eu\/product\/evasion-m\/"},"modified":"2025-07-09T19:56:07","modified_gmt":"2025-07-09T16:56:07","slug":"james-baroud-evasion-m-auto-jumta-telts","status":"publish","type":"product","link":"https:\/\/balticoverlanders.eu\/lv\/produkts\/james-baroud-evasion-m-auto-jumta-telts\/","title":{"rendered":"James Baroud Evasion M"},"content":{"rendered":"<p class=\"preFade fadeIn disable-executed-animation\"><strong>EVASION M &#8211; Iespaid\u012bgs 360\u00ba skats.<br \/>\n<\/strong><\/p>\n<ul>\n<li class=\"preFade fadeIn disable-executed-animation\">2 pieaugu\u0161ajiem un 1 b\u0113rnam<\/li>\n<li class=\"preFade fadeIn disable-executed-animation\">matra\u010da izm\u0113rs 140 cm x 200 cm<\/li>\n<li class=\"preFade fadeIn disable-executed-animation\">atv\u0113rts augstums 100 cm<\/li>\n<\/ul>\n<p>No vis\u0101m tirg\u016b pieejamaj\u0101m horizont\u0101li atveramaj\u0101m telt\u012bm James Baroud Evasion jumta teltij ir liel\u0101kais iek\u0161\u0113jais tilpums. T\u0101 k\u0101 telts Evasion kop\u0113j\u0101 iek\u0161\u0113j\u0101 telpa ir liel\u0101ka, telts Evasion nodro\u0161ina \u0113rtu vietu pieaugu\u0161ajiem, lai tie var\u0113tu s\u0113d\u0113t abos telts galos. Pateicoties 360\u00ba panor\u0101mas logiem, silt\u0101k\u0101 klimat\u0101 telt\u012b br\u012bvi cirkul\u0113 gaiss un paveras iespaid\u012bgs skats.<\/p>\n<p>Tas ir pieejams S izm\u0113r\u0101 (130&#215;200 cm), M izm\u0113r\u0101 (140&#215;200 cm) un XL izm\u0113r\u0101 (160&#215;224 cm).<\/p>\n<p><img fetchpriority=\"high\" decoding=\"async\" class=\"alignnone size-medium wp-image-6098\" src=\"https:\/\/balticoverlanders.eu\/wp-content\/uploads\/2023\/03\/EvasionM_11-300x300.png\" alt=\"\" width=\"300\" height=\"300\" srcset=\"https:\/\/balticoverlanders.eu\/wp-content\/uploads\/2023\/03\/EvasionM_11-300x300.png 300w, https:\/\/balticoverlanders.eu\/wp-content\/uploads\/2023\/03\/EvasionM_11-150x150.png 150w, https:\/\/balticoverlanders.eu\/wp-content\/uploads\/2023\/03\/EvasionM_11.png 500w\" sizes=\"(max-width: 300px) 100vw, 300px\" \/><img decoding=\"async\" class=\"alignnone size-medium wp-image-6097\" src=\"https:\/\/balticoverlanders.eu\/wp-content\/uploads\/2023\/03\/EvasionM_21-300x300.png\" alt=\"\" width=\"300\" height=\"300\" srcset=\"https:\/\/balticoverlanders.eu\/wp-content\/uploads\/2023\/03\/EvasionM_21-300x300.png 300w, https:\/\/balticoverlanders.eu\/wp-content\/uploads\/2023\/03\/EvasionM_21-150x150.png 150w, https:\/\/balticoverlanders.eu\/wp-content\/uploads\/2023\/03\/EvasionM_21.png 500w\" sizes=\"(max-width: 300px) 100vw, 300px\" \/><img decoding=\"async\" class=\"alignnone size-medium wp-image-6096\" src=\"https:\/\/balticoverlanders.eu\/wp-content\/uploads\/2023\/03\/EvasionM_31-300x300.png\" alt=\"\" width=\"300\" height=\"300\" srcset=\"https:\/\/balticoverlanders.eu\/wp-content\/uploads\/2023\/03\/EvasionM_31-300x300.png 300w, https:\/\/balticoverlanders.eu\/wp-content\/uploads\/2023\/03\/EvasionM_31-150x150.png 150w, https:\/\/balticoverlanders.eu\/wp-content\/uploads\/2023\/03\/EvasionM_31.png 500w\" sizes=\"(max-width: 300px) 100vw, 300px\" \/><img loading=\"lazy\" decoding=\"async\" class=\"alignnone size-medium wp-image-6095\" src=\"https:\/\/balticoverlanders.eu\/wp-content\/uploads\/2023\/03\/EvasionM_41-300x300.png\" alt=\"\" width=\"300\" height=\"300\" srcset=\"https:\/\/balticoverlanders.eu\/wp-content\/uploads\/2023\/03\/EvasionM_41-300x300.png 300w, https:\/\/balticoverlanders.eu\/wp-content\/uploads\/2023\/03\/EvasionM_41-150x150.png 150w, https:\/\/balticoverlanders.eu\/wp-content\/uploads\/2023\/03\/EvasionM_41.png 500w\" sizes=\"(max-width: 300px) 100vw, 300px\" \/><\/p>\n","protected":false},"excerpt":{"rendered":"<p>EVASION M &#8211; Iespaid\u012bgs 360\u00ba skats.<\/p>\n<ul>\n<li class=\"preFade fadeIn disable-executed-animation\">2 pieaugu\u0161ajiem un 1 b\u0113rnam<\/li>\n<li class=\"preFade fadeIn disable-executed-animation\">matra\u010da izm\u0113rs 140 cm x 200 cm<\/li>\n<li class=\"preFade fadeIn disable-executed-animation\">atv\u0113rts augstums 100 cm<\/li>\n<\/ul>\n<p>INOV\u0100CIJAS, KOMFORTS, IZTUR\u012aBA UN \u0100TRUMS<\/p>\n<p>\u0160ie ir galvenie elementi, kas ir padar\u012bju\u0161i James Baroud jumta teltis slavenas vis\u0101 pasaul\u0113.<\/p>\n","protected":false},"featured_media":6106,"template":"","meta":[],"product_brand":[],"product_cat":[133,315],"product_tag":[],"class_list":{"0":"post-8410","1":"product","2":"type-product","3":"status-publish","4":"has-post-thumbnail","6":"product_cat-james-baroud-lv","7":"product_cat-jumta-teltis","9":"first","10":"instock","11":"taxable","12":"shipping-taxable","13":"purchasable","14":"product-type-variable"},"yoast_head":"<!-- This site is optimized with the Yoast SEO plugin v27.3 - https:\/\/yoast.com\/product\/yoast-seo-wordpress\/ -->\n<title>James Baroud Evasion M - BALTIC OVERLANDERS<\/title>\n<meta name=\"robots\" content=\"index, follow, max-snippet:-1, max-image-preview:large, max-video-preview:-1\" \/>\n<link rel=\"canonical\" href=\"https:\/\/balticoverlanders.eu\/lv\/produkts\/james-baroud-evasion-m-auto-jumta-telts\/\" \/>\n<meta property=\"og:locale\" content=\"lv_LV\" \/>\n<meta property=\"og:type\" content=\"article\" \/>\n<meta property=\"og:title\" content=\"James Baroud Evasion M - BALTIC OVERLANDERS\" \/>\n<meta property=\"og:description\" content=\"EVASION M - Iespaid\u012bgs 360\u00ba skats.   2 pieaugu\u0161ajiem un 1 b\u0113rnam  matra\u010da izm\u0113rs 140 cm x 200 cm  atv\u0113rts augstums 100 cm  INOV\u0100CIJAS, KOMFORTS, IZTUR\u012aBA UN \u0100TRUMS  \u0160ie ir galvenie elementi, kas ir padar\u012bju\u0161i James Baroud jumta teltis slavenas vis\u0101 pasaul\u0113.\" \/>\n<meta property=\"og:url\" content=\"https:\/\/balticoverlanders.eu\/lv\/produkts\/james-baroud-evasion-m-auto-jumta-telts\/\" \/>\n<meta property=\"og:site_name\" content=\"BALTIC OVERLANDERS\" \/>\n<meta property=\"article:modified_time\" content=\"2025-07-09T16:56:07+00:00\" \/>\n<meta property=\"og:image\" content=\"https:\/\/balticoverlanders.eu\/wp-content\/uploads\/2023\/03\/EvasionSTD-Grey20.png\" \/>\n\t<meta property=\"og:image:width\" content=\"1000\" \/>\n\t<meta property=\"og:image:height\" content=\"667\" \/>\n\t<meta property=\"og:image:type\" content=\"image\/png\" \/>\n<meta name=\"twitter:card\" content=\"summary_large_image\" \/>\n<meta name=\"twitter:label1\" content=\"Est. reading time\" \/>\n\t<meta name=\"twitter:data1\" content=\"2 minutes\" \/>\n<script type=\"application\/ld+json\" class=\"yoast-schema-graph\">{\"@context\":\"https:\\\/\\\/schema.org\",\"@graph\":[{\"@type\":\"WebPage\",\"@id\":\"https:\\\/\\\/balticoverlanders.eu\\\/lv\\\/produkts\\\/james-baroud-evasion-m-auto-jumta-telts\\\/\",\"url\":\"https:\\\/\\\/balticoverlanders.eu\\\/lv\\\/produkts\\\/james-baroud-evasion-m-auto-jumta-telts\\\/\",\"name\":\"James Baroud Evasion M - BALTIC OVERLANDERS\",\"isPartOf\":{\"@id\":\"https:\\\/\\\/balticoverlanders.eu\\\/lv\\\/#website\"},\"primaryImageOfPage\":{\"@id\":\"https:\\\/\\\/balticoverlanders.eu\\\/lv\\\/produkts\\\/james-baroud-evasion-m-auto-jumta-telts\\\/#primaryimage\"},\"image\":{\"@id\":\"https:\\\/\\\/balticoverlanders.eu\\\/lv\\\/produkts\\\/james-baroud-evasion-m-auto-jumta-telts\\\/#primaryimage\"},\"thumbnailUrl\":\"https:\\\/\\\/balticoverlanders.eu\\\/wp-content\\\/uploads\\\/2023\\\/03\\\/EvasionSTD-Grey20.png\",\"datePublished\":\"2023-03-12T09:40:24+00:00\",\"dateModified\":\"2025-07-09T16:56:07+00:00\",\"breadcrumb\":{\"@id\":\"https:\\\/\\\/balticoverlanders.eu\\\/lv\\\/produkts\\\/james-baroud-evasion-m-auto-jumta-telts\\\/#breadcrumb\"},\"inLanguage\":\"lv-LV\",\"potentialAction\":[{\"@type\":\"ReadAction\",\"target\":[\"https:\\\/\\\/balticoverlanders.eu\\\/lv\\\/produkts\\\/james-baroud-evasion-m-auto-jumta-telts\\\/\"]}]},{\"@type\":\"ImageObject\",\"inLanguage\":\"lv-LV\",\"@id\":\"https:\\\/\\\/balticoverlanders.eu\\\/lv\\\/produkts\\\/james-baroud-evasion-m-auto-jumta-telts\\\/#primaryimage\",\"url\":\"https:\\\/\\\/balticoverlanders.eu\\\/wp-content\\\/uploads\\\/2023\\\/03\\\/EvasionSTD-Grey20.png\",\"contentUrl\":\"https:\\\/\\\/balticoverlanders.eu\\\/wp-content\\\/uploads\\\/2023\\\/03\\\/EvasionSTD-Grey20.png\",\"width\":1000,\"height\":667},{\"@type\":\"BreadcrumbList\",\"@id\":\"https:\\\/\\\/balticoverlanders.eu\\\/lv\\\/produkts\\\/james-baroud-evasion-m-auto-jumta-telts\\\/#breadcrumb\",\"itemListElement\":[{\"@type\":\"ListItem\",\"position\":1,\"name\":\"Home\",\"item\":\"https:\\\/\\\/balticoverlanders.eu\\\/lv\\\/\"},{\"@type\":\"ListItem\",\"position\":2,\"name\":\"Veikals\",\"item\":\"https:\\\/\\\/balticoverlanders.eu\\\/lv\\\/veikals\\\/\"},{\"@type\":\"ListItem\",\"position\":3,\"name\":\"James Baroud Evasion M\"}]},{\"@type\":\"WebSite\",\"@id\":\"https:\\\/\\\/balticoverlanders.eu\\\/lv\\\/#website\",\"url\":\"https:\\\/\\\/balticoverlanders.eu\\\/lv\\\/\",\"name\":\"BALTIC OVERLANDERS\",\"description\":\"Your one-stop shop in Latvia, Estonia, and Lithuania for all your car camping, rooftop tent and accessory needs.\",\"publisher\":{\"@id\":\"https:\\\/\\\/balticoverlanders.eu\\\/lv\\\/#organization\"},\"potentialAction\":[{\"@type\":\"SearchAction\",\"target\":{\"@type\":\"EntryPoint\",\"urlTemplate\":\"https:\\\/\\\/balticoverlanders.eu\\\/lv\\\/?s={search_term_string}\"},\"query-input\":{\"@type\":\"PropertyValueSpecification\",\"valueRequired\":true,\"valueName\":\"search_term_string\"}}],\"inLanguage\":\"lv-LV\"},{\"@type\":\"Organization\",\"@id\":\"https:\\\/\\\/balticoverlanders.eu\\\/lv\\\/#organization\",\"name\":\"BALTIC OVERLANDERS\",\"url\":\"https:\\\/\\\/balticoverlanders.eu\\\/lv\\\/\",\"logo\":{\"@type\":\"ImageObject\",\"inLanguage\":\"lv-LV\",\"@id\":\"https:\\\/\\\/balticoverlanders.eu\\\/lv\\\/#\\\/schema\\\/logo\\\/image\\\/\",\"url\":\"https:\\\/\\\/balticoverlanders.eu\\\/wp-content\\\/uploads\\\/2023\\\/04\\\/BALTIC-OVERLANDERS-LOGO.jpg\",\"contentUrl\":\"https:\\\/\\\/balticoverlanders.eu\\\/wp-content\\\/uploads\\\/2023\\\/04\\\/BALTIC-OVERLANDERS-LOGO.jpg\",\"width\":1497,\"height\":310,\"caption\":\"BALTIC OVERLANDERS\"},\"image\":{\"@id\":\"https:\\\/\\\/balticoverlanders.eu\\\/lv\\\/#\\\/schema\\\/logo\\\/image\\\/\"},\"sameAs\":[\"https:\\\/\\\/www.instagram.com\\\/balticoverlanders\\\/\"]}]}<\/script>\n<!-- \/ Yoast SEO plugin. -->","yoast_head_json":{"title":"James Baroud Evasion M - BALTIC OVERLANDERS","robots":{"index":"index","follow":"follow","max-snippet":"max-snippet:-1","max-image-preview":"max-image-preview:large","max-video-preview":"max-video-preview:-1"},"canonical":"https:\/\/balticoverlanders.eu\/lv\/produkts\/james-baroud-evasion-m-auto-jumta-telts\/","og_locale":"lv_LV","og_type":"article","og_title":"James Baroud Evasion M - BALTIC OVERLANDERS","og_description":"EVASION M - Iespaid\u012bgs 360\u00ba skats.   2 pieaugu\u0161ajiem un 1 b\u0113rnam  matra\u010da izm\u0113rs 140 cm x 200 cm  atv\u0113rts augstums 100 cm  INOV\u0100CIJAS, KOMFORTS, IZTUR\u012aBA UN \u0100TRUMS  \u0160ie ir galvenie elementi, kas ir padar\u012bju\u0161i James Baroud jumta teltis slavenas vis\u0101 pasaul\u0113.","og_url":"https:\/\/balticoverlanders.eu\/lv\/produkts\/james-baroud-evasion-m-auto-jumta-telts\/","og_site_name":"BALTIC OVERLANDERS","article_modified_time":"2025-07-09T16:56:07+00:00","og_image":[{"width":1000,"height":667,"url":"https:\/\/balticoverlanders.eu\/wp-content\/uploads\/2023\/03\/EvasionSTD-Grey20.png","type":"image\/png"}],"twitter_card":"summary_large_image","twitter_misc":{"Est. reading time":"2 minutes"},"schema":{"@context":"https:\/\/schema.org","@graph":[{"@type":"WebPage","@id":"https:\/\/balticoverlanders.eu\/lv\/produkts\/james-baroud-evasion-m-auto-jumta-telts\/","url":"https:\/\/balticoverlanders.eu\/lv\/produkts\/james-baroud-evasion-m-auto-jumta-telts\/","name":"James Baroud Evasion M - BALTIC OVERLANDERS","isPartOf":{"@id":"https:\/\/balticoverlanders.eu\/lv\/#website"},"primaryImageOfPage":{"@id":"https:\/\/balticoverlanders.eu\/lv\/produkts\/james-baroud-evasion-m-auto-jumta-telts\/#primaryimage"},"image":{"@id":"https:\/\/balticoverlanders.eu\/lv\/produkts\/james-baroud-evasion-m-auto-jumta-telts\/#primaryimage"},"thumbnailUrl":"https:\/\/balticoverlanders.eu\/wp-content\/uploads\/2023\/03\/EvasionSTD-Grey20.png","datePublished":"2023-03-12T09:40:24+00:00","dateModified":"2025-07-09T16:56:07+00:00","breadcrumb":{"@id":"https:\/\/balticoverlanders.eu\/lv\/produkts\/james-baroud-evasion-m-auto-jumta-telts\/#breadcrumb"},"inLanguage":"lv-LV","potentialAction":[{"@type":"ReadAction","target":["https:\/\/balticoverlanders.eu\/lv\/produkts\/james-baroud-evasion-m-auto-jumta-telts\/"]}]},{"@type":"ImageObject","inLanguage":"lv-LV","@id":"https:\/\/balticoverlanders.eu\/lv\/produkts\/james-baroud-evasion-m-auto-jumta-telts\/#primaryimage","url":"https:\/\/balticoverlanders.eu\/wp-content\/uploads\/2023\/03\/EvasionSTD-Grey20.png","contentUrl":"https:\/\/balticoverlanders.eu\/wp-content\/uploads\/2023\/03\/EvasionSTD-Grey20.png","width":1000,"height":667},{"@type":"BreadcrumbList","@id":"https:\/\/balticoverlanders.eu\/lv\/produkts\/james-baroud-evasion-m-auto-jumta-telts\/#breadcrumb","itemListElement":[{"@type":"ListItem","position":1,"name":"Home","item":"https:\/\/balticoverlanders.eu\/lv\/"},{"@type":"ListItem","position":2,"name":"Veikals","item":"https:\/\/balticoverlanders.eu\/lv\/veikals\/"},{"@type":"ListItem","position":3,"name":"James Baroud Evasion M"}]},{"@type":"WebSite","@id":"https:\/\/balticoverlanders.eu\/lv\/#website","url":"https:\/\/balticoverlanders.eu\/lv\/","name":"BALTIC OVERLANDERS","description":"Your one-stop shop in Latvia, Estonia, and Lithuania for all your car camping, rooftop tent and accessory needs.","publisher":{"@id":"https:\/\/balticoverlanders.eu\/lv\/#organization"},"potentialAction":[{"@type":"SearchAction","target":{"@type":"EntryPoint","urlTemplate":"https:\/\/balticoverlanders.eu\/lv\/?s={search_term_string}"},"query-input":{"@type":"PropertyValueSpecification","valueRequired":true,"valueName":"search_term_string"}}],"inLanguage":"lv-LV"},{"@type":"Organization","@id":"https:\/\/balticoverlanders.eu\/lv\/#organization","name":"BALTIC OVERLANDERS","url":"https:\/\/balticoverlanders.eu\/lv\/","logo":{"@type":"ImageObject","inLanguage":"lv-LV","@id":"https:\/\/balticoverlanders.eu\/lv\/#\/schema\/logo\/image\/","url":"https:\/\/balticoverlanders.eu\/wp-content\/uploads\/2023\/04\/BALTIC-OVERLANDERS-LOGO.jpg","contentUrl":"https:\/\/balticoverlanders.eu\/wp-content\/uploads\/2023\/04\/BALTIC-OVERLANDERS-LOGO.jpg","width":1497,"height":310,"caption":"BALTIC OVERLANDERS"},"image":{"@id":"https:\/\/balticoverlanders.eu\/lv\/#\/schema\/logo\/image\/"},"sameAs":["https:\/\/www.instagram.com\/balticoverlanders\/"]}]}},"_links":{"self":[{"href":"https:\/\/balticoverlanders.eu\/lv\/wp-json\/wp\/v2\/product\/8410","targetHints":{"allow":["GET"]}}],"collection":[{"href":"https:\/\/balticoverlanders.eu\/lv\/wp-json\/wp\/v2\/product"}],"about":[{"href":"https:\/\/balticoverlanders.eu\/lv\/wp-json\/wp\/v2\/types\/product"}],"wp:featuredmedia":[{"embeddable":true,"href":"https:\/\/balticoverlanders.eu\/lv\/wp-json\/wp\/v2\/media\/6106"}],"wp:attachment":[{"href":"https:\/\/balticoverlanders.eu\/lv\/wp-json\/wp\/v2\/media?parent=8410"}],"wp:term":[{"taxonomy":"product_brand","embeddable":true,"href":"https:\/\/balticoverlanders.eu\/lv\/wp-json\/wp\/v2\/product_brand?post=8410"},{"taxonomy":"product_cat","embeddable":true,"href":"https:\/\/balticoverlanders.eu\/lv\/wp-json\/wp\/v2\/product_cat?post=8410"},{"taxonomy":"product_tag","embeddable":true,"href":"https:\/\/balticoverlanders.eu\/lv\/wp-json\/wp\/v2\/product_tag?post=8410"}],"curies":[{"name":"wp","href":"https:\/\/api.w.org\/{rel}","templated":true}]}}