{"id":8423,"date":"2023-03-12T11:16:23","date_gmt":"2023-03-12T09:16:23","guid":{"rendered":"https:\/\/balticoverlanders.eu\/product\/space-m\/"},"modified":"2023-06-30T18:20:08","modified_gmt":"2023-06-30T15:20:08","slug":"james-baroud-space-m-auto-jumta-telts","status":"publish","type":"product","link":"https:\/\/balticoverlanders.eu\/lv\/produkts\/james-baroud-space-m-auto-jumta-telts\/","title":{"rendered":"James Baroud Space M"},"content":{"rendered":"<p class=\"preFade fadeIn disable-executed-animation\"><strong>SPACE M &#8211; Vair\u0101k vietas virs galvas, vair\u0101k komforta.<br \/>\n<\/strong><\/p>\n<ul>\n<li class=\"preFade fadeIn disable-executed-animation\">2 pieaugu\u0161ajiem un 1 b\u0113rnam<\/li>\n<li class=\"preFade fadeIn disable-executed-animation\">matra\u010da izm\u0113rs 140 cm x 200 cm<\/li>\n<li class=\"preFade fadeIn disable-executed-animation\">atv\u0113rts augstums 145 cm<\/li>\n<\/ul>\n<p>James Baroud Space jumta telts ir izstr\u0101d\u0101ta t\u0101, lai nodro\u0161in\u0101tu liel\u0101ku vieglumu visaugst\u0101kajiem lietot\u0101jiem, pateicoties priek\u0161\u0113jam kompasam ar 40 cm atstatumu k\u0101j\u0101m un 145 cm atstatumu galvai. Inovat\u012bvais izliektais jumta profils ar\u012b uzlabo gaisa cirkul\u0101ciju telt\u012b un kop\u0101 nodro\u0161ina dabisku ventil\u0101cijas atveri silt\u0101kam gaisam, kad tas pace\u013cas aug\u0161up. Liel\u0101s durvis un logi nodro\u0161ina lielisku \u0161\u0137\u0113rspl\u016bsmas ventil\u0101ciju un 180\u00ba skatu.<\/p>\n<p>Tas ir pieejams S izm\u0113r\u0101 (130&#215;200 cm), M izm\u0113r\u0101 (140&#215;200 cm) un XL izm\u0113r\u0101 (160&#215;224 cm).<\/p>\n<p><img fetchpriority=\"high\" decoding=\"async\" class=\"alignnone size-medium wp-image-6062\" src=\"https:\/\/balticoverlanders.eu\/wp-content\/uploads\/2023\/03\/SpaceM_1-300x300.png\" alt=\"\" width=\"300\" height=\"300\" srcset=\"https:\/\/balticoverlanders.eu\/wp-content\/uploads\/2023\/03\/SpaceM_1-300x300.png 300w, https:\/\/balticoverlanders.eu\/wp-content\/uploads\/2023\/03\/SpaceM_1-150x150.png 150w, https:\/\/balticoverlanders.eu\/wp-content\/uploads\/2023\/03\/SpaceM_1.png 500w\" sizes=\"(max-width: 300px) 100vw, 300px\" \/> <img decoding=\"async\" class=\"alignnone size-medium wp-image-6061\" src=\"https:\/\/balticoverlanders.eu\/wp-content\/uploads\/2023\/03\/SpaceM_2-300x300.png\" alt=\"\" width=\"300\" height=\"300\" srcset=\"https:\/\/balticoverlanders.eu\/wp-content\/uploads\/2023\/03\/SpaceM_2-300x300.png 300w, https:\/\/balticoverlanders.eu\/wp-content\/uploads\/2023\/03\/SpaceM_2-150x150.png 150w, https:\/\/balticoverlanders.eu\/wp-content\/uploads\/2023\/03\/SpaceM_2.png 500w\" sizes=\"(max-width: 300px) 100vw, 300px\" \/> <img decoding=\"async\" class=\"alignnone size-medium wp-image-6060\" src=\"https:\/\/balticoverlanders.eu\/wp-content\/uploads\/2023\/03\/SpaceM_3-300x300.png\" alt=\"\" width=\"300\" height=\"300\" srcset=\"https:\/\/balticoverlanders.eu\/wp-content\/uploads\/2023\/03\/SpaceM_3-300x300.png 300w, https:\/\/balticoverlanders.eu\/wp-content\/uploads\/2023\/03\/SpaceM_3-150x150.png 150w, https:\/\/balticoverlanders.eu\/wp-content\/uploads\/2023\/03\/SpaceM_3.png 500w\" sizes=\"(max-width: 300px) 100vw, 300px\" \/> <img loading=\"lazy\" decoding=\"async\" class=\"alignnone size-medium wp-image-6059\" src=\"https:\/\/balticoverlanders.eu\/wp-content\/uploads\/2023\/03\/SpaceM_4-300x300.png\" alt=\"\" width=\"300\" height=\"300\" srcset=\"https:\/\/balticoverlanders.eu\/wp-content\/uploads\/2023\/03\/SpaceM_4-300x300.png 300w, https:\/\/balticoverlanders.eu\/wp-content\/uploads\/2023\/03\/SpaceM_4-150x150.png 150w, https:\/\/balticoverlanders.eu\/wp-content\/uploads\/2023\/03\/SpaceM_4.png 500w\" sizes=\"(max-width: 300px) 100vw, 300px\" \/><\/p>\n","protected":false},"excerpt":{"rendered":"<p>SPACE M &#8211; Vair\u0101k vietas virs galvas, vair\u0101k komforta.<\/p>\n<ul>\n<li class=\"preFade fadeIn disable-executed-animation\">2 pieaugu\u0161ajiem un 1 b\u0113rnam<\/li>\n<li class=\"preFade fadeIn disable-executed-animation\">matra\u010da izm\u0113rs 140 cm x 200 cm<\/li>\n<li class=\"preFade fadeIn disable-executed-animation\">atv\u0113rts augstums 145 cm<\/li>\n<\/ul>\n<p>INOV\u0100CIJAS, KOMFORTS, IZTUR\u012aBA UN \u0100TRUMS<\/p>\n<p>\u0160ie ir galvenie elementi, kas ir padar\u012bju\u0161i James Baroud jumta teltis slavenas vis\u0101 pasaul\u0113.<\/p>\n","protected":false},"featured_media":6069,"template":"","meta":[],"product_brand":[],"product_cat":[133,315],"product_tag":[],"class_list":{"0":"post-8423","1":"product","2":"type-product","3":"status-publish","4":"has-post-thumbnail","6":"product_cat-james-baroud-lv","7":"product_cat-jumta-teltis","9":"first","10":"instock","11":"taxable","12":"shipping-taxable","13":"purchasable","14":"product-type-variable"},"yoast_head":"<!-- This site is optimized with the Yoast SEO plugin v27.2 - https:\/\/yoast.com\/product\/yoast-seo-wordpress\/ -->\n<title>James Baroud Space M - BALTIC OVERLANDERS<\/title>\n<meta name=\"robots\" content=\"index, follow, max-snippet:-1, max-image-preview:large, max-video-preview:-1\" \/>\n<link rel=\"canonical\" href=\"https:\/\/balticoverlanders.eu\/lv\/produkts\/james-baroud-space-m-auto-jumta-telts\/\" \/>\n<meta property=\"og:locale\" content=\"lv_LV\" \/>\n<meta property=\"og:type\" content=\"article\" \/>\n<meta property=\"og:title\" content=\"James Baroud Space M - BALTIC OVERLANDERS\" \/>\n<meta property=\"og:description\" content=\"SPACE M - Vair\u0101k vietas virs galvas, vair\u0101k komforta.   2 pieaugu\u0161ajiem un 1 b\u0113rnam  matra\u010da izm\u0113rs 140 cm x 200 cm  atv\u0113rts augstums 145 cm  INOV\u0100CIJAS, KOMFORTS, IZTUR\u012aBA UN \u0100TRUMS  \u0160ie ir galvenie elementi, kas ir padar\u012bju\u0161i James Baroud jumta teltis slavenas vis\u0101 pasaul\u0113.\" \/>\n<meta property=\"og:url\" content=\"https:\/\/balticoverlanders.eu\/lv\/produkts\/james-baroud-space-m-auto-jumta-telts\/\" \/>\n<meta property=\"og:site_name\" content=\"BALTIC OVERLANDERS\" \/>\n<meta property=\"article:modified_time\" content=\"2023-06-30T15:20:08+00:00\" \/>\n<meta property=\"og:image\" content=\"https:\/\/balticoverlanders.eu\/wp-content\/uploads\/2023\/03\/SpaceSTD-Black18.png\" \/>\n\t<meta property=\"og:image:width\" content=\"1000\" \/>\n\t<meta property=\"og:image:height\" content=\"667\" \/>\n\t<meta property=\"og:image:type\" content=\"image\/png\" \/>\n<meta name=\"twitter:card\" content=\"summary_large_image\" \/>\n<meta name=\"twitter:label1\" content=\"Est. reading time\" \/>\n\t<meta name=\"twitter:data1\" content=\"2 minutes\" \/>\n<script type=\"application\/ld+json\" class=\"yoast-schema-graph\">{\"@context\":\"https:\/\/schema.org\",\"@graph\":[{\"@type\":\"WebPage\",\"@id\":\"https:\/\/balticoverlanders.eu\/lv\/produkts\/james-baroud-space-m-auto-jumta-telts\/\",\"url\":\"https:\/\/balticoverlanders.eu\/lv\/produkts\/james-baroud-space-m-auto-jumta-telts\/\",\"name\":\"James Baroud Space M - BALTIC OVERLANDERS\",\"isPartOf\":{\"@id\":\"https:\/\/balticoverlanders.eu\/lv\/#website\"},\"primaryImageOfPage\":{\"@id\":\"https:\/\/balticoverlanders.eu\/lv\/produkts\/james-baroud-space-m-auto-jumta-telts\/#primaryimage\"},\"image\":{\"@id\":\"https:\/\/balticoverlanders.eu\/lv\/produkts\/james-baroud-space-m-auto-jumta-telts\/#primaryimage\"},\"thumbnailUrl\":\"https:\/\/balticoverlanders.eu\/wp-content\/uploads\/2023\/03\/SpaceSTD-Black18.png\",\"datePublished\":\"2023-03-12T09:16:23+00:00\",\"dateModified\":\"2023-06-30T15:20:08+00:00\",\"breadcrumb\":{\"@id\":\"https:\/\/balticoverlanders.eu\/lv\/produkts\/james-baroud-space-m-auto-jumta-telts\/#breadcrumb\"},\"inLanguage\":\"lv-LV\",\"potentialAction\":[{\"@type\":\"ReadAction\",\"target\":[\"https:\/\/balticoverlanders.eu\/lv\/produkts\/james-baroud-space-m-auto-jumta-telts\/\"]}]},{\"@type\":\"ImageObject\",\"inLanguage\":\"lv-LV\",\"@id\":\"https:\/\/balticoverlanders.eu\/lv\/produkts\/james-baroud-space-m-auto-jumta-telts\/#primaryimage\",\"url\":\"https:\/\/balticoverlanders.eu\/wp-content\/uploads\/2023\/03\/SpaceSTD-Black18.png\",\"contentUrl\":\"https:\/\/balticoverlanders.eu\/wp-content\/uploads\/2023\/03\/SpaceSTD-Black18.png\",\"width\":1000,\"height\":667},{\"@type\":\"BreadcrumbList\",\"@id\":\"https:\/\/balticoverlanders.eu\/lv\/produkts\/james-baroud-space-m-auto-jumta-telts\/#breadcrumb\",\"itemListElement\":[{\"@type\":\"ListItem\",\"position\":1,\"name\":\"Home\",\"item\":\"https:\/\/balticoverlanders.eu\/lv\/\"},{\"@type\":\"ListItem\",\"position\":2,\"name\":\"Veikals\",\"item\":\"https:\/\/balticoverlanders.eu\/lv\/veikals\/\"},{\"@type\":\"ListItem\",\"position\":3,\"name\":\"James Baroud Space M\"}]},{\"@type\":\"WebSite\",\"@id\":\"https:\/\/balticoverlanders.eu\/lv\/#website\",\"url\":\"https:\/\/balticoverlanders.eu\/lv\/\",\"name\":\"BALTIC OVERLANDERS\",\"description\":\"Your one-stop shop in Latvia, Estonia, and Lithuania for all your car camping, rooftop tent and accessory needs.\",\"publisher\":{\"@id\":\"https:\/\/balticoverlanders.eu\/lv\/#organization\"},\"potentialAction\":[{\"@type\":\"SearchAction\",\"target\":{\"@type\":\"EntryPoint\",\"urlTemplate\":\"https:\/\/balticoverlanders.eu\/lv\/?s={search_term_string}\"},\"query-input\":{\"@type\":\"PropertyValueSpecification\",\"valueRequired\":true,\"valueName\":\"search_term_string\"}}],\"inLanguage\":\"lv-LV\"},{\"@type\":\"Organization\",\"@id\":\"https:\/\/balticoverlanders.eu\/lv\/#organization\",\"name\":\"BALTIC OVERLANDERS\",\"url\":\"https:\/\/balticoverlanders.eu\/lv\/\",\"logo\":{\"@type\":\"ImageObject\",\"inLanguage\":\"lv-LV\",\"@id\":\"https:\/\/balticoverlanders.eu\/lv\/#\/schema\/logo\/image\/\",\"url\":\"https:\/\/balticoverlanders.eu\/wp-content\/uploads\/2023\/04\/BALTIC-OVERLANDERS-LOGO.jpg\",\"contentUrl\":\"https:\/\/balticoverlanders.eu\/wp-content\/uploads\/2023\/04\/BALTIC-OVERLANDERS-LOGO.jpg\",\"width\":1497,\"height\":310,\"caption\":\"BALTIC OVERLANDERS\"},\"image\":{\"@id\":\"https:\/\/balticoverlanders.eu\/lv\/#\/schema\/logo\/image\/\"},\"sameAs\":[\"https:\/\/www.instagram.com\/balticoverlanders\/\"]}]}<\/script>\n<!-- \/ Yoast SEO plugin. -->","yoast_head_json":{"title":"James Baroud Space M - BALTIC OVERLANDERS","robots":{"index":"index","follow":"follow","max-snippet":"max-snippet:-1","max-image-preview":"max-image-preview:large","max-video-preview":"max-video-preview:-1"},"canonical":"https:\/\/balticoverlanders.eu\/lv\/produkts\/james-baroud-space-m-auto-jumta-telts\/","og_locale":"lv_LV","og_type":"article","og_title":"James Baroud Space M - BALTIC OVERLANDERS","og_description":"SPACE M - Vair\u0101k vietas virs galvas, vair\u0101k komforta.   2 pieaugu\u0161ajiem un 1 b\u0113rnam  matra\u010da izm\u0113rs 140 cm x 200 cm  atv\u0113rts augstums 145 cm  INOV\u0100CIJAS, KOMFORTS, IZTUR\u012aBA UN \u0100TRUMS  \u0160ie ir galvenie elementi, kas ir padar\u012bju\u0161i James Baroud jumta teltis slavenas vis\u0101 pasaul\u0113.","og_url":"https:\/\/balticoverlanders.eu\/lv\/produkts\/james-baroud-space-m-auto-jumta-telts\/","og_site_name":"BALTIC OVERLANDERS","article_modified_time":"2023-06-30T15:20:08+00:00","og_image":[{"width":1000,"height":667,"url":"https:\/\/balticoverlanders.eu\/wp-content\/uploads\/2023\/03\/SpaceSTD-Black18.png","type":"image\/png"}],"twitter_card":"summary_large_image","twitter_misc":{"Est. reading time":"2 minutes"},"schema":{"@context":"https:\/\/schema.org","@graph":[{"@type":"WebPage","@id":"https:\/\/balticoverlanders.eu\/lv\/produkts\/james-baroud-space-m-auto-jumta-telts\/","url":"https:\/\/balticoverlanders.eu\/lv\/produkts\/james-baroud-space-m-auto-jumta-telts\/","name":"James Baroud Space M - BALTIC OVERLANDERS","isPartOf":{"@id":"https:\/\/balticoverlanders.eu\/lv\/#website"},"primaryImageOfPage":{"@id":"https:\/\/balticoverlanders.eu\/lv\/produkts\/james-baroud-space-m-auto-jumta-telts\/#primaryimage"},"image":{"@id":"https:\/\/balticoverlanders.eu\/lv\/produkts\/james-baroud-space-m-auto-jumta-telts\/#primaryimage"},"thumbnailUrl":"https:\/\/balticoverlanders.eu\/wp-content\/uploads\/2023\/03\/SpaceSTD-Black18.png","datePublished":"2023-03-12T09:16:23+00:00","dateModified":"2023-06-30T15:20:08+00:00","breadcrumb":{"@id":"https:\/\/balticoverlanders.eu\/lv\/produkts\/james-baroud-space-m-auto-jumta-telts\/#breadcrumb"},"inLanguage":"lv-LV","potentialAction":[{"@type":"ReadAction","target":["https:\/\/balticoverlanders.eu\/lv\/produkts\/james-baroud-space-m-auto-jumta-telts\/"]}]},{"@type":"ImageObject","inLanguage":"lv-LV","@id":"https:\/\/balticoverlanders.eu\/lv\/produkts\/james-baroud-space-m-auto-jumta-telts\/#primaryimage","url":"https:\/\/balticoverlanders.eu\/wp-content\/uploads\/2023\/03\/SpaceSTD-Black18.png","contentUrl":"https:\/\/balticoverlanders.eu\/wp-content\/uploads\/2023\/03\/SpaceSTD-Black18.png","width":1000,"height":667},{"@type":"BreadcrumbList","@id":"https:\/\/balticoverlanders.eu\/lv\/produkts\/james-baroud-space-m-auto-jumta-telts\/#breadcrumb","itemListElement":[{"@type":"ListItem","position":1,"name":"Home","item":"https:\/\/balticoverlanders.eu\/lv\/"},{"@type":"ListItem","position":2,"name":"Veikals","item":"https:\/\/balticoverlanders.eu\/lv\/veikals\/"},{"@type":"ListItem","position":3,"name":"James Baroud Space M"}]},{"@type":"WebSite","@id":"https:\/\/balticoverlanders.eu\/lv\/#website","url":"https:\/\/balticoverlanders.eu\/lv\/","name":"BALTIC OVERLANDERS","description":"Your one-stop shop in Latvia, Estonia, and Lithuania for all your car camping, rooftop tent and accessory needs.","publisher":{"@id":"https:\/\/balticoverlanders.eu\/lv\/#organization"},"potentialAction":[{"@type":"SearchAction","target":{"@type":"EntryPoint","urlTemplate":"https:\/\/balticoverlanders.eu\/lv\/?s={search_term_string}"},"query-input":{"@type":"PropertyValueSpecification","valueRequired":true,"valueName":"search_term_string"}}],"inLanguage":"lv-LV"},{"@type":"Organization","@id":"https:\/\/balticoverlanders.eu\/lv\/#organization","name":"BALTIC OVERLANDERS","url":"https:\/\/balticoverlanders.eu\/lv\/","logo":{"@type":"ImageObject","inLanguage":"lv-LV","@id":"https:\/\/balticoverlanders.eu\/lv\/#\/schema\/logo\/image\/","url":"https:\/\/balticoverlanders.eu\/wp-content\/uploads\/2023\/04\/BALTIC-OVERLANDERS-LOGO.jpg","contentUrl":"https:\/\/balticoverlanders.eu\/wp-content\/uploads\/2023\/04\/BALTIC-OVERLANDERS-LOGO.jpg","width":1497,"height":310,"caption":"BALTIC OVERLANDERS"},"image":{"@id":"https:\/\/balticoverlanders.eu\/lv\/#\/schema\/logo\/image\/"},"sameAs":["https:\/\/www.instagram.com\/balticoverlanders\/"]}]}},"_links":{"self":[{"href":"https:\/\/balticoverlanders.eu\/lv\/wp-json\/wp\/v2\/product\/8423","targetHints":{"allow":["GET"]}}],"collection":[{"href":"https:\/\/balticoverlanders.eu\/lv\/wp-json\/wp\/v2\/product"}],"about":[{"href":"https:\/\/balticoverlanders.eu\/lv\/wp-json\/wp\/v2\/types\/product"}],"wp:featuredmedia":[{"embeddable":true,"href":"https:\/\/balticoverlanders.eu\/lv\/wp-json\/wp\/v2\/media\/6069"}],"wp:attachment":[{"href":"https:\/\/balticoverlanders.eu\/lv\/wp-json\/wp\/v2\/media?parent=8423"}],"wp:term":[{"taxonomy":"product_brand","embeddable":true,"href":"https:\/\/balticoverlanders.eu\/lv\/wp-json\/wp\/v2\/product_brand?post=8423"},{"taxonomy":"product_cat","embeddable":true,"href":"https:\/\/balticoverlanders.eu\/lv\/wp-json\/wp\/v2\/product_cat?post=8423"},{"taxonomy":"product_tag","embeddable":true,"href":"https:\/\/balticoverlanders.eu\/lv\/wp-json\/wp\/v2\/product_tag?post=8423"}],"curies":[{"name":"wp","href":"https:\/\/api.w.org\/{rel}","templated":true}]}}