{"id":8438,"date":"2023-03-19T11:14:06","date_gmt":"2023-03-19T09:14:06","guid":{"rendered":"https:\/\/balticoverlanders.eu\/product\/tramp-250\/"},"modified":"2023-06-30T18:47:05","modified_gmt":"2023-06-30T15:47:05","slug":"egoe-nest-tramp-250","status":"publish","type":"product","link":"https:\/\/balticoverlanders.eu\/lv\/produkts\/egoe-nest-tramp-250\/","title":{"rendered":"Egoe Nest Tramp 250"},"content":{"rendered":"<p><img fetchpriority=\"high\" decoding=\"async\" class=\"alignnone size-medium wp-image-6804\" src=\"https:\/\/balticoverlanders.eu\/wp-content\/uploads\/2023\/03\/Layer_18-300x188.png\" alt=\"\" width=\"300\" height=\"188\" srcset=\"https:\/\/balticoverlanders.eu\/wp-content\/uploads\/2023\/03\/Layer_18-300x188.png 300w, https:\/\/balticoverlanders.eu\/wp-content\/uploads\/2023\/03\/Layer_18-150x94.png 150w, https:\/\/balticoverlanders.eu\/wp-content\/uploads\/2023\/03\/Layer_18-600x375.png 600w, https:\/\/balticoverlanders.eu\/wp-content\/uploads\/2023\/03\/Layer_18.png 656w\" sizes=\"(max-width: 300px) 100vw, 300px\" \/><\/p>\n","protected":false},"excerpt":{"rendered":"<h4 class=\"pricing-table__title\">Complete set+<\/h4>\n<p class=\"pricing-table__subtitle\">virsb\u016bve (no\u0146emams spiediena \u016bdens maiss, uzglab\u0101\u0161anas vieta, kas paredz\u0113ta galvenok\u0101rt dzes\u0113\u0161anas maisam), no\u0146emama pl\u012bts (versija Tramp) un gulta (formas gultas pamatne, univers\u0101ls gultas pamatnes balsts, formas matracis).<\/p>\n<h4 class=\"pricing-table__title\">Sleeping set+<\/h4>\n<p class=\"pricing-table__subtitle\">virsb\u016bve (no\u0146emams spiediena \u016bdens maiss, uzglab\u0101\u0161anas vieta, kas paredz\u0113ta galvenok\u0101rt dzes\u0113\u0161anas maisam), no\u0146emama pl\u012bts (versija Tramp) un gulta (taisna gultas pamatne, univers\u0101ls gultas pamatnes balsts, taisns matracis).<\/p>\n<h4 class=\"pricing-table__title\">Kitchen set<\/h4>\n<p class=\"pricing-table__subtitle\">korpuss (no\u0146emams \u016bdens spiediena maiss, glab\u0101\u0161anas vietas paredz\u0113tas galvenok\u0101rt dzes\u0113\u0161anas maisam), no\u0146emama pl\u012bts (versija Tramp).<\/p>\n","protected":false},"featured_media":6810,"template":"","meta":[],"product_brand":[],"product_cat":[157,314],"product_tag":[],"class_list":{"0":"post-8438","1":"product","2":"type-product","3":"status-publish","4":"has-post-thumbnail","6":"product_cat-campingbox-lv","7":"product_cat-egoe-nest-lv","9":"first","10":"onbackorder","11":"taxable","12":"shipping-taxable","13":"purchasable","14":"product-type-variable"},"yoast_head":"<!-- This site is optimized with the Yoast SEO plugin v27.3 - https:\/\/yoast.com\/product\/yoast-seo-wordpress\/ -->\n<title>Egoe Nest Tramp 250 - BALTIC OVERLANDERS<\/title>\n<meta name=\"robots\" content=\"index, follow, max-snippet:-1, max-image-preview:large, max-video-preview:-1\" \/>\n<link rel=\"canonical\" href=\"https:\/\/balticoverlanders.eu\/lv\/produkts\/egoe-nest-tramp-250\/\" \/>\n<meta property=\"og:locale\" content=\"lv_LV\" \/>\n<meta property=\"og:type\" content=\"article\" \/>\n<meta property=\"og:title\" content=\"Egoe Nest Tramp 250 - BALTIC OVERLANDERS\" \/>\n<meta property=\"og:description\" content=\"Complete set+ virsb\u016bve (no\u0146emams spiediena \u016bdens maiss, uzglab\u0101\u0161anas vieta, kas paredz\u0113ta galvenok\u0101rt dzes\u0113\u0161anas maisam), no\u0146emama pl\u012bts (versija Tramp) un gulta (formas gultas pamatne, univers\u0101ls gultas pamatnes balsts, formas matracis).  Sleeping set+ virsb\u016bve (no\u0146emams spiediena \u016bdens maiss, uzglab\u0101\u0161anas vieta, kas paredz\u0113ta galvenok\u0101rt dzes\u0113\u0161anas maisam), no\u0146emama pl\u012bts (versija Tramp) un gulta (taisna gultas pamatne, univers\u0101ls gultas pamatnes balsts, taisns matracis).  Kitchen set korpuss (no\u0146emams \u016bdens spiediena maiss, glab\u0101\u0161anas vietas paredz\u0113tas galvenok\u0101rt dzes\u0113\u0161anas maisam), no\u0146emama pl\u012bts (versija Tramp).\" \/>\n<meta property=\"og:url\" content=\"https:\/\/balticoverlanders.eu\/lv\/produkts\/egoe-nest-tramp-250\/\" \/>\n<meta property=\"og:site_name\" content=\"BALTIC OVERLANDERS\" \/>\n<meta property=\"article:modified_time\" content=\"2023-06-30T15:47:05+00:00\" \/>\n<meta property=\"og:image\" content=\"https:\/\/balticoverlanders.eu\/wp-content\/uploads\/2023\/03\/tramp-250-1-scaled.webp\" \/>\n\t<meta property=\"og:image:width\" content=\"2560\" \/>\n\t<meta property=\"og:image:height\" content=\"1707\" \/>\n\t<meta property=\"og:image:type\" content=\"image\/webp\" \/>\n<meta name=\"twitter:card\" content=\"summary_large_image\" \/>\n<meta name=\"twitter:label1\" content=\"Est. reading time\" \/>\n\t<meta name=\"twitter:data1\" content=\"1 minute\" \/>\n<script type=\"application\/ld+json\" class=\"yoast-schema-graph\">{\"@context\":\"https:\\\/\\\/schema.org\",\"@graph\":[{\"@type\":\"WebPage\",\"@id\":\"https:\\\/\\\/balticoverlanders.eu\\\/lv\\\/produkts\\\/egoe-nest-tramp-250\\\/\",\"url\":\"https:\\\/\\\/balticoverlanders.eu\\\/lv\\\/produkts\\\/egoe-nest-tramp-250\\\/\",\"name\":\"Egoe Nest Tramp 250 - BALTIC OVERLANDERS\",\"isPartOf\":{\"@id\":\"https:\\\/\\\/balticoverlanders.eu\\\/lv\\\/#website\"},\"primaryImageOfPage\":{\"@id\":\"https:\\\/\\\/balticoverlanders.eu\\\/lv\\\/produkts\\\/egoe-nest-tramp-250\\\/#primaryimage\"},\"image\":{\"@id\":\"https:\\\/\\\/balticoverlanders.eu\\\/lv\\\/produkts\\\/egoe-nest-tramp-250\\\/#primaryimage\"},\"thumbnailUrl\":\"https:\\\/\\\/balticoverlanders.eu\\\/wp-content\\\/uploads\\\/2023\\\/03\\\/tramp-250-1-scaled.webp\",\"datePublished\":\"2023-03-19T09:14:06+00:00\",\"dateModified\":\"2023-06-30T15:47:05+00:00\",\"breadcrumb\":{\"@id\":\"https:\\\/\\\/balticoverlanders.eu\\\/lv\\\/produkts\\\/egoe-nest-tramp-250\\\/#breadcrumb\"},\"inLanguage\":\"lv-LV\",\"potentialAction\":[{\"@type\":\"ReadAction\",\"target\":[\"https:\\\/\\\/balticoverlanders.eu\\\/lv\\\/produkts\\\/egoe-nest-tramp-250\\\/\"]}]},{\"@type\":\"ImageObject\",\"inLanguage\":\"lv-LV\",\"@id\":\"https:\\\/\\\/balticoverlanders.eu\\\/lv\\\/produkts\\\/egoe-nest-tramp-250\\\/#primaryimage\",\"url\":\"https:\\\/\\\/balticoverlanders.eu\\\/wp-content\\\/uploads\\\/2023\\\/03\\\/tramp-250-1-scaled.webp\",\"contentUrl\":\"https:\\\/\\\/balticoverlanders.eu\\\/wp-content\\\/uploads\\\/2023\\\/03\\\/tramp-250-1-scaled.webp\",\"width\":2560,\"height\":1707},{\"@type\":\"BreadcrumbList\",\"@id\":\"https:\\\/\\\/balticoverlanders.eu\\\/lv\\\/produkts\\\/egoe-nest-tramp-250\\\/#breadcrumb\",\"itemListElement\":[{\"@type\":\"ListItem\",\"position\":1,\"name\":\"Home\",\"item\":\"https:\\\/\\\/balticoverlanders.eu\\\/lv\\\/\"},{\"@type\":\"ListItem\",\"position\":2,\"name\":\"Veikals\",\"item\":\"https:\\\/\\\/balticoverlanders.eu\\\/lv\\\/veikals\\\/\"},{\"@type\":\"ListItem\",\"position\":3,\"name\":\"Egoe Nest Tramp 250\"}]},{\"@type\":\"WebSite\",\"@id\":\"https:\\\/\\\/balticoverlanders.eu\\\/lv\\\/#website\",\"url\":\"https:\\\/\\\/balticoverlanders.eu\\\/lv\\\/\",\"name\":\"BALTIC OVERLANDERS\",\"description\":\"Your one-stop shop in Latvia, Estonia, and Lithuania for all your car camping, rooftop tent and accessory needs.\",\"publisher\":{\"@id\":\"https:\\\/\\\/balticoverlanders.eu\\\/lv\\\/#organization\"},\"potentialAction\":[{\"@type\":\"SearchAction\",\"target\":{\"@type\":\"EntryPoint\",\"urlTemplate\":\"https:\\\/\\\/balticoverlanders.eu\\\/lv\\\/?s={search_term_string}\"},\"query-input\":{\"@type\":\"PropertyValueSpecification\",\"valueRequired\":true,\"valueName\":\"search_term_string\"}}],\"inLanguage\":\"lv-LV\"},{\"@type\":\"Organization\",\"@id\":\"https:\\\/\\\/balticoverlanders.eu\\\/lv\\\/#organization\",\"name\":\"BALTIC OVERLANDERS\",\"url\":\"https:\\\/\\\/balticoverlanders.eu\\\/lv\\\/\",\"logo\":{\"@type\":\"ImageObject\",\"inLanguage\":\"lv-LV\",\"@id\":\"https:\\\/\\\/balticoverlanders.eu\\\/lv\\\/#\\\/schema\\\/logo\\\/image\\\/\",\"url\":\"https:\\\/\\\/balticoverlanders.eu\\\/wp-content\\\/uploads\\\/2023\\\/04\\\/BALTIC-OVERLANDERS-LOGO.jpg\",\"contentUrl\":\"https:\\\/\\\/balticoverlanders.eu\\\/wp-content\\\/uploads\\\/2023\\\/04\\\/BALTIC-OVERLANDERS-LOGO.jpg\",\"width\":1497,\"height\":310,\"caption\":\"BALTIC OVERLANDERS\"},\"image\":{\"@id\":\"https:\\\/\\\/balticoverlanders.eu\\\/lv\\\/#\\\/schema\\\/logo\\\/image\\\/\"},\"sameAs\":[\"https:\\\/\\\/www.instagram.com\\\/balticoverlanders\\\/\"]}]}<\/script>\n<!-- \/ Yoast SEO plugin. -->","yoast_head_json":{"title":"Egoe Nest Tramp 250 - BALTIC OVERLANDERS","robots":{"index":"index","follow":"follow","max-snippet":"max-snippet:-1","max-image-preview":"max-image-preview:large","max-video-preview":"max-video-preview:-1"},"canonical":"https:\/\/balticoverlanders.eu\/lv\/produkts\/egoe-nest-tramp-250\/","og_locale":"lv_LV","og_type":"article","og_title":"Egoe Nest Tramp 250 - BALTIC OVERLANDERS","og_description":"Complete set+ virsb\u016bve (no\u0146emams spiediena \u016bdens maiss, uzglab\u0101\u0161anas vieta, kas paredz\u0113ta galvenok\u0101rt dzes\u0113\u0161anas maisam), no\u0146emama pl\u012bts (versija Tramp) un gulta (formas gultas pamatne, univers\u0101ls gultas pamatnes balsts, formas matracis).  Sleeping set+ virsb\u016bve (no\u0146emams spiediena \u016bdens maiss, uzglab\u0101\u0161anas vieta, kas paredz\u0113ta galvenok\u0101rt dzes\u0113\u0161anas maisam), no\u0146emama pl\u012bts (versija Tramp) un gulta (taisna gultas pamatne, univers\u0101ls gultas pamatnes balsts, taisns matracis).  Kitchen set korpuss (no\u0146emams \u016bdens spiediena maiss, glab\u0101\u0161anas vietas paredz\u0113tas galvenok\u0101rt dzes\u0113\u0161anas maisam), no\u0146emama pl\u012bts (versija Tramp).","og_url":"https:\/\/balticoverlanders.eu\/lv\/produkts\/egoe-nest-tramp-250\/","og_site_name":"BALTIC OVERLANDERS","article_modified_time":"2023-06-30T15:47:05+00:00","og_image":[{"width":2560,"height":1707,"url":"https:\/\/balticoverlanders.eu\/wp-content\/uploads\/2023\/03\/tramp-250-1-scaled.webp","type":"image\/webp"}],"twitter_card":"summary_large_image","twitter_misc":{"Est. reading time":"1 minute"},"schema":{"@context":"https:\/\/schema.org","@graph":[{"@type":"WebPage","@id":"https:\/\/balticoverlanders.eu\/lv\/produkts\/egoe-nest-tramp-250\/","url":"https:\/\/balticoverlanders.eu\/lv\/produkts\/egoe-nest-tramp-250\/","name":"Egoe Nest Tramp 250 - BALTIC OVERLANDERS","isPartOf":{"@id":"https:\/\/balticoverlanders.eu\/lv\/#website"},"primaryImageOfPage":{"@id":"https:\/\/balticoverlanders.eu\/lv\/produkts\/egoe-nest-tramp-250\/#primaryimage"},"image":{"@id":"https:\/\/balticoverlanders.eu\/lv\/produkts\/egoe-nest-tramp-250\/#primaryimage"},"thumbnailUrl":"https:\/\/balticoverlanders.eu\/wp-content\/uploads\/2023\/03\/tramp-250-1-scaled.webp","datePublished":"2023-03-19T09:14:06+00:00","dateModified":"2023-06-30T15:47:05+00:00","breadcrumb":{"@id":"https:\/\/balticoverlanders.eu\/lv\/produkts\/egoe-nest-tramp-250\/#breadcrumb"},"inLanguage":"lv-LV","potentialAction":[{"@type":"ReadAction","target":["https:\/\/balticoverlanders.eu\/lv\/produkts\/egoe-nest-tramp-250\/"]}]},{"@type":"ImageObject","inLanguage":"lv-LV","@id":"https:\/\/balticoverlanders.eu\/lv\/produkts\/egoe-nest-tramp-250\/#primaryimage","url":"https:\/\/balticoverlanders.eu\/wp-content\/uploads\/2023\/03\/tramp-250-1-scaled.webp","contentUrl":"https:\/\/balticoverlanders.eu\/wp-content\/uploads\/2023\/03\/tramp-250-1-scaled.webp","width":2560,"height":1707},{"@type":"BreadcrumbList","@id":"https:\/\/balticoverlanders.eu\/lv\/produkts\/egoe-nest-tramp-250\/#breadcrumb","itemListElement":[{"@type":"ListItem","position":1,"name":"Home","item":"https:\/\/balticoverlanders.eu\/lv\/"},{"@type":"ListItem","position":2,"name":"Veikals","item":"https:\/\/balticoverlanders.eu\/lv\/veikals\/"},{"@type":"ListItem","position":3,"name":"Egoe Nest Tramp 250"}]},{"@type":"WebSite","@id":"https:\/\/balticoverlanders.eu\/lv\/#website","url":"https:\/\/balticoverlanders.eu\/lv\/","name":"BALTIC OVERLANDERS","description":"Your one-stop shop in Latvia, Estonia, and Lithuania for all your car camping, rooftop tent and accessory needs.","publisher":{"@id":"https:\/\/balticoverlanders.eu\/lv\/#organization"},"potentialAction":[{"@type":"SearchAction","target":{"@type":"EntryPoint","urlTemplate":"https:\/\/balticoverlanders.eu\/lv\/?s={search_term_string}"},"query-input":{"@type":"PropertyValueSpecification","valueRequired":true,"valueName":"search_term_string"}}],"inLanguage":"lv-LV"},{"@type":"Organization","@id":"https:\/\/balticoverlanders.eu\/lv\/#organization","name":"BALTIC OVERLANDERS","url":"https:\/\/balticoverlanders.eu\/lv\/","logo":{"@type":"ImageObject","inLanguage":"lv-LV","@id":"https:\/\/balticoverlanders.eu\/lv\/#\/schema\/logo\/image\/","url":"https:\/\/balticoverlanders.eu\/wp-content\/uploads\/2023\/04\/BALTIC-OVERLANDERS-LOGO.jpg","contentUrl":"https:\/\/balticoverlanders.eu\/wp-content\/uploads\/2023\/04\/BALTIC-OVERLANDERS-LOGO.jpg","width":1497,"height":310,"caption":"BALTIC OVERLANDERS"},"image":{"@id":"https:\/\/balticoverlanders.eu\/lv\/#\/schema\/logo\/image\/"},"sameAs":["https:\/\/www.instagram.com\/balticoverlanders\/"]}]}},"_links":{"self":[{"href":"https:\/\/balticoverlanders.eu\/lv\/wp-json\/wp\/v2\/product\/8438","targetHints":{"allow":["GET"]}}],"collection":[{"href":"https:\/\/balticoverlanders.eu\/lv\/wp-json\/wp\/v2\/product"}],"about":[{"href":"https:\/\/balticoverlanders.eu\/lv\/wp-json\/wp\/v2\/types\/product"}],"wp:featuredmedia":[{"embeddable":true,"href":"https:\/\/balticoverlanders.eu\/lv\/wp-json\/wp\/v2\/media\/6810"}],"wp:attachment":[{"href":"https:\/\/balticoverlanders.eu\/lv\/wp-json\/wp\/v2\/media?parent=8438"}],"wp:term":[{"taxonomy":"product_brand","embeddable":true,"href":"https:\/\/balticoverlanders.eu\/lv\/wp-json\/wp\/v2\/product_brand?post=8438"},{"taxonomy":"product_cat","embeddable":true,"href":"https:\/\/balticoverlanders.eu\/lv\/wp-json\/wp\/v2\/product_cat?post=8438"},{"taxonomy":"product_tag","embeddable":true,"href":"https:\/\/balticoverlanders.eu\/lv\/wp-json\/wp\/v2\/product_tag?post=8438"}],"curies":[{"name":"wp","href":"https:\/\/api.w.org\/{rel}","templated":true}]}}