{"id":8478,"date":"2023-03-12T12:45:28","date_gmt":"2023-03-12T10:45:28","guid":{"rendered":"https:\/\/balticoverlanders.eu\/product\/vision-180\/"},"modified":"2023-06-30T18:22:37","modified_gmt":"2023-06-30T15:22:37","slug":"james-baroud-vision-180-auto-jumta-telts","status":"publish","type":"product","link":"https:\/\/balticoverlanders.eu\/lv\/produkts\/james-baroud-vision-180-auto-jumta-telts\/","title":{"rendered":"James Baroud Vision 180"},"content":{"rendered":"<p class=\"preFade fadeIn disable-executed-animation\"><strong>VISION 180 &#8211; Liel\u0101k\u0101m \u0123imen\u0113m un komforta cien\u012bt\u0101jiem.<br \/>\n<\/strong><\/p>\n<ul>\n<li class=\"preFade fadeIn disable-executed-animation\">\u0123imen\u0113m ar 4 vai vair\u0101k b\u0113rniem<\/li>\n<li class=\"preFade fadeIn disable-executed-animation\">matra\u010da izm\u0113rs 180 cm x 220 cm<\/li>\n<li class=\"preFade fadeIn disable-executed-animation\">atv\u0113rts augstums 120 cm<\/li>\n<\/ul>\n<p>M\u012bksto jumtu tel\u0161u tirg\u016b t\u0101 ir vis\u0101tr\u0101k uzst\u0101d\u0101m\u0101 un saliekam\u0101 telts. Pateicoties iglu formai, t\u0101 ir ar\u012b visiztur\u012bg\u0101k\u0101 pret v\u0113ju. Vision telts ir uzst\u0101d\u012bjusi inov\u0101ciju un evol\u016bcijas lati\u0146u, jo t\u0101 ir pirm\u0101 saliekam\u0101 jumta telts pasaul\u0113, kas atveras, izmantojot ar g\u0101zi darbin\u0101mas atsperes. T\u0101 ir ar\u012b viena no viegl\u0101kaj\u0101m jumta telt\u012bm pasaul\u0113, pateicoties piln\u012bb\u0101 alum\u012bnija konstrukcijai, alum\u012bnija-kompoz\u012bta gr\u012bdai ar izol\u0101cijas iek\u0161\u0113jo sl\u0101ni. Dizains un izmantoto materi\u0101lu kvalit\u0101te padara to par elast\u012bgu un unik\u0101lu telti pasaul\u0113.<\/p>\n<p>Tas ir pieejams divos izm\u0113ros &#8211; 150&#215;220 cm un 180&#215;220 cm.<\/p>\n<p><img fetchpriority=\"high\" decoding=\"async\" class=\"alignnone size-medium wp-image-6245\" src=\"https:\/\/balticoverlanders.eu\/wp-content\/uploads\/2023\/03\/Vision180_1-300x300.png\" alt=\"\" width=\"300\" height=\"300\" srcset=\"https:\/\/balticoverlanders.eu\/wp-content\/uploads\/2023\/03\/Vision180_1-300x300.png 300w, https:\/\/balticoverlanders.eu\/wp-content\/uploads\/2023\/03\/Vision180_1-150x150.png 150w, https:\/\/balticoverlanders.eu\/wp-content\/uploads\/2023\/03\/Vision180_1.png 500w\" sizes=\"(max-width: 300px) 100vw, 300px\" \/> <img decoding=\"async\" class=\"alignnone size-medium wp-image-6248\" src=\"https:\/\/balticoverlanders.eu\/wp-content\/uploads\/2023\/03\/Vision180_2-300x300.png\" alt=\"\" width=\"300\" height=\"300\" srcset=\"https:\/\/balticoverlanders.eu\/wp-content\/uploads\/2023\/03\/Vision180_2-300x300.png 300w, https:\/\/balticoverlanders.eu\/wp-content\/uploads\/2023\/03\/Vision180_2-150x150.png 150w, https:\/\/balticoverlanders.eu\/wp-content\/uploads\/2023\/03\/Vision180_2.png 500w\" sizes=\"(max-width: 300px) 100vw, 300px\" \/><img decoding=\"async\" class=\"alignnone size-medium wp-image-6247\" src=\"https:\/\/balticoverlanders.eu\/wp-content\/uploads\/2023\/03\/Vision180_3-300x300.png\" alt=\"\" width=\"300\" height=\"300\" srcset=\"https:\/\/balticoverlanders.eu\/wp-content\/uploads\/2023\/03\/Vision180_3-300x300.png 300w, https:\/\/balticoverlanders.eu\/wp-content\/uploads\/2023\/03\/Vision180_3-150x150.png 150w, https:\/\/balticoverlanders.eu\/wp-content\/uploads\/2023\/03\/Vision180_3.png 500w\" sizes=\"(max-width: 300px) 100vw, 300px\" \/> <img loading=\"lazy\" decoding=\"async\" class=\"alignnone size-medium wp-image-6246\" src=\"https:\/\/balticoverlanders.eu\/wp-content\/uploads\/2023\/03\/Vision180_4-300x300.png\" alt=\"\" width=\"300\" height=\"300\" srcset=\"https:\/\/balticoverlanders.eu\/wp-content\/uploads\/2023\/03\/Vision180_4-300x300.png 300w, https:\/\/balticoverlanders.eu\/wp-content\/uploads\/2023\/03\/Vision180_4-150x150.png 150w, https:\/\/balticoverlanders.eu\/wp-content\/uploads\/2023\/03\/Vision180_4.png 500w\" sizes=\"(max-width: 300px) 100vw, 300px\" \/><\/p>\n","protected":false},"excerpt":{"rendered":"<p>VISION 180 &#8211; Liel\u0101k\u0101m \u0123imen\u0113m un komforta cien\u012bt\u0101jiem.<\/p>\n<ul>\n<li class=\"preFade fadeIn disable-executed-animation\">\u0123imen\u0113m ar 4 vai vair\u0101k b\u0113rniem<\/li>\n<li class=\"preFade fadeIn disable-executed-animation\">matra\u010da izm\u0113rs 180 cm x 220 cm<\/li>\n<li class=\"preFade fadeIn disable-executed-animation\">atv\u0113rts augstums 120 cm<\/li>\n<\/ul>\n<p>INOV\u0100CIJAS, KOMFORTS, IZTUR\u012aBA UN \u0100TRUMS<\/p>\n<p>\u0160ie ir galvenie elementi, kas ir padar\u012bju\u0161i James Baroud jumta teltis slavenas vis\u0101 pasaul\u0113.<\/p>\n","protected":false},"featured_media":6242,"template":"","meta":[],"product_brand":[],"product_cat":[133,315],"product_tag":[],"class_list":{"0":"post-8478","1":"product","2":"type-product","3":"status-publish","4":"has-post-thumbnail","6":"product_cat-james-baroud-lv","7":"product_cat-jumta-teltis","9":"first","10":"instock","11":"taxable","12":"shipping-taxable","13":"purchasable","14":"product-type-simple"},"yoast_head":"<!-- This site is optimized with the Yoast SEO plugin v27.2 - https:\/\/yoast.com\/product\/yoast-seo-wordpress\/ -->\n<title>James Baroud Vision 180 - BALTIC OVERLANDERS<\/title>\n<meta name=\"robots\" content=\"index, follow, max-snippet:-1, max-image-preview:large, max-video-preview:-1\" \/>\n<link rel=\"canonical\" href=\"https:\/\/balticoverlanders.eu\/lv\/produkts\/james-baroud-vision-180-auto-jumta-telts\/\" \/>\n<meta property=\"og:locale\" content=\"lv_LV\" \/>\n<meta property=\"og:type\" content=\"article\" \/>\n<meta property=\"og:title\" content=\"James Baroud Vision 180 - BALTIC OVERLANDERS\" \/>\n<meta property=\"og:description\" content=\"VISION 180 - Liel\u0101k\u0101m \u0123imen\u0113m un komforta cien\u012bt\u0101jiem.   \u0123imen\u0113m ar 4 vai vair\u0101k b\u0113rniem  matra\u010da izm\u0113rs 180 cm x 220 cm  atv\u0113rts augstums 120 cm  INOV\u0100CIJAS, KOMFORTS, IZTUR\u012aBA UN \u0100TRUMS  \u0160ie ir galvenie elementi, kas ir padar\u012bju\u0161i James Baroud jumta teltis slavenas vis\u0101 pasaul\u0113.\" \/>\n<meta property=\"og:url\" content=\"https:\/\/balticoverlanders.eu\/lv\/produkts\/james-baroud-vision-180-auto-jumta-telts\/\" \/>\n<meta property=\"og:site_name\" content=\"BALTIC OVERLANDERS\" \/>\n<meta property=\"article:modified_time\" content=\"2023-06-30T15:22:37+00:00\" \/>\n<meta property=\"og:image\" content=\"https:\/\/balticoverlanders.eu\/wp-content\/uploads\/2023\/03\/Vision22.png\" \/>\n\t<meta property=\"og:image:width\" content=\"1000\" \/>\n\t<meta property=\"og:image:height\" content=\"667\" \/>\n\t<meta property=\"og:image:type\" content=\"image\/png\" \/>\n<meta name=\"twitter:card\" content=\"summary_large_image\" \/>\n<meta name=\"twitter:label1\" content=\"Est. reading time\" \/>\n\t<meta name=\"twitter:data1\" content=\"2 minutes\" \/>\n<script type=\"application\/ld+json\" class=\"yoast-schema-graph\">{\"@context\":\"https:\/\/schema.org\",\"@graph\":[{\"@type\":\"WebPage\",\"@id\":\"https:\/\/balticoverlanders.eu\/lv\/produkts\/james-baroud-vision-180-auto-jumta-telts\/\",\"url\":\"https:\/\/balticoverlanders.eu\/lv\/produkts\/james-baroud-vision-180-auto-jumta-telts\/\",\"name\":\"James Baroud Vision 180 - BALTIC OVERLANDERS\",\"isPartOf\":{\"@id\":\"https:\/\/balticoverlanders.eu\/lv\/#website\"},\"primaryImageOfPage\":{\"@id\":\"https:\/\/balticoverlanders.eu\/lv\/produkts\/james-baroud-vision-180-auto-jumta-telts\/#primaryimage\"},\"image\":{\"@id\":\"https:\/\/balticoverlanders.eu\/lv\/produkts\/james-baroud-vision-180-auto-jumta-telts\/#primaryimage\"},\"thumbnailUrl\":\"https:\/\/balticoverlanders.eu\/wp-content\/uploads\/2023\/03\/Vision22.png\",\"datePublished\":\"2023-03-12T10:45:28+00:00\",\"dateModified\":\"2023-06-30T15:22:37+00:00\",\"breadcrumb\":{\"@id\":\"https:\/\/balticoverlanders.eu\/lv\/produkts\/james-baroud-vision-180-auto-jumta-telts\/#breadcrumb\"},\"inLanguage\":\"lv-LV\",\"potentialAction\":[{\"@type\":\"ReadAction\",\"target\":[\"https:\/\/balticoverlanders.eu\/lv\/produkts\/james-baroud-vision-180-auto-jumta-telts\/\"]}]},{\"@type\":\"ImageObject\",\"inLanguage\":\"lv-LV\",\"@id\":\"https:\/\/balticoverlanders.eu\/lv\/produkts\/james-baroud-vision-180-auto-jumta-telts\/#primaryimage\",\"url\":\"https:\/\/balticoverlanders.eu\/wp-content\/uploads\/2023\/03\/Vision22.png\",\"contentUrl\":\"https:\/\/balticoverlanders.eu\/wp-content\/uploads\/2023\/03\/Vision22.png\",\"width\":1000,\"height\":667},{\"@type\":\"BreadcrumbList\",\"@id\":\"https:\/\/balticoverlanders.eu\/lv\/produkts\/james-baroud-vision-180-auto-jumta-telts\/#breadcrumb\",\"itemListElement\":[{\"@type\":\"ListItem\",\"position\":1,\"name\":\"Home\",\"item\":\"https:\/\/balticoverlanders.eu\/lv\/\"},{\"@type\":\"ListItem\",\"position\":2,\"name\":\"Veikals\",\"item\":\"https:\/\/balticoverlanders.eu\/lv\/veikals\/\"},{\"@type\":\"ListItem\",\"position\":3,\"name\":\"James Baroud Vision 180\"}]},{\"@type\":\"WebSite\",\"@id\":\"https:\/\/balticoverlanders.eu\/lv\/#website\",\"url\":\"https:\/\/balticoverlanders.eu\/lv\/\",\"name\":\"BALTIC OVERLANDERS\",\"description\":\"Your one-stop shop in Latvia, Estonia, and Lithuania for all your car camping, rooftop tent and accessory needs.\",\"publisher\":{\"@id\":\"https:\/\/balticoverlanders.eu\/lv\/#organization\"},\"potentialAction\":[{\"@type\":\"SearchAction\",\"target\":{\"@type\":\"EntryPoint\",\"urlTemplate\":\"https:\/\/balticoverlanders.eu\/lv\/?s={search_term_string}\"},\"query-input\":{\"@type\":\"PropertyValueSpecification\",\"valueRequired\":true,\"valueName\":\"search_term_string\"}}],\"inLanguage\":\"lv-LV\"},{\"@type\":\"Organization\",\"@id\":\"https:\/\/balticoverlanders.eu\/lv\/#organization\",\"name\":\"BALTIC OVERLANDERS\",\"url\":\"https:\/\/balticoverlanders.eu\/lv\/\",\"logo\":{\"@type\":\"ImageObject\",\"inLanguage\":\"lv-LV\",\"@id\":\"https:\/\/balticoverlanders.eu\/lv\/#\/schema\/logo\/image\/\",\"url\":\"https:\/\/balticoverlanders.eu\/wp-content\/uploads\/2023\/04\/BALTIC-OVERLANDERS-LOGO.jpg\",\"contentUrl\":\"https:\/\/balticoverlanders.eu\/wp-content\/uploads\/2023\/04\/BALTIC-OVERLANDERS-LOGO.jpg\",\"width\":1497,\"height\":310,\"caption\":\"BALTIC OVERLANDERS\"},\"image\":{\"@id\":\"https:\/\/balticoverlanders.eu\/lv\/#\/schema\/logo\/image\/\"},\"sameAs\":[\"https:\/\/www.instagram.com\/balticoverlanders\/\"]}]}<\/script>\n<!-- \/ Yoast SEO plugin. -->","yoast_head_json":{"title":"James Baroud Vision 180 - BALTIC OVERLANDERS","robots":{"index":"index","follow":"follow","max-snippet":"max-snippet:-1","max-image-preview":"max-image-preview:large","max-video-preview":"max-video-preview:-1"},"canonical":"https:\/\/balticoverlanders.eu\/lv\/produkts\/james-baroud-vision-180-auto-jumta-telts\/","og_locale":"lv_LV","og_type":"article","og_title":"James Baroud Vision 180 - BALTIC OVERLANDERS","og_description":"VISION 180 - Liel\u0101k\u0101m \u0123imen\u0113m un komforta cien\u012bt\u0101jiem.   \u0123imen\u0113m ar 4 vai vair\u0101k b\u0113rniem  matra\u010da izm\u0113rs 180 cm x 220 cm  atv\u0113rts augstums 120 cm  INOV\u0100CIJAS, KOMFORTS, IZTUR\u012aBA UN \u0100TRUMS  \u0160ie ir galvenie elementi, kas ir padar\u012bju\u0161i James Baroud jumta teltis slavenas vis\u0101 pasaul\u0113.","og_url":"https:\/\/balticoverlanders.eu\/lv\/produkts\/james-baroud-vision-180-auto-jumta-telts\/","og_site_name":"BALTIC OVERLANDERS","article_modified_time":"2023-06-30T15:22:37+00:00","og_image":[{"width":1000,"height":667,"url":"https:\/\/balticoverlanders.eu\/wp-content\/uploads\/2023\/03\/Vision22.png","type":"image\/png"}],"twitter_card":"summary_large_image","twitter_misc":{"Est. reading time":"2 minutes"},"schema":{"@context":"https:\/\/schema.org","@graph":[{"@type":"WebPage","@id":"https:\/\/balticoverlanders.eu\/lv\/produkts\/james-baroud-vision-180-auto-jumta-telts\/","url":"https:\/\/balticoverlanders.eu\/lv\/produkts\/james-baroud-vision-180-auto-jumta-telts\/","name":"James Baroud Vision 180 - BALTIC OVERLANDERS","isPartOf":{"@id":"https:\/\/balticoverlanders.eu\/lv\/#website"},"primaryImageOfPage":{"@id":"https:\/\/balticoverlanders.eu\/lv\/produkts\/james-baroud-vision-180-auto-jumta-telts\/#primaryimage"},"image":{"@id":"https:\/\/balticoverlanders.eu\/lv\/produkts\/james-baroud-vision-180-auto-jumta-telts\/#primaryimage"},"thumbnailUrl":"https:\/\/balticoverlanders.eu\/wp-content\/uploads\/2023\/03\/Vision22.png","datePublished":"2023-03-12T10:45:28+00:00","dateModified":"2023-06-30T15:22:37+00:00","breadcrumb":{"@id":"https:\/\/balticoverlanders.eu\/lv\/produkts\/james-baroud-vision-180-auto-jumta-telts\/#breadcrumb"},"inLanguage":"lv-LV","potentialAction":[{"@type":"ReadAction","target":["https:\/\/balticoverlanders.eu\/lv\/produkts\/james-baroud-vision-180-auto-jumta-telts\/"]}]},{"@type":"ImageObject","inLanguage":"lv-LV","@id":"https:\/\/balticoverlanders.eu\/lv\/produkts\/james-baroud-vision-180-auto-jumta-telts\/#primaryimage","url":"https:\/\/balticoverlanders.eu\/wp-content\/uploads\/2023\/03\/Vision22.png","contentUrl":"https:\/\/balticoverlanders.eu\/wp-content\/uploads\/2023\/03\/Vision22.png","width":1000,"height":667},{"@type":"BreadcrumbList","@id":"https:\/\/balticoverlanders.eu\/lv\/produkts\/james-baroud-vision-180-auto-jumta-telts\/#breadcrumb","itemListElement":[{"@type":"ListItem","position":1,"name":"Home","item":"https:\/\/balticoverlanders.eu\/lv\/"},{"@type":"ListItem","position":2,"name":"Veikals","item":"https:\/\/balticoverlanders.eu\/lv\/veikals\/"},{"@type":"ListItem","position":3,"name":"James Baroud Vision 180"}]},{"@type":"WebSite","@id":"https:\/\/balticoverlanders.eu\/lv\/#website","url":"https:\/\/balticoverlanders.eu\/lv\/","name":"BALTIC OVERLANDERS","description":"Your one-stop shop in Latvia, Estonia, and Lithuania for all your car camping, rooftop tent and accessory needs.","publisher":{"@id":"https:\/\/balticoverlanders.eu\/lv\/#organization"},"potentialAction":[{"@type":"SearchAction","target":{"@type":"EntryPoint","urlTemplate":"https:\/\/balticoverlanders.eu\/lv\/?s={search_term_string}"},"query-input":{"@type":"PropertyValueSpecification","valueRequired":true,"valueName":"search_term_string"}}],"inLanguage":"lv-LV"},{"@type":"Organization","@id":"https:\/\/balticoverlanders.eu\/lv\/#organization","name":"BALTIC OVERLANDERS","url":"https:\/\/balticoverlanders.eu\/lv\/","logo":{"@type":"ImageObject","inLanguage":"lv-LV","@id":"https:\/\/balticoverlanders.eu\/lv\/#\/schema\/logo\/image\/","url":"https:\/\/balticoverlanders.eu\/wp-content\/uploads\/2023\/04\/BALTIC-OVERLANDERS-LOGO.jpg","contentUrl":"https:\/\/balticoverlanders.eu\/wp-content\/uploads\/2023\/04\/BALTIC-OVERLANDERS-LOGO.jpg","width":1497,"height":310,"caption":"BALTIC OVERLANDERS"},"image":{"@id":"https:\/\/balticoverlanders.eu\/lv\/#\/schema\/logo\/image\/"},"sameAs":["https:\/\/www.instagram.com\/balticoverlanders\/"]}]}},"_links":{"self":[{"href":"https:\/\/balticoverlanders.eu\/lv\/wp-json\/wp\/v2\/product\/8478","targetHints":{"allow":["GET"]}}],"collection":[{"href":"https:\/\/balticoverlanders.eu\/lv\/wp-json\/wp\/v2\/product"}],"about":[{"href":"https:\/\/balticoverlanders.eu\/lv\/wp-json\/wp\/v2\/types\/product"}],"wp:featuredmedia":[{"embeddable":true,"href":"https:\/\/balticoverlanders.eu\/lv\/wp-json\/wp\/v2\/media\/6242"}],"wp:attachment":[{"href":"https:\/\/balticoverlanders.eu\/lv\/wp-json\/wp\/v2\/media?parent=8478"}],"wp:term":[{"taxonomy":"product_brand","embeddable":true,"href":"https:\/\/balticoverlanders.eu\/lv\/wp-json\/wp\/v2\/product_brand?post=8478"},{"taxonomy":"product_cat","embeddable":true,"href":"https:\/\/balticoverlanders.eu\/lv\/wp-json\/wp\/v2\/product_cat?post=8478"},{"taxonomy":"product_tag","embeddable":true,"href":"https:\/\/balticoverlanders.eu\/lv\/wp-json\/wp\/v2\/product_tag?post=8478"}],"curies":[{"name":"wp","href":"https:\/\/api.w.org\/{rel}","templated":true}]}}