{"id":29565,"date":"2023-05-17T16:38:01","date_gmt":"2023-05-17T13:38:01","guid":{"rendered":"https:\/\/balticoverlanders.eu\/hyrkop\/"},"modified":"2024-01-31T23:11:10","modified_gmt":"2024-01-31T21:11:10","slug":"hyrkop","status":"publish","type":"page","link":"https:\/\/balticoverlanders.eu\/sv\/hyrkop\/","title":{"rendered":"Hyrk\u00f6p"},"content":{"rendered":"\t\t<div data-elementor-type=\"wp-page\" data-elementor-id=\"29565\" class=\"elementor elementor-29565 elementor-26022\">\n\t\t\t\t\t\t\r\n\t\t<section\t\t class=\" elementor-section elementor-top-section elementor-element elementor-element-28841b3 elementor-section-boxed elementor-section-height-default elementor-section-height-default\" data-id=\"28841b3\" data-element_type=\"section\" data-e-type=\"section\">\r\n\t\t\r\n\t\t\t\t\t\t\t\t\t\t<div class=\"elementor-container elementor-column-gap-default\" >\r\n\r\n\t\t\t\t\r\n\t\t\t\t\t\t\t\t\t\t\t\t\t\t<div\t\t class=\" elementor-column elementor-col-100 elementor-top-column elementor-element elementor-element-e102bdd\" data-id=\"e102bdd\" data-element_type=\"column\" data-e-type=\"column\">\r\n\t\t\t\r\n\t\t\t\r\n\t\t\t\r\n\t\t\t<div class=\"elementor-widget-wrap elementor-element-populated\">\r\n\t\t\t\t\t\t\t\t\r\n\t\t<section\t\t class=\" elementor-section elementor-inner-section elementor-element elementor-element-c11b98a elementor-section-boxed elementor-section-height-default elementor-section-height-default\" data-id=\"c11b98a\" data-element_type=\"section\" data-e-type=\"section\">\r\n\t\t\r\n\t\t\t\t\t\t\t\t\t\t<div class=\"elementor-container elementor-column-gap-default\" >\r\n\r\n\t\t\t\t\r\n\t\t\t\t\t\t\t\t\t\t\t\t\t\t<div\t\t class=\" elementor-column elementor-col-50 elementor-inner-column elementor-element elementor-element-c3cf41d\" data-id=\"c3cf41d\" data-element_type=\"column\" data-e-type=\"column\">\r\n\t\t\t\r\n\t\t\t\r\n\t\t\t\r\n\t\t\t<div class=\"elementor-widget-wrap elementor-element-populated\">\r\n\t\t\t\t\t\t\t\t<div class=\" elementor-element elementor-element-75a5b15 elementor-widget elementor-widget-image\" data-id=\"75a5b15\" data-element_type=\"widget\" data-e-type=\"widget\" data-widget_type=\"image.default\">\n\t\t\t\t<div class=\"elementor-widget-container\">\n\t\t\t\t\t\t\t\t\t\t\t\t\t\t\t<img fetchpriority=\"high\" decoding=\"async\" width=\"1024\" height=\"576\" src=\"https:\/\/balticoverlanders.eu\/wp-content\/uploads\/2023\/07\/NJraUeYS-1024x576.jpeg\" class=\"attachment-large size-large wp-image-29578\" alt=\"\" srcset=\"https:\/\/balticoverlanders.eu\/wp-content\/uploads\/2023\/07\/NJraUeYS-1024x576.jpeg 1024w, https:\/\/balticoverlanders.eu\/wp-content\/uploads\/2023\/07\/NJraUeYS-300x169.jpeg 300w, https:\/\/balticoverlanders.eu\/wp-content\/uploads\/2023\/07\/NJraUeYS-768x432.jpeg 768w, https:\/\/balticoverlanders.eu\/wp-content\/uploads\/2023\/07\/NJraUeYS-1536x864.jpeg 1536w, https:\/\/balticoverlanders.eu\/wp-content\/uploads\/2023\/07\/NJraUeYS-2048x1152.jpeg 2048w, https:\/\/balticoverlanders.eu\/wp-content\/uploads\/2023\/07\/NJraUeYS-150x84.jpeg 150w, https:\/\/balticoverlanders.eu\/wp-content\/uploads\/2023\/07\/NJraUeYS-600x338.jpeg 600w\" sizes=\"(max-width: 1024px) 100vw, 1024px\" \/>\t\t\t\t\t\t\t\t\t\t\t\t\t\t\t<\/div>\n\t\t\t\t<\/div>\n\t\t\r\n\t\t\r\n\t\t\t\t\t\t\t<\/div>\r\n\t\t\t\r\n\t\t<\/div>\r\n\t\t\t\t<div\t\t class=\" elementor-column elementor-col-50 elementor-inner-column elementor-element elementor-element-9d73670\" data-id=\"9d73670\" data-element_type=\"column\" data-e-type=\"column\">\r\n\t\t\t\r\n\t\t\t\r\n\t\t\t\r\n\t\t\t<div class=\"elementor-widget-wrap elementor-element-populated\">\r\n\t\t\t\t\t\t\t\t<div class=\" elementor-element elementor-element-e7ca170 elementor-widget elementor-widget-text-editor\" data-id=\"e7ca170\" data-element_type=\"widget\" data-e-type=\"widget\" data-widget_type=\"text-editor.default\">\n\t\t\t\t<div class=\"elementor-widget-container\">\n\t\t\t\t\t\t\t\t\t<p>Med <a href=\"https:\/\/www.inbank.lv\/en\">Inbanks avbetalningsk\u00f6p<\/a> kan du omvandla en stor eng\u00e5ngsutgift till mindre m\u00e5natliga utgifter och betala f\u00f6r produkter och tj\u00e4nster i delbetalningar. Ta l\u00e4ngre tid p\u00e5 dig att betala och f\u00f6rdela kostnaderna \u00f6ver upp till 2 \u00e5r. F\u00f6rsta betalningen en m\u00e5nad senare.<\/p>\n<h5>F\u00f6rdelar med Inbank avbetalningsk\u00f6p:<\/h5>\n<p>&#8211; Flexibel l\u00f6sning f\u00f6r stora kostnader<br \/>&#8211; Du v\u00e4ljer beloppet f\u00f6r delbetalningen<br \/>&#8211; Du v\u00e4ljer sj\u00e4lv avbetalningsperiod<br \/>&#8211; Du v\u00e4ljer betalningsdag<br \/>&#8211; Svar p\u00e5 en ans\u00f6kan inom en minut<\/p>\n<h5>Finansieringsvillkor:<\/h5>\n<p>&#8211; Finansieringsbelopp: 100 &#8211; 10 000 \u20ac<br \/>&#8211; Period: 3 &#8211; 24 m\u00e5nader<br \/>&#8211; R\u00e4ntesats: 0%<br \/>&#8211; F\u00f6rskottsbetalning: 0 \u20ac<br \/>&#8211; Avgift f\u00f6r avtalsf\u00f6rvaltning: 0 \u20ac<br \/>&#8211; Kontraktsavgift: 0 \u20ac<\/p>\n\t\t\t\t\t\t\t\t<\/div>\n\t\t\t\t<\/div>\n\t\t\r\n\t\t\r\n\t\t\t\t\t\t\t<\/div>\r\n\t\t\t\r\n\t\t<\/div>\r\n\t\t\t\t\t\t\t\t\t\t\t\t\t\t\t\t\t<\/div>\r\n\t\t\t\t\t\t<\/section>\r\n\t\t\r\n\t\t\r\n\t\t\t\t\t\t\t<\/div>\r\n\t\t\t\r\n\t\t<\/div>\r\n\t\t\t\t\t\t\t\t\t\t\t\t\t\t\t\t\t<\/div>\r\n\t\t\t\t\t\t<\/section>\r\n\t\t\t\t\r\n\t\t<section\t\t class=\" elementor-section elementor-top-section elementor-element elementor-element-3b1a420 elementor-section-boxed elementor-section-height-default elementor-section-height-default\" data-id=\"3b1a420\" data-element_type=\"section\" data-e-type=\"section\">\r\n\t\t\r\n\t\t\t\t\t\t\t\t\t\t<div class=\"elementor-container elementor-column-gap-default\" >\r\n\r\n\t\t\t\t\r\n\t\t\t\t\t\t\t\t\t\t\t\t\t\t<div\t\t class=\" elementor-column elementor-col-100 elementor-top-column elementor-element elementor-element-a2f5172\" data-id=\"a2f5172\" data-element_type=\"column\" data-e-type=\"column\">\r\n\t\t\t\r\n\t\t\t\r\n\t\t\t\r\n\t\t\t<div class=\"elementor-widget-wrap elementor-element-populated\">\r\n\t\t\t\t\t\t\t\t<div class=\" elementor-element elementor-element-4af19dc elementor-widget elementor-widget-html\" data-id=\"4af19dc\" data-element_type=\"widget\" data-e-type=\"widget\" data-widget_type=\"html.default\">\n\t\t\t\t<div class=\"elementor-widget-container\">\n\t\t\t\t\t<iframe frameborder=\"0\" scrolling=\"no\" height=\"230\" width=\"1200\" src=\"https:\/\/calculator.inbank.ee\/calculator\/indivy\/plan?amount=3700&amp;shop_uuid=0a21aa40-ce62-443d-b1e3-8150ec2c6b35&amp;product_code=hp_epos_0_interest_balticoverlanders&amp;currency=eur&amp;lang=en&amp;template=editable_amount&amp;mode=white&amp;logo=true&amp;show_sample=false&amp;start_session=true&amp;secondary_color=black\"><\/iframe>\t\t\t\t<\/div>\n\t\t\t\t<\/div>\n\t\t\r\n\t\t\r\n\t\t\t\t\t\t\t<\/div>\r\n\t\t\t\r\n\t\t<\/div>\r\n\t\t\t\t\t\t\t\t\t\t\t\t\t\t\t\t\t<\/div>\r\n\t\t\t\t\t\t<\/section>\r\n\t\t\t\t\r\n\t\t<section\t\t class=\" elementor-section elementor-top-section elementor-element elementor-element-725bd7c elementor-section-boxed elementor-section-height-default elementor-section-height-default\" data-id=\"725bd7c\" data-element_type=\"section\" data-e-type=\"section\">\r\n\t\t\r\n\t\t\t\t\t\t\t\t\t\t<div class=\"elementor-container elementor-column-gap-default\" >\r\n\r\n\t\t\t\t\r\n\t\t\t\t\t\t\t\t\t\t\t\t\t\t<div\t\t class=\" elementor-column elementor-col-100 elementor-top-column elementor-element elementor-element-7a050f7\" data-id=\"7a050f7\" data-element_type=\"column\" data-e-type=\"column\">\r\n\t\t\t\r\n\t\t\t\r\n\t\t\t\r\n\t\t\t<div class=\"elementor-widget-wrap elementor-element-populated\">\r\n\t\t\t\t\t\t\t\t<div class=\" elementor-element elementor-element-89748c1 elementor-widget elementor-widget-text-editor\" data-id=\"89748c1\" data-element_type=\"widget\" data-e-type=\"widget\" data-widget_type=\"text-editor.default\">\n\t\t\t\t<div class=\"elementor-widget-container\">\n\t\t\t\t\t\t\t\t\t<p>Kostnadsr\u00e4ntan f\u00f6r Inbanks avbetalningsk\u00f6p \u00e4r 0 % per \u00e5r under f\u00f6ljande exempelvillkor: priset p\u00e5 f\u00f6rem\u00e5let f\u00f6r avtalet n\u00e4r det betalas omedelbart (nettopris) 3000 euro, l\u00e5nebelopp 3000 euro, handpenning 0 euro, avtalsperiod 24 m\u00e5nader, \u00e5rlig fast r\u00e4nta 0 % av k\u00f6pesumman, avtalsavgift 0 euro, m\u00e5natlig f\u00f6rvaltningsavgift 0 euro. M\u00e5nadsavgift totalt 125 euro. Det totala \u00e5terbetalningsbara l\u00e5nebeloppet \u00e4r 3000 euro. Den finansiella tj\u00e4nsten tillhandah\u00e5lls av <a href=\"https:\/\/www.inbank.lv\/en\">AS Inbank Finance<\/a>. Innan du ing\u00e5r avtalet ska du l\u00e4sa villkoren f\u00f6r den finansiella tj\u00e4nsten och vid behov r\u00e5dg\u00f6ra med en expert.<\/p>\n<p>Om du har n\u00e5gra fr\u00e5gor eller vill ha ytterligare information om InBanks produkter \u00e4r du v\u00e4lkommen att kontakta oss p\u00e5<\/p>\n<p>+37166939000<br \/>info@inbank.lv<\/p>\n\t\t\t\t\t\t\t\t<\/div>\n\t\t\t\t<\/div>\n\t\t\r\n\t\t\r\n\t\t\t\t\t\t\t<\/div>\r\n\t\t\t\r\n\t\t<\/div>\r\n\t\t\t\t\t\t\t\t\t\t\t\t\t\t\t\t\t<\/div>\r\n\t\t\t\t\t\t<\/section>\r\n\t\t\t\t<\/div>\n\t\t","protected":false},"excerpt":{"rendered":"<p>Med Inbanks avbetalningsk\u00f6p kan du omvandla en stor eng\u00e5ngsutgift till mindre m\u00e5natliga utgifter och betala f\u00f6r produkter och tj\u00e4nster i delbetalningar. Ta l\u00e4ngre tid p\u00e5 dig att betala och f\u00f6rdela kostnaderna \u00f6ver upp till 2 \u00e5r. F\u00f6rsta betalningen en m\u00e5nad senare. F\u00f6rdelar med Inbank avbetalningsk\u00f6p: &#8211; Flexibel l\u00f6sning f\u00f6r stora kostnader&#8211; Du v\u00e4ljer beloppet f\u00f6r [&hellip;]<\/p>\n","protected":false},"author":1,"featured_media":0,"parent":0,"menu_order":0,"comment_status":"closed","ping_status":"closed","template":"","meta":{"footnotes":""},"class_list":["post-29565","page","type-page","status-publish","hentry"],"yoast_head":"<!-- This site is optimized with the Yoast SEO plugin v27.3 - https:\/\/yoast.com\/product\/yoast-seo-wordpress\/ -->\n<title>Hyrk\u00f6p | Prisv\u00e4rd bil T\u00e4lttak | James Baroud<\/title>\n<meta name=\"description\" content=\"Prisv\u00e4rda takmonterade bilt\u00e4lt f\u00f6r avbetalningsk\u00f6p. Upplev \u00e4ventyrscamping med James Baroud. Perfekt f\u00f6r bilcamping och \u00f6verlandning.\" \/>\n<meta name=\"robots\" content=\"index, follow, max-snippet:-1, max-image-preview:large, max-video-preview:-1\" \/>\n<link rel=\"canonical\" href=\"https:\/\/balticoverlanders.eu\/sv\/hyrkop\/\" \/>\n<meta property=\"og:locale\" content=\"sv_SE\" \/>\n<meta property=\"og:type\" content=\"article\" \/>\n<meta property=\"og:title\" content=\"Hyrk\u00f6p | Prisv\u00e4rd bil T\u00e4lttak | James Baroud\" \/>\n<meta property=\"og:description\" content=\"Prisv\u00e4rda takmonterade bilt\u00e4lt f\u00f6r avbetalningsk\u00f6p. Upplev \u00e4ventyrscamping med James Baroud. Perfekt f\u00f6r bilcamping och \u00f6verlandning.\" \/>\n<meta property=\"og:url\" content=\"https:\/\/balticoverlanders.eu\/sv\/hyrkop\/\" \/>\n<meta property=\"og:site_name\" content=\"BALTIC OVERLANDERS\" \/>\n<meta property=\"article:modified_time\" content=\"2024-01-31T21:11:10+00:00\" \/>\n<meta property=\"og:image\" content=\"https:\/\/balticoverlanders.eu\/wp-content\/uploads\/2023\/07\/NJraUeYS-1024x576.jpeg\" \/>\n<meta name=\"twitter:card\" content=\"summary_large_image\" \/>\n<meta name=\"twitter:label1\" content=\"Ber\u00e4knad l\u00e4stid\" \/>\n\t<meta name=\"twitter:data1\" content=\"1 minut\" \/>\n<script type=\"application\/ld+json\" class=\"yoast-schema-graph\">{\"@context\":\"https:\\\/\\\/schema.org\",\"@graph\":[{\"@type\":\"WebPage\",\"@id\":\"https:\\\/\\\/balticoverlanders.eu\\\/sv\\\/hyrkop\\\/\",\"url\":\"https:\\\/\\\/balticoverlanders.eu\\\/sv\\\/hyrkop\\\/\",\"name\":\"Hyrk\u00f6p | Prisv\u00e4rd bil T\u00e4lttak | James Baroud\",\"isPartOf\":{\"@id\":\"https:\\\/\\\/balticoverlanders.eu\\\/sv\\\/#website\"},\"primaryImageOfPage\":{\"@id\":\"https:\\\/\\\/balticoverlanders.eu\\\/sv\\\/hyrkop\\\/#primaryimage\"},\"image\":{\"@id\":\"https:\\\/\\\/balticoverlanders.eu\\\/sv\\\/hyrkop\\\/#primaryimage\"},\"thumbnailUrl\":\"https:\\\/\\\/balticoverlanders.eu\\\/wp-content\\\/uploads\\\/2023\\\/07\\\/NJraUeYS-1024x576.jpeg\",\"datePublished\":\"2023-05-17T13:38:01+00:00\",\"dateModified\":\"2024-01-31T21:11:10+00:00\",\"description\":\"Prisv\u00e4rda takmonterade bilt\u00e4lt f\u00f6r avbetalningsk\u00f6p. Upplev \u00e4ventyrscamping med James Baroud. Perfekt f\u00f6r bilcamping och \u00f6verlandning.\",\"breadcrumb\":{\"@id\":\"https:\\\/\\\/balticoverlanders.eu\\\/sv\\\/hyrkop\\\/#breadcrumb\"},\"inLanguage\":\"sv-SE\",\"potentialAction\":[{\"@type\":\"ReadAction\",\"target\":[\"https:\\\/\\\/balticoverlanders.eu\\\/sv\\\/hyrkop\\\/\"]}]},{\"@type\":\"ImageObject\",\"inLanguage\":\"sv-SE\",\"@id\":\"https:\\\/\\\/balticoverlanders.eu\\\/sv\\\/hyrkop\\\/#primaryimage\",\"url\":\"https:\\\/\\\/balticoverlanders.eu\\\/wp-content\\\/uploads\\\/2023\\\/07\\\/NJraUeYS-1024x576.jpeg\",\"contentUrl\":\"https:\\\/\\\/balticoverlanders.eu\\\/wp-content\\\/uploads\\\/2023\\\/07\\\/NJraUeYS-1024x576.jpeg\"},{\"@type\":\"BreadcrumbList\",\"@id\":\"https:\\\/\\\/balticoverlanders.eu\\\/sv\\\/hyrkop\\\/#breadcrumb\",\"itemListElement\":[{\"@type\":\"ListItem\",\"position\":1,\"name\":\"Home\",\"item\":\"https:\\\/\\\/balticoverlanders.eu\\\/sv\\\/?page_id=30156\"},{\"@type\":\"ListItem\",\"position\":2,\"name\":\"Hyrk\u00f6p\"}]},{\"@type\":\"WebSite\",\"@id\":\"https:\\\/\\\/balticoverlanders.eu\\\/sv\\\/#website\",\"url\":\"https:\\\/\\\/balticoverlanders.eu\\\/sv\\\/\",\"name\":\"BALTIC OVERLANDERS\",\"description\":\"Your one-stop shop in Latvia, Estonia, and Lithuania for all your car camping, rooftop tent and accessory needs.\",\"potentialAction\":[{\"@type\":\"SearchAction\",\"target\":{\"@type\":\"EntryPoint\",\"urlTemplate\":\"https:\\\/\\\/balticoverlanders.eu\\\/sv\\\/?s={search_term_string}\"},\"query-input\":{\"@type\":\"PropertyValueSpecification\",\"valueRequired\":true,\"valueName\":\"search_term_string\"}}],\"inLanguage\":\"sv-SE\"}]}<\/script>\n<!-- \/ Yoast SEO plugin. -->","yoast_head_json":{"title":"Hyrk\u00f6p | Prisv\u00e4rd bil T\u00e4lttak | James Baroud","description":"Prisv\u00e4rda takmonterade bilt\u00e4lt f\u00f6r avbetalningsk\u00f6p. Upplev \u00e4ventyrscamping med James Baroud. Perfekt f\u00f6r bilcamping och \u00f6verlandning.","robots":{"index":"index","follow":"follow","max-snippet":"max-snippet:-1","max-image-preview":"max-image-preview:large","max-video-preview":"max-video-preview:-1"},"canonical":"https:\/\/balticoverlanders.eu\/sv\/hyrkop\/","og_locale":"sv_SE","og_type":"article","og_title":"Hyrk\u00f6p | Prisv\u00e4rd bil T\u00e4lttak | James Baroud","og_description":"Prisv\u00e4rda takmonterade bilt\u00e4lt f\u00f6r avbetalningsk\u00f6p. Upplev \u00e4ventyrscamping med James Baroud. Perfekt f\u00f6r bilcamping och \u00f6verlandning.","og_url":"https:\/\/balticoverlanders.eu\/sv\/hyrkop\/","og_site_name":"BALTIC OVERLANDERS","article_modified_time":"2024-01-31T21:11:10+00:00","og_image":[{"url":"https:\/\/balticoverlanders.eu\/wp-content\/uploads\/2023\/07\/NJraUeYS-1024x576.jpeg","type":"","width":"","height":""}],"twitter_card":"summary_large_image","twitter_misc":{"Ber\u00e4knad l\u00e4stid":"1 minut"},"schema":{"@context":"https:\/\/schema.org","@graph":[{"@type":"WebPage","@id":"https:\/\/balticoverlanders.eu\/sv\/hyrkop\/","url":"https:\/\/balticoverlanders.eu\/sv\/hyrkop\/","name":"Hyrk\u00f6p | Prisv\u00e4rd bil T\u00e4lttak | James Baroud","isPartOf":{"@id":"https:\/\/balticoverlanders.eu\/sv\/#website"},"primaryImageOfPage":{"@id":"https:\/\/balticoverlanders.eu\/sv\/hyrkop\/#primaryimage"},"image":{"@id":"https:\/\/balticoverlanders.eu\/sv\/hyrkop\/#primaryimage"},"thumbnailUrl":"https:\/\/balticoverlanders.eu\/wp-content\/uploads\/2023\/07\/NJraUeYS-1024x576.jpeg","datePublished":"2023-05-17T13:38:01+00:00","dateModified":"2024-01-31T21:11:10+00:00","description":"Prisv\u00e4rda takmonterade bilt\u00e4lt f\u00f6r avbetalningsk\u00f6p. Upplev \u00e4ventyrscamping med James Baroud. Perfekt f\u00f6r bilcamping och \u00f6verlandning.","breadcrumb":{"@id":"https:\/\/balticoverlanders.eu\/sv\/hyrkop\/#breadcrumb"},"inLanguage":"sv-SE","potentialAction":[{"@type":"ReadAction","target":["https:\/\/balticoverlanders.eu\/sv\/hyrkop\/"]}]},{"@type":"ImageObject","inLanguage":"sv-SE","@id":"https:\/\/balticoverlanders.eu\/sv\/hyrkop\/#primaryimage","url":"https:\/\/balticoverlanders.eu\/wp-content\/uploads\/2023\/07\/NJraUeYS-1024x576.jpeg","contentUrl":"https:\/\/balticoverlanders.eu\/wp-content\/uploads\/2023\/07\/NJraUeYS-1024x576.jpeg"},{"@type":"BreadcrumbList","@id":"https:\/\/balticoverlanders.eu\/sv\/hyrkop\/#breadcrumb","itemListElement":[{"@type":"ListItem","position":1,"name":"Home","item":"https:\/\/balticoverlanders.eu\/sv\/?page_id=30156"},{"@type":"ListItem","position":2,"name":"Hyrk\u00f6p"}]},{"@type":"WebSite","@id":"https:\/\/balticoverlanders.eu\/sv\/#website","url":"https:\/\/balticoverlanders.eu\/sv\/","name":"BALTIC OVERLANDERS","description":"Your one-stop shop in Latvia, Estonia, and Lithuania for all your car camping, rooftop tent and accessory needs.","potentialAction":[{"@type":"SearchAction","target":{"@type":"EntryPoint","urlTemplate":"https:\/\/balticoverlanders.eu\/sv\/?s={search_term_string}"},"query-input":{"@type":"PropertyValueSpecification","valueRequired":true,"valueName":"search_term_string"}}],"inLanguage":"sv-SE"}]}},"_links":{"self":[{"href":"https:\/\/balticoverlanders.eu\/sv\/wp-json\/wp\/v2\/pages\/29565","targetHints":{"allow":["GET"]}}],"collection":[{"href":"https:\/\/balticoverlanders.eu\/sv\/wp-json\/wp\/v2\/pages"}],"about":[{"href":"https:\/\/balticoverlanders.eu\/sv\/wp-json\/wp\/v2\/types\/page"}],"author":[{"embeddable":true,"href":"https:\/\/balticoverlanders.eu\/sv\/wp-json\/wp\/v2\/users\/1"}],"replies":[{"embeddable":true,"href":"https:\/\/balticoverlanders.eu\/sv\/wp-json\/wp\/v2\/comments?post=29565"}],"version-history":[{"count":2,"href":"https:\/\/balticoverlanders.eu\/sv\/wp-json\/wp\/v2\/pages\/29565\/revisions"}],"predecessor-version":[{"id":29596,"href":"https:\/\/balticoverlanders.eu\/sv\/wp-json\/wp\/v2\/pages\/29565\/revisions\/29596"}],"wp:attachment":[{"href":"https:\/\/balticoverlanders.eu\/sv\/wp-json\/wp\/v2\/media?parent=29565"}],"curies":[{"name":"wp","href":"https:\/\/api.w.org\/{rel}","templated":true}]}}