{"id":29606,"date":"2023-04-11T18:57:46","date_gmt":"2023-04-11T15:57:46","guid":{"rendered":"https:\/\/balticoverlanders.eu\/hyresavtal-for-talt-pa-tak\/"},"modified":"2024-01-31T23:11:11","modified_gmt":"2024-01-31T21:11:11","slug":"hyresavtal-for-talt-pa-tak","status":"publish","type":"page","link":"https:\/\/balticoverlanders.eu\/sv\/hyresavtal-for-talt-pa-tak\/","title":{"rendered":"Hyresavtal f\u00f6r t\u00e4lt p\u00e5 tak"},"content":{"rendered":"","protected":false},"excerpt":{"rendered":"","protected":false},"author":1,"featured_media":0,"parent":0,"menu_order":0,"comment_status":"closed","ping_status":"closed","template":"","meta":{"footnotes":""},"class_list":["post-29606","page","type-page","status-publish","hentry"],"yoast_head":"<!-- This site is optimized with the Yoast SEO plugin v27.2 - https:\/\/yoast.com\/product\/yoast-seo-wordpress\/ -->\n<title>Hyresavtal f\u00f6r t\u00e4lt p\u00e5 tak - BALTIC OVERLANDERS<\/title>\n<meta name=\"robots\" content=\"index, follow, max-snippet:-1, max-image-preview:large, max-video-preview:-1\" \/>\n<link rel=\"canonical\" href=\"https:\/\/balticoverlanders.eu\/sv\/hyresavtal-for-talt-pa-tak\/\" \/>\n<meta property=\"og:locale\" content=\"sv_SE\" \/>\n<meta property=\"og:type\" content=\"article\" \/>\n<meta property=\"og:title\" content=\"Hyresavtal f\u00f6r t\u00e4lt p\u00e5 tak - BALTIC OVERLANDERS\" \/>\n<meta property=\"og:url\" content=\"https:\/\/balticoverlanders.eu\/sv\/hyresavtal-for-talt-pa-tak\/\" \/>\n<meta property=\"og:site_name\" content=\"BALTIC OVERLANDERS\" \/>\n<meta property=\"article:modified_time\" content=\"2024-01-31T21:11:11+00:00\" \/>\n<meta property=\"og:image\" content=\"https:\/\/balticoverlanders.eu\/wp-content\/uploads\/2023\/04\/BALTIC-OVERLANDERS-LOGO.jpg\" \/>\n\t<meta property=\"og:image:width\" content=\"1497\" \/>\n\t<meta property=\"og:image:height\" content=\"310\" \/>\n\t<meta property=\"og:image:type\" content=\"image\/jpeg\" \/>\n<meta name=\"twitter:card\" content=\"summary_large_image\" \/>\n<script type=\"application\/ld+json\" class=\"yoast-schema-graph\">{\"@context\":\"https:\/\/schema.org\",\"@graph\":[{\"@type\":\"WebPage\",\"@id\":\"https:\/\/balticoverlanders.eu\/sv\/hyresavtal-for-talt-pa-tak\/\",\"url\":\"https:\/\/balticoverlanders.eu\/sv\/hyresavtal-for-talt-pa-tak\/\",\"name\":\"Hyresavtal f\u00f6r t\u00e4lt p\u00e5 tak - BALTIC OVERLANDERS\",\"isPartOf\":{\"@id\":\"https:\/\/balticoverlanders.eu\/sv\/#website\"},\"datePublished\":\"2023-04-11T15:57:46+00:00\",\"dateModified\":\"2024-01-31T21:11:11+00:00\",\"breadcrumb\":{\"@id\":\"https:\/\/balticoverlanders.eu\/sv\/hyresavtal-for-talt-pa-tak\/#breadcrumb\"},\"inLanguage\":\"sv-SE\",\"potentialAction\":[{\"@type\":\"ReadAction\",\"target\":[\"https:\/\/balticoverlanders.eu\/sv\/hyresavtal-for-talt-pa-tak\/\"]}]},{\"@type\":\"BreadcrumbList\",\"@id\":\"https:\/\/balticoverlanders.eu\/sv\/hyresavtal-for-talt-pa-tak\/#breadcrumb\",\"itemListElement\":[{\"@type\":\"ListItem\",\"position\":1,\"name\":\"Home\",\"item\":\"https:\/\/balticoverlanders.eu\/sv\/?page_id=30156\"},{\"@type\":\"ListItem\",\"position\":2,\"name\":\"Hyresavtal f\u00f6r t\u00e4lt p\u00e5 tak\"}]},{\"@type\":\"WebSite\",\"@id\":\"https:\/\/balticoverlanders.eu\/sv\/#website\",\"url\":\"https:\/\/balticoverlanders.eu\/sv\/\",\"name\":\"BALTIC OVERLANDERS\",\"description\":\"Your one-stop shop in Latvia, Estonia, and Lithuania for all your car camping, rooftop tent and accessory needs.\",\"potentialAction\":[{\"@type\":\"SearchAction\",\"target\":{\"@type\":\"EntryPoint\",\"urlTemplate\":\"https:\/\/balticoverlanders.eu\/sv\/?s={search_term_string}\"},\"query-input\":{\"@type\":\"PropertyValueSpecification\",\"valueRequired\":true,\"valueName\":\"search_term_string\"}}],\"inLanguage\":\"sv-SE\"}]}<\/script>\n<!-- \/ Yoast SEO plugin. -->","yoast_head_json":{"title":"Hyresavtal f\u00f6r t\u00e4lt p\u00e5 tak - BALTIC OVERLANDERS","robots":{"index":"index","follow":"follow","max-snippet":"max-snippet:-1","max-image-preview":"max-image-preview:large","max-video-preview":"max-video-preview:-1"},"canonical":"https:\/\/balticoverlanders.eu\/sv\/hyresavtal-for-talt-pa-tak\/","og_locale":"sv_SE","og_type":"article","og_title":"Hyresavtal f\u00f6r t\u00e4lt p\u00e5 tak - BALTIC OVERLANDERS","og_url":"https:\/\/balticoverlanders.eu\/sv\/hyresavtal-for-talt-pa-tak\/","og_site_name":"BALTIC OVERLANDERS","article_modified_time":"2024-01-31T21:11:11+00:00","og_image":[{"width":1497,"height":310,"url":"https:\/\/balticoverlanders.eu\/wp-content\/uploads\/2023\/04\/BALTIC-OVERLANDERS-LOGO.jpg","type":"image\/jpeg"}],"twitter_card":"summary_large_image","schema":{"@context":"https:\/\/schema.org","@graph":[{"@type":"WebPage","@id":"https:\/\/balticoverlanders.eu\/sv\/hyresavtal-for-talt-pa-tak\/","url":"https:\/\/balticoverlanders.eu\/sv\/hyresavtal-for-talt-pa-tak\/","name":"Hyresavtal f\u00f6r t\u00e4lt p\u00e5 tak - BALTIC OVERLANDERS","isPartOf":{"@id":"https:\/\/balticoverlanders.eu\/sv\/#website"},"datePublished":"2023-04-11T15:57:46+00:00","dateModified":"2024-01-31T21:11:11+00:00","breadcrumb":{"@id":"https:\/\/balticoverlanders.eu\/sv\/hyresavtal-for-talt-pa-tak\/#breadcrumb"},"inLanguage":"sv-SE","potentialAction":[{"@type":"ReadAction","target":["https:\/\/balticoverlanders.eu\/sv\/hyresavtal-for-talt-pa-tak\/"]}]},{"@type":"BreadcrumbList","@id":"https:\/\/balticoverlanders.eu\/sv\/hyresavtal-for-talt-pa-tak\/#breadcrumb","itemListElement":[{"@type":"ListItem","position":1,"name":"Home","item":"https:\/\/balticoverlanders.eu\/sv\/?page_id=30156"},{"@type":"ListItem","position":2,"name":"Hyresavtal f\u00f6r t\u00e4lt p\u00e5 tak"}]},{"@type":"WebSite","@id":"https:\/\/balticoverlanders.eu\/sv\/#website","url":"https:\/\/balticoverlanders.eu\/sv\/","name":"BALTIC OVERLANDERS","description":"Your one-stop shop in Latvia, Estonia, and Lithuania for all your car camping, rooftop tent and accessory needs.","potentialAction":[{"@type":"SearchAction","target":{"@type":"EntryPoint","urlTemplate":"https:\/\/balticoverlanders.eu\/sv\/?s={search_term_string}"},"query-input":{"@type":"PropertyValueSpecification","valueRequired":true,"valueName":"search_term_string"}}],"inLanguage":"sv-SE"}]}},"_links":{"self":[{"href":"https:\/\/balticoverlanders.eu\/sv\/wp-json\/wp\/v2\/pages\/29606","targetHints":{"allow":["GET"]}}],"collection":[{"href":"https:\/\/balticoverlanders.eu\/sv\/wp-json\/wp\/v2\/pages"}],"about":[{"href":"https:\/\/balticoverlanders.eu\/sv\/wp-json\/wp\/v2\/types\/page"}],"author":[{"embeddable":true,"href":"https:\/\/balticoverlanders.eu\/sv\/wp-json\/wp\/v2\/users\/1"}],"replies":[{"embeddable":true,"href":"https:\/\/balticoverlanders.eu\/sv\/wp-json\/wp\/v2\/comments?post=29606"}],"version-history":[{"count":1,"href":"https:\/\/balticoverlanders.eu\/sv\/wp-json\/wp\/v2\/pages\/29606\/revisions"}],"predecessor-version":[{"id":29610,"href":"https:\/\/balticoverlanders.eu\/sv\/wp-json\/wp\/v2\/pages\/29606\/revisions\/29610"}],"wp:attachment":[{"href":"https:\/\/balticoverlanders.eu\/sv\/wp-json\/wp\/v2\/media?parent=29606"}],"curies":[{"name":"wp","href":"https:\/\/api.w.org\/{rel}","templated":true}]}}