{"id":29667,"date":"2023-04-11T14:15:26","date_gmt":"2023-04-11T11:15:26","guid":{"rendered":"https:\/\/balticoverlanders.eu\/alu-cab\/"},"modified":"2024-01-31T23:11:26","modified_gmt":"2024-01-31T21:11:26","slug":"alu-cab","status":"publish","type":"page","link":"https:\/\/balticoverlanders.eu\/sv\/alu-cab\/","title":{"rendered":"Alu-Cab"},"content":{"rendered":"\t\t<div data-elementor-type=\"wp-page\" data-elementor-id=\"29667\" class=\"elementor elementor-29667 elementor-17612\">\n\t\t\t\t\t\t\r\n\t\t<section\t\t class=\" elementor-section elementor-top-section elementor-element elementor-element-1c538dd elementor-section-boxed elementor-section-height-default elementor-section-height-default\" data-id=\"1c538dd\" data-element_type=\"section\" data-e-type=\"section\">\r\n\t\t\r\n\t\t\t\t\t\t\t\t\t\t<div class=\"elementor-container elementor-column-gap-default\" >\r\n\r\n\t\t\t\t\r\n\t\t\t\t\t\t\t\t\t\t\t\t\t\t<div\t\t class=\" elementor-column elementor-col-50 elementor-top-column elementor-element elementor-element-0f8277c\" data-id=\"0f8277c\" data-element_type=\"column\" data-e-type=\"column\">\r\n\t\t\t\r\n\t\t\t\r\n\t\t\t\r\n\t\t\t<div class=\"elementor-widget-wrap elementor-element-populated\">\r\n\t\t\t\t\t\t\t\t<div class=\" elementor-element elementor-element-e920da4 elementor-widget__width-initial elementor-widget elementor-widget-image\" data-id=\"e920da4\" data-element_type=\"widget\" data-e-type=\"widget\" data-widget_type=\"image.default\">\n\t\t\t\t<div class=\"elementor-widget-container\">\n\t\t\t\t\t\t\t\t\t\t\t\t\t\t\t<img fetchpriority=\"high\" decoding=\"async\" width=\"1000\" height=\"459\" src=\"https:\/\/balticoverlanders.eu\/wp-content\/uploads\/2023\/04\/Alu-Cab1500x688-TB.png\" class=\"attachment-large size-large wp-image-29668\" alt=\"\" srcset=\"https:\/\/balticoverlanders.eu\/wp-content\/uploads\/2023\/04\/Alu-Cab1500x688-TB.png 1000w, https:\/\/balticoverlanders.eu\/wp-content\/uploads\/2023\/04\/Alu-Cab1500x688-TB-300x138.png 300w, https:\/\/balticoverlanders.eu\/wp-content\/uploads\/2023\/04\/Alu-Cab1500x688-TB-768x353.png 768w, https:\/\/balticoverlanders.eu\/wp-content\/uploads\/2023\/04\/Alu-Cab1500x688-TB-150x69.png 150w, https:\/\/balticoverlanders.eu\/wp-content\/uploads\/2023\/04\/Alu-Cab1500x688-TB-600x275.png 600w\" sizes=\"(max-width: 1000px) 100vw, 1000px\" \/>\t\t\t\t\t\t\t\t\t\t\t\t\t\t\t<\/div>\n\t\t\t\t<\/div>\n\t\t\r\n\t\t\r\n\t\t\t\t\t\t\t<\/div>\r\n\t\t\t\r\n\t\t<\/div>\r\n\t\t\t\t<div\t\t class=\" elementor-column elementor-col-50 elementor-top-column elementor-element elementor-element-0aa9fc6\" data-id=\"0aa9fc6\" data-element_type=\"column\" data-e-type=\"column\">\r\n\t\t\t\r\n\t\t\t\r\n\t\t\t\r\n\t\t\t<div class=\"elementor-widget-wrap\">\r\n\t\t\t\t\t\t\r\n\t\t\r\n\t\t\t\t\t\t\t<\/div>\r\n\t\t\t\r\n\t\t<\/div>\r\n\t\t\t\t\t\t\t\t\t\t\t\t\t\t\t\t\t<\/div>\r\n\t\t\t\t\t\t<\/section>\r\n\t\t\t\t\r\n\t\t<section\t\t class=\" elementor-section elementor-top-section elementor-element elementor-element-cd2f871 elementor-section-boxed elementor-section-height-default elementor-section-height-default\" data-id=\"cd2f871\" data-element_type=\"section\" data-e-type=\"section\">\r\n\t\t\r\n\t\t\t\t\t\t\t\t\t\t<div class=\"elementor-container elementor-column-gap-default\" >\r\n\r\n\t\t\t\t\r\n\t\t\t\t\t\t\t\t\t\t\t\t\t\t<div\t\t class=\" elementor-column elementor-col-50 elementor-top-column elementor-element elementor-element-a16e848\" data-id=\"a16e848\" data-element_type=\"column\" data-e-type=\"column\">\r\n\t\t\t\r\n\t\t\t\r\n\t\t\t\r\n\t\t\t<div class=\"elementor-widget-wrap elementor-element-populated\">\r\n\t\t\t\t\t\t\t\t<div class=\" elementor-element elementor-element-e2a1496 elementor-widget elementor-widget-text-editor\" data-id=\"e2a1496\" data-element_type=\"widget\" data-e-type=\"widget\" data-widget_type=\"text-editor.default\">\n\t\t\t\t<div class=\"elementor-widget-container\">\n\t\t\t\t\t\t\t\t\t<p>Baltic Overlander \u00e4r stolta \u00f6ver att kunna erbjuda <span style=\"text-decoration: underline;\"><br \/>\n  <a href=\"https:\/\/www.alu-cab.com\/\">Alu-Cab<\/a><br \/>\n<\/span> produkter i Baltikum &#8211; Estland, Lettland och Litauen till resen\u00e4rer som reser \u00f6ver land och letar efter h\u00e5llbara och h\u00f6gkvalitativa aluminiumprodukter. Alu-Cab Cape Town (H\/O) \u00f6ppnade sina d\u00f6rrar \u00e5r 2000 och sedan dess har f\u00f6retaget vuxit fr\u00e5n att bygga det allra f\u00f6rsta aluminiumtaket till en fullskalig tillverkningsanl\u00e4ggning med inriktning p\u00e5 v\u00e4rldsmarknaden.<\/p>\n<p>Idag erbjuder Alu-Cab en rad aluminiumprodukter f\u00f6r fordons-, fritids- och kommersiell industri. Deras tillverkningsanl\u00e4ggning best\u00e5r av 14 fabriker med \u00f6ver 400 anst\u00e4llda, och deras Alu-Cab-produktsortiment distribueras i 73 l\u00e4nder.<\/p>\n<p>Alu-Cab \u00e4r ett sydafrikanskt f\u00f6retag med egen tillverkningsenhet i Ottery, Kapstaden, och vi \u00e4r fast beslutna att leverera kvalitetsprodukter som \u00f6vertr\u00e4ffar dina f\u00f6rv\u00e4ntningar. Med sin expertis inom teknik och design erbjuder Alu-Cab resen\u00e4rer innovativa l\u00f6sningar f\u00f6r deras campingbehov.<\/p>\n<p>Oavsett om du \u00e4r i behov av ett takt\u00e4lt, aluminiumtak eller n\u00e5gon annan aluminiumprodukt, har Alu-Cab dig t\u00e4ckt. Med sitt engagemang f\u00f6r h\u00e5llbarhet och kvalitet kan du lita p\u00e5 att Alu-Cabs produkter kommer att ge dig en p\u00e5litlig och bekv\u00e4m landupplevelse.<\/p>\n\t\t\t\t\t\t\t\t<\/div>\n\t\t\t\t<\/div>\n\t\t\t\t<div class=\" elementor-element elementor-element-74eed73 elementor-widget elementor-widget-riode_widget_button\" data-id=\"74eed73\" data-element_type=\"widget\" data-e-type=\"widget\" data-widget_type=\"riode_widget_button.default\">\n\t\t\t\t<div class=\"elementor-widget-container\">\n\t\t\t\t\t<a class=\"btn btn-primary\" href=\"https:\/\/balticoverlanders.eu\/product-category\/brands\/alu-cab\/\" >SEE All Alu-Cab Products<\/a>\t\t\t\t<\/div>\n\t\t\t\t<\/div>\n\t\t\r\n\t\t\r\n\t\t\t\t\t\t\t<\/div>\r\n\t\t\t\r\n\t\t<\/div>\r\n\t\t\t\t<div\t\t class=\" elementor-column elementor-col-50 elementor-top-column elementor-element elementor-element-c506b36\" data-id=\"c506b36\" data-element_type=\"column\" data-e-type=\"column\">\r\n\t\t\t\r\n\t\t\t\r\n\t\t\t\r\n\t\t\t<div class=\"elementor-widget-wrap elementor-element-populated\">\r\n\t\t\t\t\t\t\t\t\r\n\t\t<section\t\t class=\" elementor-section elementor-inner-section elementor-element elementor-element-c9d410f elementor-section-boxed elementor-section-height-default elementor-section-height-default\" data-id=\"c9d410f\" data-element_type=\"section\" data-e-type=\"section\">\r\n\t\t\r\n\t\t\t\t\t\t\t\t\t\t<div class=\"elementor-container elementor-column-gap-default\" >\r\n\r\n\t\t\t\t\r\n\t\t\t\t\t\t\t\t\t\t\t\t\t\t<div\t\t class=\" elementor-column elementor-col-50 elementor-inner-column elementor-element elementor-element-a119951\" data-id=\"a119951\" data-element_type=\"column\" data-e-type=\"column\">\r\n\t\t\t\r\n\t\t\t\r\n\t\t\t\r\n\t\t\t<div class=\"elementor-widget-wrap elementor-element-populated\">\r\n\t\t\t\t\t\t\t\t<div class=\" elementor-element elementor-element-31960cb elementor-widget elementor-widget-image\" data-id=\"31960cb\" data-element_type=\"widget\" data-e-type=\"widget\" data-widget_type=\"image.default\">\n\t\t\t\t<div class=\"elementor-widget-container\">\n\t\t\t\t\t\t\t\t\t\t\t\t\t\t\t<img decoding=\"async\" width=\"1024\" height=\"431\" src=\"https:\/\/balticoverlanders.eu\/wp-content\/uploads\/2023\/04\/slider2-1024x431.webp\" class=\"attachment-large size-large wp-image-29669\" alt=\"\" srcset=\"https:\/\/balticoverlanders.eu\/wp-content\/uploads\/2023\/04\/slider2-1024x431.webp 1024w, https:\/\/balticoverlanders.eu\/wp-content\/uploads\/2023\/04\/slider2-300x126.webp 300w, https:\/\/balticoverlanders.eu\/wp-content\/uploads\/2023\/04\/slider2-768x323.webp 768w, https:\/\/balticoverlanders.eu\/wp-content\/uploads\/2023\/04\/slider2-1536x647.webp 1536w, https:\/\/balticoverlanders.eu\/wp-content\/uploads\/2023\/04\/slider2-150x63.webp 150w, https:\/\/balticoverlanders.eu\/wp-content\/uploads\/2023\/04\/slider2-600x253.webp 600w, https:\/\/balticoverlanders.eu\/wp-content\/uploads\/2023\/04\/slider2.webp 1900w\" sizes=\"(max-width: 1024px) 100vw, 1024px\" \/>\t\t\t\t\t\t\t\t\t\t\t\t\t\t\t<\/div>\n\t\t\t\t<\/div>\n\t\t\r\n\t\t\r\n\t\t\t\t\t\t\t<\/div>\r\n\t\t\t\r\n\t\t<\/div>\r\n\t\t\t\t<div\t\t class=\" elementor-column elementor-col-50 elementor-inner-column elementor-element elementor-element-67bd267\" data-id=\"67bd267\" data-element_type=\"column\" data-e-type=\"column\">\r\n\t\t\t\r\n\t\t\t\r\n\t\t\t\r\n\t\t\t<div class=\"elementor-widget-wrap elementor-element-populated\">\r\n\t\t\t\t\t\t\t\t<div class=\" elementor-element elementor-element-f4fcfba elementor-widget elementor-widget-image\" data-id=\"f4fcfba\" data-element_type=\"widget\" data-e-type=\"widget\" data-widget_type=\"image.default\">\n\t\t\t\t<div class=\"elementor-widget-container\">\n\t\t\t\t\t\t\t\t\t\t\t\t\t\t\t<img decoding=\"async\" width=\"1024\" height=\"431\" src=\"https:\/\/balticoverlanders.eu\/wp-content\/uploads\/2023\/04\/slider1-2-1024x431.webp\" class=\"attachment-large size-large wp-image-29670\" alt=\"\" srcset=\"https:\/\/balticoverlanders.eu\/wp-content\/uploads\/2023\/04\/slider1-2-1024x431.webp 1024w, https:\/\/balticoverlanders.eu\/wp-content\/uploads\/2023\/04\/slider1-2-300x126.webp 300w, https:\/\/balticoverlanders.eu\/wp-content\/uploads\/2023\/04\/slider1-2-768x323.webp 768w, https:\/\/balticoverlanders.eu\/wp-content\/uploads\/2023\/04\/slider1-2-1536x647.webp 1536w, https:\/\/balticoverlanders.eu\/wp-content\/uploads\/2023\/04\/slider1-2-150x63.webp 150w, https:\/\/balticoverlanders.eu\/wp-content\/uploads\/2023\/04\/slider1-2-600x253.webp 600w, https:\/\/balticoverlanders.eu\/wp-content\/uploads\/2023\/04\/slider1-2.webp 1900w\" sizes=\"(max-width: 1024px) 100vw, 1024px\" \/>\t\t\t\t\t\t\t\t\t\t\t\t\t\t\t<\/div>\n\t\t\t\t<\/div>\n\t\t\r\n\t\t\r\n\t\t\t\t\t\t\t<\/div>\r\n\t\t\t\r\n\t\t<\/div>\r\n\t\t\t\t\t\t\t\t\t\t\t\t\t\t\t\t\t<\/div>\r\n\t\t\t\t\t\t<\/section>\r\n\t\t\t\t\r\n\t\t<section\t\t class=\" elementor-section elementor-inner-section elementor-element elementor-element-bef5310 elementor-section-boxed elementor-section-height-default elementor-section-height-default\" data-id=\"bef5310\" data-element_type=\"section\" data-e-type=\"section\">\r\n\t\t\r\n\t\t\t\t\t\t\t\t\t\t<div class=\"elementor-container elementor-column-gap-default\" >\r\n\r\n\t\t\t\t\r\n\t\t\t\t\t\t\t\t\t\t\t\t\t\t<div\t\t class=\" elementor-column elementor-col-50 elementor-inner-column elementor-element elementor-element-8d1f0e7\" data-id=\"8d1f0e7\" data-element_type=\"column\" data-e-type=\"column\">\r\n\t\t\t\r\n\t\t\t\r\n\t\t\t\r\n\t\t\t<div class=\"elementor-widget-wrap elementor-element-populated\">\r\n\t\t\t\t\t\t\t\t<div class=\" elementor-element elementor-element-604c06a elementor-widget elementor-widget-image\" data-id=\"604c06a\" data-element_type=\"widget\" data-e-type=\"widget\" data-widget_type=\"image.default\">\n\t\t\t\t<div class=\"elementor-widget-container\">\n\t\t\t\t\t\t\t\t\t\t\t\t\t\t\t<img loading=\"lazy\" decoding=\"async\" width=\"1024\" height=\"683\" src=\"https:\/\/balticoverlanders.eu\/wp-content\/uploads\/2023\/04\/5-1024x683.jpg\" class=\"attachment-large size-large wp-image-29700\" alt=\"\" srcset=\"https:\/\/balticoverlanders.eu\/wp-content\/uploads\/2023\/04\/5-1024x683.jpg 1024w, https:\/\/balticoverlanders.eu\/wp-content\/uploads\/2023\/04\/5-300x200.jpg 300w, https:\/\/balticoverlanders.eu\/wp-content\/uploads\/2023\/04\/5-768x512.jpg 768w, https:\/\/balticoverlanders.eu\/wp-content\/uploads\/2023\/04\/5-150x100.jpg 150w, https:\/\/balticoverlanders.eu\/wp-content\/uploads\/2023\/04\/5-600x400.jpg 600w, https:\/\/balticoverlanders.eu\/wp-content\/uploads\/2023\/04\/5.jpg 1200w\" sizes=\"(max-width: 1024px) 100vw, 1024px\" \/>\t\t\t\t\t\t\t\t\t\t\t\t\t\t\t<\/div>\n\t\t\t\t<\/div>\n\t\t\r\n\t\t\r\n\t\t\t\t\t\t\t<\/div>\r\n\t\t\t\r\n\t\t<\/div>\r\n\t\t\t\t<div\t\t class=\" elementor-column elementor-col-50 elementor-inner-column elementor-element elementor-element-2da0473\" data-id=\"2da0473\" data-element_type=\"column\" data-e-type=\"column\">\r\n\t\t\t\r\n\t\t\t\r\n\t\t\t\r\n\t\t\t<div class=\"elementor-widget-wrap elementor-element-populated\">\r\n\t\t\t\t\t\t\t\t<div class=\" elementor-element elementor-element-d6a4413 elementor-widget elementor-widget-image\" data-id=\"d6a4413\" data-element_type=\"widget\" data-e-type=\"widget\" data-widget_type=\"image.default\">\n\t\t\t\t<div class=\"elementor-widget-container\">\n\t\t\t\t\t\t\t\t\t\t\t\t\t\t\t<img loading=\"lazy\" decoding=\"async\" width=\"1024\" height=\"683\" src=\"https:\/\/balticoverlanders.eu\/wp-content\/uploads\/2023\/04\/17-1024x683.jpg\" class=\"attachment-large size-large wp-image-29699\" alt=\"\" srcset=\"https:\/\/balticoverlanders.eu\/wp-content\/uploads\/2023\/04\/17-1024x683.jpg 1024w, https:\/\/balticoverlanders.eu\/wp-content\/uploads\/2023\/04\/17-300x200.jpg 300w, https:\/\/balticoverlanders.eu\/wp-content\/uploads\/2023\/04\/17-768x512.jpg 768w, https:\/\/balticoverlanders.eu\/wp-content\/uploads\/2023\/04\/17-150x100.jpg 150w, https:\/\/balticoverlanders.eu\/wp-content\/uploads\/2023\/04\/17-600x400.jpg 600w, https:\/\/balticoverlanders.eu\/wp-content\/uploads\/2023\/04\/17.jpg 1200w\" sizes=\"(max-width: 1024px) 100vw, 1024px\" \/>\t\t\t\t\t\t\t\t\t\t\t\t\t\t\t<\/div>\n\t\t\t\t<\/div>\n\t\t\r\n\t\t\r\n\t\t\t\t\t\t\t<\/div>\r\n\t\t\t\r\n\t\t<\/div>\r\n\t\t\t\t\t\t\t\t\t\t\t\t\t\t\t\t\t<\/div>\r\n\t\t\t\t\t\t<\/section>\r\n\t\t\r\n\t\t\r\n\t\t\t\t\t\t\t<\/div>\r\n\t\t\t\r\n\t\t<\/div>\r\n\t\t\t\t\t\t\t\t\t\t\t\t\t\t\t\t\t<\/div>\r\n\t\t\t\t\t\t<\/section>\r\n\t\t\t\t<\/div>\n\t\t","protected":false},"excerpt":{"rendered":"<p>Baltic Overlander \u00e4r stolta \u00f6ver att kunna erbjuda Alu-Cab produkter i Baltikum &#8211; Estland, Lettland och Litauen till resen\u00e4rer som reser \u00f6ver land och letar efter h\u00e5llbara och h\u00f6gkvalitativa aluminiumprodukter. Alu-Cab Cape Town (H\/O) \u00f6ppnade sina d\u00f6rrar \u00e5r 2000 och sedan dess har f\u00f6retaget vuxit fr\u00e5n att bygga det allra f\u00f6rsta aluminiumtaket till en fullskalig [&hellip;]<\/p>\n","protected":false},"author":1,"featured_media":0,"parent":0,"menu_order":0,"comment_status":"closed","ping_status":"closed","template":"","meta":{"footnotes":""},"class_list":["post-29667","page","type-page","status-publish","hentry"],"yoast_head":"<!-- This site is optimized with the Yoast SEO plugin v27.3 - https:\/\/yoast.com\/product\/yoast-seo-wordpress\/ -->\n<title>Alu-Cab - BALTIC OVERLANDERS<\/title>\n<meta name=\"robots\" content=\"index, follow, max-snippet:-1, max-image-preview:large, max-video-preview:-1\" \/>\n<link rel=\"canonical\" href=\"https:\/\/balticoverlanders.eu\/sv\/alu-cab\/\" \/>\n<meta property=\"og:locale\" content=\"sv_SE\" \/>\n<meta property=\"og:type\" content=\"article\" \/>\n<meta property=\"og:title\" content=\"Alu-Cab - BALTIC OVERLANDERS\" \/>\n<meta property=\"og:description\" content=\"Baltic Overlander \u00e4r stolta \u00f6ver att kunna erbjuda Alu-Cab produkter i Baltikum &#8211; Estland, Lettland och Litauen till resen\u00e4rer som reser \u00f6ver land och letar efter h\u00e5llbara och h\u00f6gkvalitativa aluminiumprodukter. Alu-Cab Cape Town (H\/O) \u00f6ppnade sina d\u00f6rrar \u00e5r 2000 och sedan dess har f\u00f6retaget vuxit fr\u00e5n att bygga det allra f\u00f6rsta aluminiumtaket till en fullskalig [&hellip;]\" \/>\n<meta property=\"og:url\" content=\"https:\/\/balticoverlanders.eu\/sv\/alu-cab\/\" \/>\n<meta property=\"og:site_name\" content=\"BALTIC OVERLANDERS\" \/>\n<meta property=\"article:modified_time\" content=\"2024-01-31T21:11:26+00:00\" \/>\n<meta property=\"og:image\" content=\"https:\/\/balticoverlanders.eu\/wp-content\/uploads\/2023\/04\/Alu-Cab1500x688-TB.png\" \/>\n<meta name=\"twitter:card\" content=\"summary_large_image\" \/>\n<meta name=\"twitter:label1\" content=\"Ber\u00e4knad l\u00e4stid\" \/>\n\t<meta name=\"twitter:data1\" content=\"1 minut\" \/>\n<script type=\"application\/ld+json\" class=\"yoast-schema-graph\">{\"@context\":\"https:\\\/\\\/schema.org\",\"@graph\":[{\"@type\":\"WebPage\",\"@id\":\"https:\\\/\\\/balticoverlanders.eu\\\/sv\\\/alu-cab\\\/\",\"url\":\"https:\\\/\\\/balticoverlanders.eu\\\/sv\\\/alu-cab\\\/\",\"name\":\"Alu-Cab - BALTIC OVERLANDERS\",\"isPartOf\":{\"@id\":\"https:\\\/\\\/balticoverlanders.eu\\\/sv\\\/#website\"},\"primaryImageOfPage\":{\"@id\":\"https:\\\/\\\/balticoverlanders.eu\\\/sv\\\/alu-cab\\\/#primaryimage\"},\"image\":{\"@id\":\"https:\\\/\\\/balticoverlanders.eu\\\/sv\\\/alu-cab\\\/#primaryimage\"},\"thumbnailUrl\":\"https:\\\/\\\/balticoverlanders.eu\\\/wp-content\\\/uploads\\\/2023\\\/04\\\/Alu-Cab1500x688-TB.png\",\"datePublished\":\"2023-04-11T11:15:26+00:00\",\"dateModified\":\"2024-01-31T21:11:26+00:00\",\"breadcrumb\":{\"@id\":\"https:\\\/\\\/balticoverlanders.eu\\\/sv\\\/alu-cab\\\/#breadcrumb\"},\"inLanguage\":\"sv-SE\",\"potentialAction\":[{\"@type\":\"ReadAction\",\"target\":[\"https:\\\/\\\/balticoverlanders.eu\\\/sv\\\/alu-cab\\\/\"]}]},{\"@type\":\"ImageObject\",\"inLanguage\":\"sv-SE\",\"@id\":\"https:\\\/\\\/balticoverlanders.eu\\\/sv\\\/alu-cab\\\/#primaryimage\",\"url\":\"https:\\\/\\\/balticoverlanders.eu\\\/wp-content\\\/uploads\\\/2023\\\/04\\\/Alu-Cab1500x688-TB.png\",\"contentUrl\":\"https:\\\/\\\/balticoverlanders.eu\\\/wp-content\\\/uploads\\\/2023\\\/04\\\/Alu-Cab1500x688-TB.png\"},{\"@type\":\"BreadcrumbList\",\"@id\":\"https:\\\/\\\/balticoverlanders.eu\\\/sv\\\/alu-cab\\\/#breadcrumb\",\"itemListElement\":[{\"@type\":\"ListItem\",\"position\":1,\"name\":\"Home\",\"item\":\"https:\\\/\\\/balticoverlanders.eu\\\/sv\\\/?page_id=30156\"},{\"@type\":\"ListItem\",\"position\":2,\"name\":\"Alu-Cab\"}]},{\"@type\":\"WebSite\",\"@id\":\"https:\\\/\\\/balticoverlanders.eu\\\/sv\\\/#website\",\"url\":\"https:\\\/\\\/balticoverlanders.eu\\\/sv\\\/\",\"name\":\"BALTIC OVERLANDERS\",\"description\":\"Your one-stop shop in Latvia, Estonia, and Lithuania for all your car camping, rooftop tent and accessory needs.\",\"potentialAction\":[{\"@type\":\"SearchAction\",\"target\":{\"@type\":\"EntryPoint\",\"urlTemplate\":\"https:\\\/\\\/balticoverlanders.eu\\\/sv\\\/?s={search_term_string}\"},\"query-input\":{\"@type\":\"PropertyValueSpecification\",\"valueRequired\":true,\"valueName\":\"search_term_string\"}}],\"inLanguage\":\"sv-SE\"}]}<\/script>\n<!-- \/ Yoast SEO plugin. -->","yoast_head_json":{"title":"Alu-Cab - BALTIC OVERLANDERS","robots":{"index":"index","follow":"follow","max-snippet":"max-snippet:-1","max-image-preview":"max-image-preview:large","max-video-preview":"max-video-preview:-1"},"canonical":"https:\/\/balticoverlanders.eu\/sv\/alu-cab\/","og_locale":"sv_SE","og_type":"article","og_title":"Alu-Cab - BALTIC OVERLANDERS","og_description":"Baltic Overlander \u00e4r stolta \u00f6ver att kunna erbjuda Alu-Cab produkter i Baltikum &#8211; Estland, Lettland och Litauen till resen\u00e4rer som reser \u00f6ver land och letar efter h\u00e5llbara och h\u00f6gkvalitativa aluminiumprodukter. Alu-Cab Cape Town (H\/O) \u00f6ppnade sina d\u00f6rrar \u00e5r 2000 och sedan dess har f\u00f6retaget vuxit fr\u00e5n att bygga det allra f\u00f6rsta aluminiumtaket till en fullskalig [&hellip;]","og_url":"https:\/\/balticoverlanders.eu\/sv\/alu-cab\/","og_site_name":"BALTIC OVERLANDERS","article_modified_time":"2024-01-31T21:11:26+00:00","og_image":[{"url":"https:\/\/balticoverlanders.eu\/wp-content\/uploads\/2023\/04\/Alu-Cab1500x688-TB.png","type":"","width":"","height":""}],"twitter_card":"summary_large_image","twitter_misc":{"Ber\u00e4knad l\u00e4stid":"1 minut"},"schema":{"@context":"https:\/\/schema.org","@graph":[{"@type":"WebPage","@id":"https:\/\/balticoverlanders.eu\/sv\/alu-cab\/","url":"https:\/\/balticoverlanders.eu\/sv\/alu-cab\/","name":"Alu-Cab - BALTIC OVERLANDERS","isPartOf":{"@id":"https:\/\/balticoverlanders.eu\/sv\/#website"},"primaryImageOfPage":{"@id":"https:\/\/balticoverlanders.eu\/sv\/alu-cab\/#primaryimage"},"image":{"@id":"https:\/\/balticoverlanders.eu\/sv\/alu-cab\/#primaryimage"},"thumbnailUrl":"https:\/\/balticoverlanders.eu\/wp-content\/uploads\/2023\/04\/Alu-Cab1500x688-TB.png","datePublished":"2023-04-11T11:15:26+00:00","dateModified":"2024-01-31T21:11:26+00:00","breadcrumb":{"@id":"https:\/\/balticoverlanders.eu\/sv\/alu-cab\/#breadcrumb"},"inLanguage":"sv-SE","potentialAction":[{"@type":"ReadAction","target":["https:\/\/balticoverlanders.eu\/sv\/alu-cab\/"]}]},{"@type":"ImageObject","inLanguage":"sv-SE","@id":"https:\/\/balticoverlanders.eu\/sv\/alu-cab\/#primaryimage","url":"https:\/\/balticoverlanders.eu\/wp-content\/uploads\/2023\/04\/Alu-Cab1500x688-TB.png","contentUrl":"https:\/\/balticoverlanders.eu\/wp-content\/uploads\/2023\/04\/Alu-Cab1500x688-TB.png"},{"@type":"BreadcrumbList","@id":"https:\/\/balticoverlanders.eu\/sv\/alu-cab\/#breadcrumb","itemListElement":[{"@type":"ListItem","position":1,"name":"Home","item":"https:\/\/balticoverlanders.eu\/sv\/?page_id=30156"},{"@type":"ListItem","position":2,"name":"Alu-Cab"}]},{"@type":"WebSite","@id":"https:\/\/balticoverlanders.eu\/sv\/#website","url":"https:\/\/balticoverlanders.eu\/sv\/","name":"BALTIC OVERLANDERS","description":"Your one-stop shop in Latvia, Estonia, and Lithuania for all your car camping, rooftop tent and accessory needs.","potentialAction":[{"@type":"SearchAction","target":{"@type":"EntryPoint","urlTemplate":"https:\/\/balticoverlanders.eu\/sv\/?s={search_term_string}"},"query-input":{"@type":"PropertyValueSpecification","valueRequired":true,"valueName":"search_term_string"}}],"inLanguage":"sv-SE"}]}},"_links":{"self":[{"href":"https:\/\/balticoverlanders.eu\/sv\/wp-json\/wp\/v2\/pages\/29667","targetHints":{"allow":["GET"]}}],"collection":[{"href":"https:\/\/balticoverlanders.eu\/sv\/wp-json\/wp\/v2\/pages"}],"about":[{"href":"https:\/\/balticoverlanders.eu\/sv\/wp-json\/wp\/v2\/types\/page"}],"author":[{"embeddable":true,"href":"https:\/\/balticoverlanders.eu\/sv\/wp-json\/wp\/v2\/users\/1"}],"replies":[{"embeddable":true,"href":"https:\/\/balticoverlanders.eu\/sv\/wp-json\/wp\/v2\/comments?post=29667"}],"version-history":[{"count":2,"href":"https:\/\/balticoverlanders.eu\/sv\/wp-json\/wp\/v2\/pages\/29667\/revisions"}],"predecessor-version":[{"id":29676,"href":"https:\/\/balticoverlanders.eu\/sv\/wp-json\/wp\/v2\/pages\/29667\/revisions\/29676"}],"wp:attachment":[{"href":"https:\/\/balticoverlanders.eu\/sv\/wp-json\/wp\/v2\/media?parent=29667"}],"curies":[{"name":"wp","href":"https:\/\/api.w.org\/{rel}","templated":true}]}}