{"id":29686,"date":"2023-04-11T14:14:53","date_gmt":"2023-04-11T11:14:53","guid":{"rendered":"https:\/\/balticoverlanders.eu\/egoe-nest\/"},"modified":"2024-01-31T23:11:27","modified_gmt":"2024-01-31T21:11:27","slug":"egoe-nest","status":"publish","type":"page","link":"https:\/\/balticoverlanders.eu\/sv\/egoe-nest\/","title":{"rendered":"Ego\u00e9 Nest"},"content":{"rendered":"\t\t<div data-elementor-type=\"wp-page\" data-elementor-id=\"29686\" class=\"elementor elementor-29686 elementor-17610\">\n\t\t\t\t\t\t\r\n\t\t<section\t\t class=\" elementor-section elementor-top-section elementor-element elementor-element-73a8419 elementor-section-boxed elementor-section-height-default elementor-section-height-default\" data-id=\"73a8419\" data-element_type=\"section\" data-e-type=\"section\">\r\n\t\t\r\n\t\t\t\t\t\t\t\t\t\t<div class=\"elementor-container elementor-column-gap-default\" >\r\n\r\n\t\t\t\t\r\n\t\t\t\t\t\t\t\t\t\t\t\t\t\t<div\t\t class=\" elementor-column elementor-col-50 elementor-top-column elementor-element elementor-element-dd0f3b3\" data-id=\"dd0f3b3\" data-element_type=\"column\" data-e-type=\"column\">\r\n\t\t\t\r\n\t\t\t\r\n\t\t\t\r\n\t\t\t<div class=\"elementor-widget-wrap elementor-element-populated\">\r\n\t\t\t\t\t\t\t\t<div class=\" elementor-element elementor-element-575c0cb elementor-widget__width-initial elementor-widget elementor-widget-image\" data-id=\"575c0cb\" data-element_type=\"widget\" data-e-type=\"widget\" data-widget_type=\"image.default\">\n\t\t\t\t<div class=\"elementor-widget-container\">\n\t\t\t\t\t\t\t\t\t\t\t\t\t\t\t<img fetchpriority=\"high\" decoding=\"async\" width=\"1024\" height=\"363\" src=\"https:\/\/balticoverlanders.eu\/wp-content\/uploads\/2023\/04\/BC_Egoe1-1024x363.png\" class=\"attachment-large size-large wp-image-29687\" alt=\"\" srcset=\"https:\/\/balticoverlanders.eu\/wp-content\/uploads\/2023\/04\/BC_Egoe1-1024x363.png 1024w, https:\/\/balticoverlanders.eu\/wp-content\/uploads\/2023\/04\/BC_Egoe1-300x106.png 300w, https:\/\/balticoverlanders.eu\/wp-content\/uploads\/2023\/04\/BC_Egoe1-768x273.png 768w, https:\/\/balticoverlanders.eu\/wp-content\/uploads\/2023\/04\/BC_Egoe1-1536x545.png 1536w, https:\/\/balticoverlanders.eu\/wp-content\/uploads\/2023\/04\/BC_Egoe1-150x53.png 150w, https:\/\/balticoverlanders.eu\/wp-content\/uploads\/2023\/04\/BC_Egoe1-600x213.png 600w, https:\/\/balticoverlanders.eu\/wp-content\/uploads\/2023\/04\/BC_Egoe1.png 1860w\" sizes=\"(max-width: 1024px) 100vw, 1024px\" \/>\t\t\t\t\t\t\t\t\t\t\t\t\t\t\t<\/div>\n\t\t\t\t<\/div>\n\t\t\t\t<div class=\" elementor-element elementor-element-4cd1663 elementor-widget elementor-widget-text-editor\" data-id=\"4cd1663\" data-element_type=\"widget\" data-e-type=\"widget\" data-widget_type=\"text-editor.default\">\n\t\t\t\t<div class=\"elementor-widget-container\">\n\t\t\t\t\t\t\t\t\t<p>Baltic Overlanders \u00e4r stolta \u00f6ver att vara exklusiv \u00e5terf\u00f6rs\u00e4ljare f\u00f6r <span style=\"text-decoration: underline;\"><br \/>\n  <a href=\"https:\/\/www.egoe-nest.eu\/en\/\">Egoe-nest<\/a><br \/>\n<\/span>ett f\u00f6retag med passion f\u00f6r kvalitet och precision. Deras engagemang f\u00f6r att skapa innovativa, h\u00e5llbara och praktiska produkter \u00e4r tydligt i allt de g\u00f6r. Egoe-nests engagemang f\u00f6r kvalitet och h\u00e5llbarhet \u00e4r helt i linje med Baltic Overlanders v\u00e4rderingar, vilket g\u00f6r dem till den perfekta partnern f\u00f6r att tillhandah\u00e5lla de b\u00e4sta utomhusl\u00f6sningarna till sina kunder.<\/p>\n<p>En g\u00e5ng i tiden samlades en grupp designers fr\u00e5n Designcit\u00e9+ Studio med en gemensam k\u00e4rlek till naturen. De ville inspirera andra att l\u00e4mna kontoret och ta sig ut i naturen, att ta ett djupt andetag av frisk luft och att finna ro i att observera den st\u00e4ndigt f\u00f6r\u00e4nderliga naturen.<\/p>\n<p>Deras kreativitet och drivkraft att s\u00f6ka nya utmaningar ledde dem till att designa och leverera installationer i transportinfrastruktur. Deras jobb kr\u00e4vde att de fokuserade p\u00e5 varje detalj och f\u00f6rest\u00e4llde sig verkliga m\u00e4nniskor, deras smak och deras behov bakom varje produkt de skapade. Detta ledde dem till att designa inte bara f\u00f6r transportinfrastruktur utan \u00e4ven f\u00f6r utem\u00f6bler, och skapa produkter som \u00e4r b\u00e5de praktiska och attraktiva.<\/p>\n<p>Teamet var medvetet om att utomhusf\u00f6rh\u00e5llandena kan vara tuffa och prioriterade materialkvalitet och kompromissl\u00f6s tillverkning i varje produkt de tillverkade. De trodde p\u00e5 de tjeckiska hantverkarnas skicklighet och v\u00e4grade att importera n\u00e5gra halvfabrikat. Alla deras produkter tillverkades i Tjeckien, i deras hemomr\u00e5de B\u00edlovice eller i det omgivande grannskapet.<\/p>\n<p>Deras f\u00f6retagsnamn \u00e5terspeglade deras engagemang f\u00f6r sj\u00e4lvf\u00f6rs\u00f6rjning. De ville skapa produkter som saknades p\u00e5 marknaden, och produkter som de sj\u00e4lva skulle vilja anv\u00e4nda n\u00e4r de vistades utomhus. De var kr\u00e4vande i sin respekt f\u00f6r flera viktiga principer, precis som de ans\u00e5g att deras kunder borde vara: de s\u00f6kte kvalitet, funktionalitet och h\u00e5llbarhet i allt de gjorde.<\/p>\n<p>Egoe-nest delar denna passion f\u00f6r kvalitet och h\u00e5llbarhet och skapar produkter som \u00e4r b\u00e5de innovativa och praktiska. Baltic Overlanders \u00e4r stolta \u00f6ver att kunna erbjuda Egoe-nests produkter till sina kunder, eftersom vi vet att deras engagemang f\u00f6r kvalitet och h\u00e5llbarhet ligger helt i linje med v\u00e5ra egna v\u00e4rderingar.<\/p>\n\t\t\t\t\t\t\t\t<\/div>\n\t\t\t\t<\/div>\n\t\t\t\t<div class=\" elementor-element elementor-element-1663184 elementor-widget elementor-widget-riode_widget_button\" data-id=\"1663184\" data-element_type=\"widget\" data-e-type=\"widget\" data-widget_type=\"riode_widget_button.default\">\n\t\t\t\t<div class=\"elementor-widget-container\">\n\t\t\t\t\t<a class=\"btn btn-primary\" href=\"https:\/\/balticoverlanders.eu\/product-category\/brands\/egoe-nest\/\" >see all egoe-nest products<\/a>\t\t\t\t<\/div>\n\t\t\t\t<\/div>\n\t\t\r\n\t\t\r\n\t\t\t\t\t\t\t<\/div>\r\n\t\t\t\r\n\t\t<\/div>\r\n\t\t\t\t<div\t\t class=\" elementor-column elementor-col-50 elementor-top-column elementor-element elementor-element-e07d344\" data-id=\"e07d344\" data-element_type=\"column\" data-e-type=\"column\">\r\n\t\t\t\r\n\t\t\t\r\n\t\t\t\r\n\t\t\t<div class=\"elementor-widget-wrap elementor-element-populated\">\r\n\t\t\t\t\t\t\t\t<div class=\" elementor-element elementor-element-3a8fb0e elementor-widget elementor-widget-spacer\" data-id=\"3a8fb0e\" data-element_type=\"widget\" data-e-type=\"widget\" data-widget_type=\"spacer.default\">\n\t\t\t\t<div class=\"elementor-widget-container\">\n\t\t\t\t\t\t\t<div class=\"elementor-spacer\">\n\t\t\t<div class=\"elementor-spacer-inner\"><\/div>\n\t\t<\/div>\n\t\t\t\t\t\t<\/div>\n\t\t\t\t<\/div>\n\t\t\t\t\r\n\t\t<section\t\t class=\" elementor-section elementor-inner-section elementor-element elementor-element-810b47c elementor-section-boxed elementor-section-height-default elementor-section-height-default\" data-id=\"810b47c\" data-element_type=\"section\" data-e-type=\"section\">\r\n\t\t\r\n\t\t\t\t\t\t\t\t\t\t<div class=\"elementor-container elementor-column-gap-default\" >\r\n\r\n\t\t\t\t\r\n\t\t\t\t\t\t\t\t\t\t\t\t\t\t<div\t\t class=\" elementor-column elementor-col-50 elementor-inner-column elementor-element elementor-element-1ba5015\" data-id=\"1ba5015\" data-element_type=\"column\" data-e-type=\"column\">\r\n\t\t\t\r\n\t\t\t\r\n\t\t\t\r\n\t\t\t<div class=\"elementor-widget-wrap elementor-element-populated\">\r\n\t\t\t\t\t\t\t\t<div class=\" elementor-element elementor-element-5e229ef elementor-widget elementor-widget-image\" data-id=\"5e229ef\" data-element_type=\"widget\" data-e-type=\"widget\" data-widget_type=\"image.default\">\n\t\t\t\t<div class=\"elementor-widget-container\">\n\t\t\t\t\t\t\t\t\t\t\t\t\t\t\t<img decoding=\"async\" width=\"1024\" height=\"683\" src=\"https:\/\/balticoverlanders.eu\/wp-content\/uploads\/2023\/03\/tramp-250-4-1024x683.webp\" class=\"attachment-large size-large wp-image-29813\" alt=\"\" srcset=\"https:\/\/balticoverlanders.eu\/wp-content\/uploads\/2023\/03\/tramp-250-4-1024x683.webp 1024w, https:\/\/balticoverlanders.eu\/wp-content\/uploads\/2023\/03\/tramp-250-4-300x200.webp 300w, https:\/\/balticoverlanders.eu\/wp-content\/uploads\/2023\/03\/tramp-250-4-768x512.webp 768w, https:\/\/balticoverlanders.eu\/wp-content\/uploads\/2023\/03\/tramp-250-4-1536x1024.webp 1536w, https:\/\/balticoverlanders.eu\/wp-content\/uploads\/2023\/03\/tramp-250-4-2048x1366.webp 2048w, https:\/\/balticoverlanders.eu\/wp-content\/uploads\/2023\/03\/tramp-250-4-150x100.webp 150w, https:\/\/balticoverlanders.eu\/wp-content\/uploads\/2023\/03\/tramp-250-4-600x400.webp 600w\" sizes=\"(max-width: 1024px) 100vw, 1024px\" \/>\t\t\t\t\t\t\t\t\t\t\t\t\t\t\t<\/div>\n\t\t\t\t<\/div>\n\t\t\r\n\t\t\r\n\t\t\t\t\t\t\t<\/div>\r\n\t\t\t\r\n\t\t<\/div>\r\n\t\t\t\t<div\t\t class=\" elementor-column elementor-col-50 elementor-inner-column elementor-element elementor-element-8f8345d\" data-id=\"8f8345d\" data-element_type=\"column\" data-e-type=\"column\">\r\n\t\t\t\r\n\t\t\t\r\n\t\t\t\r\n\t\t\t<div class=\"elementor-widget-wrap elementor-element-populated\">\r\n\t\t\t\t\t\t\t\t<div class=\" elementor-element elementor-element-c80569d elementor-widget elementor-widget-image\" data-id=\"c80569d\" data-element_type=\"widget\" data-e-type=\"widget\" data-widget_type=\"image.default\">\n\t\t\t\t<div class=\"elementor-widget-container\">\n\t\t\t\t\t\t\t\t\t\t\t\t\t\t\t<img decoding=\"async\" width=\"1024\" height=\"683\" src=\"https:\/\/balticoverlanders.eu\/wp-content\/uploads\/2023\/03\/supertramp-300-9-1024x683.webp\" class=\"attachment-large size-large wp-image-30035\" alt=\"\" srcset=\"https:\/\/balticoverlanders.eu\/wp-content\/uploads\/2023\/03\/supertramp-300-9-1024x683.webp 1024w, https:\/\/balticoverlanders.eu\/wp-content\/uploads\/2023\/03\/supertramp-300-9-300x200.webp 300w, https:\/\/balticoverlanders.eu\/wp-content\/uploads\/2023\/03\/supertramp-300-9-768x512.webp 768w, https:\/\/balticoverlanders.eu\/wp-content\/uploads\/2023\/03\/supertramp-300-9-1536x1024.webp 1536w, https:\/\/balticoverlanders.eu\/wp-content\/uploads\/2023\/03\/supertramp-300-9-2048x1365.webp 2048w, https:\/\/balticoverlanders.eu\/wp-content\/uploads\/2023\/03\/supertramp-300-9-150x100.webp 150w, https:\/\/balticoverlanders.eu\/wp-content\/uploads\/2023\/03\/supertramp-300-9-600x400.webp 600w\" sizes=\"(max-width: 1024px) 100vw, 1024px\" \/>\t\t\t\t\t\t\t\t\t\t\t\t\t\t\t<\/div>\n\t\t\t\t<\/div>\n\t\t\r\n\t\t\r\n\t\t\t\t\t\t\t<\/div>\r\n\t\t\t\r\n\t\t<\/div>\r\n\t\t\t\t\t\t\t\t\t\t\t\t\t\t\t\t\t<\/div>\r\n\t\t\t\t\t\t<\/section>\r\n\t\t\t\t\r\n\t\t<section\t\t class=\" elementor-section elementor-inner-section elementor-element elementor-element-491a568 elementor-section-boxed elementor-section-height-default elementor-section-height-default\" data-id=\"491a568\" data-element_type=\"section\" data-e-type=\"section\">\r\n\t\t\r\n\t\t\t\t\t\t\t\t\t\t<div class=\"elementor-container elementor-column-gap-default\" >\r\n\r\n\t\t\t\t\r\n\t\t\t\t\t\t\t\t\t\t\t\t\t\t<div\t\t class=\" elementor-column elementor-col-50 elementor-inner-column elementor-element elementor-element-a84be24\" data-id=\"a84be24\" data-element_type=\"column\" data-e-type=\"column\">\r\n\t\t\t\r\n\t\t\t\r\n\t\t\t\r\n\t\t\t<div class=\"elementor-widget-wrap elementor-element-populated\">\r\n\t\t\t\t\t\t\t\t<div class=\" elementor-element elementor-element-346063a elementor-widget elementor-widget-image\" data-id=\"346063a\" data-element_type=\"widget\" data-e-type=\"widget\" data-widget_type=\"image.default\">\n\t\t\t\t<div class=\"elementor-widget-container\">\n\t\t\t\t\t\t\t\t\t\t\t\t\t\t\t<img loading=\"lazy\" decoding=\"async\" width=\"1024\" height=\"683\" src=\"https:\/\/balticoverlanders.eu\/wp-content\/uploads\/2023\/03\/roamer-500-8-1024x683.webp\" class=\"attachment-large size-large wp-image-30068\" alt=\"\" srcset=\"https:\/\/balticoverlanders.eu\/wp-content\/uploads\/2023\/03\/roamer-500-8-1024x683.webp 1024w, https:\/\/balticoverlanders.eu\/wp-content\/uploads\/2023\/03\/roamer-500-8-300x200.webp 300w, https:\/\/balticoverlanders.eu\/wp-content\/uploads\/2023\/03\/roamer-500-8-768x512.webp 768w, https:\/\/balticoverlanders.eu\/wp-content\/uploads\/2023\/03\/roamer-500-8-1536x1024.webp 1536w, https:\/\/balticoverlanders.eu\/wp-content\/uploads\/2023\/03\/roamer-500-8-2048x1365.webp 2048w, https:\/\/balticoverlanders.eu\/wp-content\/uploads\/2023\/03\/roamer-500-8-150x100.webp 150w, https:\/\/balticoverlanders.eu\/wp-content\/uploads\/2023\/03\/roamer-500-8-600x400.webp 600w\" sizes=\"(max-width: 1024px) 100vw, 1024px\" \/>\t\t\t\t\t\t\t\t\t\t\t\t\t\t\t<\/div>\n\t\t\t\t<\/div>\n\t\t\r\n\t\t\r\n\t\t\t\t\t\t\t<\/div>\r\n\t\t\t\r\n\t\t<\/div>\r\n\t\t\t\t<div\t\t class=\" elementor-column elementor-col-50 elementor-inner-column elementor-element elementor-element-86306c3\" data-id=\"86306c3\" data-element_type=\"column\" data-e-type=\"column\">\r\n\t\t\t\r\n\t\t\t\r\n\t\t\t\r\n\t\t\t<div class=\"elementor-widget-wrap elementor-element-populated\">\r\n\t\t\t\t\t\t\t\t<div class=\" elementor-element elementor-element-d1f07ac elementor-widget elementor-widget-image\" data-id=\"d1f07ac\" data-element_type=\"widget\" data-e-type=\"widget\" data-widget_type=\"image.default\">\n\t\t\t\t<div class=\"elementor-widget-container\">\n\t\t\t\t\t\t\t\t\t\t\t\t\t\t\t<img loading=\"lazy\" decoding=\"async\" width=\"1024\" height=\"683\" src=\"https:\/\/balticoverlanders.eu\/wp-content\/uploads\/2023\/03\/tramp-250-6-1024x683.webp\" class=\"attachment-large size-large wp-image-29815\" alt=\"\" srcset=\"https:\/\/balticoverlanders.eu\/wp-content\/uploads\/2023\/03\/tramp-250-6-1024x683.webp 1024w, https:\/\/balticoverlanders.eu\/wp-content\/uploads\/2023\/03\/tramp-250-6-300x200.webp 300w, https:\/\/balticoverlanders.eu\/wp-content\/uploads\/2023\/03\/tramp-250-6-768x512.webp 768w, https:\/\/balticoverlanders.eu\/wp-content\/uploads\/2023\/03\/tramp-250-6-1536x1024.webp 1536w, https:\/\/balticoverlanders.eu\/wp-content\/uploads\/2023\/03\/tramp-250-6-2048x1366.webp 2048w, https:\/\/balticoverlanders.eu\/wp-content\/uploads\/2023\/03\/tramp-250-6-150x100.webp 150w, https:\/\/balticoverlanders.eu\/wp-content\/uploads\/2023\/03\/tramp-250-6-600x400.webp 600w\" sizes=\"(max-width: 1024px) 100vw, 1024px\" \/>\t\t\t\t\t\t\t\t\t\t\t\t\t\t\t<\/div>\n\t\t\t\t<\/div>\n\t\t\r\n\t\t\r\n\t\t\t\t\t\t\t<\/div>\r\n\t\t\t\r\n\t\t<\/div>\r\n\t\t\t\t\t\t\t\t\t\t\t\t\t\t\t\t\t<\/div>\r\n\t\t\t\t\t\t<\/section>\r\n\t\t\t\t\r\n\t\t<section\t\t class=\" elementor-section elementor-inner-section elementor-element elementor-element-bd60143 elementor-section-boxed elementor-section-height-default elementor-section-height-default\" data-id=\"bd60143\" data-element_type=\"section\" data-e-type=\"section\">\r\n\t\t\r\n\t\t\t\t\t\t\t\t\t\t<div class=\"elementor-container elementor-column-gap-default\" >\r\n\r\n\t\t\t\t\r\n\t\t\t\t\t\t\t\t\t\t\t\t\t\t<div\t\t class=\" elementor-column elementor-col-50 elementor-inner-column elementor-element elementor-element-0dc262c\" data-id=\"0dc262c\" data-element_type=\"column\" data-e-type=\"column\">\r\n\t\t\t\r\n\t\t\t\r\n\t\t\t\r\n\t\t\t<div class=\"elementor-widget-wrap elementor-element-populated\">\r\n\t\t\t\t\t\t\t\t<div class=\" elementor-element elementor-element-6297dda elementor-widget elementor-widget-image\" data-id=\"6297dda\" data-element_type=\"widget\" data-e-type=\"widget\" data-widget_type=\"image.default\">\n\t\t\t\t<div class=\"elementor-widget-container\">\n\t\t\t\t\t\t\t\t\t\t\t\t\t\t\t<img loading=\"lazy\" decoding=\"async\" width=\"1024\" height=\"683\" src=\"https:\/\/balticoverlanders.eu\/wp-content\/uploads\/2023\/03\/roamer-2.0-450-5-1024x683.webp\" class=\"attachment-large size-large wp-image-29829\" alt=\"\" srcset=\"https:\/\/balticoverlanders.eu\/wp-content\/uploads\/2023\/03\/roamer-2.0-450-5-1024x683.webp 1024w, https:\/\/balticoverlanders.eu\/wp-content\/uploads\/2023\/03\/roamer-2.0-450-5-300x200.webp 300w, https:\/\/balticoverlanders.eu\/wp-content\/uploads\/2023\/03\/roamer-2.0-450-5-768x512.webp 768w, https:\/\/balticoverlanders.eu\/wp-content\/uploads\/2023\/03\/roamer-2.0-450-5-1536x1025.webp 1536w, https:\/\/balticoverlanders.eu\/wp-content\/uploads\/2023\/03\/roamer-2.0-450-5-150x100.webp 150w, https:\/\/balticoverlanders.eu\/wp-content\/uploads\/2023\/03\/roamer-2.0-450-5-600x400.webp 600w, https:\/\/balticoverlanders.eu\/wp-content\/uploads\/2023\/03\/roamer-2.0-450-5.webp 2000w\" sizes=\"(max-width: 1024px) 100vw, 1024px\" \/>\t\t\t\t\t\t\t\t\t\t\t\t\t\t\t<\/div>\n\t\t\t\t<\/div>\n\t\t\r\n\t\t\r\n\t\t\t\t\t\t\t<\/div>\r\n\t\t\t\r\n\t\t<\/div>\r\n\t\t\t\t<div\t\t class=\" elementor-column elementor-col-50 elementor-inner-column elementor-element elementor-element-1374caf\" data-id=\"1374caf\" data-element_type=\"column\" data-e-type=\"column\">\r\n\t\t\t\r\n\t\t\t\r\n\t\t\t\r\n\t\t\t<div class=\"elementor-widget-wrap elementor-element-populated\">\r\n\t\t\t\t\t\t\t\t<div class=\" elementor-element elementor-element-b1c2ad8 elementor-widget elementor-widget-image\" data-id=\"b1c2ad8\" data-element_type=\"widget\" data-e-type=\"widget\" data-widget_type=\"image.default\">\n\t\t\t\t<div class=\"elementor-widget-container\">\n\t\t\t\t\t\t\t\t\t\t\t\t\t\t\t<img loading=\"lazy\" decoding=\"async\" width=\"1024\" height=\"683\" src=\"https:\/\/balticoverlanders.eu\/wp-content\/uploads\/2023\/03\/hiker-410-4-1024x683.webp\" class=\"attachment-large size-large wp-image-30129\" alt=\"\" srcset=\"https:\/\/balticoverlanders.eu\/wp-content\/uploads\/2023\/03\/hiker-410-4-1024x683.webp 1024w, https:\/\/balticoverlanders.eu\/wp-content\/uploads\/2023\/03\/hiker-410-4-300x200.webp 300w, https:\/\/balticoverlanders.eu\/wp-content\/uploads\/2023\/03\/hiker-410-4-768x512.webp 768w, https:\/\/balticoverlanders.eu\/wp-content\/uploads\/2023\/03\/hiker-410-4-1536x1024.webp 1536w, https:\/\/balticoverlanders.eu\/wp-content\/uploads\/2023\/03\/hiker-410-4-2048x1365.webp 2048w, https:\/\/balticoverlanders.eu\/wp-content\/uploads\/2023\/03\/hiker-410-4-150x100.webp 150w, https:\/\/balticoverlanders.eu\/wp-content\/uploads\/2023\/03\/hiker-410-4-600x400.webp 600w\" sizes=\"(max-width: 1024px) 100vw, 1024px\" \/>\t\t\t\t\t\t\t\t\t\t\t\t\t\t\t<\/div>\n\t\t\t\t<\/div>\n\t\t\r\n\t\t\r\n\t\t\t\t\t\t\t<\/div>\r\n\t\t\t\r\n\t\t<\/div>\r\n\t\t\t\t\t\t\t\t\t\t\t\t\t\t\t\t\t<\/div>\r\n\t\t\t\t\t\t<\/section>\r\n\t\t\r\n\t\t\r\n\t\t\t\t\t\t\t<\/div>\r\n\t\t\t\r\n\t\t<\/div>\r\n\t\t\t\t\t\t\t\t\t\t\t\t\t\t\t\t\t<\/div>\r\n\t\t\t\t\t\t<\/section>\r\n\t\t\t\t<\/div>\n\t\t","protected":false},"excerpt":{"rendered":"<p>Baltic Overlanders \u00e4r stolta \u00f6ver att vara exklusiv \u00e5terf\u00f6rs\u00e4ljare f\u00f6r Egoe-nest ett f\u00f6retag med passion f\u00f6r kvalitet och precision. Deras engagemang f\u00f6r att skapa innovativa, h\u00e5llbara och praktiska produkter \u00e4r tydligt i allt de g\u00f6r. Egoe-nests engagemang f\u00f6r kvalitet och h\u00e5llbarhet \u00e4r helt i linje med Baltic Overlanders v\u00e4rderingar, vilket g\u00f6r dem till den perfekta [&hellip;]<\/p>\n","protected":false},"author":1,"featured_media":0,"parent":0,"menu_order":0,"comment_status":"closed","ping_status":"closed","template":"elementor_header_footer","meta":{"footnotes":""},"class_list":["post-29686","page","type-page","status-publish","hentry"],"yoast_head":"<!-- This site is optimized with the Yoast SEO plugin v27.3 - https:\/\/yoast.com\/product\/yoast-seo-wordpress\/ -->\n<title>Ego\u00e9 Nest - BALTIC OVERLANDERS<\/title>\n<meta name=\"robots\" content=\"index, follow, max-snippet:-1, max-image-preview:large, max-video-preview:-1\" \/>\n<link rel=\"canonical\" href=\"https:\/\/balticoverlanders.eu\/sv\/egoe-nest\/\" \/>\n<meta property=\"og:locale\" content=\"sv_SE\" \/>\n<meta property=\"og:type\" content=\"article\" \/>\n<meta property=\"og:title\" content=\"Ego\u00e9 Nest - BALTIC OVERLANDERS\" \/>\n<meta property=\"og:description\" content=\"Baltic Overlanders \u00e4r stolta \u00f6ver att vara exklusiv \u00e5terf\u00f6rs\u00e4ljare f\u00f6r Egoe-nest ett f\u00f6retag med passion f\u00f6r kvalitet och precision. Deras engagemang f\u00f6r att skapa innovativa, h\u00e5llbara och praktiska produkter \u00e4r tydligt i allt de g\u00f6r. Egoe-nests engagemang f\u00f6r kvalitet och h\u00e5llbarhet \u00e4r helt i linje med Baltic Overlanders v\u00e4rderingar, vilket g\u00f6r dem till den perfekta [&hellip;]\" \/>\n<meta property=\"og:url\" content=\"https:\/\/balticoverlanders.eu\/sv\/egoe-nest\/\" \/>\n<meta property=\"og:site_name\" content=\"BALTIC OVERLANDERS\" \/>\n<meta property=\"article:modified_time\" content=\"2024-01-31T21:11:27+00:00\" \/>\n<meta property=\"og:image\" content=\"https:\/\/balticoverlanders.eu\/wp-content\/uploads\/2023\/04\/BC_Egoe1-1024x363.png\" \/>\n<meta name=\"twitter:card\" content=\"summary_large_image\" \/>\n<meta name=\"twitter:label1\" content=\"Ber\u00e4knad l\u00e4stid\" \/>\n\t<meta name=\"twitter:data1\" content=\"2 minuter\" \/>\n<script type=\"application\/ld+json\" class=\"yoast-schema-graph\">{\"@context\":\"https:\\\/\\\/schema.org\",\"@graph\":[{\"@type\":\"WebPage\",\"@id\":\"https:\\\/\\\/balticoverlanders.eu\\\/sv\\\/egoe-nest\\\/\",\"url\":\"https:\\\/\\\/balticoverlanders.eu\\\/sv\\\/egoe-nest\\\/\",\"name\":\"Ego\u00e9 Nest - BALTIC OVERLANDERS\",\"isPartOf\":{\"@id\":\"https:\\\/\\\/balticoverlanders.eu\\\/sv\\\/#website\"},\"primaryImageOfPage\":{\"@id\":\"https:\\\/\\\/balticoverlanders.eu\\\/sv\\\/egoe-nest\\\/#primaryimage\"},\"image\":{\"@id\":\"https:\\\/\\\/balticoverlanders.eu\\\/sv\\\/egoe-nest\\\/#primaryimage\"},\"thumbnailUrl\":\"https:\\\/\\\/balticoverlanders.eu\\\/wp-content\\\/uploads\\\/2023\\\/04\\\/BC_Egoe1-1024x363.png\",\"datePublished\":\"2023-04-11T11:14:53+00:00\",\"dateModified\":\"2024-01-31T21:11:27+00:00\",\"breadcrumb\":{\"@id\":\"https:\\\/\\\/balticoverlanders.eu\\\/sv\\\/egoe-nest\\\/#breadcrumb\"},\"inLanguage\":\"sv-SE\",\"potentialAction\":[{\"@type\":\"ReadAction\",\"target\":[\"https:\\\/\\\/balticoverlanders.eu\\\/sv\\\/egoe-nest\\\/\"]}]},{\"@type\":\"ImageObject\",\"inLanguage\":\"sv-SE\",\"@id\":\"https:\\\/\\\/balticoverlanders.eu\\\/sv\\\/egoe-nest\\\/#primaryimage\",\"url\":\"https:\\\/\\\/balticoverlanders.eu\\\/wp-content\\\/uploads\\\/2023\\\/04\\\/BC_Egoe1-1024x363.png\",\"contentUrl\":\"https:\\\/\\\/balticoverlanders.eu\\\/wp-content\\\/uploads\\\/2023\\\/04\\\/BC_Egoe1-1024x363.png\"},{\"@type\":\"BreadcrumbList\",\"@id\":\"https:\\\/\\\/balticoverlanders.eu\\\/sv\\\/egoe-nest\\\/#breadcrumb\",\"itemListElement\":[{\"@type\":\"ListItem\",\"position\":1,\"name\":\"Home\",\"item\":\"https:\\\/\\\/balticoverlanders.eu\\\/sv\\\/?page_id=30156\"},{\"@type\":\"ListItem\",\"position\":2,\"name\":\"Ego\u00e9 Nest\"}]},{\"@type\":\"WebSite\",\"@id\":\"https:\\\/\\\/balticoverlanders.eu\\\/sv\\\/#website\",\"url\":\"https:\\\/\\\/balticoverlanders.eu\\\/sv\\\/\",\"name\":\"BALTIC OVERLANDERS\",\"description\":\"Your one-stop shop in Latvia, Estonia, and Lithuania for all your car camping, rooftop tent and accessory needs.\",\"potentialAction\":[{\"@type\":\"SearchAction\",\"target\":{\"@type\":\"EntryPoint\",\"urlTemplate\":\"https:\\\/\\\/balticoverlanders.eu\\\/sv\\\/?s={search_term_string}\"},\"query-input\":{\"@type\":\"PropertyValueSpecification\",\"valueRequired\":true,\"valueName\":\"search_term_string\"}}],\"inLanguage\":\"sv-SE\"}]}<\/script>\n<!-- \/ Yoast SEO plugin. -->","yoast_head_json":{"title":"Ego\u00e9 Nest - BALTIC OVERLANDERS","robots":{"index":"index","follow":"follow","max-snippet":"max-snippet:-1","max-image-preview":"max-image-preview:large","max-video-preview":"max-video-preview:-1"},"canonical":"https:\/\/balticoverlanders.eu\/sv\/egoe-nest\/","og_locale":"sv_SE","og_type":"article","og_title":"Ego\u00e9 Nest - BALTIC OVERLANDERS","og_description":"Baltic Overlanders \u00e4r stolta \u00f6ver att vara exklusiv \u00e5terf\u00f6rs\u00e4ljare f\u00f6r Egoe-nest ett f\u00f6retag med passion f\u00f6r kvalitet och precision. Deras engagemang f\u00f6r att skapa innovativa, h\u00e5llbara och praktiska produkter \u00e4r tydligt i allt de g\u00f6r. Egoe-nests engagemang f\u00f6r kvalitet och h\u00e5llbarhet \u00e4r helt i linje med Baltic Overlanders v\u00e4rderingar, vilket g\u00f6r dem till den perfekta [&hellip;]","og_url":"https:\/\/balticoverlanders.eu\/sv\/egoe-nest\/","og_site_name":"BALTIC OVERLANDERS","article_modified_time":"2024-01-31T21:11:27+00:00","og_image":[{"url":"https:\/\/balticoverlanders.eu\/wp-content\/uploads\/2023\/04\/BC_Egoe1-1024x363.png","type":"","width":"","height":""}],"twitter_card":"summary_large_image","twitter_misc":{"Ber\u00e4knad l\u00e4stid":"2 minuter"},"schema":{"@context":"https:\/\/schema.org","@graph":[{"@type":"WebPage","@id":"https:\/\/balticoverlanders.eu\/sv\/egoe-nest\/","url":"https:\/\/balticoverlanders.eu\/sv\/egoe-nest\/","name":"Ego\u00e9 Nest - BALTIC OVERLANDERS","isPartOf":{"@id":"https:\/\/balticoverlanders.eu\/sv\/#website"},"primaryImageOfPage":{"@id":"https:\/\/balticoverlanders.eu\/sv\/egoe-nest\/#primaryimage"},"image":{"@id":"https:\/\/balticoverlanders.eu\/sv\/egoe-nest\/#primaryimage"},"thumbnailUrl":"https:\/\/balticoverlanders.eu\/wp-content\/uploads\/2023\/04\/BC_Egoe1-1024x363.png","datePublished":"2023-04-11T11:14:53+00:00","dateModified":"2024-01-31T21:11:27+00:00","breadcrumb":{"@id":"https:\/\/balticoverlanders.eu\/sv\/egoe-nest\/#breadcrumb"},"inLanguage":"sv-SE","potentialAction":[{"@type":"ReadAction","target":["https:\/\/balticoverlanders.eu\/sv\/egoe-nest\/"]}]},{"@type":"ImageObject","inLanguage":"sv-SE","@id":"https:\/\/balticoverlanders.eu\/sv\/egoe-nest\/#primaryimage","url":"https:\/\/balticoverlanders.eu\/wp-content\/uploads\/2023\/04\/BC_Egoe1-1024x363.png","contentUrl":"https:\/\/balticoverlanders.eu\/wp-content\/uploads\/2023\/04\/BC_Egoe1-1024x363.png"},{"@type":"BreadcrumbList","@id":"https:\/\/balticoverlanders.eu\/sv\/egoe-nest\/#breadcrumb","itemListElement":[{"@type":"ListItem","position":1,"name":"Home","item":"https:\/\/balticoverlanders.eu\/sv\/?page_id=30156"},{"@type":"ListItem","position":2,"name":"Ego\u00e9 Nest"}]},{"@type":"WebSite","@id":"https:\/\/balticoverlanders.eu\/sv\/#website","url":"https:\/\/balticoverlanders.eu\/sv\/","name":"BALTIC OVERLANDERS","description":"Your one-stop shop in Latvia, Estonia, and Lithuania for all your car camping, rooftop tent and accessory needs.","potentialAction":[{"@type":"SearchAction","target":{"@type":"EntryPoint","urlTemplate":"https:\/\/balticoverlanders.eu\/sv\/?s={search_term_string}"},"query-input":{"@type":"PropertyValueSpecification","valueRequired":true,"valueName":"search_term_string"}}],"inLanguage":"sv-SE"}]}},"_links":{"self":[{"href":"https:\/\/balticoverlanders.eu\/sv\/wp-json\/wp\/v2\/pages\/29686","targetHints":{"allow":["GET"]}}],"collection":[{"href":"https:\/\/balticoverlanders.eu\/sv\/wp-json\/wp\/v2\/pages"}],"about":[{"href":"https:\/\/balticoverlanders.eu\/sv\/wp-json\/wp\/v2\/types\/page"}],"author":[{"embeddable":true,"href":"https:\/\/balticoverlanders.eu\/sv\/wp-json\/wp\/v2\/users\/1"}],"replies":[{"embeddable":true,"href":"https:\/\/balticoverlanders.eu\/sv\/wp-json\/wp\/v2\/comments?post=29686"}],"version-history":[{"count":2,"href":"https:\/\/balticoverlanders.eu\/sv\/wp-json\/wp\/v2\/pages\/29686\/revisions"}],"predecessor-version":[{"id":29689,"href":"https:\/\/balticoverlanders.eu\/sv\/wp-json\/wp\/v2\/pages\/29686\/revisions\/29689"}],"wp:attachment":[{"href":"https:\/\/balticoverlanders.eu\/sv\/wp-json\/wp\/v2\/media?parent=29686"}],"curies":[{"name":"wp","href":"https:\/\/api.w.org\/{rel}","templated":true}]}}