{"id":29737,"date":"2023-04-11T14:14:16","date_gmt":"2023-04-11T11:14:16","guid":{"rendered":"https:\/\/balticoverlanders.eu\/james-baroud\/"},"modified":"2024-01-31T23:19:24","modified_gmt":"2024-01-31T21:19:24","slug":"james-baroud","status":"publish","type":"page","link":"https:\/\/balticoverlanders.eu\/sv\/james-baroud\/","title":{"rendered":"James Baroud"},"content":{"rendered":"\t\t<div data-elementor-type=\"wp-page\" data-elementor-id=\"29737\" class=\"elementor elementor-29737 elementor-17608\">\n\t\t\t\t\t\t\r\n\t\t<section\t\t class=\" elementor-section elementor-top-section elementor-element elementor-element-f22625b elementor-section-boxed elementor-section-height-default elementor-section-height-default\" data-id=\"f22625b\" data-element_type=\"section\" data-e-type=\"section\">\r\n\t\t\r\n\t\t\t\t\t\t\t\t\t\t<div class=\"elementor-container elementor-column-gap-default\" >\r\n\r\n\t\t\t\t\r\n\t\t\t\t\t\t\t\t\t\t\t\t\t\t<div\t\t class=\" elementor-column elementor-col-50 elementor-top-column elementor-element elementor-element-43ca3b1\" data-id=\"43ca3b1\" data-element_type=\"column\" data-e-type=\"column\">\r\n\t\t\t\r\n\t\t\t\r\n\t\t\t\r\n\t\t\t<div class=\"elementor-widget-wrap elementor-element-populated\">\r\n\t\t\t\t\t\t\t\t\r\n\t\t<section\t\t class=\" elementor-section elementor-inner-section elementor-element elementor-element-7354fef elementor-section-boxed elementor-section-height-default elementor-section-height-default\" data-id=\"7354fef\" data-element_type=\"section\" data-e-type=\"section\">\r\n\t\t\r\n\t\t\t\t\t\t\t\t\t\t<div class=\"elementor-container elementor-column-gap-default\" >\r\n\r\n\t\t\t\t\r\n\t\t\t\t\t\t\t\t\t\t\t\t\t\t<div\t\t class=\" elementor-column elementor-col-100 elementor-inner-column elementor-element elementor-element-9077767\" data-id=\"9077767\" data-element_type=\"column\" data-e-type=\"column\">\r\n\t\t\t\r\n\t\t\t\r\n\t\t\t\r\n\t\t\t<div class=\"elementor-widget-wrap elementor-element-populated\">\r\n\t\t\t\t\t\t\t\t<div class=\" elementor-element elementor-element-4d68c29 elementor-widget__width-initial elementor-widget elementor-widget-image\" data-id=\"4d68c29\" data-element_type=\"widget\" data-e-type=\"widget\" data-widget_type=\"image.default\">\n\t\t\t\t<div class=\"elementor-widget-container\">\n\t\t\t\t\t\t\t\t\t\t\t\t\t\t\t<img fetchpriority=\"high\" decoding=\"async\" width=\"700\" height=\"99\" src=\"https:\/\/balticoverlanders.eu\/wp-content\/uploads\/2023\/04\/James-Baroud-Logo-2022-v1.4-Horizontal-Black-Mono-.png\" class=\"attachment-large size-large wp-image-29738\" alt=\"\" srcset=\"https:\/\/balticoverlanders.eu\/wp-content\/uploads\/2023\/04\/James-Baroud-Logo-2022-v1.4-Horizontal-Black-Mono-.png 700w, https:\/\/balticoverlanders.eu\/wp-content\/uploads\/2023\/04\/James-Baroud-Logo-2022-v1.4-Horizontal-Black-Mono--300x42.png 300w, https:\/\/balticoverlanders.eu\/wp-content\/uploads\/2023\/04\/James-Baroud-Logo-2022-v1.4-Horizontal-Black-Mono--150x21.png 150w, https:\/\/balticoverlanders.eu\/wp-content\/uploads\/2023\/04\/James-Baroud-Logo-2022-v1.4-Horizontal-Black-Mono--600x85.png 600w\" sizes=\"(max-width: 700px) 100vw, 700px\" \/>\t\t\t\t\t\t\t\t\t\t\t\t\t\t\t<\/div>\n\t\t\t\t<\/div>\n\t\t\r\n\t\t\r\n\t\t\t\t\t\t\t<\/div>\r\n\t\t\t\r\n\t\t<\/div>\r\n\t\t\t\t\t\t\t\t\t\t\t\t\t\t\t\t\t<\/div>\r\n\t\t\t\t\t\t<\/section>\r\n\t\t\r\n\t\t\r\n\t\t\t\t\t\t\t<\/div>\r\n\t\t\t\r\n\t\t<\/div>\r\n\t\t\t\t<div\t\t class=\" elementor-column elementor-col-50 elementor-top-column elementor-element elementor-element-819f927\" data-id=\"819f927\" data-element_type=\"column\" data-e-type=\"column\">\r\n\t\t\t\r\n\t\t\t\r\n\t\t\t\r\n\t\t\t<div class=\"elementor-widget-wrap\">\r\n\t\t\t\t\t\t\r\n\t\t\r\n\t\t\t\t\t\t\t<\/div>\r\n\t\t\t\r\n\t\t<\/div>\r\n\t\t\t\t\t\t\t\t\t\t\t\t\t\t\t\t\t<\/div>\r\n\t\t\t\t\t\t<\/section>\r\n\t\t\t\t\r\n\t\t<section\t\t class=\" elementor-section elementor-top-section elementor-element elementor-element-8723032 elementor-section-boxed elementor-section-height-default elementor-section-height-default\" data-id=\"8723032\" data-element_type=\"section\" data-e-type=\"section\">\r\n\t\t\r\n\t\t\t\t\t\t\t\t\t\t<div class=\"elementor-container elementor-column-gap-default\" >\r\n\r\n\t\t\t\t\r\n\t\t\t\t\t\t\t\t\t\t\t\t\t\t<div\t\t class=\" elementor-column elementor-col-50 elementor-top-column elementor-element elementor-element-3a2308a\" data-id=\"3a2308a\" data-element_type=\"column\" data-e-type=\"column\">\r\n\t\t\t\r\n\t\t\t\r\n\t\t\t\r\n\t\t\t<div class=\"elementor-widget-wrap elementor-element-populated\">\r\n\t\t\t\t\t\t\t\t<div class=\" elementor-element elementor-element-d9f9c27 elementor-widget elementor-widget-text-editor\" data-id=\"d9f9c27\" data-element_type=\"widget\" data-e-type=\"widget\" data-widget_type=\"text-editor.default\">\n\t\t\t\t<div class=\"elementor-widget-container\">\n\t\t\t\t\t\t\t\t\t<p><a href=\"https:\/\/balticoverlanders.eu\/sv\/\">Baltic Overlanders<\/a> \u00e4r stolta \u00f6ver att vara den officiella distribut\u00f6ren av <span style=\"text-decoration: underline;\"><br \/>\n  <a href=\"https:\/\/www.jamesbaroud.com\/en\/\">James Baroud<\/a><br \/>\n<\/span> i alla baltiska l\u00e4nder &#8211; Lettland, Estland och Litauen. James Baroud representerar de b\u00e4sta takt\u00e4lten p\u00e5 marknaden och har dominerat premiummarknaden f\u00f6r takt\u00e4lt i \u00f6ver 20 \u00e5r.<\/p>\n<p>Decennier av tester under de mest extrema f\u00f6rh\u00e5llanden och designjusteringar har resulterat i utvecklingen av en \u00f6verl\u00e4gsen serie av takt\u00e4lt. Alla James Baroud-takt\u00e4lt levereras som standard med funktioner som de flesta tillverkare tar extra betalt f\u00f6r eller kanske inte erbjuder. Dessa inkluderar en madrass av skumplast med h\u00f6g densitet, ventilationsfl\u00e4kt, belysning, myggn\u00e4t, gasfj\u00e4derassisterad \u00f6ppning, f\u00f6rvaringsfickor och en branschledande garanti.<\/p>\n<p>N\u00e4r du \u00e4r l\u00e5ngt hemifr\u00e5n och v\u00e4dret \u00e4r h\u00e5rt kommer du att vara tacksam f\u00f6r att du valde ett kvalitetst\u00e4lt som \u00e4r konstruerat f\u00f6r att t\u00e5la extremt v\u00e4der. Med James Barouds t\u00e4lt kan du vara s\u00e4ker p\u00e5 att du \u00e4r trygg och bekv\u00e4m i alla v\u00e4derf\u00f6rh\u00e5llanden.<\/p>\n<p>Kom och titta p\u00e5 v\u00e5ra demomodeller och se sj\u00e4lv James Baroud-t\u00e4ltens f\u00f6rstklassiga kvalitet och ultrasnabba upp- och nedmontering. V\u00e5rt team av experter finns alltid till hands f\u00f6r att svara p\u00e5 eventuella fr\u00e5gor och hj\u00e4lpa dig att hitta det perfekta takt\u00e4ltet f\u00f6r ditt n\u00e4sta \u00e4ventyr.<\/p>\n<p>En kort historik: James Baroud har varit ledande p\u00e5 marknaden f\u00f6r takt\u00e4lt i \u00f6ver 20 \u00e5r, och deras erfarenhet och expertis syns tydligt i den \u00f6verl\u00e4gsna kvaliteten p\u00e5 deras produkter. De har kontinuerligt testat och f\u00f6rb\u00e4ttrat sina konstruktioner f\u00f6r att st\u00e5 emot \u00e4ven de tuffaste v\u00e4derf\u00f6rh\u00e5llandena, vilket s\u00e4kerst\u00e4ller att deras kunder kan njuta av sina utomhus\u00e4ventyr med tillf\u00f6rsikt och sinnesro.<\/p>\n\t\t\t\t\t\t\t\t<\/div>\n\t\t\t\t<\/div>\n\t\t\t\t<div class=\" elementor-element elementor-element-b8cb901 elementor-widget elementor-widget-riode_widget_button\" data-id=\"b8cb901\" data-element_type=\"widget\" data-e-type=\"widget\" data-widget_type=\"riode_widget_button.default\">\n\t\t\t\t<div class=\"elementor-widget-container\">\n\t\t\t\t\t<a class=\"btn btn-primary\" href=\"https:\/\/balticoverlanders.eu\/product-category\/brands\/james-baroud\/\" >See All James Baroud Products<\/a>\t\t\t\t<\/div>\n\t\t\t\t<\/div>\n\t\t\r\n\t\t\r\n\t\t\t\t\t\t\t<\/div>\r\n\t\t\t\r\n\t\t<\/div>\r\n\t\t\t\t<div\t\t class=\" elementor-column elementor-col-50 elementor-top-column elementor-element elementor-element-54b76ca\" data-id=\"54b76ca\" data-element_type=\"column\" data-e-type=\"column\">\r\n\t\t\t\r\n\t\t\t\r\n\t\t\t\r\n\t\t\t<div class=\"elementor-widget-wrap elementor-element-populated\">\r\n\t\t\t\t\t\t\t\t\r\n\t\t<section\t\t class=\" elementor-section elementor-inner-section elementor-element elementor-element-b125e9b elementor-section-boxed elementor-section-height-default elementor-section-height-default\" data-id=\"b125e9b\" data-element_type=\"section\" data-e-type=\"section\">\r\n\t\t\r\n\t\t\t\t\t\t\t\t\t\t<div class=\"elementor-container elementor-column-gap-default\" >\r\n\r\n\t\t\t\t\r\n\t\t\t\t\t\t\t\t\t\t\t\t\t\t<div\t\t class=\" elementor-column elementor-col-50 elementor-inner-column elementor-element elementor-element-01041ba\" data-id=\"01041ba\" data-element_type=\"column\" data-e-type=\"column\">\r\n\t\t\t\r\n\t\t\t\r\n\t\t\t\r\n\t\t\t<div class=\"elementor-widget-wrap elementor-element-populated\">\r\n\t\t\t\t\t\t\t\t<div class=\" elementor-element elementor-element-8b7a80b elementor-widget__width-initial elementor-widget elementor-widget-image\" data-id=\"8b7a80b\" data-element_type=\"widget\" data-e-type=\"widget\" data-widget_type=\"image.default\">\n\t\t\t\t<div class=\"elementor-widget-container\">\n\t\t\t\t\t\t\t\t\t\t\t\t\t\t\t<img decoding=\"async\" width=\"1024\" height=\"768\" src=\"https:\/\/balticoverlanders.eu\/wp-content\/uploads\/2023\/04\/P1160261-1024x768.jpg\" class=\"attachment-large size-large wp-image-29744\" alt=\"\" srcset=\"https:\/\/balticoverlanders.eu\/wp-content\/uploads\/2023\/04\/P1160261-1024x768.jpg 1024w, https:\/\/balticoverlanders.eu\/wp-content\/uploads\/2023\/04\/P1160261-300x225.jpg 300w, https:\/\/balticoverlanders.eu\/wp-content\/uploads\/2023\/04\/P1160261-768x576.jpg 768w, https:\/\/balticoverlanders.eu\/wp-content\/uploads\/2023\/04\/P1160261-1536x1152.jpg 1536w, https:\/\/balticoverlanders.eu\/wp-content\/uploads\/2023\/04\/P1160261-2048x1536.jpg 2048w, https:\/\/balticoverlanders.eu\/wp-content\/uploads\/2023\/04\/P1160261-150x113.jpg 150w, https:\/\/balticoverlanders.eu\/wp-content\/uploads\/2023\/04\/P1160261-600x450.jpg 600w\" sizes=\"(max-width: 1024px) 100vw, 1024px\" \/>\t\t\t\t\t\t\t\t\t\t\t\t\t\t\t<\/div>\n\t\t\t\t<\/div>\n\t\t\r\n\t\t\r\n\t\t\t\t\t\t\t<\/div>\r\n\t\t\t\r\n\t\t<\/div>\r\n\t\t\t\t<div\t\t class=\" elementor-column elementor-col-50 elementor-inner-column elementor-element elementor-element-41e59f2\" data-id=\"41e59f2\" data-element_type=\"column\" data-e-type=\"column\">\r\n\t\t\t\r\n\t\t\t\r\n\t\t\t\r\n\t\t\t<div class=\"elementor-widget-wrap elementor-element-populated\">\r\n\t\t\t\t\t\t\t\t<div class=\" elementor-element elementor-element-62fe71c elementor-widget__width-initial elementor-widget elementor-widget-image\" data-id=\"62fe71c\" data-element_type=\"widget\" data-e-type=\"widget\" data-widget_type=\"image.default\">\n\t\t\t\t<div class=\"elementor-widget-container\">\n\t\t\t\t\t\t\t\t\t\t\t\t\t\t\t<img decoding=\"async\" width=\"1024\" height=\"768\" src=\"https:\/\/balticoverlanders.eu\/wp-content\/uploads\/2023\/04\/P1160264-1024x768.jpg\" class=\"attachment-large size-large wp-image-29745\" alt=\"\" srcset=\"https:\/\/balticoverlanders.eu\/wp-content\/uploads\/2023\/04\/P1160264-1024x768.jpg 1024w, https:\/\/balticoverlanders.eu\/wp-content\/uploads\/2023\/04\/P1160264-300x225.jpg 300w, https:\/\/balticoverlanders.eu\/wp-content\/uploads\/2023\/04\/P1160264-768x576.jpg 768w, https:\/\/balticoverlanders.eu\/wp-content\/uploads\/2023\/04\/P1160264-1536x1152.jpg 1536w, https:\/\/balticoverlanders.eu\/wp-content\/uploads\/2023\/04\/P1160264-2048x1536.jpg 2048w, https:\/\/balticoverlanders.eu\/wp-content\/uploads\/2023\/04\/P1160264-150x113.jpg 150w, https:\/\/balticoverlanders.eu\/wp-content\/uploads\/2023\/04\/P1160264-600x450.jpg 600w\" sizes=\"(max-width: 1024px) 100vw, 1024px\" \/>\t\t\t\t\t\t\t\t\t\t\t\t\t\t\t<\/div>\n\t\t\t\t<\/div>\n\t\t\r\n\t\t\r\n\t\t\t\t\t\t\t<\/div>\r\n\t\t\t\r\n\t\t<\/div>\r\n\t\t\t\t\t\t\t\t\t\t\t\t\t\t\t\t\t<\/div>\r\n\t\t\t\t\t\t<\/section>\r\n\t\t\t\t<div class=\" elementor-element elementor-element-9b1b861 elementor-widget elementor-widget-spacer\" data-id=\"9b1b861\" data-element_type=\"widget\" data-e-type=\"widget\" data-widget_type=\"spacer.default\">\n\t\t\t\t<div class=\"elementor-widget-container\">\n\t\t\t\t\t\t\t<div class=\"elementor-spacer\">\n\t\t\t<div class=\"elementor-spacer-inner\"><\/div>\n\t\t<\/div>\n\t\t\t\t\t\t<\/div>\n\t\t\t\t<\/div>\n\t\t\t\t\r\n\t\t<section\t\t class=\" elementor-section elementor-inner-section elementor-element elementor-element-6023e6a elementor-section-boxed elementor-section-height-default elementor-section-height-default\" data-id=\"6023e6a\" data-element_type=\"section\" data-e-type=\"section\">\r\n\t\t\r\n\t\t\t\t\t\t\t\t\t\t<div class=\"elementor-container elementor-column-gap-default\" >\r\n\r\n\t\t\t\t\r\n\t\t\t\t\t\t\t\t\t\t\t\t\t\t<div\t\t class=\" elementor-column elementor-col-50 elementor-inner-column elementor-element elementor-element-29ce2a7\" data-id=\"29ce2a7\" data-element_type=\"column\" data-e-type=\"column\">\r\n\t\t\t\r\n\t\t\t\r\n\t\t\t\r\n\t\t\t<div class=\"elementor-widget-wrap elementor-element-populated\">\r\n\t\t\t\t\t\t\t\t<div class=\" elementor-element elementor-element-56c9ddb elementor-widget__width-initial elementor-widget elementor-widget-image\" data-id=\"56c9ddb\" data-element_type=\"widget\" data-e-type=\"widget\" data-widget_type=\"image.default\">\n\t\t\t\t<div class=\"elementor-widget-container\">\n\t\t\t\t\t\t\t\t\t\t\t\t\t\t\t<img loading=\"lazy\" decoding=\"async\" width=\"1024\" height=\"768\" src=\"https:\/\/balticoverlanders.eu\/wp-content\/uploads\/2023\/04\/P1160184-1024x768.jpg\" class=\"attachment-large size-large wp-image-29741\" alt=\"\" srcset=\"https:\/\/balticoverlanders.eu\/wp-content\/uploads\/2023\/04\/P1160184-1024x768.jpg 1024w, https:\/\/balticoverlanders.eu\/wp-content\/uploads\/2023\/04\/P1160184-300x225.jpg 300w, https:\/\/balticoverlanders.eu\/wp-content\/uploads\/2023\/04\/P1160184-768x576.jpg 768w, https:\/\/balticoverlanders.eu\/wp-content\/uploads\/2023\/04\/P1160184-1536x1152.jpg 1536w, https:\/\/balticoverlanders.eu\/wp-content\/uploads\/2023\/04\/P1160184-2048x1536.jpg 2048w, https:\/\/balticoverlanders.eu\/wp-content\/uploads\/2023\/04\/P1160184-150x113.jpg 150w, https:\/\/balticoverlanders.eu\/wp-content\/uploads\/2023\/04\/P1160184-600x450.jpg 600w\" sizes=\"(max-width: 1024px) 100vw, 1024px\" \/>\t\t\t\t\t\t\t\t\t\t\t\t\t\t\t<\/div>\n\t\t\t\t<\/div>\n\t\t\r\n\t\t\r\n\t\t\t\t\t\t\t<\/div>\r\n\t\t\t\r\n\t\t<\/div>\r\n\t\t\t\t<div\t\t class=\" elementor-column elementor-col-50 elementor-inner-column elementor-element elementor-element-d50e97a\" data-id=\"d50e97a\" data-element_type=\"column\" data-e-type=\"column\">\r\n\t\t\t\r\n\t\t\t\r\n\t\t\t\r\n\t\t\t<div class=\"elementor-widget-wrap elementor-element-populated\">\r\n\t\t\t\t\t\t\t\t<div class=\" elementor-element elementor-element-363f5b3 elementor-widget__width-initial elementor-widget elementor-widget-image\" data-id=\"363f5b3\" data-element_type=\"widget\" data-e-type=\"widget\" data-widget_type=\"image.default\">\n\t\t\t\t<div class=\"elementor-widget-container\">\n\t\t\t\t\t\t\t\t\t\t\t\t\t\t\t<img loading=\"lazy\" decoding=\"async\" width=\"1024\" height=\"768\" src=\"https:\/\/balticoverlanders.eu\/wp-content\/uploads\/2023\/04\/P1160269-1024x768.jpg\" class=\"attachment-large size-large wp-image-29739\" alt=\"\" srcset=\"https:\/\/balticoverlanders.eu\/wp-content\/uploads\/2023\/04\/P1160269-1024x768.jpg 1024w, https:\/\/balticoverlanders.eu\/wp-content\/uploads\/2023\/04\/P1160269-300x225.jpg 300w, https:\/\/balticoverlanders.eu\/wp-content\/uploads\/2023\/04\/P1160269-768x576.jpg 768w, https:\/\/balticoverlanders.eu\/wp-content\/uploads\/2023\/04\/P1160269-1536x1152.jpg 1536w, https:\/\/balticoverlanders.eu\/wp-content\/uploads\/2023\/04\/P1160269-2048x1536.jpg 2048w, https:\/\/balticoverlanders.eu\/wp-content\/uploads\/2023\/04\/P1160269-150x113.jpg 150w, https:\/\/balticoverlanders.eu\/wp-content\/uploads\/2023\/04\/P1160269-600x450.jpg 600w\" sizes=\"(max-width: 1024px) 100vw, 1024px\" \/>\t\t\t\t\t\t\t\t\t\t\t\t\t\t\t<\/div>\n\t\t\t\t<\/div>\n\t\t\r\n\t\t\r\n\t\t\t\t\t\t\t<\/div>\r\n\t\t\t\r\n\t\t<\/div>\r\n\t\t\t\t\t\t\t\t\t\t\t\t\t\t\t\t\t<\/div>\r\n\t\t\t\t\t\t<\/section>\r\n\t\t\r\n\t\t\r\n\t\t\t\t\t\t\t<\/div>\r\n\t\t\t\r\n\t\t<\/div>\r\n\t\t\t\t\t\t\t\t\t\t\t\t\t\t\t\t\t<\/div>\r\n\t\t\t\t\t\t<\/section>\r\n\t\t\t\t<\/div>\n\t\t","protected":false},"excerpt":{"rendered":"<p>Baltic Overlanders \u00e4r stolta \u00f6ver att vara den officiella distribut\u00f6ren av James Baroud i alla baltiska l\u00e4nder &#8211; Lettland, Estland och Litauen. James Baroud representerar de b\u00e4sta takt\u00e4lten p\u00e5 marknaden och har dominerat premiummarknaden f\u00f6r takt\u00e4lt i \u00f6ver 20 \u00e5r. Decennier av tester under de mest extrema f\u00f6rh\u00e5llanden och designjusteringar har resulterat i utvecklingen av [&hellip;]<\/p>\n","protected":false},"author":1,"featured_media":0,"parent":0,"menu_order":0,"comment_status":"closed","ping_status":"closed","template":"elementor_header_footer","meta":{"footnotes":""},"class_list":["post-29737","page","type-page","status-publish","hentry"],"yoast_head":"<!-- This site is optimized with the Yoast SEO plugin v27.3 - https:\/\/yoast.com\/product\/yoast-seo-wordpress\/ -->\n<title>James Baroud - BALTIC OVERLANDERS<\/title>\n<meta name=\"description\" content=\"Uppt\u00e4ck den ultimata friheten och \u00e4ventyret med James Barouds takmonterade t\u00e4lt f\u00f6r alla bilar och 4x4-fordon. (Baltikum - Lettland, Estland, Litauen).\" \/>\n<meta name=\"robots\" content=\"index, follow, max-snippet:-1, max-image-preview:large, max-video-preview:-1\" \/>\n<link rel=\"canonical\" href=\"https:\/\/balticoverlanders.eu\/sv\/james-baroud\/\" \/>\n<meta property=\"og:locale\" content=\"sv_SE\" \/>\n<meta property=\"og:type\" content=\"article\" \/>\n<meta property=\"og:title\" content=\"James Baroud - BALTIC OVERLANDERS\" \/>\n<meta property=\"og:description\" content=\"Uppt\u00e4ck den ultimata friheten och \u00e4ventyret med James Barouds t\u00e4lttak f\u00f6r bilar och 4x4-fordon. (Baltikum - Lettland, Estland, Litauen).\" \/>\n<meta property=\"og:url\" content=\"https:\/\/balticoverlanders.eu\/sv\/james-baroud\/\" \/>\n<meta property=\"og:site_name\" content=\"BALTIC OVERLANDERS\" \/>\n<meta property=\"article:modified_time\" content=\"2024-01-31T21:19:24+00:00\" \/>\n<meta property=\"og:image\" content=\"https:\/\/balticoverlanders.eu\/wp-content\/uploads\/2023\/04\/James-Baroud-Logo-2022-v1.4-Horizontal-Black-Mono-.png\" \/>\n<meta name=\"twitter:card\" content=\"summary_large_image\" \/>\n<meta name=\"twitter:title\" content=\"James Baroud - BALTIC OVERLANDERS\" \/>\n<meta name=\"twitter:description\" content=\"Uppt\u00e4ck den ultimata friheten och \u00e4ventyret med James Barouds t\u00e4lttak f\u00f6r bilar och 4x4-fordon. (Baltikum - Lettland, Estland, Litauen).\" \/>\n<meta name=\"twitter:label1\" content=\"Ber\u00e4knad l\u00e4stid\" \/>\n\t<meta name=\"twitter:data1\" content=\"2 minuter\" \/>\n<script type=\"application\/ld+json\" class=\"yoast-schema-graph\">{\"@context\":\"https:\\\/\\\/schema.org\",\"@graph\":[{\"@type\":\"WebPage\",\"@id\":\"https:\\\/\\\/balticoverlanders.eu\\\/sv\\\/james-baroud\\\/\",\"url\":\"https:\\\/\\\/balticoverlanders.eu\\\/sv\\\/james-baroud\\\/\",\"name\":\"James Baroud - BALTIC OVERLANDERS\",\"isPartOf\":{\"@id\":\"https:\\\/\\\/balticoverlanders.eu\\\/sv\\\/#website\"},\"primaryImageOfPage\":{\"@id\":\"https:\\\/\\\/balticoverlanders.eu\\\/sv\\\/james-baroud\\\/#primaryimage\"},\"image\":{\"@id\":\"https:\\\/\\\/balticoverlanders.eu\\\/sv\\\/james-baroud\\\/#primaryimage\"},\"thumbnailUrl\":\"https:\\\/\\\/balticoverlanders.eu\\\/wp-content\\\/uploads\\\/2023\\\/04\\\/James-Baroud-Logo-2022-v1.4-Horizontal-Black-Mono-.png\",\"datePublished\":\"2023-04-11T11:14:16+00:00\",\"dateModified\":\"2024-01-31T21:19:24+00:00\",\"description\":\"Uppt\u00e4ck den ultimata friheten och \u00e4ventyret med James Barouds takmonterade t\u00e4lt f\u00f6r alla bilar och 4x4-fordon. (Baltikum - Lettland, Estland, Litauen).\",\"breadcrumb\":{\"@id\":\"https:\\\/\\\/balticoverlanders.eu\\\/sv\\\/james-baroud\\\/#breadcrumb\"},\"inLanguage\":\"sv-SE\",\"potentialAction\":[{\"@type\":\"ReadAction\",\"target\":[\"https:\\\/\\\/balticoverlanders.eu\\\/sv\\\/james-baroud\\\/\"]}]},{\"@type\":\"ImageObject\",\"inLanguage\":\"sv-SE\",\"@id\":\"https:\\\/\\\/balticoverlanders.eu\\\/sv\\\/james-baroud\\\/#primaryimage\",\"url\":\"https:\\\/\\\/balticoverlanders.eu\\\/wp-content\\\/uploads\\\/2023\\\/04\\\/James-Baroud-Logo-2022-v1.4-Horizontal-Black-Mono-.png\",\"contentUrl\":\"https:\\\/\\\/balticoverlanders.eu\\\/wp-content\\\/uploads\\\/2023\\\/04\\\/James-Baroud-Logo-2022-v1.4-Horizontal-Black-Mono-.png\"},{\"@type\":\"BreadcrumbList\",\"@id\":\"https:\\\/\\\/balticoverlanders.eu\\\/sv\\\/james-baroud\\\/#breadcrumb\",\"itemListElement\":[{\"@type\":\"ListItem\",\"position\":1,\"name\":\"Home\",\"item\":\"https:\\\/\\\/balticoverlanders.eu\\\/sv\\\/?page_id=30156\"},{\"@type\":\"ListItem\",\"position\":2,\"name\":\"James Baroud\"}]},{\"@type\":\"WebSite\",\"@id\":\"https:\\\/\\\/balticoverlanders.eu\\\/sv\\\/#website\",\"url\":\"https:\\\/\\\/balticoverlanders.eu\\\/sv\\\/\",\"name\":\"BALTIC OVERLANDERS\",\"description\":\"Your one-stop shop in Latvia, Estonia, and Lithuania for all your car camping, rooftop tent and accessory needs.\",\"potentialAction\":[{\"@type\":\"SearchAction\",\"target\":{\"@type\":\"EntryPoint\",\"urlTemplate\":\"https:\\\/\\\/balticoverlanders.eu\\\/sv\\\/?s={search_term_string}\"},\"query-input\":{\"@type\":\"PropertyValueSpecification\",\"valueRequired\":true,\"valueName\":\"search_term_string\"}}],\"inLanguage\":\"sv-SE\"}]}<\/script>\n<!-- \/ Yoast SEO plugin. -->","yoast_head_json":{"title":"James Baroud - BALTIC OVERLANDERS","description":"Uppt\u00e4ck den ultimata friheten och \u00e4ventyret med James Barouds takmonterade t\u00e4lt f\u00f6r alla bilar och 4x4-fordon. (Baltikum - Lettland, Estland, Litauen).","robots":{"index":"index","follow":"follow","max-snippet":"max-snippet:-1","max-image-preview":"max-image-preview:large","max-video-preview":"max-video-preview:-1"},"canonical":"https:\/\/balticoverlanders.eu\/sv\/james-baroud\/","og_locale":"sv_SE","og_type":"article","og_title":"James Baroud - BALTIC OVERLANDERS","og_description":"Uppt\u00e4ck den ultimata friheten och \u00e4ventyret med James Barouds t\u00e4lttak f\u00f6r bilar och 4x4-fordon. (Baltikum - Lettland, Estland, Litauen).","og_url":"https:\/\/balticoverlanders.eu\/sv\/james-baroud\/","og_site_name":"BALTIC OVERLANDERS","article_modified_time":"2024-01-31T21:19:24+00:00","og_image":[{"url":"https:\/\/balticoverlanders.eu\/wp-content\/uploads\/2023\/04\/James-Baroud-Logo-2022-v1.4-Horizontal-Black-Mono-.png","type":"","width":"","height":""}],"twitter_card":"summary_large_image","twitter_title":"James Baroud - BALTIC OVERLANDERS","twitter_description":"Uppt\u00e4ck den ultimata friheten och \u00e4ventyret med James Barouds t\u00e4lttak f\u00f6r bilar och 4x4-fordon. (Baltikum - Lettland, Estland, Litauen).","twitter_misc":{"Ber\u00e4knad l\u00e4stid":"2 minuter"},"schema":{"@context":"https:\/\/schema.org","@graph":[{"@type":"WebPage","@id":"https:\/\/balticoverlanders.eu\/sv\/james-baroud\/","url":"https:\/\/balticoverlanders.eu\/sv\/james-baroud\/","name":"James Baroud - BALTIC OVERLANDERS","isPartOf":{"@id":"https:\/\/balticoverlanders.eu\/sv\/#website"},"primaryImageOfPage":{"@id":"https:\/\/balticoverlanders.eu\/sv\/james-baroud\/#primaryimage"},"image":{"@id":"https:\/\/balticoverlanders.eu\/sv\/james-baroud\/#primaryimage"},"thumbnailUrl":"https:\/\/balticoverlanders.eu\/wp-content\/uploads\/2023\/04\/James-Baroud-Logo-2022-v1.4-Horizontal-Black-Mono-.png","datePublished":"2023-04-11T11:14:16+00:00","dateModified":"2024-01-31T21:19:24+00:00","description":"Uppt\u00e4ck den ultimata friheten och \u00e4ventyret med James Barouds takmonterade t\u00e4lt f\u00f6r alla bilar och 4x4-fordon. (Baltikum - Lettland, Estland, Litauen).","breadcrumb":{"@id":"https:\/\/balticoverlanders.eu\/sv\/james-baroud\/#breadcrumb"},"inLanguage":"sv-SE","potentialAction":[{"@type":"ReadAction","target":["https:\/\/balticoverlanders.eu\/sv\/james-baroud\/"]}]},{"@type":"ImageObject","inLanguage":"sv-SE","@id":"https:\/\/balticoverlanders.eu\/sv\/james-baroud\/#primaryimage","url":"https:\/\/balticoverlanders.eu\/wp-content\/uploads\/2023\/04\/James-Baroud-Logo-2022-v1.4-Horizontal-Black-Mono-.png","contentUrl":"https:\/\/balticoverlanders.eu\/wp-content\/uploads\/2023\/04\/James-Baroud-Logo-2022-v1.4-Horizontal-Black-Mono-.png"},{"@type":"BreadcrumbList","@id":"https:\/\/balticoverlanders.eu\/sv\/james-baroud\/#breadcrumb","itemListElement":[{"@type":"ListItem","position":1,"name":"Home","item":"https:\/\/balticoverlanders.eu\/sv\/?page_id=30156"},{"@type":"ListItem","position":2,"name":"James Baroud"}]},{"@type":"WebSite","@id":"https:\/\/balticoverlanders.eu\/sv\/#website","url":"https:\/\/balticoverlanders.eu\/sv\/","name":"BALTIC OVERLANDERS","description":"Your one-stop shop in Latvia, Estonia, and Lithuania for all your car camping, rooftop tent and accessory needs.","potentialAction":[{"@type":"SearchAction","target":{"@type":"EntryPoint","urlTemplate":"https:\/\/balticoverlanders.eu\/sv\/?s={search_term_string}"},"query-input":{"@type":"PropertyValueSpecification","valueRequired":true,"valueName":"search_term_string"}}],"inLanguage":"sv-SE"}]}},"_links":{"self":[{"href":"https:\/\/balticoverlanders.eu\/sv\/wp-json\/wp\/v2\/pages\/29737","targetHints":{"allow":["GET"]}}],"collection":[{"href":"https:\/\/balticoverlanders.eu\/sv\/wp-json\/wp\/v2\/pages"}],"about":[{"href":"https:\/\/balticoverlanders.eu\/sv\/wp-json\/wp\/v2\/types\/page"}],"author":[{"embeddable":true,"href":"https:\/\/balticoverlanders.eu\/sv\/wp-json\/wp\/v2\/users\/1"}],"replies":[{"embeddable":true,"href":"https:\/\/balticoverlanders.eu\/sv\/wp-json\/wp\/v2\/comments?post=29737"}],"version-history":[{"count":2,"href":"https:\/\/balticoverlanders.eu\/sv\/wp-json\/wp\/v2\/pages\/29737\/revisions"}],"predecessor-version":[{"id":29752,"href":"https:\/\/balticoverlanders.eu\/sv\/wp-json\/wp\/v2\/pages\/29737\/revisions\/29752"}],"wp:attachment":[{"href":"https:\/\/balticoverlanders.eu\/sv\/wp-json\/wp\/v2\/media?parent=29737"}],"curies":[{"name":"wp","href":"https:\/\/api.w.org\/{rel}","templated":true}]}}