{"id":30849,"date":"2023-03-09T09:33:19","date_gmt":"2023-03-09T07:33:19","guid":{"rendered":"https:\/\/balticoverlanders.eu\/integritetspolicy\/"},"modified":"2024-01-31T23:22:14","modified_gmt":"2024-01-31T21:22:14","slug":"integritetspolicy","status":"publish","type":"page","link":"https:\/\/balticoverlanders.eu\/sv\/integritetspolicy\/","title":{"rendered":"Integritetspolicy"},"content":{"rendered":"\t\t<div data-elementor-type=\"wp-page\" data-elementor-id=\"30849\" class=\"elementor elementor-30849 elementor-3\">\n\t\t\t\t\t\t\r\n\t\t<section\t\t class=\" elementor-section elementor-top-section elementor-element elementor-element-3d208150 elementor-section-boxed elementor-section-height-default elementor-section-height-default\" data-id=\"3d208150\" data-element_type=\"section\" data-e-type=\"section\">\r\n\t\t\r\n\t\t\t\t\t\t\t\t\t\t<div class=\"elementor-container elementor-column-gap-default\" >\r\n\r\n\t\t\t\t\r\n\t\t\t\t\t\t\t\t\t\t\t\t\t\t<div\t\t class=\" elementor-column elementor-col-100 elementor-top-column elementor-element elementor-element-68f8ef6d\" data-id=\"68f8ef6d\" data-element_type=\"column\" data-e-type=\"column\">\r\n\t\t\t\r\n\t\t\t\r\n\t\t\t\r\n\t\t\t<div class=\"elementor-widget-wrap elementor-element-populated\">\r\n\t\t\t\t\t\t\t\t<div class=\" elementor-element elementor-element-7ca12f77 elementor-widget elementor-widget-text-editor\" data-id=\"7ca12f77\" data-element_type=\"widget\" data-e-type=\"widget\" data-widget_type=\"text-editor.default\">\n\t\t\t\t<div class=\"elementor-widget-container\">\n\t\t\t\t\t\t\t\t\t<p>Informationen uppdaterades senast den 6 april 2023.<\/p>\n<p>Du \u00e4r varmt v\u00e4lkommen att l\u00e4sa <strong>Baltic Overlanders <\/strong>integritetspolicy. Denna policy beskriver hur Limited Liability Company (SIA) Overland Ready, registreringsnummer: 40203448240 (nedan kallad  <strong>Baltic Overlanders<\/strong>) samlar in och behandlar personuppgifter som Baltic <strong>Overlanders <\/strong>erh\u00e5ller fr\u00e5n sina kunder och personer som bes\u00f6ker <strong>Baltic Overlanders <\/strong>webbplats eller p\u00e5 plats (t.ex. m\u00e4ssor, produktdemonstrationslager) (nedan \u00e4ven kallad &#8221;den<strong>registrerade<\/strong>&#8221; eller &#8221;<strong>du<\/strong>&#8221;).<\/p>\n<p>Personuppgifter ska vara all slags information som avser en identifierad eller identifierbar fysisk person, dvs. den registrerade. Med behandling avses varje \u00e5tg\u00e4rd som vidtas med avseende p\u00e5 personuppgifter, s\u00e5som insamling, registrering, \u00e4ndring, anv\u00e4ndning, l\u00e4sning, radering eller f\u00f6rst\u00f6ring.<\/p>\n<p>Din personuppgiftsansvarige \u00e4r <strong>Baltic Overlanders<\/strong>, som du v\u00e4nder dig till i ett specifikt fall f\u00f6r att f\u00f6rv\u00e4rva en produkt eller erh\u00e5lla en tj\u00e4nst.<\/p>\n<p>V\u00e4nligen l\u00e4s igenom denna integritetspolicy noggrant. Om du har n\u00e5gra fr\u00e5gor eller \u00f6nskem\u00e5l, v\u00e4nligen kontakta Baltic Overlanders med hj\u00e4lp av de uppgifter som anges i avsnitt 11. &#8221;Kontaktuppgifter&#8221; nedan.<\/p>\n<p>1. Allm\u00e4nna best\u00e4mmelser<\/p>\n<p>1.1. Denna integritetspolicy reglerar principerna f\u00f6r insamling, bearbetning och lagring av personuppgifter. Personuppgifter behandlas och lagras av OVERLAND READY SIA, som \u00e4r personuppgiftsansvarig (nedan kallad den personuppgiftsansvarige).<\/p>\n<p>1.2. I denna integritetspolicy avses med registrerad kunden eller en annan fysisk person vars personuppgifter behandlas av den personuppgiftsansvarige.<\/p>\n<p>1.3. I denna integritetspolicy avses med kund alla som k\u00f6per varor eller tj\u00e4nster p\u00e5 den personuppgiftsansvariges webbplats.<\/p>\n<p>1.4. Den personuppgiftsansvarige iakttar de principer f\u00f6r behandling av personuppgifter som f\u00f6reskrivs i lagstiftningen och behandlar bland annat personuppgifter p\u00e5 ett lagligt, r\u00e4ttvist och s\u00e4kert s\u00e4tt. Den personuppgiftsansvarige kan intyga att personuppgifter har behandlats i enlighet med best\u00e4mmelserna i lagstiftningen.<\/p>\n<p>2. Insamling, behandling och lagring av personuppgifter<\/p>\n<p>2.1. De personuppgifter som samlas in, behandlas och lagras av den personuppgiftsansvarige har samlats in elektroniskt, huvudsakligen via webbplatsen och e-post.  <\/p>\n<p>2.2. Genom att dela sina personuppgifter ger den registrerade den personuppgiftsansvarige r\u00e4tt att samla in, ordna, anv\u00e4nda och administrera, f\u00f6r det \u00e4ndam\u00e5l som anges i integritetspolicyn, de personuppgifter som den registrerade delar med den personuppgiftsansvarige antingen direkt eller indirekt vid k\u00f6p av varor eller tj\u00e4nster p\u00e5 webbplatsen.<\/p>\n<p>2.3. Den registrerade \u00e4r ansvarig f\u00f6r noggrannheten, korrektheten och integriteten hos de uppgifter som denne l\u00e4mnar. Inl\u00e4mnande av medvetet falska uppgifter betraktas som en \u00f6vertr\u00e4delse av sekretesspolicyn. Den registrerade \u00e4r skyldig att omedelbart meddela den personuppgiftsansvarige om eventuella \u00e4ndringar i de uppgifter som l\u00e4mnats.<\/p>\n<p>2.4. Den personuppgiftsansvarige ansvarar inte f\u00f6r skador eller f\u00f6rluster som \u00e5samkas den registrerade eller en tredje part till f\u00f6ljd av att den registrerade har l\u00e4mnat oriktiga uppgifter.<\/p>\n<p>3. Behandling av kunders personuppgifter<\/p>\n<p>3.1. Den personuppgiftsansvarige f\u00e5r behandla f\u00f6ljande personuppgifter om den registrerade:<\/p>\n<p>3.1.1. F\u00f6rnamn och efternamn;<\/p>\n<p>3.1.2. F\u00f6delsedatum;<\/p>\n<p>3.1.3. Telefonnummer;<\/p>\n<p>3.1.4. E-postadress;<\/p>\n<p>3.1.5. Leveransadress;<\/p>\n<p>3.1.6. Bankkontonummer;<\/p>\n<p>3.1.7. Uppgifter om betalkort;<\/p>\n<p>3.1.8. Transaktionsuppgifter (tidpunkt f\u00f6r transaktionen, f\u00f6rv\u00e4rvade produkter, pris, betalningsuppgifter etc.)<\/p>\n<p>3.2. Ut\u00f6ver ovanst\u00e5ende har den personuppgiftsansvarige r\u00e4tt att samla in uppgifter om kunden som finns tillg\u00e4ngliga i offentliga register.<\/p>\n<p>3.3. Den r\u00e4ttsliga grunden f\u00f6r behandlingen av personuppgifter (a), (b), (c och f i artikel 6.1 i den allm\u00e4nna dataskyddsf\u00f6rordningen:<\/p>\n<p>(a) Den registrerade har gett sitt samtycke till behandlingen av hans eller hennes personuppgifter f\u00f6r ett eller flera specifika \u00e4ndam\u00e5l;<\/p>\n<p>(b) Behandlingen \u00e4r n\u00f6dv\u00e4ndig f\u00f6r att fullg\u00f6ra ett avtal i vilket den registrerade \u00e4r part eller f\u00f6r att vidta \u00e5tg\u00e4rder p\u00e5 beg\u00e4ran av den registrerade innan ett avtal ing\u00e5s;<\/p>\n<p>(c) Behandlingen \u00e4r n\u00f6dv\u00e4ndig f\u00f6r att uppfylla en r\u00e4ttslig f\u00f6rpliktelse som \u00e5vilar den personuppgiftsansvarige;<\/p>\n<p>(f) Behandlingen \u00e4r n\u00f6dv\u00e4ndig f\u00f6r \u00e4ndam\u00e5l som r\u00f6r den personuppgiftsansvariges eller en tredje parts ber\u00e4ttigade intressen, utom n\u00e4r dessa intressen v\u00e4ger tyngre \u00e4n den registrerades intressen eller grundl\u00e4ggande fri- och r\u00e4ttigheter som kr\u00e4ver skydd av personuppgifter, s\u00e4rskilt om den registrerade \u00e4r ett barn.<\/p>\n<p>3.4. Behandling av personuppgifter i enlighet med syftet med behandlingen:<\/p>\n<p>3.4.1. Syftet med behandlingen &#8211; s\u00e4kerhet och trygghet<br \/>Den maximala lagringstiden f\u00f6r personuppgifter &#8211; enligt de villkor som anges i lag<\/p>\n<p>3.4.2. Syfte med behandling &#8211; behandling av best\u00e4llningar<br \/>Maximal lagringstid f\u00f6r personuppgifter &#8211; 1 (ett) \u00e5r<\/p>\n<p>3.4.3. Syftet med behandlingen &#8211; s\u00e4kerst\u00e4lla att webbutikens tj\u00e4nster fungerar<br \/>Maximal lagringstid f\u00f6r personuppgifter -1 (ett) \u00e5r<\/p>\n<p>3.4.4. Syftet med behandlingen &#8211; kundhantering<br \/>Maximal lagringstid f\u00f6r personuppgifter &#8211; 1 (ett) \u00e5r<\/p>\n<p>3.4.5. \u00c4ndam\u00e5l med behandlingen &#8211; finansiell verksamhet, redovisning<br \/>Maximal lagringstid f\u00f6r personuppgifter &#8211; enligt de villkor som anges i lag<\/p>\n<p>3.4.6. Syftet med behandlingen &#8211; marknadsf\u00f6ring &#8211; vi kommer att lagra de uppgifter som erh\u00e5llits p\u00e5 grundval av samtycke, som regel tills samtycket \u00e5terkallas eller s\u00e5 l\u00e4nge som \u00f6verenskommits i samtycket.<\/p>\n<p>3.5. Den personuppgiftsansvarige har r\u00e4tt att dela kunders personuppgifter med tredje part, s\u00e5som personuppgiftsbitr\u00e4den, revisorer, transport- och budfirmor, f\u00f6retag som tillhandah\u00e5ller \u00f6verf\u00f6ringstj\u00e4nster. Den personuppgiftsansvarige ansvarar f\u00f6r behandlingen av personuppgifter.  <\/p>\n<p>3.6. Den personuppgiftsansvarige \u00f6verf\u00f6r de personuppgifter som \u00e4r n\u00f6dv\u00e4ndiga f\u00f6r att g\u00f6ra betalningar  <\/p>\n<ul>\n<li>plattform makecommerce.lv, d\u00e4rf\u00f6r \u00f6verf\u00f6r v\u00e5rt f\u00f6retag de personuppgifter som kr\u00e4vs f\u00f6r betalning till plattforms\u00e4garen Maksekeskus AS, registreringsnummer 40203388134, adress (Lettland): Skanstes iela 12, R\u012bga, LV-1013, Latvija<\/li>\n<li>plattform inbank.lv, d\u00e4rf\u00f6r v\u00e5rt f\u00f6retag \u00f6verf\u00f6r de personuppgifter som \u00e4r n\u00f6dv\u00e4ndiga f\u00f6r genomf\u00f6randet av betalningar till \u00e4garen av plattformen SIA &#8221;Inbank Lettland&#8221;, registreringsnummer: 40103821436, juridisk adress: Akme\u0146u iela 14, R\u012bga, LV-1048,<\/li>\n<\/ul>\n<p>3.6. Den personuppgiftsansvarige behandlar och lagrar den registrerades personuppgifter genom att genomf\u00f6ra organisatoriska och tekniska \u00e5tg\u00e4rder f\u00f6r att s\u00e4kerst\u00e4lla att personuppgifterna skyddas mot oavsiktlig eller olaglig f\u00f6rst\u00f6relse, \u00e4ndring, utl\u00e4mnande och all annan olaglig behandling.<\/p>\n<p>3.7. Den personuppgiftsansvarige lagrar de registrerades uppgifter beroende p\u00e5 syftet med behandlingen, men inte l\u00e4ngre \u00e4n i 7 \u00e5r.<\/p>\n<p>4. Den registrerades r\u00e4ttigheter<\/p>\n<p>4.1. Den registrerade har r\u00e4tt att f\u00e5 tillg\u00e5ng till och granska sina personuppgifter.<\/p>\n<p>4.2. Den registrerade har r\u00e4tt att f\u00e5 information om behandlingen av sina personuppgifter.<\/p>\n<p>4.3. Den registrerade har r\u00e4tt att \u00e4ndra eller r\u00e4tta felaktiga uppgifter.<\/p>\n<p>4.4. Om den personuppgiftsansvarige behandlar den registrerades personuppgifter p\u00e5 grundval av den registrerades samtycke, har den registrerade r\u00e4tt att n\u00e4r som helst \u00e5terkalla sitt samtycke.<\/p>\n<p>4.5. F\u00f6r att ut\u00f6va sina r\u00e4ttigheter kan den registrerade kontakta onlinebutikens kundsupport p\u00e5 info@balticoverlanders.eu.<\/p>\n<p>4.6. F\u00f6r att skydda sina r\u00e4ttigheter kan den registrerade l\u00e4mna in ett klagom\u00e5l till dataskyddsinspektionen.<\/p>\n<p>5. Slutbest\u00e4mmelser<\/p>\n<p>5.1. Dessa dataskyddsvillkor har utarbetats i enlighet med Europaparlamentets och r\u00e5dets f\u00f6rordning (EU) 2016\/679 om skydd f\u00f6r fysiska personer med avseende p\u00e5 behandling av personuppgifter och om det fria fl\u00f6det av s\u00e5dana uppgifter och om upph\u00e4vande av direktiv 95\/46\/EG (allm\u00e4n dataskyddsf\u00f6rordning), Republiken Estlands lag om skydd av personuppgifter och Republiken Estlands och Europeiska unionens lagstiftning.<\/p>\n<p>5.2. Den personuppgiftsansvarige har r\u00e4tt att \u00e4ndra dataskyddsvillkoren helt eller delvis och meddela de registrerade om \u00e4ndringarna via www.balticoverlanders.eu.<\/p>\n<p>6. Bes\u00f6kare p\u00e5 webbplatsen<\/p>\n<p>6.1. Liksom de flesta webbplatsoperat\u00f6rer samlar Baltic Overlanders in information som inte \u00e4r personligt identifierbar, s\u00e5som webbl\u00e4sartyp, spr\u00e5kinst\u00e4llningar, referenswebbplats samt datum och tid f\u00f6r varje bes\u00f6kares beg\u00e4ran. Baltic Overlanders m\u00e5l med att samla in icke-personlig identifierbar information \u00e4r att b\u00e4ttre f\u00f6rst\u00e5 hur \u00f6verland redo bes\u00f6kare anv\u00e4nder sin webbplats. Fr\u00e5n tid till annan kan Baltic Overlanders publicera sammanst\u00e4lld information som inte identifierar en person, till exempel genom att publicera en rapport om trender i anv\u00e4ndningen av sin webbplats.<\/p>\n<p>7. S\u00e4kerhet<\/p>\n<p>7.1. S\u00e4kerheten f\u00f6r dina personuppgifter \u00e4r viktig f\u00f6r oss, men kom ih\u00e5g att ingen \u00f6verf\u00f6ringsmetod p\u00e5 Internet eller elektronisk lagringsmetod \u00e4r 100 % s\u00e4ker. \u00c4ven om vi str\u00e4var efter att anv\u00e4nda kommersiellt godtagbara metoder f\u00f6r att skydda dina personuppgifter, kan vi inte garantera absolut s\u00e4kerhet.<\/p>\n<p>8. L\u00e4nkar till externa webbplatser och andra<\/p>\n<p>8.1. Baltic Overlanders tj\u00e4nst kan inneh\u00e5lla l\u00e4nkar till externa webbplatser som inte administreras av oss. Om du klickar p\u00e5 en l\u00e4nk fr\u00e5n en tredje part kommer du att omdirigeras till den tredje partens webbplats. Vi rekommenderar starkt att du l\u00e4ser igenom sekretesspolicyn och anv\u00e4ndarvillkoren f\u00f6r varje webbplats du bes\u00f6ker.<\/p>\n<p>8.2. Vi varken kontrollerar eller tar ansvar f\u00f6r inneh\u00e5ll, sekretesspolicyer eller praxis p\u00e5 tredje parts webbplatser, produkter eller tj\u00e4nster.<\/p>\n<p>9. Aggregerad statistik<\/p>\n<p>9.1. Baltic Overlanders kan samla in statistik om bes\u00f6karnas beteende p\u00e5 sin webbplats och f\u00f6rbeh\u00e5ller sig r\u00e4tten att presentera denna information offentligt eller att tillhandah\u00e5lla den till andra. Overland Ready l\u00e4mnar dock inte ut dina personligt identifierbara uppgifter.<\/p>\n<p>10. Kakor<\/p>\n<p>10.1. F\u00f6r att berika och f\u00f6rb\u00e4ttra din onlineupplevelse anv\u00e4nder Baltic Overlanders &#8221;cookies&#8221;, liknande teknik och tj\u00e4nster som tillhandah\u00e5lls av andra f\u00f6r att visa personligt inneh\u00e5ll, relevant reklam och spara dina preferenser p\u00e5 din dator.<\/p>\n<p>10.2. En cookie \u00e4r en serie uppgifter som en webbplats lagrar p\u00e5 en bes\u00f6kares dator och som bes\u00f6karens webbl\u00e4sare l\u00e4mnar till webbplatsen varje g\u00e5ng bes\u00f6karen \u00e5terv\u00e4nder. Baltic Overlanders anv\u00e4nder cookies f\u00f6r att hj\u00e4lpa Baltic Overlanders att identifiera och sp\u00e5ra bes\u00f6kare, deras anv\u00e4ndning av webbplatsen https:\/\/balticoverlanders.eu och deras preferenser n\u00e4r det g\u00e4ller tillg\u00e5ng till webbplatsen. Bes\u00f6kare p\u00e5 Overland Ready som inte vill att cookies placeras p\u00e5 deras datorer m\u00e5ste st\u00e4lla in sina webbl\u00e4sare s\u00e5 att de inte till\u00e5ter cookies innan de anv\u00e4nder Baltic Overlanders webbplatser, med nackdelen att vissa funktioner p\u00e5 Baltic Overlanders webbplatser kanske inte fungerar korrekt utan hj\u00e4lp av cookies.<\/p>\n<p><strong>10.3. Genom att forts\u00e4tta navigera p\u00e5 v\u00e5r webbplats utan att \u00e4ndra dina cookie-inst\u00e4llningar bekr\u00e4ftar och godk\u00e4nner du h\u00e4rmed anv\u00e4ndningen av Baltic Overlanders cookies.<\/strong><\/p>\n<p>11. Kontaktuppgifter<\/p>\n<p>11.1. Om du har n\u00e5gra fr\u00e5gor om villkoren i denna integritetspolicy eller om hur <strong>Baltic Overlanders <\/strong>behandlar dina uppgifter, samt f\u00f6r att l\u00e4mna in \u00f6nskem\u00e5l eller klagom\u00e5l ang\u00e5ende personuppgiftsbehandlingen, v\u00e4nligen kontakta <strong>Baltic Overlanders <\/strong>via de kontaktuppgifter som anges nedan:<\/p>\n<p>Baltiska \u00f6verlandare (\u00d6verlandning redo SIA)<\/p>\n<ul>\n<li>Registreringsnummer: 40203448240<\/li>\n<li>Juridisk adress: Iecavas Street 1-24, R\u012bga, LV-1083, Lettland<\/li>\n<li>Best\u00e4llning h\u00e4mtning \/ installation: Matisa Street 8, R\u012bga, LV-1001, Lettland<\/li>\n<li>E-post: info@balticoverlanders.eu<\/li>\n<li>Mobil: (+371) 2241-2653<\/li>\n<\/ul>\n\t\t\t\t\t\t\t\t<\/div>\n\t\t\t\t<\/div>\n\t\t\r\n\t\t\r\n\t\t\t\t\t\t\t<\/div>\r\n\t\t\t\r\n\t\t<\/div>\r\n\t\t\t\t\t\t\t\t\t\t\t\t\t\t\t\t\t<\/div>\r\n\t\t\t\t\t\t<\/section>\r\n\t\t\t\t<\/div>\n\t\t","protected":false},"excerpt":{"rendered":"<p>Informationen uppdaterades senast den 6 april 2023. Du \u00e4r varmt v\u00e4lkommen att l\u00e4sa Baltic Overlanders integritetspolicy. Denna policy beskriver hur Limited Liability Company (SIA) Overland Ready, registreringsnummer: 40203448240 (nedan kallad Baltic Overlanders) samlar in och behandlar personuppgifter som Baltic Overlanders erh\u00e5ller fr\u00e5n sina kunder och personer som bes\u00f6ker Baltic Overlanders webbplats eller p\u00e5 plats (t.ex. [&hellip;]<\/p>\n","protected":false},"author":1,"featured_media":0,"parent":0,"menu_order":0,"comment_status":"closed","ping_status":"open","template":"","meta":{"footnotes":""},"class_list":["post-30849","page","type-page","status-publish","hentry"],"yoast_head":"<!-- This site is optimized with the Yoast SEO plugin v27.3 - https:\/\/yoast.com\/product\/yoast-seo-wordpress\/ -->\n<title>Integritetspolicy - BALTIC OVERLANDERS<\/title>\n<meta name=\"robots\" content=\"noindex, nofollow\" \/>\n<meta property=\"og:locale\" content=\"sv_SE\" \/>\n<meta property=\"og:type\" content=\"article\" \/>\n<meta property=\"og:title\" content=\"Integritetspolicy - BALTIC OVERLANDERS\" \/>\n<meta property=\"og:description\" content=\"Informationen uppdaterades senast den 6 april 2023. Du \u00e4r varmt v\u00e4lkommen att l\u00e4sa Baltic Overlanders integritetspolicy. Denna policy beskriver hur Limited Liability Company (SIA) Overland Ready, registreringsnummer: 40203448240 (nedan kallad Baltic Overlanders) samlar in och behandlar personuppgifter som Baltic Overlanders erh\u00e5ller fr\u00e5n sina kunder och personer som bes\u00f6ker Baltic Overlanders webbplats eller p\u00e5 plats (t.ex. [&hellip;]\" \/>\n<meta property=\"og:url\" content=\"https:\/\/balticoverlanders.eu\/sv\/integritetspolicy\/\" \/>\n<meta property=\"og:site_name\" content=\"BALTIC OVERLANDERS\" \/>\n<meta property=\"article:modified_time\" content=\"2024-01-31T21:22:14+00:00\" \/>\n<meta property=\"og:image\" content=\"https:\/\/balticoverlanders.eu\/wp-content\/uploads\/2023\/04\/BALTIC-OVERLANDERS-LOGO.jpg\" \/>\n\t<meta property=\"og:image:width\" content=\"1497\" \/>\n\t<meta property=\"og:image:height\" content=\"310\" \/>\n\t<meta property=\"og:image:type\" content=\"image\/jpeg\" \/>\n<meta name=\"twitter:card\" content=\"summary_large_image\" \/>\n<meta name=\"twitter:label1\" content=\"Ber\u00e4knad l\u00e4stid\" \/>\n\t<meta name=\"twitter:data1\" content=\"9 minuter\" \/>\n<script type=\"application\/ld+json\" class=\"yoast-schema-graph\">{\"@context\":\"https:\\\/\\\/schema.org\",\"@graph\":[{\"@type\":\"WebPage\",\"@id\":\"https:\\\/\\\/balticoverlanders.eu\\\/sv\\\/integritetspolicy\\\/\",\"url\":\"https:\\\/\\\/balticoverlanders.eu\\\/sv\\\/integritetspolicy\\\/\",\"name\":\"Integritetspolicy - BALTIC OVERLANDERS\",\"isPartOf\":{\"@id\":\"https:\\\/\\\/balticoverlanders.eu\\\/sv\\\/#website\"},\"datePublished\":\"2023-03-09T07:33:19+00:00\",\"dateModified\":\"2024-01-31T21:22:14+00:00\",\"breadcrumb\":{\"@id\":\"https:\\\/\\\/balticoverlanders.eu\\\/sv\\\/integritetspolicy\\\/#breadcrumb\"},\"inLanguage\":\"sv-SE\",\"potentialAction\":[{\"@type\":\"ReadAction\",\"target\":[\"https:\\\/\\\/balticoverlanders.eu\\\/sv\\\/integritetspolicy\\\/\"]}]},{\"@type\":\"BreadcrumbList\",\"@id\":\"https:\\\/\\\/balticoverlanders.eu\\\/sv\\\/integritetspolicy\\\/#breadcrumb\",\"itemListElement\":[{\"@type\":\"ListItem\",\"position\":1,\"name\":\"Home\",\"item\":\"https:\\\/\\\/balticoverlanders.eu\\\/sv\\\/?page_id=30156\"},{\"@type\":\"ListItem\",\"position\":2,\"name\":\"Integritetspolicy\"}]},{\"@type\":\"WebSite\",\"@id\":\"https:\\\/\\\/balticoverlanders.eu\\\/sv\\\/#website\",\"url\":\"https:\\\/\\\/balticoverlanders.eu\\\/sv\\\/\",\"name\":\"BALTIC OVERLANDERS\",\"description\":\"Your one-stop shop in Latvia, Estonia, and Lithuania for all your car camping, rooftop tent and accessory needs.\",\"potentialAction\":[{\"@type\":\"SearchAction\",\"target\":{\"@type\":\"EntryPoint\",\"urlTemplate\":\"https:\\\/\\\/balticoverlanders.eu\\\/sv\\\/?s={search_term_string}\"},\"query-input\":{\"@type\":\"PropertyValueSpecification\",\"valueRequired\":true,\"valueName\":\"search_term_string\"}}],\"inLanguage\":\"sv-SE\"}]}<\/script>\n<!-- \/ Yoast SEO plugin. -->","yoast_head_json":{"title":"Integritetspolicy - BALTIC OVERLANDERS","robots":{"index":"noindex","follow":"nofollow"},"og_locale":"sv_SE","og_type":"article","og_title":"Integritetspolicy - BALTIC OVERLANDERS","og_description":"Informationen uppdaterades senast den 6 april 2023. Du \u00e4r varmt v\u00e4lkommen att l\u00e4sa Baltic Overlanders integritetspolicy. Denna policy beskriver hur Limited Liability Company (SIA) Overland Ready, registreringsnummer: 40203448240 (nedan kallad Baltic Overlanders) samlar in och behandlar personuppgifter som Baltic Overlanders erh\u00e5ller fr\u00e5n sina kunder och personer som bes\u00f6ker Baltic Overlanders webbplats eller p\u00e5 plats (t.ex. [&hellip;]","og_url":"https:\/\/balticoverlanders.eu\/sv\/integritetspolicy\/","og_site_name":"BALTIC OVERLANDERS","article_modified_time":"2024-01-31T21:22:14+00:00","og_image":[{"width":1497,"height":310,"url":"https:\/\/balticoverlanders.eu\/wp-content\/uploads\/2023\/04\/BALTIC-OVERLANDERS-LOGO.jpg","type":"image\/jpeg"}],"twitter_card":"summary_large_image","twitter_misc":{"Ber\u00e4knad l\u00e4stid":"9 minuter"},"schema":{"@context":"https:\/\/schema.org","@graph":[{"@type":"WebPage","@id":"https:\/\/balticoverlanders.eu\/sv\/integritetspolicy\/","url":"https:\/\/balticoverlanders.eu\/sv\/integritetspolicy\/","name":"Integritetspolicy - BALTIC OVERLANDERS","isPartOf":{"@id":"https:\/\/balticoverlanders.eu\/sv\/#website"},"datePublished":"2023-03-09T07:33:19+00:00","dateModified":"2024-01-31T21:22:14+00:00","breadcrumb":{"@id":"https:\/\/balticoverlanders.eu\/sv\/integritetspolicy\/#breadcrumb"},"inLanguage":"sv-SE","potentialAction":[{"@type":"ReadAction","target":["https:\/\/balticoverlanders.eu\/sv\/integritetspolicy\/"]}]},{"@type":"BreadcrumbList","@id":"https:\/\/balticoverlanders.eu\/sv\/integritetspolicy\/#breadcrumb","itemListElement":[{"@type":"ListItem","position":1,"name":"Home","item":"https:\/\/balticoverlanders.eu\/sv\/?page_id=30156"},{"@type":"ListItem","position":2,"name":"Integritetspolicy"}]},{"@type":"WebSite","@id":"https:\/\/balticoverlanders.eu\/sv\/#website","url":"https:\/\/balticoverlanders.eu\/sv\/","name":"BALTIC OVERLANDERS","description":"Your one-stop shop in Latvia, Estonia, and Lithuania for all your car camping, rooftop tent and accessory needs.","potentialAction":[{"@type":"SearchAction","target":{"@type":"EntryPoint","urlTemplate":"https:\/\/balticoverlanders.eu\/sv\/?s={search_term_string}"},"query-input":{"@type":"PropertyValueSpecification","valueRequired":true,"valueName":"search_term_string"}}],"inLanguage":"sv-SE"}]}},"_links":{"self":[{"href":"https:\/\/balticoverlanders.eu\/sv\/wp-json\/wp\/v2\/pages\/30849","targetHints":{"allow":["GET"]}}],"collection":[{"href":"https:\/\/balticoverlanders.eu\/sv\/wp-json\/wp\/v2\/pages"}],"about":[{"href":"https:\/\/balticoverlanders.eu\/sv\/wp-json\/wp\/v2\/types\/page"}],"author":[{"embeddable":true,"href":"https:\/\/balticoverlanders.eu\/sv\/wp-json\/wp\/v2\/users\/1"}],"replies":[{"embeddable":true,"href":"https:\/\/balticoverlanders.eu\/sv\/wp-json\/wp\/v2\/comments?post=30849"}],"version-history":[{"count":2,"href":"https:\/\/balticoverlanders.eu\/sv\/wp-json\/wp\/v2\/pages\/30849\/revisions"}],"predecessor-version":[{"id":30851,"href":"https:\/\/balticoverlanders.eu\/sv\/wp-json\/wp\/v2\/pages\/30849\/revisions\/30851"}],"wp:attachment":[{"href":"https:\/\/balticoverlanders.eu\/sv\/wp-json\/wp\/v2\/media?parent=30849"}],"curies":[{"name":"wp","href":"https:\/\/api.w.org\/{rel}","templated":true}]}}