{"id":30871,"date":"2020-09-01T23:09:46","date_gmt":"2020-09-01T20:09:46","guid":{"rendered":"https:\/\/balticoverlanders.eu\/om-oss\/"},"modified":"2024-01-31T23:22:18","modified_gmt":"2024-01-31T21:22:18","slug":"om-oss","status":"publish","type":"page","link":"https:\/\/balticoverlanders.eu\/sv\/om-oss\/","title":{"rendered":"Om oss"},"content":{"rendered":"\t\t<div data-elementor-type=\"wp-page\" data-elementor-id=\"30871\" class=\"elementor elementor-30871 elementor-5729\">\n\t\t\t\t\t\t\r\n\t\t<section\t\t class=\" elementor-section elementor-top-section elementor-element elementor-element-3e3e903 elementor-section-content-middle pb-10 elementor-section-boxed elementor-section-height-default elementor-section-height-default\" data-id=\"3e3e903\" data-element_type=\"section\" data-e-type=\"section\">\r\n\t\t\r\n\t\t\t\t\t\t\t\t\t\t<div class=\"elementor-container elementor-column-gap-default\" >\r\n\r\n\t\t\t\t\r\n\t\t\t\t\t\t\t\t\t\t\t\t\t\t<div\t\t class=\" elementor-column elementor-col-50 elementor-top-column elementor-element elementor-element-9aec7ed\" data-id=\"9aec7ed\" data-element_type=\"column\" data-e-type=\"column\">\r\n\t\t\t\r\n\t\t\t\r\n\t\t\t\r\n\t\t\t<div class=\"elementor-widget-wrap elementor-element-populated\">\r\n\t\t\t\t\t\t\t\t<div class=\" elementor-element elementor-element-ea6e9ad elementor-widget elementor-widget-heading\" data-id=\"ea6e9ad\" data-element_type=\"widget\" data-e-type=\"widget\" data-widget_type=\"heading.default\">\n\t\t\t\t<div class=\"elementor-widget-container\">\n\t\t\t\t\t<h2 class=\"elementor-heading-title elementor-size-default\">V\u00e5r passion f\u00f6r \u00e4ventyr: Ber\u00e4ttelsen om de baltiska \u00f6verlandarna<\/h2>\t\t\t\t<\/div>\n\t\t\t\t<\/div>\n\t\t\t\t<div class=\" elementor-element elementor-element-32bf897 elementor-widget elementor-widget-spacer\" data-id=\"32bf897\" data-element_type=\"widget\" data-e-type=\"widget\" data-widget_type=\"spacer.default\">\n\t\t\t\t<div class=\"elementor-widget-container\">\n\t\t\t\t\t\t\t<div class=\"elementor-spacer\">\n\t\t\t<div class=\"elementor-spacer-inner\"><\/div>\n\t\t<\/div>\n\t\t\t\t\t\t<\/div>\n\t\t\t\t<\/div>\n\t\t\t\t<div class=\" elementor-element elementor-element-2c74abb elementor-widget elementor-widget-text-editor\" data-id=\"2c74abb\" data-element_type=\"widget\" data-e-type=\"widget\" data-widget_type=\"text-editor.default\">\n\t\t\t\t<div class=\"elementor-widget-container\">\n\t\t\t\t\t\t\t\t\t<div class=\" elementor-element elementor-element-b4fd07e elementor-widget elementor-widget-heading\" data-id=\"b4fd07e\" data-element_type=\"widget\" data-widget_type=\"heading.default\">\n<div class=\"elementor-widget-container\">\n<p class=\"elementor-heading-title elementor-size-default\">V\u00e4lkommen till <span style=\"text-decoration: underline;\"><br \/>\n  <a href=\"https:\/\/balticoverlanders.eu\/sv\/\">Baltic Overlanders<\/a><br \/>\n<\/span>d\u00e4r v\u00e5r passion f\u00f6r friluftsliv och \u00e4ventyr \u00e4r drivkraften bakom allt vi g\u00f6r. V\u00e5rt team best\u00e5r av passionerade rese- och friluftsentusiaster som har utforskat v\u00e4rlden till fots, med bil, motorcykel och cykel. Vi anser att det b\u00e4sta s\u00e4ttet att uppleva naturens sk\u00f6nhet \u00e4r att f\u00f6rdjupa sig i den, och vi \u00e4r fast beslutna att hj\u00e4lpa andra att g\u00f6ra detsamma.<\/p>\n<\/div>\n<\/div>\n\t\t\t\t\t\t\t\t<\/div>\n\t\t\t\t<\/div>\n\t\t\t\t<div class=\" elementor-element elementor-element-ff157ec elementor-widget elementor-widget-spacer\" data-id=\"ff157ec\" data-element_type=\"widget\" data-e-type=\"widget\" data-widget_type=\"spacer.default\">\n\t\t\t\t<div class=\"elementor-widget-container\">\n\t\t\t\t\t\t\t<div class=\"elementor-spacer\">\n\t\t\t<div class=\"elementor-spacer-inner\"><\/div>\n\t\t<\/div>\n\t\t\t\t\t\t<\/div>\n\t\t\t\t<\/div>\n\t\t\t\t<div class=\" elementor-element elementor-element-f5eb7bf elementor-widget elementor-widget-text-editor\" data-id=\"f5eb7bf\" data-element_type=\"widget\" data-e-type=\"widget\" data-widget_type=\"text-editor.default\">\n\t\t\t\t<div class=\"elementor-widget-container\">\n\t\t\t\t\t\t\t\t\t<div class=\" elementor-element elementor-element-9fc516b elementor-widget elementor-widget-heading\" data-id=\"9fc516b\" data-element_type=\"widget\" data-widget_type=\"heading.default\">\n<div class=\"elementor-widget-container\">\n<p class=\"elementor-heading-title elementor-size-default\">V\u00e5r resa b\u00f6rjade med en gemensam k\u00e4rlek till \u00f6verlandning och att utforska de vackra landskapen i \u00d6stersj\u00f6regionen. N\u00e4r vi reste runt i regionen uppt\u00e4ckte vi att r\u00e4tt utrustning kunde g\u00f6ra stor skillnad f\u00f6r v\u00e5ra friluftsupplevelser. Vi testade olika camping- och \u00f6verlandningsuppl\u00e4gg, men n\u00e4r vi uppt\u00e4ckte takt\u00e4lt ins\u00e5g vi att det h\u00e4r var det l\u00e4ttaste, enklaste och roligaste s\u00e4ttet att resa.<\/p>\n<\/div>\n<\/div>\n\t\t\t\t\t\t\t\t<\/div>\n\t\t\t\t<\/div>\n\t\t\t\t<div class=\" elementor-element elementor-element-7c3f1d4 elementor-widget elementor-widget-spacer\" data-id=\"7c3f1d4\" data-element_type=\"widget\" data-e-type=\"widget\" data-widget_type=\"spacer.default\">\n\t\t\t\t<div class=\"elementor-widget-container\">\n\t\t\t\t\t\t\t<div class=\"elementor-spacer\">\n\t\t\t<div class=\"elementor-spacer-inner\"><\/div>\n\t\t<\/div>\n\t\t\t\t\t\t<\/div>\n\t\t\t\t<\/div>\n\t\t\t\t<div class=\" elementor-element elementor-element-906173d elementor-widget elementor-widget-text-editor\" data-id=\"906173d\" data-element_type=\"widget\" data-e-type=\"widget\" data-widget_type=\"text-editor.default\">\n\t\t\t\t<div class=\"elementor-widget-container\">\n\t\t\t\t\t\t\t\t\t<div class=\" elementor-element elementor-element-9fc516b elementor-widget elementor-widget-heading\" data-id=\"9fc516b\" data-element_type=\"widget\" data-widget_type=\"heading.default\">\n<div class=\"elementor-widget-container\">V\u00e5r f\u00f6rsta erfarenhet av ett takt\u00e4lt var p\u00e5 v\u00e5r resa till Afrika, d\u00e4r vi reste med v\u00e5r 4&#215;4-husbil. Vi ins\u00e5g snabbt att takt\u00e4ltet var det perfekta komplementet till v\u00e5r installation och gav oss en bekv\u00e4m och s\u00e4ker plats att sova p\u00e5, samtidigt som det gav oss frihet att utforska avl\u00e4gsna omr\u00e5den och vilda campingplatser som vi annars skulle ha missat.<\/div>\n<\/div>\n<div class=\" elementor-element elementor-element-aa84853 elementor-widget elementor-widget-heading\" data-id=\"aa84853\" data-element_type=\"widget\" data-widget_type=\"heading.default\">\n<div class=\"elementor-widget-container\">Efter den resan var vi fast f\u00f6r takcamping och \u00e4gnade m\u00e5nader \u00e5t att unders\u00f6ka och testa den b\u00e4sta utrustningen som fanns tillg\u00e4nglig. Vi ville hitta takt\u00e4lt av h\u00f6gsta kvalitet som skulle ge komfort, h\u00e5llbarhet och enkel installation. Det var d\u00e5 vi uppt\u00e4ckte varum\u00e4rket James Baroud, som snabbt blev v\u00e5rt f\u00f6rstahandsval f\u00f6r takt\u00e4lt.<\/div>\n<\/div>\n\t\t\t\t\t\t\t\t<\/div>\n\t\t\t\t<\/div>\n\t\t\t\t<div class=\" elementor-element elementor-element-0c4b1b4 elementor-widget elementor-widget-spacer\" data-id=\"0c4b1b4\" data-element_type=\"widget\" data-e-type=\"widget\" data-widget_type=\"spacer.default\">\n\t\t\t\t<div class=\"elementor-widget-container\">\n\t\t\t\t\t\t\t<div class=\"elementor-spacer\">\n\t\t\t<div class=\"elementor-spacer-inner\"><\/div>\n\t\t<\/div>\n\t\t\t\t\t\t<\/div>\n\t\t\t\t<\/div>\n\t\t\t\t<div class=\" elementor-element elementor-element-f7610b9 elementor-widget elementor-widget-text-editor\" data-id=\"f7610b9\" data-element_type=\"widget\" data-e-type=\"widget\" data-widget_type=\"text-editor.default\">\n\t\t\t\t<div class=\"elementor-widget-container\">\n\t\t\t\t\t\t\t\t\t<div class=\" elementor-element elementor-element-f606a0c elementor-widget elementor-widget-heading\" data-id=\"f606a0c\" data-element_type=\"widget\" data-widget_type=\"heading.default\">\n<div class=\"elementor-widget-container\">Vi testade <a href=\"https:\/\/www.jamesbaroud.com\/en\/\">James Barouds<\/a> t\u00e4lttak under flera m\u00e5naders resor i Europa och tillbringade otaliga n\u00e4tter uteslutande i dessa mycket bekv\u00e4ma t\u00e4lt. Vi tyckte att de var enkla att s\u00e4tta upp, rymliga och extremt h\u00e5llbara. Vi kan garantera att du inte kommer att bli besviken om du v\u00e4ljer James Baroud, eftersom vi har testat dem och kan intyga deras kvalitet och prestanda.<\/div>\n<\/div>\n<div class=\" elementor-element elementor-element-d6f1f52 elementor-widget elementor-widget-heading\" data-id=\"d6f1f52\" data-element_type=\"widget\" data-widget_type=\"heading.default\">\n<div class=\"elementor-widget-container\">Inspirerade av v\u00e5r k\u00e4rlek till \u00f6verlandning och camping grundade vi Baltic Overlanders, en one-stop-shop f\u00f6r biltakst\u00e4lt och tillbeh\u00f6r som \u00e4r utformade f\u00f6r att lyfta dina utomhus\u00e4ventyr. V\u00e5rt urval av biltakst\u00e4lt, markiser, s\u00e4ngkl\u00e4der och f\u00f6rvaringsl\u00f6sningar \u00e4r utformade f\u00f6r att vara h\u00e5llbara, bekv\u00e4ma och enkla att installera, vilket g\u00f6r dem till det perfekta komplementet till din camping- eller \u00f6verlandningsupps\u00e4ttning.<\/div>\n<\/div>\n\t\t\t\t\t\t\t\t<\/div>\n\t\t\t\t<\/div>\n\t\t\t\t<div class=\" elementor-element elementor-element-f54f9e8 elementor-widget elementor-widget-spacer\" data-id=\"f54f9e8\" data-element_type=\"widget\" data-e-type=\"widget\" data-widget_type=\"spacer.default\">\n\t\t\t\t<div class=\"elementor-widget-container\">\n\t\t\t\t\t\t\t<div class=\"elementor-spacer\">\n\t\t\t<div class=\"elementor-spacer-inner\"><\/div>\n\t\t<\/div>\n\t\t\t\t\t\t<\/div>\n\t\t\t\t<\/div>\n\t\t\t\t<div class=\" elementor-element elementor-element-3264b06 elementor-widget elementor-widget-text-editor\" data-id=\"3264b06\" data-element_type=\"widget\" data-e-type=\"widget\" data-widget_type=\"text-editor.default\">\n\t\t\t\t<div class=\"elementor-widget-container\">\n\t\t\t\t\t\t\t\t\t<div class=\" elementor-element elementor-element-3242fbd elementor-widget elementor-widget-heading\" data-id=\"3242fbd\" data-element_type=\"widget\" data-widget_type=\"heading.default\">\n<div class=\"elementor-widget-container\">P\u00e5 Baltic Overlanders anser vi att utomhus\u00e4ventyr ska vara tillg\u00e4ngliga f\u00f6r alla, och d\u00e4rf\u00f6r erbjuder vi ett brett utbud av t\u00e4lt i olika storlekar som passar alla budgetar och gruppstorlekar. Oavsett om du ger dig ut p\u00e5 ett solo\u00e4ventyr eller en familjeresa har vi allt du beh\u00f6ver. V\u00e5rt team av passionerade resen\u00e4rer och friluftsentusiaster \u00e4r fast beslutna att ge v\u00e5ra kunder exceptionell service, och vi delar alltid g\u00e4rna med oss av v\u00e5r expertis och v\u00e5ra r\u00e5d om allt som har med frilufts\u00e4ventyr att g\u00f6ra.<\/div>\n<\/div>\n\t\t\t\t\t\t\t\t<\/div>\n\t\t\t\t<\/div>\n\t\t\t\t<div class=\" elementor-element elementor-element-f14bb00 elementor-widget elementor-widget-spacer\" data-id=\"f14bb00\" data-element_type=\"widget\" data-e-type=\"widget\" data-widget_type=\"spacer.default\">\n\t\t\t\t<div class=\"elementor-widget-container\">\n\t\t\t\t\t\t\t<div class=\"elementor-spacer\">\n\t\t\t<div class=\"elementor-spacer-inner\"><\/div>\n\t\t<\/div>\n\t\t\t\t\t\t<\/div>\n\t\t\t\t<\/div>\n\t\t\t\t<div class=\" elementor-element elementor-element-8c99e7e elementor-widget elementor-widget-text-editor\" data-id=\"8c99e7e\" data-element_type=\"widget\" data-e-type=\"widget\" data-widget_type=\"text-editor.default\">\n\t\t\t\t<div class=\"elementor-widget-container\">\n\t\t\t\t\t\t\t\t\t<p>Tack f\u00f6r att du v\u00e4ljer Baltic Overlanders som din p\u00e5litliga partner f\u00f6r utomhus\u00e4ventyr. Vi ser fram emot att hj\u00e4lpa dig att planera din n\u00e4sta resa och utrusta dig med den utrustning du beh\u00f6ver f\u00f6r att g\u00f6ra den till en of\u00f6rgl\u00f6mlig upplevelse. Handla hos oss idag och g\u00f6r dig redo att lyfta din n\u00e4sta resa med v\u00e5r f\u00f6rstklassiga utrustning och v\u00e5ra tillbeh\u00f6r.<\/p>\n\t\t\t\t\t\t\t\t<\/div>\n\t\t\t\t<\/div>\n\t\t\r\n\t\t\r\n\t\t\t\t\t\t\t<\/div>\r\n\t\t\t\r\n\t\t<\/div>\r\n\t\t\t\t<div\t\t class=\" elementor-column elementor-col-50 elementor-top-column elementor-element elementor-element-6baffc0\" data-id=\"6baffc0\" data-element_type=\"column\" data-e-type=\"column\">\r\n\t\t\t\r\n\t\t\t\r\n\t\t\t\r\n\t\t\t<div class=\"elementor-widget-wrap elementor-element-populated\">\r\n\t\t\t\t\t\t\t\t\r\n\t\t<section\t\t class=\" elementor-section elementor-inner-section elementor-element elementor-element-d8ca5f3 elementor-section-full_width elementor-section-height-default elementor-section-height-default\" data-id=\"d8ca5f3\" data-element_type=\"section\" data-e-type=\"section\">\r\n\t\t\r\n\t\t\t\t\t\t\t\t\t\t<div class=\"elementor-container elementor-column-gap-default\" >\r\n\r\n\t\t\t\t\r\n\t\t\t\t\t\t\t\t\t\t\t\t\t\t<div\t\t class=\" elementor-column elementor-col-50 elementor-inner-column elementor-element elementor-element-c7a3877\" data-id=\"c7a3877\" data-element_type=\"column\" data-e-type=\"column\">\r\n\t\t\t\r\n\t\t\t\r\n\t\t\t\r\n\t\t\t<div class=\"elementor-widget-wrap elementor-element-populated\">\r\n\t\t\t\t\t\t\t\t<div class=\" elementor-element elementor-element-d0d9b00 elementor-widget elementor-widget-image\" data-id=\"d0d9b00\" data-element_type=\"widget\" data-e-type=\"widget\" data-widget_type=\"image.default\">\n\t\t\t\t<div class=\"elementor-widget-container\">\n\t\t\t\t\t\t\t\t\t\t\t\t\t\t\t<img fetchpriority=\"high\" decoding=\"async\" width=\"300\" height=\"300\" src=\"https:\/\/balticoverlanders.eu\/wp-content\/uploads\/2023\/03\/OVERLANDREADYROOFTOPTENTSJAMESBAROUD.jpg\" class=\"attachment-large size-large wp-image-6456\" alt=\"\" srcset=\"https:\/\/balticoverlanders.eu\/wp-content\/uploads\/2023\/03\/OVERLANDREADYROOFTOPTENTSJAMESBAROUD.jpg 300w, https:\/\/balticoverlanders.eu\/wp-content\/uploads\/2023\/03\/OVERLANDREADYROOFTOPTENTSJAMESBAROUD-150x150.jpg 150w\" sizes=\"(max-width: 300px) 100vw, 300px\" \/>\t\t\t\t\t\t\t\t\t\t\t\t\t\t\t<\/div>\n\t\t\t\t<\/div>\n\t\t\r\n\t\t\r\n\t\t\t\t\t\t\t<\/div>\r\n\t\t\t\r\n\t\t<\/div>\r\n\t\t\t\t<div\t\t class=\" elementor-column elementor-col-50 elementor-inner-column elementor-element elementor-element-9098878\" data-id=\"9098878\" data-element_type=\"column\" data-e-type=\"column\">\r\n\t\t\t\r\n\t\t\t\r\n\t\t\t\r\n\t\t\t<div class=\"elementor-widget-wrap elementor-element-populated\">\r\n\t\t\t\t\t\t\t\t<div class=\" elementor-element elementor-element-53d14e0 elementor-widget elementor-widget-image\" data-id=\"53d14e0\" data-element_type=\"widget\" data-e-type=\"widget\" data-widget_type=\"image.default\">\n\t\t\t\t<div class=\"elementor-widget-container\">\n\t\t\t\t\t\t\t\t\t\t\t\t\t\t\t<img decoding=\"async\" width=\"300\" height=\"300\" src=\"https:\/\/balticoverlanders.eu\/wp-content\/uploads\/2023\/03\/OVERLANDREADY-ROOF-TOP-TENTS-JAMES-BAROUD-_1__1.jpg\" class=\"attachment-large size-large wp-image-6459\" alt=\"\" srcset=\"https:\/\/balticoverlanders.eu\/wp-content\/uploads\/2023\/03\/OVERLANDREADY-ROOF-TOP-TENTS-JAMES-BAROUD-_1__1.jpg 300w, https:\/\/balticoverlanders.eu\/wp-content\/uploads\/2023\/03\/OVERLANDREADY-ROOF-TOP-TENTS-JAMES-BAROUD-_1__1-150x150.jpg 150w\" sizes=\"(max-width: 300px) 100vw, 300px\" \/>\t\t\t\t\t\t\t\t\t\t\t\t\t\t\t<\/div>\n\t\t\t\t<\/div>\n\t\t\r\n\t\t\r\n\t\t\t\t\t\t\t<\/div>\r\n\t\t\t\r\n\t\t<\/div>\r\n\t\t\t\t\t\t\t\t\t\t\t\t\t\t\t\t\t<\/div>\r\n\t\t\t\t\t\t<\/section>\r\n\t\t\t\t\r\n\t\t<section\t\t class=\" elementor-section elementor-inner-section elementor-element elementor-element-d2ec080 elementor-section-full_width elementor-section-height-default elementor-section-height-default\" data-id=\"d2ec080\" data-element_type=\"section\" data-e-type=\"section\">\r\n\t\t\r\n\t\t\t\t\t\t\t\t\t\t<div class=\"elementor-container elementor-column-gap-default\" >\r\n\r\n\t\t\t\t\r\n\t\t\t\t\t\t\t\t\t\t\t\t\t\t<div\t\t class=\" elementor-column elementor-col-50 elementor-inner-column elementor-element elementor-element-37abbad\" data-id=\"37abbad\" data-element_type=\"column\" data-e-type=\"column\">\r\n\t\t\t\r\n\t\t\t\r\n\t\t\t\r\n\t\t\t<div class=\"elementor-widget-wrap elementor-element-populated\">\r\n\t\t\t\t\t\t\t\t<div class=\" elementor-element elementor-element-cb596e4 elementor-widget elementor-widget-image\" data-id=\"cb596e4\" data-element_type=\"widget\" data-e-type=\"widget\" data-widget_type=\"image.default\">\n\t\t\t\t<div class=\"elementor-widget-container\">\n\t\t\t\t\t\t\t\t\t\t\t\t\t\t\t<img decoding=\"async\" width=\"300\" height=\"300\" src=\"https:\/\/balticoverlanders.eu\/wp-content\/uploads\/2023\/03\/OVERLANDREADY-ROOF-TOP-TENTS-JAMES-BAROUD-_2__1.jpg\" class=\"attachment-large size-large wp-image-6458\" alt=\"\" srcset=\"https:\/\/balticoverlanders.eu\/wp-content\/uploads\/2023\/03\/OVERLANDREADY-ROOF-TOP-TENTS-JAMES-BAROUD-_2__1.jpg 300w, https:\/\/balticoverlanders.eu\/wp-content\/uploads\/2023\/03\/OVERLANDREADY-ROOF-TOP-TENTS-JAMES-BAROUD-_2__1-150x150.jpg 150w\" sizes=\"(max-width: 300px) 100vw, 300px\" \/>\t\t\t\t\t\t\t\t\t\t\t\t\t\t\t<\/div>\n\t\t\t\t<\/div>\n\t\t\r\n\t\t\r\n\t\t\t\t\t\t\t<\/div>\r\n\t\t\t\r\n\t\t<\/div>\r\n\t\t\t\t<div\t\t class=\" elementor-column elementor-col-50 elementor-inner-column elementor-element elementor-element-e6d2920\" data-id=\"e6d2920\" data-element_type=\"column\" data-e-type=\"column\">\r\n\t\t\t\r\n\t\t\t\r\n\t\t\t\r\n\t\t\t<div class=\"elementor-widget-wrap elementor-element-populated\">\r\n\t\t\t\t\t\t\t\t<div class=\" elementor-element elementor-element-b27f41d elementor-widget elementor-widget-image\" data-id=\"b27f41d\" data-element_type=\"widget\" data-e-type=\"widget\" data-widget_type=\"image.default\">\n\t\t\t\t<div class=\"elementor-widget-container\">\n\t\t\t\t\t\t\t\t\t\t\t\t\t\t\t<img loading=\"lazy\" decoding=\"async\" width=\"300\" height=\"300\" src=\"https:\/\/balticoverlanders.eu\/wp-content\/uploads\/2023\/03\/OVERLANDREADYROOFTOPTENTSJAMESBAROUD-3.jpg\" class=\"attachment-large size-large wp-image-6457\" alt=\"\" srcset=\"https:\/\/balticoverlanders.eu\/wp-content\/uploads\/2023\/03\/OVERLANDREADYROOFTOPTENTSJAMESBAROUD-3.jpg 300w, https:\/\/balticoverlanders.eu\/wp-content\/uploads\/2023\/03\/OVERLANDREADYROOFTOPTENTSJAMESBAROUD-3-150x150.jpg 150w\" sizes=\"(max-width: 300px) 100vw, 300px\" \/>\t\t\t\t\t\t\t\t\t\t\t\t\t\t\t<\/div>\n\t\t\t\t<\/div>\n\t\t\r\n\t\t\r\n\t\t\t\t\t\t\t<\/div>\r\n\t\t\t\r\n\t\t<\/div>\r\n\t\t\t\t\t\t\t\t\t\t\t\t\t\t\t\t\t<\/div>\r\n\t\t\t\t\t\t<\/section>\r\n\t\t\r\n\t\t\r\n\t\t\t\t\t\t\t<\/div>\r\n\t\t\t\r\n\t\t<\/div>\r\n\t\t\t\t\t\t\t\t\t\t\t\t\t\t\t\t\t<\/div>\r\n\t\t\t\t\t\t<\/section>\r\n\t\t\t\t<\/div>\n\t\t","protected":false},"excerpt":{"rendered":"<p>V\u00e5r passion f\u00f6r \u00e4ventyr: Ber\u00e4ttelsen om de baltiska \u00f6verlandarna V\u00e4lkommen till Baltic Overlanders d\u00e4r v\u00e5r passion f\u00f6r friluftsliv och \u00e4ventyr \u00e4r drivkraften bakom allt vi g\u00f6r. V\u00e5rt team best\u00e5r av passionerade rese- och friluftsentusiaster som har utforskat v\u00e4rlden till fots, med bil, motorcykel och cykel. Vi anser att det b\u00e4sta s\u00e4ttet att uppleva naturens sk\u00f6nhet [&hellip;]<\/p>\n","protected":false},"author":1,"featured_media":0,"parent":0,"menu_order":0,"comment_status":"closed","ping_status":"closed","template":"","meta":{"footnotes":""},"class_list":["post-30871","page","type-page","status-publish","hentry"],"yoast_head":"<!-- This site is optimized with the Yoast SEO plugin v27.3 - https:\/\/yoast.com\/product\/yoast-seo-wordpress\/ -->\n<title>Om oss - BALTIC OVERLANDERS<\/title>\n<meta name=\"robots\" content=\"index, follow, max-snippet:-1, max-image-preview:large, max-video-preview:-1\" \/>\n<link rel=\"canonical\" href=\"https:\/\/balticoverlanders.eu\/sv\/om-oss\/\" \/>\n<meta property=\"og:locale\" content=\"sv_SE\" \/>\n<meta property=\"og:type\" content=\"article\" \/>\n<meta property=\"og:title\" content=\"Om oss - BALTIC OVERLANDERS\" \/>\n<meta property=\"og:description\" content=\"V\u00e5r passion f\u00f6r \u00e4ventyr: Ber\u00e4ttelsen om de baltiska \u00f6verlandarna V\u00e4lkommen till Baltic Overlanders d\u00e4r v\u00e5r passion f\u00f6r friluftsliv och \u00e4ventyr \u00e4r drivkraften bakom allt vi g\u00f6r. V\u00e5rt team best\u00e5r av passionerade rese- och friluftsentusiaster som har utforskat v\u00e4rlden till fots, med bil, motorcykel och cykel. Vi anser att det b\u00e4sta s\u00e4ttet att uppleva naturens sk\u00f6nhet [&hellip;]\" \/>\n<meta property=\"og:url\" content=\"https:\/\/balticoverlanders.eu\/sv\/om-oss\/\" \/>\n<meta property=\"og:site_name\" content=\"BALTIC OVERLANDERS\" \/>\n<meta property=\"article:modified_time\" content=\"2024-01-31T21:22:18+00:00\" \/>\n<meta property=\"og:image\" content=\"https:\/\/balticoverlanders.eu\/wp-content\/uploads\/2023\/03\/OVERLANDREADYROOFTOPTENTSJAMESBAROUD.jpg\" \/>\n<meta name=\"twitter:card\" content=\"summary_large_image\" \/>\n<meta name=\"twitter:label1\" content=\"Ber\u00e4knad l\u00e4stid\" \/>\n\t<meta name=\"twitter:data1\" content=\"3 minuter\" \/>\n<script type=\"application\/ld+json\" class=\"yoast-schema-graph\">{\"@context\":\"https:\\\/\\\/schema.org\",\"@graph\":[{\"@type\":\"WebPage\",\"@id\":\"https:\\\/\\\/balticoverlanders.eu\\\/sv\\\/om-oss\\\/\",\"url\":\"https:\\\/\\\/balticoverlanders.eu\\\/sv\\\/om-oss\\\/\",\"name\":\"Om oss - BALTIC OVERLANDERS\",\"isPartOf\":{\"@id\":\"https:\\\/\\\/balticoverlanders.eu\\\/sv\\\/#website\"},\"primaryImageOfPage\":{\"@id\":\"https:\\\/\\\/balticoverlanders.eu\\\/sv\\\/om-oss\\\/#primaryimage\"},\"image\":{\"@id\":\"https:\\\/\\\/balticoverlanders.eu\\\/sv\\\/om-oss\\\/#primaryimage\"},\"thumbnailUrl\":\"https:\\\/\\\/balticoverlanders.eu\\\/wp-content\\\/uploads\\\/2023\\\/03\\\/OVERLANDREADYROOFTOPTENTSJAMESBAROUD.jpg\",\"datePublished\":\"2020-09-01T20:09:46+00:00\",\"dateModified\":\"2024-01-31T21:22:18+00:00\",\"breadcrumb\":{\"@id\":\"https:\\\/\\\/balticoverlanders.eu\\\/sv\\\/om-oss\\\/#breadcrumb\"},\"inLanguage\":\"sv-SE\",\"potentialAction\":[{\"@type\":\"ReadAction\",\"target\":[\"https:\\\/\\\/balticoverlanders.eu\\\/sv\\\/om-oss\\\/\"]}]},{\"@type\":\"ImageObject\",\"inLanguage\":\"sv-SE\",\"@id\":\"https:\\\/\\\/balticoverlanders.eu\\\/sv\\\/om-oss\\\/#primaryimage\",\"url\":\"https:\\\/\\\/balticoverlanders.eu\\\/wp-content\\\/uploads\\\/2023\\\/03\\\/OVERLANDREADYROOFTOPTENTSJAMESBAROUD.jpg\",\"contentUrl\":\"https:\\\/\\\/balticoverlanders.eu\\\/wp-content\\\/uploads\\\/2023\\\/03\\\/OVERLANDREADYROOFTOPTENTSJAMESBAROUD.jpg\"},{\"@type\":\"BreadcrumbList\",\"@id\":\"https:\\\/\\\/balticoverlanders.eu\\\/sv\\\/om-oss\\\/#breadcrumb\",\"itemListElement\":[{\"@type\":\"ListItem\",\"position\":1,\"name\":\"Home\",\"item\":\"https:\\\/\\\/balticoverlanders.eu\\\/sv\\\/?page_id=30156\"},{\"@type\":\"ListItem\",\"position\":2,\"name\":\"Om oss\"}]},{\"@type\":\"WebSite\",\"@id\":\"https:\\\/\\\/balticoverlanders.eu\\\/sv\\\/#website\",\"url\":\"https:\\\/\\\/balticoverlanders.eu\\\/sv\\\/\",\"name\":\"BALTIC OVERLANDERS\",\"description\":\"Your one-stop shop in Latvia, Estonia, and Lithuania for all your car camping, rooftop tent and accessory needs.\",\"potentialAction\":[{\"@type\":\"SearchAction\",\"target\":{\"@type\":\"EntryPoint\",\"urlTemplate\":\"https:\\\/\\\/balticoverlanders.eu\\\/sv\\\/?s={search_term_string}\"},\"query-input\":{\"@type\":\"PropertyValueSpecification\",\"valueRequired\":true,\"valueName\":\"search_term_string\"}}],\"inLanguage\":\"sv-SE\"}]}<\/script>\n<!-- \/ Yoast SEO plugin. -->","yoast_head_json":{"title":"Om oss - BALTIC OVERLANDERS","robots":{"index":"index","follow":"follow","max-snippet":"max-snippet:-1","max-image-preview":"max-image-preview:large","max-video-preview":"max-video-preview:-1"},"canonical":"https:\/\/balticoverlanders.eu\/sv\/om-oss\/","og_locale":"sv_SE","og_type":"article","og_title":"Om oss - BALTIC OVERLANDERS","og_description":"V\u00e5r passion f\u00f6r \u00e4ventyr: Ber\u00e4ttelsen om de baltiska \u00f6verlandarna V\u00e4lkommen till Baltic Overlanders d\u00e4r v\u00e5r passion f\u00f6r friluftsliv och \u00e4ventyr \u00e4r drivkraften bakom allt vi g\u00f6r. V\u00e5rt team best\u00e5r av passionerade rese- och friluftsentusiaster som har utforskat v\u00e4rlden till fots, med bil, motorcykel och cykel. Vi anser att det b\u00e4sta s\u00e4ttet att uppleva naturens sk\u00f6nhet [&hellip;]","og_url":"https:\/\/balticoverlanders.eu\/sv\/om-oss\/","og_site_name":"BALTIC OVERLANDERS","article_modified_time":"2024-01-31T21:22:18+00:00","og_image":[{"url":"https:\/\/balticoverlanders.eu\/wp-content\/uploads\/2023\/03\/OVERLANDREADYROOFTOPTENTSJAMESBAROUD.jpg","type":"","width":"","height":""}],"twitter_card":"summary_large_image","twitter_misc":{"Ber\u00e4knad l\u00e4stid":"3 minuter"},"schema":{"@context":"https:\/\/schema.org","@graph":[{"@type":"WebPage","@id":"https:\/\/balticoverlanders.eu\/sv\/om-oss\/","url":"https:\/\/balticoverlanders.eu\/sv\/om-oss\/","name":"Om oss - BALTIC OVERLANDERS","isPartOf":{"@id":"https:\/\/balticoverlanders.eu\/sv\/#website"},"primaryImageOfPage":{"@id":"https:\/\/balticoverlanders.eu\/sv\/om-oss\/#primaryimage"},"image":{"@id":"https:\/\/balticoverlanders.eu\/sv\/om-oss\/#primaryimage"},"thumbnailUrl":"https:\/\/balticoverlanders.eu\/wp-content\/uploads\/2023\/03\/OVERLANDREADYROOFTOPTENTSJAMESBAROUD.jpg","datePublished":"2020-09-01T20:09:46+00:00","dateModified":"2024-01-31T21:22:18+00:00","breadcrumb":{"@id":"https:\/\/balticoverlanders.eu\/sv\/om-oss\/#breadcrumb"},"inLanguage":"sv-SE","potentialAction":[{"@type":"ReadAction","target":["https:\/\/balticoverlanders.eu\/sv\/om-oss\/"]}]},{"@type":"ImageObject","inLanguage":"sv-SE","@id":"https:\/\/balticoverlanders.eu\/sv\/om-oss\/#primaryimage","url":"https:\/\/balticoverlanders.eu\/wp-content\/uploads\/2023\/03\/OVERLANDREADYROOFTOPTENTSJAMESBAROUD.jpg","contentUrl":"https:\/\/balticoverlanders.eu\/wp-content\/uploads\/2023\/03\/OVERLANDREADYROOFTOPTENTSJAMESBAROUD.jpg"},{"@type":"BreadcrumbList","@id":"https:\/\/balticoverlanders.eu\/sv\/om-oss\/#breadcrumb","itemListElement":[{"@type":"ListItem","position":1,"name":"Home","item":"https:\/\/balticoverlanders.eu\/sv\/?page_id=30156"},{"@type":"ListItem","position":2,"name":"Om oss"}]},{"@type":"WebSite","@id":"https:\/\/balticoverlanders.eu\/sv\/#website","url":"https:\/\/balticoverlanders.eu\/sv\/","name":"BALTIC OVERLANDERS","description":"Your one-stop shop in Latvia, Estonia, and Lithuania for all your car camping, rooftop tent and accessory needs.","potentialAction":[{"@type":"SearchAction","target":{"@type":"EntryPoint","urlTemplate":"https:\/\/balticoverlanders.eu\/sv\/?s={search_term_string}"},"query-input":{"@type":"PropertyValueSpecification","valueRequired":true,"valueName":"search_term_string"}}],"inLanguage":"sv-SE"}]}},"_links":{"self":[{"href":"https:\/\/balticoverlanders.eu\/sv\/wp-json\/wp\/v2\/pages\/30871","targetHints":{"allow":["GET"]}}],"collection":[{"href":"https:\/\/balticoverlanders.eu\/sv\/wp-json\/wp\/v2\/pages"}],"about":[{"href":"https:\/\/balticoverlanders.eu\/sv\/wp-json\/wp\/v2\/types\/page"}],"author":[{"embeddable":true,"href":"https:\/\/balticoverlanders.eu\/sv\/wp-json\/wp\/v2\/users\/1"}],"replies":[{"embeddable":true,"href":"https:\/\/balticoverlanders.eu\/sv\/wp-json\/wp\/v2\/comments?post=30871"}],"version-history":[{"count":2,"href":"https:\/\/balticoverlanders.eu\/sv\/wp-json\/wp\/v2\/pages\/30871\/revisions"}],"predecessor-version":[{"id":30880,"href":"https:\/\/balticoverlanders.eu\/sv\/wp-json\/wp\/v2\/pages\/30871\/revisions\/30880"}],"wp:attachment":[{"href":"https:\/\/balticoverlanders.eu\/sv\/wp-json\/wp\/v2\/media?parent=30871"}],"curies":[{"name":"wp","href":"https:\/\/api.w.org\/{rel}","templated":true}]}}