{"id":29564,"date":"2023-04-13T10:44:30","date_gmt":"2023-04-13T07:44:30","guid":{"rendered":"https:\/\/balticoverlanders.eu\/product\/james-baroud-barbecue\/"},"modified":"2024-01-31T23:11:10","modified_gmt":"2024-01-31T21:11:10","slug":"james-baroud-barbecue","status":"publish","type":"product","link":"https:\/\/balticoverlanders.eu\/sv\/produkt\/james-baroud-barbecue\/","title":{"rendered":"James Baroud Barbecue"},"content":{"rendered":"<p>James Baroud 2mm grill i rostfritt st\u00e5l v\u00e4ger 7 kg och f\u00e5r plats i en 57x33x3 v\u00e4ska. Tar liten plats att f\u00f6rvara, t\u00e5lig och praktisk.<\/p>\n<ul>\n<li>Det inneb\u00e4r att den kan f\u00f6rvaras var som helst, bakom ett s\u00e4te, under en l\u00e5da.<\/li>\n<li>Den best\u00e5r av sex laserskurna 2 mm tjocka rostfria st\u00e5lplattor.<\/li>\n<li>Den v\u00e4nstra sidan f\u00f6r grillning och den h\u00f6gra sidan f\u00f6r tillagning \u00e0 la plancha.<\/li>\n<li>Den har m\u00e5nga ventilations\u00f6ppningar p\u00e5 sidorna och undersidan, vilket ger en h\u00f6gre luftcirkulation som g\u00f6r att elden t\u00e4nds snabbt.<\/li>\n<\/ul>\n","protected":false},"excerpt":{"rendered":"<p>James Baroud 2mm grill i rostfritt st\u00e5l v\u00e4ger 7 kg och f\u00e5r plats i en 57x33x3 v\u00e4ska. Tar liten plats att f\u00f6rvara, t\u00e5lig och praktisk. Det inneb\u00e4r att den kan f\u00f6rvaras var som helst, bakom ett s\u00e4te, under en l\u00e5da. Den best\u00e5r av sex laserskurna 2 mm tjocka rostfria st\u00e5lplattor. Den v\u00e4nstra sidan f\u00f6r grillning [&hellip;]<\/p>\n","protected":false},"featured_media":19089,"template":"","meta":[],"product_brand":[],"product_cat":[367,368],"product_tag":[],"class_list":{"0":"post-29564","1":"product","2":"type-product","3":"status-publish","4":"has-post-thumbnail","6":"product_cat-james-baroud-sv","7":"product_cat-tillbehor-for-taktalt","9":"first","10":"onbackorder","11":"taxable","12":"shipping-taxable","13":"purchasable","14":"product-type-simple"},"yoast_head":"<!-- This site is optimized with the Yoast SEO plugin v27.3 - https:\/\/yoast.com\/product\/yoast-seo-wordpress\/ -->\n<title>James Baroud Barbecue - BALTIC OVERLANDERS<\/title>\n<meta name=\"robots\" content=\"index, follow, max-snippet:-1, max-image-preview:large, max-video-preview:-1\" \/>\n<link rel=\"canonical\" href=\"https:\/\/balticoverlanders.eu\/sv\/produkt\/james-baroud-barbecue\/\" \/>\n<meta property=\"og:locale\" content=\"sv_SE\" \/>\n<meta property=\"og:type\" content=\"article\" \/>\n<meta property=\"og:title\" content=\"James Baroud Barbecue - BALTIC OVERLANDERS\" \/>\n<meta property=\"og:description\" content=\"James Baroud 2mm grill i rostfritt st\u00e5l v\u00e4ger 7 kg och f\u00e5r plats i en 57x33x3 v\u00e4ska. Tar liten plats att f\u00f6rvara, t\u00e5lig och praktisk. Det inneb\u00e4r att den kan f\u00f6rvaras var som helst, bakom ett s\u00e4te, under en l\u00e5da. Den best\u00e5r av sex laserskurna 2 mm tjocka rostfria st\u00e5lplattor. Den v\u00e4nstra sidan f\u00f6r grillning [&hellip;]\" \/>\n<meta property=\"og:url\" content=\"https:\/\/balticoverlanders.eu\/sv\/produkt\/james-baroud-barbecue\/\" \/>\n<meta property=\"og:site_name\" content=\"BALTIC OVERLANDERS\" \/>\n<meta property=\"article:modified_time\" content=\"2024-01-31T21:11:10+00:00\" \/>\n<meta property=\"og:image\" content=\"https:\/\/balticoverlanders.eu\/wp-content\/uploads\/2023\/04\/14_james_baroud_products_accessories_barbeque_8194265736070345fce9b3.png\" \/>\n\t<meta property=\"og:image:width\" content=\"685\" \/>\n\t<meta property=\"og:image:height\" content=\"562\" \/>\n\t<meta property=\"og:image:type\" content=\"image\/png\" \/>\n<meta name=\"twitter:card\" content=\"summary_large_image\" \/>\n<meta name=\"twitter:label1\" content=\"Ber\u00e4knad l\u00e4stid\" \/>\n\t<meta name=\"twitter:data1\" content=\"1 minut\" \/>\n<script type=\"application\/ld+json\" class=\"yoast-schema-graph\">{\"@context\":\"https:\\\/\\\/schema.org\",\"@graph\":[{\"@type\":\"WebPage\",\"@id\":\"https:\\\/\\\/balticoverlanders.eu\\\/sv\\\/produkt\\\/james-baroud-barbecue\\\/\",\"url\":\"https:\\\/\\\/balticoverlanders.eu\\\/sv\\\/produkt\\\/james-baroud-barbecue\\\/\",\"name\":\"James Baroud Barbecue - BALTIC OVERLANDERS\",\"isPartOf\":{\"@id\":\"https:\\\/\\\/balticoverlanders.eu\\\/sv\\\/#website\"},\"primaryImageOfPage\":{\"@id\":\"https:\\\/\\\/balticoverlanders.eu\\\/sv\\\/produkt\\\/james-baroud-barbecue\\\/#primaryimage\"},\"image\":{\"@id\":\"https:\\\/\\\/balticoverlanders.eu\\\/sv\\\/produkt\\\/james-baroud-barbecue\\\/#primaryimage\"},\"thumbnailUrl\":\"https:\\\/\\\/balticoverlanders.eu\\\/wp-content\\\/uploads\\\/2023\\\/04\\\/14_james_baroud_products_accessories_barbeque_8194265736070345fce9b3.png\",\"datePublished\":\"2023-04-13T07:44:30+00:00\",\"dateModified\":\"2024-01-31T21:11:10+00:00\",\"breadcrumb\":{\"@id\":\"https:\\\/\\\/balticoverlanders.eu\\\/sv\\\/produkt\\\/james-baroud-barbecue\\\/#breadcrumb\"},\"inLanguage\":\"sv-SE\",\"potentialAction\":[{\"@type\":\"ReadAction\",\"target\":[\"https:\\\/\\\/balticoverlanders.eu\\\/sv\\\/produkt\\\/james-baroud-barbecue\\\/\"]}]},{\"@type\":\"ImageObject\",\"inLanguage\":\"sv-SE\",\"@id\":\"https:\\\/\\\/balticoverlanders.eu\\\/sv\\\/produkt\\\/james-baroud-barbecue\\\/#primaryimage\",\"url\":\"https:\\\/\\\/balticoverlanders.eu\\\/wp-content\\\/uploads\\\/2023\\\/04\\\/14_james_baroud_products_accessories_barbeque_8194265736070345fce9b3.png\",\"contentUrl\":\"https:\\\/\\\/balticoverlanders.eu\\\/wp-content\\\/uploads\\\/2023\\\/04\\\/14_james_baroud_products_accessories_barbeque_8194265736070345fce9b3.png\",\"width\":685,\"height\":562},{\"@type\":\"BreadcrumbList\",\"@id\":\"https:\\\/\\\/balticoverlanders.eu\\\/sv\\\/produkt\\\/james-baroud-barbecue\\\/#breadcrumb\",\"itemListElement\":[{\"@type\":\"ListItem\",\"position\":1,\"name\":\"Home\",\"item\":\"https:\\\/\\\/balticoverlanders.eu\\\/sv\\\/?page_id=30156\"},{\"@type\":\"ListItem\",\"position\":2,\"name\":\"Butik\",\"item\":\"https:\\\/\\\/balticoverlanders.eu\\\/sv\\\/?page_id=30894\"},{\"@type\":\"ListItem\",\"position\":3,\"name\":\"James Baroud Barbecue\"}]},{\"@type\":\"WebSite\",\"@id\":\"https:\\\/\\\/balticoverlanders.eu\\\/sv\\\/#website\",\"url\":\"https:\\\/\\\/balticoverlanders.eu\\\/sv\\\/\",\"name\":\"BALTIC OVERLANDERS\",\"description\":\"Your one-stop shop in Latvia, Estonia, and Lithuania for all your car camping, rooftop tent and accessory needs.\",\"potentialAction\":[{\"@type\":\"SearchAction\",\"target\":{\"@type\":\"EntryPoint\",\"urlTemplate\":\"https:\\\/\\\/balticoverlanders.eu\\\/sv\\\/?s={search_term_string}\"},\"query-input\":{\"@type\":\"PropertyValueSpecification\",\"valueRequired\":true,\"valueName\":\"search_term_string\"}}],\"inLanguage\":\"sv-SE\"}]}<\/script>\n<!-- \/ Yoast SEO plugin. -->","yoast_head_json":{"title":"James Baroud Barbecue - BALTIC OVERLANDERS","robots":{"index":"index","follow":"follow","max-snippet":"max-snippet:-1","max-image-preview":"max-image-preview:large","max-video-preview":"max-video-preview:-1"},"canonical":"https:\/\/balticoverlanders.eu\/sv\/produkt\/james-baroud-barbecue\/","og_locale":"sv_SE","og_type":"article","og_title":"James Baroud Barbecue - BALTIC OVERLANDERS","og_description":"James Baroud 2mm grill i rostfritt st\u00e5l v\u00e4ger 7 kg och f\u00e5r plats i en 57x33x3 v\u00e4ska. Tar liten plats att f\u00f6rvara, t\u00e5lig och praktisk. Det inneb\u00e4r att den kan f\u00f6rvaras var som helst, bakom ett s\u00e4te, under en l\u00e5da. Den best\u00e5r av sex laserskurna 2 mm tjocka rostfria st\u00e5lplattor. Den v\u00e4nstra sidan f\u00f6r grillning [&hellip;]","og_url":"https:\/\/balticoverlanders.eu\/sv\/produkt\/james-baroud-barbecue\/","og_site_name":"BALTIC OVERLANDERS","article_modified_time":"2024-01-31T21:11:10+00:00","og_image":[{"width":685,"height":562,"url":"https:\/\/balticoverlanders.eu\/wp-content\/uploads\/2023\/04\/14_james_baroud_products_accessories_barbeque_8194265736070345fce9b3.png","type":"image\/png"}],"twitter_card":"summary_large_image","twitter_misc":{"Ber\u00e4knad l\u00e4stid":"1 minut"},"schema":{"@context":"https:\/\/schema.org","@graph":[{"@type":"WebPage","@id":"https:\/\/balticoverlanders.eu\/sv\/produkt\/james-baroud-barbecue\/","url":"https:\/\/balticoverlanders.eu\/sv\/produkt\/james-baroud-barbecue\/","name":"James Baroud Barbecue - BALTIC OVERLANDERS","isPartOf":{"@id":"https:\/\/balticoverlanders.eu\/sv\/#website"},"primaryImageOfPage":{"@id":"https:\/\/balticoverlanders.eu\/sv\/produkt\/james-baroud-barbecue\/#primaryimage"},"image":{"@id":"https:\/\/balticoverlanders.eu\/sv\/produkt\/james-baroud-barbecue\/#primaryimage"},"thumbnailUrl":"https:\/\/balticoverlanders.eu\/wp-content\/uploads\/2023\/04\/14_james_baroud_products_accessories_barbeque_8194265736070345fce9b3.png","datePublished":"2023-04-13T07:44:30+00:00","dateModified":"2024-01-31T21:11:10+00:00","breadcrumb":{"@id":"https:\/\/balticoverlanders.eu\/sv\/produkt\/james-baroud-barbecue\/#breadcrumb"},"inLanguage":"sv-SE","potentialAction":[{"@type":"ReadAction","target":["https:\/\/balticoverlanders.eu\/sv\/produkt\/james-baroud-barbecue\/"]}]},{"@type":"ImageObject","inLanguage":"sv-SE","@id":"https:\/\/balticoverlanders.eu\/sv\/produkt\/james-baroud-barbecue\/#primaryimage","url":"https:\/\/balticoverlanders.eu\/wp-content\/uploads\/2023\/04\/14_james_baroud_products_accessories_barbeque_8194265736070345fce9b3.png","contentUrl":"https:\/\/balticoverlanders.eu\/wp-content\/uploads\/2023\/04\/14_james_baroud_products_accessories_barbeque_8194265736070345fce9b3.png","width":685,"height":562},{"@type":"BreadcrumbList","@id":"https:\/\/balticoverlanders.eu\/sv\/produkt\/james-baroud-barbecue\/#breadcrumb","itemListElement":[{"@type":"ListItem","position":1,"name":"Home","item":"https:\/\/balticoverlanders.eu\/sv\/?page_id=30156"},{"@type":"ListItem","position":2,"name":"Butik","item":"https:\/\/balticoverlanders.eu\/sv\/?page_id=30894"},{"@type":"ListItem","position":3,"name":"James Baroud Barbecue"}]},{"@type":"WebSite","@id":"https:\/\/balticoverlanders.eu\/sv\/#website","url":"https:\/\/balticoverlanders.eu\/sv\/","name":"BALTIC OVERLANDERS","description":"Your one-stop shop in Latvia, Estonia, and Lithuania for all your car camping, rooftop tent and accessory needs.","potentialAction":[{"@type":"SearchAction","target":{"@type":"EntryPoint","urlTemplate":"https:\/\/balticoverlanders.eu\/sv\/?s={search_term_string}"},"query-input":{"@type":"PropertyValueSpecification","valueRequired":true,"valueName":"search_term_string"}}],"inLanguage":"sv-SE"}]}},"_links":{"self":[{"href":"https:\/\/balticoverlanders.eu\/sv\/wp-json\/wp\/v2\/product\/29564","targetHints":{"allow":["GET"]}}],"collection":[{"href":"https:\/\/balticoverlanders.eu\/sv\/wp-json\/wp\/v2\/product"}],"about":[{"href":"https:\/\/balticoverlanders.eu\/sv\/wp-json\/wp\/v2\/types\/product"}],"wp:featuredmedia":[{"embeddable":true,"href":"https:\/\/balticoverlanders.eu\/sv\/wp-json\/wp\/v2\/media\/19089"}],"wp:attachment":[{"href":"https:\/\/balticoverlanders.eu\/sv\/wp-json\/wp\/v2\/media?parent=29564"}],"wp:term":[{"taxonomy":"product_brand","embeddable":true,"href":"https:\/\/balticoverlanders.eu\/sv\/wp-json\/wp\/v2\/product_brand?post=29564"},{"taxonomy":"product_cat","embeddable":true,"href":"https:\/\/balticoverlanders.eu\/sv\/wp-json\/wp\/v2\/product_cat?post=29564"},{"taxonomy":"product_tag","embeddable":true,"href":"https:\/\/balticoverlanders.eu\/sv\/wp-json\/wp\/v2\/product_tag?post=29564"}],"curies":[{"name":"wp","href":"https:\/\/api.w.org\/{rel}","templated":true}]}}