{"id":29644,"date":"2023-04-18T17:41:07","date_gmt":"2023-04-18T14:41:07","guid":{"rendered":"https:\/\/balticoverlanders.eu\/product\/james-baroud-sidovindar-sidovaggar\/"},"modified":"2024-01-31T23:11:18","modified_gmt":"2024-01-31T21:11:18","slug":"james-baroud-sidovindar-sidovaggar","status":"publish","type":"product","link":"https:\/\/balticoverlanders.eu\/sv\/produkt\/james-baroud-sidovindar-sidovaggar\/","title":{"rendered":"James Baroud Sidovindar Sidov\u00e4ggar"},"content":{"rendered":"<p>Vill du ha extra skydd och avskildhet n\u00e4r du campar med ditt t\u00e4lttak? JAMES BAROUD SIDE-AWNING finns nu tillg\u00e4nglig med en upps\u00e4ttning av tre sidov\u00e4ggar som har stora f\u00f6nster och en d\u00f6rr. Med detta set kan du skapa ytterligare omkl\u00e4dnings- och uppeh\u00e5llsrum och samtidigt skydda dig mot sol och regn.<\/p>\n<p>H\u00e4r \u00e4r n\u00e5gra av de viktigaste egenskaperna hos JAMES BAROUD SIDE-AWNING med sidov\u00e4ggar:<\/p>\n<ul>\n<li>En halvcirkelformad profil med efterf\u00f6ljande r\u00f6rskena f\u00e4sts vid tv\u00e4rbalken och taklisten och sidov\u00e4ggen dras in i r\u00f6rskenan. Detta skapar en vind- och vattent\u00e4t anslutning.<\/li>\n<li>Den fr\u00e4mre v\u00e4ggen dras in i r\u00f6rskenan p\u00e5 den fr\u00e4mre aluminiumprofilen och ansluts till sidov\u00e4ggarna med en dragkedja, vilket garanterar fullst\u00e4ndig avskildhet.<\/li>\n<li>Sidov\u00e4ggarnas h\u00f6jd \u00e4r ca 170-175 cm, vilket ger tillr\u00e4ckligt med utrymme f\u00f6r att st\u00e5 och r\u00f6ra sig bekv\u00e4mt.<\/li>\n<li>Den vattenavvisande s\u00f6mmen \u00e4r ca 30 cm, vilket garanterar att du h\u00e5ller dig torr i regniga f\u00f6rh\u00e5llanden.<\/li>\n<li>De rundade f\u00f6nstren \u00e4r ett riktigt blickf\u00e5ng och ger en ljus och v\u00e4nlig atmosf\u00e4r inne i markisen.<\/li>\n<li>F\u00f6nstren \u00e4r utrustade med myggn\u00e4t och kan st\u00e4ngas ogenomskinliga vid behov, vilket ger dig fullst\u00e4ndig avskildhet och skydd.<\/li>\n<\/ul>\n<p>Illustrationerna som medf\u00f6ljer JAMES BAROUD SIDOMARKIS visar tydligt hur enkelt det \u00e4r att montera sidopanelerna f\u00f6r markisen som monteras p\u00e5 sidan av fordonet.<\/p>\n","protected":false},"excerpt":{"rendered":"<ul>\n<li>L\u00e4gg till tre sidov\u00e4ggar med stora f\u00f6nster och d\u00f6rrar till din JAMES BAROUD SIDE-AWNING f\u00f6r extra skydd och avskildhet.<\/li>\n<li>Halvcirkul\u00e4r profil med r\u00f6rskena f\u00f6r enkel montering och vind- och vattent\u00e4t anslutning.<\/li>\n<\/ul>\n<p>Finns i tv\u00e5 storlekar f\u00f6r att passa b\u00e5da James Baroud Side-Awning-m\u00e5tten:<\/p>\n<ul>\n<li>200 cm x 270 cm<\/li>\n<li>250 cm x 270 cm<\/li>\n<\/ul>\n","protected":false},"featured_media":29650,"template":"","meta":[],"product_brand":[],"product_cat":[367],"product_tag":[],"class_list":{"0":"post-29644","1":"product","2":"type-product","3":"status-publish","4":"has-post-thumbnail","6":"product_cat-james-baroud-sv","8":"first","9":"instock","10":"taxable","11":"shipping-taxable","12":"purchasable","13":"product-type-variable"},"yoast_head":"<!-- This site is optimized with the Yoast SEO plugin v27.3 - https:\/\/yoast.com\/product\/yoast-seo-wordpress\/ -->\n<title>JAMES BAROUD Sidov\u00e4ggar - ytterligare skydd och avskildhet<\/title>\n<meta name=\"description\" content=\"Skapa ytterligare omkl\u00e4dnings- och uppeh\u00e5llsrum med JAMES BAROUD SIDE-AWNING-setet med tre sidov\u00e4ggar med stora f\u00f6nster och d\u00f6rr. Enkel montering och vind- och vattent\u00e4t anslutning.\" \/>\n<meta name=\"robots\" content=\"index, follow, max-snippet:-1, max-image-preview:large, max-video-preview:-1\" \/>\n<link rel=\"canonical\" href=\"https:\/\/balticoverlanders.eu\/sv\/produkt\/james-baroud-sidovindar-sidovaggar\/\" \/>\n<meta property=\"og:locale\" content=\"sv_SE\" \/>\n<meta property=\"og:type\" content=\"article\" \/>\n<meta property=\"og:title\" content=\"JAMES BAROUD Sidov\u00e4ggar - ytterligare skydd och avskildhet\" \/>\n<meta property=\"og:description\" content=\"Skapa ytterligare omkl\u00e4dnings- och uppeh\u00e5llsrum med JAMES BAROUD SIDE-AWNING-setet med tre sidov\u00e4ggar med stora f\u00f6nster och d\u00f6rr. Enkel montering och vind- och vattent\u00e4t anslutning.\" \/>\n<meta property=\"og:url\" content=\"https:\/\/balticoverlanders.eu\/sv\/produkt\/james-baroud-sidovindar-sidovaggar\/\" \/>\n<meta property=\"og:site_name\" content=\"BALTIC OVERLANDERS\" \/>\n<meta property=\"article:modified_time\" content=\"2024-01-31T21:11:18+00:00\" \/>\n<meta property=\"og:image\" content=\"https:\/\/balticoverlanders.eu\/wp-content\/uploads\/2023\/04\/James-Baroud-Products-Accessories-Awning-Walls-3.jpg\" \/>\n\t<meta property=\"og:image:width\" content=\"1134\" \/>\n\t<meta property=\"og:image:height\" content=\"850\" \/>\n\t<meta property=\"og:image:type\" content=\"image\/jpeg\" \/>\n<meta name=\"twitter:card\" content=\"summary_large_image\" \/>\n<meta name=\"twitter:label1\" content=\"Ber\u00e4knad l\u00e4stid\" \/>\n\t<meta name=\"twitter:data1\" content=\"1 minut\" \/>\n<script type=\"application\/ld+json\" class=\"yoast-schema-graph\">{\"@context\":\"https:\\\/\\\/schema.org\",\"@graph\":[{\"@type\":\"WebPage\",\"@id\":\"https:\\\/\\\/balticoverlanders.eu\\\/sv\\\/produkt\\\/james-baroud-sidovindar-sidovaggar\\\/\",\"url\":\"https:\\\/\\\/balticoverlanders.eu\\\/sv\\\/produkt\\\/james-baroud-sidovindar-sidovaggar\\\/\",\"name\":\"JAMES BAROUD Sidov\u00e4ggar - ytterligare skydd och avskildhet\",\"isPartOf\":{\"@id\":\"https:\\\/\\\/balticoverlanders.eu\\\/sv\\\/#website\"},\"primaryImageOfPage\":{\"@id\":\"https:\\\/\\\/balticoverlanders.eu\\\/sv\\\/produkt\\\/james-baroud-sidovindar-sidovaggar\\\/#primaryimage\"},\"image\":{\"@id\":\"https:\\\/\\\/balticoverlanders.eu\\\/sv\\\/produkt\\\/james-baroud-sidovindar-sidovaggar\\\/#primaryimage\"},\"thumbnailUrl\":\"https:\\\/\\\/balticoverlanders.eu\\\/wp-content\\\/uploads\\\/2023\\\/04\\\/James-Baroud-Products-Accessories-Awning-Walls-3.jpg\",\"datePublished\":\"2023-04-18T14:41:07+00:00\",\"dateModified\":\"2024-01-31T21:11:18+00:00\",\"description\":\"Skapa ytterligare omkl\u00e4dnings- och uppeh\u00e5llsrum med JAMES BAROUD SIDE-AWNING-setet med tre sidov\u00e4ggar med stora f\u00f6nster och d\u00f6rr. Enkel montering och vind- och vattent\u00e4t anslutning.\",\"breadcrumb\":{\"@id\":\"https:\\\/\\\/balticoverlanders.eu\\\/sv\\\/produkt\\\/james-baroud-sidovindar-sidovaggar\\\/#breadcrumb\"},\"inLanguage\":\"sv-SE\",\"potentialAction\":[{\"@type\":\"ReadAction\",\"target\":[\"https:\\\/\\\/balticoverlanders.eu\\\/sv\\\/produkt\\\/james-baroud-sidovindar-sidovaggar\\\/\"]}]},{\"@type\":\"ImageObject\",\"inLanguage\":\"sv-SE\",\"@id\":\"https:\\\/\\\/balticoverlanders.eu\\\/sv\\\/produkt\\\/james-baroud-sidovindar-sidovaggar\\\/#primaryimage\",\"url\":\"https:\\\/\\\/balticoverlanders.eu\\\/wp-content\\\/uploads\\\/2023\\\/04\\\/James-Baroud-Products-Accessories-Awning-Walls-3.jpg\",\"contentUrl\":\"https:\\\/\\\/balticoverlanders.eu\\\/wp-content\\\/uploads\\\/2023\\\/04\\\/James-Baroud-Products-Accessories-Awning-Walls-3.jpg\",\"width\":1134,\"height\":850},{\"@type\":\"BreadcrumbList\",\"@id\":\"https:\\\/\\\/balticoverlanders.eu\\\/sv\\\/produkt\\\/james-baroud-sidovindar-sidovaggar\\\/#breadcrumb\",\"itemListElement\":[{\"@type\":\"ListItem\",\"position\":1,\"name\":\"Home\",\"item\":\"https:\\\/\\\/balticoverlanders.eu\\\/sv\\\/?page_id=30156\"},{\"@type\":\"ListItem\",\"position\":2,\"name\":\"Butik\",\"item\":\"https:\\\/\\\/balticoverlanders.eu\\\/sv\\\/?page_id=30894\"},{\"@type\":\"ListItem\",\"position\":3,\"name\":\"James Baroud Sidovindar Sidov\u00e4ggar\"}]},{\"@type\":\"WebSite\",\"@id\":\"https:\\\/\\\/balticoverlanders.eu\\\/sv\\\/#website\",\"url\":\"https:\\\/\\\/balticoverlanders.eu\\\/sv\\\/\",\"name\":\"BALTIC OVERLANDERS\",\"description\":\"Your one-stop shop in Latvia, Estonia, and Lithuania for all your car camping, rooftop tent and accessory needs.\",\"potentialAction\":[{\"@type\":\"SearchAction\",\"target\":{\"@type\":\"EntryPoint\",\"urlTemplate\":\"https:\\\/\\\/balticoverlanders.eu\\\/sv\\\/?s={search_term_string}\"},\"query-input\":{\"@type\":\"PropertyValueSpecification\",\"valueRequired\":true,\"valueName\":\"search_term_string\"}}],\"inLanguage\":\"sv-SE\"}]}<\/script>\n<!-- \/ Yoast SEO plugin. -->","yoast_head_json":{"title":"JAMES BAROUD Sidov\u00e4ggar - ytterligare skydd och avskildhet","description":"Skapa ytterligare omkl\u00e4dnings- och uppeh\u00e5llsrum med JAMES BAROUD SIDE-AWNING-setet med tre sidov\u00e4ggar med stora f\u00f6nster och d\u00f6rr. Enkel montering och vind- och vattent\u00e4t anslutning.","robots":{"index":"index","follow":"follow","max-snippet":"max-snippet:-1","max-image-preview":"max-image-preview:large","max-video-preview":"max-video-preview:-1"},"canonical":"https:\/\/balticoverlanders.eu\/sv\/produkt\/james-baroud-sidovindar-sidovaggar\/","og_locale":"sv_SE","og_type":"article","og_title":"JAMES BAROUD Sidov\u00e4ggar - ytterligare skydd och avskildhet","og_description":"Skapa ytterligare omkl\u00e4dnings- och uppeh\u00e5llsrum med JAMES BAROUD SIDE-AWNING-setet med tre sidov\u00e4ggar med stora f\u00f6nster och d\u00f6rr. Enkel montering och vind- och vattent\u00e4t anslutning.","og_url":"https:\/\/balticoverlanders.eu\/sv\/produkt\/james-baroud-sidovindar-sidovaggar\/","og_site_name":"BALTIC OVERLANDERS","article_modified_time":"2024-01-31T21:11:18+00:00","og_image":[{"width":1134,"height":850,"url":"https:\/\/balticoverlanders.eu\/wp-content\/uploads\/2023\/04\/James-Baroud-Products-Accessories-Awning-Walls-3.jpg","type":"image\/jpeg"}],"twitter_card":"summary_large_image","twitter_misc":{"Ber\u00e4knad l\u00e4stid":"1 minut"},"schema":{"@context":"https:\/\/schema.org","@graph":[{"@type":"WebPage","@id":"https:\/\/balticoverlanders.eu\/sv\/produkt\/james-baroud-sidovindar-sidovaggar\/","url":"https:\/\/balticoverlanders.eu\/sv\/produkt\/james-baroud-sidovindar-sidovaggar\/","name":"JAMES BAROUD Sidov\u00e4ggar - ytterligare skydd och avskildhet","isPartOf":{"@id":"https:\/\/balticoverlanders.eu\/sv\/#website"},"primaryImageOfPage":{"@id":"https:\/\/balticoverlanders.eu\/sv\/produkt\/james-baroud-sidovindar-sidovaggar\/#primaryimage"},"image":{"@id":"https:\/\/balticoverlanders.eu\/sv\/produkt\/james-baroud-sidovindar-sidovaggar\/#primaryimage"},"thumbnailUrl":"https:\/\/balticoverlanders.eu\/wp-content\/uploads\/2023\/04\/James-Baroud-Products-Accessories-Awning-Walls-3.jpg","datePublished":"2023-04-18T14:41:07+00:00","dateModified":"2024-01-31T21:11:18+00:00","description":"Skapa ytterligare omkl\u00e4dnings- och uppeh\u00e5llsrum med JAMES BAROUD SIDE-AWNING-setet med tre sidov\u00e4ggar med stora f\u00f6nster och d\u00f6rr. Enkel montering och vind- och vattent\u00e4t anslutning.","breadcrumb":{"@id":"https:\/\/balticoverlanders.eu\/sv\/produkt\/james-baroud-sidovindar-sidovaggar\/#breadcrumb"},"inLanguage":"sv-SE","potentialAction":[{"@type":"ReadAction","target":["https:\/\/balticoverlanders.eu\/sv\/produkt\/james-baroud-sidovindar-sidovaggar\/"]}]},{"@type":"ImageObject","inLanguage":"sv-SE","@id":"https:\/\/balticoverlanders.eu\/sv\/produkt\/james-baroud-sidovindar-sidovaggar\/#primaryimage","url":"https:\/\/balticoverlanders.eu\/wp-content\/uploads\/2023\/04\/James-Baroud-Products-Accessories-Awning-Walls-3.jpg","contentUrl":"https:\/\/balticoverlanders.eu\/wp-content\/uploads\/2023\/04\/James-Baroud-Products-Accessories-Awning-Walls-3.jpg","width":1134,"height":850},{"@type":"BreadcrumbList","@id":"https:\/\/balticoverlanders.eu\/sv\/produkt\/james-baroud-sidovindar-sidovaggar\/#breadcrumb","itemListElement":[{"@type":"ListItem","position":1,"name":"Home","item":"https:\/\/balticoverlanders.eu\/sv\/?page_id=30156"},{"@type":"ListItem","position":2,"name":"Butik","item":"https:\/\/balticoverlanders.eu\/sv\/?page_id=30894"},{"@type":"ListItem","position":3,"name":"James Baroud Sidovindar Sidov\u00e4ggar"}]},{"@type":"WebSite","@id":"https:\/\/balticoverlanders.eu\/sv\/#website","url":"https:\/\/balticoverlanders.eu\/sv\/","name":"BALTIC OVERLANDERS","description":"Your one-stop shop in Latvia, Estonia, and Lithuania for all your car camping, rooftop tent and accessory needs.","potentialAction":[{"@type":"SearchAction","target":{"@type":"EntryPoint","urlTemplate":"https:\/\/balticoverlanders.eu\/sv\/?s={search_term_string}"},"query-input":{"@type":"PropertyValueSpecification","valueRequired":true,"valueName":"search_term_string"}}],"inLanguage":"sv-SE"}]}},"_links":{"self":[{"href":"https:\/\/balticoverlanders.eu\/sv\/wp-json\/wp\/v2\/product\/29644","targetHints":{"allow":["GET"]}}],"collection":[{"href":"https:\/\/balticoverlanders.eu\/sv\/wp-json\/wp\/v2\/product"}],"about":[{"href":"https:\/\/balticoverlanders.eu\/sv\/wp-json\/wp\/v2\/types\/product"}],"wp:featuredmedia":[{"embeddable":true,"href":"https:\/\/balticoverlanders.eu\/sv\/wp-json\/wp\/v2\/media\/29650"}],"wp:attachment":[{"href":"https:\/\/balticoverlanders.eu\/sv\/wp-json\/wp\/v2\/media?parent=29644"}],"wp:term":[{"taxonomy":"product_brand","embeddable":true,"href":"https:\/\/balticoverlanders.eu\/sv\/wp-json\/wp\/v2\/product_brand?post=29644"},{"taxonomy":"product_cat","embeddable":true,"href":"https:\/\/balticoverlanders.eu\/sv\/wp-json\/wp\/v2\/product_cat?post=29644"},{"taxonomy":"product_tag","embeddable":true,"href":"https:\/\/balticoverlanders.eu\/sv\/wp-json\/wp\/v2\/product_tag?post=29644"}],"curies":[{"name":"wp","href":"https:\/\/api.w.org\/{rel}","templated":true}]}}