{"id":29680,"date":"2023-04-13T11:37:01","date_gmt":"2023-04-13T08:37:01","guid":{"rendered":"https:\/\/balticoverlanders.eu\/product\/alu-cab-lt-50-lattviktigt-talt-med-tak\/"},"modified":"2024-01-31T23:11:26","modified_gmt":"2024-01-31T21:11:26","slug":"alu-cab-lt-50-lattviktigt-talt-med-tak","status":"publish","type":"product","link":"https:\/\/balticoverlanders.eu\/sv\/produkt\/alu-cab-lt-50-lattviktigt-talt-med-tak\/","title":{"rendered":"Alu-Cab LT-50 l\u00e4ttviktigt t\u00e4lt med tak"},"content":{"rendered":"<p>Vi presenterar LT-50, det b\u00e4sta ultral\u00e4tta takt\u00e4ltet p\u00e5 marknaden med samma byggkvalitet som alla v\u00e5ra andra produkter. Bland funktionerna kan n\u00e4mnas<\/p>\n<ul>\n<li>M\u00f6jligheten att poppa upp inom n\u00e5gra sekunder f\u00f6r snabb installation<\/li>\n<li>M\u00f6jlighet att f\u00f6rvara s\u00e4ngkl\u00e4derna inomhus f\u00f6r extra bekv\u00e4mlighet<\/li>\n<li>En b\u00e4rf\u00f6rm\u00e5ga p\u00e5 30 kg ovanp\u00e5 t\u00e4ltet<\/li>\n<li>L\u00e4ttviktskonstruktion som g\u00f6r den enkel att installera och transportera<\/li>\n<li>En kompakt, str\u00f6mlinjeformad design som minimerar vindmotst\u00e5ndet under k\u00f6rning<\/li>\n<\/ul>\n<p>LT-50 erbjuder en rad f\u00f6rdelar, bland annat<\/p>\n<ul>\n<li>En ny m\u00f6jlighet f\u00f6r fordonstill\u00e4mpningar ut\u00f6ver \u00f6verlandning<\/li>\n<li>M\u00f6jlighet att b\u00e4ra utrustning ovanp\u00e5 t\u00e4ltet med en lastkapacitet p\u00e5 30 kg<\/li>\n<li>Lock och basram med mutter\u00f6ppning f\u00f6r enkel montering av tillbeh\u00f6r som markiser, duschkuber, stegf\u00e4sten och spadar<\/li>\n<\/ul>\n<p>Det som utm\u00e4rker Alu-Cab-t\u00e4ltet \u00e4r dess l\u00e4tta konstruktion, som erbjuder<\/p>\n<ul>\n<li>Enkel installation och transport tack vare den l\u00e4tta, h\u00f6gh\u00e5llfasta aluminiumkonstruktionen<\/li>\n<li>En mer aerodynamisk form som minskar vindmotst\u00e5ndet under k\u00f6rning<\/li>\n<\/ul>\n<p>Uppgradera din campingutrustning med LT-50, det b\u00e4sta ultral\u00e4tta takt\u00e4ltet p\u00e5 marknaden som erbjuder samma byggkvalitet som alla v\u00e5ra andra produkter. Njut av snabb och enkel upps\u00e4ttning, bekv\u00e4mligheten med att ha s\u00e4ngkl\u00e4derna inne och m\u00f6jligheten att b\u00e4ra utrustning ovanp\u00e5 t\u00e4ltet. Dessutom g\u00f6r dess l\u00e4tta konstruktion och str\u00f6mlinjeformade design den till det perfekta valet f\u00f6r ditt n\u00e4sta utomhus\u00e4ventyr.<\/p>\n","protected":false},"excerpt":{"rendered":"<p>LT-50 \u00e4r det b\u00e4sta ultral\u00e4tta takt\u00e4ltet p\u00e5 marknaden, med en l\u00e4tt, h\u00f6gh\u00e5llfast aluminiumkonstruktion som g\u00f6r det enkelt att montera och transportera. Den kompakta, str\u00f6mlinjeformade designen minimerar vindmotst\u00e5ndet under k\u00f6rning, och den kan b\u00e4ra en last p\u00e5 upp till 30 kg ovanp\u00e5 t\u00e4ltet. Med snabb och enkel installation och bekv\u00e4mligheten med att ha s\u00e4ngkl\u00e4derna inomhus \u00e4r LT-50 det perfekta valet f\u00f6r ditt n\u00e4sta utomhus\u00e4ventyr.<\/p>\n","protected":false},"featured_media":19192,"template":"","meta":[],"product_brand":[],"product_cat":[382,381],"product_tag":[],"class_list":{"0":"post-29680","1":"product","2":"type-product","3":"status-publish","4":"has-post-thumbnail","6":"product_cat-alu-cab-sv","7":"product_cat-talt-pa-tak","9":"first","10":"onbackorder","11":"taxable","12":"shipping-taxable","13":"purchasable","14":"product-type-simple"},"yoast_head":"<!-- This site is optimized with the Yoast SEO plugin v27.3 - https:\/\/yoast.com\/product\/yoast-seo-wordpress\/ -->\n<title>Alu-Cab LT-50 l\u00e4ttviktigt t\u00e4lt med tak - BALTIC OVERLANDERS<\/title>\n<meta name=\"robots\" content=\"index, follow, max-snippet:-1, max-image-preview:large, max-video-preview:-1\" \/>\n<link rel=\"canonical\" href=\"https:\/\/balticoverlanders.eu\/sv\/produkt\/alu-cab-lt-50-lattviktigt-talt-med-tak\/\" \/>\n<meta property=\"og:locale\" content=\"sv_SE\" \/>\n<meta property=\"og:type\" content=\"article\" \/>\n<meta property=\"og:title\" content=\"Alu-Cab LT-50 l\u00e4ttviktigt t\u00e4lt med tak - BALTIC OVERLANDERS\" \/>\n<meta property=\"og:description\" content=\"LT-50 \u00e4r det b\u00e4sta ultral\u00e4tta takt\u00e4ltet p\u00e5 marknaden, med en l\u00e4tt, h\u00f6gh\u00e5llfast aluminiumkonstruktion som g\u00f6r det enkelt att montera och transportera. Den kompakta, str\u00f6mlinjeformade designen minimerar vindmotst\u00e5ndet under k\u00f6rning, och den kan b\u00e4ra en last p\u00e5 upp till 30 kg ovanp\u00e5 t\u00e4ltet. Med snabb och enkel installation och bekv\u00e4mligheten med att ha s\u00e4ngkl\u00e4derna inomhus \u00e4r LT-50 det perfekta valet f\u00f6r ditt n\u00e4sta utomhus\u00e4ventyr.\" \/>\n<meta property=\"og:url\" content=\"https:\/\/balticoverlanders.eu\/sv\/produkt\/alu-cab-lt-50-lattviktigt-talt-med-tak\/\" \/>\n<meta property=\"og:site_name\" content=\"BALTIC OVERLANDERS\" \/>\n<meta property=\"article:modified_time\" content=\"2024-01-31T21:11:26+00:00\" \/>\n<meta property=\"og:image\" content=\"https:\/\/balticoverlanders.eu\/wp-content\/uploads\/2023\/04\/LT-46-Rooftop-tent.jpg\" \/>\n\t<meta property=\"og:image:width\" content=\"900\" \/>\n\t<meta property=\"og:image:height\" content=\"600\" \/>\n\t<meta property=\"og:image:type\" content=\"image\/jpeg\" \/>\n<meta name=\"twitter:card\" content=\"summary_large_image\" \/>\n<meta name=\"twitter:label1\" content=\"Ber\u00e4knad l\u00e4stid\" \/>\n\t<meta name=\"twitter:data1\" content=\"1 minut\" \/>\n<script type=\"application\/ld+json\" class=\"yoast-schema-graph\">{\"@context\":\"https:\\\/\\\/schema.org\",\"@graph\":[{\"@type\":\"WebPage\",\"@id\":\"https:\\\/\\\/balticoverlanders.eu\\\/sv\\\/produkt\\\/alu-cab-lt-50-lattviktigt-talt-med-tak\\\/\",\"url\":\"https:\\\/\\\/balticoverlanders.eu\\\/sv\\\/produkt\\\/alu-cab-lt-50-lattviktigt-talt-med-tak\\\/\",\"name\":\"Alu-Cab LT-50 l\u00e4ttviktigt t\u00e4lt med tak - BALTIC OVERLANDERS\",\"isPartOf\":{\"@id\":\"https:\\\/\\\/balticoverlanders.eu\\\/sv\\\/#website\"},\"primaryImageOfPage\":{\"@id\":\"https:\\\/\\\/balticoverlanders.eu\\\/sv\\\/produkt\\\/alu-cab-lt-50-lattviktigt-talt-med-tak\\\/#primaryimage\"},\"image\":{\"@id\":\"https:\\\/\\\/balticoverlanders.eu\\\/sv\\\/produkt\\\/alu-cab-lt-50-lattviktigt-talt-med-tak\\\/#primaryimage\"},\"thumbnailUrl\":\"https:\\\/\\\/balticoverlanders.eu\\\/wp-content\\\/uploads\\\/2023\\\/04\\\/LT-46-Rooftop-tent.jpg\",\"datePublished\":\"2023-04-13T08:37:01+00:00\",\"dateModified\":\"2024-01-31T21:11:26+00:00\",\"breadcrumb\":{\"@id\":\"https:\\\/\\\/balticoverlanders.eu\\\/sv\\\/produkt\\\/alu-cab-lt-50-lattviktigt-talt-med-tak\\\/#breadcrumb\"},\"inLanguage\":\"sv-SE\",\"potentialAction\":[{\"@type\":\"ReadAction\",\"target\":[\"https:\\\/\\\/balticoverlanders.eu\\\/sv\\\/produkt\\\/alu-cab-lt-50-lattviktigt-talt-med-tak\\\/\"]}]},{\"@type\":\"ImageObject\",\"inLanguage\":\"sv-SE\",\"@id\":\"https:\\\/\\\/balticoverlanders.eu\\\/sv\\\/produkt\\\/alu-cab-lt-50-lattviktigt-talt-med-tak\\\/#primaryimage\",\"url\":\"https:\\\/\\\/balticoverlanders.eu\\\/wp-content\\\/uploads\\\/2023\\\/04\\\/LT-46-Rooftop-tent.jpg\",\"contentUrl\":\"https:\\\/\\\/balticoverlanders.eu\\\/wp-content\\\/uploads\\\/2023\\\/04\\\/LT-46-Rooftop-tent.jpg\",\"width\":900,\"height\":600},{\"@type\":\"BreadcrumbList\",\"@id\":\"https:\\\/\\\/balticoverlanders.eu\\\/sv\\\/produkt\\\/alu-cab-lt-50-lattviktigt-talt-med-tak\\\/#breadcrumb\",\"itemListElement\":[{\"@type\":\"ListItem\",\"position\":1,\"name\":\"Home\",\"item\":\"https:\\\/\\\/balticoverlanders.eu\\\/sv\\\/?page_id=30156\"},{\"@type\":\"ListItem\",\"position\":2,\"name\":\"Butik\",\"item\":\"https:\\\/\\\/balticoverlanders.eu\\\/sv\\\/?page_id=30894\"},{\"@type\":\"ListItem\",\"position\":3,\"name\":\"Alu-Cab LT-50 l\u00e4ttviktigt t\u00e4lt med tak\"}]},{\"@type\":\"WebSite\",\"@id\":\"https:\\\/\\\/balticoverlanders.eu\\\/sv\\\/#website\",\"url\":\"https:\\\/\\\/balticoverlanders.eu\\\/sv\\\/\",\"name\":\"BALTIC OVERLANDERS\",\"description\":\"Your one-stop shop in Latvia, Estonia, and Lithuania for all your car camping, rooftop tent and accessory needs.\",\"potentialAction\":[{\"@type\":\"SearchAction\",\"target\":{\"@type\":\"EntryPoint\",\"urlTemplate\":\"https:\\\/\\\/balticoverlanders.eu\\\/sv\\\/?s={search_term_string}\"},\"query-input\":{\"@type\":\"PropertyValueSpecification\",\"valueRequired\":true,\"valueName\":\"search_term_string\"}}],\"inLanguage\":\"sv-SE\"}]}<\/script>\n<!-- \/ Yoast SEO plugin. -->","yoast_head_json":{"title":"Alu-Cab LT-50 l\u00e4ttviktigt t\u00e4lt med tak - BALTIC OVERLANDERS","robots":{"index":"index","follow":"follow","max-snippet":"max-snippet:-1","max-image-preview":"max-image-preview:large","max-video-preview":"max-video-preview:-1"},"canonical":"https:\/\/balticoverlanders.eu\/sv\/produkt\/alu-cab-lt-50-lattviktigt-talt-med-tak\/","og_locale":"sv_SE","og_type":"article","og_title":"Alu-Cab LT-50 l\u00e4ttviktigt t\u00e4lt med tak - BALTIC OVERLANDERS","og_description":"LT-50 \u00e4r det b\u00e4sta ultral\u00e4tta takt\u00e4ltet p\u00e5 marknaden, med en l\u00e4tt, h\u00f6gh\u00e5llfast aluminiumkonstruktion som g\u00f6r det enkelt att montera och transportera. Den kompakta, str\u00f6mlinjeformade designen minimerar vindmotst\u00e5ndet under k\u00f6rning, och den kan b\u00e4ra en last p\u00e5 upp till 30 kg ovanp\u00e5 t\u00e4ltet. Med snabb och enkel installation och bekv\u00e4mligheten med att ha s\u00e4ngkl\u00e4derna inomhus \u00e4r LT-50 det perfekta valet f\u00f6r ditt n\u00e4sta utomhus\u00e4ventyr.","og_url":"https:\/\/balticoverlanders.eu\/sv\/produkt\/alu-cab-lt-50-lattviktigt-talt-med-tak\/","og_site_name":"BALTIC OVERLANDERS","article_modified_time":"2024-01-31T21:11:26+00:00","og_image":[{"width":900,"height":600,"url":"https:\/\/balticoverlanders.eu\/wp-content\/uploads\/2023\/04\/LT-46-Rooftop-tent.jpg","type":"image\/jpeg"}],"twitter_card":"summary_large_image","twitter_misc":{"Ber\u00e4knad l\u00e4stid":"1 minut"},"schema":{"@context":"https:\/\/schema.org","@graph":[{"@type":"WebPage","@id":"https:\/\/balticoverlanders.eu\/sv\/produkt\/alu-cab-lt-50-lattviktigt-talt-med-tak\/","url":"https:\/\/balticoverlanders.eu\/sv\/produkt\/alu-cab-lt-50-lattviktigt-talt-med-tak\/","name":"Alu-Cab LT-50 l\u00e4ttviktigt t\u00e4lt med tak - BALTIC OVERLANDERS","isPartOf":{"@id":"https:\/\/balticoverlanders.eu\/sv\/#website"},"primaryImageOfPage":{"@id":"https:\/\/balticoverlanders.eu\/sv\/produkt\/alu-cab-lt-50-lattviktigt-talt-med-tak\/#primaryimage"},"image":{"@id":"https:\/\/balticoverlanders.eu\/sv\/produkt\/alu-cab-lt-50-lattviktigt-talt-med-tak\/#primaryimage"},"thumbnailUrl":"https:\/\/balticoverlanders.eu\/wp-content\/uploads\/2023\/04\/LT-46-Rooftop-tent.jpg","datePublished":"2023-04-13T08:37:01+00:00","dateModified":"2024-01-31T21:11:26+00:00","breadcrumb":{"@id":"https:\/\/balticoverlanders.eu\/sv\/produkt\/alu-cab-lt-50-lattviktigt-talt-med-tak\/#breadcrumb"},"inLanguage":"sv-SE","potentialAction":[{"@type":"ReadAction","target":["https:\/\/balticoverlanders.eu\/sv\/produkt\/alu-cab-lt-50-lattviktigt-talt-med-tak\/"]}]},{"@type":"ImageObject","inLanguage":"sv-SE","@id":"https:\/\/balticoverlanders.eu\/sv\/produkt\/alu-cab-lt-50-lattviktigt-talt-med-tak\/#primaryimage","url":"https:\/\/balticoverlanders.eu\/wp-content\/uploads\/2023\/04\/LT-46-Rooftop-tent.jpg","contentUrl":"https:\/\/balticoverlanders.eu\/wp-content\/uploads\/2023\/04\/LT-46-Rooftop-tent.jpg","width":900,"height":600},{"@type":"BreadcrumbList","@id":"https:\/\/balticoverlanders.eu\/sv\/produkt\/alu-cab-lt-50-lattviktigt-talt-med-tak\/#breadcrumb","itemListElement":[{"@type":"ListItem","position":1,"name":"Home","item":"https:\/\/balticoverlanders.eu\/sv\/?page_id=30156"},{"@type":"ListItem","position":2,"name":"Butik","item":"https:\/\/balticoverlanders.eu\/sv\/?page_id=30894"},{"@type":"ListItem","position":3,"name":"Alu-Cab LT-50 l\u00e4ttviktigt t\u00e4lt med tak"}]},{"@type":"WebSite","@id":"https:\/\/balticoverlanders.eu\/sv\/#website","url":"https:\/\/balticoverlanders.eu\/sv\/","name":"BALTIC OVERLANDERS","description":"Your one-stop shop in Latvia, Estonia, and Lithuania for all your car camping, rooftop tent and accessory needs.","potentialAction":[{"@type":"SearchAction","target":{"@type":"EntryPoint","urlTemplate":"https:\/\/balticoverlanders.eu\/sv\/?s={search_term_string}"},"query-input":{"@type":"PropertyValueSpecification","valueRequired":true,"valueName":"search_term_string"}}],"inLanguage":"sv-SE"}]}},"_links":{"self":[{"href":"https:\/\/balticoverlanders.eu\/sv\/wp-json\/wp\/v2\/product\/29680","targetHints":{"allow":["GET"]}}],"collection":[{"href":"https:\/\/balticoverlanders.eu\/sv\/wp-json\/wp\/v2\/product"}],"about":[{"href":"https:\/\/balticoverlanders.eu\/sv\/wp-json\/wp\/v2\/types\/product"}],"wp:featuredmedia":[{"embeddable":true,"href":"https:\/\/balticoverlanders.eu\/sv\/wp-json\/wp\/v2\/media\/19192"}],"wp:attachment":[{"href":"https:\/\/balticoverlanders.eu\/sv\/wp-json\/wp\/v2\/media?parent=29680"}],"wp:term":[{"taxonomy":"product_brand","embeddable":true,"href":"https:\/\/balticoverlanders.eu\/sv\/wp-json\/wp\/v2\/product_brand?post=29680"},{"taxonomy":"product_cat","embeddable":true,"href":"https:\/\/balticoverlanders.eu\/sv\/wp-json\/wp\/v2\/product_cat?post=29680"},{"taxonomy":"product_tag","embeddable":true,"href":"https:\/\/balticoverlanders.eu\/sv\/wp-json\/wp\/v2\/product_tag?post=29680"}],"curies":[{"name":"wp","href":"https:\/\/api.w.org\/{rel}","templated":true}]}}