{"id":29774,"date":"2023-04-06T16:52:02","date_gmt":"2023-04-06T13:52:02","guid":{"rendered":"https:\/\/balticoverlanders.eu\/product\/james-baroud-klassisk-sidomarkis\/"},"modified":"2024-01-31T23:19:24","modified_gmt":"2024-01-31T21:19:24","slug":"james-baroud-klassisk-sidomarkis","status":"publish","type":"product","link":"https:\/\/balticoverlanders.eu\/sv\/produkt\/james-baroud-klassisk-sidomarkis\/","title":{"rendered":"James Baroud klassisk sidomarkis"},"content":{"rendered":"<p><a href=\"https:\/\/www.jamesbaroud.com\/awnings\/classic-awning\/\">JAMES BAROUD SIDE-AWNING<\/a> f\u00f6r takt\u00e4lt \u00e4r en m\u00e5ngsidig l\u00f6sning f\u00f6r campare som beh\u00f6ver extra bostadsyta och skydd mot v\u00e4der och vind. H\u00e4r \u00e4r n\u00e5gra av de viktigaste funktionerna:<\/p>\n<ul>\n<li>T\u00e4lt\u00f6ppningen kan installeras n\u00e4r som helst och den motsvarande \u00f6ppningen kan antingen anv\u00e4ndas som en passage utan ing\u00e5ngstunnel eller st\u00e4ngas vind- och vattent\u00e4tt.<\/li>\n<li>Profilen p\u00e5 fordonssidan har tv\u00e5 genomg\u00e5ende C-skenor, vilket g\u00f6r monteringen enkel med sexkantsskruvar och 90\u00b0-vinklar.<\/li>\n<li>F\u00f6rvaringen av markisen \u00e4r enkel: f\u00e4ll in tv\u00e4rst\u00e4ngerna i aluminiumprofilen och de h\u00f6jdjusterbara f\u00f6tterna i ytterprofilen. Rulla sedan upp markisen till profilen p\u00e5 fordonet och skydda den med en PVC-presenning som st\u00e4ngs med kardborreband.<\/li>\n<li>Med tillvalet tre sidov\u00e4ggar, som har stora f\u00f6nster och en d\u00f6rr, kan du skapa ytterligare bostads- och omkl\u00e4dningsrum. Dessa sidov\u00e4ggar \u00e4r vind- och vattent\u00e4ta tack vare en halvcirkelformad profil med en anslutande r\u00f6rskena som f\u00e4sts vid tv\u00e4rbalken och taklisten.<\/li>\n<li>Rundade f\u00f6nster med myggn\u00e4t ger en unik touch till designen, och de kan st\u00e4ngas ogenomskinliga vid behov.<\/li>\n<\/ul>\n<p>M\u00e5tt &amp; vikt:<\/p>\n<ul>\n<li>200&#215;270 &#8211; vikt: 10kg<\/li>\n<li>250&#215;270 &#8211; vikt: 13kg<\/li>\n<\/ul>\n","protected":false},"excerpt":{"rendered":"<p>JAMES BAROUD SIDE-AWNING med sidov\u00e4ggar som tillval f\u00f6r t\u00e4lt p\u00e5 taket skapar ytterligare boyta och skydd mot v\u00e4der och vind.<\/p>\n<p>Finns i tv\u00e5 storlekar:<\/p>\n<ul>\n<li>250 cm (bredd) x 270 cm (l\u00e4ngd) &#8211; vikt: 13 kg<\/li>\n<li>200 cm (bredd) x270 cm (l\u00e4ngd)- vikt: 10kg<\/li>\n<\/ul>\n","protected":false},"featured_media":158257,"template":"","meta":[],"product_brand":[],"product_cat":[367],"product_tag":[],"class_list":{"0":"post-29774","1":"product","2":"type-product","3":"status-publish","4":"has-post-thumbnail","6":"product_cat-james-baroud-sv","8":"first","9":"instock","10":"taxable","11":"shipping-taxable","12":"purchasable","13":"product-type-variable"},"yoast_head":"<!-- This site is optimized with the Yoast SEO plugin v27.3 - https:\/\/yoast.com\/product\/yoast-seo-wordpress\/ -->\n<title>Sidot\u00e4lt f\u00f6r takf\u00f6rsedda t\u00e4lt - BALTIC OVERLANDERS<\/title>\n<meta name=\"description\" content=\"Ut\u00f6ka din bostadsyta med JAMES BAROUD SIDE-AWNING f\u00f6r t\u00e4lttak. Finns i 2 storlekar, med valfria sidov\u00e4ggar, och \u00e4r enkel att installera och f\u00f6rvara. Handla nu.\" \/>\n<meta name=\"robots\" content=\"index, follow, max-snippet:-1, max-image-preview:large, max-video-preview:-1\" \/>\n<link rel=\"canonical\" href=\"https:\/\/balticoverlanders.eu\/sv\/produkt\/james-baroud-klassisk-sidomarkis\/\" \/>\n<meta property=\"og:locale\" content=\"sv_SE\" \/>\n<meta property=\"og:type\" content=\"article\" \/>\n<meta property=\"og:title\" content=\"Ut\u00f6ka din bostadsyta med JAMES BAROUD SIDE-AWNING f\u00f6r camping med t\u00e4lt p\u00e5 taket\" \/>\n<meta property=\"og:description\" content=\"JAMES BAROUD SIDE-AWNING \u00e4r en smart designad markis med valfria sidov\u00e4ggar som skapar extra bostadsyta samtidigt som den skyddar mot sol eller regn. Denna m\u00e5ngsidiga markis finns i tre storlekar och \u00e4r l\u00e4tt att montera och stuva undan.\" \/>\n<meta property=\"og:url\" content=\"https:\/\/balticoverlanders.eu\/sv\/produkt\/james-baroud-klassisk-sidomarkis\/\" \/>\n<meta property=\"og:site_name\" content=\"BALTIC OVERLANDERS\" \/>\n<meta property=\"article:modified_time\" content=\"2024-01-31T21:19:24+00:00\" \/>\n<meta property=\"og:image\" content=\"https:\/\/balticoverlanders.eu\/wp-content\/uploads\/2023\/04\/5_james_baroud_products_accessories_awning_side_14544485960703e69007c3.png\" \/>\n\t<meta property=\"og:image:width\" content=\"685\" \/>\n\t<meta property=\"og:image:height\" content=\"576\" \/>\n\t<meta property=\"og:image:type\" content=\"image\/png\" \/>\n<meta name=\"twitter:card\" content=\"summary_large_image\" \/>\n<meta name=\"twitter:title\" content=\"Camping med t\u00e4lt p\u00e5 taket blev b\u00e4ttre med JAMES BAROUD SIDE-AWNING\" \/>\n<meta name=\"twitter:description\" content=\"Skapa mer bostadsyta och skydda mot v\u00e4der och vind med JAMES BAROUD SIDE-AWNING f\u00f6r takt\u00e4lt. Finns i tre storlekar med sidov\u00e4ggar som tillval. #takt\u00e4lt #campingutrustning\" \/>\n<meta name=\"twitter:label1\" content=\"Ber\u00e4knad l\u00e4stid\" \/>\n\t<meta name=\"twitter:data1\" content=\"1 minut\" \/>\n<script type=\"application\/ld+json\" class=\"yoast-schema-graph\">{\"@context\":\"https:\\\/\\\/schema.org\",\"@graph\":[{\"@type\":\"WebPage\",\"@id\":\"https:\\\/\\\/balticoverlanders.eu\\\/sv\\\/produkt\\\/james-baroud-klassisk-sidomarkis\\\/\",\"url\":\"https:\\\/\\\/balticoverlanders.eu\\\/sv\\\/produkt\\\/james-baroud-klassisk-sidomarkis\\\/\",\"name\":\"Sidot\u00e4lt f\u00f6r takf\u00f6rsedda t\u00e4lt - BALTIC OVERLANDERS\",\"isPartOf\":{\"@id\":\"https:\\\/\\\/balticoverlanders.eu\\\/sv\\\/#website\"},\"primaryImageOfPage\":{\"@id\":\"https:\\\/\\\/balticoverlanders.eu\\\/sv\\\/produkt\\\/james-baroud-klassisk-sidomarkis\\\/#primaryimage\"},\"image\":{\"@id\":\"https:\\\/\\\/balticoverlanders.eu\\\/sv\\\/produkt\\\/james-baroud-klassisk-sidomarkis\\\/#primaryimage\"},\"thumbnailUrl\":\"https:\\\/\\\/balticoverlanders.eu\\\/wp-content\\\/uploads\\\/2026\\\/04\\\/James-Baroud-awnings-SUV.jpg\",\"datePublished\":\"2023-04-06T13:52:02+00:00\",\"dateModified\":\"2024-01-31T21:19:24+00:00\",\"description\":\"Ut\u00f6ka din bostadsyta med JAMES BAROUD SIDE-AWNING f\u00f6r t\u00e4lttak. Finns i 2 storlekar, med valfria sidov\u00e4ggar, och \u00e4r enkel att installera och f\u00f6rvara. Handla nu.\",\"breadcrumb\":{\"@id\":\"https:\\\/\\\/balticoverlanders.eu\\\/sv\\\/produkt\\\/james-baroud-klassisk-sidomarkis\\\/#breadcrumb\"},\"inLanguage\":\"sv-SE\",\"potentialAction\":[{\"@type\":\"ReadAction\",\"target\":[\"https:\\\/\\\/balticoverlanders.eu\\\/sv\\\/produkt\\\/james-baroud-klassisk-sidomarkis\\\/\"]}]},{\"@type\":\"ImageObject\",\"inLanguage\":\"sv-SE\",\"@id\":\"https:\\\/\\\/balticoverlanders.eu\\\/sv\\\/produkt\\\/james-baroud-klassisk-sidomarkis\\\/#primaryimage\",\"url\":\"https:\\\/\\\/balticoverlanders.eu\\\/wp-content\\\/uploads\\\/2026\\\/04\\\/James-Baroud-awnings-SUV.jpg\",\"contentUrl\":\"https:\\\/\\\/balticoverlanders.eu\\\/wp-content\\\/uploads\\\/2026\\\/04\\\/James-Baroud-awnings-SUV.jpg\",\"width\":1500,\"height\":1000,\"caption\":\"James Baroud Awning\"},{\"@type\":\"BreadcrumbList\",\"@id\":\"https:\\\/\\\/balticoverlanders.eu\\\/sv\\\/produkt\\\/james-baroud-klassisk-sidomarkis\\\/#breadcrumb\",\"itemListElement\":[{\"@type\":\"ListItem\",\"position\":1,\"name\":\"Home\",\"item\":\"https:\\\/\\\/balticoverlanders.eu\\\/sv\\\/?page_id=30156\"},{\"@type\":\"ListItem\",\"position\":2,\"name\":\"Butik\",\"item\":\"https:\\\/\\\/balticoverlanders.eu\\\/sv\\\/?page_id=30894\"},{\"@type\":\"ListItem\",\"position\":3,\"name\":\"James Baroud klassisk sidomarkis\"}]},{\"@type\":\"WebSite\",\"@id\":\"https:\\\/\\\/balticoverlanders.eu\\\/sv\\\/#website\",\"url\":\"https:\\\/\\\/balticoverlanders.eu\\\/sv\\\/\",\"name\":\"BALTIC OVERLANDERS\",\"description\":\"Your one-stop shop in Latvia, Estonia, and Lithuania for all your car camping, rooftop tent and accessory needs.\",\"potentialAction\":[{\"@type\":\"SearchAction\",\"target\":{\"@type\":\"EntryPoint\",\"urlTemplate\":\"https:\\\/\\\/balticoverlanders.eu\\\/sv\\\/?s={search_term_string}\"},\"query-input\":{\"@type\":\"PropertyValueSpecification\",\"valueRequired\":true,\"valueName\":\"search_term_string\"}}],\"inLanguage\":\"sv-SE\"}]}<\/script>\n<!-- \/ Yoast SEO plugin. -->","yoast_head_json":{"title":"Sidot\u00e4lt f\u00f6r takf\u00f6rsedda t\u00e4lt - BALTIC OVERLANDERS","description":"Ut\u00f6ka din bostadsyta med JAMES BAROUD SIDE-AWNING f\u00f6r t\u00e4lttak. Finns i 2 storlekar, med valfria sidov\u00e4ggar, och \u00e4r enkel att installera och f\u00f6rvara. Handla nu.","robots":{"index":"index","follow":"follow","max-snippet":"max-snippet:-1","max-image-preview":"max-image-preview:large","max-video-preview":"max-video-preview:-1"},"canonical":"https:\/\/balticoverlanders.eu\/sv\/produkt\/james-baroud-klassisk-sidomarkis\/","og_locale":"sv_SE","og_type":"article","og_title":"Ut\u00f6ka din bostadsyta med JAMES BAROUD SIDE-AWNING f\u00f6r camping med t\u00e4lt p\u00e5 taket","og_description":"JAMES BAROUD SIDE-AWNING \u00e4r en smart designad markis med valfria sidov\u00e4ggar som skapar extra bostadsyta samtidigt som den skyddar mot sol eller regn. Denna m\u00e5ngsidiga markis finns i tre storlekar och \u00e4r l\u00e4tt att montera och stuva undan.","og_url":"https:\/\/balticoverlanders.eu\/sv\/produkt\/james-baroud-klassisk-sidomarkis\/","og_site_name":"BALTIC OVERLANDERS","article_modified_time":"2024-01-31T21:19:24+00:00","og_image":[{"width":685,"height":576,"url":"https:\/\/balticoverlanders.eu\/wp-content\/uploads\/2023\/04\/5_james_baroud_products_accessories_awning_side_14544485960703e69007c3.png","type":"image\/png"}],"twitter_card":"summary_large_image","twitter_title":"Camping med t\u00e4lt p\u00e5 taket blev b\u00e4ttre med JAMES BAROUD SIDE-AWNING","twitter_description":"Skapa mer bostadsyta och skydda mot v\u00e4der och vind med JAMES BAROUD SIDE-AWNING f\u00f6r takt\u00e4lt. Finns i tre storlekar med sidov\u00e4ggar som tillval. #takt\u00e4lt #campingutrustning","twitter_misc":{"Ber\u00e4knad l\u00e4stid":"1 minut"},"schema":{"@context":"https:\/\/schema.org","@graph":[{"@type":"WebPage","@id":"https:\/\/balticoverlanders.eu\/sv\/produkt\/james-baroud-klassisk-sidomarkis\/","url":"https:\/\/balticoverlanders.eu\/sv\/produkt\/james-baroud-klassisk-sidomarkis\/","name":"Sidot\u00e4lt f\u00f6r takf\u00f6rsedda t\u00e4lt - BALTIC OVERLANDERS","isPartOf":{"@id":"https:\/\/balticoverlanders.eu\/sv\/#website"},"primaryImageOfPage":{"@id":"https:\/\/balticoverlanders.eu\/sv\/produkt\/james-baroud-klassisk-sidomarkis\/#primaryimage"},"image":{"@id":"https:\/\/balticoverlanders.eu\/sv\/produkt\/james-baroud-klassisk-sidomarkis\/#primaryimage"},"thumbnailUrl":"https:\/\/balticoverlanders.eu\/wp-content\/uploads\/2026\/04\/James-Baroud-awnings-SUV.jpg","datePublished":"2023-04-06T13:52:02+00:00","dateModified":"2024-01-31T21:19:24+00:00","description":"Ut\u00f6ka din bostadsyta med JAMES BAROUD SIDE-AWNING f\u00f6r t\u00e4lttak. Finns i 2 storlekar, med valfria sidov\u00e4ggar, och \u00e4r enkel att installera och f\u00f6rvara. Handla nu.","breadcrumb":{"@id":"https:\/\/balticoverlanders.eu\/sv\/produkt\/james-baroud-klassisk-sidomarkis\/#breadcrumb"},"inLanguage":"sv-SE","potentialAction":[{"@type":"ReadAction","target":["https:\/\/balticoverlanders.eu\/sv\/produkt\/james-baroud-klassisk-sidomarkis\/"]}]},{"@type":"ImageObject","inLanguage":"sv-SE","@id":"https:\/\/balticoverlanders.eu\/sv\/produkt\/james-baroud-klassisk-sidomarkis\/#primaryimage","url":"https:\/\/balticoverlanders.eu\/wp-content\/uploads\/2026\/04\/James-Baroud-awnings-SUV.jpg","contentUrl":"https:\/\/balticoverlanders.eu\/wp-content\/uploads\/2026\/04\/James-Baroud-awnings-SUV.jpg","width":1500,"height":1000,"caption":"James Baroud Awning"},{"@type":"BreadcrumbList","@id":"https:\/\/balticoverlanders.eu\/sv\/produkt\/james-baroud-klassisk-sidomarkis\/#breadcrumb","itemListElement":[{"@type":"ListItem","position":1,"name":"Home","item":"https:\/\/balticoverlanders.eu\/sv\/?page_id=30156"},{"@type":"ListItem","position":2,"name":"Butik","item":"https:\/\/balticoverlanders.eu\/sv\/?page_id=30894"},{"@type":"ListItem","position":3,"name":"James Baroud klassisk sidomarkis"}]},{"@type":"WebSite","@id":"https:\/\/balticoverlanders.eu\/sv\/#website","url":"https:\/\/balticoverlanders.eu\/sv\/","name":"BALTIC OVERLANDERS","description":"Your one-stop shop in Latvia, Estonia, and Lithuania for all your car camping, rooftop tent and accessory needs.","potentialAction":[{"@type":"SearchAction","target":{"@type":"EntryPoint","urlTemplate":"https:\/\/balticoverlanders.eu\/sv\/?s={search_term_string}"},"query-input":{"@type":"PropertyValueSpecification","valueRequired":true,"valueName":"search_term_string"}}],"inLanguage":"sv-SE"}]}},"_links":{"self":[{"href":"https:\/\/balticoverlanders.eu\/sv\/wp-json\/wp\/v2\/product\/29774","targetHints":{"allow":["GET"]}}],"collection":[{"href":"https:\/\/balticoverlanders.eu\/sv\/wp-json\/wp\/v2\/product"}],"about":[{"href":"https:\/\/balticoverlanders.eu\/sv\/wp-json\/wp\/v2\/types\/product"}],"wp:featuredmedia":[{"embeddable":true,"href":"https:\/\/balticoverlanders.eu\/sv\/wp-json\/wp\/v2\/media\/158257"}],"wp:attachment":[{"href":"https:\/\/balticoverlanders.eu\/sv\/wp-json\/wp\/v2\/media?parent=29774"}],"wp:term":[{"taxonomy":"product_brand","embeddable":true,"href":"https:\/\/balticoverlanders.eu\/sv\/wp-json\/wp\/v2\/product_brand?post=29774"},{"taxonomy":"product_cat","embeddable":true,"href":"https:\/\/balticoverlanders.eu\/sv\/wp-json\/wp\/v2\/product_cat?post=29774"},{"taxonomy":"product_tag","embeddable":true,"href":"https:\/\/balticoverlanders.eu\/sv\/wp-json\/wp\/v2\/product_tag?post=29774"}],"curies":[{"name":"wp","href":"https:\/\/api.w.org\/{rel}","templated":true}]}}