{"id":29919,"date":"2023-03-18T16:21:10","date_gmt":"2023-03-18T14:21:10","guid":{"rendered":"https:\/\/balticoverlanders.eu\/product\/james-baroud-odyssey-m\/"},"modified":"2024-01-31T23:19:40","modified_gmt":"2024-01-31T21:19:40","slug":"james-baroud-odyssey-m","status":"publish","type":"product","link":"https:\/\/balticoverlanders.eu\/sv\/produkt\/james-baroud-odyssey-m\/","title":{"rendered":"James Baroud Odyssey M"},"content":{"rendered":"<p><strong>James Baroud Odyssey M: h\u00f6gkvalitativt takt\u00e4lt med 100 % m\u00f6rkl\u00e4ggning f\u00f6r ultimat komfort<\/strong><\/p>\n<p><em>Upplev exceptionella camping\u00e4ventyr med ett takt\u00e4lt som \u00e4r utformat f\u00f6r alla milj\u00f6er!<\/em><\/p>\n<p><strong>Perfekt f\u00f6r 2 vuxna och 1 barn<\/strong><\/p>\n<ul>\n<li>Madrassens storlek: 140cm x 200cm<\/li>\n<li>\u00d6ppen H\u00f6jd: 100cm<\/li>\n<\/ul>\n<p><strong>Takmonterat t\u00e4lt f\u00f6r alla \u00e4ndam\u00e5l<\/strong><\/p>\n<ul>\n<li>L\u00e5g vikt: Kan enkelt installeras av 2 personer<\/li>\n<li>Plats f\u00f6r 2 vuxna och 1 barn<\/li>\n<li>Motst\u00e5ndskraftig i extrema milj\u00f6er<\/li>\n<\/ul>\n<p><strong>O\u00f6vertr\u00e4ffad komfort och bekv\u00e4mlighet<\/strong><\/p>\n<ul>\n<li>Madrass med h\u00f6g densitet f\u00f6r ultimat avkoppling<\/li>\n<li>100% m\u00f6rkl\u00e4ggande, isolerande och motst\u00e5ndskraftigt tyg<\/li>\n<li>Snabb och enkel installation och demontering p\u00e5 bara 1 minut<\/li>\n<\/ul>\n<p>Oavsett om du \u00e4r ensam i \u00f6knen eller campar med familjen i skogen kan du lita p\u00e5 att James Baroud Odyssey ger dig h\u00f6gsta kvalitet, s\u00e4kerhet och komfort p\u00e5 varje resa.<\/p>\n","protected":false},"excerpt":{"rendered":"<p>Uppt\u00e4ck den ultimata utomhusflykten: James Baroud Odyssey M Takt\u00e4lt!<\/p>\n<p>&#8211; Bekv\u00e4m sovplats f\u00f6r 2 vuxna och 1 barn, med en 140&#215;200 cm h\u00f6gdensitetsmadrass &#8211; Snabb installation p\u00e5 en minut, 100% m\u00f6rkl\u00e4ggning och h\u00e5llbara material f\u00f6r extrema f\u00f6rh\u00e5llanden &#8211; 360\u00ba utsikt, solcellsdriven ventil och anpassningsbara tv\u00e4rstag f\u00f6r extra f\u00f6rvaring<\/p>\n<p>Lyft dina camping\u00e4ventyr till nya h\u00f6jder med det ultimata inom komfort och bekv\u00e4mlighet. Missa inte takterrassen som g\u00f6r utomhusvistelsen till n\u00e5got helt nytt!<\/p>\n","protected":false},"featured_media":8365,"template":"","meta":[],"product_brand":[],"product_cat":[367,381],"product_tag":[],"class_list":{"0":"post-29919","1":"product","2":"type-product","3":"status-publish","4":"has-post-thumbnail","6":"product_cat-james-baroud-sv","7":"product_cat-talt-pa-tak","9":"first","10":"instock","11":"taxable","12":"shipping-taxable","13":"purchasable","14":"product-type-variable"},"yoast_head":"<!-- This site is optimized with the Yoast SEO plugin v27.3 - https:\/\/yoast.com\/product\/yoast-seo-wordpress\/ -->\n<title>James Baroud Odyssey M - BALTIC OVERLANDERS<\/title>\n<meta name=\"robots\" content=\"index, follow, max-snippet:-1, max-image-preview:large, max-video-preview:-1\" \/>\n<link rel=\"canonical\" href=\"https:\/\/balticoverlanders.eu\/sv\/produkt\/james-baroud-odyssey-m\/\" \/>\n<meta property=\"og:locale\" content=\"sv_SE\" \/>\n<meta property=\"og:type\" content=\"article\" \/>\n<meta property=\"og:title\" content=\"James Baroud Odyssey M - BALTIC OVERLANDERS\" \/>\n<meta property=\"og:description\" content=\"Uppt\u00e4ck den ultimata utomhusflykten: James Baroud Odyssey M Takt\u00e4lt! - Bekv\u00e4m sovplats f\u00f6r 2 vuxna och 1 barn, med en 140x200 cm h\u00f6gdensitetsmadrass - Snabb installation p\u00e5 en minut, 100% m\u00f6rkl\u00e4ggning och h\u00e5llbara material f\u00f6r extrema f\u00f6rh\u00e5llanden - 360\u00ba utsikt, solcellsdriven ventil och anpassningsbara tv\u00e4rstag f\u00f6r extra f\u00f6rvaring Lyft dina camping\u00e4ventyr till nya h\u00f6jder med det ultimata inom komfort och bekv\u00e4mlighet. Missa inte takterrassen som g\u00f6r utomhusvistelsen till n\u00e5got helt nytt!\" \/>\n<meta property=\"og:url\" content=\"https:\/\/balticoverlanders.eu\/sv\/produkt\/james-baroud-odyssey-m\/\" \/>\n<meta property=\"og:site_name\" content=\"BALTIC OVERLANDERS\" \/>\n<meta property=\"article:modified_time\" content=\"2024-01-31T21:19:40+00:00\" \/>\n<meta property=\"og:image\" content=\"https:\/\/balticoverlanders.eu\/wp-content\/uploads\/2023\/03\/James-Baroud-Odyssey-Transparent-BG1.png\" \/>\n\t<meta property=\"og:image:width\" content=\"1000\" \/>\n\t<meta property=\"og:image:height\" content=\"667\" \/>\n\t<meta property=\"og:image:type\" content=\"image\/png\" \/>\n<meta name=\"twitter:card\" content=\"summary_large_image\" \/>\n<meta name=\"twitter:label1\" content=\"Ber\u00e4knad l\u00e4stid\" \/>\n\t<meta name=\"twitter:data1\" content=\"1 minut\" \/>\n<script type=\"application\/ld+json\" class=\"yoast-schema-graph\">{\"@context\":\"https:\\\/\\\/schema.org\",\"@graph\":[{\"@type\":\"WebPage\",\"@id\":\"https:\\\/\\\/balticoverlanders.eu\\\/sv\\\/produkt\\\/james-baroud-odyssey-m\\\/\",\"url\":\"https:\\\/\\\/balticoverlanders.eu\\\/sv\\\/produkt\\\/james-baroud-odyssey-m\\\/\",\"name\":\"James Baroud Odyssey M - BALTIC OVERLANDERS\",\"isPartOf\":{\"@id\":\"https:\\\/\\\/balticoverlanders.eu\\\/sv\\\/#website\"},\"primaryImageOfPage\":{\"@id\":\"https:\\\/\\\/balticoverlanders.eu\\\/sv\\\/produkt\\\/james-baroud-odyssey-m\\\/#primaryimage\"},\"image\":{\"@id\":\"https:\\\/\\\/balticoverlanders.eu\\\/sv\\\/produkt\\\/james-baroud-odyssey-m\\\/#primaryimage\"},\"thumbnailUrl\":\"https:\\\/\\\/balticoverlanders.eu\\\/wp-content\\\/uploads\\\/2023\\\/03\\\/James-Baroud-Odyssey-Transparent-BG1.png\",\"datePublished\":\"2023-03-18T14:21:10+00:00\",\"dateModified\":\"2024-01-31T21:19:40+00:00\",\"breadcrumb\":{\"@id\":\"https:\\\/\\\/balticoverlanders.eu\\\/sv\\\/produkt\\\/james-baroud-odyssey-m\\\/#breadcrumb\"},\"inLanguage\":\"sv-SE\",\"potentialAction\":[{\"@type\":\"ReadAction\",\"target\":[\"https:\\\/\\\/balticoverlanders.eu\\\/sv\\\/produkt\\\/james-baroud-odyssey-m\\\/\"]}]},{\"@type\":\"ImageObject\",\"inLanguage\":\"sv-SE\",\"@id\":\"https:\\\/\\\/balticoverlanders.eu\\\/sv\\\/produkt\\\/james-baroud-odyssey-m\\\/#primaryimage\",\"url\":\"https:\\\/\\\/balticoverlanders.eu\\\/wp-content\\\/uploads\\\/2023\\\/03\\\/James-Baroud-Odyssey-Transparent-BG1.png\",\"contentUrl\":\"https:\\\/\\\/balticoverlanders.eu\\\/wp-content\\\/uploads\\\/2023\\\/03\\\/James-Baroud-Odyssey-Transparent-BG1.png\",\"width\":1000,\"height\":667},{\"@type\":\"BreadcrumbList\",\"@id\":\"https:\\\/\\\/balticoverlanders.eu\\\/sv\\\/produkt\\\/james-baroud-odyssey-m\\\/#breadcrumb\",\"itemListElement\":[{\"@type\":\"ListItem\",\"position\":1,\"name\":\"Home\",\"item\":\"https:\\\/\\\/balticoverlanders.eu\\\/sv\\\/?page_id=30156\"},{\"@type\":\"ListItem\",\"position\":2,\"name\":\"Butik\",\"item\":\"https:\\\/\\\/balticoverlanders.eu\\\/sv\\\/?page_id=30894\"},{\"@type\":\"ListItem\",\"position\":3,\"name\":\"James Baroud Odyssey M\"}]},{\"@type\":\"WebSite\",\"@id\":\"https:\\\/\\\/balticoverlanders.eu\\\/sv\\\/#website\",\"url\":\"https:\\\/\\\/balticoverlanders.eu\\\/sv\\\/\",\"name\":\"BALTIC OVERLANDERS\",\"description\":\"Your one-stop shop in Latvia, Estonia, and Lithuania for all your car camping, rooftop tent and accessory needs.\",\"potentialAction\":[{\"@type\":\"SearchAction\",\"target\":{\"@type\":\"EntryPoint\",\"urlTemplate\":\"https:\\\/\\\/balticoverlanders.eu\\\/sv\\\/?s={search_term_string}\"},\"query-input\":{\"@type\":\"PropertyValueSpecification\",\"valueRequired\":true,\"valueName\":\"search_term_string\"}}],\"inLanguage\":\"sv-SE\"}]}<\/script>\n<!-- \/ Yoast SEO plugin. -->","yoast_head_json":{"title":"James Baroud Odyssey M - BALTIC OVERLANDERS","robots":{"index":"index","follow":"follow","max-snippet":"max-snippet:-1","max-image-preview":"max-image-preview:large","max-video-preview":"max-video-preview:-1"},"canonical":"https:\/\/balticoverlanders.eu\/sv\/produkt\/james-baroud-odyssey-m\/","og_locale":"sv_SE","og_type":"article","og_title":"James Baroud Odyssey M - BALTIC OVERLANDERS","og_description":"Uppt\u00e4ck den ultimata utomhusflykten: James Baroud Odyssey M Takt\u00e4lt! - Bekv\u00e4m sovplats f\u00f6r 2 vuxna och 1 barn, med en 140x200 cm h\u00f6gdensitetsmadrass - Snabb installation p\u00e5 en minut, 100% m\u00f6rkl\u00e4ggning och h\u00e5llbara material f\u00f6r extrema f\u00f6rh\u00e5llanden - 360\u00ba utsikt, solcellsdriven ventil och anpassningsbara tv\u00e4rstag f\u00f6r extra f\u00f6rvaring Lyft dina camping\u00e4ventyr till nya h\u00f6jder med det ultimata inom komfort och bekv\u00e4mlighet. Missa inte takterrassen som g\u00f6r utomhusvistelsen till n\u00e5got helt nytt!","og_url":"https:\/\/balticoverlanders.eu\/sv\/produkt\/james-baroud-odyssey-m\/","og_site_name":"BALTIC OVERLANDERS","article_modified_time":"2024-01-31T21:19:40+00:00","og_image":[{"width":1000,"height":667,"url":"https:\/\/balticoverlanders.eu\/wp-content\/uploads\/2023\/03\/James-Baroud-Odyssey-Transparent-BG1.png","type":"image\/png"}],"twitter_card":"summary_large_image","twitter_misc":{"Ber\u00e4knad l\u00e4stid":"1 minut"},"schema":{"@context":"https:\/\/schema.org","@graph":[{"@type":"WebPage","@id":"https:\/\/balticoverlanders.eu\/sv\/produkt\/james-baroud-odyssey-m\/","url":"https:\/\/balticoverlanders.eu\/sv\/produkt\/james-baroud-odyssey-m\/","name":"James Baroud Odyssey M - BALTIC OVERLANDERS","isPartOf":{"@id":"https:\/\/balticoverlanders.eu\/sv\/#website"},"primaryImageOfPage":{"@id":"https:\/\/balticoverlanders.eu\/sv\/produkt\/james-baroud-odyssey-m\/#primaryimage"},"image":{"@id":"https:\/\/balticoverlanders.eu\/sv\/produkt\/james-baroud-odyssey-m\/#primaryimage"},"thumbnailUrl":"https:\/\/balticoverlanders.eu\/wp-content\/uploads\/2023\/03\/James-Baroud-Odyssey-Transparent-BG1.png","datePublished":"2023-03-18T14:21:10+00:00","dateModified":"2024-01-31T21:19:40+00:00","breadcrumb":{"@id":"https:\/\/balticoverlanders.eu\/sv\/produkt\/james-baroud-odyssey-m\/#breadcrumb"},"inLanguage":"sv-SE","potentialAction":[{"@type":"ReadAction","target":["https:\/\/balticoverlanders.eu\/sv\/produkt\/james-baroud-odyssey-m\/"]}]},{"@type":"ImageObject","inLanguage":"sv-SE","@id":"https:\/\/balticoverlanders.eu\/sv\/produkt\/james-baroud-odyssey-m\/#primaryimage","url":"https:\/\/balticoverlanders.eu\/wp-content\/uploads\/2023\/03\/James-Baroud-Odyssey-Transparent-BG1.png","contentUrl":"https:\/\/balticoverlanders.eu\/wp-content\/uploads\/2023\/03\/James-Baroud-Odyssey-Transparent-BG1.png","width":1000,"height":667},{"@type":"BreadcrumbList","@id":"https:\/\/balticoverlanders.eu\/sv\/produkt\/james-baroud-odyssey-m\/#breadcrumb","itemListElement":[{"@type":"ListItem","position":1,"name":"Home","item":"https:\/\/balticoverlanders.eu\/sv\/?page_id=30156"},{"@type":"ListItem","position":2,"name":"Butik","item":"https:\/\/balticoverlanders.eu\/sv\/?page_id=30894"},{"@type":"ListItem","position":3,"name":"James Baroud Odyssey M"}]},{"@type":"WebSite","@id":"https:\/\/balticoverlanders.eu\/sv\/#website","url":"https:\/\/balticoverlanders.eu\/sv\/","name":"BALTIC OVERLANDERS","description":"Your one-stop shop in Latvia, Estonia, and Lithuania for all your car camping, rooftop tent and accessory needs.","potentialAction":[{"@type":"SearchAction","target":{"@type":"EntryPoint","urlTemplate":"https:\/\/balticoverlanders.eu\/sv\/?s={search_term_string}"},"query-input":{"@type":"PropertyValueSpecification","valueRequired":true,"valueName":"search_term_string"}}],"inLanguage":"sv-SE"}]}},"_links":{"self":[{"href":"https:\/\/balticoverlanders.eu\/sv\/wp-json\/wp\/v2\/product\/29919","targetHints":{"allow":["GET"]}}],"collection":[{"href":"https:\/\/balticoverlanders.eu\/sv\/wp-json\/wp\/v2\/product"}],"about":[{"href":"https:\/\/balticoverlanders.eu\/sv\/wp-json\/wp\/v2\/types\/product"}],"wp:featuredmedia":[{"embeddable":true,"href":"https:\/\/balticoverlanders.eu\/sv\/wp-json\/wp\/v2\/media\/8365"}],"wp:attachment":[{"href":"https:\/\/balticoverlanders.eu\/sv\/wp-json\/wp\/v2\/media?parent=29919"}],"wp:term":[{"taxonomy":"product_brand","embeddable":true,"href":"https:\/\/balticoverlanders.eu\/sv\/wp-json\/wp\/v2\/product_brand?post=29919"},{"taxonomy":"product_cat","embeddable":true,"href":"https:\/\/balticoverlanders.eu\/sv\/wp-json\/wp\/v2\/product_cat?post=29919"},{"taxonomy":"product_tag","embeddable":true,"href":"https:\/\/balticoverlanders.eu\/sv\/wp-json\/wp\/v2\/product_tag?post=29919"}],"curies":[{"name":"wp","href":"https:\/\/api.w.org\/{rel}","templated":true}]}}