{"id":30306,"date":"2023-03-12T11:30:04","date_gmt":"2023-03-12T09:30:04","guid":{"rendered":"https:\/\/balticoverlanders.eu\/product\/james-baroud-rymd-xl\/"},"modified":"2024-01-31T23:21:30","modified_gmt":"2024-01-31T21:21:30","slug":"james-baroud-rymd-xl","status":"publish","type":"product","link":"https:\/\/balticoverlanders.eu\/sv\/produkt\/james-baroud-rymd-xl\/","title":{"rendered":"James Baroud Rymd XL"},"content":{"rendered":"<p>James Baroud Space XL-takt\u00e4ltet \u00e4r perfekt f\u00f6r familjer p\u00e5 fyra personer som vill ha mer takh\u00f6jd och utrymme n\u00e4r de campar. Detta innovativa t\u00e4lt har en madrassstorlek p\u00e5 160 cm x 224 cm och en \u00f6ppen h\u00f6jd p\u00e5 155 cm, vilket ger gott om plats f\u00f6r tv\u00e5 vuxna och tv\u00e5 barn.<\/p>\n<p>T\u00e4ltets fr\u00e4mre kompassdesign ger extra utrymme f\u00f6r l\u00e4ngre personer, med 40 cm f\u00f6r f\u00f6tterna och 145 cm f\u00f6r huvudet. Den r\u00e4fflade takprofilen \u00f6kar luftcirkulationen genom t\u00e4ltet och ger en naturlig ventilation f\u00f6r varmare luft n\u00e4r den stiger upp\u00e5t.<\/p>\n<p>T\u00e4ltet har stora d\u00f6rrar och f\u00f6nster som ger korsstr\u00f6msventilation, vilket g\u00f6r interi\u00f6ren sval och bekv\u00e4m. T\u00e4ltet ger ocks\u00e5 en 180\u00ba utsikt \u00f6ver omgivningen, s\u00e5 att du kan njuta av naturen fr\u00e5n bekv\u00e4mligheten av ditt eget t\u00e4lt.<\/p>\n<p>Den finns i storlekarna S med 130&#215;200 cm, M med 140&#215;200 cm och XL med 160&#215;224 cm.<\/p>\n<p><img fetchpriority=\"high\" decoding=\"async\" class=\"alignnone size-medium wp-image-6080\" src=\"https:\/\/balticoverlanders.eu\/wp-content\/uploads\/2023\/03\/SpaceXL_1-300x300.png\" alt=\"\" width=\"300\" height=\"300\" srcset=\"https:\/\/balticoverlanders.eu\/wp-content\/uploads\/2023\/03\/SpaceXL_1-300x300.png 300w, https:\/\/balticoverlanders.eu\/wp-content\/uploads\/2023\/03\/SpaceXL_1-150x150.png 150w, https:\/\/balticoverlanders.eu\/wp-content\/uploads\/2023\/03\/SpaceXL_1.png 500w\" sizes=\"(max-width: 300px) 100vw, 300px\" \/><img decoding=\"async\" class=\"alignnone size-medium wp-image-6079\" src=\"https:\/\/balticoverlanders.eu\/wp-content\/uploads\/2023\/03\/SpaceXL_2-300x300.png\" alt=\"\" width=\"300\" height=\"300\" srcset=\"https:\/\/balticoverlanders.eu\/wp-content\/uploads\/2023\/03\/SpaceXL_2-300x300.png 300w, https:\/\/balticoverlanders.eu\/wp-content\/uploads\/2023\/03\/SpaceXL_2-150x150.png 150w, https:\/\/balticoverlanders.eu\/wp-content\/uploads\/2023\/03\/SpaceXL_2.png 500w\" sizes=\"(max-width: 300px) 100vw, 300px\" \/><img decoding=\"async\" class=\"alignnone size-medium wp-image-6078\" src=\"https:\/\/balticoverlanders.eu\/wp-content\/uploads\/2023\/03\/SpaceXL_3-300x300.png\" alt=\"\" width=\"300\" height=\"300\" srcset=\"https:\/\/balticoverlanders.eu\/wp-content\/uploads\/2023\/03\/SpaceXL_3-300x300.png 300w, https:\/\/balticoverlanders.eu\/wp-content\/uploads\/2023\/03\/SpaceXL_3-150x150.png 150w, https:\/\/balticoverlanders.eu\/wp-content\/uploads\/2023\/03\/SpaceXL_3.png 500w\" sizes=\"(max-width: 300px) 100vw, 300px\" \/><img loading=\"lazy\" decoding=\"async\" class=\"alignnone size-medium wp-image-6077\" src=\"https:\/\/balticoverlanders.eu\/wp-content\/uploads\/2023\/03\/SpaceXL_4-300x300.png\" alt=\"\" width=\"300\" height=\"300\" srcset=\"https:\/\/balticoverlanders.eu\/wp-content\/uploads\/2023\/03\/SpaceXL_4-300x300.png 300w, https:\/\/balticoverlanders.eu\/wp-content\/uploads\/2023\/03\/SpaceXL_4-150x150.png 150w, https:\/\/balticoverlanders.eu\/wp-content\/uploads\/2023\/03\/SpaceXL_4.png 500w\" sizes=\"(max-width: 300px) 100vw, 300px\" \/><\/p>\n","protected":false},"excerpt":{"rendered":"<p>SPACE XL &#8211; Mer takutrymme, mer komfort.<\/p>\n<ul>\n<li class=\"preFade fadeIn disable-executed-animation\">f\u00f6r 2 vuxna och 2 barn<\/li>\n<li class=\"preFade fadeIn disable-executed-animation\">madrassstorlek 160 cm x 224 cm<\/li>\n<li class=\"preFade fadeIn disable-executed-animation\">\u00f6ppen h\u00f6jd 155 cm<\/li>\n<\/ul>\n<p>INNOVATION, KOMFORT, STYRKA OCH SNABBHET<\/p>\n<p>Det h\u00e4r \u00e4r de viktigaste faktorerna som har gjort James Baroud-t\u00e4lten k\u00e4nda \u00f6ver hela v\u00e4rlden<\/p>\n","protected":false},"featured_media":6087,"template":"","meta":[],"product_brand":[],"product_cat":[367,381],"product_tag":[],"class_list":{"0":"post-30306","1":"product","2":"type-product","3":"status-publish","4":"has-post-thumbnail","6":"product_cat-james-baroud-sv","7":"product_cat-talt-pa-tak","9":"first","10":"instock","11":"taxable","12":"shipping-taxable","13":"purchasable","14":"product-type-variable"},"yoast_head":"<!-- This site is optimized with the Yoast SEO plugin v27.2 - https:\/\/yoast.com\/product\/yoast-seo-wordpress\/ -->\n<title>James Baroud Space XL Takt\u00e4lt - BALTIC OVERLANDERS<\/title>\n<meta name=\"description\" content=\"James Baroud Space XL-t\u00e4ltet p\u00e5 taket har gott om plats f\u00f6r 2 vuxna och 2 barn. Dess innovativa design och funktioner ger en bekv\u00e4m campingupplevelse.\" \/>\n<meta name=\"robots\" content=\"index, follow, max-snippet:-1, max-image-preview:large, max-video-preview:-1\" \/>\n<link rel=\"canonical\" href=\"https:\/\/balticoverlanders.eu\/sv\/produkt\/james-baroud-rymd-xl\/\" \/>\n<meta property=\"og:locale\" content=\"sv_SE\" \/>\n<meta property=\"og:type\" content=\"article\" \/>\n<meta property=\"og:title\" content=\"James Baroud Space XL Takt\u00e4lt - BALTIC OVERLANDERS\" \/>\n<meta property=\"og:description\" content=\"James Baroud Space XL-t\u00e4ltet p\u00e5 taket har gott om plats f\u00f6r 2 vuxna och 2 barn. Dess innovativa design och funktioner ger en bekv\u00e4m campingupplevelse.\" \/>\n<meta property=\"og:url\" content=\"https:\/\/balticoverlanders.eu\/sv\/produkt\/james-baroud-rymd-xl\/\" \/>\n<meta property=\"og:site_name\" content=\"BALTIC OVERLANDERS\" \/>\n<meta property=\"article:modified_time\" content=\"2024-01-31T21:21:30+00:00\" \/>\n<meta property=\"og:image\" content=\"https:\/\/balticoverlanders.eu\/wp-content\/uploads\/2023\/03\/SpaceSTD-Black18-1.png\" \/>\n\t<meta property=\"og:image:width\" content=\"1000\" \/>\n\t<meta property=\"og:image:height\" content=\"667\" \/>\n\t<meta property=\"og:image:type\" content=\"image\/png\" \/>\n<meta name=\"twitter:card\" content=\"summary_large_image\" \/>\n<meta name=\"twitter:label1\" content=\"Ber\u00e4knad l\u00e4stid\" \/>\n\t<meta name=\"twitter:data1\" content=\"1 minut\" \/>\n<script type=\"application\/ld+json\" class=\"yoast-schema-graph\">{\"@context\":\"https:\/\/schema.org\",\"@graph\":[{\"@type\":\"WebPage\",\"@id\":\"https:\/\/balticoverlanders.eu\/sv\/produkt\/james-baroud-rymd-xl\/\",\"url\":\"https:\/\/balticoverlanders.eu\/sv\/produkt\/james-baroud-rymd-xl\/\",\"name\":\"James Baroud Space XL Takt\u00e4lt - BALTIC OVERLANDERS\",\"isPartOf\":{\"@id\":\"https:\/\/balticoverlanders.eu\/sv\/#website\"},\"primaryImageOfPage\":{\"@id\":\"https:\/\/balticoverlanders.eu\/sv\/produkt\/james-baroud-rymd-xl\/#primaryimage\"},\"image\":{\"@id\":\"https:\/\/balticoverlanders.eu\/sv\/produkt\/james-baroud-rymd-xl\/#primaryimage\"},\"thumbnailUrl\":\"https:\/\/balticoverlanders.eu\/wp-content\/uploads\/2023\/03\/SpaceSTD-Black18-1.png\",\"datePublished\":\"2023-03-12T09:30:04+00:00\",\"dateModified\":\"2024-01-31T21:21:30+00:00\",\"description\":\"James Baroud Space XL-t\u00e4ltet p\u00e5 taket har gott om plats f\u00f6r 2 vuxna och 2 barn. Dess innovativa design och funktioner ger en bekv\u00e4m campingupplevelse.\",\"breadcrumb\":{\"@id\":\"https:\/\/balticoverlanders.eu\/sv\/produkt\/james-baroud-rymd-xl\/#breadcrumb\"},\"inLanguage\":\"sv-SE\",\"potentialAction\":[{\"@type\":\"ReadAction\",\"target\":[\"https:\/\/balticoverlanders.eu\/sv\/produkt\/james-baroud-rymd-xl\/\"]}]},{\"@type\":\"ImageObject\",\"inLanguage\":\"sv-SE\",\"@id\":\"https:\/\/balticoverlanders.eu\/sv\/produkt\/james-baroud-rymd-xl\/#primaryimage\",\"url\":\"https:\/\/balticoverlanders.eu\/wp-content\/uploads\/2023\/03\/SpaceSTD-Black18-1.png\",\"contentUrl\":\"https:\/\/balticoverlanders.eu\/wp-content\/uploads\/2023\/03\/SpaceSTD-Black18-1.png\",\"width\":1000,\"height\":667,\"caption\":\"\\\"Experience comfortable camping with the spacious James Baroud Space XL rooftop tent for a car, perfect for families of four.\"},{\"@type\":\"BreadcrumbList\",\"@id\":\"https:\/\/balticoverlanders.eu\/sv\/produkt\/james-baroud-rymd-xl\/#breadcrumb\",\"itemListElement\":[{\"@type\":\"ListItem\",\"position\":1,\"name\":\"Home\",\"item\":\"https:\/\/balticoverlanders.eu\/sv\/?page_id=30156\"},{\"@type\":\"ListItem\",\"position\":2,\"name\":\"Butik\",\"item\":\"https:\/\/balticoverlanders.eu\/sv\/?page_id=30894\"},{\"@type\":\"ListItem\",\"position\":3,\"name\":\"James Baroud Rymd XL\"}]},{\"@type\":\"WebSite\",\"@id\":\"https:\/\/balticoverlanders.eu\/sv\/#website\",\"url\":\"https:\/\/balticoverlanders.eu\/sv\/\",\"name\":\"BALTIC OVERLANDERS\",\"description\":\"Your one-stop shop in Latvia, Estonia, and Lithuania for all your car camping, rooftop tent and accessory needs.\",\"potentialAction\":[{\"@type\":\"SearchAction\",\"target\":{\"@type\":\"EntryPoint\",\"urlTemplate\":\"https:\/\/balticoverlanders.eu\/sv\/?s={search_term_string}\"},\"query-input\":{\"@type\":\"PropertyValueSpecification\",\"valueRequired\":true,\"valueName\":\"search_term_string\"}}],\"inLanguage\":\"sv-SE\"}]}<\/script>\n<!-- \/ Yoast SEO plugin. -->","yoast_head_json":{"title":"James Baroud Space XL Takt\u00e4lt - BALTIC OVERLANDERS","description":"James Baroud Space XL-t\u00e4ltet p\u00e5 taket har gott om plats f\u00f6r 2 vuxna och 2 barn. Dess innovativa design och funktioner ger en bekv\u00e4m campingupplevelse.","robots":{"index":"index","follow":"follow","max-snippet":"max-snippet:-1","max-image-preview":"max-image-preview:large","max-video-preview":"max-video-preview:-1"},"canonical":"https:\/\/balticoverlanders.eu\/sv\/produkt\/james-baroud-rymd-xl\/","og_locale":"sv_SE","og_type":"article","og_title":"James Baroud Space XL Takt\u00e4lt - BALTIC OVERLANDERS","og_description":"James Baroud Space XL-t\u00e4ltet p\u00e5 taket har gott om plats f\u00f6r 2 vuxna och 2 barn. Dess innovativa design och funktioner ger en bekv\u00e4m campingupplevelse.","og_url":"https:\/\/balticoverlanders.eu\/sv\/produkt\/james-baroud-rymd-xl\/","og_site_name":"BALTIC OVERLANDERS","article_modified_time":"2024-01-31T21:21:30+00:00","og_image":[{"width":1000,"height":667,"url":"https:\/\/balticoverlanders.eu\/wp-content\/uploads\/2023\/03\/SpaceSTD-Black18-1.png","type":"image\/png"}],"twitter_card":"summary_large_image","twitter_misc":{"Ber\u00e4knad l\u00e4stid":"1 minut"},"schema":{"@context":"https:\/\/schema.org","@graph":[{"@type":"WebPage","@id":"https:\/\/balticoverlanders.eu\/sv\/produkt\/james-baroud-rymd-xl\/","url":"https:\/\/balticoverlanders.eu\/sv\/produkt\/james-baroud-rymd-xl\/","name":"James Baroud Space XL Takt\u00e4lt - BALTIC OVERLANDERS","isPartOf":{"@id":"https:\/\/balticoverlanders.eu\/sv\/#website"},"primaryImageOfPage":{"@id":"https:\/\/balticoverlanders.eu\/sv\/produkt\/james-baroud-rymd-xl\/#primaryimage"},"image":{"@id":"https:\/\/balticoverlanders.eu\/sv\/produkt\/james-baroud-rymd-xl\/#primaryimage"},"thumbnailUrl":"https:\/\/balticoverlanders.eu\/wp-content\/uploads\/2023\/03\/SpaceSTD-Black18-1.png","datePublished":"2023-03-12T09:30:04+00:00","dateModified":"2024-01-31T21:21:30+00:00","description":"James Baroud Space XL-t\u00e4ltet p\u00e5 taket har gott om plats f\u00f6r 2 vuxna och 2 barn. Dess innovativa design och funktioner ger en bekv\u00e4m campingupplevelse.","breadcrumb":{"@id":"https:\/\/balticoverlanders.eu\/sv\/produkt\/james-baroud-rymd-xl\/#breadcrumb"},"inLanguage":"sv-SE","potentialAction":[{"@type":"ReadAction","target":["https:\/\/balticoverlanders.eu\/sv\/produkt\/james-baroud-rymd-xl\/"]}]},{"@type":"ImageObject","inLanguage":"sv-SE","@id":"https:\/\/balticoverlanders.eu\/sv\/produkt\/james-baroud-rymd-xl\/#primaryimage","url":"https:\/\/balticoverlanders.eu\/wp-content\/uploads\/2023\/03\/SpaceSTD-Black18-1.png","contentUrl":"https:\/\/balticoverlanders.eu\/wp-content\/uploads\/2023\/03\/SpaceSTD-Black18-1.png","width":1000,"height":667,"caption":"\"Experience comfortable camping with the spacious James Baroud Space XL rooftop tent for a car, perfect for families of four."},{"@type":"BreadcrumbList","@id":"https:\/\/balticoverlanders.eu\/sv\/produkt\/james-baroud-rymd-xl\/#breadcrumb","itemListElement":[{"@type":"ListItem","position":1,"name":"Home","item":"https:\/\/balticoverlanders.eu\/sv\/?page_id=30156"},{"@type":"ListItem","position":2,"name":"Butik","item":"https:\/\/balticoverlanders.eu\/sv\/?page_id=30894"},{"@type":"ListItem","position":3,"name":"James Baroud Rymd XL"}]},{"@type":"WebSite","@id":"https:\/\/balticoverlanders.eu\/sv\/#website","url":"https:\/\/balticoverlanders.eu\/sv\/","name":"BALTIC OVERLANDERS","description":"Your one-stop shop in Latvia, Estonia, and Lithuania for all your car camping, rooftop tent and accessory needs.","potentialAction":[{"@type":"SearchAction","target":{"@type":"EntryPoint","urlTemplate":"https:\/\/balticoverlanders.eu\/sv\/?s={search_term_string}"},"query-input":{"@type":"PropertyValueSpecification","valueRequired":true,"valueName":"search_term_string"}}],"inLanguage":"sv-SE"}]}},"_links":{"self":[{"href":"https:\/\/balticoverlanders.eu\/sv\/wp-json\/wp\/v2\/product\/30306","targetHints":{"allow":["GET"]}}],"collection":[{"href":"https:\/\/balticoverlanders.eu\/sv\/wp-json\/wp\/v2\/product"}],"about":[{"href":"https:\/\/balticoverlanders.eu\/sv\/wp-json\/wp\/v2\/types\/product"}],"wp:featuredmedia":[{"embeddable":true,"href":"https:\/\/balticoverlanders.eu\/sv\/wp-json\/wp\/v2\/media\/6087"}],"wp:attachment":[{"href":"https:\/\/balticoverlanders.eu\/sv\/wp-json\/wp\/v2\/media?parent=30306"}],"wp:term":[{"taxonomy":"product_brand","embeddable":true,"href":"https:\/\/balticoverlanders.eu\/sv\/wp-json\/wp\/v2\/product_brand?post=30306"},{"taxonomy":"product_cat","embeddable":true,"href":"https:\/\/balticoverlanders.eu\/sv\/wp-json\/wp\/v2\/product_cat?post=30306"},{"taxonomy":"product_tag","embeddable":true,"href":"https:\/\/balticoverlanders.eu\/sv\/wp-json\/wp\/v2\/product_tag?post=30306"}],"curies":[{"name":"wp","href":"https:\/\/api.w.org\/{rel}","templated":true}]}}