{"id":30408,"date":"2023-03-12T11:51:26","date_gmt":"2023-03-12T09:51:26","guid":{"rendered":"https:\/\/balticoverlanders.eu\/product\/james-baroud-evasion-xl\/"},"modified":"2024-01-31T23:21:43","modified_gmt":"2024-01-31T21:21:43","slug":"james-baroud-evasion-xl","status":"publish","type":"product","link":"https:\/\/balticoverlanders.eu\/sv\/produkt\/james-baroud-evasion-xl\/","title":{"rendered":"James Baroud Evasion XL"},"content":{"rendered":"<p class=\"preFade fadeIn disable-executed-animation\"><strong>EVASION XL &#8211; Spektakul\u00e4r 360\u00ba vy.<br \/>\n<\/strong><\/p>\n<ul>\n<li class=\"preFade fadeIn disable-executed-animation\">f\u00f6r 2 vuxna och 2 barn<\/li>\n<li class=\"preFade fadeIn disable-executed-animation\">madrassstorlek 160 cm x 224 cm<\/li>\n<li class=\"preFade fadeIn disable-executed-animation\">\u00f6ppen h\u00f6jd 100 cm<\/li>\n<\/ul>\n<p>Bland alla horisontellt \u00f6ppningsbara t\u00e4lt p\u00e5 marknaden har James Baroud Evasion-takt\u00e4ltet den st\u00f6rsta innervolymen. Med sitt st\u00f6rre totala innerutrymme ger Evasion bekv\u00e4mt utrymme f\u00f6r vuxna att sitta uppr\u00e4tt i b\u00e5da \u00e4ndarna av t\u00e4ltet. Med sina 360\u00ba panoramaf\u00f6nster cirkulerar luften fritt genom t\u00e4ltet i varmare klimat och ger en spektakul\u00e4r utsikt.<\/p>\n<p>Den finns i storlekarna S med 130&#215;200 cm, M med 140&#215;200 cm och XL med 160&#215;224 cm.<\/p>\n<p><img fetchpriority=\"high\" decoding=\"async\" class=\"alignnone size-medium wp-image-6135\" src=\"https:\/\/balticoverlanders.eu\/wp-content\/uploads\/2023\/03\/EvasionXL_11-300x300.png\" alt=\"\" width=\"300\" height=\"300\" srcset=\"https:\/\/balticoverlanders.eu\/wp-content\/uploads\/2023\/03\/EvasionXL_11-300x300.png 300w, https:\/\/balticoverlanders.eu\/wp-content\/uploads\/2023\/03\/EvasionXL_11-150x150.png 150w, https:\/\/balticoverlanders.eu\/wp-content\/uploads\/2023\/03\/EvasionXL_11.png 500w\" sizes=\"(max-width: 300px) 100vw, 300px\" \/><img decoding=\"async\" class=\"alignnone size-medium wp-image-6134\" src=\"https:\/\/balticoverlanders.eu\/wp-content\/uploads\/2023\/03\/EvasionXL_21-300x300.png\" alt=\"\" width=\"300\" height=\"300\" srcset=\"https:\/\/balticoverlanders.eu\/wp-content\/uploads\/2023\/03\/EvasionXL_21-300x300.png 300w, https:\/\/balticoverlanders.eu\/wp-content\/uploads\/2023\/03\/EvasionXL_21-150x150.png 150w, https:\/\/balticoverlanders.eu\/wp-content\/uploads\/2023\/03\/EvasionXL_21.png 500w\" sizes=\"(max-width: 300px) 100vw, 300px\" \/> <img decoding=\"async\" class=\"alignnone size-medium wp-image-6133\" src=\"https:\/\/balticoverlanders.eu\/wp-content\/uploads\/2023\/03\/EvasionXL_31-300x300.png\" alt=\"\" width=\"300\" height=\"300\" srcset=\"https:\/\/balticoverlanders.eu\/wp-content\/uploads\/2023\/03\/EvasionXL_31-300x300.png 300w, https:\/\/balticoverlanders.eu\/wp-content\/uploads\/2023\/03\/EvasionXL_31-150x150.png 150w, https:\/\/balticoverlanders.eu\/wp-content\/uploads\/2023\/03\/EvasionXL_31.png 500w\" sizes=\"(max-width: 300px) 100vw, 300px\" \/>  <img loading=\"lazy\" decoding=\"async\" class=\"alignnone size-medium wp-image-6132\" src=\"https:\/\/balticoverlanders.eu\/wp-content\/uploads\/2023\/03\/EvasionXL_41-300x300.png\" alt=\"\" width=\"300\" height=\"300\" srcset=\"https:\/\/balticoverlanders.eu\/wp-content\/uploads\/2023\/03\/EvasionXL_41-300x300.png 300w, https:\/\/balticoverlanders.eu\/wp-content\/uploads\/2023\/03\/EvasionXL_41-150x150.png 150w, https:\/\/balticoverlanders.eu\/wp-content\/uploads\/2023\/03\/EvasionXL_41.png 500w\" sizes=\"(max-width: 300px) 100vw, 300px\" \/><\/p>\n","protected":false},"excerpt":{"rendered":"<p>EVASION XL &#8211; Spektakul\u00e4r 360\u00ba vy.<\/p>\n<ul>\n<li class=\"preFade fadeIn disable-executed-animation\">f\u00f6r 2 vuxna och 2 barn<\/li>\n<li class=\"preFade fadeIn disable-executed-animation\">madrassstorlek 160 cm x 224 cm<\/li>\n<li class=\"preFade fadeIn disable-executed-animation\">\u00f6ppen h\u00f6jd 100 cm<\/li>\n<\/ul>\n<p>INNOVATION, KOMFORT, STYRKA OCH SNABBHET<\/p>\n<p>Det h\u00e4r \u00e4r de viktigaste faktorerna som har gjort James Baroud-t\u00e4lten k\u00e4nda \u00f6ver hela v\u00e4rlden<\/p>\n","protected":false},"featured_media":6145,"template":"","meta":[],"product_brand":[],"product_cat":[367,381],"product_tag":[],"class_list":{"0":"post-30408","1":"product","2":"type-product","3":"status-publish","4":"has-post-thumbnail","6":"product_cat-james-baroud-sv","7":"product_cat-talt-pa-tak","9":"first","10":"instock","11":"taxable","12":"shipping-taxable","13":"purchasable","14":"product-type-variable"},"yoast_head":"<!-- This site is optimized with the Yoast SEO plugin v27.3 - https:\/\/yoast.com\/product\/yoast-seo-wordpress\/ -->\n<title>James Baroud Evasion XL - BALTIC OVERLANDERS<\/title>\n<meta name=\"robots\" content=\"index, follow, max-snippet:-1, max-image-preview:large, max-video-preview:-1\" \/>\n<link rel=\"canonical\" href=\"https:\/\/balticoverlanders.eu\/sv\/produkt\/james-baroud-evasion-xl\/\" \/>\n<meta property=\"og:locale\" content=\"sv_SE\" \/>\n<meta property=\"og:type\" content=\"article\" \/>\n<meta property=\"og:title\" content=\"James Baroud Evasion XL - BALTIC OVERLANDERS\" \/>\n<meta property=\"og:description\" content=\"EVASION XL - Spektakul\u00e4r 360\u00ba vy.  f\u00f6r 2 vuxna och 2 barn  madrassstorlek 160 cm x 224 cm  \u00f6ppen h\u00f6jd 100 cm INNOVATION, KOMFORT, STYRKA OCH SNABBHET Det h\u00e4r \u00e4r de viktigaste faktorerna som har gjort James Baroud-t\u00e4lten k\u00e4nda \u00f6ver hela v\u00e4rlden\" \/>\n<meta property=\"og:url\" content=\"https:\/\/balticoverlanders.eu\/sv\/produkt\/james-baroud-evasion-xl\/\" \/>\n<meta property=\"og:site_name\" content=\"BALTIC OVERLANDERS\" \/>\n<meta property=\"article:modified_time\" content=\"2024-01-31T21:21:43+00:00\" \/>\n<meta property=\"og:image\" content=\"https:\/\/balticoverlanders.eu\/wp-content\/uploads\/2023\/03\/EvasionSTD-Grey20-1.png\" \/>\n\t<meta property=\"og:image:width\" content=\"1000\" \/>\n\t<meta property=\"og:image:height\" content=\"667\" \/>\n\t<meta property=\"og:image:type\" content=\"image\/png\" \/>\n<meta name=\"twitter:card\" content=\"summary_large_image\" \/>\n<script type=\"application\/ld+json\" class=\"yoast-schema-graph\">{\"@context\":\"https:\\\/\\\/schema.org\",\"@graph\":[{\"@type\":\"WebPage\",\"@id\":\"https:\\\/\\\/balticoverlanders.eu\\\/sv\\\/produkt\\\/james-baroud-evasion-xl\\\/\",\"url\":\"https:\\\/\\\/balticoverlanders.eu\\\/sv\\\/produkt\\\/james-baroud-evasion-xl\\\/\",\"name\":\"James Baroud Evasion XL - BALTIC OVERLANDERS\",\"isPartOf\":{\"@id\":\"https:\\\/\\\/balticoverlanders.eu\\\/sv\\\/#website\"},\"primaryImageOfPage\":{\"@id\":\"https:\\\/\\\/balticoverlanders.eu\\\/sv\\\/produkt\\\/james-baroud-evasion-xl\\\/#primaryimage\"},\"image\":{\"@id\":\"https:\\\/\\\/balticoverlanders.eu\\\/sv\\\/produkt\\\/james-baroud-evasion-xl\\\/#primaryimage\"},\"thumbnailUrl\":\"https:\\\/\\\/balticoverlanders.eu\\\/wp-content\\\/uploads\\\/2023\\\/03\\\/EvasionSTD-Grey20-1.png\",\"datePublished\":\"2023-03-12T09:51:26+00:00\",\"dateModified\":\"2024-01-31T21:21:43+00:00\",\"breadcrumb\":{\"@id\":\"https:\\\/\\\/balticoverlanders.eu\\\/sv\\\/produkt\\\/james-baroud-evasion-xl\\\/#breadcrumb\"},\"inLanguage\":\"sv-SE\",\"potentialAction\":[{\"@type\":\"ReadAction\",\"target\":[\"https:\\\/\\\/balticoverlanders.eu\\\/sv\\\/produkt\\\/james-baroud-evasion-xl\\\/\"]}]},{\"@type\":\"ImageObject\",\"inLanguage\":\"sv-SE\",\"@id\":\"https:\\\/\\\/balticoverlanders.eu\\\/sv\\\/produkt\\\/james-baroud-evasion-xl\\\/#primaryimage\",\"url\":\"https:\\\/\\\/balticoverlanders.eu\\\/wp-content\\\/uploads\\\/2023\\\/03\\\/EvasionSTD-Grey20-1.png\",\"contentUrl\":\"https:\\\/\\\/balticoverlanders.eu\\\/wp-content\\\/uploads\\\/2023\\\/03\\\/EvasionSTD-Grey20-1.png\",\"width\":1000,\"height\":667},{\"@type\":\"BreadcrumbList\",\"@id\":\"https:\\\/\\\/balticoverlanders.eu\\\/sv\\\/produkt\\\/james-baroud-evasion-xl\\\/#breadcrumb\",\"itemListElement\":[{\"@type\":\"ListItem\",\"position\":1,\"name\":\"Home\",\"item\":\"https:\\\/\\\/balticoverlanders.eu\\\/sv\\\/?page_id=30156\"},{\"@type\":\"ListItem\",\"position\":2,\"name\":\"Butik\",\"item\":\"https:\\\/\\\/balticoverlanders.eu\\\/sv\\\/?page_id=30894\"},{\"@type\":\"ListItem\",\"position\":3,\"name\":\"James Baroud Evasion XL\"}]},{\"@type\":\"WebSite\",\"@id\":\"https:\\\/\\\/balticoverlanders.eu\\\/sv\\\/#website\",\"url\":\"https:\\\/\\\/balticoverlanders.eu\\\/sv\\\/\",\"name\":\"BALTIC OVERLANDERS\",\"description\":\"Your one-stop shop in Latvia, Estonia, and Lithuania for all your car camping, rooftop tent and accessory needs.\",\"potentialAction\":[{\"@type\":\"SearchAction\",\"target\":{\"@type\":\"EntryPoint\",\"urlTemplate\":\"https:\\\/\\\/balticoverlanders.eu\\\/sv\\\/?s={search_term_string}\"},\"query-input\":{\"@type\":\"PropertyValueSpecification\",\"valueRequired\":true,\"valueName\":\"search_term_string\"}}],\"inLanguage\":\"sv-SE\"}]}<\/script>\n<!-- \/ Yoast SEO plugin. -->","yoast_head_json":{"title":"James Baroud Evasion XL - BALTIC OVERLANDERS","robots":{"index":"index","follow":"follow","max-snippet":"max-snippet:-1","max-image-preview":"max-image-preview:large","max-video-preview":"max-video-preview:-1"},"canonical":"https:\/\/balticoverlanders.eu\/sv\/produkt\/james-baroud-evasion-xl\/","og_locale":"sv_SE","og_type":"article","og_title":"James Baroud Evasion XL - BALTIC OVERLANDERS","og_description":"EVASION XL - Spektakul\u00e4r 360\u00ba vy.  f\u00f6r 2 vuxna och 2 barn  madrassstorlek 160 cm x 224 cm  \u00f6ppen h\u00f6jd 100 cm INNOVATION, KOMFORT, STYRKA OCH SNABBHET Det h\u00e4r \u00e4r de viktigaste faktorerna som har gjort James Baroud-t\u00e4lten k\u00e4nda \u00f6ver hela v\u00e4rlden","og_url":"https:\/\/balticoverlanders.eu\/sv\/produkt\/james-baroud-evasion-xl\/","og_site_name":"BALTIC OVERLANDERS","article_modified_time":"2024-01-31T21:21:43+00:00","og_image":[{"width":1000,"height":667,"url":"https:\/\/balticoverlanders.eu\/wp-content\/uploads\/2023\/03\/EvasionSTD-Grey20-1.png","type":"image\/png"}],"twitter_card":"summary_large_image","schema":{"@context":"https:\/\/schema.org","@graph":[{"@type":"WebPage","@id":"https:\/\/balticoverlanders.eu\/sv\/produkt\/james-baroud-evasion-xl\/","url":"https:\/\/balticoverlanders.eu\/sv\/produkt\/james-baroud-evasion-xl\/","name":"James Baroud Evasion XL - BALTIC OVERLANDERS","isPartOf":{"@id":"https:\/\/balticoverlanders.eu\/sv\/#website"},"primaryImageOfPage":{"@id":"https:\/\/balticoverlanders.eu\/sv\/produkt\/james-baroud-evasion-xl\/#primaryimage"},"image":{"@id":"https:\/\/balticoverlanders.eu\/sv\/produkt\/james-baroud-evasion-xl\/#primaryimage"},"thumbnailUrl":"https:\/\/balticoverlanders.eu\/wp-content\/uploads\/2023\/03\/EvasionSTD-Grey20-1.png","datePublished":"2023-03-12T09:51:26+00:00","dateModified":"2024-01-31T21:21:43+00:00","breadcrumb":{"@id":"https:\/\/balticoverlanders.eu\/sv\/produkt\/james-baroud-evasion-xl\/#breadcrumb"},"inLanguage":"sv-SE","potentialAction":[{"@type":"ReadAction","target":["https:\/\/balticoverlanders.eu\/sv\/produkt\/james-baroud-evasion-xl\/"]}]},{"@type":"ImageObject","inLanguage":"sv-SE","@id":"https:\/\/balticoverlanders.eu\/sv\/produkt\/james-baroud-evasion-xl\/#primaryimage","url":"https:\/\/balticoverlanders.eu\/wp-content\/uploads\/2023\/03\/EvasionSTD-Grey20-1.png","contentUrl":"https:\/\/balticoverlanders.eu\/wp-content\/uploads\/2023\/03\/EvasionSTD-Grey20-1.png","width":1000,"height":667},{"@type":"BreadcrumbList","@id":"https:\/\/balticoverlanders.eu\/sv\/produkt\/james-baroud-evasion-xl\/#breadcrumb","itemListElement":[{"@type":"ListItem","position":1,"name":"Home","item":"https:\/\/balticoverlanders.eu\/sv\/?page_id=30156"},{"@type":"ListItem","position":2,"name":"Butik","item":"https:\/\/balticoverlanders.eu\/sv\/?page_id=30894"},{"@type":"ListItem","position":3,"name":"James Baroud Evasion XL"}]},{"@type":"WebSite","@id":"https:\/\/balticoverlanders.eu\/sv\/#website","url":"https:\/\/balticoverlanders.eu\/sv\/","name":"BALTIC OVERLANDERS","description":"Your one-stop shop in Latvia, Estonia, and Lithuania for all your car camping, rooftop tent and accessory needs.","potentialAction":[{"@type":"SearchAction","target":{"@type":"EntryPoint","urlTemplate":"https:\/\/balticoverlanders.eu\/sv\/?s={search_term_string}"},"query-input":{"@type":"PropertyValueSpecification","valueRequired":true,"valueName":"search_term_string"}}],"inLanguage":"sv-SE"}]}},"_links":{"self":[{"href":"https:\/\/balticoverlanders.eu\/sv\/wp-json\/wp\/v2\/product\/30408","targetHints":{"allow":["GET"]}}],"collection":[{"href":"https:\/\/balticoverlanders.eu\/sv\/wp-json\/wp\/v2\/product"}],"about":[{"href":"https:\/\/balticoverlanders.eu\/sv\/wp-json\/wp\/v2\/types\/product"}],"wp:featuredmedia":[{"embeddable":true,"href":"https:\/\/balticoverlanders.eu\/sv\/wp-json\/wp\/v2\/media\/6145"}],"wp:attachment":[{"href":"https:\/\/balticoverlanders.eu\/sv\/wp-json\/wp\/v2\/media?parent=30408"}],"wp:term":[{"taxonomy":"product_brand","embeddable":true,"href":"https:\/\/balticoverlanders.eu\/sv\/wp-json\/wp\/v2\/product_brand?post=30408"},{"taxonomy":"product_cat","embeddable":true,"href":"https:\/\/balticoverlanders.eu\/sv\/wp-json\/wp\/v2\/product_cat?post=30408"},{"taxonomy":"product_tag","embeddable":true,"href":"https:\/\/balticoverlanders.eu\/sv\/wp-json\/wp\/v2\/product_tag?post=30408"}],"curies":[{"name":"wp","href":"https:\/\/api.w.org\/{rel}","templated":true}]}}