{"id":30409,"date":"2023-03-09T20:12:51","date_gmt":"2023-03-09T18:12:51","guid":{"rendered":"https:\/\/balticoverlanders.eu\/product\/james-baroud-discovery-m\/"},"modified":"2024-01-31T23:21:43","modified_gmt":"2024-01-31T21:21:43","slug":"james-baroud-discovery-m","status":"publish","type":"product","link":"https:\/\/balticoverlanders.eu\/sv\/produkt\/james-baroud-discovery-m\/","title":{"rendered":"James Baroud Discovery M"},"content":{"rendered":"<p><strong>James Baroud Discovery M Takt\u00e4lt: Ultrasnabb upps\u00e4ttning, o\u00f6vertr\u00e4ffad komfort och panoramautsikt f\u00f6r 3 personer<\/strong><\/p>\n<p>Njut av utomhuslivet med l\u00e4tthet, komfort och h\u00e5llbarhet!<\/p>\n<p><strong>Perfekt f\u00f6r 2 vuxna och 1 barn<\/strong><\/p>\n<ul>\n<li>Madrassens storlek: 140cm x 200cm<\/li>\n<li>\u00d6ppen H\u00f6jd: 130cm<\/li>\n<\/ul>\n<p><strong>Innovativ \u00f6ppning av skalet<\/strong><\/p>\n<p>James Baroud Discovery M-takt\u00e4ltet har en banbrytande design med skal\u00f6ppning som g\u00f6r det snabbt och enkelt att s\u00e4tta upp och packa ihop. \u00d6vergl\u00e4nser andra med vattent\u00e4thet och vindmotst\u00e5nd i toppklass.<\/p>\n<p><strong>Snabb \u00f6ppning och st\u00e4ngning<\/strong><\/p>\n<ul>\n<li>\u00d6ppnas p\u00e5 under 15 sekunder med tv\u00e5 hydraulcylindrar<\/li>\n<li>St\u00e4ngs enkelt p\u00e5 mindre \u00e4n 1 minut av en person<\/li>\n<\/ul>\n<p><strong>Komfort och fantastisk utsikt<\/strong><\/p>\n<ul>\n<li>Bekv\u00e4m madrass f\u00f6r en god natts s\u00f6mn<\/li>\n<li>Stora f\u00f6nster f\u00f6r b\u00e4ttre luftfl\u00f6de och en imponerande 180\u00ba panoramautsikt<\/li>\n<\/ul>\n<p><strong>5 \u00e5rs garanti av James Baroud<\/strong><\/p>\n<p>Du kan k\u00e4nna dig trygg med 5 \u00e5rs garanti och James Barouds engagemang f\u00f6r kvalitet.<\/p>\n<p><strong>Tillg\u00e4ngliga storlekar<\/strong><\/p>\n<ul>\n<li>Discovery M: 140cm x 200cm (perfekt f\u00f6r 2 vuxna och 1 barn)<\/li>\n<li>Discovery XL: 160cm x 224cm (extra utrymme f\u00f6r extra komfort)<\/li>\n<\/ul>\n<p>Uppgradera dina utomhus\u00e4ventyr med James Barouds Discovery M-takt\u00e4lt, utformat f\u00f6r dig som s\u00f6ker en perfekt blandning av bekv\u00e4mlighet, komfort och h\u00e5llbarhet.<\/p>\n<p><img fetchpriority=\"high\" decoding=\"async\" class=\"alignnone size-medium wp-image-5838\" src=\"https:\/\/balticoverlanders.eu\/wp-content\/uploads\/2023\/03\/DiscoveryM_2-300x300.png\" alt=\"\" width=\"300\" height=\"300\" srcset=\"https:\/\/balticoverlanders.eu\/wp-content\/uploads\/2023\/03\/DiscoveryM_2-300x300.png 300w, https:\/\/balticoverlanders.eu\/wp-content\/uploads\/2023\/03\/DiscoveryM_2-150x150.png 150w, https:\/\/balticoverlanders.eu\/wp-content\/uploads\/2023\/03\/DiscoveryM_2.png 500w\" sizes=\"(max-width: 300px) 100vw, 300px\" \/> <img decoding=\"async\" class=\"alignnone size-medium wp-image-5837\" src=\"https:\/\/balticoverlanders.eu\/wp-content\/uploads\/2023\/03\/DiscoveryM_3-300x300.png\" alt=\"\" width=\"300\" height=\"300\" srcset=\"https:\/\/balticoverlanders.eu\/wp-content\/uploads\/2023\/03\/DiscoveryM_3-300x300.png 300w, https:\/\/balticoverlanders.eu\/wp-content\/uploads\/2023\/03\/DiscoveryM_3-150x150.png 150w, https:\/\/balticoverlanders.eu\/wp-content\/uploads\/2023\/03\/DiscoveryM_3.png 500w\" sizes=\"(max-width: 300px) 100vw, 300px\" \/> <img decoding=\"async\" class=\"alignnone size-medium wp-image-5836\" src=\"https:\/\/balticoverlanders.eu\/wp-content\/uploads\/2023\/03\/DiscoveryM_4-300x300.png\" alt=\"\" width=\"300\" height=\"300\" srcset=\"https:\/\/balticoverlanders.eu\/wp-content\/uploads\/2023\/03\/DiscoveryM_4-300x300.png 300w, https:\/\/balticoverlanders.eu\/wp-content\/uploads\/2023\/03\/DiscoveryM_4-150x150.png 150w, https:\/\/balticoverlanders.eu\/wp-content\/uploads\/2023\/03\/DiscoveryM_4.png 500w\" sizes=\"(max-width: 300px) 100vw, 300px\" \/> <img loading=\"lazy\" decoding=\"async\" class=\"alignnone size-medium wp-image-5835\" src=\"https:\/\/balticoverlanders.eu\/wp-content\/uploads\/2023\/03\/DiscoveryM_1-300x300.png\" alt=\"\" width=\"300\" height=\"300\" srcset=\"https:\/\/balticoverlanders.eu\/wp-content\/uploads\/2023\/03\/DiscoveryM_1-300x300.png 300w, https:\/\/balticoverlanders.eu\/wp-content\/uploads\/2023\/03\/DiscoveryM_1-150x150.png 150w, https:\/\/balticoverlanders.eu\/wp-content\/uploads\/2023\/03\/DiscoveryM_1.png 500w\" sizes=\"(max-width: 300px) 100vw, 300px\" \/><\/p>\n","protected":false},"excerpt":{"rendered":"<p><strong>F\u00f6rh\u00f6j ditt campingspel: James Baroud Discovery M-t\u00e4lt med tak<\/strong><\/p>\n<ul>\n<li>Ultrasnabb installation: \u00d6ppnas p\u00e5 mindre \u00e4n 15 sekunder, st\u00e4ngs p\u00e5 mindre \u00e4n 1 minut<\/li>\n<li>O\u00f6vertr\u00e4ffad komfort: Lyxig 140 cm x 200 cm madrass f\u00f6r 2 vuxna och 1 barn<\/li>\n<li>Fantastisk utsikt: 180\u00ba panoramautsikt med stora f\u00f6nster f\u00f6r optimalt luftfl\u00f6de<\/li>\n<\/ul>\n<p>Uppgradera dina utomhus\u00e4ventyr med den perfekta blandningen av bekv\u00e4mlighet, komfort och h\u00e5llbarhet &#8211; v\u00e4lj James Baroud Discovery M och upplev skillnaden!<\/p>\n","protected":false},"featured_media":5821,"template":"","meta":[],"product_brand":[],"product_cat":[367,381],"product_tag":[],"class_list":{"0":"post-30409","1":"product","2":"type-product","3":"status-publish","4":"has-post-thumbnail","6":"product_cat-james-baroud-sv","7":"product_cat-talt-pa-tak","9":"first","10":"onbackorder","11":"taxable","12":"shipping-taxable","13":"purchasable","14":"product-type-variable"},"yoast_head":"<!-- This site is optimized with the Yoast SEO plugin v27.3 - https:\/\/yoast.com\/product\/yoast-seo-wordpress\/ -->\n<title>James Baroud Discovery M - BALTIC OVERLANDERS<\/title>\n<meta name=\"robots\" content=\"index, follow, max-snippet:-1, max-image-preview:large, max-video-preview:-1\" \/>\n<link rel=\"canonical\" href=\"https:\/\/balticoverlanders.eu\/sv\/produkt\/james-baroud-discovery-m\/\" \/>\n<meta property=\"og:locale\" content=\"sv_SE\" \/>\n<meta property=\"og:type\" content=\"article\" \/>\n<meta property=\"og:title\" content=\"James Baroud Discovery M - BALTIC OVERLANDERS\" \/>\n<meta property=\"og:description\" content=\"F\u00f6rh\u00f6j ditt campingspel: James Baroud Discovery M-t\u00e4lt med tak  Ultrasnabb installation: \u00d6ppnas p\u00e5 mindre \u00e4n 15 sekunder, st\u00e4ngs p\u00e5 mindre \u00e4n 1 minut  O\u00f6vertr\u00e4ffad komfort: Lyxig 140 cm x 200 cm madrass f\u00f6r 2 vuxna och 1 barn  Fantastisk utsikt: 180\u00ba panoramautsikt med stora f\u00f6nster f\u00f6r optimalt luftfl\u00f6de Uppgradera dina utomhus\u00e4ventyr med den perfekta blandningen av bekv\u00e4mlighet, komfort och h\u00e5llbarhet - v\u00e4lj James Baroud Discovery M och upplev skillnaden!\" \/>\n<meta property=\"og:url\" content=\"https:\/\/balticoverlanders.eu\/sv\/produkt\/james-baroud-discovery-m\/\" \/>\n<meta property=\"og:site_name\" content=\"BALTIC OVERLANDERS\" \/>\n<meta property=\"article:modified_time\" content=\"2024-01-31T21:21:43+00:00\" \/>\n<meta property=\"og:image\" content=\"https:\/\/balticoverlanders.eu\/wp-content\/uploads\/2023\/03\/DiscoverySTD-White9-1024x683.png\" \/>\n\t<meta property=\"og:image:width\" content=\"1024\" \/>\n\t<meta property=\"og:image:height\" content=\"683\" \/>\n\t<meta property=\"og:image:type\" content=\"image\/png\" \/>\n<meta name=\"twitter:card\" content=\"summary_large_image\" \/>\n<meta name=\"twitter:label1\" content=\"Ber\u00e4knad l\u00e4stid\" \/>\n\t<meta name=\"twitter:data1\" content=\"1 minut\" \/>\n<script type=\"application\/ld+json\" class=\"yoast-schema-graph\">{\"@context\":\"https:\\\/\\\/schema.org\",\"@graph\":[{\"@type\":\"WebPage\",\"@id\":\"https:\\\/\\\/balticoverlanders.eu\\\/sv\\\/produkt\\\/james-baroud-discovery-m\\\/\",\"url\":\"https:\\\/\\\/balticoverlanders.eu\\\/sv\\\/produkt\\\/james-baroud-discovery-m\\\/\",\"name\":\"James Baroud Discovery M - BALTIC OVERLANDERS\",\"isPartOf\":{\"@id\":\"https:\\\/\\\/balticoverlanders.eu\\\/sv\\\/#website\"},\"primaryImageOfPage\":{\"@id\":\"https:\\\/\\\/balticoverlanders.eu\\\/sv\\\/produkt\\\/james-baroud-discovery-m\\\/#primaryimage\"},\"image\":{\"@id\":\"https:\\\/\\\/balticoverlanders.eu\\\/sv\\\/produkt\\\/james-baroud-discovery-m\\\/#primaryimage\"},\"thumbnailUrl\":\"https:\\\/\\\/balticoverlanders.eu\\\/wp-content\\\/uploads\\\/2023\\\/03\\\/DiscoverySTD-White9.png\",\"datePublished\":\"2023-03-09T18:12:51+00:00\",\"dateModified\":\"2024-01-31T21:21:43+00:00\",\"breadcrumb\":{\"@id\":\"https:\\\/\\\/balticoverlanders.eu\\\/sv\\\/produkt\\\/james-baroud-discovery-m\\\/#breadcrumb\"},\"inLanguage\":\"sv-SE\",\"potentialAction\":[{\"@type\":\"ReadAction\",\"target\":[\"https:\\\/\\\/balticoverlanders.eu\\\/sv\\\/produkt\\\/james-baroud-discovery-m\\\/\"]}]},{\"@type\":\"ImageObject\",\"inLanguage\":\"sv-SE\",\"@id\":\"https:\\\/\\\/balticoverlanders.eu\\\/sv\\\/produkt\\\/james-baroud-discovery-m\\\/#primaryimage\",\"url\":\"https:\\\/\\\/balticoverlanders.eu\\\/wp-content\\\/uploads\\\/2023\\\/03\\\/DiscoverySTD-White9.png\",\"contentUrl\":\"https:\\\/\\\/balticoverlanders.eu\\\/wp-content\\\/uploads\\\/2023\\\/03\\\/DiscoverySTD-White9.png\",\"width\":2500,\"height\":1667},{\"@type\":\"BreadcrumbList\",\"@id\":\"https:\\\/\\\/balticoverlanders.eu\\\/sv\\\/produkt\\\/james-baroud-discovery-m\\\/#breadcrumb\",\"itemListElement\":[{\"@type\":\"ListItem\",\"position\":1,\"name\":\"Home\",\"item\":\"https:\\\/\\\/balticoverlanders.eu\\\/sv\\\/?page_id=30156\"},{\"@type\":\"ListItem\",\"position\":2,\"name\":\"Butik\",\"item\":\"https:\\\/\\\/balticoverlanders.eu\\\/sv\\\/?page_id=30894\"},{\"@type\":\"ListItem\",\"position\":3,\"name\":\"James Baroud Discovery M\"}]},{\"@type\":\"WebSite\",\"@id\":\"https:\\\/\\\/balticoverlanders.eu\\\/sv\\\/#website\",\"url\":\"https:\\\/\\\/balticoverlanders.eu\\\/sv\\\/\",\"name\":\"BALTIC OVERLANDERS\",\"description\":\"Your one-stop shop in Latvia, Estonia, and Lithuania for all your car camping, rooftop tent and accessory needs.\",\"potentialAction\":[{\"@type\":\"SearchAction\",\"target\":{\"@type\":\"EntryPoint\",\"urlTemplate\":\"https:\\\/\\\/balticoverlanders.eu\\\/sv\\\/?s={search_term_string}\"},\"query-input\":{\"@type\":\"PropertyValueSpecification\",\"valueRequired\":true,\"valueName\":\"search_term_string\"}}],\"inLanguage\":\"sv-SE\"}]}<\/script>\n<!-- \/ Yoast SEO plugin. -->","yoast_head_json":{"title":"James Baroud Discovery M - BALTIC OVERLANDERS","robots":{"index":"index","follow":"follow","max-snippet":"max-snippet:-1","max-image-preview":"max-image-preview:large","max-video-preview":"max-video-preview:-1"},"canonical":"https:\/\/balticoverlanders.eu\/sv\/produkt\/james-baroud-discovery-m\/","og_locale":"sv_SE","og_type":"article","og_title":"James Baroud Discovery M - BALTIC OVERLANDERS","og_description":"F\u00f6rh\u00f6j ditt campingspel: James Baroud Discovery M-t\u00e4lt med tak  Ultrasnabb installation: \u00d6ppnas p\u00e5 mindre \u00e4n 15 sekunder, st\u00e4ngs p\u00e5 mindre \u00e4n 1 minut  O\u00f6vertr\u00e4ffad komfort: Lyxig 140 cm x 200 cm madrass f\u00f6r 2 vuxna och 1 barn  Fantastisk utsikt: 180\u00ba panoramautsikt med stora f\u00f6nster f\u00f6r optimalt luftfl\u00f6de Uppgradera dina utomhus\u00e4ventyr med den perfekta blandningen av bekv\u00e4mlighet, komfort och h\u00e5llbarhet - v\u00e4lj James Baroud Discovery M och upplev skillnaden!","og_url":"https:\/\/balticoverlanders.eu\/sv\/produkt\/james-baroud-discovery-m\/","og_site_name":"BALTIC OVERLANDERS","article_modified_time":"2024-01-31T21:21:43+00:00","og_image":[{"width":1024,"height":683,"url":"https:\/\/balticoverlanders.eu\/wp-content\/uploads\/2023\/03\/DiscoverySTD-White9-1024x683.png","type":"image\/png"}],"twitter_card":"summary_large_image","twitter_misc":{"Ber\u00e4knad l\u00e4stid":"1 minut"},"schema":{"@context":"https:\/\/schema.org","@graph":[{"@type":"WebPage","@id":"https:\/\/balticoverlanders.eu\/sv\/produkt\/james-baroud-discovery-m\/","url":"https:\/\/balticoverlanders.eu\/sv\/produkt\/james-baroud-discovery-m\/","name":"James Baroud Discovery M - BALTIC OVERLANDERS","isPartOf":{"@id":"https:\/\/balticoverlanders.eu\/sv\/#website"},"primaryImageOfPage":{"@id":"https:\/\/balticoverlanders.eu\/sv\/produkt\/james-baroud-discovery-m\/#primaryimage"},"image":{"@id":"https:\/\/balticoverlanders.eu\/sv\/produkt\/james-baroud-discovery-m\/#primaryimage"},"thumbnailUrl":"https:\/\/balticoverlanders.eu\/wp-content\/uploads\/2023\/03\/DiscoverySTD-White9.png","datePublished":"2023-03-09T18:12:51+00:00","dateModified":"2024-01-31T21:21:43+00:00","breadcrumb":{"@id":"https:\/\/balticoverlanders.eu\/sv\/produkt\/james-baroud-discovery-m\/#breadcrumb"},"inLanguage":"sv-SE","potentialAction":[{"@type":"ReadAction","target":["https:\/\/balticoverlanders.eu\/sv\/produkt\/james-baroud-discovery-m\/"]}]},{"@type":"ImageObject","inLanguage":"sv-SE","@id":"https:\/\/balticoverlanders.eu\/sv\/produkt\/james-baroud-discovery-m\/#primaryimage","url":"https:\/\/balticoverlanders.eu\/wp-content\/uploads\/2023\/03\/DiscoverySTD-White9.png","contentUrl":"https:\/\/balticoverlanders.eu\/wp-content\/uploads\/2023\/03\/DiscoverySTD-White9.png","width":2500,"height":1667},{"@type":"BreadcrumbList","@id":"https:\/\/balticoverlanders.eu\/sv\/produkt\/james-baroud-discovery-m\/#breadcrumb","itemListElement":[{"@type":"ListItem","position":1,"name":"Home","item":"https:\/\/balticoverlanders.eu\/sv\/?page_id=30156"},{"@type":"ListItem","position":2,"name":"Butik","item":"https:\/\/balticoverlanders.eu\/sv\/?page_id=30894"},{"@type":"ListItem","position":3,"name":"James Baroud Discovery M"}]},{"@type":"WebSite","@id":"https:\/\/balticoverlanders.eu\/sv\/#website","url":"https:\/\/balticoverlanders.eu\/sv\/","name":"BALTIC OVERLANDERS","description":"Your one-stop shop in Latvia, Estonia, and Lithuania for all your car camping, rooftop tent and accessory needs.","potentialAction":[{"@type":"SearchAction","target":{"@type":"EntryPoint","urlTemplate":"https:\/\/balticoverlanders.eu\/sv\/?s={search_term_string}"},"query-input":{"@type":"PropertyValueSpecification","valueRequired":true,"valueName":"search_term_string"}}],"inLanguage":"sv-SE"}]}},"_links":{"self":[{"href":"https:\/\/balticoverlanders.eu\/sv\/wp-json\/wp\/v2\/product\/30409","targetHints":{"allow":["GET"]}}],"collection":[{"href":"https:\/\/balticoverlanders.eu\/sv\/wp-json\/wp\/v2\/product"}],"about":[{"href":"https:\/\/balticoverlanders.eu\/sv\/wp-json\/wp\/v2\/types\/product"}],"wp:featuredmedia":[{"embeddable":true,"href":"https:\/\/balticoverlanders.eu\/sv\/wp-json\/wp\/v2\/media\/5821"}],"wp:attachment":[{"href":"https:\/\/balticoverlanders.eu\/sv\/wp-json\/wp\/v2\/media?parent=30409"}],"wp:term":[{"taxonomy":"product_brand","embeddable":true,"href":"https:\/\/balticoverlanders.eu\/sv\/wp-json\/wp\/v2\/product_brand?post=30409"},{"taxonomy":"product_cat","embeddable":true,"href":"https:\/\/balticoverlanders.eu\/sv\/wp-json\/wp\/v2\/product_cat?post=30409"},{"taxonomy":"product_tag","embeddable":true,"href":"https:\/\/balticoverlanders.eu\/sv\/wp-json\/wp\/v2\/product_tag?post=30409"}],"curies":[{"name":"wp","href":"https:\/\/api.w.org\/{rel}","templated":true}]}}