{"id":30411,"date":"2023-03-18T16:03:36","date_gmt":"2023-03-18T14:03:36","guid":{"rendered":"https:\/\/balticoverlanders.eu\/product\/james-baroud-evasion-s\/"},"modified":"2024-01-31T23:21:44","modified_gmt":"2024-01-31T21:21:44","slug":"james-baroud-evasion-s","status":"publish","type":"product","link":"https:\/\/balticoverlanders.eu\/sv\/produkt\/james-baroud-evasion-s\/","title":{"rendered":"James Baroud Evasion S"},"content":{"rendered":"<p><strong>James Baroud EVASION S<\/strong>, det ultimata takt\u00e4ltet f\u00f6r dina utomhus\u00e4ventyr! Med sin rymliga interi\u00f6r, bekv\u00e4ma madrass och hisnande utsikt \u00e4r detta t\u00e4lt ett m\u00e5ste f\u00f6r alla friluftsentusiaster.<\/p>\n<p>H\u00e4r f\u00f6ljer n\u00e5gra viktiga fakta om James Baroud EVASION S:<\/p>\n<ul>\n<li>T\u00e4ltet \u00e4r utformat f\u00f6r att rymma upp till 2 vuxna, vilket g\u00f6r det perfekt f\u00f6r par eller sm\u00e5 familjer.<\/li>\n<li>Madrassens storlek \u00e4r 130 cm x 200 cm, vilket ger gott om utrymme f\u00f6r en bekv\u00e4m natts s\u00f6mn.<\/li>\n<li>T\u00e4ltet har en \u00f6ppen h\u00f6jd p\u00e5 100 cm, vilket ger dig gott om utrymme att r\u00f6ra dig och koppla av.<\/li>\n<li>J\u00e4mf\u00f6rt med andra t\u00e4lt med horisontell \u00f6ppning p\u00e5 marknaden har James Baroud Evasion den st\u00f6rsta innervolymen och erbjuder gott om plats f\u00f6r vuxna att sitta uppr\u00e4tt i b\u00e5da \u00e4ndarna av t\u00e4ltet.<\/li>\n<li>T\u00e4ltets 360\u00ba panoramaf\u00f6nster ger en fantastisk utsikt \u00f6ver omgivningen och m\u00f6jligg\u00f6r optimal luftcirkulation, s\u00e5 att du kan h\u00e5lla dig sval och bekv\u00e4m i varmare klimat.<\/li>\n<li>James Baroud EVASION S finns i tre storlekar: S (130&#215;200 cm), M (140&#215;200 cm) och XL (160&#215;224 cm), s\u00e5 att det finns en perfekt passform f\u00f6r alla \u00e4ventyrare.<\/li>\n<\/ul>\n<p>Oavsett om du planerar en weekendresa eller en l\u00e4ngre campingresa \u00e4r James Baroud EVASION S det perfekta takt\u00e4ltet f\u00f6r dina behov. Best\u00e4ll din idag och starta ditt n\u00e4sta \u00e4ventyr med komfort och stil!<\/p>\n<p><img fetchpriority=\"high\" decoding=\"async\" class=\"alignnone size-medium wp-image-6098\" src=\"https:\/\/balticoverlanders.eu\/wp-content\/uploads\/2023\/03\/EvasionM_11-300x300.png\" alt=\"\" width=\"300\" height=\"300\" srcset=\"https:\/\/balticoverlanders.eu\/wp-content\/uploads\/2023\/03\/EvasionM_11-300x300.png 300w, https:\/\/balticoverlanders.eu\/wp-content\/uploads\/2023\/03\/EvasionM_11-150x150.png 150w, https:\/\/balticoverlanders.eu\/wp-content\/uploads\/2023\/03\/EvasionM_11.png 500w\" sizes=\"(max-width: 300px) 100vw, 300px\" \/><img decoding=\"async\" class=\"alignnone size-medium wp-image-6097\" src=\"https:\/\/balticoverlanders.eu\/wp-content\/uploads\/2023\/03\/EvasionM_21-300x300.png\" alt=\"\" width=\"300\" height=\"300\" srcset=\"https:\/\/balticoverlanders.eu\/wp-content\/uploads\/2023\/03\/EvasionM_21-300x300.png 300w, https:\/\/balticoverlanders.eu\/wp-content\/uploads\/2023\/03\/EvasionM_21-150x150.png 150w, https:\/\/balticoverlanders.eu\/wp-content\/uploads\/2023\/03\/EvasionM_21.png 500w\" sizes=\"(max-width: 300px) 100vw, 300px\" \/> <img decoding=\"async\" class=\"alignnone size-medium wp-image-6611\" src=\"https:\/\/balticoverlanders.eu\/wp-content\/uploads\/2023\/03\/Evasion-S_3-300x300.png\" alt=\"\" width=\"300\" height=\"300\" srcset=\"https:\/\/balticoverlanders.eu\/wp-content\/uploads\/2023\/03\/Evasion-S_3-300x300.png 300w, https:\/\/balticoverlanders.eu\/wp-content\/uploads\/2023\/03\/Evasion-S_3-1024x1024.png 1024w, https:\/\/balticoverlanders.eu\/wp-content\/uploads\/2023\/03\/Evasion-S_3-150x150.png 150w, https:\/\/balticoverlanders.eu\/wp-content\/uploads\/2023\/03\/Evasion-S_3-768x768.png 768w, https:\/\/balticoverlanders.eu\/wp-content\/uploads\/2023\/03\/Evasion-S_3-1536x1536.png 1536w, https:\/\/balticoverlanders.eu\/wp-content\/uploads\/2023\/03\/Evasion-S_3-2048x2048.png 2048w, https:\/\/balticoverlanders.eu\/wp-content\/uploads\/2023\/03\/Evasion-S_3-600x600.png 600w\" sizes=\"(max-width: 300px) 100vw, 300px\" \/><img loading=\"lazy\" decoding=\"async\" class=\"alignnone size-medium wp-image-6610\" src=\"https:\/\/balticoverlanders.eu\/wp-content\/uploads\/2023\/03\/Evasion-S_4-300x300.png\" alt=\"\" width=\"300\" height=\"300\" srcset=\"https:\/\/balticoverlanders.eu\/wp-content\/uploads\/2023\/03\/Evasion-S_4-300x300.png 300w, https:\/\/balticoverlanders.eu\/wp-content\/uploads\/2023\/03\/Evasion-S_4-1024x1024.png 1024w, https:\/\/balticoverlanders.eu\/wp-content\/uploads\/2023\/03\/Evasion-S_4-150x150.png 150w, https:\/\/balticoverlanders.eu\/wp-content\/uploads\/2023\/03\/Evasion-S_4-768x768.png 768w, https:\/\/balticoverlanders.eu\/wp-content\/uploads\/2023\/03\/Evasion-S_4-1536x1536.png 1536w, https:\/\/balticoverlanders.eu\/wp-content\/uploads\/2023\/03\/Evasion-S_4-2048x2048.png 2048w, https:\/\/balticoverlanders.eu\/wp-content\/uploads\/2023\/03\/Evasion-S_4-600x600.png 600w\" sizes=\"(max-width: 300px) 100vw, 300px\" \/><\/p>\n","protected":false},"excerpt":{"rendered":"<p>James Baroud EVASION S, en rymlig interi\u00f6r, bekv\u00e4m madrass och en hisnande 360\u00ba utsikt &#8211; detta t\u00e4lt \u00e4r perfekt f\u00f6r par eller sm\u00e5 familjer.<\/p>\n<p>De viktigaste egenskaperna \u00e4r<\/p>\n<ul>\n<li>Konstruerad f\u00f6r 2 vuxna<\/li>\n<li>Madrassstorlek 130 cm x 200 cm<\/li>\n<li>\u00d6ppen h\u00f6jd p\u00e5 100 cm<\/li>\n<li>Innovativ design f\u00f6r maximal komfort och bekv\u00e4mlighet<\/li>\n<li>Stark och h\u00e5llbar konstruktion<\/li>\n<li>Snabb och enkel installation<\/li>\n<\/ul>\n<p>G\u00e5 med i den globala gemenskapen av James Baroud-takt\u00e4ltentusiaster och best\u00e4ll din EVASION S idag!<\/p>\n","protected":false},"featured_media":6106,"template":"","meta":[],"product_brand":[],"product_cat":[367,381],"product_tag":[],"class_list":{"0":"post-30411","1":"product","2":"type-product","3":"status-publish","4":"has-post-thumbnail","6":"product_cat-james-baroud-sv","7":"product_cat-talt-pa-tak","9":"first","10":"onbackorder","11":"taxable","12":"shipping-taxable","13":"purchasable","14":"product-type-variable"},"yoast_head":"<!-- This site is optimized with the Yoast SEO plugin v27.2 - https:\/\/yoast.com\/product\/yoast-seo-wordpress\/ -->\n<title>James Baroud Evasion S - BALTIC OVERLANDERS<\/title>\n<meta name=\"robots\" content=\"index, follow, max-snippet:-1, max-image-preview:large, max-video-preview:-1\" \/>\n<link rel=\"canonical\" href=\"https:\/\/balticoverlanders.eu\/sv\/produkt\/james-baroud-evasion-s\/\" \/>\n<meta property=\"og:locale\" content=\"sv_SE\" \/>\n<meta property=\"og:type\" content=\"article\" \/>\n<meta property=\"og:title\" content=\"James Baroud Evasion S - BALTIC OVERLANDERS\" \/>\n<meta property=\"og:description\" content=\"James Baroud EVASION S, en rymlig interi\u00f6r, bekv\u00e4m madrass och en hisnande 360\u00ba utsikt - detta t\u00e4lt \u00e4r perfekt f\u00f6r par eller sm\u00e5 familjer. De viktigaste egenskaperna \u00e4r  Konstruerad f\u00f6r 2 vuxna  Madrassstorlek 130 cm x 200 cm  \u00d6ppen h\u00f6jd p\u00e5 100 cm  Innovativ design f\u00f6r maximal komfort och bekv\u00e4mlighet  Stark och h\u00e5llbar konstruktion  Snabb och enkel installation G\u00e5 med i den globala gemenskapen av James Baroud-takt\u00e4ltentusiaster och best\u00e4ll din EVASION S idag!\" \/>\n<meta property=\"og:url\" content=\"https:\/\/balticoverlanders.eu\/sv\/produkt\/james-baroud-evasion-s\/\" \/>\n<meta property=\"og:site_name\" content=\"BALTIC OVERLANDERS\" \/>\n<meta property=\"article:modified_time\" content=\"2024-01-31T21:21:44+00:00\" \/>\n<meta property=\"og:image\" content=\"https:\/\/balticoverlanders.eu\/wp-content\/uploads\/2023\/03\/EvasionSTD-Grey20.png\" \/>\n\t<meta property=\"og:image:width\" content=\"1000\" \/>\n\t<meta property=\"og:image:height\" content=\"667\" \/>\n\t<meta property=\"og:image:type\" content=\"image\/png\" \/>\n<meta name=\"twitter:card\" content=\"summary_large_image\" \/>\n<meta name=\"twitter:label1\" content=\"Ber\u00e4knad l\u00e4stid\" \/>\n\t<meta name=\"twitter:data1\" content=\"1 minut\" \/>\n<script type=\"application\/ld+json\" class=\"yoast-schema-graph\">{\"@context\":\"https:\/\/schema.org\",\"@graph\":[{\"@type\":\"WebPage\",\"@id\":\"https:\/\/balticoverlanders.eu\/sv\/produkt\/james-baroud-evasion-s\/\",\"url\":\"https:\/\/balticoverlanders.eu\/sv\/produkt\/james-baroud-evasion-s\/\",\"name\":\"James Baroud Evasion S - BALTIC OVERLANDERS\",\"isPartOf\":{\"@id\":\"https:\/\/balticoverlanders.eu\/sv\/#website\"},\"primaryImageOfPage\":{\"@id\":\"https:\/\/balticoverlanders.eu\/sv\/produkt\/james-baroud-evasion-s\/#primaryimage\"},\"image\":{\"@id\":\"https:\/\/balticoverlanders.eu\/sv\/produkt\/james-baroud-evasion-s\/#primaryimage\"},\"thumbnailUrl\":\"https:\/\/balticoverlanders.eu\/wp-content\/uploads\/2023\/03\/EvasionSTD-Grey20.png\",\"datePublished\":\"2023-03-18T14:03:36+00:00\",\"dateModified\":\"2024-01-31T21:21:44+00:00\",\"breadcrumb\":{\"@id\":\"https:\/\/balticoverlanders.eu\/sv\/produkt\/james-baroud-evasion-s\/#breadcrumb\"},\"inLanguage\":\"sv-SE\",\"potentialAction\":[{\"@type\":\"ReadAction\",\"target\":[\"https:\/\/balticoverlanders.eu\/sv\/produkt\/james-baroud-evasion-s\/\"]}]},{\"@type\":\"ImageObject\",\"inLanguage\":\"sv-SE\",\"@id\":\"https:\/\/balticoverlanders.eu\/sv\/produkt\/james-baroud-evasion-s\/#primaryimage\",\"url\":\"https:\/\/balticoverlanders.eu\/wp-content\/uploads\/2023\/03\/EvasionSTD-Grey20.png\",\"contentUrl\":\"https:\/\/balticoverlanders.eu\/wp-content\/uploads\/2023\/03\/EvasionSTD-Grey20.png\",\"width\":1000,\"height\":667},{\"@type\":\"BreadcrumbList\",\"@id\":\"https:\/\/balticoverlanders.eu\/sv\/produkt\/james-baroud-evasion-s\/#breadcrumb\",\"itemListElement\":[{\"@type\":\"ListItem\",\"position\":1,\"name\":\"Home\",\"item\":\"https:\/\/balticoverlanders.eu\/sv\/?page_id=30156\"},{\"@type\":\"ListItem\",\"position\":2,\"name\":\"Butik\",\"item\":\"https:\/\/balticoverlanders.eu\/sv\/?page_id=30894\"},{\"@type\":\"ListItem\",\"position\":3,\"name\":\"James Baroud Evasion S\"}]},{\"@type\":\"WebSite\",\"@id\":\"https:\/\/balticoverlanders.eu\/sv\/#website\",\"url\":\"https:\/\/balticoverlanders.eu\/sv\/\",\"name\":\"BALTIC OVERLANDERS\",\"description\":\"Your one-stop shop in Latvia, Estonia, and Lithuania for all your car camping, rooftop tent and accessory needs.\",\"potentialAction\":[{\"@type\":\"SearchAction\",\"target\":{\"@type\":\"EntryPoint\",\"urlTemplate\":\"https:\/\/balticoverlanders.eu\/sv\/?s={search_term_string}\"},\"query-input\":{\"@type\":\"PropertyValueSpecification\",\"valueRequired\":true,\"valueName\":\"search_term_string\"}}],\"inLanguage\":\"sv-SE\"}]}<\/script>\n<!-- \/ Yoast SEO plugin. -->","yoast_head_json":{"title":"James Baroud Evasion S - BALTIC OVERLANDERS","robots":{"index":"index","follow":"follow","max-snippet":"max-snippet:-1","max-image-preview":"max-image-preview:large","max-video-preview":"max-video-preview:-1"},"canonical":"https:\/\/balticoverlanders.eu\/sv\/produkt\/james-baroud-evasion-s\/","og_locale":"sv_SE","og_type":"article","og_title":"James Baroud Evasion S - BALTIC OVERLANDERS","og_description":"James Baroud EVASION S, en rymlig interi\u00f6r, bekv\u00e4m madrass och en hisnande 360\u00ba utsikt - detta t\u00e4lt \u00e4r perfekt f\u00f6r par eller sm\u00e5 familjer. De viktigaste egenskaperna \u00e4r  Konstruerad f\u00f6r 2 vuxna  Madrassstorlek 130 cm x 200 cm  \u00d6ppen h\u00f6jd p\u00e5 100 cm  Innovativ design f\u00f6r maximal komfort och bekv\u00e4mlighet  Stark och h\u00e5llbar konstruktion  Snabb och enkel installation G\u00e5 med i den globala gemenskapen av James Baroud-takt\u00e4ltentusiaster och best\u00e4ll din EVASION S idag!","og_url":"https:\/\/balticoverlanders.eu\/sv\/produkt\/james-baroud-evasion-s\/","og_site_name":"BALTIC OVERLANDERS","article_modified_time":"2024-01-31T21:21:44+00:00","og_image":[{"width":1000,"height":667,"url":"https:\/\/balticoverlanders.eu\/wp-content\/uploads\/2023\/03\/EvasionSTD-Grey20.png","type":"image\/png"}],"twitter_card":"summary_large_image","twitter_misc":{"Ber\u00e4knad l\u00e4stid":"1 minut"},"schema":{"@context":"https:\/\/schema.org","@graph":[{"@type":"WebPage","@id":"https:\/\/balticoverlanders.eu\/sv\/produkt\/james-baroud-evasion-s\/","url":"https:\/\/balticoverlanders.eu\/sv\/produkt\/james-baroud-evasion-s\/","name":"James Baroud Evasion S - BALTIC OVERLANDERS","isPartOf":{"@id":"https:\/\/balticoverlanders.eu\/sv\/#website"},"primaryImageOfPage":{"@id":"https:\/\/balticoverlanders.eu\/sv\/produkt\/james-baroud-evasion-s\/#primaryimage"},"image":{"@id":"https:\/\/balticoverlanders.eu\/sv\/produkt\/james-baroud-evasion-s\/#primaryimage"},"thumbnailUrl":"https:\/\/balticoverlanders.eu\/wp-content\/uploads\/2023\/03\/EvasionSTD-Grey20.png","datePublished":"2023-03-18T14:03:36+00:00","dateModified":"2024-01-31T21:21:44+00:00","breadcrumb":{"@id":"https:\/\/balticoverlanders.eu\/sv\/produkt\/james-baroud-evasion-s\/#breadcrumb"},"inLanguage":"sv-SE","potentialAction":[{"@type":"ReadAction","target":["https:\/\/balticoverlanders.eu\/sv\/produkt\/james-baroud-evasion-s\/"]}]},{"@type":"ImageObject","inLanguage":"sv-SE","@id":"https:\/\/balticoverlanders.eu\/sv\/produkt\/james-baroud-evasion-s\/#primaryimage","url":"https:\/\/balticoverlanders.eu\/wp-content\/uploads\/2023\/03\/EvasionSTD-Grey20.png","contentUrl":"https:\/\/balticoverlanders.eu\/wp-content\/uploads\/2023\/03\/EvasionSTD-Grey20.png","width":1000,"height":667},{"@type":"BreadcrumbList","@id":"https:\/\/balticoverlanders.eu\/sv\/produkt\/james-baroud-evasion-s\/#breadcrumb","itemListElement":[{"@type":"ListItem","position":1,"name":"Home","item":"https:\/\/balticoverlanders.eu\/sv\/?page_id=30156"},{"@type":"ListItem","position":2,"name":"Butik","item":"https:\/\/balticoverlanders.eu\/sv\/?page_id=30894"},{"@type":"ListItem","position":3,"name":"James Baroud Evasion S"}]},{"@type":"WebSite","@id":"https:\/\/balticoverlanders.eu\/sv\/#website","url":"https:\/\/balticoverlanders.eu\/sv\/","name":"BALTIC OVERLANDERS","description":"Your one-stop shop in Latvia, Estonia, and Lithuania for all your car camping, rooftop tent and accessory needs.","potentialAction":[{"@type":"SearchAction","target":{"@type":"EntryPoint","urlTemplate":"https:\/\/balticoverlanders.eu\/sv\/?s={search_term_string}"},"query-input":{"@type":"PropertyValueSpecification","valueRequired":true,"valueName":"search_term_string"}}],"inLanguage":"sv-SE"}]}},"_links":{"self":[{"href":"https:\/\/balticoverlanders.eu\/sv\/wp-json\/wp\/v2\/product\/30411","targetHints":{"allow":["GET"]}}],"collection":[{"href":"https:\/\/balticoverlanders.eu\/sv\/wp-json\/wp\/v2\/product"}],"about":[{"href":"https:\/\/balticoverlanders.eu\/sv\/wp-json\/wp\/v2\/types\/product"}],"wp:featuredmedia":[{"embeddable":true,"href":"https:\/\/balticoverlanders.eu\/sv\/wp-json\/wp\/v2\/media\/6106"}],"wp:attachment":[{"href":"https:\/\/balticoverlanders.eu\/sv\/wp-json\/wp\/v2\/media?parent=30411"}],"wp:term":[{"taxonomy":"product_brand","embeddable":true,"href":"https:\/\/balticoverlanders.eu\/sv\/wp-json\/wp\/v2\/product_brand?post=30411"},{"taxonomy":"product_cat","embeddable":true,"href":"https:\/\/balticoverlanders.eu\/sv\/wp-json\/wp\/v2\/product_cat?post=30411"},{"taxonomy":"product_tag","embeddable":true,"href":"https:\/\/balticoverlanders.eu\/sv\/wp-json\/wp\/v2\/product_tag?post=30411"}],"curies":[{"name":"wp","href":"https:\/\/api.w.org\/{rel}","templated":true}]}}