{"id":30620,"date":"2023-03-12T11:00:40","date_gmt":"2023-03-12T09:00:40","guid":{"rendered":"https:\/\/balticoverlanders.eu\/product\/james-baroud-discovery-xl\/"},"modified":"2024-01-31T23:21:54","modified_gmt":"2024-01-31T21:21:54","slug":"james-baroud-discovery-xl","status":"publish","type":"product","link":"https:\/\/balticoverlanders.eu\/sv\/produkt\/james-baroud-discovery-xl\/","title":{"rendered":"James Baroud Discovery XL"},"content":{"rendered":"<p class=\"preFade fadeIn disable-executed-animation\"><strong>DISCOVERY XL &#8211; Snabbast att \u00f6ppna och enklast att st\u00e4nga.<\/strong><\/p>\n<ul>\n<li class=\"preFade fadeIn disable-executed-animation\">f\u00f6r 2 vuxna och 2 barn<\/li>\n<li class=\"preFade fadeIn disable-executed-animation\">madrassstorlek 160 cm x 224 cm<\/li>\n<li class=\"preFade fadeIn disable-executed-animation\">\u00f6ppen h\u00f6jd 140 cm<\/li>\n<\/ul>\n<p>James Baroud Discovery bygger p\u00e5 konceptet med skal\u00f6ppning och \u00e4r den snabbaste av v\u00e5ra modeller n\u00e4r det g\u00e4ller att \u00f6ppna och den enklaste att st\u00e4nga. J\u00e4mf\u00f6rt med andra t\u00e4lt p\u00e5 marknaden har det den b\u00e4sta vattent\u00e4theten och det b\u00e4sta vindmotst\u00e5ndet. T\u00e4ltet \u00f6ppnas p\u00e5 mindre \u00e4n 15 sekunder med hj\u00e4lp av tv\u00e5 hydraulcylindrar. Det kan st\u00e4ngas av endast en person och p\u00e5 mindre \u00e4n 1 minut. Stora f\u00f6nster runt t\u00e4ltet \u00f6kar luftfl\u00f6det och ger en 180\u00ba utsikt.<\/p>\n<p>Den finns i storlek M med 140&#215;200 cm och i storlek XL med 160&#215;224 cm.<\/p>\n<p><img fetchpriority=\"high\" decoding=\"async\" class=\"alignnone size-medium wp-image-6049\" src=\"https:\/\/balticoverlanders.eu\/wp-content\/uploads\/2023\/03\/DiscoveryXL_1-300x300.png\" alt=\"\" width=\"300\" height=\"300\" srcset=\"https:\/\/balticoverlanders.eu\/wp-content\/uploads\/2023\/03\/DiscoveryXL_1-300x300.png 300w, https:\/\/balticoverlanders.eu\/wp-content\/uploads\/2023\/03\/DiscoveryXL_1-150x150.png 150w, https:\/\/balticoverlanders.eu\/wp-content\/uploads\/2023\/03\/DiscoveryXL_1-600x600.png 600w, https:\/\/balticoverlanders.eu\/wp-content\/uploads\/2023\/03\/DiscoveryXL_1.png 750w\" sizes=\"(max-width: 300px) 100vw, 300px\" \/><img decoding=\"async\" class=\"alignnone size-medium wp-image-6038\" src=\"https:\/\/balticoverlanders.eu\/wp-content\/uploads\/2023\/03\/DiscoveryXL_2-300x300.png\" alt=\"\" width=\"300\" height=\"300\" srcset=\"https:\/\/balticoverlanders.eu\/wp-content\/uploads\/2023\/03\/DiscoveryXL_2-300x300.png 300w, https:\/\/balticoverlanders.eu\/wp-content\/uploads\/2023\/03\/DiscoveryXL_2-150x150.png 150w, https:\/\/balticoverlanders.eu\/wp-content\/uploads\/2023\/03\/DiscoveryXL_2-600x600.png 600w, https:\/\/balticoverlanders.eu\/wp-content\/uploads\/2023\/03\/DiscoveryXL_2.png 750w\" sizes=\"(max-width: 300px) 100vw, 300px\" \/><img decoding=\"async\" class=\"alignnone size-medium wp-image-6051\" src=\"https:\/\/balticoverlanders.eu\/wp-content\/uploads\/2023\/03\/DiscoveryXL_3-300x300.png\" alt=\"\" width=\"300\" height=\"300\" srcset=\"https:\/\/balticoverlanders.eu\/wp-content\/uploads\/2023\/03\/DiscoveryXL_3-300x300.png 300w, https:\/\/balticoverlanders.eu\/wp-content\/uploads\/2023\/03\/DiscoveryXL_3-150x150.png 150w, https:\/\/balticoverlanders.eu\/wp-content\/uploads\/2023\/03\/DiscoveryXL_3-600x600.png 600w, https:\/\/balticoverlanders.eu\/wp-content\/uploads\/2023\/03\/DiscoveryXL_3.png 750w\" sizes=\"(max-width: 300px) 100vw, 300px\" \/><img loading=\"lazy\" decoding=\"async\" class=\"alignnone size-medium wp-image-6050\" src=\"https:\/\/balticoverlanders.eu\/wp-content\/uploads\/2023\/03\/DiscoveryXL_4-300x300.png\" alt=\"\" width=\"300\" height=\"300\" srcset=\"https:\/\/balticoverlanders.eu\/wp-content\/uploads\/2023\/03\/DiscoveryXL_4-300x300.png 300w, https:\/\/balticoverlanders.eu\/wp-content\/uploads\/2023\/03\/DiscoveryXL_4-150x150.png 150w, https:\/\/balticoverlanders.eu\/wp-content\/uploads\/2023\/03\/DiscoveryXL_4-600x600.png 600w, https:\/\/balticoverlanders.eu\/wp-content\/uploads\/2023\/03\/DiscoveryXL_4.png 750w\" sizes=\"(max-width: 300px) 100vw, 300px\" \/><\/p>\n","protected":false},"excerpt":{"rendered":"<p>DISCOVERY XL &#8211; Snabbast att \u00f6ppna och enklast att st\u00e4nga.<\/p>\n<ul>\n<li class=\"preFade fadeIn disable-executed-animation\">f\u00f6r 2 vuxna och 2 barn<\/li>\n<li class=\"preFade fadeIn disable-executed-animation\">madrassstorlek 160 cm x 224 cm<\/li>\n<li class=\"preFade fadeIn disable-executed-animation\">\u00f6ppen h\u00f6jd 140 cm<\/li>\n<\/ul>\n<p>INNOVATION, KOMFORT, STYRKA OCH SNABBHET<\/p>\n<p>Det h\u00e4r \u00e4r de viktigaste faktorerna som har gjort James Baroud-t\u00e4lten k\u00e4nda \u00f6ver hela v\u00e4rlden<\/p>\n","protected":false},"featured_media":6043,"template":"","meta":[],"product_brand":[],"product_cat":[367,381],"product_tag":[],"class_list":{"0":"post-30620","1":"product","2":"type-product","3":"status-publish","4":"has-post-thumbnail","6":"product_cat-james-baroud-sv","7":"product_cat-talt-pa-tak","9":"first","10":"instock","11":"taxable","12":"shipping-taxable","13":"purchasable","14":"product-type-variable"},"yoast_head":"<!-- This site is optimized with the Yoast SEO plugin v27.3 - https:\/\/yoast.com\/product\/yoast-seo-wordpress\/ -->\n<title>James Baroud Discovery XL - BALTIC OVERLANDERS<\/title>\n<meta name=\"robots\" content=\"index, follow, max-snippet:-1, max-image-preview:large, max-video-preview:-1\" \/>\n<link rel=\"canonical\" href=\"https:\/\/balticoverlanders.eu\/sv\/produkt\/james-baroud-discovery-xl\/\" \/>\n<meta property=\"og:locale\" content=\"sv_SE\" \/>\n<meta property=\"og:type\" content=\"article\" \/>\n<meta property=\"og:title\" content=\"James Baroud Discovery XL - BALTIC OVERLANDERS\" \/>\n<meta property=\"og:description\" content=\"DISCOVERY XL - Snabbast att \u00f6ppna och enklast att st\u00e4nga.  f\u00f6r 2 vuxna och 2 barn  madrassstorlek 160 cm x 224 cm  \u00f6ppen h\u00f6jd 140 cm INNOVATION, KOMFORT, STYRKA OCH SNABBHET Det h\u00e4r \u00e4r de viktigaste faktorerna som har gjort James Baroud-t\u00e4lten k\u00e4nda \u00f6ver hela v\u00e4rlden\" \/>\n<meta property=\"og:url\" content=\"https:\/\/balticoverlanders.eu\/sv\/produkt\/james-baroud-discovery-xl\/\" \/>\n<meta property=\"og:site_name\" content=\"BALTIC OVERLANDERS\" \/>\n<meta property=\"article:modified_time\" content=\"2024-01-31T21:21:54+00:00\" \/>\n<meta property=\"og:image\" content=\"https:\/\/balticoverlanders.eu\/wp-content\/uploads\/2023\/03\/DiscoverySTD-Grey12-1.png\" \/>\n\t<meta property=\"og:image:width\" content=\"1000\" \/>\n\t<meta property=\"og:image:height\" content=\"763\" \/>\n\t<meta property=\"og:image:type\" content=\"image\/png\" \/>\n<meta name=\"twitter:card\" content=\"summary_large_image\" \/>\n<meta name=\"twitter:label1\" content=\"Ber\u00e4knad l\u00e4stid\" \/>\n\t<meta name=\"twitter:data1\" content=\"1 minut\" \/>\n<script type=\"application\/ld+json\" class=\"yoast-schema-graph\">{\"@context\":\"https:\\\/\\\/schema.org\",\"@graph\":[{\"@type\":\"WebPage\",\"@id\":\"https:\\\/\\\/balticoverlanders.eu\\\/sv\\\/produkt\\\/james-baroud-discovery-xl\\\/\",\"url\":\"https:\\\/\\\/balticoverlanders.eu\\\/sv\\\/produkt\\\/james-baroud-discovery-xl\\\/\",\"name\":\"James Baroud Discovery XL - BALTIC OVERLANDERS\",\"isPartOf\":{\"@id\":\"https:\\\/\\\/balticoverlanders.eu\\\/sv\\\/#website\"},\"primaryImageOfPage\":{\"@id\":\"https:\\\/\\\/balticoverlanders.eu\\\/sv\\\/produkt\\\/james-baroud-discovery-xl\\\/#primaryimage\"},\"image\":{\"@id\":\"https:\\\/\\\/balticoverlanders.eu\\\/sv\\\/produkt\\\/james-baroud-discovery-xl\\\/#primaryimage\"},\"thumbnailUrl\":\"https:\\\/\\\/balticoverlanders.eu\\\/wp-content\\\/uploads\\\/2023\\\/03\\\/DiscoverySTD-Grey12-1.png\",\"datePublished\":\"2023-03-12T09:00:40+00:00\",\"dateModified\":\"2024-01-31T21:21:54+00:00\",\"breadcrumb\":{\"@id\":\"https:\\\/\\\/balticoverlanders.eu\\\/sv\\\/produkt\\\/james-baroud-discovery-xl\\\/#breadcrumb\"},\"inLanguage\":\"sv-SE\",\"potentialAction\":[{\"@type\":\"ReadAction\",\"target\":[\"https:\\\/\\\/balticoverlanders.eu\\\/sv\\\/produkt\\\/james-baroud-discovery-xl\\\/\"]}]},{\"@type\":\"ImageObject\",\"inLanguage\":\"sv-SE\",\"@id\":\"https:\\\/\\\/balticoverlanders.eu\\\/sv\\\/produkt\\\/james-baroud-discovery-xl\\\/#primaryimage\",\"url\":\"https:\\\/\\\/balticoverlanders.eu\\\/wp-content\\\/uploads\\\/2023\\\/03\\\/DiscoverySTD-Grey12-1.png\",\"contentUrl\":\"https:\\\/\\\/balticoverlanders.eu\\\/wp-content\\\/uploads\\\/2023\\\/03\\\/DiscoverySTD-Grey12-1.png\",\"width\":1000,\"height\":763},{\"@type\":\"BreadcrumbList\",\"@id\":\"https:\\\/\\\/balticoverlanders.eu\\\/sv\\\/produkt\\\/james-baroud-discovery-xl\\\/#breadcrumb\",\"itemListElement\":[{\"@type\":\"ListItem\",\"position\":1,\"name\":\"Home\",\"item\":\"https:\\\/\\\/balticoverlanders.eu\\\/sv\\\/?page_id=30156\"},{\"@type\":\"ListItem\",\"position\":2,\"name\":\"Butik\",\"item\":\"https:\\\/\\\/balticoverlanders.eu\\\/sv\\\/?page_id=30894\"},{\"@type\":\"ListItem\",\"position\":3,\"name\":\"James Baroud Discovery XL\"}]},{\"@type\":\"WebSite\",\"@id\":\"https:\\\/\\\/balticoverlanders.eu\\\/sv\\\/#website\",\"url\":\"https:\\\/\\\/balticoverlanders.eu\\\/sv\\\/\",\"name\":\"BALTIC OVERLANDERS\",\"description\":\"Your one-stop shop in Latvia, Estonia, and Lithuania for all your car camping, rooftop tent and accessory needs.\",\"potentialAction\":[{\"@type\":\"SearchAction\",\"target\":{\"@type\":\"EntryPoint\",\"urlTemplate\":\"https:\\\/\\\/balticoverlanders.eu\\\/sv\\\/?s={search_term_string}\"},\"query-input\":{\"@type\":\"PropertyValueSpecification\",\"valueRequired\":true,\"valueName\":\"search_term_string\"}}],\"inLanguage\":\"sv-SE\"}]}<\/script>\n<!-- \/ Yoast SEO plugin. -->","yoast_head_json":{"title":"James Baroud Discovery XL - BALTIC OVERLANDERS","robots":{"index":"index","follow":"follow","max-snippet":"max-snippet:-1","max-image-preview":"max-image-preview:large","max-video-preview":"max-video-preview:-1"},"canonical":"https:\/\/balticoverlanders.eu\/sv\/produkt\/james-baroud-discovery-xl\/","og_locale":"sv_SE","og_type":"article","og_title":"James Baroud Discovery XL - BALTIC OVERLANDERS","og_description":"DISCOVERY XL - Snabbast att \u00f6ppna och enklast att st\u00e4nga.  f\u00f6r 2 vuxna och 2 barn  madrassstorlek 160 cm x 224 cm  \u00f6ppen h\u00f6jd 140 cm INNOVATION, KOMFORT, STYRKA OCH SNABBHET Det h\u00e4r \u00e4r de viktigaste faktorerna som har gjort James Baroud-t\u00e4lten k\u00e4nda \u00f6ver hela v\u00e4rlden","og_url":"https:\/\/balticoverlanders.eu\/sv\/produkt\/james-baroud-discovery-xl\/","og_site_name":"BALTIC OVERLANDERS","article_modified_time":"2024-01-31T21:21:54+00:00","og_image":[{"width":1000,"height":763,"url":"https:\/\/balticoverlanders.eu\/wp-content\/uploads\/2023\/03\/DiscoverySTD-Grey12-1.png","type":"image\/png"}],"twitter_card":"summary_large_image","twitter_misc":{"Ber\u00e4knad l\u00e4stid":"1 minut"},"schema":{"@context":"https:\/\/schema.org","@graph":[{"@type":"WebPage","@id":"https:\/\/balticoverlanders.eu\/sv\/produkt\/james-baroud-discovery-xl\/","url":"https:\/\/balticoverlanders.eu\/sv\/produkt\/james-baroud-discovery-xl\/","name":"James Baroud Discovery XL - BALTIC OVERLANDERS","isPartOf":{"@id":"https:\/\/balticoverlanders.eu\/sv\/#website"},"primaryImageOfPage":{"@id":"https:\/\/balticoverlanders.eu\/sv\/produkt\/james-baroud-discovery-xl\/#primaryimage"},"image":{"@id":"https:\/\/balticoverlanders.eu\/sv\/produkt\/james-baroud-discovery-xl\/#primaryimage"},"thumbnailUrl":"https:\/\/balticoverlanders.eu\/wp-content\/uploads\/2023\/03\/DiscoverySTD-Grey12-1.png","datePublished":"2023-03-12T09:00:40+00:00","dateModified":"2024-01-31T21:21:54+00:00","breadcrumb":{"@id":"https:\/\/balticoverlanders.eu\/sv\/produkt\/james-baroud-discovery-xl\/#breadcrumb"},"inLanguage":"sv-SE","potentialAction":[{"@type":"ReadAction","target":["https:\/\/balticoverlanders.eu\/sv\/produkt\/james-baroud-discovery-xl\/"]}]},{"@type":"ImageObject","inLanguage":"sv-SE","@id":"https:\/\/balticoverlanders.eu\/sv\/produkt\/james-baroud-discovery-xl\/#primaryimage","url":"https:\/\/balticoverlanders.eu\/wp-content\/uploads\/2023\/03\/DiscoverySTD-Grey12-1.png","contentUrl":"https:\/\/balticoverlanders.eu\/wp-content\/uploads\/2023\/03\/DiscoverySTD-Grey12-1.png","width":1000,"height":763},{"@type":"BreadcrumbList","@id":"https:\/\/balticoverlanders.eu\/sv\/produkt\/james-baroud-discovery-xl\/#breadcrumb","itemListElement":[{"@type":"ListItem","position":1,"name":"Home","item":"https:\/\/balticoverlanders.eu\/sv\/?page_id=30156"},{"@type":"ListItem","position":2,"name":"Butik","item":"https:\/\/balticoverlanders.eu\/sv\/?page_id=30894"},{"@type":"ListItem","position":3,"name":"James Baroud Discovery XL"}]},{"@type":"WebSite","@id":"https:\/\/balticoverlanders.eu\/sv\/#website","url":"https:\/\/balticoverlanders.eu\/sv\/","name":"BALTIC OVERLANDERS","description":"Your one-stop shop in Latvia, Estonia, and Lithuania for all your car camping, rooftop tent and accessory needs.","potentialAction":[{"@type":"SearchAction","target":{"@type":"EntryPoint","urlTemplate":"https:\/\/balticoverlanders.eu\/sv\/?s={search_term_string}"},"query-input":{"@type":"PropertyValueSpecification","valueRequired":true,"valueName":"search_term_string"}}],"inLanguage":"sv-SE"}]}},"_links":{"self":[{"href":"https:\/\/balticoverlanders.eu\/sv\/wp-json\/wp\/v2\/product\/30620","targetHints":{"allow":["GET"]}}],"collection":[{"href":"https:\/\/balticoverlanders.eu\/sv\/wp-json\/wp\/v2\/product"}],"about":[{"href":"https:\/\/balticoverlanders.eu\/sv\/wp-json\/wp\/v2\/types\/product"}],"wp:featuredmedia":[{"embeddable":true,"href":"https:\/\/balticoverlanders.eu\/sv\/wp-json\/wp\/v2\/media\/6043"}],"wp:attachment":[{"href":"https:\/\/balticoverlanders.eu\/sv\/wp-json\/wp\/v2\/media?parent=30620"}],"wp:term":[{"taxonomy":"product_brand","embeddable":true,"href":"https:\/\/balticoverlanders.eu\/sv\/wp-json\/wp\/v2\/product_brand?post=30620"},{"taxonomy":"product_cat","embeddable":true,"href":"https:\/\/balticoverlanders.eu\/sv\/wp-json\/wp\/v2\/product_cat?post=30620"},{"taxonomy":"product_tag","embeddable":true,"href":"https:\/\/balticoverlanders.eu\/sv\/wp-json\/wp\/v2\/product_tag?post=30620"}],"curies":[{"name":"wp","href":"https:\/\/api.w.org\/{rel}","templated":true}]}}