{"id":39192,"date":"2024-04-05T15:45:02","date_gmt":"2024-04-05T12:45:02","guid":{"rendered":"https:\/\/balticoverlanders.eu\/product\/wild-land-bush-cruiser-140\/"},"modified":"2024-05-06T22:40:21","modified_gmt":"2024-05-06T19:40:21","slug":"wild-land-bush-cruiser-140","status":"publish","type":"product","link":"https:\/\/balticoverlanders.eu\/sv\/produkt\/wild-land-bush-cruiser-140\/","title":{"rendered":"Wild Land Bush Cruiser 140"},"content":{"rendered":"<p><strong>Vi presenterar Bush Cruiser: Det ultimata takt\u00e4ltet med h\u00e5rt skal<\/strong><\/p>\n<p><strong>\u00d6versikt:<\/strong><\/p>\n<ul>\n<li>Bush Cruiser, den senaste modellen fr\u00e5n Wild Land, omdefinierar campingkomfort med sin innovativa design och premiumfunktioner.<\/li>\n<li>Den \u00e4r utformad f\u00f6r \u00e4ventyrare p\u00e5 resande fot och erbjuder o\u00f6vertr\u00e4ffad enkel montering och nedpackning, vilket g\u00f6r den idealisk f\u00f6r b\u00e5de bilresor och friluftsentusiaster.<\/li>\n<\/ul>\n<p><strong>Viktiga egenskaper:<\/strong><\/p>\n<ul>\n<li>Patenterad design med l\u00e5g profil och en unik aluminiumram med lameller minskar vikt, volym och kondens.<\/li>\n<li>Repfri aluminiumtopp med h\u00e5rt skal och integrerade lasth\u00e5llare f\u00f6r kajaker, surfbr\u00e4dor, extrautrustning och till och med solpaneler.<\/li>\n<li>Gasfj\u00e4drad \u00f6ppning, inv\u00e4ndigt monterad f\u00f6r skydd mot v\u00e4der och vind.<\/li>\n<li>Snabb upps\u00e4ttning och nedpackning p\u00e5 60 sekunder utan besv\u00e4rliga f\u00f6nsterstolpar att hantera.<\/li>\n<li>Rymlig bakd\u00f6rr och \u00f6verdimensionerade sidof\u00f6nster f\u00f6r enkel \u00e5tkomst och panoramautsikt.<\/li>\n<li>LED-ljusband medf\u00f6ljer f\u00f6r belysning under natten.<\/li>\n<li>F\u00e4sts enkelt p\u00e5 takr\u00e4ckets tv\u00e4rstag f\u00f6r stabilitet och s\u00e4kerhet.<\/li>\n<li>Vattent\u00e4t vindsl\u00e5, t\u00e4ltstomme och golv garanterar torr och bekv\u00e4m camping i alla v\u00e4der.<\/li>\n<li>Sidorna \u00e4r tillverkade av aluminiumprofiler och har f\u00e4stpunkter f\u00f6r extra utrustning.<\/li>\n<\/ul>\n<p><strong>Tillg\u00e4ngliga modeller:<\/strong><\/p>\n<ul>\n<li>Bush Cruiser erbjuds i tv\u00e5 bredder: 120 cm och 140 cm, vilket ger alternativ som passar olika fordonsupps\u00e4ttningar och campingpreferenser.<\/li>\n<\/ul>\n<p><strong>Medf\u00f6ljande tillbeh\u00f6r:<\/strong><\/p>\n<ul>\n<li>Varje Bush Cruiser levereras med praktiska lasth\u00e5llare p\u00e5 ovansidan, skop\u00e5sar och en LED-lampa, s\u00e5 att du \u00e4r fullt utrustad f\u00f6r dina utomhus\u00e4ventyr.<\/li>\n<\/ul>\n","protected":false},"excerpt":{"rendered":"<p>H\u00e5rt skal av aluminiumbikake i svart, st\u00e4ngd h\u00f6jd bara 15 cm och 18 cm med aluminiumprofil under, T-rad p\u00e5 l\u00e5ngsidan f\u00f6r att montera extra tillbeh\u00f6r, 2 l\u00f6stagbara st\u00e4nger f\u00f6r att f\u00e4sta extra utrustning etc., metallhakar f\u00f6r att st\u00e4nga t\u00e4ltet Komplett med: teleskopstege upp till 230 cm l\u00e4ngd, saker, skofickor, LED-lampa inuti med ljusintensitetsreglering och str\u00f6m p\u00e5\/av, 2 st l\u00f6stagbara st\u00e4nger, monteringssats tillsammans med instruktion<\/p>\n","protected":false},"featured_media":50917,"template":"","meta":[],"product_brand":[],"product_cat":[381,488],"product_tag":[],"class_list":{"0":"post-39192","1":"product","2":"type-product","3":"status-publish","4":"has-post-thumbnail","6":"product_cat-talt-pa-tak","7":"product_cat-vildmark","9":"first","10":"onbackorder","11":"taxable","12":"shipping-taxable","13":"purchasable","14":"product-type-simple"},"yoast_head":"<!-- This site is optimized with the Yoast SEO plugin v27.3 - https:\/\/yoast.com\/product\/yoast-seo-wordpress\/ -->\n<title>Wild Land Bush Cruiser 140 - BALTIC OVERLANDERS<\/title>\n<meta name=\"description\" content=\"Utforska v\u00e5rt robusta aluminiumt\u00e4lt, Wild Land Bush Cruiser. Den \u00e4r kompakt, t\u00e5lig och enkel att s\u00e4tta upp och inneh\u00e5ller allt som beh\u00f6vs f\u00f6r camping.\" \/>\n<meta name=\"robots\" content=\"index, follow, max-snippet:-1, max-image-preview:large, max-video-preview:-1\" \/>\n<link rel=\"canonical\" href=\"https:\/\/balticoverlanders.eu\/sv\/produkt\/wild-land-bush-cruiser-140\/\" \/>\n<meta property=\"og:locale\" content=\"sv_SE\" \/>\n<meta property=\"og:type\" content=\"article\" \/>\n<meta property=\"og:title\" content=\"Wild Land Bush Cruiser 140 - BALTIC OVERLANDERS\" \/>\n<meta property=\"og:description\" content=\"Utforska v\u00e5rt robusta aluminiumt\u00e4lt, Wild Land Bush Cruiser. Den \u00e4r kompakt, t\u00e5lig och enkel att s\u00e4tta upp och inneh\u00e5ller allt som beh\u00f6vs f\u00f6r camping.\" \/>\n<meta property=\"og:url\" content=\"https:\/\/balticoverlanders.eu\/sv\/produkt\/wild-land-bush-cruiser-140\/\" \/>\n<meta property=\"og:site_name\" content=\"BALTIC OVERLANDERS\" \/>\n<meta property=\"article:modified_time\" content=\"2024-05-06T19:40:21+00:00\" \/>\n<meta property=\"og:image\" content=\"https:\/\/balticoverlanders.eu\/wp-content\/uploads\/2024\/04\/namiot-dachowy-bush-cruiser-140-rozlozony-widok-od-wejscia.jpg\" \/>\n\t<meta property=\"og:image:width\" content=\"2048\" \/>\n\t<meta property=\"og:image:height\" content=\"1366\" \/>\n\t<meta property=\"og:image:type\" content=\"image\/jpeg\" \/>\n<meta name=\"twitter:card\" content=\"summary_large_image\" \/>\n<meta name=\"twitter:label1\" content=\"Ber\u00e4knad l\u00e4stid\" \/>\n\t<meta name=\"twitter:data1\" content=\"1 minut\" \/>\n<script type=\"application\/ld+json\" class=\"yoast-schema-graph\">{\"@context\":\"https:\\\/\\\/schema.org\",\"@graph\":[{\"@type\":\"WebPage\",\"@id\":\"https:\\\/\\\/balticoverlanders.eu\\\/sv\\\/produkt\\\/wild-land-bush-cruiser-140\\\/\",\"url\":\"https:\\\/\\\/balticoverlanders.eu\\\/sv\\\/produkt\\\/wild-land-bush-cruiser-140\\\/\",\"name\":\"Wild Land Bush Cruiser 140 - BALTIC OVERLANDERS\",\"isPartOf\":{\"@id\":\"https:\\\/\\\/balticoverlanders.eu\\\/sv\\\/#website\"},\"primaryImageOfPage\":{\"@id\":\"https:\\\/\\\/balticoverlanders.eu\\\/sv\\\/produkt\\\/wild-land-bush-cruiser-140\\\/#primaryimage\"},\"image\":{\"@id\":\"https:\\\/\\\/balticoverlanders.eu\\\/sv\\\/produkt\\\/wild-land-bush-cruiser-140\\\/#primaryimage\"},\"thumbnailUrl\":\"https:\\\/\\\/balticoverlanders.eu\\\/wp-content\\\/uploads\\\/2024\\\/04\\\/Wild-Land-Bush-Cruiser-II-roof-top-tent_007.jpg\",\"datePublished\":\"2024-04-05T12:45:02+00:00\",\"dateModified\":\"2024-05-06T19:40:21+00:00\",\"description\":\"Utforska v\u00e5rt robusta aluminiumt\u00e4lt, Wild Land Bush Cruiser. Den \u00e4r kompakt, t\u00e5lig och enkel att s\u00e4tta upp och inneh\u00e5ller allt som beh\u00f6vs f\u00f6r camping.\",\"breadcrumb\":{\"@id\":\"https:\\\/\\\/balticoverlanders.eu\\\/sv\\\/produkt\\\/wild-land-bush-cruiser-140\\\/#breadcrumb\"},\"inLanguage\":\"sv-SE\",\"potentialAction\":[{\"@type\":\"ReadAction\",\"target\":[\"https:\\\/\\\/balticoverlanders.eu\\\/sv\\\/produkt\\\/wild-land-bush-cruiser-140\\\/\"]}]},{\"@type\":\"ImageObject\",\"inLanguage\":\"sv-SE\",\"@id\":\"https:\\\/\\\/balticoverlanders.eu\\\/sv\\\/produkt\\\/wild-land-bush-cruiser-140\\\/#primaryimage\",\"url\":\"https:\\\/\\\/balticoverlanders.eu\\\/wp-content\\\/uploads\\\/2024\\\/04\\\/Wild-Land-Bush-Cruiser-II-roof-top-tent_007.jpg\",\"contentUrl\":\"https:\\\/\\\/balticoverlanders.eu\\\/wp-content\\\/uploads\\\/2024\\\/04\\\/Wild-Land-Bush-Cruiser-II-roof-top-tent_007.jpg\",\"width\":1920,\"height\":1080},{\"@type\":\"BreadcrumbList\",\"@id\":\"https:\\\/\\\/balticoverlanders.eu\\\/sv\\\/produkt\\\/wild-land-bush-cruiser-140\\\/#breadcrumb\",\"itemListElement\":[{\"@type\":\"ListItem\",\"position\":1,\"name\":\"Home\",\"item\":\"https:\\\/\\\/balticoverlanders.eu\\\/sv\\\/?page_id=30156\"},{\"@type\":\"ListItem\",\"position\":2,\"name\":\"Butik\",\"item\":\"https:\\\/\\\/balticoverlanders.eu\\\/sv\\\/?page_id=30894\"},{\"@type\":\"ListItem\",\"position\":3,\"name\":\"Wild Land Bush Cruiser 140\"}]},{\"@type\":\"WebSite\",\"@id\":\"https:\\\/\\\/balticoverlanders.eu\\\/sv\\\/#website\",\"url\":\"https:\\\/\\\/balticoverlanders.eu\\\/sv\\\/\",\"name\":\"BALTIC OVERLANDERS\",\"description\":\"Your one-stop shop in Latvia, Estonia, and Lithuania for all your car camping, rooftop tent and accessory needs.\",\"potentialAction\":[{\"@type\":\"SearchAction\",\"target\":{\"@type\":\"EntryPoint\",\"urlTemplate\":\"https:\\\/\\\/balticoverlanders.eu\\\/sv\\\/?s={search_term_string}\"},\"query-input\":{\"@type\":\"PropertyValueSpecification\",\"valueRequired\":true,\"valueName\":\"search_term_string\"}}],\"inLanguage\":\"sv-SE\"}]}<\/script>\n<!-- \/ Yoast SEO plugin. -->","yoast_head_json":{"title":"Wild Land Bush Cruiser 140 - BALTIC OVERLANDERS","description":"Utforska v\u00e5rt robusta aluminiumt\u00e4lt, Wild Land Bush Cruiser. Den \u00e4r kompakt, t\u00e5lig och enkel att s\u00e4tta upp och inneh\u00e5ller allt som beh\u00f6vs f\u00f6r camping.","robots":{"index":"index","follow":"follow","max-snippet":"max-snippet:-1","max-image-preview":"max-image-preview:large","max-video-preview":"max-video-preview:-1"},"canonical":"https:\/\/balticoverlanders.eu\/sv\/produkt\/wild-land-bush-cruiser-140\/","og_locale":"sv_SE","og_type":"article","og_title":"Wild Land Bush Cruiser 140 - BALTIC OVERLANDERS","og_description":"Utforska v\u00e5rt robusta aluminiumt\u00e4lt, Wild Land Bush Cruiser. Den \u00e4r kompakt, t\u00e5lig och enkel att s\u00e4tta upp och inneh\u00e5ller allt som beh\u00f6vs f\u00f6r camping.","og_url":"https:\/\/balticoverlanders.eu\/sv\/produkt\/wild-land-bush-cruiser-140\/","og_site_name":"BALTIC OVERLANDERS","article_modified_time":"2024-05-06T19:40:21+00:00","og_image":[{"width":2048,"height":1366,"url":"https:\/\/balticoverlanders.eu\/wp-content\/uploads\/2024\/04\/namiot-dachowy-bush-cruiser-140-rozlozony-widok-od-wejscia.jpg","type":"image\/jpeg"}],"twitter_card":"summary_large_image","twitter_misc":{"Ber\u00e4knad l\u00e4stid":"1 minut"},"schema":{"@context":"https:\/\/schema.org","@graph":[{"@type":"WebPage","@id":"https:\/\/balticoverlanders.eu\/sv\/produkt\/wild-land-bush-cruiser-140\/","url":"https:\/\/balticoverlanders.eu\/sv\/produkt\/wild-land-bush-cruiser-140\/","name":"Wild Land Bush Cruiser 140 - BALTIC OVERLANDERS","isPartOf":{"@id":"https:\/\/balticoverlanders.eu\/sv\/#website"},"primaryImageOfPage":{"@id":"https:\/\/balticoverlanders.eu\/sv\/produkt\/wild-land-bush-cruiser-140\/#primaryimage"},"image":{"@id":"https:\/\/balticoverlanders.eu\/sv\/produkt\/wild-land-bush-cruiser-140\/#primaryimage"},"thumbnailUrl":"https:\/\/balticoverlanders.eu\/wp-content\/uploads\/2024\/04\/Wild-Land-Bush-Cruiser-II-roof-top-tent_007.jpg","datePublished":"2024-04-05T12:45:02+00:00","dateModified":"2024-05-06T19:40:21+00:00","description":"Utforska v\u00e5rt robusta aluminiumt\u00e4lt, Wild Land Bush Cruiser. Den \u00e4r kompakt, t\u00e5lig och enkel att s\u00e4tta upp och inneh\u00e5ller allt som beh\u00f6vs f\u00f6r camping.","breadcrumb":{"@id":"https:\/\/balticoverlanders.eu\/sv\/produkt\/wild-land-bush-cruiser-140\/#breadcrumb"},"inLanguage":"sv-SE","potentialAction":[{"@type":"ReadAction","target":["https:\/\/balticoverlanders.eu\/sv\/produkt\/wild-land-bush-cruiser-140\/"]}]},{"@type":"ImageObject","inLanguage":"sv-SE","@id":"https:\/\/balticoverlanders.eu\/sv\/produkt\/wild-land-bush-cruiser-140\/#primaryimage","url":"https:\/\/balticoverlanders.eu\/wp-content\/uploads\/2024\/04\/Wild-Land-Bush-Cruiser-II-roof-top-tent_007.jpg","contentUrl":"https:\/\/balticoverlanders.eu\/wp-content\/uploads\/2024\/04\/Wild-Land-Bush-Cruiser-II-roof-top-tent_007.jpg","width":1920,"height":1080},{"@type":"BreadcrumbList","@id":"https:\/\/balticoverlanders.eu\/sv\/produkt\/wild-land-bush-cruiser-140\/#breadcrumb","itemListElement":[{"@type":"ListItem","position":1,"name":"Home","item":"https:\/\/balticoverlanders.eu\/sv\/?page_id=30156"},{"@type":"ListItem","position":2,"name":"Butik","item":"https:\/\/balticoverlanders.eu\/sv\/?page_id=30894"},{"@type":"ListItem","position":3,"name":"Wild Land Bush Cruiser 140"}]},{"@type":"WebSite","@id":"https:\/\/balticoverlanders.eu\/sv\/#website","url":"https:\/\/balticoverlanders.eu\/sv\/","name":"BALTIC OVERLANDERS","description":"Your one-stop shop in Latvia, Estonia, and Lithuania for all your car camping, rooftop tent and accessory needs.","potentialAction":[{"@type":"SearchAction","target":{"@type":"EntryPoint","urlTemplate":"https:\/\/balticoverlanders.eu\/sv\/?s={search_term_string}"},"query-input":{"@type":"PropertyValueSpecification","valueRequired":true,"valueName":"search_term_string"}}],"inLanguage":"sv-SE"}]}},"_links":{"self":[{"href":"https:\/\/balticoverlanders.eu\/sv\/wp-json\/wp\/v2\/product\/39192","targetHints":{"allow":["GET"]}}],"collection":[{"href":"https:\/\/balticoverlanders.eu\/sv\/wp-json\/wp\/v2\/product"}],"about":[{"href":"https:\/\/balticoverlanders.eu\/sv\/wp-json\/wp\/v2\/types\/product"}],"wp:featuredmedia":[{"embeddable":true,"href":"https:\/\/balticoverlanders.eu\/sv\/wp-json\/wp\/v2\/media\/50917"}],"wp:attachment":[{"href":"https:\/\/balticoverlanders.eu\/sv\/wp-json\/wp\/v2\/media?parent=39192"}],"wp:term":[{"taxonomy":"product_brand","embeddable":true,"href":"https:\/\/balticoverlanders.eu\/sv\/wp-json\/wp\/v2\/product_brand?post=39192"},{"taxonomy":"product_cat","embeddable":true,"href":"https:\/\/balticoverlanders.eu\/sv\/wp-json\/wp\/v2\/product_cat?post=39192"},{"taxonomy":"product_tag","embeddable":true,"href":"https:\/\/balticoverlanders.eu\/sv\/wp-json\/wp\/v2\/product_tag?post=39192"}],"curies":[{"name":"wp","href":"https:\/\/api.w.org\/{rel}","templated":true}]}}