{"id":39207,"date":"2024-03-17T13:50:19","date_gmt":"2024-03-17T11:50:19","guid":{"rendered":"https:\/\/balticoverlanders.eu\/product\/wild-land-desert-cruiser-120\/"},"modified":"2024-05-06T22:40:33","modified_gmt":"2024-05-06T19:40:33","slug":"wild-land-desert-cruiser-120","status":"publish","type":"product","link":"https:\/\/balticoverlanders.eu\/sv\/produkt\/wild-land-desert-cruiser-120\/","title":{"rendered":"Wild Land Desert Cruiser 120"},"content":{"rendered":"<p><em>Uppt\u00e4ck den h\u00f6gsta niv\u00e5n av h\u00e5llbarhet, design och komfort med v\u00e5rt revolutionerande takt\u00e4lt. V\u00e5rt t\u00e4lt \u00e4r utformat f\u00f6r \u00e4ventyrare som kr\u00e4ver det b\u00e4sta och omdefinierar boende utomhus.<\/em><\/p>\n<p><strong>O\u00f6vertr\u00e4ffade egenskaper:<\/strong><\/p>\n<ul>\n<li><strong>Exceptionellt slimmad design:<\/strong> Med en tjocklek p\u00e5 endast 18 cm, inklusive de robusta aluminiumprofilerna undertill, erbjuder v\u00e5rt takt\u00e4lt en o\u00f6vertr\u00e4ffad kompakthet utan att kompromissa med komforten.<\/li>\n<li><strong>M\u00e5ngsidiga f\u00f6rvaringsl\u00f6sningar:<\/strong> V\u00e5rt t\u00e4lt \u00e4r utrustat med aluminiumh\u00f6ljen och skenor som maximerar utrymmesutnyttjandet och m\u00f6jligg\u00f6r bekv\u00e4m f\u00f6rvaring av bagage, cyklar, kajaker eller till och med solpaneler p\u00e5 taket.<\/li>\n<li><strong>Enkel upps\u00e4ttning:<\/strong> Med ett hydrauliskt \u00f6ppningssystem vecklas v\u00e5rt t\u00e4lt ut p\u00e5 mindre \u00e4n en minut, vilket garanterar problemfri montering \u00e4ven under de mest kr\u00e4vande f\u00f6rh\u00e5llanden.<\/li>\n<li><strong>Lyxig interi\u00f6r:<\/strong> Upplev komfort som aldrig f\u00f6rr med inbyggd LED-belysning och stora f\u00f6nster som skapar en luftig atmosf\u00e4r, perfekt f\u00f6r att varva ner efter en dag av \u00e4ventyr.<\/li>\n<li><strong>V\u00e4derbest\u00e4ndig design:<\/strong> H\u00e5ll dig torr och bekv\u00e4m under regnv\u00e4der med f\u00f6rseglade s\u00f6mmar och strategiskt placerade blixtl\u00e5s som f\u00f6rhindrar vattenintr\u00e4ngning. V\u00e5rt innovativa insektsskydd leder bort vatten som en r\u00e4nna, vilket garanterar en torr insida hela tiden.<\/li>\n<li><strong>Optimerad ventilation:<\/strong> S\u00e4g adj\u00f6 till kondensproblem tack vare ett s\u00e4rskilt ventilationsh\u00e5l som uppr\u00e4tth\u00e5ller luftfl\u00f6det oavsett yttre f\u00f6rh\u00e5llanden och s\u00e4kerst\u00e4ller en behaglig atmosf\u00e4r inne i t\u00e4ltet.<\/li>\n<li><strong>Enkelt underh\u00e5ll:<\/strong> Alla komponenter i v\u00e5rt t\u00e4lt \u00e4r helt avtagbara, vilket g\u00f6r det enkelt att reng\u00f6ra och underh\u00e5lla. Dessutom kan du k\u00e4nna dig trygg med v\u00e5r omfattande service efter garantitiden, som garanterar varaktig tillfredsst\u00e4llelse.<\/li>\n<\/ul>\n<p><strong>Anpassa din upplevelse:<\/strong><\/p>\n<ul>\n<li><strong>Ytterligare tillbeh\u00f6r:<\/strong> F\u00f6rb\u00e4ttra din campinguppst\u00e4llning med v\u00e5rt utbud av tillbeh\u00f6r, inklusive s\u00e4rskild isolering, m\u00e5ngsidiga vestibultak, markiser och annex, utformade f\u00f6r att komplettera ditt \u00e4ventyr.<\/li>\n<\/ul>\n<p>F\u00f6rh\u00f6j din utomhusupplevelse med v\u00e5rt premiumtakt\u00e4lt &#8211; d\u00e4r h\u00e5llbarhet, design och komfort samverkar f\u00f6r att skapa of\u00f6rgl\u00f6mliga minnen under bar himmel<\/p>\n","protected":false},"excerpt":{"rendered":"<p>H\u00e5rt skal helt i aluminiumbikake i svart, st\u00e4ngt h\u00f6gt bara 15 cm och 18 cm med aluminiumprofil under, T-rad p\u00e5 l\u00e5ngsidan f\u00f6r att montera extra tillbeh\u00f6r, 2 avtagbara st\u00e4nger f\u00f6r att f\u00e4sta extra utrustning etc., metallsp\u00e4rrar f\u00f6r att st\u00e4nga t\u00e4ltet.<\/p>\n<p>Komplett med: teleskopstege upp till 230 cm l\u00e4ngd, \u00e4renden, skofickor, LED-lampa inuti med ljusintensitetsreglering och str\u00f6m p\u00e5\/av, 2 st l\u00f6stagbara st\u00e4nger, monteringssats tillsammans med instruktion<\/p>\n","protected":false},"featured_media":33836,"template":"","meta":[],"product_brand":[],"product_cat":[381,488],"product_tag":[],"class_list":{"0":"post-39207","1":"product","2":"type-product","3":"status-publish","4":"has-post-thumbnail","6":"product_cat-talt-pa-tak","7":"product_cat-vildmark","9":"first","10":"onbackorder","11":"taxable","12":"shipping-taxable","13":"purchasable","14":"product-type-simple"},"yoast_head":"<!-- This site is optimized with the Yoast SEO plugin v27.3 - https:\/\/yoast.com\/product\/yoast-seo-wordpress\/ -->\n<title>Wild Land Desert Cruiser 120 - BALTIC OVERLANDERS<\/title>\n<meta name=\"description\" content=\"Takf\u00f6rsett t\u00e4lt i svart aluminium med h\u00e5rt skal, teleskopstege, LED-lampa, avtagbara st\u00e4nger och monteringssats f\u00f6r terr\u00e4ng\u00e4ventyr.\" \/>\n<meta name=\"robots\" content=\"index, follow, max-snippet:-1, max-image-preview:large, max-video-preview:-1\" \/>\n<link rel=\"canonical\" href=\"https:\/\/balticoverlanders.eu\/sv\/produkt\/wild-land-desert-cruiser-120\/\" \/>\n<meta property=\"og:locale\" content=\"sv_SE\" \/>\n<meta property=\"og:type\" content=\"article\" \/>\n<meta property=\"og:title\" content=\"Wild Land Desert Cruiser 120 - BALTIC OVERLANDERS\" \/>\n<meta property=\"og:description\" content=\"Takf\u00f6rsett t\u00e4lt i svart aluminium med h\u00e5rt skal, teleskopstege, LED-lampa, avtagbara st\u00e4nger och monteringssats f\u00f6r terr\u00e4ng\u00e4ventyr.\" \/>\n<meta property=\"og:url\" content=\"https:\/\/balticoverlanders.eu\/sv\/produkt\/wild-land-desert-cruiser-120\/\" \/>\n<meta property=\"og:site_name\" content=\"BALTIC OVERLANDERS\" \/>\n<meta property=\"article:modified_time\" content=\"2024-05-06T19:40:33+00:00\" \/>\n<meta property=\"og:image\" content=\"https:\/\/balticoverlanders.eu\/wp-content\/uploads\/2024\/03\/Dolomity-namiot-dachowy-Desert-Cruiser-II-120-rozlozony-na-Volvo-V90-zdjecie-z-tylu-auta-zblizenie-na-bryle-i-jakosc-wykonania.jpg\" \/>\n\t<meta property=\"og:image:width\" content=\"1500\" \/>\n\t<meta property=\"og:image:height\" content=\"1000\" \/>\n\t<meta property=\"og:image:type\" content=\"image\/jpeg\" \/>\n<meta name=\"twitter:card\" content=\"summary_large_image\" \/>\n<meta name=\"twitter:label1\" content=\"Ber\u00e4knad l\u00e4stid\" \/>\n\t<meta name=\"twitter:data1\" content=\"2 minuter\" \/>\n<script type=\"application\/ld+json\" class=\"yoast-schema-graph\">{\"@context\":\"https:\\\/\\\/schema.org\",\"@graph\":[{\"@type\":\"WebPage\",\"@id\":\"https:\\\/\\\/balticoverlanders.eu\\\/sv\\\/produkt\\\/wild-land-desert-cruiser-120\\\/\",\"url\":\"https:\\\/\\\/balticoverlanders.eu\\\/sv\\\/produkt\\\/wild-land-desert-cruiser-120\\\/\",\"name\":\"Wild Land Desert Cruiser 120 - BALTIC OVERLANDERS\",\"isPartOf\":{\"@id\":\"https:\\\/\\\/balticoverlanders.eu\\\/sv\\\/#website\"},\"primaryImageOfPage\":{\"@id\":\"https:\\\/\\\/balticoverlanders.eu\\\/sv\\\/produkt\\\/wild-land-desert-cruiser-120\\\/#primaryimage\"},\"image\":{\"@id\":\"https:\\\/\\\/balticoverlanders.eu\\\/sv\\\/produkt\\\/wild-land-desert-cruiser-120\\\/#primaryimage\"},\"thumbnailUrl\":\"https:\\\/\\\/balticoverlanders.eu\\\/wp-content\\\/uploads\\\/2024\\\/03\\\/Dolomity-namiot-dachowy-Desert-Cruiser-II-120-rozlozony-na-Volvo-V90-zdjecie-z-tylu-auta-zblizenie-na-bryle-i-jakosc-wykonania.jpg\",\"datePublished\":\"2024-03-17T11:50:19+00:00\",\"dateModified\":\"2024-05-06T19:40:33+00:00\",\"description\":\"Takf\u00f6rsett t\u00e4lt i svart aluminium med h\u00e5rt skal, teleskopstege, LED-lampa, avtagbara st\u00e4nger och monteringssats f\u00f6r terr\u00e4ng\u00e4ventyr.\",\"breadcrumb\":{\"@id\":\"https:\\\/\\\/balticoverlanders.eu\\\/sv\\\/produkt\\\/wild-land-desert-cruiser-120\\\/#breadcrumb\"},\"inLanguage\":\"sv-SE\",\"potentialAction\":[{\"@type\":\"ReadAction\",\"target\":[\"https:\\\/\\\/balticoverlanders.eu\\\/sv\\\/produkt\\\/wild-land-desert-cruiser-120\\\/\"]}]},{\"@type\":\"ImageObject\",\"inLanguage\":\"sv-SE\",\"@id\":\"https:\\\/\\\/balticoverlanders.eu\\\/sv\\\/produkt\\\/wild-land-desert-cruiser-120\\\/#primaryimage\",\"url\":\"https:\\\/\\\/balticoverlanders.eu\\\/wp-content\\\/uploads\\\/2024\\\/03\\\/Dolomity-namiot-dachowy-Desert-Cruiser-II-120-rozlozony-na-Volvo-V90-zdjecie-z-tylu-auta-zblizenie-na-bryle-i-jakosc-wykonania.jpg\",\"contentUrl\":\"https:\\\/\\\/balticoverlanders.eu\\\/wp-content\\\/uploads\\\/2024\\\/03\\\/Dolomity-namiot-dachowy-Desert-Cruiser-II-120-rozlozony-na-Volvo-V90-zdjecie-z-tylu-auta-zblizenie-na-bryle-i-jakosc-wykonania.jpg\",\"width\":1500,\"height\":1000},{\"@type\":\"BreadcrumbList\",\"@id\":\"https:\\\/\\\/balticoverlanders.eu\\\/sv\\\/produkt\\\/wild-land-desert-cruiser-120\\\/#breadcrumb\",\"itemListElement\":[{\"@type\":\"ListItem\",\"position\":1,\"name\":\"Home\",\"item\":\"https:\\\/\\\/balticoverlanders.eu\\\/sv\\\/?page_id=30156\"},{\"@type\":\"ListItem\",\"position\":2,\"name\":\"Butik\",\"item\":\"https:\\\/\\\/balticoverlanders.eu\\\/sv\\\/?page_id=30894\"},{\"@type\":\"ListItem\",\"position\":3,\"name\":\"Wild Land Desert Cruiser 120\"}]},{\"@type\":\"WebSite\",\"@id\":\"https:\\\/\\\/balticoverlanders.eu\\\/sv\\\/#website\",\"url\":\"https:\\\/\\\/balticoverlanders.eu\\\/sv\\\/\",\"name\":\"BALTIC OVERLANDERS\",\"description\":\"Your one-stop shop in Latvia, Estonia, and Lithuania for all your car camping, rooftop tent and accessory needs.\",\"potentialAction\":[{\"@type\":\"SearchAction\",\"target\":{\"@type\":\"EntryPoint\",\"urlTemplate\":\"https:\\\/\\\/balticoverlanders.eu\\\/sv\\\/?s={search_term_string}\"},\"query-input\":{\"@type\":\"PropertyValueSpecification\",\"valueRequired\":true,\"valueName\":\"search_term_string\"}}],\"inLanguage\":\"sv-SE\"}]}<\/script>\n<!-- \/ Yoast SEO plugin. -->","yoast_head_json":{"title":"Wild Land Desert Cruiser 120 - BALTIC OVERLANDERS","description":"Takf\u00f6rsett t\u00e4lt i svart aluminium med h\u00e5rt skal, teleskopstege, LED-lampa, avtagbara st\u00e4nger och monteringssats f\u00f6r terr\u00e4ng\u00e4ventyr.","robots":{"index":"index","follow":"follow","max-snippet":"max-snippet:-1","max-image-preview":"max-image-preview:large","max-video-preview":"max-video-preview:-1"},"canonical":"https:\/\/balticoverlanders.eu\/sv\/produkt\/wild-land-desert-cruiser-120\/","og_locale":"sv_SE","og_type":"article","og_title":"Wild Land Desert Cruiser 120 - BALTIC OVERLANDERS","og_description":"Takf\u00f6rsett t\u00e4lt i svart aluminium med h\u00e5rt skal, teleskopstege, LED-lampa, avtagbara st\u00e4nger och monteringssats f\u00f6r terr\u00e4ng\u00e4ventyr.","og_url":"https:\/\/balticoverlanders.eu\/sv\/produkt\/wild-land-desert-cruiser-120\/","og_site_name":"BALTIC OVERLANDERS","article_modified_time":"2024-05-06T19:40:33+00:00","og_image":[{"width":1500,"height":1000,"url":"https:\/\/balticoverlanders.eu\/wp-content\/uploads\/2024\/03\/Dolomity-namiot-dachowy-Desert-Cruiser-II-120-rozlozony-na-Volvo-V90-zdjecie-z-tylu-auta-zblizenie-na-bryle-i-jakosc-wykonania.jpg","type":"image\/jpeg"}],"twitter_card":"summary_large_image","twitter_misc":{"Ber\u00e4knad l\u00e4stid":"2 minuter"},"schema":{"@context":"https:\/\/schema.org","@graph":[{"@type":"WebPage","@id":"https:\/\/balticoverlanders.eu\/sv\/produkt\/wild-land-desert-cruiser-120\/","url":"https:\/\/balticoverlanders.eu\/sv\/produkt\/wild-land-desert-cruiser-120\/","name":"Wild Land Desert Cruiser 120 - BALTIC OVERLANDERS","isPartOf":{"@id":"https:\/\/balticoverlanders.eu\/sv\/#website"},"primaryImageOfPage":{"@id":"https:\/\/balticoverlanders.eu\/sv\/produkt\/wild-land-desert-cruiser-120\/#primaryimage"},"image":{"@id":"https:\/\/balticoverlanders.eu\/sv\/produkt\/wild-land-desert-cruiser-120\/#primaryimage"},"thumbnailUrl":"https:\/\/balticoverlanders.eu\/wp-content\/uploads\/2024\/03\/Dolomity-namiot-dachowy-Desert-Cruiser-II-120-rozlozony-na-Volvo-V90-zdjecie-z-tylu-auta-zblizenie-na-bryle-i-jakosc-wykonania.jpg","datePublished":"2024-03-17T11:50:19+00:00","dateModified":"2024-05-06T19:40:33+00:00","description":"Takf\u00f6rsett t\u00e4lt i svart aluminium med h\u00e5rt skal, teleskopstege, LED-lampa, avtagbara st\u00e4nger och monteringssats f\u00f6r terr\u00e4ng\u00e4ventyr.","breadcrumb":{"@id":"https:\/\/balticoverlanders.eu\/sv\/produkt\/wild-land-desert-cruiser-120\/#breadcrumb"},"inLanguage":"sv-SE","potentialAction":[{"@type":"ReadAction","target":["https:\/\/balticoverlanders.eu\/sv\/produkt\/wild-land-desert-cruiser-120\/"]}]},{"@type":"ImageObject","inLanguage":"sv-SE","@id":"https:\/\/balticoverlanders.eu\/sv\/produkt\/wild-land-desert-cruiser-120\/#primaryimage","url":"https:\/\/balticoverlanders.eu\/wp-content\/uploads\/2024\/03\/Dolomity-namiot-dachowy-Desert-Cruiser-II-120-rozlozony-na-Volvo-V90-zdjecie-z-tylu-auta-zblizenie-na-bryle-i-jakosc-wykonania.jpg","contentUrl":"https:\/\/balticoverlanders.eu\/wp-content\/uploads\/2024\/03\/Dolomity-namiot-dachowy-Desert-Cruiser-II-120-rozlozony-na-Volvo-V90-zdjecie-z-tylu-auta-zblizenie-na-bryle-i-jakosc-wykonania.jpg","width":1500,"height":1000},{"@type":"BreadcrumbList","@id":"https:\/\/balticoverlanders.eu\/sv\/produkt\/wild-land-desert-cruiser-120\/#breadcrumb","itemListElement":[{"@type":"ListItem","position":1,"name":"Home","item":"https:\/\/balticoverlanders.eu\/sv\/?page_id=30156"},{"@type":"ListItem","position":2,"name":"Butik","item":"https:\/\/balticoverlanders.eu\/sv\/?page_id=30894"},{"@type":"ListItem","position":3,"name":"Wild Land Desert Cruiser 120"}]},{"@type":"WebSite","@id":"https:\/\/balticoverlanders.eu\/sv\/#website","url":"https:\/\/balticoverlanders.eu\/sv\/","name":"BALTIC OVERLANDERS","description":"Your one-stop shop in Latvia, Estonia, and Lithuania for all your car camping, rooftop tent and accessory needs.","potentialAction":[{"@type":"SearchAction","target":{"@type":"EntryPoint","urlTemplate":"https:\/\/balticoverlanders.eu\/sv\/?s={search_term_string}"},"query-input":{"@type":"PropertyValueSpecification","valueRequired":true,"valueName":"search_term_string"}}],"inLanguage":"sv-SE"}]}},"_links":{"self":[{"href":"https:\/\/balticoverlanders.eu\/sv\/wp-json\/wp\/v2\/product\/39207","targetHints":{"allow":["GET"]}}],"collection":[{"href":"https:\/\/balticoverlanders.eu\/sv\/wp-json\/wp\/v2\/product"}],"about":[{"href":"https:\/\/balticoverlanders.eu\/sv\/wp-json\/wp\/v2\/types\/product"}],"wp:featuredmedia":[{"embeddable":true,"href":"https:\/\/balticoverlanders.eu\/sv\/wp-json\/wp\/v2\/media\/33836"}],"wp:attachment":[{"href":"https:\/\/balticoverlanders.eu\/sv\/wp-json\/wp\/v2\/media?parent=39207"}],"wp:term":[{"taxonomy":"product_brand","embeddable":true,"href":"https:\/\/balticoverlanders.eu\/sv\/wp-json\/wp\/v2\/product_brand?post=39207"},{"taxonomy":"product_cat","embeddable":true,"href":"https:\/\/balticoverlanders.eu\/sv\/wp-json\/wp\/v2\/product_cat?post=39207"},{"taxonomy":"product_tag","embeddable":true,"href":"https:\/\/balticoverlanders.eu\/sv\/wp-json\/wp\/v2\/product_tag?post=39207"}],"curies":[{"name":"wp","href":"https:\/\/api.w.org\/{rel}","templated":true}]}}