{"id":39219,"date":"2024-02-19T17:11:40","date_gmt":"2024-02-19T15:11:40","guid":{"rendered":"https:\/\/balticoverlanders.eu\/product\/dometic-go-compact-campingbord\/"},"modified":"2024-05-06T22:40:39","modified_gmt":"2024-05-06T19:40:39","slug":"dometic-go-compact-campingbord","status":"publish","type":"product","link":"https:\/\/balticoverlanders.eu\/sv\/produkt\/dometic-go-compact-campingbord\/","title":{"rendered":"Dometic GO Compact Campingbord"},"content":{"rendered":"<p><strong>Vi presenterar Dometic Go Compact campingbord \/ bambu<\/strong><\/p>\n<p>Upplev bekv\u00e4mligheten och m\u00e5ngsidigheten med Dometic Go Compact Camp Table, som har en unik design som f\u00f6rh\u00f6jer dina utomhus\u00e4ventyr. Det h\u00e4r innovativa bordet har ett t\u00e5ligt ytmaterial och en robust konstruktion som ger tillf\u00f6rlitlighet oavsett vart du reser. Med sin utrymmesbesparande vikbara design blir transporten enkel, vilket g\u00f6r den till en viktig f\u00f6ljeslagare f\u00f6r camping, picknick och mycket mer.<\/p>\n<p><strong>Viktiga egenskaper:<\/strong><\/p>\n<ul>\n<li><strong>Justerbar h\u00f6jd:<\/strong> Du kan enkelt v\u00e4xla mellan tre olika h\u00f6jder f\u00f6r att tillgodose olika behov, t.ex. soffbord, barnbord och matbord\/f\u00f6rberedelseyta.<\/li>\n<li><strong>Gener\u00f6sa sittplatser:<\/strong> Upp till fyra vuxna f\u00e5r plats bekv\u00e4mt, perfekt f\u00f6r att avnjuta m\u00e5ltider eller samlas f\u00f6r aktiviteter.<\/li>\n<li><strong>Optimerad komfort:<\/strong> Utformad med ben som f\u00e4sts vid bordets h\u00f6rn, vilket garanterar stabilitet och maximerar komforten vid anv\u00e4ndning.<\/li>\n<li><strong>Kompakt b\u00e4rbarhet:<\/strong> F\u00e4lls ihop till halva bredden av ditt fordons bagageutrymme, vilket ger problemfri transport och f\u00f6rvaring.<\/li>\n<li><strong>F\u00f6rstklassiga material:<\/strong> Tillverkad av massiv bambu f\u00f6r ytan och slitstark aluminium f\u00f6r benen, vilket ger b\u00e5de stil och h\u00e5llbarhet f\u00f6r dina utomhus\u00e4ventyr.<\/li>\n<li><strong>Integrerat b\u00e4rhandtag:<\/strong> G\u00f6r det enkelt att transportera den fr\u00e5n en plats till en annan, vilket \u00f6kar bekv\u00e4mligheten n\u00e4r du \u00e4r p\u00e5 spr\u00e5ng.<\/li>\n<li><strong>Kompatibilitet:<\/strong> Ing\u00e5r i Dometic Go-kollektionen, som erbjuder s\u00f6ml\u00f6s integrering med andra produkter f\u00f6r en komplett utomhusupplevelse.<\/li>\n<\/ul>\n<p><strong>F\u00f6rb\u00e4ttra din utomhusupplevelse med Dometic Go:<\/strong><\/p>\n<p>Sl\u00e4pp loss den fulla potentialen i dina utomhusaktiviteter med Dometic Go Compact campingbord. Oavsett om du campar i vildmarken eller njuter av en picknick i parken, garanterar detta m\u00e5ngsidiga bord komfort, bekv\u00e4mlighet och stil. F\u00f6rh\u00f6j dina \u00e4ventyr med Dometic Go &#8211; din p\u00e5litliga f\u00f6ljeslagare f\u00f6r alla dina utomhusbehov.<\/p>\n<p><a href=\"https:\/\/balticoverlanders.eu\/product\/dometic-go-camp-table-storage-bag\/\"><em>B\u00e4rv\u00e4ska s\u00e4ljs separat.<\/em><\/a><\/p>\n","protected":false},"excerpt":{"rendered":"<p>Dometics CMP T4-bord har en t\u00e5lig yta av bambu och robusta aluminiumben som kan f\u00e4llas ihop s\u00e5 att de ryms i halva bagageutrymmets bredd f\u00f6r enkel transport. V\u00e4lj mellan tre olika h\u00f6jder f\u00f6r flera olika anv\u00e4ndningsomr\u00e5den utomhus.<\/p>\n","protected":false},"featured_media":31486,"template":"","meta":[],"product_brand":[],"product_cat":[503,531],"product_tag":[],"class_list":{"0":"post-39219","1":"product","2":"type-product","3":"status-publish","4":"has-post-thumbnail","6":"product_cat-campingbord","7":"product_cat-dometic-sv","9":"first","10":"onbackorder","11":"taxable","12":"shipping-taxable","13":"purchasable","14":"product-type-simple"},"yoast_head":"<!-- This site is optimized with the Yoast SEO plugin v27.3 - https:\/\/yoast.com\/product\/yoast-seo-wordpress\/ -->\n<title>Dometic GO Compact Campingbord - BALTIC OVERLANDERS<\/title>\n<meta name=\"description\" content=\"Dometic CMP T4-bord: B\u00e4rbar, slitstark bambuyta med f\u00e4llbara aluminiumben som ger m\u00e5ngsidighet och bekv\u00e4mlighet f\u00f6r utomhusaktiviteter.\" \/>\n<meta name=\"robots\" content=\"index, follow, max-snippet:-1, max-image-preview:large, max-video-preview:-1\" \/>\n<link rel=\"canonical\" href=\"https:\/\/balticoverlanders.eu\/sv\/produkt\/dometic-go-compact-campingbord\/\" \/>\n<meta property=\"og:locale\" content=\"sv_SE\" \/>\n<meta property=\"og:type\" content=\"article\" \/>\n<meta property=\"og:title\" content=\"Dometic GO Compact Campingbord - BALTIC OVERLANDERS\" \/>\n<meta property=\"og:description\" content=\"Dometic CMP T4-bord: B\u00e4rbar, slitstark bambuyta med f\u00e4llbara aluminiumben som ger m\u00e5ngsidighet och bekv\u00e4mlighet f\u00f6r utomhusaktiviteter.\" \/>\n<meta property=\"og:url\" content=\"https:\/\/balticoverlanders.eu\/sv\/produkt\/dometic-go-compact-campingbord\/\" \/>\n<meta property=\"og:site_name\" content=\"BALTIC OVERLANDERS\" \/>\n<meta property=\"article:modified_time\" content=\"2024-05-06T19:40:39+00:00\" \/>\n<meta property=\"og:image\" content=\"https:\/\/balticoverlanders.eu\/wp-content\/uploads\/2024\/02\/tbra041_1.jpg\" \/>\n\t<meta property=\"og:image:width\" content=\"1024\" \/>\n\t<meta property=\"og:image:height\" content=\"768\" \/>\n\t<meta property=\"og:image:type\" content=\"image\/jpeg\" \/>\n<meta name=\"twitter:card\" content=\"summary_large_image\" \/>\n<meta name=\"twitter:label1\" content=\"Ber\u00e4knad l\u00e4stid\" \/>\n\t<meta name=\"twitter:data1\" content=\"2 minuter\" \/>\n<script type=\"application\/ld+json\" class=\"yoast-schema-graph\">{\"@context\":\"https:\\\/\\\/schema.org\",\"@graph\":[{\"@type\":\"WebPage\",\"@id\":\"https:\\\/\\\/balticoverlanders.eu\\\/sv\\\/produkt\\\/dometic-go-compact-campingbord\\\/\",\"url\":\"https:\\\/\\\/balticoverlanders.eu\\\/sv\\\/produkt\\\/dometic-go-compact-campingbord\\\/\",\"name\":\"Dometic GO Compact Campingbord - BALTIC OVERLANDERS\",\"isPartOf\":{\"@id\":\"https:\\\/\\\/balticoverlanders.eu\\\/sv\\\/#website\"},\"primaryImageOfPage\":{\"@id\":\"https:\\\/\\\/balticoverlanders.eu\\\/sv\\\/produkt\\\/dometic-go-compact-campingbord\\\/#primaryimage\"},\"image\":{\"@id\":\"https:\\\/\\\/balticoverlanders.eu\\\/sv\\\/produkt\\\/dometic-go-compact-campingbord\\\/#primaryimage\"},\"thumbnailUrl\":\"https:\\\/\\\/balticoverlanders.eu\\\/wp-content\\\/uploads\\\/2024\\\/02\\\/tbra041_1.jpg\",\"datePublished\":\"2024-02-19T15:11:40+00:00\",\"dateModified\":\"2024-05-06T19:40:39+00:00\",\"description\":\"Dometic CMP T4-bord: B\u00e4rbar, slitstark bambuyta med f\u00e4llbara aluminiumben som ger m\u00e5ngsidighet och bekv\u00e4mlighet f\u00f6r utomhusaktiviteter.\",\"breadcrumb\":{\"@id\":\"https:\\\/\\\/balticoverlanders.eu\\\/sv\\\/produkt\\\/dometic-go-compact-campingbord\\\/#breadcrumb\"},\"inLanguage\":\"sv-SE\",\"potentialAction\":[{\"@type\":\"ReadAction\",\"target\":[\"https:\\\/\\\/balticoverlanders.eu\\\/sv\\\/produkt\\\/dometic-go-compact-campingbord\\\/\"]}]},{\"@type\":\"ImageObject\",\"inLanguage\":\"sv-SE\",\"@id\":\"https:\\\/\\\/balticoverlanders.eu\\\/sv\\\/produkt\\\/dometic-go-compact-campingbord\\\/#primaryimage\",\"url\":\"https:\\\/\\\/balticoverlanders.eu\\\/wp-content\\\/uploads\\\/2024\\\/02\\\/tbra041_1.jpg\",\"contentUrl\":\"https:\\\/\\\/balticoverlanders.eu\\\/wp-content\\\/uploads\\\/2024\\\/02\\\/tbra041_1.jpg\",\"width\":1024,\"height\":768},{\"@type\":\"BreadcrumbList\",\"@id\":\"https:\\\/\\\/balticoverlanders.eu\\\/sv\\\/produkt\\\/dometic-go-compact-campingbord\\\/#breadcrumb\",\"itemListElement\":[{\"@type\":\"ListItem\",\"position\":1,\"name\":\"Home\",\"item\":\"https:\\\/\\\/balticoverlanders.eu\\\/sv\\\/?page_id=30156\"},{\"@type\":\"ListItem\",\"position\":2,\"name\":\"Butik\",\"item\":\"https:\\\/\\\/balticoverlanders.eu\\\/sv\\\/?page_id=30894\"},{\"@type\":\"ListItem\",\"position\":3,\"name\":\"Dometic GO Compact Campingbord\"}]},{\"@type\":\"WebSite\",\"@id\":\"https:\\\/\\\/balticoverlanders.eu\\\/sv\\\/#website\",\"url\":\"https:\\\/\\\/balticoverlanders.eu\\\/sv\\\/\",\"name\":\"BALTIC OVERLANDERS\",\"description\":\"Your one-stop shop in Latvia, Estonia, and Lithuania for all your car camping, rooftop tent and accessory needs.\",\"potentialAction\":[{\"@type\":\"SearchAction\",\"target\":{\"@type\":\"EntryPoint\",\"urlTemplate\":\"https:\\\/\\\/balticoverlanders.eu\\\/sv\\\/?s={search_term_string}\"},\"query-input\":{\"@type\":\"PropertyValueSpecification\",\"valueRequired\":true,\"valueName\":\"search_term_string\"}}],\"inLanguage\":\"sv-SE\"}]}<\/script>\n<!-- \/ Yoast SEO plugin. -->","yoast_head_json":{"title":"Dometic GO Compact Campingbord - BALTIC OVERLANDERS","description":"Dometic CMP T4-bord: B\u00e4rbar, slitstark bambuyta med f\u00e4llbara aluminiumben som ger m\u00e5ngsidighet och bekv\u00e4mlighet f\u00f6r utomhusaktiviteter.","robots":{"index":"index","follow":"follow","max-snippet":"max-snippet:-1","max-image-preview":"max-image-preview:large","max-video-preview":"max-video-preview:-1"},"canonical":"https:\/\/balticoverlanders.eu\/sv\/produkt\/dometic-go-compact-campingbord\/","og_locale":"sv_SE","og_type":"article","og_title":"Dometic GO Compact Campingbord - BALTIC OVERLANDERS","og_description":"Dometic CMP T4-bord: B\u00e4rbar, slitstark bambuyta med f\u00e4llbara aluminiumben som ger m\u00e5ngsidighet och bekv\u00e4mlighet f\u00f6r utomhusaktiviteter.","og_url":"https:\/\/balticoverlanders.eu\/sv\/produkt\/dometic-go-compact-campingbord\/","og_site_name":"BALTIC OVERLANDERS","article_modified_time":"2024-05-06T19:40:39+00:00","og_image":[{"width":1024,"height":768,"url":"https:\/\/balticoverlanders.eu\/wp-content\/uploads\/2024\/02\/tbra041_1.jpg","type":"image\/jpeg"}],"twitter_card":"summary_large_image","twitter_misc":{"Ber\u00e4knad l\u00e4stid":"2 minuter"},"schema":{"@context":"https:\/\/schema.org","@graph":[{"@type":"WebPage","@id":"https:\/\/balticoverlanders.eu\/sv\/produkt\/dometic-go-compact-campingbord\/","url":"https:\/\/balticoverlanders.eu\/sv\/produkt\/dometic-go-compact-campingbord\/","name":"Dometic GO Compact Campingbord - BALTIC OVERLANDERS","isPartOf":{"@id":"https:\/\/balticoverlanders.eu\/sv\/#website"},"primaryImageOfPage":{"@id":"https:\/\/balticoverlanders.eu\/sv\/produkt\/dometic-go-compact-campingbord\/#primaryimage"},"image":{"@id":"https:\/\/balticoverlanders.eu\/sv\/produkt\/dometic-go-compact-campingbord\/#primaryimage"},"thumbnailUrl":"https:\/\/balticoverlanders.eu\/wp-content\/uploads\/2024\/02\/tbra041_1.jpg","datePublished":"2024-02-19T15:11:40+00:00","dateModified":"2024-05-06T19:40:39+00:00","description":"Dometic CMP T4-bord: B\u00e4rbar, slitstark bambuyta med f\u00e4llbara aluminiumben som ger m\u00e5ngsidighet och bekv\u00e4mlighet f\u00f6r utomhusaktiviteter.","breadcrumb":{"@id":"https:\/\/balticoverlanders.eu\/sv\/produkt\/dometic-go-compact-campingbord\/#breadcrumb"},"inLanguage":"sv-SE","potentialAction":[{"@type":"ReadAction","target":["https:\/\/balticoverlanders.eu\/sv\/produkt\/dometic-go-compact-campingbord\/"]}]},{"@type":"ImageObject","inLanguage":"sv-SE","@id":"https:\/\/balticoverlanders.eu\/sv\/produkt\/dometic-go-compact-campingbord\/#primaryimage","url":"https:\/\/balticoverlanders.eu\/wp-content\/uploads\/2024\/02\/tbra041_1.jpg","contentUrl":"https:\/\/balticoverlanders.eu\/wp-content\/uploads\/2024\/02\/tbra041_1.jpg","width":1024,"height":768},{"@type":"BreadcrumbList","@id":"https:\/\/balticoverlanders.eu\/sv\/produkt\/dometic-go-compact-campingbord\/#breadcrumb","itemListElement":[{"@type":"ListItem","position":1,"name":"Home","item":"https:\/\/balticoverlanders.eu\/sv\/?page_id=30156"},{"@type":"ListItem","position":2,"name":"Butik","item":"https:\/\/balticoverlanders.eu\/sv\/?page_id=30894"},{"@type":"ListItem","position":3,"name":"Dometic GO Compact Campingbord"}]},{"@type":"WebSite","@id":"https:\/\/balticoverlanders.eu\/sv\/#website","url":"https:\/\/balticoverlanders.eu\/sv\/","name":"BALTIC OVERLANDERS","description":"Your one-stop shop in Latvia, Estonia, and Lithuania for all your car camping, rooftop tent and accessory needs.","potentialAction":[{"@type":"SearchAction","target":{"@type":"EntryPoint","urlTemplate":"https:\/\/balticoverlanders.eu\/sv\/?s={search_term_string}"},"query-input":{"@type":"PropertyValueSpecification","valueRequired":true,"valueName":"search_term_string"}}],"inLanguage":"sv-SE"}]}},"_links":{"self":[{"href":"https:\/\/balticoverlanders.eu\/sv\/wp-json\/wp\/v2\/product\/39219","targetHints":{"allow":["GET"]}}],"collection":[{"href":"https:\/\/balticoverlanders.eu\/sv\/wp-json\/wp\/v2\/product"}],"about":[{"href":"https:\/\/balticoverlanders.eu\/sv\/wp-json\/wp\/v2\/types\/product"}],"wp:featuredmedia":[{"embeddable":true,"href":"https:\/\/balticoverlanders.eu\/sv\/wp-json\/wp\/v2\/media\/31486"}],"wp:attachment":[{"href":"https:\/\/balticoverlanders.eu\/sv\/wp-json\/wp\/v2\/media?parent=39219"}],"wp:term":[{"taxonomy":"product_brand","embeddable":true,"href":"https:\/\/balticoverlanders.eu\/sv\/wp-json\/wp\/v2\/product_brand?post=39219"},{"taxonomy":"product_cat","embeddable":true,"href":"https:\/\/balticoverlanders.eu\/sv\/wp-json\/wp\/v2\/product_cat?post=39219"},{"taxonomy":"product_tag","embeddable":true,"href":"https:\/\/balticoverlanders.eu\/sv\/wp-json\/wp\/v2\/product_tag?post=39219"}],"curies":[{"name":"wp","href":"https:\/\/api.w.org\/{rel}","templated":true}]}}