{"id":39238,"date":"2024-02-19T17:18:28","date_gmt":"2024-02-19T15:18:28","guid":{"rendered":"https:\/\/balticoverlanders.eu\/product\/dometic-go-camp-bord-forvaringsvaska\/"},"modified":"2024-05-06T22:40:51","modified_gmt":"2024-05-06T19:40:51","slug":"dometic-go-camp-bord-forvaringsvaska","status":"publish","type":"product","link":"https:\/\/balticoverlanders.eu\/sv\/produkt\/dometic-go-camp-bord-forvaringsvaska\/","title":{"rendered":"Dometic GO Camp Bord F\u00f6rvaringsv\u00e4ska"},"content":{"rendered":"<p><strong>Vi presenterar Dometic Go Compact f\u00f6rvaringsv\u00e4ska f\u00f6r campingbord<\/strong><\/p>\n<p>F\u00f6rh\u00f6j din campingupplevelse med Dometic Go Compact Camp Table Storage Bag. Denna f\u00f6rvaringsv\u00e4ska \u00e4r utformad f\u00f6r bekv\u00e4mlighet och h\u00e5llbarhet och g\u00f6r det enkelt att lasta, lossa, f\u00f6rvara och b\u00e4ra ditt campingbord. Den \u00e4r tillverkad av kraftigt 600D-tyg och ger ett \u00f6verl\u00e4gset skydd f\u00f6r bordets bambuyta, s\u00e5 att den h\u00e5ller l\u00e4nge \u00e4ven under tuffa utomhusf\u00f6rh\u00e5llanden.<\/p>\n<p><strong>Viktiga egenskaper:<\/strong><\/p>\n<ul>\n<li><strong>L\u00e4tt att b\u00e4ra design:<\/strong> Med tv\u00e5 inbyggda b\u00e4rhandtag och en justerbar axelrem har det aldrig varit enklare att transportera ditt campingbord. Oavsett om du ska flytta den fr\u00e5n bilen till campingplatsen eller bara f\u00f6rvara den, s\u00e5 f\u00f6renklar den h\u00e4r v\u00e4skan processen.<\/li>\n<li><strong>Slitstark konstruktion:<\/strong> Denna f\u00f6rvaringsv\u00e4ska \u00e4r tillverkad av vadderat 600D-tyg och \u00e4r byggd f\u00f6r att klara p\u00e5frestningarna vid utomhus\u00e4ventyr. Det ger ett extra lager av skydd f\u00f6r att skydda bordets yta mot repor, st\u00f6tar och andra potentiella skador.<\/li>\n<li><strong>M\u00e5ngsidig kompatibilitet:<\/strong> Denna f\u00f6rvaringsv\u00e4ska \u00e4r s\u00e4rskilt utformad f\u00f6r att anv\u00e4ndas med Dometic Go Collection campingbord och garanterar en perfekt passform och s\u00f6ml\u00f6s integrering med din befintliga utomhusutrustning.<\/li>\n<li><strong>F\u00f6rb\u00e4ttrat skydd:<\/strong> Den vadderade designen skyddar inte bara bordet under transport utan ger ocks\u00e5 ett extra lager av st\u00f6td\u00e4mpning, vilket s\u00e4kerst\u00e4ller att bordet f\u00f6rblir i perfekt skick, resa efter resa.<\/li>\n<li><strong>Bekv\u00e4m f\u00f6rvaring:<\/strong> N\u00e4r f\u00f6rvaringsv\u00e4skan inte anv\u00e4nds kan den enkelt vikas ihop och stuvas undan, vilket sparar v\u00e4rdefullt utrymme i f\u00f6rvaringsutrymmet f\u00f6r campingutrustning eller i bilen.<\/li>\n<li><strong>Snygg och funktionell:<\/strong> Med sin eleganta design och h\u00f6gkvalitativa material \u00e4r denna f\u00f6rvaringsv\u00e4ska inte bara praktisk utan ger ocks\u00e5 en stilfull touch till din utomhusmilj\u00f6.<\/li>\n<li><strong>En del av Dometic Go-kollektionen:<\/strong> Denna f\u00f6rvaringsv\u00e4ska \u00e4r utformad f\u00f6r att komplettera andra produkter i Dometic Go-kollektionen och integreras s\u00f6ml\u00f6st i din campingutrustning, vilket ger en sammanh\u00e4ngande och v\u00e4lkoordinerad utomhusupplevelse.<\/li>\n<\/ul>\n<p>Uppgradera din campingutrustning med Dometic Go Compact Camp Table Storage Bag och njut av bekv\u00e4mligheten, skyddet och stilen som den ger dina utomhus\u00e4ventyr.<\/p>\n","protected":false},"excerpt":{"rendered":"<p>V\u00e5r f\u00f6rvaringsv\u00e4ska f\u00f6r bord g\u00f6r det enkelt att lasta, lossa, f\u00f6rvara och transportera ditt campingbord. Den \u00e4r tillverkad av kraftigt 600D-tyg och \u00e4r vadderad f\u00f6r att skydda bordets bambuyta. V\u00e4skan har tv\u00e5 inbyggda b\u00e4rhandtag och en justerbar axelrem.<\/p>\n","protected":false},"featured_media":31536,"template":"","meta":[],"product_brand":[],"product_cat":[503,531],"product_tag":[],"class_list":{"0":"post-39238","1":"product","2":"type-product","3":"status-publish","4":"has-post-thumbnail","6":"product_cat-campingbord","7":"product_cat-dometic-sv","9":"first","10":"onbackorder","11":"taxable","12":"shipping-taxable","13":"purchasable","14":"product-type-simple"},"yoast_head":"<!-- This site is optimized with the Yoast SEO plugin v27.3 - https:\/\/yoast.com\/product\/yoast-seo-wordpress\/ -->\n<title>Dometic GO Camp Bord F\u00f6rvaringsv\u00e4ska - BALTIC OVERLANDERS<\/title>\n<meta name=\"description\" content=\"Praktisk f\u00f6rvaringsv\u00e4ska f\u00f6r bord med vadderat skydd, inbyggda handtag och justerbar axelrem f\u00f6r enkel transport. Slitstark konstruktion i 600D-tyg.\" \/>\n<meta name=\"robots\" content=\"index, follow, max-snippet:-1, max-image-preview:large, max-video-preview:-1\" \/>\n<link rel=\"canonical\" href=\"https:\/\/balticoverlanders.eu\/sv\/produkt\/dometic-go-camp-bord-forvaringsvaska\/\" \/>\n<meta property=\"og:locale\" content=\"sv_SE\" \/>\n<meta property=\"og:type\" content=\"article\" \/>\n<meta property=\"og:title\" content=\"Dometic GO Camp Bord F\u00f6rvaringsv\u00e4ska - BALTIC OVERLANDERS\" \/>\n<meta property=\"og:description\" content=\"Praktisk f\u00f6rvaringsv\u00e4ska f\u00f6r bord med vadderat skydd, inbyggda handtag och justerbar axelrem f\u00f6r enkel transport. Slitstark konstruktion i 600D-tyg.\" \/>\n<meta property=\"og:url\" content=\"https:\/\/balticoverlanders.eu\/sv\/produkt\/dometic-go-camp-bord-forvaringsvaska\/\" \/>\n<meta property=\"og:site_name\" content=\"BALTIC OVERLANDERS\" \/>\n<meta property=\"article:modified_time\" content=\"2024-05-06T19:40:51+00:00\" \/>\n<meta property=\"og:image\" content=\"https:\/\/balticoverlanders.eu\/wp-content\/uploads\/2024\/02\/tbra042_1.jpg\" \/>\n\t<meta property=\"og:image:width\" content=\"1024\" \/>\n\t<meta property=\"og:image:height\" content=\"768\" \/>\n\t<meta property=\"og:image:type\" content=\"image\/jpeg\" \/>\n<meta name=\"twitter:card\" content=\"summary_large_image\" \/>\n<meta name=\"twitter:label1\" content=\"Ber\u00e4knad l\u00e4stid\" \/>\n\t<meta name=\"twitter:data1\" content=\"2 minuter\" \/>\n<script type=\"application\/ld+json\" class=\"yoast-schema-graph\">{\"@context\":\"https:\\\/\\\/schema.org\",\"@graph\":[{\"@type\":\"WebPage\",\"@id\":\"https:\\\/\\\/balticoverlanders.eu\\\/sv\\\/produkt\\\/dometic-go-camp-bord-forvaringsvaska\\\/\",\"url\":\"https:\\\/\\\/balticoverlanders.eu\\\/sv\\\/produkt\\\/dometic-go-camp-bord-forvaringsvaska\\\/\",\"name\":\"Dometic GO Camp Bord F\u00f6rvaringsv\u00e4ska - BALTIC OVERLANDERS\",\"isPartOf\":{\"@id\":\"https:\\\/\\\/balticoverlanders.eu\\\/sv\\\/#website\"},\"primaryImageOfPage\":{\"@id\":\"https:\\\/\\\/balticoverlanders.eu\\\/sv\\\/produkt\\\/dometic-go-camp-bord-forvaringsvaska\\\/#primaryimage\"},\"image\":{\"@id\":\"https:\\\/\\\/balticoverlanders.eu\\\/sv\\\/produkt\\\/dometic-go-camp-bord-forvaringsvaska\\\/#primaryimage\"},\"thumbnailUrl\":\"https:\\\/\\\/balticoverlanders.eu\\\/wp-content\\\/uploads\\\/2024\\\/02\\\/tbra042_1.jpg\",\"datePublished\":\"2024-02-19T15:18:28+00:00\",\"dateModified\":\"2024-05-06T19:40:51+00:00\",\"description\":\"Praktisk f\u00f6rvaringsv\u00e4ska f\u00f6r bord med vadderat skydd, inbyggda handtag och justerbar axelrem f\u00f6r enkel transport. Slitstark konstruktion i 600D-tyg.\",\"breadcrumb\":{\"@id\":\"https:\\\/\\\/balticoverlanders.eu\\\/sv\\\/produkt\\\/dometic-go-camp-bord-forvaringsvaska\\\/#breadcrumb\"},\"inLanguage\":\"sv-SE\",\"potentialAction\":[{\"@type\":\"ReadAction\",\"target\":[\"https:\\\/\\\/balticoverlanders.eu\\\/sv\\\/produkt\\\/dometic-go-camp-bord-forvaringsvaska\\\/\"]}]},{\"@type\":\"ImageObject\",\"inLanguage\":\"sv-SE\",\"@id\":\"https:\\\/\\\/balticoverlanders.eu\\\/sv\\\/produkt\\\/dometic-go-camp-bord-forvaringsvaska\\\/#primaryimage\",\"url\":\"https:\\\/\\\/balticoverlanders.eu\\\/wp-content\\\/uploads\\\/2024\\\/02\\\/tbra042_1.jpg\",\"contentUrl\":\"https:\\\/\\\/balticoverlanders.eu\\\/wp-content\\\/uploads\\\/2024\\\/02\\\/tbra042_1.jpg\",\"width\":1024,\"height\":768},{\"@type\":\"BreadcrumbList\",\"@id\":\"https:\\\/\\\/balticoverlanders.eu\\\/sv\\\/produkt\\\/dometic-go-camp-bord-forvaringsvaska\\\/#breadcrumb\",\"itemListElement\":[{\"@type\":\"ListItem\",\"position\":1,\"name\":\"Home\",\"item\":\"https:\\\/\\\/balticoverlanders.eu\\\/sv\\\/?page_id=30156\"},{\"@type\":\"ListItem\",\"position\":2,\"name\":\"Butik\",\"item\":\"https:\\\/\\\/balticoverlanders.eu\\\/sv\\\/?page_id=30894\"},{\"@type\":\"ListItem\",\"position\":3,\"name\":\"Dometic GO Camp Bord F\u00f6rvaringsv\u00e4ska\"}]},{\"@type\":\"WebSite\",\"@id\":\"https:\\\/\\\/balticoverlanders.eu\\\/sv\\\/#website\",\"url\":\"https:\\\/\\\/balticoverlanders.eu\\\/sv\\\/\",\"name\":\"BALTIC OVERLANDERS\",\"description\":\"Your one-stop shop in Latvia, Estonia, and Lithuania for all your car camping, rooftop tent and accessory needs.\",\"potentialAction\":[{\"@type\":\"SearchAction\",\"target\":{\"@type\":\"EntryPoint\",\"urlTemplate\":\"https:\\\/\\\/balticoverlanders.eu\\\/sv\\\/?s={search_term_string}\"},\"query-input\":{\"@type\":\"PropertyValueSpecification\",\"valueRequired\":true,\"valueName\":\"search_term_string\"}}],\"inLanguage\":\"sv-SE\"}]}<\/script>\n<!-- \/ Yoast SEO plugin. -->","yoast_head_json":{"title":"Dometic GO Camp Bord F\u00f6rvaringsv\u00e4ska - BALTIC OVERLANDERS","description":"Praktisk f\u00f6rvaringsv\u00e4ska f\u00f6r bord med vadderat skydd, inbyggda handtag och justerbar axelrem f\u00f6r enkel transport. Slitstark konstruktion i 600D-tyg.","robots":{"index":"index","follow":"follow","max-snippet":"max-snippet:-1","max-image-preview":"max-image-preview:large","max-video-preview":"max-video-preview:-1"},"canonical":"https:\/\/balticoverlanders.eu\/sv\/produkt\/dometic-go-camp-bord-forvaringsvaska\/","og_locale":"sv_SE","og_type":"article","og_title":"Dometic GO Camp Bord F\u00f6rvaringsv\u00e4ska - BALTIC OVERLANDERS","og_description":"Praktisk f\u00f6rvaringsv\u00e4ska f\u00f6r bord med vadderat skydd, inbyggda handtag och justerbar axelrem f\u00f6r enkel transport. Slitstark konstruktion i 600D-tyg.","og_url":"https:\/\/balticoverlanders.eu\/sv\/produkt\/dometic-go-camp-bord-forvaringsvaska\/","og_site_name":"BALTIC OVERLANDERS","article_modified_time":"2024-05-06T19:40:51+00:00","og_image":[{"width":1024,"height":768,"url":"https:\/\/balticoverlanders.eu\/wp-content\/uploads\/2024\/02\/tbra042_1.jpg","type":"image\/jpeg"}],"twitter_card":"summary_large_image","twitter_misc":{"Ber\u00e4knad l\u00e4stid":"2 minuter"},"schema":{"@context":"https:\/\/schema.org","@graph":[{"@type":"WebPage","@id":"https:\/\/balticoverlanders.eu\/sv\/produkt\/dometic-go-camp-bord-forvaringsvaska\/","url":"https:\/\/balticoverlanders.eu\/sv\/produkt\/dometic-go-camp-bord-forvaringsvaska\/","name":"Dometic GO Camp Bord F\u00f6rvaringsv\u00e4ska - BALTIC OVERLANDERS","isPartOf":{"@id":"https:\/\/balticoverlanders.eu\/sv\/#website"},"primaryImageOfPage":{"@id":"https:\/\/balticoverlanders.eu\/sv\/produkt\/dometic-go-camp-bord-forvaringsvaska\/#primaryimage"},"image":{"@id":"https:\/\/balticoverlanders.eu\/sv\/produkt\/dometic-go-camp-bord-forvaringsvaska\/#primaryimage"},"thumbnailUrl":"https:\/\/balticoverlanders.eu\/wp-content\/uploads\/2024\/02\/tbra042_1.jpg","datePublished":"2024-02-19T15:18:28+00:00","dateModified":"2024-05-06T19:40:51+00:00","description":"Praktisk f\u00f6rvaringsv\u00e4ska f\u00f6r bord med vadderat skydd, inbyggda handtag och justerbar axelrem f\u00f6r enkel transport. Slitstark konstruktion i 600D-tyg.","breadcrumb":{"@id":"https:\/\/balticoverlanders.eu\/sv\/produkt\/dometic-go-camp-bord-forvaringsvaska\/#breadcrumb"},"inLanguage":"sv-SE","potentialAction":[{"@type":"ReadAction","target":["https:\/\/balticoverlanders.eu\/sv\/produkt\/dometic-go-camp-bord-forvaringsvaska\/"]}]},{"@type":"ImageObject","inLanguage":"sv-SE","@id":"https:\/\/balticoverlanders.eu\/sv\/produkt\/dometic-go-camp-bord-forvaringsvaska\/#primaryimage","url":"https:\/\/balticoverlanders.eu\/wp-content\/uploads\/2024\/02\/tbra042_1.jpg","contentUrl":"https:\/\/balticoverlanders.eu\/wp-content\/uploads\/2024\/02\/tbra042_1.jpg","width":1024,"height":768},{"@type":"BreadcrumbList","@id":"https:\/\/balticoverlanders.eu\/sv\/produkt\/dometic-go-camp-bord-forvaringsvaska\/#breadcrumb","itemListElement":[{"@type":"ListItem","position":1,"name":"Home","item":"https:\/\/balticoverlanders.eu\/sv\/?page_id=30156"},{"@type":"ListItem","position":2,"name":"Butik","item":"https:\/\/balticoverlanders.eu\/sv\/?page_id=30894"},{"@type":"ListItem","position":3,"name":"Dometic GO Camp Bord F\u00f6rvaringsv\u00e4ska"}]},{"@type":"WebSite","@id":"https:\/\/balticoverlanders.eu\/sv\/#website","url":"https:\/\/balticoverlanders.eu\/sv\/","name":"BALTIC OVERLANDERS","description":"Your one-stop shop in Latvia, Estonia, and Lithuania for all your car camping, rooftop tent and accessory needs.","potentialAction":[{"@type":"SearchAction","target":{"@type":"EntryPoint","urlTemplate":"https:\/\/balticoverlanders.eu\/sv\/?s={search_term_string}"},"query-input":{"@type":"PropertyValueSpecification","valueRequired":true,"valueName":"search_term_string"}}],"inLanguage":"sv-SE"}]}},"_links":{"self":[{"href":"https:\/\/balticoverlanders.eu\/sv\/wp-json\/wp\/v2\/product\/39238","targetHints":{"allow":["GET"]}}],"collection":[{"href":"https:\/\/balticoverlanders.eu\/sv\/wp-json\/wp\/v2\/product"}],"about":[{"href":"https:\/\/balticoverlanders.eu\/sv\/wp-json\/wp\/v2\/types\/product"}],"wp:featuredmedia":[{"embeddable":true,"href":"https:\/\/balticoverlanders.eu\/sv\/wp-json\/wp\/v2\/media\/31536"}],"wp:attachment":[{"href":"https:\/\/balticoverlanders.eu\/sv\/wp-json\/wp\/v2\/media?parent=39238"}],"wp:term":[{"taxonomy":"product_brand","embeddable":true,"href":"https:\/\/balticoverlanders.eu\/sv\/wp-json\/wp\/v2\/product_brand?post=39238"},{"taxonomy":"product_cat","embeddable":true,"href":"https:\/\/balticoverlanders.eu\/sv\/wp-json\/wp\/v2\/product_cat?post=39238"},{"taxonomy":"product_tag","embeddable":true,"href":"https:\/\/balticoverlanders.eu\/sv\/wp-json\/wp\/v2\/product_tag?post=39238"}],"curies":[{"name":"wp","href":"https:\/\/api.w.org\/{rel}","templated":true}]}}