{"id":39250,"date":"2024-02-18T17:23:48","date_gmt":"2024-02-18T15:23:48","guid":{"rendered":"https:\/\/balticoverlanders.eu\/product\/dometic-go-hydration-vattenkran-barbar-sjalvforsorjande-vattenkran\/"},"modified":"2024-05-06T22:41:39","modified_gmt":"2024-05-06T19:41:39","slug":"dometic-go-hydration-vattenkran-barbar-sjalvforsorjande-vattenkran","status":"publish","type":"product","link":"https:\/\/balticoverlanders.eu\/sv\/produkt\/dometic-go-hydration-vattenkran-barbar-sjalvforsorjande-vattenkran\/","title":{"rendered":"Dometic GO Hydration vattenkran B\u00e4rbar, sj\u00e4lvf\u00f6rs\u00f6rjande vattenkran"},"content":{"rendered":"<p><strong>Viktiga egenskaper:<\/strong><\/p>\n<ul>\n<li><strong>Touch-styrning<\/strong>: Enkla touchkontroller g\u00f6r det l\u00e4tt att anv\u00e4nda kranen, med automatisk avst\u00e4ngning f\u00f6r optimal vattenbesparing.<\/li>\n<li><strong>Integrerad LED-lampa<\/strong>: Navigera enkelt p\u00e5 natten eller i situationer med svagt ljus med den integrerade LED-lampan, som ger synlighet och bekv\u00e4mlighet.<\/li>\n<li><strong>Funktionalitet<\/strong> med dubbelkran: Aktivera vattenfl\u00f6det direkt med en dubbelkran, vilket ger snabb och effektiv dispensering.<\/li>\n<li><strong>M\u00e5ngsidig placering<\/strong>: Inkluderar en puck f\u00f6r enkel placering av kranen och en magnetisk bas f\u00f6r s\u00e4ker anv\u00e4ndning p\u00e5 olika ytor.<\/li>\n<li>Batteri med <strong>l\u00e5ng<\/strong> livsl\u00e4ngd: Med ett batteri med stor kapacitet kan du h\u00e4lla ut upp till 150 liter vatten per laddning, vilket garanterar l\u00e5ngvarig anv\u00e4ndning utan avbrott.<\/li>\n<li>Robust <strong>konstruktion<\/strong>: V\u00e5r IPX4-klassade kran \u00e4r byggd f\u00f6r att motst\u00e5 elementen och \u00e4r tillverkad av BPA-fria material av livsmedelskvalitet, vilket garanterar h\u00e5llbarhet och s\u00e4kerhet.<\/li>\n<li><strong>Kompatibel med Hydration Water Jug<\/strong>: Kan s\u00f6ml\u00f6st integreras med Hydration Water Jug f\u00f6r en komplett v\u00e4tskel\u00f6sning.<\/li>\n<li>En <strong>del av Dometic Go-kollektionen<\/strong>: V\u00e5r vattenkran \u00e4r utformad f\u00f6r att komplettera dina utomhus\u00e4ventyr och ing\u00e5r i Dometic Go-kollektionen, som levererar o\u00f6vertr\u00e4ffad funktionalitet och tillf\u00f6rlitlighet.<\/li>\n<\/ul>\n","protected":false},"excerpt":{"rendered":"<p>Dometics HYD WF Hydration Water-kran f\u00f6rvandlar vilken vattenbeh\u00e5llare som helst till en kran f\u00f6r utomhusk\u00f6k, s\u00e5 att du bara kan h\u00e4lla ut det du beh\u00f6ver utan att sl\u00f6sa. Koppla ihop den med HYD J11 Hydration Water Jug eller en annan vattenbeh\u00e5llare f\u00f6r rinnande vatten n\u00e4r du beh\u00f6ver det.<\/p>\n","protected":false},"featured_media":31342,"template":"","meta":[],"product_brand":[],"product_cat":[531,543],"product_tag":[],"class_list":{"0":"post-39250","1":"product","2":"type-product","3":"status-publish","4":"has-post-thumbnail","6":"product_cat-dometic-sv","7":"product_cat-hydrering","9":"first","10":"onbackorder","11":"taxable","12":"shipping-taxable","13":"purchasable","14":"product-type-simple"},"yoast_head":"<!-- This site is optimized with the Yoast SEO plugin v27.3 - https:\/\/yoast.com\/product\/yoast-seo-wordpress\/ -->\n<title>Dometic GO Hydration vattenkran B\u00e4rbar, sj\u00e4lvf\u00f6rs\u00f6rjande vattenkran - BALTIC OVERLANDERS<\/title>\n<meta name=\"description\" content=\"&quot;Uppt\u00e4ck Dometics HYD WF Hydration Water-kran f\u00f6r bekv\u00e4mlighet utomhus, som f\u00f6rvandlar vilken beh\u00e5llare som helst till en k\u00f6ksblandare utan spill.&quot;\" \/>\n<meta name=\"robots\" content=\"index, follow, max-snippet:-1, max-image-preview:large, max-video-preview:-1\" \/>\n<link rel=\"canonical\" href=\"https:\/\/balticoverlanders.eu\/sv\/produkt\/dometic-go-hydration-vattenkran-barbar-sjalvforsorjande-vattenkran\/\" \/>\n<meta property=\"og:locale\" content=\"sv_SE\" \/>\n<meta property=\"og:type\" content=\"article\" \/>\n<meta property=\"og:title\" content=\"Dometic GO Hydration vattenkran B\u00e4rbar, sj\u00e4lvf\u00f6rs\u00f6rjande vattenkran - BALTIC OVERLANDERS\" \/>\n<meta property=\"og:description\" content=\"&quot;Uppt\u00e4ck Dometics HYD WF Hydration Water-kran f\u00f6r bekv\u00e4mlighet utomhus, som f\u00f6rvandlar vilken beh\u00e5llare som helst till en k\u00f6ksblandare utan spill.&quot;\" \/>\n<meta property=\"og:url\" content=\"https:\/\/balticoverlanders.eu\/sv\/produkt\/dometic-go-hydration-vattenkran-barbar-sjalvforsorjande-vattenkran\/\" \/>\n<meta property=\"og:site_name\" content=\"BALTIC OVERLANDERS\" \/>\n<meta property=\"article:modified_time\" content=\"2024-05-06T19:41:39+00:00\" \/>\n<meta property=\"og:image\" content=\"https:\/\/balticoverlanders.eu\/wp-content\/uploads\/2024\/02\/wtan068_1.jpg\" \/>\n\t<meta property=\"og:image:width\" content=\"650\" \/>\n\t<meta property=\"og:image:height\" content=\"488\" \/>\n\t<meta property=\"og:image:type\" content=\"image\/jpeg\" \/>\n<meta name=\"twitter:card\" content=\"summary_large_image\" \/>\n<meta name=\"twitter:label1\" content=\"Ber\u00e4knad l\u00e4stid\" \/>\n\t<meta name=\"twitter:data1\" content=\"1 minut\" \/>\n<script type=\"application\/ld+json\" class=\"yoast-schema-graph\">{\"@context\":\"https:\\\/\\\/schema.org\",\"@graph\":[{\"@type\":\"WebPage\",\"@id\":\"https:\\\/\\\/balticoverlanders.eu\\\/sv\\\/produkt\\\/dometic-go-hydration-vattenkran-barbar-sjalvforsorjande-vattenkran\\\/\",\"url\":\"https:\\\/\\\/balticoverlanders.eu\\\/sv\\\/produkt\\\/dometic-go-hydration-vattenkran-barbar-sjalvforsorjande-vattenkran\\\/\",\"name\":\"Dometic GO Hydration vattenkran B\u00e4rbar, sj\u00e4lvf\u00f6rs\u00f6rjande vattenkran - BALTIC OVERLANDERS\",\"isPartOf\":{\"@id\":\"https:\\\/\\\/balticoverlanders.eu\\\/sv\\\/#website\"},\"primaryImageOfPage\":{\"@id\":\"https:\\\/\\\/balticoverlanders.eu\\\/sv\\\/produkt\\\/dometic-go-hydration-vattenkran-barbar-sjalvforsorjande-vattenkran\\\/#primaryimage\"},\"image\":{\"@id\":\"https:\\\/\\\/balticoverlanders.eu\\\/sv\\\/produkt\\\/dometic-go-hydration-vattenkran-barbar-sjalvforsorjande-vattenkran\\\/#primaryimage\"},\"thumbnailUrl\":\"https:\\\/\\\/balticoverlanders.eu\\\/wp-content\\\/uploads\\\/2024\\\/02\\\/wtan068_1.jpg\",\"datePublished\":\"2024-02-18T15:23:48+00:00\",\"dateModified\":\"2024-05-06T19:41:39+00:00\",\"description\":\"\\\"Uppt\u00e4ck Dometics HYD WF Hydration Water-kran f\u00f6r bekv\u00e4mlighet utomhus, som f\u00f6rvandlar vilken beh\u00e5llare som helst till en k\u00f6ksblandare utan spill.\\\"\",\"breadcrumb\":{\"@id\":\"https:\\\/\\\/balticoverlanders.eu\\\/sv\\\/produkt\\\/dometic-go-hydration-vattenkran-barbar-sjalvforsorjande-vattenkran\\\/#breadcrumb\"},\"inLanguage\":\"sv-SE\",\"potentialAction\":[{\"@type\":\"ReadAction\",\"target\":[\"https:\\\/\\\/balticoverlanders.eu\\\/sv\\\/produkt\\\/dometic-go-hydration-vattenkran-barbar-sjalvforsorjande-vattenkran\\\/\"]}]},{\"@type\":\"ImageObject\",\"inLanguage\":\"sv-SE\",\"@id\":\"https:\\\/\\\/balticoverlanders.eu\\\/sv\\\/produkt\\\/dometic-go-hydration-vattenkran-barbar-sjalvforsorjande-vattenkran\\\/#primaryimage\",\"url\":\"https:\\\/\\\/balticoverlanders.eu\\\/wp-content\\\/uploads\\\/2024\\\/02\\\/wtan068_1.jpg\",\"contentUrl\":\"https:\\\/\\\/balticoverlanders.eu\\\/wp-content\\\/uploads\\\/2024\\\/02\\\/wtan068_1.jpg\",\"width\":650,\"height\":488},{\"@type\":\"BreadcrumbList\",\"@id\":\"https:\\\/\\\/balticoverlanders.eu\\\/sv\\\/produkt\\\/dometic-go-hydration-vattenkran-barbar-sjalvforsorjande-vattenkran\\\/#breadcrumb\",\"itemListElement\":[{\"@type\":\"ListItem\",\"position\":1,\"name\":\"Home\",\"item\":\"https:\\\/\\\/balticoverlanders.eu\\\/sv\\\/?page_id=30156\"},{\"@type\":\"ListItem\",\"position\":2,\"name\":\"Butik\",\"item\":\"https:\\\/\\\/balticoverlanders.eu\\\/sv\\\/?page_id=30894\"},{\"@type\":\"ListItem\",\"position\":3,\"name\":\"Dometic GO Hydration vattenkran B\u00e4rbar, sj\u00e4lvf\u00f6rs\u00f6rjande vattenkran\"}]},{\"@type\":\"WebSite\",\"@id\":\"https:\\\/\\\/balticoverlanders.eu\\\/sv\\\/#website\",\"url\":\"https:\\\/\\\/balticoverlanders.eu\\\/sv\\\/\",\"name\":\"BALTIC OVERLANDERS\",\"description\":\"Your one-stop shop in Latvia, Estonia, and Lithuania for all your car camping, rooftop tent and accessory needs.\",\"potentialAction\":[{\"@type\":\"SearchAction\",\"target\":{\"@type\":\"EntryPoint\",\"urlTemplate\":\"https:\\\/\\\/balticoverlanders.eu\\\/sv\\\/?s={search_term_string}\"},\"query-input\":{\"@type\":\"PropertyValueSpecification\",\"valueRequired\":true,\"valueName\":\"search_term_string\"}}],\"inLanguage\":\"sv-SE\"}]}<\/script>\n<!-- \/ Yoast SEO plugin. -->","yoast_head_json":{"title":"Dometic GO Hydration vattenkran B\u00e4rbar, sj\u00e4lvf\u00f6rs\u00f6rjande vattenkran - BALTIC OVERLANDERS","description":"\"Uppt\u00e4ck Dometics HYD WF Hydration Water-kran f\u00f6r bekv\u00e4mlighet utomhus, som f\u00f6rvandlar vilken beh\u00e5llare som helst till en k\u00f6ksblandare utan spill.\"","robots":{"index":"index","follow":"follow","max-snippet":"max-snippet:-1","max-image-preview":"max-image-preview:large","max-video-preview":"max-video-preview:-1"},"canonical":"https:\/\/balticoverlanders.eu\/sv\/produkt\/dometic-go-hydration-vattenkran-barbar-sjalvforsorjande-vattenkran\/","og_locale":"sv_SE","og_type":"article","og_title":"Dometic GO Hydration vattenkran B\u00e4rbar, sj\u00e4lvf\u00f6rs\u00f6rjande vattenkran - BALTIC OVERLANDERS","og_description":"\"Uppt\u00e4ck Dometics HYD WF Hydration Water-kran f\u00f6r bekv\u00e4mlighet utomhus, som f\u00f6rvandlar vilken beh\u00e5llare som helst till en k\u00f6ksblandare utan spill.\"","og_url":"https:\/\/balticoverlanders.eu\/sv\/produkt\/dometic-go-hydration-vattenkran-barbar-sjalvforsorjande-vattenkran\/","og_site_name":"BALTIC OVERLANDERS","article_modified_time":"2024-05-06T19:41:39+00:00","og_image":[{"width":650,"height":488,"url":"https:\/\/balticoverlanders.eu\/wp-content\/uploads\/2024\/02\/wtan068_1.jpg","type":"image\/jpeg"}],"twitter_card":"summary_large_image","twitter_misc":{"Ber\u00e4knad l\u00e4stid":"1 minut"},"schema":{"@context":"https:\/\/schema.org","@graph":[{"@type":"WebPage","@id":"https:\/\/balticoverlanders.eu\/sv\/produkt\/dometic-go-hydration-vattenkran-barbar-sjalvforsorjande-vattenkran\/","url":"https:\/\/balticoverlanders.eu\/sv\/produkt\/dometic-go-hydration-vattenkran-barbar-sjalvforsorjande-vattenkran\/","name":"Dometic GO Hydration vattenkran B\u00e4rbar, sj\u00e4lvf\u00f6rs\u00f6rjande vattenkran - BALTIC OVERLANDERS","isPartOf":{"@id":"https:\/\/balticoverlanders.eu\/sv\/#website"},"primaryImageOfPage":{"@id":"https:\/\/balticoverlanders.eu\/sv\/produkt\/dometic-go-hydration-vattenkran-barbar-sjalvforsorjande-vattenkran\/#primaryimage"},"image":{"@id":"https:\/\/balticoverlanders.eu\/sv\/produkt\/dometic-go-hydration-vattenkran-barbar-sjalvforsorjande-vattenkran\/#primaryimage"},"thumbnailUrl":"https:\/\/balticoverlanders.eu\/wp-content\/uploads\/2024\/02\/wtan068_1.jpg","datePublished":"2024-02-18T15:23:48+00:00","dateModified":"2024-05-06T19:41:39+00:00","description":"\"Uppt\u00e4ck Dometics HYD WF Hydration Water-kran f\u00f6r bekv\u00e4mlighet utomhus, som f\u00f6rvandlar vilken beh\u00e5llare som helst till en k\u00f6ksblandare utan spill.\"","breadcrumb":{"@id":"https:\/\/balticoverlanders.eu\/sv\/produkt\/dometic-go-hydration-vattenkran-barbar-sjalvforsorjande-vattenkran\/#breadcrumb"},"inLanguage":"sv-SE","potentialAction":[{"@type":"ReadAction","target":["https:\/\/balticoverlanders.eu\/sv\/produkt\/dometic-go-hydration-vattenkran-barbar-sjalvforsorjande-vattenkran\/"]}]},{"@type":"ImageObject","inLanguage":"sv-SE","@id":"https:\/\/balticoverlanders.eu\/sv\/produkt\/dometic-go-hydration-vattenkran-barbar-sjalvforsorjande-vattenkran\/#primaryimage","url":"https:\/\/balticoverlanders.eu\/wp-content\/uploads\/2024\/02\/wtan068_1.jpg","contentUrl":"https:\/\/balticoverlanders.eu\/wp-content\/uploads\/2024\/02\/wtan068_1.jpg","width":650,"height":488},{"@type":"BreadcrumbList","@id":"https:\/\/balticoverlanders.eu\/sv\/produkt\/dometic-go-hydration-vattenkran-barbar-sjalvforsorjande-vattenkran\/#breadcrumb","itemListElement":[{"@type":"ListItem","position":1,"name":"Home","item":"https:\/\/balticoverlanders.eu\/sv\/?page_id=30156"},{"@type":"ListItem","position":2,"name":"Butik","item":"https:\/\/balticoverlanders.eu\/sv\/?page_id=30894"},{"@type":"ListItem","position":3,"name":"Dometic GO Hydration vattenkran B\u00e4rbar, sj\u00e4lvf\u00f6rs\u00f6rjande vattenkran"}]},{"@type":"WebSite","@id":"https:\/\/balticoverlanders.eu\/sv\/#website","url":"https:\/\/balticoverlanders.eu\/sv\/","name":"BALTIC OVERLANDERS","description":"Your one-stop shop in Latvia, Estonia, and Lithuania for all your car camping, rooftop tent and accessory needs.","potentialAction":[{"@type":"SearchAction","target":{"@type":"EntryPoint","urlTemplate":"https:\/\/balticoverlanders.eu\/sv\/?s={search_term_string}"},"query-input":{"@type":"PropertyValueSpecification","valueRequired":true,"valueName":"search_term_string"}}],"inLanguage":"sv-SE"}]}},"_links":{"self":[{"href":"https:\/\/balticoverlanders.eu\/sv\/wp-json\/wp\/v2\/product\/39250","targetHints":{"allow":["GET"]}}],"collection":[{"href":"https:\/\/balticoverlanders.eu\/sv\/wp-json\/wp\/v2\/product"}],"about":[{"href":"https:\/\/balticoverlanders.eu\/sv\/wp-json\/wp\/v2\/types\/product"}],"wp:featuredmedia":[{"embeddable":true,"href":"https:\/\/balticoverlanders.eu\/sv\/wp-json\/wp\/v2\/media\/31342"}],"wp:attachment":[{"href":"https:\/\/balticoverlanders.eu\/sv\/wp-json\/wp\/v2\/media?parent=39250"}],"wp:term":[{"taxonomy":"product_brand","embeddable":true,"href":"https:\/\/balticoverlanders.eu\/sv\/wp-json\/wp\/v2\/product_brand?post=39250"},{"taxonomy":"product_cat","embeddable":true,"href":"https:\/\/balticoverlanders.eu\/sv\/wp-json\/wp\/v2\/product_cat?post=39250"},{"taxonomy":"product_tag","embeddable":true,"href":"https:\/\/balticoverlanders.eu\/sv\/wp-json\/wp\/v2\/product_tag?post=39250"}],"curies":[{"name":"wp","href":"https:\/\/api.w.org\/{rel}","templated":true}]}}