{"id":39268,"date":"2024-02-19T16:59:04","date_gmt":"2024-02-19T14:59:04","guid":{"rendered":"https:\/\/balticoverlanders.eu\/product\/dometic-go-compact-campingbank-silt\/"},"modified":"2024-05-06T22:41:49","modified_gmt":"2024-05-06T19:41:49","slug":"dometic-go-compact-campingbank-silt","status":"publish","type":"product","link":"https:\/\/balticoverlanders.eu\/sv\/produkt\/dometic-go-compact-campingbank-silt\/","title":{"rendered":"Dometic GO Compact Campingb\u00e4nk, Silt"},"content":{"rendered":"<p><strong>Vi presenterar Dometic Go Compact Campingb\u00e4nk\/Silt<\/strong><\/p>\n<p><strong>\u00d6versikt:<\/strong> Dometic Go Compact Camp Bench \u00e4r din l\u00f6sning f\u00f6r l\u00e4tta och h\u00e5llbara sittplatser utomhus, speciellt utformade f\u00f6r tv\u00e5 personer. Oavsett om du campar, picknickar eller bara njuter av naturen ger den h\u00e4r b\u00e4nken komfort och stabilitet i en elegant, kompakt design.<\/p>\n<p><strong>Funktioner:<\/strong><\/p>\n<ul>\n<li><strong>Dubbla sittplatser:<\/strong> Rymmer tv\u00e5 vuxna bekv\u00e4mt och klarar en vikt p\u00e5 upp till 136 kg (300 lbs).<\/li>\n<li><strong>Utrymmesbesparande design:<\/strong> F\u00e4lls ihop till en ultrakompakt storlek som g\u00f6r den l\u00e4tt att transportera och f\u00f6rvara.<\/li>\n<li><strong>F\u00f6rstklassig konstruktion:<\/strong> Konstruerad med l\u00e4tt aluminiumram och kraftigt 600D-tyg f\u00f6r l\u00e5ngvarig h\u00e5llbarhet.<\/li>\n<li><strong>B\u00e4rbarhet:<\/strong> Inkluderar en praktisk b\u00e4rs\u00e4ck f\u00f6r problemfri transport.<\/li>\n<li><strong>M\u00e5ngsidig anv\u00e4ndning:<\/strong> Perfekt f\u00f6r campingresor, utomhussammankomster, sportevenemang och mycket mer.<\/li>\n<\/ul>\n<p>F\u00f6rh\u00f6j din utomhusupplevelse med Dometic Go Compact Camp Bench\/Silt. Den \u00e4r utformad f\u00f6r bekv\u00e4mlighet, h\u00e5llbarhet och komfort och \u00e4r den perfekta sittl\u00f6sningen f\u00f6r ditt n\u00e4sta \u00e4ventyr.<\/p>\n","protected":false},"excerpt":{"rendered":"<p>Dometic l\u00f6ser behovet av l\u00e4tta och robusta sittplatser f\u00f6r utomhusbruk med sin kompakta campingb\u00e4nk CMP-B2, som \u00e4r utformad f\u00f6r tv\u00e5 personer. Rymmer upp till 150 kg och kan anv\u00e4ndas som sittplats, kylboxh\u00e5llare eller enkelt bord.<\/p>\n","protected":false},"featured_media":31457,"template":"","meta":[],"product_brand":[],"product_cat":[562,531],"product_tag":[],"class_list":{"0":"post-39268","1":"product","2":"type-product","3":"status-publish","4":"has-post-thumbnail","6":"product_cat-campingbank","7":"product_cat-dometic-sv","9":"first","10":"onbackorder","11":"taxable","12":"shipping-taxable","13":"purchasable","14":"product-type-simple"},"yoast_head":"<!-- This site is optimized with the Yoast SEO plugin v27.2 - https:\/\/yoast.com\/product\/yoast-seo-wordpress\/ -->\n<title>Dometic GO Compact Campingb\u00e4nk, Silt - BALTIC OVERLANDERS<\/title>\n<meta name=\"description\" content=\"Dometic l\u00f6ser behovet av l\u00e4tta och robusta sittplatser f\u00f6r utomhusbruk med sin kompakta campingb\u00e4nk CMP-B2, som \u00e4r utformad f\u00f6r tv\u00e5 personer. Rymmer upp till 150 kg och kan anv\u00e4ndas som sittplats, kylboxh\u00e5llare eller enkelt bord.\" \/>\n<meta name=\"robots\" content=\"index, follow, max-snippet:-1, max-image-preview:large, max-video-preview:-1\" \/>\n<link rel=\"canonical\" href=\"https:\/\/balticoverlanders.eu\/sv\/produkt\/dometic-go-compact-campingbank-silt\/\" \/>\n<meta property=\"og:locale\" content=\"sv_SE\" \/>\n<meta property=\"og:type\" content=\"article\" \/>\n<meta property=\"og:title\" content=\"Dometic GO Compact Campingb\u00e4nk, Silt - BALTIC OVERLANDERS\" \/>\n<meta property=\"og:description\" content=\"Dometic l\u00f6ser behovet av l\u00e4tta och robusta sittplatser f\u00f6r utomhusbruk med sin kompakta campingb\u00e4nk CMP-B2, som \u00e4r utformad f\u00f6r tv\u00e5 personer. Rymmer upp till 150 kg och kan anv\u00e4ndas som sittplats, kylboxh\u00e5llare eller enkelt bord.\" \/>\n<meta property=\"og:url\" content=\"https:\/\/balticoverlanders.eu\/sv\/produkt\/dometic-go-compact-campingbank-silt\/\" \/>\n<meta property=\"og:site_name\" content=\"BALTIC OVERLANDERS\" \/>\n<meta property=\"article:modified_time\" content=\"2024-05-06T19:41:49+00:00\" \/>\n<meta property=\"og:image\" content=\"https:\/\/balticoverlanders.eu\/wp-content\/uploads\/2024\/02\/chai015_3.jpg\" \/>\n\t<meta property=\"og:image:width\" content=\"650\" \/>\n\t<meta property=\"og:image:height\" content=\"488\" \/>\n\t<meta property=\"og:image:type\" content=\"image\/jpeg\" \/>\n<meta name=\"twitter:card\" content=\"summary_large_image\" \/>\n<meta name=\"twitter:label1\" content=\"Ber\u00e4knad l\u00e4stid\" \/>\n\t<meta name=\"twitter:data1\" content=\"1 minut\" \/>\n<script type=\"application\/ld+json\" class=\"yoast-schema-graph\">{\"@context\":\"https:\/\/schema.org\",\"@graph\":[{\"@type\":\"WebPage\",\"@id\":\"https:\/\/balticoverlanders.eu\/sv\/produkt\/dometic-go-compact-campingbank-silt\/\",\"url\":\"https:\/\/balticoverlanders.eu\/sv\/produkt\/dometic-go-compact-campingbank-silt\/\",\"name\":\"Dometic GO Compact Campingb\u00e4nk, Silt - BALTIC OVERLANDERS\",\"isPartOf\":{\"@id\":\"https:\/\/balticoverlanders.eu\/sv\/#website\"},\"primaryImageOfPage\":{\"@id\":\"https:\/\/balticoverlanders.eu\/sv\/produkt\/dometic-go-compact-campingbank-silt\/#primaryimage\"},\"image\":{\"@id\":\"https:\/\/balticoverlanders.eu\/sv\/produkt\/dometic-go-compact-campingbank-silt\/#primaryimage\"},\"thumbnailUrl\":\"https:\/\/balticoverlanders.eu\/wp-content\/uploads\/2024\/02\/chai015_3.jpg\",\"datePublished\":\"2024-02-19T14:59:04+00:00\",\"dateModified\":\"2024-05-06T19:41:49+00:00\",\"description\":\"Dometic l\u00f6ser behovet av l\u00e4tta och robusta sittplatser f\u00f6r utomhusbruk med sin kompakta campingb\u00e4nk CMP-B2, som \u00e4r utformad f\u00f6r tv\u00e5 personer. Rymmer upp till 150 kg och kan anv\u00e4ndas som sittplats, kylboxh\u00e5llare eller enkelt bord.\",\"breadcrumb\":{\"@id\":\"https:\/\/balticoverlanders.eu\/sv\/produkt\/dometic-go-compact-campingbank-silt\/#breadcrumb\"},\"inLanguage\":\"sv-SE\",\"potentialAction\":[{\"@type\":\"ReadAction\",\"target\":[\"https:\/\/balticoverlanders.eu\/sv\/produkt\/dometic-go-compact-campingbank-silt\/\"]}]},{\"@type\":\"ImageObject\",\"inLanguage\":\"sv-SE\",\"@id\":\"https:\/\/balticoverlanders.eu\/sv\/produkt\/dometic-go-compact-campingbank-silt\/#primaryimage\",\"url\":\"https:\/\/balticoverlanders.eu\/wp-content\/uploads\/2024\/02\/chai015_3.jpg\",\"contentUrl\":\"https:\/\/balticoverlanders.eu\/wp-content\/uploads\/2024\/02\/chai015_3.jpg\",\"width\":650,\"height\":488},{\"@type\":\"BreadcrumbList\",\"@id\":\"https:\/\/balticoverlanders.eu\/sv\/produkt\/dometic-go-compact-campingbank-silt\/#breadcrumb\",\"itemListElement\":[{\"@type\":\"ListItem\",\"position\":1,\"name\":\"Home\",\"item\":\"https:\/\/balticoverlanders.eu\/sv\/?page_id=30156\"},{\"@type\":\"ListItem\",\"position\":2,\"name\":\"Butik\",\"item\":\"https:\/\/balticoverlanders.eu\/sv\/?page_id=30894\"},{\"@type\":\"ListItem\",\"position\":3,\"name\":\"Dometic GO Compact Campingb\u00e4nk, Silt\"}]},{\"@type\":\"WebSite\",\"@id\":\"https:\/\/balticoverlanders.eu\/sv\/#website\",\"url\":\"https:\/\/balticoverlanders.eu\/sv\/\",\"name\":\"BALTIC OVERLANDERS\",\"description\":\"Your one-stop shop in Latvia, Estonia, and Lithuania for all your car camping, rooftop tent and accessory needs.\",\"potentialAction\":[{\"@type\":\"SearchAction\",\"target\":{\"@type\":\"EntryPoint\",\"urlTemplate\":\"https:\/\/balticoverlanders.eu\/sv\/?s={search_term_string}\"},\"query-input\":{\"@type\":\"PropertyValueSpecification\",\"valueRequired\":true,\"valueName\":\"search_term_string\"}}],\"inLanguage\":\"sv-SE\"}]}<\/script>\n<!-- \/ Yoast SEO plugin. -->","yoast_head_json":{"title":"Dometic GO Compact Campingb\u00e4nk, Silt - BALTIC OVERLANDERS","description":"Dometic l\u00f6ser behovet av l\u00e4tta och robusta sittplatser f\u00f6r utomhusbruk med sin kompakta campingb\u00e4nk CMP-B2, som \u00e4r utformad f\u00f6r tv\u00e5 personer. Rymmer upp till 150 kg och kan anv\u00e4ndas som sittplats, kylboxh\u00e5llare eller enkelt bord.","robots":{"index":"index","follow":"follow","max-snippet":"max-snippet:-1","max-image-preview":"max-image-preview:large","max-video-preview":"max-video-preview:-1"},"canonical":"https:\/\/balticoverlanders.eu\/sv\/produkt\/dometic-go-compact-campingbank-silt\/","og_locale":"sv_SE","og_type":"article","og_title":"Dometic GO Compact Campingb\u00e4nk, Silt - BALTIC OVERLANDERS","og_description":"Dometic l\u00f6ser behovet av l\u00e4tta och robusta sittplatser f\u00f6r utomhusbruk med sin kompakta campingb\u00e4nk CMP-B2, som \u00e4r utformad f\u00f6r tv\u00e5 personer. Rymmer upp till 150 kg och kan anv\u00e4ndas som sittplats, kylboxh\u00e5llare eller enkelt bord.","og_url":"https:\/\/balticoverlanders.eu\/sv\/produkt\/dometic-go-compact-campingbank-silt\/","og_site_name":"BALTIC OVERLANDERS","article_modified_time":"2024-05-06T19:41:49+00:00","og_image":[{"width":650,"height":488,"url":"https:\/\/balticoverlanders.eu\/wp-content\/uploads\/2024\/02\/chai015_3.jpg","type":"image\/jpeg"}],"twitter_card":"summary_large_image","twitter_misc":{"Ber\u00e4knad l\u00e4stid":"1 minut"},"schema":{"@context":"https:\/\/schema.org","@graph":[{"@type":"WebPage","@id":"https:\/\/balticoverlanders.eu\/sv\/produkt\/dometic-go-compact-campingbank-silt\/","url":"https:\/\/balticoverlanders.eu\/sv\/produkt\/dometic-go-compact-campingbank-silt\/","name":"Dometic GO Compact Campingb\u00e4nk, Silt - BALTIC OVERLANDERS","isPartOf":{"@id":"https:\/\/balticoverlanders.eu\/sv\/#website"},"primaryImageOfPage":{"@id":"https:\/\/balticoverlanders.eu\/sv\/produkt\/dometic-go-compact-campingbank-silt\/#primaryimage"},"image":{"@id":"https:\/\/balticoverlanders.eu\/sv\/produkt\/dometic-go-compact-campingbank-silt\/#primaryimage"},"thumbnailUrl":"https:\/\/balticoverlanders.eu\/wp-content\/uploads\/2024\/02\/chai015_3.jpg","datePublished":"2024-02-19T14:59:04+00:00","dateModified":"2024-05-06T19:41:49+00:00","description":"Dometic l\u00f6ser behovet av l\u00e4tta och robusta sittplatser f\u00f6r utomhusbruk med sin kompakta campingb\u00e4nk CMP-B2, som \u00e4r utformad f\u00f6r tv\u00e5 personer. Rymmer upp till 150 kg och kan anv\u00e4ndas som sittplats, kylboxh\u00e5llare eller enkelt bord.","breadcrumb":{"@id":"https:\/\/balticoverlanders.eu\/sv\/produkt\/dometic-go-compact-campingbank-silt\/#breadcrumb"},"inLanguage":"sv-SE","potentialAction":[{"@type":"ReadAction","target":["https:\/\/balticoverlanders.eu\/sv\/produkt\/dometic-go-compact-campingbank-silt\/"]}]},{"@type":"ImageObject","inLanguage":"sv-SE","@id":"https:\/\/balticoverlanders.eu\/sv\/produkt\/dometic-go-compact-campingbank-silt\/#primaryimage","url":"https:\/\/balticoverlanders.eu\/wp-content\/uploads\/2024\/02\/chai015_3.jpg","contentUrl":"https:\/\/balticoverlanders.eu\/wp-content\/uploads\/2024\/02\/chai015_3.jpg","width":650,"height":488},{"@type":"BreadcrumbList","@id":"https:\/\/balticoverlanders.eu\/sv\/produkt\/dometic-go-compact-campingbank-silt\/#breadcrumb","itemListElement":[{"@type":"ListItem","position":1,"name":"Home","item":"https:\/\/balticoverlanders.eu\/sv\/?page_id=30156"},{"@type":"ListItem","position":2,"name":"Butik","item":"https:\/\/balticoverlanders.eu\/sv\/?page_id=30894"},{"@type":"ListItem","position":3,"name":"Dometic GO Compact Campingb\u00e4nk, Silt"}]},{"@type":"WebSite","@id":"https:\/\/balticoverlanders.eu\/sv\/#website","url":"https:\/\/balticoverlanders.eu\/sv\/","name":"BALTIC OVERLANDERS","description":"Your one-stop shop in Latvia, Estonia, and Lithuania for all your car camping, rooftop tent and accessory needs.","potentialAction":[{"@type":"SearchAction","target":{"@type":"EntryPoint","urlTemplate":"https:\/\/balticoverlanders.eu\/sv\/?s={search_term_string}"},"query-input":{"@type":"PropertyValueSpecification","valueRequired":true,"valueName":"search_term_string"}}],"inLanguage":"sv-SE"}]}},"_links":{"self":[{"href":"https:\/\/balticoverlanders.eu\/sv\/wp-json\/wp\/v2\/product\/39268","targetHints":{"allow":["GET"]}}],"collection":[{"href":"https:\/\/balticoverlanders.eu\/sv\/wp-json\/wp\/v2\/product"}],"about":[{"href":"https:\/\/balticoverlanders.eu\/sv\/wp-json\/wp\/v2\/types\/product"}],"wp:featuredmedia":[{"embeddable":true,"href":"https:\/\/balticoverlanders.eu\/sv\/wp-json\/wp\/v2\/media\/31457"}],"wp:attachment":[{"href":"https:\/\/balticoverlanders.eu\/sv\/wp-json\/wp\/v2\/media?parent=39268"}],"wp:term":[{"taxonomy":"product_brand","embeddable":true,"href":"https:\/\/balticoverlanders.eu\/sv\/wp-json\/wp\/v2\/product_brand?post=39268"},{"taxonomy":"product_cat","embeddable":true,"href":"https:\/\/balticoverlanders.eu\/sv\/wp-json\/wp\/v2\/product_cat?post=39268"},{"taxonomy":"product_tag","embeddable":true,"href":"https:\/\/balticoverlanders.eu\/sv\/wp-json\/wp\/v2\/product_tag?post=39268"}],"curies":[{"name":"wp","href":"https:\/\/api.w.org\/{rel}","templated":true}]}}