{"id":39299,"date":"2024-02-19T16:38:46","date_gmt":"2024-02-19T14:38:46","guid":{"rendered":"https:\/\/balticoverlanders.eu\/product\/dometic-go-compact-campingstol\/"},"modified":"2024-05-06T22:41:54","modified_gmt":"2024-05-06T19:41:54","slug":"dometic-go-compact-campingstol","status":"publish","type":"product","link":"https:\/\/balticoverlanders.eu\/sv\/produkt\/dometic-go-compact-campingstol\/","title":{"rendered":"Dometic GO Compact Campingstol"},"content":{"rendered":"<p><strong>Vi presenterar Dometic GO Compact Campingstol<\/strong><\/p>\n<p>Upplev naturen p\u00e5 ett bekv\u00e4mt s\u00e4tt med Dometics kompakta campingstol. Denna portabla sittl\u00f6sning \u00e4r perfekt f\u00f6r en m\u00e4ngd olika utomhusaktiviteter, fr\u00e5n picknick och camping till avkoppling i tr\u00e4dg\u00e5rden.<\/p>\n<p><strong>Funktioner:<\/strong><\/p>\n<ul>\n<li><strong>Vikbar design:<\/strong> L\u00e4tt att f\u00e4lla ihop s\u00e5 att den f\u00e5r plats i bagageutrymmet, vilket g\u00f6r den bekv\u00e4m att packa och f\u00f6rvara p\u00e5 dina utomhus\u00e4ventyr.<\/li>\n<li><strong>Bekv\u00e4ma sittplatser:<\/strong> Den st\u00f6djande, fullstora sitsen \u00e4r utformad f\u00f6r att h\u00e5lla upp till 127 kg (280 pund), vilket garanterar komfort och h\u00e5llbarhet f\u00f6r anv\u00e4ndare av alla storlekar.<\/li>\n<li><strong>H\u00f6gkvalitativa material:<\/strong> Denna stol \u00e4r tillverkad av kraftigt 600D-tyg, l\u00e4ttviktsaluminium och eleganta armst\u00f6d i boktr\u00e4 och \u00e4r byggd f\u00f6r att h\u00e5lla f\u00f6r m\u00e5nga utomhusutflykter.<\/li>\n<li><strong>Extra f\u00f6rvaring:<\/strong> Utrustad med en baks\u00e4tesficka som ger praktisk f\u00f6rvaring av sm\u00e5saker som b\u00f6cker, snacks eller din telefon medan du kopplar av utomhus.<\/li>\n<li><strong>B\u00e4rs\u00e4ck ing\u00e5r:<\/strong> Levereras med en b\u00e4rs\u00e4ck f\u00f6r enkel transport till och fr\u00e5n dina favoritplatser utomhus.<\/li>\n<\/ul>\n<p>Oavsett om du njuter av en m\u00e5ltid, l\u00e4ser en bok eller bara njuter av landskapet, erbjuder Dometic GO Compact Camp Chair b\u00e4rbar komfort vart \u00e4n dina \u00e4ventyr tar dig.<\/p>\n","protected":false},"excerpt":{"rendered":"<p>Dometics CMP C1 Compact Camp Chair erbjuder bekv\u00e4ma, b\u00e4rbara sittplatser f\u00f6r att \u00e4ta, l\u00e4sa, underh\u00e5lla och helt enkelt njuta av utomhuslivet.<\/p>\n","protected":false},"featured_media":31410,"template":"","meta":[],"product_brand":[],"product_cat":[577,531],"product_tag":[],"class_list":{"0":"post-39299","1":"product","2":"type-product","3":"status-publish","4":"has-post-thumbnail","6":"product_cat-campingstol","7":"product_cat-dometic-sv","9":"first","10":"onbackorder","11":"taxable","12":"shipping-taxable","13":"purchasable","14":"product-type-variable"},"yoast_head":"<!-- This site is optimized with the Yoast SEO plugin v27.3 - https:\/\/yoast.com\/product\/yoast-seo-wordpress\/ -->\n<title>Dometic GO Compact Campingstol - BALTIC OVERLANDERS<\/title>\n<meta name=\"description\" content=\"Dometics CMP C1 Compact Camp Chair erbjuder bekv\u00e4ma, b\u00e4rbara sittplatser f\u00f6r att \u00e4ta, l\u00e4sa, underh\u00e5lla och helt enkelt njuta av utomhuslivet.\" \/>\n<meta name=\"robots\" content=\"index, follow, max-snippet:-1, max-image-preview:large, max-video-preview:-1\" \/>\n<link rel=\"canonical\" href=\"https:\/\/balticoverlanders.eu\/sv\/produkt\/dometic-go-compact-campingstol\/\" \/>\n<meta property=\"og:locale\" content=\"sv_SE\" \/>\n<meta property=\"og:type\" content=\"article\" \/>\n<meta property=\"og:title\" content=\"Dometic GO Compact Campingstol - BALTIC OVERLANDERS\" \/>\n<meta property=\"og:description\" content=\"Dometics CMP C1 Compact Camp Chair erbjuder bekv\u00e4ma, b\u00e4rbara sittplatser f\u00f6r att \u00e4ta, l\u00e4sa, underh\u00e5lla och helt enkelt njuta av utomhuslivet.\" \/>\n<meta property=\"og:url\" content=\"https:\/\/balticoverlanders.eu\/sv\/produkt\/dometic-go-compact-campingstol\/\" \/>\n<meta property=\"og:site_name\" content=\"BALTIC OVERLANDERS\" \/>\n<meta property=\"article:modified_time\" content=\"2024-05-06T19:41:54+00:00\" \/>\n<meta property=\"og:image\" content=\"https:\/\/balticoverlanders.eu\/wp-content\/uploads\/2024\/02\/chai012-chai014con.jpg\" \/>\n\t<meta property=\"og:image:width\" content=\"1363\" \/>\n\t<meta property=\"og:image:height\" content=\"1200\" \/>\n\t<meta property=\"og:image:type\" content=\"image\/jpeg\" \/>\n<meta name=\"twitter:card\" content=\"summary_large_image\" \/>\n<meta name=\"twitter:label1\" content=\"Ber\u00e4knad l\u00e4stid\" \/>\n\t<meta name=\"twitter:data1\" content=\"1 minut\" \/>\n<script type=\"application\/ld+json\" class=\"yoast-schema-graph\">{\"@context\":\"https:\\\/\\\/schema.org\",\"@graph\":[{\"@type\":\"WebPage\",\"@id\":\"https:\\\/\\\/balticoverlanders.eu\\\/sv\\\/produkt\\\/dometic-go-compact-campingstol\\\/\",\"url\":\"https:\\\/\\\/balticoverlanders.eu\\\/sv\\\/produkt\\\/dometic-go-compact-campingstol\\\/\",\"name\":\"Dometic GO Compact Campingstol - BALTIC OVERLANDERS\",\"isPartOf\":{\"@id\":\"https:\\\/\\\/balticoverlanders.eu\\\/sv\\\/#website\"},\"primaryImageOfPage\":{\"@id\":\"https:\\\/\\\/balticoverlanders.eu\\\/sv\\\/produkt\\\/dometic-go-compact-campingstol\\\/#primaryimage\"},\"image\":{\"@id\":\"https:\\\/\\\/balticoverlanders.eu\\\/sv\\\/produkt\\\/dometic-go-compact-campingstol\\\/#primaryimage\"},\"thumbnailUrl\":\"https:\\\/\\\/balticoverlanders.eu\\\/wp-content\\\/uploads\\\/2024\\\/02\\\/chai012-chai014con.jpg\",\"datePublished\":\"2024-02-19T14:38:46+00:00\",\"dateModified\":\"2024-05-06T19:41:54+00:00\",\"description\":\"Dometics CMP C1 Compact Camp Chair erbjuder bekv\u00e4ma, b\u00e4rbara sittplatser f\u00f6r att \u00e4ta, l\u00e4sa, underh\u00e5lla och helt enkelt njuta av utomhuslivet.\",\"breadcrumb\":{\"@id\":\"https:\\\/\\\/balticoverlanders.eu\\\/sv\\\/produkt\\\/dometic-go-compact-campingstol\\\/#breadcrumb\"},\"inLanguage\":\"sv-SE\",\"potentialAction\":[{\"@type\":\"ReadAction\",\"target\":[\"https:\\\/\\\/balticoverlanders.eu\\\/sv\\\/produkt\\\/dometic-go-compact-campingstol\\\/\"]}]},{\"@type\":\"ImageObject\",\"inLanguage\":\"sv-SE\",\"@id\":\"https:\\\/\\\/balticoverlanders.eu\\\/sv\\\/produkt\\\/dometic-go-compact-campingstol\\\/#primaryimage\",\"url\":\"https:\\\/\\\/balticoverlanders.eu\\\/wp-content\\\/uploads\\\/2024\\\/02\\\/chai012-chai014con.jpg\",\"contentUrl\":\"https:\\\/\\\/balticoverlanders.eu\\\/wp-content\\\/uploads\\\/2024\\\/02\\\/chai012-chai014con.jpg\",\"width\":1363,\"height\":1200},{\"@type\":\"BreadcrumbList\",\"@id\":\"https:\\\/\\\/balticoverlanders.eu\\\/sv\\\/produkt\\\/dometic-go-compact-campingstol\\\/#breadcrumb\",\"itemListElement\":[{\"@type\":\"ListItem\",\"position\":1,\"name\":\"Home\",\"item\":\"https:\\\/\\\/balticoverlanders.eu\\\/sv\\\/?page_id=30156\"},{\"@type\":\"ListItem\",\"position\":2,\"name\":\"Butik\",\"item\":\"https:\\\/\\\/balticoverlanders.eu\\\/sv\\\/?page_id=30894\"},{\"@type\":\"ListItem\",\"position\":3,\"name\":\"Dometic GO Compact Campingstol\"}]},{\"@type\":\"WebSite\",\"@id\":\"https:\\\/\\\/balticoverlanders.eu\\\/sv\\\/#website\",\"url\":\"https:\\\/\\\/balticoverlanders.eu\\\/sv\\\/\",\"name\":\"BALTIC OVERLANDERS\",\"description\":\"Your one-stop shop in Latvia, Estonia, and Lithuania for all your car camping, rooftop tent and accessory needs.\",\"potentialAction\":[{\"@type\":\"SearchAction\",\"target\":{\"@type\":\"EntryPoint\",\"urlTemplate\":\"https:\\\/\\\/balticoverlanders.eu\\\/sv\\\/?s={search_term_string}\"},\"query-input\":{\"@type\":\"PropertyValueSpecification\",\"valueRequired\":true,\"valueName\":\"search_term_string\"}}],\"inLanguage\":\"sv-SE\"}]}<\/script>\n<!-- \/ Yoast SEO plugin. -->","yoast_head_json":{"title":"Dometic GO Compact Campingstol - BALTIC OVERLANDERS","description":"Dometics CMP C1 Compact Camp Chair erbjuder bekv\u00e4ma, b\u00e4rbara sittplatser f\u00f6r att \u00e4ta, l\u00e4sa, underh\u00e5lla och helt enkelt njuta av utomhuslivet.","robots":{"index":"index","follow":"follow","max-snippet":"max-snippet:-1","max-image-preview":"max-image-preview:large","max-video-preview":"max-video-preview:-1"},"canonical":"https:\/\/balticoverlanders.eu\/sv\/produkt\/dometic-go-compact-campingstol\/","og_locale":"sv_SE","og_type":"article","og_title":"Dometic GO Compact Campingstol - BALTIC OVERLANDERS","og_description":"Dometics CMP C1 Compact Camp Chair erbjuder bekv\u00e4ma, b\u00e4rbara sittplatser f\u00f6r att \u00e4ta, l\u00e4sa, underh\u00e5lla och helt enkelt njuta av utomhuslivet.","og_url":"https:\/\/balticoverlanders.eu\/sv\/produkt\/dometic-go-compact-campingstol\/","og_site_name":"BALTIC OVERLANDERS","article_modified_time":"2024-05-06T19:41:54+00:00","og_image":[{"width":1363,"height":1200,"url":"https:\/\/balticoverlanders.eu\/wp-content\/uploads\/2024\/02\/chai012-chai014con.jpg","type":"image\/jpeg"}],"twitter_card":"summary_large_image","twitter_misc":{"Ber\u00e4knad l\u00e4stid":"1 minut"},"schema":{"@context":"https:\/\/schema.org","@graph":[{"@type":"WebPage","@id":"https:\/\/balticoverlanders.eu\/sv\/produkt\/dometic-go-compact-campingstol\/","url":"https:\/\/balticoverlanders.eu\/sv\/produkt\/dometic-go-compact-campingstol\/","name":"Dometic GO Compact Campingstol - BALTIC OVERLANDERS","isPartOf":{"@id":"https:\/\/balticoverlanders.eu\/sv\/#website"},"primaryImageOfPage":{"@id":"https:\/\/balticoverlanders.eu\/sv\/produkt\/dometic-go-compact-campingstol\/#primaryimage"},"image":{"@id":"https:\/\/balticoverlanders.eu\/sv\/produkt\/dometic-go-compact-campingstol\/#primaryimage"},"thumbnailUrl":"https:\/\/balticoverlanders.eu\/wp-content\/uploads\/2024\/02\/chai012-chai014con.jpg","datePublished":"2024-02-19T14:38:46+00:00","dateModified":"2024-05-06T19:41:54+00:00","description":"Dometics CMP C1 Compact Camp Chair erbjuder bekv\u00e4ma, b\u00e4rbara sittplatser f\u00f6r att \u00e4ta, l\u00e4sa, underh\u00e5lla och helt enkelt njuta av utomhuslivet.","breadcrumb":{"@id":"https:\/\/balticoverlanders.eu\/sv\/produkt\/dometic-go-compact-campingstol\/#breadcrumb"},"inLanguage":"sv-SE","potentialAction":[{"@type":"ReadAction","target":["https:\/\/balticoverlanders.eu\/sv\/produkt\/dometic-go-compact-campingstol\/"]}]},{"@type":"ImageObject","inLanguage":"sv-SE","@id":"https:\/\/balticoverlanders.eu\/sv\/produkt\/dometic-go-compact-campingstol\/#primaryimage","url":"https:\/\/balticoverlanders.eu\/wp-content\/uploads\/2024\/02\/chai012-chai014con.jpg","contentUrl":"https:\/\/balticoverlanders.eu\/wp-content\/uploads\/2024\/02\/chai012-chai014con.jpg","width":1363,"height":1200},{"@type":"BreadcrumbList","@id":"https:\/\/balticoverlanders.eu\/sv\/produkt\/dometic-go-compact-campingstol\/#breadcrumb","itemListElement":[{"@type":"ListItem","position":1,"name":"Home","item":"https:\/\/balticoverlanders.eu\/sv\/?page_id=30156"},{"@type":"ListItem","position":2,"name":"Butik","item":"https:\/\/balticoverlanders.eu\/sv\/?page_id=30894"},{"@type":"ListItem","position":3,"name":"Dometic GO Compact Campingstol"}]},{"@type":"WebSite","@id":"https:\/\/balticoverlanders.eu\/sv\/#website","url":"https:\/\/balticoverlanders.eu\/sv\/","name":"BALTIC OVERLANDERS","description":"Your one-stop shop in Latvia, Estonia, and Lithuania for all your car camping, rooftop tent and accessory needs.","potentialAction":[{"@type":"SearchAction","target":{"@type":"EntryPoint","urlTemplate":"https:\/\/balticoverlanders.eu\/sv\/?s={search_term_string}"},"query-input":{"@type":"PropertyValueSpecification","valueRequired":true,"valueName":"search_term_string"}}],"inLanguage":"sv-SE"}]}},"_links":{"self":[{"href":"https:\/\/balticoverlanders.eu\/sv\/wp-json\/wp\/v2\/product\/39299","targetHints":{"allow":["GET"]}}],"collection":[{"href":"https:\/\/balticoverlanders.eu\/sv\/wp-json\/wp\/v2\/product"}],"about":[{"href":"https:\/\/balticoverlanders.eu\/sv\/wp-json\/wp\/v2\/types\/product"}],"wp:featuredmedia":[{"embeddable":true,"href":"https:\/\/balticoverlanders.eu\/sv\/wp-json\/wp\/v2\/media\/31410"}],"wp:attachment":[{"href":"https:\/\/balticoverlanders.eu\/sv\/wp-json\/wp\/v2\/media?parent=39299"}],"wp:term":[{"taxonomy":"product_brand","embeddable":true,"href":"https:\/\/balticoverlanders.eu\/sv\/wp-json\/wp\/v2\/product_brand?post=39299"},{"taxonomy":"product_cat","embeddable":true,"href":"https:\/\/balticoverlanders.eu\/sv\/wp-json\/wp\/v2\/product_cat?post=39299"},{"taxonomy":"product_tag","embeddable":true,"href":"https:\/\/balticoverlanders.eu\/sv\/wp-json\/wp\/v2\/product_tag?post=39299"}],"curies":[{"name":"wp","href":"https:\/\/api.w.org\/{rel}","templated":true}]}}