{"id":39407,"date":"2024-02-13T16:33:02","date_gmt":"2024-02-13T14:33:02","guid":{"rendered":"https:\/\/balticoverlanders.eu\/product\/dometic-cfx3-fastsats-for-ci-och-patrol-isboxar-och-andra-dometic-kylskap\/"},"modified":"2024-05-06T22:42:25","modified_gmt":"2024-05-06T19:42:25","slug":"dometic-cfx3-fastsats-for-ci-och-patrol-isboxar-och-andra-dometic-kylskap","status":"publish","type":"product","link":"https:\/\/balticoverlanders.eu\/sv\/produkt\/dometic-cfx3-fastsats-for-ci-och-patrol-isboxar-och-andra-dometic-kylskap\/","title":{"rendered":"Dometic CFX3 F\u00e4stsats f\u00f6r CI- och Patrol-isboxar och andra Dometic-kylsk\u00e5p"},"content":{"rendered":"<p>Se till att din Dometic-isbox sitter s\u00e4kert p\u00e5 plats med Dometic CI-f\u00e4stsats. Den h\u00e4r robusta satsen \u00e4r s\u00e4rskilt utformad f\u00f6r att h\u00e5lla din CI Icebox stabil, oavsett om du \u00e4r p\u00e5 spr\u00e5ng eller st\u00e5r stilla. Med kraftiga remmar och f\u00f6rankringspunkter med l\u00e5g profil kan du lita p\u00e5 att din isbox sitter s\u00e4kert fast, vilket ger sinnesfrid under dina utomhus\u00e4ventyr.<\/p>\n<p><strong>Viktiga egenskaper:<\/strong><\/p>\n<ul>\n<li><strong>L\u00e4mplig f\u00f6r CI-isboxar:<\/strong> Skr\u00e4ddarsydd f\u00f6r att passa s\u00f6ml\u00f6st med Dometics CI-isboxar, vilket garanterar perfekt passform och maximal stabilitet.<\/li>\n<li><strong>Kraftiga remmar:<\/strong> De kraftiga remmarna \u00e4r tillverkade av slitstarka material och ger ett tillf\u00f6rlitligt st\u00f6d som h\u00e5ller isboxen s\u00e4kert p\u00e5 plats \u00e4ven under skumpiga resor eller i tuff terr\u00e4ng.<\/li>\n<li><strong>F\u00f6rankringspunkter med l\u00e5g profil:<\/strong> F\u00f6rankringspunkterna \u00e4r utformade med bekv\u00e4mlighet och funktionalitet i \u00e5tanke och \u00e4r diskreta men \u00e4nd\u00e5 effektiva, vilket ger en s\u00e4ker f\u00e4stl\u00f6sning utan att vara skrymmande eller hindrande.<\/li>\n<\/ul>\n<p>Kompromissa inte med s\u00e4kerheten och tryggheten f\u00f6r din Dometic frysbox. Investera i Dometic CI Fixing Kit och res bekymmersfritt med vetskapen om att din isbox \u00e4r ordentligt f\u00f6rankrad p\u00e5 plats, redo att h\u00e5lla dina f\u00f6rn\u00f6denheter svala vart \u00e4n dina \u00e4ventyr tar dig.<\/p>\n","protected":false},"excerpt":{"rendered":"<p>Dometic CI-fixeringssats h\u00e5ller Dometics frysboxar s\u00e4kert p\u00e5 plats.<\/p>\n","protected":false},"featured_media":31305,"template":"","meta":[],"product_brand":[],"product_cat":[531,579,580],"product_tag":[],"class_list":{"0":"post-39407","1":"product","2":"type-product","3":"status-publish","4":"has-post-thumbnail","6":"product_cat-dometic-sv","7":"product_cat-kylare","8":"product_cat-tillbehor","10":"first","11":"onbackorder","12":"taxable","13":"shipping-taxable","14":"purchasable","15":"product-type-simple"},"yoast_head":"<!-- This site is optimized with the Yoast SEO plugin v27.3 - https:\/\/yoast.com\/product\/yoast-seo-wordpress\/ -->\n<title>Dometic CFX3 F\u00e4stsats f\u00f6r CI- och Patrol-isboxar och andra Dometic-kylsk\u00e5p - BALTIC OVERLANDERS<\/title>\n<meta name=\"description\" content=\"Dometic CI-f\u00e4stsats h\u00e5ller Dometics frysboxar s\u00e4kert p\u00e5 plats.\" \/>\n<meta name=\"robots\" content=\"index, follow, max-snippet:-1, max-image-preview:large, max-video-preview:-1\" \/>\n<link rel=\"canonical\" href=\"https:\/\/balticoverlanders.eu\/sv\/produkt\/dometic-cfx3-fastsats-for-ci-och-patrol-isboxar-och-andra-dometic-kylskap\/\" \/>\n<meta property=\"og:locale\" content=\"sv_SE\" \/>\n<meta property=\"og:type\" content=\"article\" \/>\n<meta property=\"og:title\" content=\"Dometic CFX3 F\u00e4stsats f\u00f6r CI- och Patrol-isboxar och andra Dometic-kylsk\u00e5p - BALTIC OVERLANDERS\" \/>\n<meta property=\"og:description\" content=\"Dometic CI-f\u00e4stsats h\u00e5ller Dometics frysboxar s\u00e4kert p\u00e5 plats.\" \/>\n<meta property=\"og:url\" content=\"https:\/\/balticoverlanders.eu\/sv\/produkt\/dometic-cfx3-fastsats-for-ci-och-patrol-isboxar-och-andra-dometic-kylskap\/\" \/>\n<meta property=\"og:site_name\" content=\"BALTIC OVERLANDERS\" \/>\n<meta property=\"article:modified_time\" content=\"2024-05-06T19:42:25+00:00\" \/>\n<meta property=\"og:image\" content=\"https:\/\/balticoverlanders.eu\/wp-content\/uploads\/2024\/02\/wci-ci-accessories_9108400905_51499.png\" \/>\n\t<meta property=\"og:image:width\" content=\"640\" \/>\n\t<meta property=\"og:image:height\" content=\"640\" \/>\n\t<meta property=\"og:image:type\" content=\"image\/png\" \/>\n<meta name=\"twitter:card\" content=\"summary_large_image\" \/>\n<meta name=\"twitter:label1\" content=\"Ber\u00e4knad l\u00e4stid\" \/>\n\t<meta name=\"twitter:data1\" content=\"1 minut\" \/>\n<script type=\"application\/ld+json\" class=\"yoast-schema-graph\">{\"@context\":\"https:\\\/\\\/schema.org\",\"@graph\":[{\"@type\":\"WebPage\",\"@id\":\"https:\\\/\\\/balticoverlanders.eu\\\/sv\\\/produkt\\\/dometic-cfx3-fastsats-for-ci-och-patrol-isboxar-och-andra-dometic-kylskap\\\/\",\"url\":\"https:\\\/\\\/balticoverlanders.eu\\\/sv\\\/produkt\\\/dometic-cfx3-fastsats-for-ci-och-patrol-isboxar-och-andra-dometic-kylskap\\\/\",\"name\":\"Dometic CFX3 F\u00e4stsats f\u00f6r CI- och Patrol-isboxar och andra Dometic-kylsk\u00e5p - BALTIC OVERLANDERS\",\"isPartOf\":{\"@id\":\"https:\\\/\\\/balticoverlanders.eu\\\/sv\\\/#website\"},\"primaryImageOfPage\":{\"@id\":\"https:\\\/\\\/balticoverlanders.eu\\\/sv\\\/produkt\\\/dometic-cfx3-fastsats-for-ci-och-patrol-isboxar-och-andra-dometic-kylskap\\\/#primaryimage\"},\"image\":{\"@id\":\"https:\\\/\\\/balticoverlanders.eu\\\/sv\\\/produkt\\\/dometic-cfx3-fastsats-for-ci-och-patrol-isboxar-och-andra-dometic-kylskap\\\/#primaryimage\"},\"thumbnailUrl\":\"https:\\\/\\\/balticoverlanders.eu\\\/wp-content\\\/uploads\\\/2024\\\/02\\\/wci-ci-accessories_9108400905_51499.png\",\"datePublished\":\"2024-02-13T14:33:02+00:00\",\"dateModified\":\"2024-05-06T19:42:25+00:00\",\"description\":\"Dometic CI-f\u00e4stsats h\u00e5ller Dometics frysboxar s\u00e4kert p\u00e5 plats.\",\"breadcrumb\":{\"@id\":\"https:\\\/\\\/balticoverlanders.eu\\\/sv\\\/produkt\\\/dometic-cfx3-fastsats-for-ci-och-patrol-isboxar-och-andra-dometic-kylskap\\\/#breadcrumb\"},\"inLanguage\":\"sv-SE\",\"potentialAction\":[{\"@type\":\"ReadAction\",\"target\":[\"https:\\\/\\\/balticoverlanders.eu\\\/sv\\\/produkt\\\/dometic-cfx3-fastsats-for-ci-och-patrol-isboxar-och-andra-dometic-kylskap\\\/\"]}]},{\"@type\":\"ImageObject\",\"inLanguage\":\"sv-SE\",\"@id\":\"https:\\\/\\\/balticoverlanders.eu\\\/sv\\\/produkt\\\/dometic-cfx3-fastsats-for-ci-och-patrol-isboxar-och-andra-dometic-kylskap\\\/#primaryimage\",\"url\":\"https:\\\/\\\/balticoverlanders.eu\\\/wp-content\\\/uploads\\\/2024\\\/02\\\/wci-ci-accessories_9108400905_51499.png\",\"contentUrl\":\"https:\\\/\\\/balticoverlanders.eu\\\/wp-content\\\/uploads\\\/2024\\\/02\\\/wci-ci-accessories_9108400905_51499.png\",\"width\":640,\"height\":640},{\"@type\":\"BreadcrumbList\",\"@id\":\"https:\\\/\\\/balticoverlanders.eu\\\/sv\\\/produkt\\\/dometic-cfx3-fastsats-for-ci-och-patrol-isboxar-och-andra-dometic-kylskap\\\/#breadcrumb\",\"itemListElement\":[{\"@type\":\"ListItem\",\"position\":1,\"name\":\"Home\",\"item\":\"https:\\\/\\\/balticoverlanders.eu\\\/sv\\\/?page_id=30156\"},{\"@type\":\"ListItem\",\"position\":2,\"name\":\"Butik\",\"item\":\"https:\\\/\\\/balticoverlanders.eu\\\/sv\\\/?page_id=30894\"},{\"@type\":\"ListItem\",\"position\":3,\"name\":\"Dometic CFX3 F\u00e4stsats f\u00f6r CI- och Patrol-isboxar och andra Dometic-kylsk\u00e5p\"}]},{\"@type\":\"WebSite\",\"@id\":\"https:\\\/\\\/balticoverlanders.eu\\\/sv\\\/#website\",\"url\":\"https:\\\/\\\/balticoverlanders.eu\\\/sv\\\/\",\"name\":\"BALTIC OVERLANDERS\",\"description\":\"Your one-stop shop in Latvia, Estonia, and Lithuania for all your car camping, rooftop tent and accessory needs.\",\"potentialAction\":[{\"@type\":\"SearchAction\",\"target\":{\"@type\":\"EntryPoint\",\"urlTemplate\":\"https:\\\/\\\/balticoverlanders.eu\\\/sv\\\/?s={search_term_string}\"},\"query-input\":{\"@type\":\"PropertyValueSpecification\",\"valueRequired\":true,\"valueName\":\"search_term_string\"}}],\"inLanguage\":\"sv-SE\"}]}<\/script>\n<!-- \/ Yoast SEO plugin. -->","yoast_head_json":{"title":"Dometic CFX3 F\u00e4stsats f\u00f6r CI- och Patrol-isboxar och andra Dometic-kylsk\u00e5p - BALTIC OVERLANDERS","description":"Dometic CI-f\u00e4stsats h\u00e5ller Dometics frysboxar s\u00e4kert p\u00e5 plats.","robots":{"index":"index","follow":"follow","max-snippet":"max-snippet:-1","max-image-preview":"max-image-preview:large","max-video-preview":"max-video-preview:-1"},"canonical":"https:\/\/balticoverlanders.eu\/sv\/produkt\/dometic-cfx3-fastsats-for-ci-och-patrol-isboxar-och-andra-dometic-kylskap\/","og_locale":"sv_SE","og_type":"article","og_title":"Dometic CFX3 F\u00e4stsats f\u00f6r CI- och Patrol-isboxar och andra Dometic-kylsk\u00e5p - BALTIC OVERLANDERS","og_description":"Dometic CI-f\u00e4stsats h\u00e5ller Dometics frysboxar s\u00e4kert p\u00e5 plats.","og_url":"https:\/\/balticoverlanders.eu\/sv\/produkt\/dometic-cfx3-fastsats-for-ci-och-patrol-isboxar-och-andra-dometic-kylskap\/","og_site_name":"BALTIC OVERLANDERS","article_modified_time":"2024-05-06T19:42:25+00:00","og_image":[{"width":640,"height":640,"url":"https:\/\/balticoverlanders.eu\/wp-content\/uploads\/2024\/02\/wci-ci-accessories_9108400905_51499.png","type":"image\/png"}],"twitter_card":"summary_large_image","twitter_misc":{"Ber\u00e4knad l\u00e4stid":"1 minut"},"schema":{"@context":"https:\/\/schema.org","@graph":[{"@type":"WebPage","@id":"https:\/\/balticoverlanders.eu\/sv\/produkt\/dometic-cfx3-fastsats-for-ci-och-patrol-isboxar-och-andra-dometic-kylskap\/","url":"https:\/\/balticoverlanders.eu\/sv\/produkt\/dometic-cfx3-fastsats-for-ci-och-patrol-isboxar-och-andra-dometic-kylskap\/","name":"Dometic CFX3 F\u00e4stsats f\u00f6r CI- och Patrol-isboxar och andra Dometic-kylsk\u00e5p - BALTIC OVERLANDERS","isPartOf":{"@id":"https:\/\/balticoverlanders.eu\/sv\/#website"},"primaryImageOfPage":{"@id":"https:\/\/balticoverlanders.eu\/sv\/produkt\/dometic-cfx3-fastsats-for-ci-och-patrol-isboxar-och-andra-dometic-kylskap\/#primaryimage"},"image":{"@id":"https:\/\/balticoverlanders.eu\/sv\/produkt\/dometic-cfx3-fastsats-for-ci-och-patrol-isboxar-och-andra-dometic-kylskap\/#primaryimage"},"thumbnailUrl":"https:\/\/balticoverlanders.eu\/wp-content\/uploads\/2024\/02\/wci-ci-accessories_9108400905_51499.png","datePublished":"2024-02-13T14:33:02+00:00","dateModified":"2024-05-06T19:42:25+00:00","description":"Dometic CI-f\u00e4stsats h\u00e5ller Dometics frysboxar s\u00e4kert p\u00e5 plats.","breadcrumb":{"@id":"https:\/\/balticoverlanders.eu\/sv\/produkt\/dometic-cfx3-fastsats-for-ci-och-patrol-isboxar-och-andra-dometic-kylskap\/#breadcrumb"},"inLanguage":"sv-SE","potentialAction":[{"@type":"ReadAction","target":["https:\/\/balticoverlanders.eu\/sv\/produkt\/dometic-cfx3-fastsats-for-ci-och-patrol-isboxar-och-andra-dometic-kylskap\/"]}]},{"@type":"ImageObject","inLanguage":"sv-SE","@id":"https:\/\/balticoverlanders.eu\/sv\/produkt\/dometic-cfx3-fastsats-for-ci-och-patrol-isboxar-och-andra-dometic-kylskap\/#primaryimage","url":"https:\/\/balticoverlanders.eu\/wp-content\/uploads\/2024\/02\/wci-ci-accessories_9108400905_51499.png","contentUrl":"https:\/\/balticoverlanders.eu\/wp-content\/uploads\/2024\/02\/wci-ci-accessories_9108400905_51499.png","width":640,"height":640},{"@type":"BreadcrumbList","@id":"https:\/\/balticoverlanders.eu\/sv\/produkt\/dometic-cfx3-fastsats-for-ci-och-patrol-isboxar-och-andra-dometic-kylskap\/#breadcrumb","itemListElement":[{"@type":"ListItem","position":1,"name":"Home","item":"https:\/\/balticoverlanders.eu\/sv\/?page_id=30156"},{"@type":"ListItem","position":2,"name":"Butik","item":"https:\/\/balticoverlanders.eu\/sv\/?page_id=30894"},{"@type":"ListItem","position":3,"name":"Dometic CFX3 F\u00e4stsats f\u00f6r CI- och Patrol-isboxar och andra Dometic-kylsk\u00e5p"}]},{"@type":"WebSite","@id":"https:\/\/balticoverlanders.eu\/sv\/#website","url":"https:\/\/balticoverlanders.eu\/sv\/","name":"BALTIC OVERLANDERS","description":"Your one-stop shop in Latvia, Estonia, and Lithuania for all your car camping, rooftop tent and accessory needs.","potentialAction":[{"@type":"SearchAction","target":{"@type":"EntryPoint","urlTemplate":"https:\/\/balticoverlanders.eu\/sv\/?s={search_term_string}"},"query-input":{"@type":"PropertyValueSpecification","valueRequired":true,"valueName":"search_term_string"}}],"inLanguage":"sv-SE"}]}},"_links":{"self":[{"href":"https:\/\/balticoverlanders.eu\/sv\/wp-json\/wp\/v2\/product\/39407","targetHints":{"allow":["GET"]}}],"collection":[{"href":"https:\/\/balticoverlanders.eu\/sv\/wp-json\/wp\/v2\/product"}],"about":[{"href":"https:\/\/balticoverlanders.eu\/sv\/wp-json\/wp\/v2\/types\/product"}],"wp:featuredmedia":[{"embeddable":true,"href":"https:\/\/balticoverlanders.eu\/sv\/wp-json\/wp\/v2\/media\/31305"}],"wp:attachment":[{"href":"https:\/\/balticoverlanders.eu\/sv\/wp-json\/wp\/v2\/media?parent=39407"}],"wp:term":[{"taxonomy":"product_brand","embeddable":true,"href":"https:\/\/balticoverlanders.eu\/sv\/wp-json\/wp\/v2\/product_brand?post=39407"},{"taxonomy":"product_cat","embeddable":true,"href":"https:\/\/balticoverlanders.eu\/sv\/wp-json\/wp\/v2\/product_cat?post=39407"},{"taxonomy":"product_tag","embeddable":true,"href":"https:\/\/balticoverlanders.eu\/sv\/wp-json\/wp\/v2\/product_tag?post=39407"}],"curies":[{"name":"wp","href":"https:\/\/api.w.org\/{rel}","templated":true}]}}