{"id":39444,"date":"2024-02-12T16:05:00","date_gmt":"2024-02-12T14:05:00","guid":{"rendered":"https:\/\/balticoverlanders.eu\/product\/dometic-cfx3-45-barbar-kompressorkylbox-46-l\/"},"modified":"2024-05-06T22:42:42","modified_gmt":"2024-05-06T19:42:42","slug":"dometic-cfx3-45-barbar-kompressorkylbox-46-l","status":"publish","type":"product","link":"https:\/\/balticoverlanders.eu\/sv\/produkt\/dometic-cfx3-45-barbar-kompressorkylbox-46-l\/","title":{"rendered":"Dometic CFX3 45 B\u00e4rbar kompressorkylbox, 46 l"},"content":{"rendered":"<p><strong>Vi presenterar Dometic CFX3: Din ultimata kraftfulla kylbox<\/strong><\/p>\n<p><strong>1. \u00d6verl\u00e4gsen kapacitet<\/strong><\/p>\n<ul>\n<li>Den gener\u00f6sa totala volymen p\u00e5 46 liter ger gott om plats f\u00f6r all din favoritmat och dina favoritdrycker.<\/li>\n<\/ul>\n<p><strong>2. Robust konstruktion<\/strong><\/p>\n<ul>\n<li>Byggd f\u00f6r de tuffaste utomhus\u00e4ventyren, med kraftig ExoFrame-konstruktion med fenderramskyddade kanter och l\u00e4ttviktshandtag i aluminiumlegering.<\/li>\n<\/ul>\n<p><strong>3. Avancerad kylningsteknik<\/strong><\/p>\n<ul>\n<li>Upplev den kraftfulla VMSO3-kompressorkyltekniken, som effektivt kyler mellan +20 \u00b0C och -22 \u00b0C, s\u00e5 att dina varor h\u00e5ller sig fr\u00e4scha i alla milj\u00f6er.<\/li>\n<\/ul>\n<p><strong>4. Intuitiv styrning och \u00f6vervakning<\/strong><\/p>\n<ul>\n<li>Beh\u00e5ll kontrollen med den l\u00e4ttl\u00e4sta h\u00f6guppl\u00f6sta f\u00e4rgsk\u00e4rmen och de mjuka touchknapparna, som m\u00f6jligg\u00f6r s\u00f6ml\u00f6s styrning och \u00f6vervakning av kylarens prestanda.<\/li>\n<\/ul>\n<p><strong>5. Bekv\u00e4m mobilapp<\/strong><\/p>\n<ul>\n<li>Ta kontrollen var du \u00e4n befinner dig med CFX3-appen, som m\u00f6jligg\u00f6r temperaturjusteringar via WiFi eller Bluetooth och ger tillg\u00e5ng till prestandahistorik f\u00f6r optimal hantering.<\/li>\n<\/ul>\n<p><strong>6. Intelligent batteriskydd<\/strong><\/p>\n<ul>\n<li>Det dynamiska batteriskyddssystemet i 3 steg f\u00f6rhindrar att bilbatteriet laddas ur eller till\u00e5ter djup laddning av dubbla batterier, vilket ger tillf\u00f6rlitlig prestanda var du \u00e4n befinner dig.<\/li>\n<\/ul>\n<p><strong>7. F\u00f6rb\u00e4ttrad t\u00e4tning och effektivitet<\/strong><\/p>\n<ul>\n<li>Dra nytta av Active Gasket Technology, som ger en \u00f6verl\u00e4gsen t\u00e4tning f\u00f6r att h\u00e5lla kvar sval luft och minimera energif\u00f6rbrukningen, s\u00e5 att dina f\u00f6rem\u00e5l h\u00e5lls svalare l\u00e4ngre.<\/li>\n<\/ul>\n<p>Med Dometic CFX3 kan du \u00e5ka l\u00e4ngre, stanna l\u00e4ngre och uppleva mer p\u00e5 dina utomhus\u00e4ventyr.<\/p>\n","protected":false},"excerpt":{"rendered":"<p>Med den h\u00e4r ultimata kylboxen kan du ta med dig mer av den mat och dryck du \u00e4lskar, var du \u00e4n g\u00e5r. Den robusta konstruktionen \u00e4r byggd f\u00f6r tuff utomhusanv\u00e4ndning. Njut av kraftfull och effektiv kylning p\u00e5 ett bekv\u00e4mt s\u00e4tt tack vare en mobilapp som g\u00f6r att du kan styra din Dometic CFX3 med fingertopparna. \u00c5k l\u00e4ngre, stanna l\u00e4ngre och upplev mer.<\/p>\n","protected":false},"featured_media":31228,"template":"","meta":[],"product_brand":[],"product_cat":[531,579],"product_tag":[],"class_list":{"0":"post-39444","1":"product","2":"type-product","3":"status-publish","4":"has-post-thumbnail","6":"product_cat-dometic-sv","7":"product_cat-kylare","9":"first","10":"onbackorder","11":"taxable","12":"shipping-taxable","13":"purchasable","14":"product-type-simple"},"yoast_head":"<!-- This site is optimized with the Yoast SEO plugin v27.3 - https:\/\/yoast.com\/product\/yoast-seo-wordpress\/ -->\n<title>Dometic CFX3 45 B\u00e4rbar kompressorkylbox, 46 l - BALTIC OVERLANDERS<\/title>\n<meta name=\"description\" content=\"Njut av f\u00f6rstklassig kylning utomhus med Dometic CFX3 46L motoriserad kylbox. Robust konstruktion, sval effektivitet och app-komfort\" \/>\n<meta name=\"robots\" content=\"index, follow, max-snippet:-1, max-image-preview:large, max-video-preview:-1\" \/>\n<link rel=\"canonical\" href=\"https:\/\/balticoverlanders.eu\/sv\/produkt\/dometic-cfx3-45-barbar-kompressorkylbox-46-l\/\" \/>\n<meta property=\"og:locale\" content=\"sv_SE\" \/>\n<meta property=\"og:type\" content=\"article\" \/>\n<meta property=\"og:title\" content=\"Dometic CFX3 45 B\u00e4rbar kompressorkylbox, 46 l - BALTIC OVERLANDERS\" \/>\n<meta property=\"og:description\" content=\"Njut av f\u00f6rstklassig kylning utomhus med Dometic CFX3 46L motoriserad kylbox. Robust konstruktion, sval effektivitet och app-komfort\" \/>\n<meta property=\"og:url\" content=\"https:\/\/balticoverlanders.eu\/sv\/produkt\/dometic-cfx3-45-barbar-kompressorkylbox-46-l\/\" \/>\n<meta property=\"og:site_name\" content=\"BALTIC OVERLANDERS\" \/>\n<meta property=\"article:modified_time\" content=\"2024-05-06T19:42:42+00:00\" \/>\n<meta property=\"og:image\" content=\"https:\/\/balticoverlanders.eu\/wp-content\/uploads\/2024\/02\/cfx3-45-9600025326-p401_lowres.jpg\" \/>\n\t<meta property=\"og:image:width\" content=\"1024\" \/>\n\t<meta property=\"og:image:height\" content=\"768\" \/>\n\t<meta property=\"og:image:type\" content=\"image\/jpeg\" \/>\n<meta name=\"twitter:card\" content=\"summary_large_image\" \/>\n<meta name=\"twitter:label1\" content=\"Ber\u00e4knad l\u00e4stid\" \/>\n\t<meta name=\"twitter:data1\" content=\"1 minut\" \/>\n<script type=\"application\/ld+json\" class=\"yoast-schema-graph\">{\"@context\":\"https:\\\/\\\/schema.org\",\"@graph\":[{\"@type\":\"WebPage\",\"@id\":\"https:\\\/\\\/balticoverlanders.eu\\\/sv\\\/produkt\\\/dometic-cfx3-45-barbar-kompressorkylbox-46-l\\\/\",\"url\":\"https:\\\/\\\/balticoverlanders.eu\\\/sv\\\/produkt\\\/dometic-cfx3-45-barbar-kompressorkylbox-46-l\\\/\",\"name\":\"Dometic CFX3 45 B\u00e4rbar kompressorkylbox, 46 l - BALTIC OVERLANDERS\",\"isPartOf\":{\"@id\":\"https:\\\/\\\/balticoverlanders.eu\\\/sv\\\/#website\"},\"primaryImageOfPage\":{\"@id\":\"https:\\\/\\\/balticoverlanders.eu\\\/sv\\\/produkt\\\/dometic-cfx3-45-barbar-kompressorkylbox-46-l\\\/#primaryimage\"},\"image\":{\"@id\":\"https:\\\/\\\/balticoverlanders.eu\\\/sv\\\/produkt\\\/dometic-cfx3-45-barbar-kompressorkylbox-46-l\\\/#primaryimage\"},\"thumbnailUrl\":\"https:\\\/\\\/balticoverlanders.eu\\\/wp-content\\\/uploads\\\/2024\\\/02\\\/cfx3-45-9600025326-p401_lowres.jpg\",\"datePublished\":\"2024-02-12T14:05:00+00:00\",\"dateModified\":\"2024-05-06T19:42:42+00:00\",\"description\":\"Njut av f\u00f6rstklassig kylning utomhus med Dometic CFX3 46L motoriserad kylbox. Robust konstruktion, sval effektivitet och app-komfort\",\"breadcrumb\":{\"@id\":\"https:\\\/\\\/balticoverlanders.eu\\\/sv\\\/produkt\\\/dometic-cfx3-45-barbar-kompressorkylbox-46-l\\\/#breadcrumb\"},\"inLanguage\":\"sv-SE\",\"potentialAction\":[{\"@type\":\"ReadAction\",\"target\":[\"https:\\\/\\\/balticoverlanders.eu\\\/sv\\\/produkt\\\/dometic-cfx3-45-barbar-kompressorkylbox-46-l\\\/\"]}]},{\"@type\":\"ImageObject\",\"inLanguage\":\"sv-SE\",\"@id\":\"https:\\\/\\\/balticoverlanders.eu\\\/sv\\\/produkt\\\/dometic-cfx3-45-barbar-kompressorkylbox-46-l\\\/#primaryimage\",\"url\":\"https:\\\/\\\/balticoverlanders.eu\\\/wp-content\\\/uploads\\\/2024\\\/02\\\/cfx3-45-9600025326-p401_lowres.jpg\",\"contentUrl\":\"https:\\\/\\\/balticoverlanders.eu\\\/wp-content\\\/uploads\\\/2024\\\/02\\\/cfx3-45-9600025326-p401_lowres.jpg\",\"width\":1024,\"height\":768},{\"@type\":\"BreadcrumbList\",\"@id\":\"https:\\\/\\\/balticoverlanders.eu\\\/sv\\\/produkt\\\/dometic-cfx3-45-barbar-kompressorkylbox-46-l\\\/#breadcrumb\",\"itemListElement\":[{\"@type\":\"ListItem\",\"position\":1,\"name\":\"Home\",\"item\":\"https:\\\/\\\/balticoverlanders.eu\\\/sv\\\/?page_id=30156\"},{\"@type\":\"ListItem\",\"position\":2,\"name\":\"Butik\",\"item\":\"https:\\\/\\\/balticoverlanders.eu\\\/sv\\\/?page_id=30894\"},{\"@type\":\"ListItem\",\"position\":3,\"name\":\"Dometic CFX3 45 B\u00e4rbar kompressorkylbox, 46 l\"}]},{\"@type\":\"WebSite\",\"@id\":\"https:\\\/\\\/balticoverlanders.eu\\\/sv\\\/#website\",\"url\":\"https:\\\/\\\/balticoverlanders.eu\\\/sv\\\/\",\"name\":\"BALTIC OVERLANDERS\",\"description\":\"Your one-stop shop in Latvia, Estonia, and Lithuania for all your car camping, rooftop tent and accessory needs.\",\"potentialAction\":[{\"@type\":\"SearchAction\",\"target\":{\"@type\":\"EntryPoint\",\"urlTemplate\":\"https:\\\/\\\/balticoverlanders.eu\\\/sv\\\/?s={search_term_string}\"},\"query-input\":{\"@type\":\"PropertyValueSpecification\",\"valueRequired\":true,\"valueName\":\"search_term_string\"}}],\"inLanguage\":\"sv-SE\"}]}<\/script>\n<!-- \/ Yoast SEO plugin. -->","yoast_head_json":{"title":"Dometic CFX3 45 B\u00e4rbar kompressorkylbox, 46 l - BALTIC OVERLANDERS","description":"Njut av f\u00f6rstklassig kylning utomhus med Dometic CFX3 46L motoriserad kylbox. Robust konstruktion, sval effektivitet och app-komfort","robots":{"index":"index","follow":"follow","max-snippet":"max-snippet:-1","max-image-preview":"max-image-preview:large","max-video-preview":"max-video-preview:-1"},"canonical":"https:\/\/balticoverlanders.eu\/sv\/produkt\/dometic-cfx3-45-barbar-kompressorkylbox-46-l\/","og_locale":"sv_SE","og_type":"article","og_title":"Dometic CFX3 45 B\u00e4rbar kompressorkylbox, 46 l - BALTIC OVERLANDERS","og_description":"Njut av f\u00f6rstklassig kylning utomhus med Dometic CFX3 46L motoriserad kylbox. Robust konstruktion, sval effektivitet och app-komfort","og_url":"https:\/\/balticoverlanders.eu\/sv\/produkt\/dometic-cfx3-45-barbar-kompressorkylbox-46-l\/","og_site_name":"BALTIC OVERLANDERS","article_modified_time":"2024-05-06T19:42:42+00:00","og_image":[{"width":1024,"height":768,"url":"https:\/\/balticoverlanders.eu\/wp-content\/uploads\/2024\/02\/cfx3-45-9600025326-p401_lowres.jpg","type":"image\/jpeg"}],"twitter_card":"summary_large_image","twitter_misc":{"Ber\u00e4knad l\u00e4stid":"1 minut"},"schema":{"@context":"https:\/\/schema.org","@graph":[{"@type":"WebPage","@id":"https:\/\/balticoverlanders.eu\/sv\/produkt\/dometic-cfx3-45-barbar-kompressorkylbox-46-l\/","url":"https:\/\/balticoverlanders.eu\/sv\/produkt\/dometic-cfx3-45-barbar-kompressorkylbox-46-l\/","name":"Dometic CFX3 45 B\u00e4rbar kompressorkylbox, 46 l - BALTIC OVERLANDERS","isPartOf":{"@id":"https:\/\/balticoverlanders.eu\/sv\/#website"},"primaryImageOfPage":{"@id":"https:\/\/balticoverlanders.eu\/sv\/produkt\/dometic-cfx3-45-barbar-kompressorkylbox-46-l\/#primaryimage"},"image":{"@id":"https:\/\/balticoverlanders.eu\/sv\/produkt\/dometic-cfx3-45-barbar-kompressorkylbox-46-l\/#primaryimage"},"thumbnailUrl":"https:\/\/balticoverlanders.eu\/wp-content\/uploads\/2024\/02\/cfx3-45-9600025326-p401_lowres.jpg","datePublished":"2024-02-12T14:05:00+00:00","dateModified":"2024-05-06T19:42:42+00:00","description":"Njut av f\u00f6rstklassig kylning utomhus med Dometic CFX3 46L motoriserad kylbox. Robust konstruktion, sval effektivitet och app-komfort","breadcrumb":{"@id":"https:\/\/balticoverlanders.eu\/sv\/produkt\/dometic-cfx3-45-barbar-kompressorkylbox-46-l\/#breadcrumb"},"inLanguage":"sv-SE","potentialAction":[{"@type":"ReadAction","target":["https:\/\/balticoverlanders.eu\/sv\/produkt\/dometic-cfx3-45-barbar-kompressorkylbox-46-l\/"]}]},{"@type":"ImageObject","inLanguage":"sv-SE","@id":"https:\/\/balticoverlanders.eu\/sv\/produkt\/dometic-cfx3-45-barbar-kompressorkylbox-46-l\/#primaryimage","url":"https:\/\/balticoverlanders.eu\/wp-content\/uploads\/2024\/02\/cfx3-45-9600025326-p401_lowres.jpg","contentUrl":"https:\/\/balticoverlanders.eu\/wp-content\/uploads\/2024\/02\/cfx3-45-9600025326-p401_lowres.jpg","width":1024,"height":768},{"@type":"BreadcrumbList","@id":"https:\/\/balticoverlanders.eu\/sv\/produkt\/dometic-cfx3-45-barbar-kompressorkylbox-46-l\/#breadcrumb","itemListElement":[{"@type":"ListItem","position":1,"name":"Home","item":"https:\/\/balticoverlanders.eu\/sv\/?page_id=30156"},{"@type":"ListItem","position":2,"name":"Butik","item":"https:\/\/balticoverlanders.eu\/sv\/?page_id=30894"},{"@type":"ListItem","position":3,"name":"Dometic CFX3 45 B\u00e4rbar kompressorkylbox, 46 l"}]},{"@type":"WebSite","@id":"https:\/\/balticoverlanders.eu\/sv\/#website","url":"https:\/\/balticoverlanders.eu\/sv\/","name":"BALTIC OVERLANDERS","description":"Your one-stop shop in Latvia, Estonia, and Lithuania for all your car camping, rooftop tent and accessory needs.","potentialAction":[{"@type":"SearchAction","target":{"@type":"EntryPoint","urlTemplate":"https:\/\/balticoverlanders.eu\/sv\/?s={search_term_string}"},"query-input":{"@type":"PropertyValueSpecification","valueRequired":true,"valueName":"search_term_string"}}],"inLanguage":"sv-SE"}]}},"_links":{"self":[{"href":"https:\/\/balticoverlanders.eu\/sv\/wp-json\/wp\/v2\/product\/39444","targetHints":{"allow":["GET"]}}],"collection":[{"href":"https:\/\/balticoverlanders.eu\/sv\/wp-json\/wp\/v2\/product"}],"about":[{"href":"https:\/\/balticoverlanders.eu\/sv\/wp-json\/wp\/v2\/types\/product"}],"wp:featuredmedia":[{"embeddable":true,"href":"https:\/\/balticoverlanders.eu\/sv\/wp-json\/wp\/v2\/media\/31228"}],"wp:attachment":[{"href":"https:\/\/balticoverlanders.eu\/sv\/wp-json\/wp\/v2\/media?parent=39444"}],"wp:term":[{"taxonomy":"product_brand","embeddable":true,"href":"https:\/\/balticoverlanders.eu\/sv\/wp-json\/wp\/v2\/product_brand?post=39444"},{"taxonomy":"product_cat","embeddable":true,"href":"https:\/\/balticoverlanders.eu\/sv\/wp-json\/wp\/v2\/product_cat?post=39444"},{"taxonomy":"product_tag","embeddable":true,"href":"https:\/\/balticoverlanders.eu\/sv\/wp-json\/wp\/v2\/product_tag?post=39444"}],"curies":[{"name":"wp","href":"https:\/\/api.w.org\/{rel}","templated":true}]}}