{"id":39445,"date":"2024-02-13T17:09:46","date_gmt":"2024-02-13T15:09:46","guid":{"rendered":"https:\/\/balticoverlanders.eu\/product\/dometic-go-hydration-vattenkanna-11l\/"},"modified":"2024-05-06T22:42:43","modified_gmt":"2024-05-06T19:42:43","slug":"dometic-go-hydration-vattenkanna-11l","status":"publish","type":"product","link":"https:\/\/balticoverlanders.eu\/sv\/produkt\/dometic-go-hydration-vattenkanna-11l\/","title":{"rendered":"Dometic GO Hydration Vattenkanna 11L"},"content":{"rendered":"<div class=\"w-full text-token-text-primary\" data-testid=\"conversation-turn-3\">\n<div class=\"px-4 py-2 justify-center text-base md:gap-6 m-auto\">\n<div class=\"flex flex-1 text-base mx-auto gap-3 md:px-5 lg:px-1 xl:px-5 md:max-w-3xl lg:max-w-[40rem] xl:max-w-[48rem] group final-completion\">\n<div class=\"relative flex w-full flex-col agent-turn\">\n<div class=\"flex-col gap-1 md:gap-3\">\n<div class=\"flex flex-grow flex-col max-w-full\">\n<div class=\"min-h-[20px] text-message flex flex-col items-start gap-3 whitespace-pre-wrap break-words [.text-message+&amp;]:mt-5 overflow-x-auto\" data-message-author-role=\"assistant\" data-message-id=\"1d1e59ca-7415-4ce4-ad6e-b742e75fc7e0\">\n<div class=\"markdown prose w-full break-words dark:prose-invert dark\">\n<p><strong>Vi presenterar Dometic GO Hydration vattenkanna 11L<\/strong><\/p>\n<p>H\u00e5ll v\u00e4tskebalansen uppe oavsett vart dina \u00e4ventyr tar dig med Dometic HYD J11 Hydration Water Jug 11L. Denna vattenkanna \u00e4r utformad f\u00f6r bekv\u00e4mlighet och h\u00e5llbarhet och \u00e4r en viktig f\u00f6ljeslagare f\u00f6r camping, utomhusaktiviteter eller f\u00f6r att ha i bilen f\u00f6r n\u00f6dsituationer.<\/p>\n<p><strong>Funktioner:<\/strong><\/p>\n<ul>\n<li><strong>Volymmaximerande design:<\/strong> Till skillnad fr\u00e5n vanliga 10-litersbeh\u00e5llare rymmer v\u00e5r vattenkanna hela 11 liter, vilket g\u00f6r att du har gott om vatten var du \u00e4n g\u00e5r.<\/li>\n<li><strong>Flera dispenseringsalternativ:<\/strong> Utrustad med tv\u00e5 \u00f6ppningar f\u00f6r enkel fyllning, dispensering och reng\u00f6ring, vilket g\u00f6r v\u00e4tskeintaget problemfritt.<\/li>\n<li><strong>L\u00e4tt att transportera:<\/strong> Utformad f\u00f6r att passa perfekt i utrymmet bakom bilens hjulhus och med bekv\u00e4ma, avtagbara b\u00e4rhandtag f\u00f6r enkel transport fr\u00e5n bil till campingplats.<\/li>\n<li><strong>Robust konstruktion:<\/strong> Tillverkad av BPA-fri, livsmedelsgodk\u00e4nd LDPE f\u00f6r s\u00e4kerhet och h\u00e5llbarhet, vilket s\u00e4kerst\u00e4ller att ditt vatten f\u00f6rblir rent och fr\u00e4scht.<\/li>\n<li><strong>M\u00e5ngsidiga anslutningsm\u00f6jligheter:<\/strong> Inkluderar en tapp och snabbkoppling f\u00f6r tillbeh\u00f6r, vilket g\u00f6r att du kan anpassa din v\u00e4tskeupplevelse.<\/li>\n<li><strong>Kompatibel med vattenkranen<\/strong> f\u00f6r hydrering: Integreras s\u00f6ml\u00f6st med vattenkranen f\u00f6r hydrering f\u00f6r \u00f6kad bekv\u00e4mlighet och funktionalitet.<\/li>\n<\/ul>\n<p>Oavsett om du campar, vandrar eller bara \u00e4r p\u00e5 spr\u00e5ng \u00e4r Dometic GO Hydration Water Jug 11L en p\u00e5litlig l\u00f6sning f\u00f6r att h\u00e5lla dig hydrerad och uppfriskad.<\/p>\n<\/div>\n<\/div>\n<\/div>\n<div class=\"mt-1 flex justify-start gap-3 empty:hidden\">\n<div class=\"text-gray-400 flex self-end lg:self-center justify-center lg:justify-start mt-0 -ml-1 visible\">\n<p>&nbsp;<\/p>\n<div class=\"flex items-center gap-1.5 text-xs\"><\/div>\n<div class=\"flex\"><\/div>\n<\/div>\n<\/div>\n<\/div>\n<div class=\"absolute\">\n<div class=\"flex w-full gap-2 items-center justify-center\"><\/div>\n<\/div>\n<\/div>\n<\/div>\n<\/div>\n<\/div>\n<div class=\"mx-auto\">\n<div data-projection-id=\"53\">\n<div class=\"mx-auto mt-2 inline-flex rounded-xl border border-gray-100 dark:border-gray-700\"><\/div>\n<\/div>\n<\/div>\n","protected":false},"excerpt":{"rendered":"<p>Dometics HYD J11 Hydration Water Jug 11L g\u00f6r att du enkelt kan f\u00f6rvara och h\u00e4lla upp det vatten du beh\u00f6ver. F\u00f6rvara den i bilen eller p\u00e5 campingplatsen f\u00f6r en bekv\u00e4m och s\u00e4ker vattenf\u00f6rs\u00f6rjning p\u00e5 11 liter. Den robusta och h\u00e5llbara designen g\u00f6r den till en perfekt vattenkanna f\u00f6r camping eller andra utomhusaktiviteter.<\/p>\n","protected":false},"featured_media":31312,"template":"","meta":[],"product_brand":[],"product_cat":[531,543],"product_tag":[],"class_list":{"0":"post-39445","1":"product","2":"type-product","3":"status-publish","4":"has-post-thumbnail","6":"product_cat-dometic-sv","7":"product_cat-hydrering","9":"first","10":"onbackorder","11":"taxable","12":"shipping-taxable","13":"purchasable","14":"product-type-variable","15":"has-default-attributes"},"yoast_head":"<!-- This site is optimized with the Yoast SEO plugin v27.2 - https:\/\/yoast.com\/product\/yoast-seo-wordpress\/ -->\n<title>Dometic GO Hydration Vattenkanna 11L - BALTIC OVERLANDERS<\/title>\n<meta name=\"description\" content=\"Skaffa Dometics 11L Hydration Water Jug f\u00f6r bekv\u00e4m f\u00f6rvaring av vatten under utomhusaktiviteter. Robust design garanterar h\u00e5llbarhet f\u00f6r hydreringsbehov.\" \/>\n<meta name=\"robots\" content=\"index, follow, max-snippet:-1, max-image-preview:large, max-video-preview:-1\" \/>\n<link rel=\"canonical\" href=\"https:\/\/balticoverlanders.eu\/sv\/produkt\/dometic-go-hydration-vattenkanna-11l\/\" \/>\n<meta property=\"og:locale\" content=\"sv_SE\" \/>\n<meta property=\"og:type\" content=\"article\" \/>\n<meta property=\"og:title\" content=\"Dometic GO Hydration Vattenkanna 11L - BALTIC OVERLANDERS\" \/>\n<meta property=\"og:description\" content=\"Skaffa Dometics 11L Hydration Water Jug f\u00f6r bekv\u00e4m f\u00f6rvaring av vatten under utomhusaktiviteter. Robust design garanterar h\u00e5llbarhet f\u00f6r hydreringsbehov.\" \/>\n<meta property=\"og:url\" content=\"https:\/\/balticoverlanders.eu\/sv\/produkt\/dometic-go-hydration-vattenkanna-11l\/\" \/>\n<meta property=\"og:site_name\" content=\"BALTIC OVERLANDERS\" \/>\n<meta property=\"article:modified_time\" content=\"2024-05-06T19:42:43+00:00\" \/>\n<meta property=\"og:image\" content=\"https:\/\/balticoverlanders.eu\/wp-content\/uploads\/2024\/02\/wtan065-wtan067con.jpg\" \/>\n\t<meta property=\"og:image:width\" content=\"1242\" \/>\n\t<meta property=\"og:image:height\" content=\"1199\" \/>\n\t<meta property=\"og:image:type\" content=\"image\/jpeg\" \/>\n<meta name=\"twitter:card\" content=\"summary_large_image\" \/>\n<meta name=\"twitter:label1\" content=\"Ber\u00e4knad l\u00e4stid\" \/>\n\t<meta name=\"twitter:data1\" content=\"1 minut\" \/>\n<script type=\"application\/ld+json\" class=\"yoast-schema-graph\">{\"@context\":\"https:\/\/schema.org\",\"@graph\":[{\"@type\":\"WebPage\",\"@id\":\"https:\/\/balticoverlanders.eu\/sv\/produkt\/dometic-go-hydration-vattenkanna-11l\/\",\"url\":\"https:\/\/balticoverlanders.eu\/sv\/produkt\/dometic-go-hydration-vattenkanna-11l\/\",\"name\":\"Dometic GO Hydration Vattenkanna 11L - BALTIC OVERLANDERS\",\"isPartOf\":{\"@id\":\"https:\/\/balticoverlanders.eu\/sv\/#website\"},\"primaryImageOfPage\":{\"@id\":\"https:\/\/balticoverlanders.eu\/sv\/produkt\/dometic-go-hydration-vattenkanna-11l\/#primaryimage\"},\"image\":{\"@id\":\"https:\/\/balticoverlanders.eu\/sv\/produkt\/dometic-go-hydration-vattenkanna-11l\/#primaryimage\"},\"thumbnailUrl\":\"https:\/\/balticoverlanders.eu\/wp-content\/uploads\/2024\/02\/wtan065-wtan067con.jpg\",\"datePublished\":\"2024-02-13T15:09:46+00:00\",\"dateModified\":\"2024-05-06T19:42:43+00:00\",\"description\":\"Skaffa Dometics 11L Hydration Water Jug f\u00f6r bekv\u00e4m f\u00f6rvaring av vatten under utomhusaktiviteter. Robust design garanterar h\u00e5llbarhet f\u00f6r hydreringsbehov.\",\"breadcrumb\":{\"@id\":\"https:\/\/balticoverlanders.eu\/sv\/produkt\/dometic-go-hydration-vattenkanna-11l\/#breadcrumb\"},\"inLanguage\":\"sv-SE\",\"potentialAction\":[{\"@type\":\"ReadAction\",\"target\":[\"https:\/\/balticoverlanders.eu\/sv\/produkt\/dometic-go-hydration-vattenkanna-11l\/\"]}]},{\"@type\":\"ImageObject\",\"inLanguage\":\"sv-SE\",\"@id\":\"https:\/\/balticoverlanders.eu\/sv\/produkt\/dometic-go-hydration-vattenkanna-11l\/#primaryimage\",\"url\":\"https:\/\/balticoverlanders.eu\/wp-content\/uploads\/2024\/02\/wtan065-wtan067con.jpg\",\"contentUrl\":\"https:\/\/balticoverlanders.eu\/wp-content\/uploads\/2024\/02\/wtan065-wtan067con.jpg\",\"width\":1242,\"height\":1199},{\"@type\":\"BreadcrumbList\",\"@id\":\"https:\/\/balticoverlanders.eu\/sv\/produkt\/dometic-go-hydration-vattenkanna-11l\/#breadcrumb\",\"itemListElement\":[{\"@type\":\"ListItem\",\"position\":1,\"name\":\"Home\",\"item\":\"https:\/\/balticoverlanders.eu\/sv\/?page_id=30156\"},{\"@type\":\"ListItem\",\"position\":2,\"name\":\"Butik\",\"item\":\"https:\/\/balticoverlanders.eu\/sv\/?page_id=30894\"},{\"@type\":\"ListItem\",\"position\":3,\"name\":\"Dometic GO Hydration Vattenkanna 11L\"}]},{\"@type\":\"WebSite\",\"@id\":\"https:\/\/balticoverlanders.eu\/sv\/#website\",\"url\":\"https:\/\/balticoverlanders.eu\/sv\/\",\"name\":\"BALTIC OVERLANDERS\",\"description\":\"Your one-stop shop in Latvia, Estonia, and Lithuania for all your car camping, rooftop tent and accessory needs.\",\"potentialAction\":[{\"@type\":\"SearchAction\",\"target\":{\"@type\":\"EntryPoint\",\"urlTemplate\":\"https:\/\/balticoverlanders.eu\/sv\/?s={search_term_string}\"},\"query-input\":{\"@type\":\"PropertyValueSpecification\",\"valueRequired\":true,\"valueName\":\"search_term_string\"}}],\"inLanguage\":\"sv-SE\"}]}<\/script>\n<!-- \/ Yoast SEO plugin. -->","yoast_head_json":{"title":"Dometic GO Hydration Vattenkanna 11L - BALTIC OVERLANDERS","description":"Skaffa Dometics 11L Hydration Water Jug f\u00f6r bekv\u00e4m f\u00f6rvaring av vatten under utomhusaktiviteter. Robust design garanterar h\u00e5llbarhet f\u00f6r hydreringsbehov.","robots":{"index":"index","follow":"follow","max-snippet":"max-snippet:-1","max-image-preview":"max-image-preview:large","max-video-preview":"max-video-preview:-1"},"canonical":"https:\/\/balticoverlanders.eu\/sv\/produkt\/dometic-go-hydration-vattenkanna-11l\/","og_locale":"sv_SE","og_type":"article","og_title":"Dometic GO Hydration Vattenkanna 11L - BALTIC OVERLANDERS","og_description":"Skaffa Dometics 11L Hydration Water Jug f\u00f6r bekv\u00e4m f\u00f6rvaring av vatten under utomhusaktiviteter. Robust design garanterar h\u00e5llbarhet f\u00f6r hydreringsbehov.","og_url":"https:\/\/balticoverlanders.eu\/sv\/produkt\/dometic-go-hydration-vattenkanna-11l\/","og_site_name":"BALTIC OVERLANDERS","article_modified_time":"2024-05-06T19:42:43+00:00","og_image":[{"width":1242,"height":1199,"url":"https:\/\/balticoverlanders.eu\/wp-content\/uploads\/2024\/02\/wtan065-wtan067con.jpg","type":"image\/jpeg"}],"twitter_card":"summary_large_image","twitter_misc":{"Ber\u00e4knad l\u00e4stid":"1 minut"},"schema":{"@context":"https:\/\/schema.org","@graph":[{"@type":"WebPage","@id":"https:\/\/balticoverlanders.eu\/sv\/produkt\/dometic-go-hydration-vattenkanna-11l\/","url":"https:\/\/balticoverlanders.eu\/sv\/produkt\/dometic-go-hydration-vattenkanna-11l\/","name":"Dometic GO Hydration Vattenkanna 11L - BALTIC OVERLANDERS","isPartOf":{"@id":"https:\/\/balticoverlanders.eu\/sv\/#website"},"primaryImageOfPage":{"@id":"https:\/\/balticoverlanders.eu\/sv\/produkt\/dometic-go-hydration-vattenkanna-11l\/#primaryimage"},"image":{"@id":"https:\/\/balticoverlanders.eu\/sv\/produkt\/dometic-go-hydration-vattenkanna-11l\/#primaryimage"},"thumbnailUrl":"https:\/\/balticoverlanders.eu\/wp-content\/uploads\/2024\/02\/wtan065-wtan067con.jpg","datePublished":"2024-02-13T15:09:46+00:00","dateModified":"2024-05-06T19:42:43+00:00","description":"Skaffa Dometics 11L Hydration Water Jug f\u00f6r bekv\u00e4m f\u00f6rvaring av vatten under utomhusaktiviteter. Robust design garanterar h\u00e5llbarhet f\u00f6r hydreringsbehov.","breadcrumb":{"@id":"https:\/\/balticoverlanders.eu\/sv\/produkt\/dometic-go-hydration-vattenkanna-11l\/#breadcrumb"},"inLanguage":"sv-SE","potentialAction":[{"@type":"ReadAction","target":["https:\/\/balticoverlanders.eu\/sv\/produkt\/dometic-go-hydration-vattenkanna-11l\/"]}]},{"@type":"ImageObject","inLanguage":"sv-SE","@id":"https:\/\/balticoverlanders.eu\/sv\/produkt\/dometic-go-hydration-vattenkanna-11l\/#primaryimage","url":"https:\/\/balticoverlanders.eu\/wp-content\/uploads\/2024\/02\/wtan065-wtan067con.jpg","contentUrl":"https:\/\/balticoverlanders.eu\/wp-content\/uploads\/2024\/02\/wtan065-wtan067con.jpg","width":1242,"height":1199},{"@type":"BreadcrumbList","@id":"https:\/\/balticoverlanders.eu\/sv\/produkt\/dometic-go-hydration-vattenkanna-11l\/#breadcrumb","itemListElement":[{"@type":"ListItem","position":1,"name":"Home","item":"https:\/\/balticoverlanders.eu\/sv\/?page_id=30156"},{"@type":"ListItem","position":2,"name":"Butik","item":"https:\/\/balticoverlanders.eu\/sv\/?page_id=30894"},{"@type":"ListItem","position":3,"name":"Dometic GO Hydration Vattenkanna 11L"}]},{"@type":"WebSite","@id":"https:\/\/balticoverlanders.eu\/sv\/#website","url":"https:\/\/balticoverlanders.eu\/sv\/","name":"BALTIC OVERLANDERS","description":"Your one-stop shop in Latvia, Estonia, and Lithuania for all your car camping, rooftop tent and accessory needs.","potentialAction":[{"@type":"SearchAction","target":{"@type":"EntryPoint","urlTemplate":"https:\/\/balticoverlanders.eu\/sv\/?s={search_term_string}"},"query-input":{"@type":"PropertyValueSpecification","valueRequired":true,"valueName":"search_term_string"}}],"inLanguage":"sv-SE"}]}},"_links":{"self":[{"href":"https:\/\/balticoverlanders.eu\/sv\/wp-json\/wp\/v2\/product\/39445","targetHints":{"allow":["GET"]}}],"collection":[{"href":"https:\/\/balticoverlanders.eu\/sv\/wp-json\/wp\/v2\/product"}],"about":[{"href":"https:\/\/balticoverlanders.eu\/sv\/wp-json\/wp\/v2\/types\/product"}],"wp:featuredmedia":[{"embeddable":true,"href":"https:\/\/balticoverlanders.eu\/sv\/wp-json\/wp\/v2\/media\/31312"}],"wp:attachment":[{"href":"https:\/\/balticoverlanders.eu\/sv\/wp-json\/wp\/v2\/media?parent=39445"}],"wp:term":[{"taxonomy":"product_brand","embeddable":true,"href":"https:\/\/balticoverlanders.eu\/sv\/wp-json\/wp\/v2\/product_brand?post=39445"},{"taxonomy":"product_cat","embeddable":true,"href":"https:\/\/balticoverlanders.eu\/sv\/wp-json\/wp\/v2\/product_cat?post=39445"},{"taxonomy":"product_tag","embeddable":true,"href":"https:\/\/balticoverlanders.eu\/sv\/wp-json\/wp\/v2\/product_tag?post=39445"}],"curies":[{"name":"wp","href":"https:\/\/api.w.org\/{rel}","templated":true}]}}