{"id":39450,"date":"2024-02-12T16:57:32","date_gmt":"2024-02-12T14:57:32","guid":{"rendered":"https:\/\/balticoverlanders.eu\/product\/dometic-cfx3-slide-35-45-kylskapslucka-for-cfx3-35-cfx3-45\/"},"modified":"2024-05-06T22:42:45","modified_gmt":"2024-05-06T19:42:45","slug":"dometic-cfx3-slide-35-45-kylskapslucka-for-cfx3-35-cfx3-45","status":"publish","type":"product","link":"https:\/\/balticoverlanders.eu\/sv\/produkt\/dometic-cfx3-slide-35-45-kylskapslucka-for-cfx3-35-cfx3-45\/","title":{"rendered":"Dometic CFX3 Slide 35\/45 Kylsk\u00e5pslucka f\u00f6r CFX3 35 &amp; CFX3 45"},"content":{"rendered":"<p><strong>Vi presenterar den ultimata kylsk\u00e5psglidskenan f\u00f6r din CFX-serie kylbox<\/strong><\/p>\n<p>F\u00f6rh\u00f6j dina utomhus\u00e4ventyr med v\u00e5r f\u00f6rstklassiga kylsl\u00e4de, som \u00e4r noggrant utformad f\u00f6r att passa dina CFX3 35, CFX3 45 och \u00e4ldre CFX-modeller med liknande m\u00e5tt. V\u00e5r Fridge Slide \u00e4r tillverkad f\u00f6r h\u00e5llbarhet och bekv\u00e4mlighet och \u00e4r din perfekta f\u00f6ljeslagare f\u00f6r att h\u00e5lla din kylv\u00e4ska s\u00e4ker och tillg\u00e4nglig p\u00e5 alla resor.<\/p>\n<p><strong>Viktiga egenskaper:<\/strong><\/p>\n<ul>\n<li><strong>Maximal lastkapacitet:<\/strong> Med en robust kapacitet p\u00e5 upp till 100 kg garanterar v\u00e5r Fridge Slide tillf\u00f6rlitligt st\u00f6d f\u00f6r din kylbox och dess inneh\u00e5ll, \u00e4ven i tuff terr\u00e4ng.<\/li>\n<li><strong>Fullt utdragbar design:<\/strong> Njut av enkel \u00e5tkomst till kylsk\u00e5psinneh\u00e5llet med v\u00e5r helt utdragbara slide, vilket g\u00f6r det enkelt att h\u00e4mta f\u00f6rem\u00e5l under utomhussammankomster eller campingresor.<\/li>\n<li><strong>Robust l\u00e5ssystem:<\/strong> S\u00e4g adj\u00f6 till irriterande skramlande ljud under k\u00f6rning. V\u00e5r Fridge Slide har ett robust sp\u00e4rrsystem som \u00e4r utformat f\u00f6r att minimera vibrationer och s\u00e4kerst\u00e4lla en tyst resa.<\/li>\n<li><strong>Dammskydd:<\/strong> H\u00e5ll sand och smuts borta med det integrerade dammskyddet, som skyddar dina glidskenor och bevarar en smidig drift under hela resan.<\/li>\n<li><strong>Optimerad viktf\u00f6rdelning:<\/strong> V\u00e5r Fridge Slide \u00e4r konstruerad till perfektion och har en optimerad design som minimerar on\u00f6dig vikt, vilket f\u00f6rb\u00e4ttrar ditt fordons prestanda utan att kompromissa med funktionaliteten.<\/li>\n<li><strong>Komplett installationssats:<\/strong> Varje Fridge Slide levereras komplett med f\u00f6rankringsband och M6-bultar, vilket underl\u00e4ttar en problemfri installationsprocess och s\u00e4kerst\u00e4ller en s\u00e4ker passform f\u00f6r din kylbox.<\/li>\n<\/ul>\n<p>Uppgradera din utomhusupplevelse med v\u00e5r Fridge Slide och njut av o\u00f6vertr\u00e4ffad bekv\u00e4mlighet och tillf\u00f6rlitlighet oavsett vart dina \u00e4ventyr tar dig.<\/p>\n","protected":false},"excerpt":{"rendered":"<p>Vandra utan bekymmer. Dometic CFX3-kylskena \u00e4r utformad f\u00f6r att ge enkel \u00e5tkomst till din CFX3-drivna kylbox fr\u00e5n baksidan av din husbil, sk\u00e5pbil, lastbil, SUV, sl\u00e4pvagn eller b\u00e5t. En stark konstruktion, stor maximal lastkapacitet och ett robust l\u00e5ssystem g\u00f6r CFX3-kylsk\u00e5pen till ett m\u00e5ste f\u00f6r den seri\u00f6sa outdoor-\u00e4ventyraren.<\/p>\n","protected":false},"featured_media":31298,"template":"","meta":[],"product_brand":[],"product_cat":[531,579],"product_tag":[],"class_list":{"0":"post-39450","1":"product","2":"type-product","3":"status-publish","4":"has-post-thumbnail","6":"product_cat-dometic-sv","7":"product_cat-kylare","9":"first","10":"onbackorder","11":"taxable","12":"shipping-taxable","13":"purchasable","14":"product-type-simple"},"yoast_head":"<!-- This site is optimized with the Yoast SEO plugin v27.3 - https:\/\/yoast.com\/product\/yoast-seo-wordpress\/ -->\n<title>Dometic CFX3 Slide 35\/45 Kylsk\u00e5pslucka f\u00f6r CFX3 35 &amp; CFX3 45 - BALTIC OVERLANDERS<\/title>\n<meta name=\"description\" content=\"Utforska Dometic CFX3-kylsk\u00e5pet f\u00f6r enkel \u00e5tkomst till din kylbox, perfekt f\u00f6r \u00e4ventyrare som v\u00e4rdes\u00e4tter bekv\u00e4mlighet och h\u00e5llbarhet.\" \/>\n<meta name=\"robots\" content=\"index, follow, max-snippet:-1, max-image-preview:large, max-video-preview:-1\" \/>\n<link rel=\"canonical\" href=\"https:\/\/balticoverlanders.eu\/sv\/produkt\/dometic-cfx3-slide-35-45-kylskapslucka-for-cfx3-35-cfx3-45\/\" \/>\n<meta property=\"og:locale\" content=\"sv_SE\" \/>\n<meta property=\"og:type\" content=\"article\" \/>\n<meta property=\"og:title\" content=\"Dometic CFX3 Slide 35\/45 Kylsk\u00e5pslucka f\u00f6r CFX3 35 &amp; CFX3 45 - BALTIC OVERLANDERS\" \/>\n<meta property=\"og:description\" content=\"Utforska Dometic CFX3-kylsk\u00e5pet f\u00f6r enkel \u00e5tkomst till din kylbox, perfekt f\u00f6r \u00e4ventyrare som v\u00e4rdes\u00e4tter bekv\u00e4mlighet och h\u00e5llbarhet.\" \/>\n<meta property=\"og:url\" content=\"https:\/\/balticoverlanders.eu\/sv\/produkt\/dometic-cfx3-slide-35-45-kylskapslucka-for-cfx3-35-cfx3-45\/\" \/>\n<meta property=\"og:site_name\" content=\"BALTIC OVERLANDERS\" \/>\n<meta property=\"article:modified_time\" content=\"2024-05-06T19:42:45+00:00\" \/>\n<meta property=\"og:image\" content=\"https:\/\/balticoverlanders.eu\/wp-content\/uploads\/2024\/02\/CFX3-Slide-55-1-1-scaled.jpg\" \/>\n\t<meta property=\"og:image:width\" content=\"2560\" \/>\n\t<meta property=\"og:image:height\" content=\"2560\" \/>\n\t<meta property=\"og:image:type\" content=\"image\/jpeg\" \/>\n<meta name=\"twitter:card\" content=\"summary_large_image\" \/>\n<meta name=\"twitter:label1\" content=\"Ber\u00e4knad l\u00e4stid\" \/>\n\t<meta name=\"twitter:data1\" content=\"1 minut\" \/>\n<script type=\"application\/ld+json\" class=\"yoast-schema-graph\">{\"@context\":\"https:\\\/\\\/schema.org\",\"@graph\":[{\"@type\":\"WebPage\",\"@id\":\"https:\\\/\\\/balticoverlanders.eu\\\/sv\\\/produkt\\\/dometic-cfx3-slide-35-45-kylskapslucka-for-cfx3-35-cfx3-45\\\/\",\"url\":\"https:\\\/\\\/balticoverlanders.eu\\\/sv\\\/produkt\\\/dometic-cfx3-slide-35-45-kylskapslucka-for-cfx3-35-cfx3-45\\\/\",\"name\":\"Dometic CFX3 Slide 35\\\/45 Kylsk\u00e5pslucka f\u00f6r CFX3 35 &amp; CFX3 45 - BALTIC OVERLANDERS\",\"isPartOf\":{\"@id\":\"https:\\\/\\\/balticoverlanders.eu\\\/sv\\\/#website\"},\"primaryImageOfPage\":{\"@id\":\"https:\\\/\\\/balticoverlanders.eu\\\/sv\\\/produkt\\\/dometic-cfx3-slide-35-45-kylskapslucka-for-cfx3-35-cfx3-45\\\/#primaryimage\"},\"image\":{\"@id\":\"https:\\\/\\\/balticoverlanders.eu\\\/sv\\\/produkt\\\/dometic-cfx3-slide-35-45-kylskapslucka-for-cfx3-35-cfx3-45\\\/#primaryimage\"},\"thumbnailUrl\":\"https:\\\/\\\/balticoverlanders.eu\\\/wp-content\\\/uploads\\\/2024\\\/02\\\/CFX3-Slide-55-1-1-scaled.jpg\",\"datePublished\":\"2024-02-12T14:57:32+00:00\",\"dateModified\":\"2024-05-06T19:42:45+00:00\",\"description\":\"Utforska Dometic CFX3-kylsk\u00e5pet f\u00f6r enkel \u00e5tkomst till din kylbox, perfekt f\u00f6r \u00e4ventyrare som v\u00e4rdes\u00e4tter bekv\u00e4mlighet och h\u00e5llbarhet.\",\"breadcrumb\":{\"@id\":\"https:\\\/\\\/balticoverlanders.eu\\\/sv\\\/produkt\\\/dometic-cfx3-slide-35-45-kylskapslucka-for-cfx3-35-cfx3-45\\\/#breadcrumb\"},\"inLanguage\":\"sv-SE\",\"potentialAction\":[{\"@type\":\"ReadAction\",\"target\":[\"https:\\\/\\\/balticoverlanders.eu\\\/sv\\\/produkt\\\/dometic-cfx3-slide-35-45-kylskapslucka-for-cfx3-35-cfx3-45\\\/\"]}]},{\"@type\":\"ImageObject\",\"inLanguage\":\"sv-SE\",\"@id\":\"https:\\\/\\\/balticoverlanders.eu\\\/sv\\\/produkt\\\/dometic-cfx3-slide-35-45-kylskapslucka-for-cfx3-35-cfx3-45\\\/#primaryimage\",\"url\":\"https:\\\/\\\/balticoverlanders.eu\\\/wp-content\\\/uploads\\\/2024\\\/02\\\/CFX3-Slide-55-1-1-scaled.jpg\",\"contentUrl\":\"https:\\\/\\\/balticoverlanders.eu\\\/wp-content\\\/uploads\\\/2024\\\/02\\\/CFX3-Slide-55-1-1-scaled.jpg\",\"width\":2560,\"height\":2560},{\"@type\":\"BreadcrumbList\",\"@id\":\"https:\\\/\\\/balticoverlanders.eu\\\/sv\\\/produkt\\\/dometic-cfx3-slide-35-45-kylskapslucka-for-cfx3-35-cfx3-45\\\/#breadcrumb\",\"itemListElement\":[{\"@type\":\"ListItem\",\"position\":1,\"name\":\"Home\",\"item\":\"https:\\\/\\\/balticoverlanders.eu\\\/sv\\\/?page_id=30156\"},{\"@type\":\"ListItem\",\"position\":2,\"name\":\"Butik\",\"item\":\"https:\\\/\\\/balticoverlanders.eu\\\/sv\\\/?page_id=30894\"},{\"@type\":\"ListItem\",\"position\":3,\"name\":\"Dometic CFX3 Slide 35\\\/45 Kylsk\u00e5pslucka f\u00f6r CFX3 35 &amp; CFX3 45\"}]},{\"@type\":\"WebSite\",\"@id\":\"https:\\\/\\\/balticoverlanders.eu\\\/sv\\\/#website\",\"url\":\"https:\\\/\\\/balticoverlanders.eu\\\/sv\\\/\",\"name\":\"BALTIC OVERLANDERS\",\"description\":\"Your one-stop shop in Latvia, Estonia, and Lithuania for all your car camping, rooftop tent and accessory needs.\",\"potentialAction\":[{\"@type\":\"SearchAction\",\"target\":{\"@type\":\"EntryPoint\",\"urlTemplate\":\"https:\\\/\\\/balticoverlanders.eu\\\/sv\\\/?s={search_term_string}\"},\"query-input\":{\"@type\":\"PropertyValueSpecification\",\"valueRequired\":true,\"valueName\":\"search_term_string\"}}],\"inLanguage\":\"sv-SE\"}]}<\/script>\n<!-- \/ Yoast SEO plugin. -->","yoast_head_json":{"title":"Dometic CFX3 Slide 35\/45 Kylsk\u00e5pslucka f\u00f6r CFX3 35 &amp; CFX3 45 - BALTIC OVERLANDERS","description":"Utforska Dometic CFX3-kylsk\u00e5pet f\u00f6r enkel \u00e5tkomst till din kylbox, perfekt f\u00f6r \u00e4ventyrare som v\u00e4rdes\u00e4tter bekv\u00e4mlighet och h\u00e5llbarhet.","robots":{"index":"index","follow":"follow","max-snippet":"max-snippet:-1","max-image-preview":"max-image-preview:large","max-video-preview":"max-video-preview:-1"},"canonical":"https:\/\/balticoverlanders.eu\/sv\/produkt\/dometic-cfx3-slide-35-45-kylskapslucka-for-cfx3-35-cfx3-45\/","og_locale":"sv_SE","og_type":"article","og_title":"Dometic CFX3 Slide 35\/45 Kylsk\u00e5pslucka f\u00f6r CFX3 35 &amp; CFX3 45 - BALTIC OVERLANDERS","og_description":"Utforska Dometic CFX3-kylsk\u00e5pet f\u00f6r enkel \u00e5tkomst till din kylbox, perfekt f\u00f6r \u00e4ventyrare som v\u00e4rdes\u00e4tter bekv\u00e4mlighet och h\u00e5llbarhet.","og_url":"https:\/\/balticoverlanders.eu\/sv\/produkt\/dometic-cfx3-slide-35-45-kylskapslucka-for-cfx3-35-cfx3-45\/","og_site_name":"BALTIC OVERLANDERS","article_modified_time":"2024-05-06T19:42:45+00:00","og_image":[{"width":2560,"height":2560,"url":"https:\/\/balticoverlanders.eu\/wp-content\/uploads\/2024\/02\/CFX3-Slide-55-1-1-scaled.jpg","type":"image\/jpeg"}],"twitter_card":"summary_large_image","twitter_misc":{"Ber\u00e4knad l\u00e4stid":"1 minut"},"schema":{"@context":"https:\/\/schema.org","@graph":[{"@type":"WebPage","@id":"https:\/\/balticoverlanders.eu\/sv\/produkt\/dometic-cfx3-slide-35-45-kylskapslucka-for-cfx3-35-cfx3-45\/","url":"https:\/\/balticoverlanders.eu\/sv\/produkt\/dometic-cfx3-slide-35-45-kylskapslucka-for-cfx3-35-cfx3-45\/","name":"Dometic CFX3 Slide 35\/45 Kylsk\u00e5pslucka f\u00f6r CFX3 35 &amp; CFX3 45 - BALTIC OVERLANDERS","isPartOf":{"@id":"https:\/\/balticoverlanders.eu\/sv\/#website"},"primaryImageOfPage":{"@id":"https:\/\/balticoverlanders.eu\/sv\/produkt\/dometic-cfx3-slide-35-45-kylskapslucka-for-cfx3-35-cfx3-45\/#primaryimage"},"image":{"@id":"https:\/\/balticoverlanders.eu\/sv\/produkt\/dometic-cfx3-slide-35-45-kylskapslucka-for-cfx3-35-cfx3-45\/#primaryimage"},"thumbnailUrl":"https:\/\/balticoverlanders.eu\/wp-content\/uploads\/2024\/02\/CFX3-Slide-55-1-1-scaled.jpg","datePublished":"2024-02-12T14:57:32+00:00","dateModified":"2024-05-06T19:42:45+00:00","description":"Utforska Dometic CFX3-kylsk\u00e5pet f\u00f6r enkel \u00e5tkomst till din kylbox, perfekt f\u00f6r \u00e4ventyrare som v\u00e4rdes\u00e4tter bekv\u00e4mlighet och h\u00e5llbarhet.","breadcrumb":{"@id":"https:\/\/balticoverlanders.eu\/sv\/produkt\/dometic-cfx3-slide-35-45-kylskapslucka-for-cfx3-35-cfx3-45\/#breadcrumb"},"inLanguage":"sv-SE","potentialAction":[{"@type":"ReadAction","target":["https:\/\/balticoverlanders.eu\/sv\/produkt\/dometic-cfx3-slide-35-45-kylskapslucka-for-cfx3-35-cfx3-45\/"]}]},{"@type":"ImageObject","inLanguage":"sv-SE","@id":"https:\/\/balticoverlanders.eu\/sv\/produkt\/dometic-cfx3-slide-35-45-kylskapslucka-for-cfx3-35-cfx3-45\/#primaryimage","url":"https:\/\/balticoverlanders.eu\/wp-content\/uploads\/2024\/02\/CFX3-Slide-55-1-1-scaled.jpg","contentUrl":"https:\/\/balticoverlanders.eu\/wp-content\/uploads\/2024\/02\/CFX3-Slide-55-1-1-scaled.jpg","width":2560,"height":2560},{"@type":"BreadcrumbList","@id":"https:\/\/balticoverlanders.eu\/sv\/produkt\/dometic-cfx3-slide-35-45-kylskapslucka-for-cfx3-35-cfx3-45\/#breadcrumb","itemListElement":[{"@type":"ListItem","position":1,"name":"Home","item":"https:\/\/balticoverlanders.eu\/sv\/?page_id=30156"},{"@type":"ListItem","position":2,"name":"Butik","item":"https:\/\/balticoverlanders.eu\/sv\/?page_id=30894"},{"@type":"ListItem","position":3,"name":"Dometic CFX3 Slide 35\/45 Kylsk\u00e5pslucka f\u00f6r CFX3 35 &amp; CFX3 45"}]},{"@type":"WebSite","@id":"https:\/\/balticoverlanders.eu\/sv\/#website","url":"https:\/\/balticoverlanders.eu\/sv\/","name":"BALTIC OVERLANDERS","description":"Your one-stop shop in Latvia, Estonia, and Lithuania for all your car camping, rooftop tent and accessory needs.","potentialAction":[{"@type":"SearchAction","target":{"@type":"EntryPoint","urlTemplate":"https:\/\/balticoverlanders.eu\/sv\/?s={search_term_string}"},"query-input":{"@type":"PropertyValueSpecification","valueRequired":true,"valueName":"search_term_string"}}],"inLanguage":"sv-SE"}]}},"_links":{"self":[{"href":"https:\/\/balticoverlanders.eu\/sv\/wp-json\/wp\/v2\/product\/39450","targetHints":{"allow":["GET"]}}],"collection":[{"href":"https:\/\/balticoverlanders.eu\/sv\/wp-json\/wp\/v2\/product"}],"about":[{"href":"https:\/\/balticoverlanders.eu\/sv\/wp-json\/wp\/v2\/types\/product"}],"wp:featuredmedia":[{"embeddable":true,"href":"https:\/\/balticoverlanders.eu\/sv\/wp-json\/wp\/v2\/media\/31298"}],"wp:attachment":[{"href":"https:\/\/balticoverlanders.eu\/sv\/wp-json\/wp\/v2\/media?parent=39450"}],"wp:term":[{"taxonomy":"product_brand","embeddable":true,"href":"https:\/\/balticoverlanders.eu\/sv\/wp-json\/wp\/v2\/product_brand?post=39450"},{"taxonomy":"product_cat","embeddable":true,"href":"https:\/\/balticoverlanders.eu\/sv\/wp-json\/wp\/v2\/product_cat?post=39450"},{"taxonomy":"product_tag","embeddable":true,"href":"https:\/\/balticoverlanders.eu\/sv\/wp-json\/wp\/v2\/product_tag?post=39450"}],"curies":[{"name":"wp","href":"https:\/\/api.w.org\/{rel}","templated":true}]}}