{"id":39461,"date":"2024-02-12T16:41:14","date_gmt":"2024-02-12T14:41:14","guid":{"rendered":"https:\/\/balticoverlanders.eu\/product\/dometic-cfx3-55im-barbar-kompressorkylbox-med-ismaskinfunktion-53-l\/"},"modified":"2024-05-06T22:42:54","modified_gmt":"2024-05-06T19:42:54","slug":"dometic-cfx3-55im-barbar-kompressorkylbox-med-ismaskinfunktion-53-l","status":"publish","type":"product","link":"https:\/\/balticoverlanders.eu\/sv\/produkt\/dometic-cfx3-55im-barbar-kompressorkylbox-med-ismaskinfunktion-53-l\/","title":{"rendered":"Dometic CFX3 55IM B\u00e4rbar kompressorkylbox med ismaskinfunktion, 53 l"},"content":{"rendered":"<p><strong>Gener\u00f6s total kapacitet<\/strong><\/p>\n<ul>\n<li>Den rymliga kapaciteten p\u00e5 53 liter garanterar att du har gott om plats f\u00f6r alla dina n\u00f6dv\u00e4ndigheter, oavsett om du \u00e4r p\u00e5 en weekendcamping eller en l\u00e4ngre bilresa.<\/li>\n<\/ul>\n<p><strong>Snabb isproduktion<\/strong><\/p>\n<ul>\n<li>Den h\u00e4r b\u00e4rbara kompressorkylboxen med istillverkningsfunktion \u00e4r utrustad med en Rapid Ice Plate och medf\u00f6ljande isbrickor i silikon och producerar is p\u00e5 n\u00e5gra timmar, vilket h\u00e5ller dina drycker uppfriskande kalla vart \u00e4n dina \u00e4ventyr tar dig.<\/li>\n<\/ul>\n<p><strong>Robust konstruktion<\/strong><\/p>\n<ul>\n<li>CFX3 \u00e4r byggd f\u00f6r att klara resans p\u00e5frestningar och har en kraftig men \u00e4nd\u00e5 l\u00e4tt ExoFrame-konstruktion med fenderramskyddade kanter och handtag i aluminiumlegering, vilket garanterar h\u00e5llbarhet utan att kompromissa med b\u00e4rbarheten.<\/li>\n<\/ul>\n<p><strong>Effektiv kylteknik<\/strong><\/p>\n<ul>\n<li>CFX3 drivs av den avancerade VMSO3-kompressorkyltekniken och kyler effektivt mellan +20 \u00b0C och -22 \u00b0C, vilket s\u00e4kerst\u00e4ller att mat och dryck h\u00e5ller perfekt temperatur \u00e4ven i de tuffaste milj\u00f6erna.<\/li>\n<\/ul>\n<p><strong>Intuitiv styrning och \u00f6vervakning<\/strong><\/p>\n<ul>\n<li>Beh\u00e5ll kontrollen med den l\u00e4ttl\u00e4sta h\u00f6guppl\u00f6sta f\u00e4rgsk\u00e4rmen och soft-touch-knapparna, som m\u00f6jligg\u00f6r s\u00f6ml\u00f6s styrning och \u00f6vervakning av kylarens prestanda f\u00f6r \u00f6kad bekv\u00e4mlighet p\u00e5 dina \u00e4ventyr.<\/li>\n<\/ul>\n<p><strong>Batteriets skyddssystem<\/strong><\/p>\n<ul>\n<li>CFX3 har ett dynamiskt batteriskyddssystem i 3 steg som f\u00f6rhindrar att bilbatteriet laddas ur eller att dubbla batterier laddas ur, vilket ger dig sinnesfrid under l\u00e4ngre resor.<\/li>\n<\/ul>\n<p><strong>Smart uppkoppling<\/strong><\/p>\n<ul>\n<li>Ta kontrollen var du \u00e4n befinner dig med CFX3-appen, som m\u00f6jligg\u00f6r temperaturkontroll via WiFi eller Bluetooth och ger dig prestandahistorik till hands, s\u00e5 att du enkelt kan hantera din kylare.<\/li>\n<\/ul>\n<p><strong>Upplev n\u00e4sta niv\u00e5 av portabel kylning<\/strong><\/p>\n<ul>\n<li>Oavsett om du \u00e4r ute och campar, \u00e5ker p\u00e5 roadtrip eller \u00e4ter middag \u00e4r CFX3 Portable kompressorkylbox med ismaskinfunktion din ultimata reskamrat, med o\u00f6vertr\u00e4ffad bekv\u00e4mlighet, h\u00e5llbarhet och prestanda f\u00f6r alla dina \u00e4ventyr.<\/li>\n<\/ul>\n","protected":false},"excerpt":{"rendered":"<p>Med den h\u00e4r imponerande kylboxen kan du ta med dig mer av den mat och dryck du \u00e4lskar, vart du \u00e4n g\u00e5r. Den robusta konstruktionen \u00e4r byggd f\u00f6r tuff utomhusanv\u00e4ndning. Njut av effektiv kylning p\u00e5 ett bekv\u00e4mt s\u00e4tt tack vare en mobilapp som g\u00f6r att du kan styra din Dometic CFX3 med fingertopparna. \u00c5k l\u00e4ngre, stanna l\u00e4ngre och upplev mer.<\/p>\n","protected":false},"featured_media":31256,"template":"","meta":[],"product_brand":[],"product_cat":[531,579],"product_tag":[],"class_list":{"0":"post-39461","1":"product","2":"type-product","3":"status-publish","4":"has-post-thumbnail","6":"product_cat-dometic-sv","7":"product_cat-kylare","9":"first","10":"onbackorder","11":"taxable","12":"shipping-taxable","13":"purchasable","14":"product-type-simple"},"yoast_head":"<!-- This site is optimized with the Yoast SEO plugin v27.3 - https:\/\/yoast.com\/product\/yoast-seo-wordpress\/ -->\n<title>Dometic CFX3 55IM B\u00e4rbar kompressorkylbox med ismaskinfunktion, 53 l - BALTIC OVERLANDERS<\/title>\n<meta name=\"description\" content=\"Upplev ultimat kylning utomhus med Dometic CFX3 kylbox med ismaskin. H\u00e5llbar konstruktion, effektiv kylning och appkontroll f\u00f6r enkelhet.\" \/>\n<meta name=\"robots\" content=\"index, follow, max-snippet:-1, max-image-preview:large, max-video-preview:-1\" \/>\n<link rel=\"canonical\" href=\"https:\/\/balticoverlanders.eu\/sv\/produkt\/dometic-cfx3-55im-barbar-kompressorkylbox-med-ismaskinfunktion-53-l\/\" \/>\n<meta property=\"og:locale\" content=\"sv_SE\" \/>\n<meta property=\"og:type\" content=\"article\" \/>\n<meta property=\"og:title\" content=\"Dometic CFX3 55IM B\u00e4rbar kompressorkylbox med ismaskinfunktion, 53 l - BALTIC OVERLANDERS\" \/>\n<meta property=\"og:description\" content=\"Upplev ultimat kylning utomhus med Dometic CFX3 kylbox med ismaskin. H\u00e5llbar konstruktion, effektiv kylning och appkontroll f\u00f6r enkelhet.\" \/>\n<meta property=\"og:url\" content=\"https:\/\/balticoverlanders.eu\/sv\/produkt\/dometic-cfx3-55im-barbar-kompressorkylbox-med-ismaskinfunktion-53-l\/\" \/>\n<meta property=\"og:site_name\" content=\"BALTIC OVERLANDERS\" \/>\n<meta property=\"article:modified_time\" content=\"2024-05-06T19:42:54+00:00\" \/>\n<meta property=\"og:image\" content=\"https:\/\/balticoverlanders.eu\/wp-content\/uploads\/2024\/02\/cfx3-55-c-9600025328-p401_lowres.jpg\" \/>\n\t<meta property=\"og:image:width\" content=\"650\" \/>\n\t<meta property=\"og:image:height\" content=\"488\" \/>\n\t<meta property=\"og:image:type\" content=\"image\/jpeg\" \/>\n<meta name=\"twitter:card\" content=\"summary_large_image\" \/>\n<meta name=\"twitter:label1\" content=\"Ber\u00e4knad l\u00e4stid\" \/>\n\t<meta name=\"twitter:data1\" content=\"2 minuter\" \/>\n<script type=\"application\/ld+json\" class=\"yoast-schema-graph\">{\"@context\":\"https:\\\/\\\/schema.org\",\"@graph\":[{\"@type\":\"WebPage\",\"@id\":\"https:\\\/\\\/balticoverlanders.eu\\\/sv\\\/produkt\\\/dometic-cfx3-55im-barbar-kompressorkylbox-med-ismaskinfunktion-53-l\\\/\",\"url\":\"https:\\\/\\\/balticoverlanders.eu\\\/sv\\\/produkt\\\/dometic-cfx3-55im-barbar-kompressorkylbox-med-ismaskinfunktion-53-l\\\/\",\"name\":\"Dometic CFX3 55IM B\u00e4rbar kompressorkylbox med ismaskinfunktion, 53 l - BALTIC OVERLANDERS\",\"isPartOf\":{\"@id\":\"https:\\\/\\\/balticoverlanders.eu\\\/sv\\\/#website\"},\"primaryImageOfPage\":{\"@id\":\"https:\\\/\\\/balticoverlanders.eu\\\/sv\\\/produkt\\\/dometic-cfx3-55im-barbar-kompressorkylbox-med-ismaskinfunktion-53-l\\\/#primaryimage\"},\"image\":{\"@id\":\"https:\\\/\\\/balticoverlanders.eu\\\/sv\\\/produkt\\\/dometic-cfx3-55im-barbar-kompressorkylbox-med-ismaskinfunktion-53-l\\\/#primaryimage\"},\"thumbnailUrl\":\"https:\\\/\\\/balticoverlanders.eu\\\/wp-content\\\/uploads\\\/2024\\\/02\\\/cfx3-55-c-9600025328-p401_lowres.jpg\",\"datePublished\":\"2024-02-12T14:41:14+00:00\",\"dateModified\":\"2024-05-06T19:42:54+00:00\",\"description\":\"Upplev ultimat kylning utomhus med Dometic CFX3 kylbox med ismaskin. H\u00e5llbar konstruktion, effektiv kylning och appkontroll f\u00f6r enkelhet.\",\"breadcrumb\":{\"@id\":\"https:\\\/\\\/balticoverlanders.eu\\\/sv\\\/produkt\\\/dometic-cfx3-55im-barbar-kompressorkylbox-med-ismaskinfunktion-53-l\\\/#breadcrumb\"},\"inLanguage\":\"sv-SE\",\"potentialAction\":[{\"@type\":\"ReadAction\",\"target\":[\"https:\\\/\\\/balticoverlanders.eu\\\/sv\\\/produkt\\\/dometic-cfx3-55im-barbar-kompressorkylbox-med-ismaskinfunktion-53-l\\\/\"]}]},{\"@type\":\"ImageObject\",\"inLanguage\":\"sv-SE\",\"@id\":\"https:\\\/\\\/balticoverlanders.eu\\\/sv\\\/produkt\\\/dometic-cfx3-55im-barbar-kompressorkylbox-med-ismaskinfunktion-53-l\\\/#primaryimage\",\"url\":\"https:\\\/\\\/balticoverlanders.eu\\\/wp-content\\\/uploads\\\/2024\\\/02\\\/cfx3-55-c-9600025328-p401_lowres.jpg\",\"contentUrl\":\"https:\\\/\\\/balticoverlanders.eu\\\/wp-content\\\/uploads\\\/2024\\\/02\\\/cfx3-55-c-9600025328-p401_lowres.jpg\",\"width\":650,\"height\":488},{\"@type\":\"BreadcrumbList\",\"@id\":\"https:\\\/\\\/balticoverlanders.eu\\\/sv\\\/produkt\\\/dometic-cfx3-55im-barbar-kompressorkylbox-med-ismaskinfunktion-53-l\\\/#breadcrumb\",\"itemListElement\":[{\"@type\":\"ListItem\",\"position\":1,\"name\":\"Home\",\"item\":\"https:\\\/\\\/balticoverlanders.eu\\\/sv\\\/?page_id=30156\"},{\"@type\":\"ListItem\",\"position\":2,\"name\":\"Butik\",\"item\":\"https:\\\/\\\/balticoverlanders.eu\\\/sv\\\/?page_id=30894\"},{\"@type\":\"ListItem\",\"position\":3,\"name\":\"Dometic CFX3 55IM B\u00e4rbar kompressorkylbox med ismaskinfunktion, 53 l\"}]},{\"@type\":\"WebSite\",\"@id\":\"https:\\\/\\\/balticoverlanders.eu\\\/sv\\\/#website\",\"url\":\"https:\\\/\\\/balticoverlanders.eu\\\/sv\\\/\",\"name\":\"BALTIC OVERLANDERS\",\"description\":\"Your one-stop shop in Latvia, Estonia, and Lithuania for all your car camping, rooftop tent and accessory needs.\",\"potentialAction\":[{\"@type\":\"SearchAction\",\"target\":{\"@type\":\"EntryPoint\",\"urlTemplate\":\"https:\\\/\\\/balticoverlanders.eu\\\/sv\\\/?s={search_term_string}\"},\"query-input\":{\"@type\":\"PropertyValueSpecification\",\"valueRequired\":true,\"valueName\":\"search_term_string\"}}],\"inLanguage\":\"sv-SE\"}]}<\/script>\n<!-- \/ Yoast SEO plugin. -->","yoast_head_json":{"title":"Dometic CFX3 55IM B\u00e4rbar kompressorkylbox med ismaskinfunktion, 53 l - BALTIC OVERLANDERS","description":"Upplev ultimat kylning utomhus med Dometic CFX3 kylbox med ismaskin. H\u00e5llbar konstruktion, effektiv kylning och appkontroll f\u00f6r enkelhet.","robots":{"index":"index","follow":"follow","max-snippet":"max-snippet:-1","max-image-preview":"max-image-preview:large","max-video-preview":"max-video-preview:-1"},"canonical":"https:\/\/balticoverlanders.eu\/sv\/produkt\/dometic-cfx3-55im-barbar-kompressorkylbox-med-ismaskinfunktion-53-l\/","og_locale":"sv_SE","og_type":"article","og_title":"Dometic CFX3 55IM B\u00e4rbar kompressorkylbox med ismaskinfunktion, 53 l - BALTIC OVERLANDERS","og_description":"Upplev ultimat kylning utomhus med Dometic CFX3 kylbox med ismaskin. H\u00e5llbar konstruktion, effektiv kylning och appkontroll f\u00f6r enkelhet.","og_url":"https:\/\/balticoverlanders.eu\/sv\/produkt\/dometic-cfx3-55im-barbar-kompressorkylbox-med-ismaskinfunktion-53-l\/","og_site_name":"BALTIC OVERLANDERS","article_modified_time":"2024-05-06T19:42:54+00:00","og_image":[{"width":650,"height":488,"url":"https:\/\/balticoverlanders.eu\/wp-content\/uploads\/2024\/02\/cfx3-55-c-9600025328-p401_lowres.jpg","type":"image\/jpeg"}],"twitter_card":"summary_large_image","twitter_misc":{"Ber\u00e4knad l\u00e4stid":"2 minuter"},"schema":{"@context":"https:\/\/schema.org","@graph":[{"@type":"WebPage","@id":"https:\/\/balticoverlanders.eu\/sv\/produkt\/dometic-cfx3-55im-barbar-kompressorkylbox-med-ismaskinfunktion-53-l\/","url":"https:\/\/balticoverlanders.eu\/sv\/produkt\/dometic-cfx3-55im-barbar-kompressorkylbox-med-ismaskinfunktion-53-l\/","name":"Dometic CFX3 55IM B\u00e4rbar kompressorkylbox med ismaskinfunktion, 53 l - BALTIC OVERLANDERS","isPartOf":{"@id":"https:\/\/balticoverlanders.eu\/sv\/#website"},"primaryImageOfPage":{"@id":"https:\/\/balticoverlanders.eu\/sv\/produkt\/dometic-cfx3-55im-barbar-kompressorkylbox-med-ismaskinfunktion-53-l\/#primaryimage"},"image":{"@id":"https:\/\/balticoverlanders.eu\/sv\/produkt\/dometic-cfx3-55im-barbar-kompressorkylbox-med-ismaskinfunktion-53-l\/#primaryimage"},"thumbnailUrl":"https:\/\/balticoverlanders.eu\/wp-content\/uploads\/2024\/02\/cfx3-55-c-9600025328-p401_lowres.jpg","datePublished":"2024-02-12T14:41:14+00:00","dateModified":"2024-05-06T19:42:54+00:00","description":"Upplev ultimat kylning utomhus med Dometic CFX3 kylbox med ismaskin. H\u00e5llbar konstruktion, effektiv kylning och appkontroll f\u00f6r enkelhet.","breadcrumb":{"@id":"https:\/\/balticoverlanders.eu\/sv\/produkt\/dometic-cfx3-55im-barbar-kompressorkylbox-med-ismaskinfunktion-53-l\/#breadcrumb"},"inLanguage":"sv-SE","potentialAction":[{"@type":"ReadAction","target":["https:\/\/balticoverlanders.eu\/sv\/produkt\/dometic-cfx3-55im-barbar-kompressorkylbox-med-ismaskinfunktion-53-l\/"]}]},{"@type":"ImageObject","inLanguage":"sv-SE","@id":"https:\/\/balticoverlanders.eu\/sv\/produkt\/dometic-cfx3-55im-barbar-kompressorkylbox-med-ismaskinfunktion-53-l\/#primaryimage","url":"https:\/\/balticoverlanders.eu\/wp-content\/uploads\/2024\/02\/cfx3-55-c-9600025328-p401_lowres.jpg","contentUrl":"https:\/\/balticoverlanders.eu\/wp-content\/uploads\/2024\/02\/cfx3-55-c-9600025328-p401_lowres.jpg","width":650,"height":488},{"@type":"BreadcrumbList","@id":"https:\/\/balticoverlanders.eu\/sv\/produkt\/dometic-cfx3-55im-barbar-kompressorkylbox-med-ismaskinfunktion-53-l\/#breadcrumb","itemListElement":[{"@type":"ListItem","position":1,"name":"Home","item":"https:\/\/balticoverlanders.eu\/sv\/?page_id=30156"},{"@type":"ListItem","position":2,"name":"Butik","item":"https:\/\/balticoverlanders.eu\/sv\/?page_id=30894"},{"@type":"ListItem","position":3,"name":"Dometic CFX3 55IM B\u00e4rbar kompressorkylbox med ismaskinfunktion, 53 l"}]},{"@type":"WebSite","@id":"https:\/\/balticoverlanders.eu\/sv\/#website","url":"https:\/\/balticoverlanders.eu\/sv\/","name":"BALTIC OVERLANDERS","description":"Your one-stop shop in Latvia, Estonia, and Lithuania for all your car camping, rooftop tent and accessory needs.","potentialAction":[{"@type":"SearchAction","target":{"@type":"EntryPoint","urlTemplate":"https:\/\/balticoverlanders.eu\/sv\/?s={search_term_string}"},"query-input":{"@type":"PropertyValueSpecification","valueRequired":true,"valueName":"search_term_string"}}],"inLanguage":"sv-SE"}]}},"_links":{"self":[{"href":"https:\/\/balticoverlanders.eu\/sv\/wp-json\/wp\/v2\/product\/39461","targetHints":{"allow":["GET"]}}],"collection":[{"href":"https:\/\/balticoverlanders.eu\/sv\/wp-json\/wp\/v2\/product"}],"about":[{"href":"https:\/\/balticoverlanders.eu\/sv\/wp-json\/wp\/v2\/types\/product"}],"wp:featuredmedia":[{"embeddable":true,"href":"https:\/\/balticoverlanders.eu\/sv\/wp-json\/wp\/v2\/media\/31256"}],"wp:attachment":[{"href":"https:\/\/balticoverlanders.eu\/sv\/wp-json\/wp\/v2\/media?parent=39461"}],"wp:term":[{"taxonomy":"product_brand","embeddable":true,"href":"https:\/\/balticoverlanders.eu\/sv\/wp-json\/wp\/v2\/product_brand?post=39461"},{"taxonomy":"product_cat","embeddable":true,"href":"https:\/\/balticoverlanders.eu\/sv\/wp-json\/wp\/v2\/product_cat?post=39461"},{"taxonomy":"product_tag","embeddable":true,"href":"https:\/\/balticoverlanders.eu\/sv\/wp-json\/wp\/v2\/product_tag?post=39461"}],"curies":[{"name":"wp","href":"https:\/\/api.w.org\/{rel}","templated":true}]}}