{"id":39477,"date":"2024-02-11T18:20:46","date_gmt":"2024-02-11T16:20:46","guid":{"rendered":"https:\/\/balticoverlanders.eu\/product\/dometic-cfx3-25-mobil-kompressorkylare-25-l\/"},"modified":"2024-05-06T22:43:09","modified_gmt":"2024-05-06T19:43:09","slug":"dometic-cfx3-25-mobil-kompressorkylare-25-l","status":"publish","type":"product","link":"https:\/\/balticoverlanders.eu\/sv\/produkt\/dometic-cfx3-25-mobil-kompressorkylare-25-l\/","title":{"rendered":"Dometic CFX3 25 Mobil kompressorkylare, 25 l"},"content":{"rendered":"<p>Vi presenterar Dometic CFX3, din ultimata kylkompis f\u00f6r utomhusbruk:<\/p>\n<ul>\n<li>Den totala volymen p\u00e5 25 liter rymmer 40 burkar eller fem 1,5-litersflaskor.<\/li>\n<li>Kraftig men \u00e4nd\u00e5 l\u00e4tt ExoFrame-konstruktion med fenderramskyddade kanter och handtag i aluminiumlegering.<\/li>\n<li>Kraftfull VMSO3-kompressorkylteknik kyler effektivt mellan +20 \u00b0C och -22 \u00b0C.<\/li>\n<li>L\u00e4ttl\u00e4st h\u00f6guppl\u00f6st f\u00e4rgdisplay och soft-touch-knappar f\u00f6r enkel styrning och \u00f6vervakning.<\/li>\n<li>CFX3 App m\u00f6jligg\u00f6r temperaturkontroll via WiFi eller Bluetooth och ger prestandahistorik.<\/li>\n<li>Det dynamiska batteriskyddssystemet f\u00f6rhindrar att fordonsbatteriet laddas ur eller att dubbla batterier laddas ur.<\/li>\n<li>Robust, l\u00e4tt och kompakt design som g\u00f6r den l\u00e4tt att b\u00e4ra med sig.<\/li>\n<\/ul>\n<p>&nbsp;<\/p>\n","protected":false},"excerpt":{"rendered":"<p>Den h\u00e4r kraftfulla kylboxen g\u00f6r att du kan ta med dig mer av den mat och dryck du \u00e4lskar, vart du \u00e4n g\u00e5r. Den robusta designen \u00e4r byggd f\u00f6r utomhusbruk, och den praktiska mobilappen g\u00f6r att du kan styra din Dometic CFX3 direkt fr\u00e5n fingertopparna. \u00c5k l\u00e4ngre, stanna l\u00e4ngre och upplev mer.<\/p>\n","protected":false},"featured_media":31228,"template":"","meta":[],"product_brand":[],"product_cat":[531,579],"product_tag":[],"class_list":{"0":"post-39477","1":"product","2":"type-product","3":"status-publish","4":"has-post-thumbnail","6":"product_cat-dometic-sv","7":"product_cat-kylare","9":"first","10":"onbackorder","11":"taxable","12":"shipping-taxable","13":"purchasable","14":"product-type-simple"},"yoast_head":"<!-- This site is optimized with the Yoast SEO plugin v27.3 - https:\/\/yoast.com\/product\/yoast-seo-wordpress\/ -->\n<title>Dometic CFX3 25 Mobil kompressorkylare, 25 l - BALTIC OVERLANDERS<\/title>\n<meta name=\"description\" content=\"Ta kontroll \u00f6ver dina utomhus\u00e4ventyr med Dometic CFX3-kylboxen. Robust design, enkel att anv\u00e4nda med mobilapp. Din ultimata reskamrat.\" \/>\n<meta name=\"robots\" content=\"index, follow, max-snippet:-1, max-image-preview:large, max-video-preview:-1\" \/>\n<link rel=\"canonical\" href=\"https:\/\/balticoverlanders.eu\/sv\/produkt\/dometic-cfx3-25-mobil-kompressorkylare-25-l\/\" \/>\n<meta property=\"og:locale\" content=\"sv_SE\" \/>\n<meta property=\"og:type\" content=\"article\" \/>\n<meta property=\"og:title\" content=\"Dometic CFX3 25 Mobil kompressorkylare, 25 l - BALTIC OVERLANDERS\" \/>\n<meta property=\"og:description\" content=\"Ta kontroll \u00f6ver dina utomhus\u00e4ventyr med Dometic CFX3-kylboxen. Robust design, enkel att anv\u00e4nda med mobilapp. Din ultimata reskamrat.\" \/>\n<meta property=\"og:url\" content=\"https:\/\/balticoverlanders.eu\/sv\/produkt\/dometic-cfx3-25-mobil-kompressorkylare-25-l\/\" \/>\n<meta property=\"og:site_name\" content=\"BALTIC OVERLANDERS\" \/>\n<meta property=\"article:modified_time\" content=\"2024-05-06T19:43:09+00:00\" \/>\n<meta property=\"og:image\" content=\"https:\/\/balticoverlanders.eu\/wp-content\/uploads\/2024\/02\/cfx3-45-9600025326-p401_lowres.jpg\" \/>\n\t<meta property=\"og:image:width\" content=\"1024\" \/>\n\t<meta property=\"og:image:height\" content=\"768\" \/>\n\t<meta property=\"og:image:type\" content=\"image\/jpeg\" \/>\n<meta name=\"twitter:card\" content=\"summary_large_image\" \/>\n<meta name=\"twitter:label1\" content=\"Ber\u00e4knad l\u00e4stid\" \/>\n\t<meta name=\"twitter:data1\" content=\"1 minut\" \/>\n<script type=\"application\/ld+json\" class=\"yoast-schema-graph\">{\"@context\":\"https:\\\/\\\/schema.org\",\"@graph\":[{\"@type\":\"WebPage\",\"@id\":\"https:\\\/\\\/balticoverlanders.eu\\\/sv\\\/produkt\\\/dometic-cfx3-25-mobil-kompressorkylare-25-l\\\/\",\"url\":\"https:\\\/\\\/balticoverlanders.eu\\\/sv\\\/produkt\\\/dometic-cfx3-25-mobil-kompressorkylare-25-l\\\/\",\"name\":\"Dometic CFX3 25 Mobil kompressorkylare, 25 l - BALTIC OVERLANDERS\",\"isPartOf\":{\"@id\":\"https:\\\/\\\/balticoverlanders.eu\\\/sv\\\/#website\"},\"primaryImageOfPage\":{\"@id\":\"https:\\\/\\\/balticoverlanders.eu\\\/sv\\\/produkt\\\/dometic-cfx3-25-mobil-kompressorkylare-25-l\\\/#primaryimage\"},\"image\":{\"@id\":\"https:\\\/\\\/balticoverlanders.eu\\\/sv\\\/produkt\\\/dometic-cfx3-25-mobil-kompressorkylare-25-l\\\/#primaryimage\"},\"thumbnailUrl\":\"https:\\\/\\\/balticoverlanders.eu\\\/wp-content\\\/uploads\\\/2024\\\/02\\\/cfx3-45-9600025326-p401_lowres.jpg\",\"datePublished\":\"2024-02-11T16:20:46+00:00\",\"dateModified\":\"2024-05-06T19:43:09+00:00\",\"description\":\"Ta kontroll \u00f6ver dina utomhus\u00e4ventyr med Dometic CFX3-kylboxen. Robust design, enkel att anv\u00e4nda med mobilapp. Din ultimata reskamrat.\",\"breadcrumb\":{\"@id\":\"https:\\\/\\\/balticoverlanders.eu\\\/sv\\\/produkt\\\/dometic-cfx3-25-mobil-kompressorkylare-25-l\\\/#breadcrumb\"},\"inLanguage\":\"sv-SE\",\"potentialAction\":[{\"@type\":\"ReadAction\",\"target\":[\"https:\\\/\\\/balticoverlanders.eu\\\/sv\\\/produkt\\\/dometic-cfx3-25-mobil-kompressorkylare-25-l\\\/\"]}]},{\"@type\":\"ImageObject\",\"inLanguage\":\"sv-SE\",\"@id\":\"https:\\\/\\\/balticoverlanders.eu\\\/sv\\\/produkt\\\/dometic-cfx3-25-mobil-kompressorkylare-25-l\\\/#primaryimage\",\"url\":\"https:\\\/\\\/balticoverlanders.eu\\\/wp-content\\\/uploads\\\/2024\\\/02\\\/cfx3-45-9600025326-p401_lowres.jpg\",\"contentUrl\":\"https:\\\/\\\/balticoverlanders.eu\\\/wp-content\\\/uploads\\\/2024\\\/02\\\/cfx3-45-9600025326-p401_lowres.jpg\",\"width\":1024,\"height\":768},{\"@type\":\"BreadcrumbList\",\"@id\":\"https:\\\/\\\/balticoverlanders.eu\\\/sv\\\/produkt\\\/dometic-cfx3-25-mobil-kompressorkylare-25-l\\\/#breadcrumb\",\"itemListElement\":[{\"@type\":\"ListItem\",\"position\":1,\"name\":\"Home\",\"item\":\"https:\\\/\\\/balticoverlanders.eu\\\/sv\\\/?page_id=30156\"},{\"@type\":\"ListItem\",\"position\":2,\"name\":\"Butik\",\"item\":\"https:\\\/\\\/balticoverlanders.eu\\\/sv\\\/?page_id=30894\"},{\"@type\":\"ListItem\",\"position\":3,\"name\":\"Dometic CFX3 25 Mobil kompressorkylare, 25 l\"}]},{\"@type\":\"WebSite\",\"@id\":\"https:\\\/\\\/balticoverlanders.eu\\\/sv\\\/#website\",\"url\":\"https:\\\/\\\/balticoverlanders.eu\\\/sv\\\/\",\"name\":\"BALTIC OVERLANDERS\",\"description\":\"Your one-stop shop in Latvia, Estonia, and Lithuania for all your car camping, rooftop tent and accessory needs.\",\"potentialAction\":[{\"@type\":\"SearchAction\",\"target\":{\"@type\":\"EntryPoint\",\"urlTemplate\":\"https:\\\/\\\/balticoverlanders.eu\\\/sv\\\/?s={search_term_string}\"},\"query-input\":{\"@type\":\"PropertyValueSpecification\",\"valueRequired\":true,\"valueName\":\"search_term_string\"}}],\"inLanguage\":\"sv-SE\"}]}<\/script>\n<!-- \/ Yoast SEO plugin. -->","yoast_head_json":{"title":"Dometic CFX3 25 Mobil kompressorkylare, 25 l - BALTIC OVERLANDERS","description":"Ta kontroll \u00f6ver dina utomhus\u00e4ventyr med Dometic CFX3-kylboxen. Robust design, enkel att anv\u00e4nda med mobilapp. Din ultimata reskamrat.","robots":{"index":"index","follow":"follow","max-snippet":"max-snippet:-1","max-image-preview":"max-image-preview:large","max-video-preview":"max-video-preview:-1"},"canonical":"https:\/\/balticoverlanders.eu\/sv\/produkt\/dometic-cfx3-25-mobil-kompressorkylare-25-l\/","og_locale":"sv_SE","og_type":"article","og_title":"Dometic CFX3 25 Mobil kompressorkylare, 25 l - BALTIC OVERLANDERS","og_description":"Ta kontroll \u00f6ver dina utomhus\u00e4ventyr med Dometic CFX3-kylboxen. Robust design, enkel att anv\u00e4nda med mobilapp. Din ultimata reskamrat.","og_url":"https:\/\/balticoverlanders.eu\/sv\/produkt\/dometic-cfx3-25-mobil-kompressorkylare-25-l\/","og_site_name":"BALTIC OVERLANDERS","article_modified_time":"2024-05-06T19:43:09+00:00","og_image":[{"width":1024,"height":768,"url":"https:\/\/balticoverlanders.eu\/wp-content\/uploads\/2024\/02\/cfx3-45-9600025326-p401_lowres.jpg","type":"image\/jpeg"}],"twitter_card":"summary_large_image","twitter_misc":{"Ber\u00e4knad l\u00e4stid":"1 minut"},"schema":{"@context":"https:\/\/schema.org","@graph":[{"@type":"WebPage","@id":"https:\/\/balticoverlanders.eu\/sv\/produkt\/dometic-cfx3-25-mobil-kompressorkylare-25-l\/","url":"https:\/\/balticoverlanders.eu\/sv\/produkt\/dometic-cfx3-25-mobil-kompressorkylare-25-l\/","name":"Dometic CFX3 25 Mobil kompressorkylare, 25 l - BALTIC OVERLANDERS","isPartOf":{"@id":"https:\/\/balticoverlanders.eu\/sv\/#website"},"primaryImageOfPage":{"@id":"https:\/\/balticoverlanders.eu\/sv\/produkt\/dometic-cfx3-25-mobil-kompressorkylare-25-l\/#primaryimage"},"image":{"@id":"https:\/\/balticoverlanders.eu\/sv\/produkt\/dometic-cfx3-25-mobil-kompressorkylare-25-l\/#primaryimage"},"thumbnailUrl":"https:\/\/balticoverlanders.eu\/wp-content\/uploads\/2024\/02\/cfx3-45-9600025326-p401_lowres.jpg","datePublished":"2024-02-11T16:20:46+00:00","dateModified":"2024-05-06T19:43:09+00:00","description":"Ta kontroll \u00f6ver dina utomhus\u00e4ventyr med Dometic CFX3-kylboxen. Robust design, enkel att anv\u00e4nda med mobilapp. Din ultimata reskamrat.","breadcrumb":{"@id":"https:\/\/balticoverlanders.eu\/sv\/produkt\/dometic-cfx3-25-mobil-kompressorkylare-25-l\/#breadcrumb"},"inLanguage":"sv-SE","potentialAction":[{"@type":"ReadAction","target":["https:\/\/balticoverlanders.eu\/sv\/produkt\/dometic-cfx3-25-mobil-kompressorkylare-25-l\/"]}]},{"@type":"ImageObject","inLanguage":"sv-SE","@id":"https:\/\/balticoverlanders.eu\/sv\/produkt\/dometic-cfx3-25-mobil-kompressorkylare-25-l\/#primaryimage","url":"https:\/\/balticoverlanders.eu\/wp-content\/uploads\/2024\/02\/cfx3-45-9600025326-p401_lowres.jpg","contentUrl":"https:\/\/balticoverlanders.eu\/wp-content\/uploads\/2024\/02\/cfx3-45-9600025326-p401_lowres.jpg","width":1024,"height":768},{"@type":"BreadcrumbList","@id":"https:\/\/balticoverlanders.eu\/sv\/produkt\/dometic-cfx3-25-mobil-kompressorkylare-25-l\/#breadcrumb","itemListElement":[{"@type":"ListItem","position":1,"name":"Home","item":"https:\/\/balticoverlanders.eu\/sv\/?page_id=30156"},{"@type":"ListItem","position":2,"name":"Butik","item":"https:\/\/balticoverlanders.eu\/sv\/?page_id=30894"},{"@type":"ListItem","position":3,"name":"Dometic CFX3 25 Mobil kompressorkylare, 25 l"}]},{"@type":"WebSite","@id":"https:\/\/balticoverlanders.eu\/sv\/#website","url":"https:\/\/balticoverlanders.eu\/sv\/","name":"BALTIC OVERLANDERS","description":"Your one-stop shop in Latvia, Estonia, and Lithuania for all your car camping, rooftop tent and accessory needs.","potentialAction":[{"@type":"SearchAction","target":{"@type":"EntryPoint","urlTemplate":"https:\/\/balticoverlanders.eu\/sv\/?s={search_term_string}"},"query-input":{"@type":"PropertyValueSpecification","valueRequired":true,"valueName":"search_term_string"}}],"inLanguage":"sv-SE"}]}},"_links":{"self":[{"href":"https:\/\/balticoverlanders.eu\/sv\/wp-json\/wp\/v2\/product\/39477","targetHints":{"allow":["GET"]}}],"collection":[{"href":"https:\/\/balticoverlanders.eu\/sv\/wp-json\/wp\/v2\/product"}],"about":[{"href":"https:\/\/balticoverlanders.eu\/sv\/wp-json\/wp\/v2\/types\/product"}],"wp:featuredmedia":[{"embeddable":true,"href":"https:\/\/balticoverlanders.eu\/sv\/wp-json\/wp\/v2\/media\/31228"}],"wp:attachment":[{"href":"https:\/\/balticoverlanders.eu\/sv\/wp-json\/wp\/v2\/media?parent=39477"}],"wp:term":[{"taxonomy":"product_brand","embeddable":true,"href":"https:\/\/balticoverlanders.eu\/sv\/wp-json\/wp\/v2\/product_brand?post=39477"},{"taxonomy":"product_cat","embeddable":true,"href":"https:\/\/balticoverlanders.eu\/sv\/wp-json\/wp\/v2\/product_cat?post=39477"},{"taxonomy":"product_tag","embeddable":true,"href":"https:\/\/balticoverlanders.eu\/sv\/wp-json\/wp\/v2\/product_tag?post=39477"}],"curies":[{"name":"wp","href":"https:\/\/api.w.org\/{rel}","templated":true}]}}