{"id":42840,"date":"2024-05-18T11:38:36","date_gmt":"2024-05-18T08:38:36","guid":{"rendered":"https:\/\/balticoverlanders.eu\/product\/wild-land-wild-cruiser-pro-250-taktalt\/"},"modified":"2024-05-20T15:31:10","modified_gmt":"2024-05-20T12:31:10","slug":"wild-land-wild-cruiser-pro-250-taktalt","status":"publish","type":"product","link":"https:\/\/balticoverlanders.eu\/sv\/produkt\/wild-land-wild-cruiser-pro-250-taktalt\/","title":{"rendered":"Wild Land Wild Cruiser PRO 250 Takt\u00e4lt"},"content":{"rendered":"<p><strong>Wild Land Wild Cruiser PRO 250 Takt\u00e4lt: Din ultimata l\u00f6sning f\u00f6r familjecamping<\/strong><\/p>\n<p><strong>\u00d6versikt<\/strong><\/p>\n<p>Vi introducerar Wild Cruiser PRO 250 Roof Tent, som \u00e4r sj\u00e4lva sinnebilden f\u00f6r komfort, bekv\u00e4mlighet och h\u00e5llbarhet f\u00f6r familjens camping\u00e4ventyr. Detta innovativa t\u00e4lt \u00e4r utformat f\u00f6r att rymma upp till sex personer och har en rymlig sovyta p\u00e5 250&#215;200 cm. Den \u00e4r idealisk f\u00f6r st\u00f6rre fordon och \u00e4r din perfekta f\u00f6ljeslagare f\u00f6r resor under hela s\u00e4songen, med exceptionell komfort och anv\u00e4ndarv\u00e4nlighet.<\/p>\n<p><strong>Viktiga funktioner<\/strong><\/p>\n<ul>\n<li><strong>Rymlig och bekv\u00e4m design:<\/strong> T\u00e4ltet str\u00e4cker sig utanf\u00f6r fordonets konturer och skapar ett gener\u00f6st utrymme f\u00f6r s\u00f6mn och aktiviteter. Med en installationstid p\u00e5 mindre \u00e4n en minut kan du \u00e4gna mer tid \u00e5t att njuta av ditt \u00e4ventyr.<\/li>\n<li><strong>Panoramautsikt:<\/strong> Stora panoramaf\u00f6nster p\u00e5 alla sidor ger dig kontakt med naturen och erbjuder fantastisk utsikt och rikligt med naturligt ljus.<\/li>\n<li><strong>F\u00f6rb\u00e4ttrad komfort:<\/strong> PRO-versionen inkluderar en isolerad takhimmel f\u00f6r \u00f6verl\u00e4gsen termisk komfort i alla v\u00e4derf\u00f6rh\u00e5llanden, plus integrerad LED-belysning f\u00f6r en mysig atmosf\u00e4r.<\/li>\n<li><strong>Komfort och bekv\u00e4mlighet<\/strong><\/li>\n<li><strong>Gott om f\u00f6rvaringsutrymmen:<\/strong> Inuti t\u00e4ltet finns extra f\u00f6rvaringsutrymmen och fickor som hj\u00e4lper dig att h\u00e5lla dina tillh\u00f6righeter organiserade och l\u00e4ttillg\u00e4ngliga.<\/li>\n<li><strong>Bekv\u00e4m s\u00f6mn:<\/strong> T\u00e4ltet har en 8 cm tjock madrass utan skarvar, vilket ger o\u00f6vertr\u00e4ffad komfort f\u00f6r en vilsam natts s\u00f6mn.<\/li>\n<li><strong>Utm\u00e4rkt ventilation:<\/strong> T\u00e4ltets konstruktion s\u00e4kerst\u00e4ller tillr\u00e4cklig luftcirkulation, med extra ventilationsh\u00e5l i huvudlinan och framtill f\u00f6r att f\u00f6rhindra kondens.<\/li>\n<li><strong>V\u00e4derbest\u00e4ndigt:<\/strong> Ramkonstruktionen m\u00f6jligg\u00f6r ventilation \u00e4ven n\u00e4r t\u00e4ltet \u00e4r st\u00e4ngt vid regn, vilket garanterar en torr och bekv\u00e4m inredning.<\/li>\n<\/ul>\n<p><strong>Ytterligare funktioner<\/strong><\/p>\n<ul>\n<li><strong>Utrymme f\u00f6r flera anv\u00e4ndningsomr\u00e5den:<\/strong> Omr\u00e5det under t\u00e4ltet kan anv\u00e4ndas f\u00f6r att s\u00e4tta upp ett bord, laga mat och gemensamma aktiviteter, vilket g\u00f6r det till en m\u00e5ngsidig campingl\u00f6sning.<\/li>\n<li><strong>Avtagbara element:<\/strong> Alla delar av t\u00e4ltet \u00e4r helt avtagbara f\u00f6r enkel reng\u00f6ring och underh\u00e5ll. Madrass\u00f6verdraget kan tv\u00e4ttas och materialet kan impregneras f\u00f6r att f\u00f6rl\u00e4nga dess livsl\u00e4ngd.<\/li>\n<li><strong>Service efter garantitiden:<\/strong> \u00c4ven efter den 2-\u00e5riga garantiperioden kan du lita p\u00e5 v\u00e5r service efter garantitiden, med de flesta delar l\u00e4tt tillg\u00e4ngliga.<\/li>\n<li><strong>Valfria tillbeh\u00f6r:<\/strong> F\u00f6rb\u00e4ttra din campingupplevelse med extra tillbeh\u00f6r som s\u00e4rskild isolering, ett vindf\u00e5ng som str\u00e4cker sig l\u00e4ngre \u00e4n bilens konturer eller ett universellt vindf\u00e5ng\/markis.<\/li>\n<\/ul>\n<p><strong>Varf\u00f6r v\u00e4lja Wild Land Wild Cruiser PRO 250?<\/strong><\/p>\n<p>Omfamna naturen med Wild Cruiser PRO 250 Roof Tent. Den familjev\u00e4nliga designen, den snabba installationen och de robusta funktionerna g\u00f6r den till det ultimata valet f\u00f6r alla camping\u00e4ventyr. Oavsett om du utforskar soliga str\u00e4nder eller sn\u00f6iga berg garanterar Wild Cruiser PRO 250 en bekv\u00e4m och minnesv\u00e4rd upplevelse f\u00f6r hela familjen.<\/p>\n<p><strong>Ge dig ut p\u00e5 ditt n\u00e4sta \u00e4ventyr med Wild Cruiser PRO 250-takt\u00e4ltet &#8211; d\u00e4r familjekomfort m\u00f6ter exceptionell h\u00e5llbarhet, vilket g\u00f6r varje resa of\u00f6rgl\u00f6mlig.<\/strong><\/p>\n","protected":false},"excerpt":{"rendered":"<p>Prisv\u00e4rt familjet\u00e4lt med mjukt skal p\u00e5 taket. Den nya PRO-versionen har ett isolerat huvudt\u00e4lt f\u00f6r b\u00e4ttre termisk komfort under varma dagar och under den kallare \u00e5rstiden, LED-lampa inuti, ett lock tillverkat av Cordura f\u00f6r mycket enklare vikning Komplett med en teleskopstege upp till 230 cm l\u00e4ngd, madrass, skofickor, 2 extra ben f\u00f6r att st\u00f6dja och j\u00e4mna ut t\u00e4ltet, LED-lampa inuti, monteringssats tillsammans med instruktioner<\/p>\n","protected":false},"featured_media":42408,"template":"","meta":[],"product_brand":[],"product_cat":[381,488],"product_tag":[],"class_list":{"0":"post-42840","1":"product","2":"type-product","3":"status-publish","4":"has-post-thumbnail","6":"product_cat-talt-pa-tak","7":"product_cat-vildmark","9":"first","10":"onbackorder","11":"taxable","12":"shipping-taxable","13":"purchasable","14":"product-type-simple"},"yoast_head":"<!-- This site is optimized with the Yoast SEO plugin v27.2 - https:\/\/yoast.com\/product\/yoast-seo-wordpress\/ -->\n<title>Wild Land Wild Cruiser PRO 250 Takt\u00e4lt - BALTIC OVERLANDERS<\/title>\n<meta name=\"description\" content=\"Prisv\u00e4rt familjet\u00e4lt med mjukt skal och isolerat innertak, LED-lampa, slitstarkt Cordura-\u00f6verdrag, teleskopstege, madrass, skofickor, st\u00f6dben och monteringssats.\" \/>\n<meta name=\"robots\" content=\"index, follow, max-snippet:-1, max-image-preview:large, max-video-preview:-1\" \/>\n<link rel=\"canonical\" href=\"https:\/\/balticoverlanders.eu\/sv\/produkt\/wild-land-wild-cruiser-pro-250-taktalt\/\" \/>\n<meta property=\"og:locale\" content=\"sv_SE\" \/>\n<meta property=\"og:type\" content=\"article\" \/>\n<meta property=\"og:title\" content=\"Wild Land Wild Cruiser PRO 250 Takt\u00e4lt - BALTIC OVERLANDERS\" \/>\n<meta property=\"og:description\" content=\"Prisv\u00e4rt familjet\u00e4lt med mjukt skal och isolerat innertak, LED-lampa, slitstarkt Cordura-\u00f6verdrag, teleskopstege, madrass, skofickor, st\u00f6dben och monteringssats.\" \/>\n<meta property=\"og:url\" content=\"https:\/\/balticoverlanders.eu\/sv\/produkt\/wild-land-wild-cruiser-pro-250-taktalt\/\" \/>\n<meta property=\"og:site_name\" content=\"BALTIC OVERLANDERS\" \/>\n<meta property=\"article:modified_time\" content=\"2024-05-20T12:31:10+00:00\" \/>\n<meta property=\"og:image\" content=\"https:\/\/balticoverlanders.eu\/wp-content\/uploads\/2024\/05\/namiot-dachowy-Wild-Cruiser-PRO-250-rozlozony-na-Wranglerze-widok-z-tylu-auta.jpg\" \/>\n\t<meta property=\"og:image:width\" content=\"1500\" \/>\n\t<meta property=\"og:image:height\" content=\"1000\" \/>\n\t<meta property=\"og:image:type\" content=\"image\/jpeg\" \/>\n<meta name=\"twitter:card\" content=\"summary_large_image\" \/>\n<meta name=\"twitter:label1\" content=\"Ber\u00e4knad l\u00e4stid\" \/>\n\t<meta name=\"twitter:data1\" content=\"3 minuter\" \/>\n<script type=\"application\/ld+json\" class=\"yoast-schema-graph\">{\"@context\":\"https:\/\/schema.org\",\"@graph\":[{\"@type\":\"WebPage\",\"@id\":\"https:\/\/balticoverlanders.eu\/sv\/produkt\/wild-land-wild-cruiser-pro-250-taktalt\/\",\"url\":\"https:\/\/balticoverlanders.eu\/sv\/produkt\/wild-land-wild-cruiser-pro-250-taktalt\/\",\"name\":\"Wild Land Wild Cruiser PRO 250 Takt\u00e4lt - BALTIC OVERLANDERS\",\"isPartOf\":{\"@id\":\"https:\/\/balticoverlanders.eu\/sv\/#website\"},\"primaryImageOfPage\":{\"@id\":\"https:\/\/balticoverlanders.eu\/sv\/produkt\/wild-land-wild-cruiser-pro-250-taktalt\/#primaryimage\"},\"image\":{\"@id\":\"https:\/\/balticoverlanders.eu\/sv\/produkt\/wild-land-wild-cruiser-pro-250-taktalt\/#primaryimage\"},\"thumbnailUrl\":\"https:\/\/balticoverlanders.eu\/wp-content\/uploads\/2024\/05\/namiot-dachowy-Wild-Cruiser-PRO-250-rozlozony-na-Wranglerze-widok-z-tylu-auta.jpg\",\"datePublished\":\"2024-05-18T08:38:36+00:00\",\"dateModified\":\"2024-05-20T12:31:10+00:00\",\"description\":\"Prisv\u00e4rt familjet\u00e4lt med mjukt skal och isolerat innertak, LED-lampa, slitstarkt Cordura-\u00f6verdrag, teleskopstege, madrass, skofickor, st\u00f6dben och monteringssats.\",\"breadcrumb\":{\"@id\":\"https:\/\/balticoverlanders.eu\/sv\/produkt\/wild-land-wild-cruiser-pro-250-taktalt\/#breadcrumb\"},\"inLanguage\":\"sv-SE\",\"potentialAction\":[{\"@type\":\"ReadAction\",\"target\":[\"https:\/\/balticoverlanders.eu\/sv\/produkt\/wild-land-wild-cruiser-pro-250-taktalt\/\"]}]},{\"@type\":\"ImageObject\",\"inLanguage\":\"sv-SE\",\"@id\":\"https:\/\/balticoverlanders.eu\/sv\/produkt\/wild-land-wild-cruiser-pro-250-taktalt\/#primaryimage\",\"url\":\"https:\/\/balticoverlanders.eu\/wp-content\/uploads\/2024\/05\/namiot-dachowy-Wild-Cruiser-PRO-250-rozlozony-na-Wranglerze-widok-z-tylu-auta.jpg\",\"contentUrl\":\"https:\/\/balticoverlanders.eu\/wp-content\/uploads\/2024\/05\/namiot-dachowy-Wild-Cruiser-PRO-250-rozlozony-na-Wranglerze-widok-z-tylu-auta.jpg\",\"width\":1500,\"height\":1000},{\"@type\":\"BreadcrumbList\",\"@id\":\"https:\/\/balticoverlanders.eu\/sv\/produkt\/wild-land-wild-cruiser-pro-250-taktalt\/#breadcrumb\",\"itemListElement\":[{\"@type\":\"ListItem\",\"position\":1,\"name\":\"Home\",\"item\":\"https:\/\/balticoverlanders.eu\/sv\/?page_id=30156\"},{\"@type\":\"ListItem\",\"position\":2,\"name\":\"Butik\",\"item\":\"https:\/\/balticoverlanders.eu\/sv\/?page_id=30894\"},{\"@type\":\"ListItem\",\"position\":3,\"name\":\"Wild Land Wild Cruiser PRO 250 Takt\u00e4lt\"}]},{\"@type\":\"WebSite\",\"@id\":\"https:\/\/balticoverlanders.eu\/sv\/#website\",\"url\":\"https:\/\/balticoverlanders.eu\/sv\/\",\"name\":\"BALTIC OVERLANDERS\",\"description\":\"Your one-stop shop in Latvia, Estonia, and Lithuania for all your car camping, rooftop tent and accessory needs.\",\"potentialAction\":[{\"@type\":\"SearchAction\",\"target\":{\"@type\":\"EntryPoint\",\"urlTemplate\":\"https:\/\/balticoverlanders.eu\/sv\/?s={search_term_string}\"},\"query-input\":{\"@type\":\"PropertyValueSpecification\",\"valueRequired\":true,\"valueName\":\"search_term_string\"}}],\"inLanguage\":\"sv-SE\"}]}<\/script>\n<!-- \/ Yoast SEO plugin. -->","yoast_head_json":{"title":"Wild Land Wild Cruiser PRO 250 Takt\u00e4lt - BALTIC OVERLANDERS","description":"Prisv\u00e4rt familjet\u00e4lt med mjukt skal och isolerat innertak, LED-lampa, slitstarkt Cordura-\u00f6verdrag, teleskopstege, madrass, skofickor, st\u00f6dben och monteringssats.","robots":{"index":"index","follow":"follow","max-snippet":"max-snippet:-1","max-image-preview":"max-image-preview:large","max-video-preview":"max-video-preview:-1"},"canonical":"https:\/\/balticoverlanders.eu\/sv\/produkt\/wild-land-wild-cruiser-pro-250-taktalt\/","og_locale":"sv_SE","og_type":"article","og_title":"Wild Land Wild Cruiser PRO 250 Takt\u00e4lt - BALTIC OVERLANDERS","og_description":"Prisv\u00e4rt familjet\u00e4lt med mjukt skal och isolerat innertak, LED-lampa, slitstarkt Cordura-\u00f6verdrag, teleskopstege, madrass, skofickor, st\u00f6dben och monteringssats.","og_url":"https:\/\/balticoverlanders.eu\/sv\/produkt\/wild-land-wild-cruiser-pro-250-taktalt\/","og_site_name":"BALTIC OVERLANDERS","article_modified_time":"2024-05-20T12:31:10+00:00","og_image":[{"width":1500,"height":1000,"url":"https:\/\/balticoverlanders.eu\/wp-content\/uploads\/2024\/05\/namiot-dachowy-Wild-Cruiser-PRO-250-rozlozony-na-Wranglerze-widok-z-tylu-auta.jpg","type":"image\/jpeg"}],"twitter_card":"summary_large_image","twitter_misc":{"Ber\u00e4knad l\u00e4stid":"3 minuter"},"schema":{"@context":"https:\/\/schema.org","@graph":[{"@type":"WebPage","@id":"https:\/\/balticoverlanders.eu\/sv\/produkt\/wild-land-wild-cruiser-pro-250-taktalt\/","url":"https:\/\/balticoverlanders.eu\/sv\/produkt\/wild-land-wild-cruiser-pro-250-taktalt\/","name":"Wild Land Wild Cruiser PRO 250 Takt\u00e4lt - BALTIC OVERLANDERS","isPartOf":{"@id":"https:\/\/balticoverlanders.eu\/sv\/#website"},"primaryImageOfPage":{"@id":"https:\/\/balticoverlanders.eu\/sv\/produkt\/wild-land-wild-cruiser-pro-250-taktalt\/#primaryimage"},"image":{"@id":"https:\/\/balticoverlanders.eu\/sv\/produkt\/wild-land-wild-cruiser-pro-250-taktalt\/#primaryimage"},"thumbnailUrl":"https:\/\/balticoverlanders.eu\/wp-content\/uploads\/2024\/05\/namiot-dachowy-Wild-Cruiser-PRO-250-rozlozony-na-Wranglerze-widok-z-tylu-auta.jpg","datePublished":"2024-05-18T08:38:36+00:00","dateModified":"2024-05-20T12:31:10+00:00","description":"Prisv\u00e4rt familjet\u00e4lt med mjukt skal och isolerat innertak, LED-lampa, slitstarkt Cordura-\u00f6verdrag, teleskopstege, madrass, skofickor, st\u00f6dben och monteringssats.","breadcrumb":{"@id":"https:\/\/balticoverlanders.eu\/sv\/produkt\/wild-land-wild-cruiser-pro-250-taktalt\/#breadcrumb"},"inLanguage":"sv-SE","potentialAction":[{"@type":"ReadAction","target":["https:\/\/balticoverlanders.eu\/sv\/produkt\/wild-land-wild-cruiser-pro-250-taktalt\/"]}]},{"@type":"ImageObject","inLanguage":"sv-SE","@id":"https:\/\/balticoverlanders.eu\/sv\/produkt\/wild-land-wild-cruiser-pro-250-taktalt\/#primaryimage","url":"https:\/\/balticoverlanders.eu\/wp-content\/uploads\/2024\/05\/namiot-dachowy-Wild-Cruiser-PRO-250-rozlozony-na-Wranglerze-widok-z-tylu-auta.jpg","contentUrl":"https:\/\/balticoverlanders.eu\/wp-content\/uploads\/2024\/05\/namiot-dachowy-Wild-Cruiser-PRO-250-rozlozony-na-Wranglerze-widok-z-tylu-auta.jpg","width":1500,"height":1000},{"@type":"BreadcrumbList","@id":"https:\/\/balticoverlanders.eu\/sv\/produkt\/wild-land-wild-cruiser-pro-250-taktalt\/#breadcrumb","itemListElement":[{"@type":"ListItem","position":1,"name":"Home","item":"https:\/\/balticoverlanders.eu\/sv\/?page_id=30156"},{"@type":"ListItem","position":2,"name":"Butik","item":"https:\/\/balticoverlanders.eu\/sv\/?page_id=30894"},{"@type":"ListItem","position":3,"name":"Wild Land Wild Cruiser PRO 250 Takt\u00e4lt"}]},{"@type":"WebSite","@id":"https:\/\/balticoverlanders.eu\/sv\/#website","url":"https:\/\/balticoverlanders.eu\/sv\/","name":"BALTIC OVERLANDERS","description":"Your one-stop shop in Latvia, Estonia, and Lithuania for all your car camping, rooftop tent and accessory needs.","potentialAction":[{"@type":"SearchAction","target":{"@type":"EntryPoint","urlTemplate":"https:\/\/balticoverlanders.eu\/sv\/?s={search_term_string}"},"query-input":{"@type":"PropertyValueSpecification","valueRequired":true,"valueName":"search_term_string"}}],"inLanguage":"sv-SE"}]}},"_links":{"self":[{"href":"https:\/\/balticoverlanders.eu\/sv\/wp-json\/wp\/v2\/product\/42840","targetHints":{"allow":["GET"]}}],"collection":[{"href":"https:\/\/balticoverlanders.eu\/sv\/wp-json\/wp\/v2\/product"}],"about":[{"href":"https:\/\/balticoverlanders.eu\/sv\/wp-json\/wp\/v2\/types\/product"}],"wp:featuredmedia":[{"embeddable":true,"href":"https:\/\/balticoverlanders.eu\/sv\/wp-json\/wp\/v2\/media\/42408"}],"wp:attachment":[{"href":"https:\/\/balticoverlanders.eu\/sv\/wp-json\/wp\/v2\/media?parent=42840"}],"wp:term":[{"taxonomy":"product_brand","embeddable":true,"href":"https:\/\/balticoverlanders.eu\/sv\/wp-json\/wp\/v2\/product_brand?post=42840"},{"taxonomy":"product_cat","embeddable":true,"href":"https:\/\/balticoverlanders.eu\/sv\/wp-json\/wp\/v2\/product_cat?post=42840"},{"taxonomy":"product_tag","embeddable":true,"href":"https:\/\/balticoverlanders.eu\/sv\/wp-json\/wp\/v2\/product_tag?post=42840"}],"curies":[{"name":"wp","href":"https:\/\/api.w.org\/{rel}","templated":true}]}}