{"id":42854,"date":"2024-05-18T11:25:32","date_gmt":"2024-05-18T08:25:32","guid":{"rendered":"https:\/\/balticoverlanders.eu\/product\/wild-land-lite-cruiser-120-taktalt\/"},"modified":"2024-05-20T15:40:21","modified_gmt":"2024-05-20T12:40:21","slug":"wild-land-lite-cruiser-120-taktalt","status":"publish","type":"product","link":"https:\/\/balticoverlanders.eu\/sv\/produkt\/wild-land-lite-cruiser-120-taktalt\/","title":{"rendered":"Wild Land Lite Cruiser 120 Takt\u00e4lt"},"content":{"rendered":"<h2>Wild Land Lite Cruiser 120 Takt\u00e4lt: Din ultimata reskamrat<\/h2>\n<h3>\u00d6versikt<\/h3>\n<p>Vi introducerar Lite Cruiser 120 Roof Tent, den perfekta l\u00f6sningen f\u00f6r dig som s\u00f6ker \u00e4ventyr utan att kompromissa med komforten. Detta innovativa t\u00e4lt \u00e4r utformat f\u00f6r att passa \u00e4ven de minsta bilarna och \u00e4r kompakt n\u00e4r det \u00e4r hopf\u00e4llt, men rymligt och h\u00e5llbart n\u00e4r det \u00e4r uppst\u00e4llt. Den \u00e4r idealisk f\u00f6r tv\u00e5 personer och \u00e4r din l\u00f6sning f\u00f6r problemfria campingupplevelser.<\/p>\n<h3>Viktiga funktioner<\/h3>\n<p><strong>Kompakt och l\u00e4ttviktig design<\/strong>:<\/p>\n<ul>\n<li><strong>M\u00e5tt och dimensioner<\/strong>: Det hopvikta t\u00e4ltet m\u00e4ter bara 110 cm i bredd, 125 cm i l\u00e4ngd och 30 cm i h\u00f6jd.<\/li>\n<li>L\u00e5g <strong>vikt<\/strong>: L\u00e4ttviktskonstruktion i aluminium, v\u00e4ger endast 39 kg inklusive stege.<\/li>\n<\/ul>\n<p><strong>Slitstark konstruktion<\/strong>:<\/p>\n<ul>\n<li>Tillverkad av en blandning av 600D Rip-Stop Polycotton PU 2000mm f\u00f6r huvuddelen och 210D Rip-Stop Polyoxford PU 3000mm f\u00f6r insektsskyddet, med ett UPF50+ solskyddslager.<\/li>\n<\/ul>\n<p><strong>Snabb installation<\/strong>:<\/p>\n<ul>\n<li>F\u00e4lls upp p\u00e5 mindre \u00e4n en minut och erbjuder en sovyta p\u00e5 120\u00d7215 cm.<\/li>\n<li>Madrassen \u00e4r i ett enda, odelat stycke f\u00f6r maximal komfort.<\/li>\n<\/ul>\n<h3>Komfort och bekv\u00e4mlighet<\/h3>\n<p><strong>Panoramaf\u00f6nster<\/strong>:<\/p>\n<ul>\n<li>Njut av naturen med panoramaf\u00f6nster som kan st\u00e4ngas vid regn f\u00f6r att f\u00f6rhindra att vatten tr\u00e4nger in.<\/li>\n<li>Tejpade s\u00f6mmar och en omplacerad dragkedja i t\u00e4ltduken s\u00e4kerst\u00e4ller vattenresistens, medan det specialdesignade \u00f6verdraget dr\u00e4nerar vatten l\u00e4ngs ytterv\u00e4ggarna som en r\u00e4nna.<\/li>\n<\/ul>\n<p><strong>Ventilation<\/strong>:<\/p>\n<ul>\n<li>Tillr\u00e4cklig luftcirkulation med ett extra ventilationsh\u00e5l p\u00e5 insidan f\u00f6r att f\u00f6rhindra kondens.<\/li>\n<li>Innerfickor f\u00f6r f\u00f6rvaring av sm\u00e5saker som glas\u00f6gon eller mobiltelefon.<\/li>\n<\/ul>\n<p><strong>Bekv\u00e4m madrass<\/strong>:<\/p>\n<ul>\n<li>Ger en oavbruten s\u00f6mnupplevelse med en enda, odelad madrass f\u00f6r \u00f6kad komfort.<\/li>\n<\/ul>\n<h3>Ytterligare funktioner<\/h3>\n<p><strong>V\u00e4derbest\u00e4ndigt<\/strong>:<\/p>\n<ul>\n<li>T\u00e4ltets material och konstruktion \u00e4r utformade f\u00f6r att klara olika v\u00e4derf\u00f6rh\u00e5llanden, vilket garanterar h\u00e5llbarhet och komfort \u00e5ret runt.<\/li>\n<\/ul>\n<p><strong>Enkel f\u00f6rvaring och underh\u00e5ll<\/strong>:<\/p>\n<ul>\n<li>Avtagbar och f\u00f6rvaringsbar stege i t\u00e4ltet eller i bilen.<\/li>\n<li>L\u00f6stagbara element f\u00f6r enkel reng\u00f6ring och underh\u00e5ll.<\/li>\n<\/ul>\n<h3>Varf\u00f6r v\u00e4lja Lite Cruiser 120?<\/h3>\n<p>Upplev naturen som aldrig f\u00f6rr med takt\u00e4ltet Lite Cruiser 120. Dess robusta design, snabba installation och egenskaper f\u00f6r alla v\u00e4der g\u00f6r den till den ultimata f\u00f6ljeslagaren f\u00f6r alla \u00e4ventyr. Oavsett om du campar p\u00e5 sommaren eller utforskar sn\u00f6iga landskap ger Lite Cruiser 120 dig en bekv\u00e4m och problemfri upplevelse.<\/p>\n<p>Omfamna \u00e4ventyrsandan med Lite Cruiser 120 Roof Tent \u2013 d\u00e4r komfort m\u00f6ter h\u00e5llbarhet och varje resa blir minnesv\u00e4rd.<\/p>\n","protected":false},"excerpt":{"rendered":"<p>Ultral\u00e4tt och prisv\u00e4rt soft shell-takt\u00e4lt, kompakt storlek f\u00f6r alla sm\u00e5 bilar med en vikt p\u00e5 bara 39 kg, stors\u00e4ljare f\u00f6r singlar och unga par Komplett med teleskopstege upp till 230 cm l\u00e4ngd, madrass, skofickor, LED-lampa inuti, monteringssats tillsammans med instruktioner<\/p>\n","protected":false},"featured_media":42371,"template":"","meta":[],"product_brand":[],"product_cat":[381,488],"product_tag":[],"class_list":{"0":"post-42854","1":"product","2":"type-product","3":"status-publish","4":"has-post-thumbnail","6":"product_cat-talt-pa-tak","7":"product_cat-vildmark","9":"first","10":"onbackorder","11":"taxable","12":"shipping-taxable","13":"purchasable","14":"product-type-simple"},"yoast_head":"<!-- This site is optimized with the Yoast SEO plugin v27.5 - https:\/\/yoast.com\/product\/yoast-seo-wordpress\/ -->\n<title>Wild Land Lite Cruiser 120 Takt\u00e4lt - BALTIC OVERLANDERS<\/title>\n<meta name=\"description\" content=\"Uppt\u00e4ck v\u00e5rt ultral\u00e4tta, prisv\u00e4rda softshell-takt\u00e4lt f\u00f6r sm\u00e5 bilar, som v\u00e4ger endast 39 kg. Perfekt f\u00f6r singlar och unga par. Inneh\u00e5ller stege, madrass, LED-lampa och monteringssats.\" \/>\n<meta name=\"robots\" content=\"index, follow, max-snippet:-1, max-image-preview:large, max-video-preview:-1\" \/>\n<link rel=\"canonical\" href=\"https:\/\/balticoverlanders.eu\/sv\/produkt\/wild-land-lite-cruiser-120-taktalt\/\" \/>\n<meta property=\"og:locale\" content=\"sv_SE\" \/>\n<meta property=\"og:type\" content=\"article\" \/>\n<meta property=\"og:title\" content=\"Wild Land Lite Cruiser 120 Takt\u00e4lt - BALTIC OVERLANDERS\" \/>\n<meta property=\"og:description\" content=\"Uppt\u00e4ck v\u00e5rt ultral\u00e4tta, prisv\u00e4rda softshell-takt\u00e4lt f\u00f6r sm\u00e5 bilar, som v\u00e4ger endast 39 kg. Perfekt f\u00f6r singlar och unga par. Inneh\u00e5ller stege, madrass, LED-lampa och monteringssats.\" \/>\n<meta property=\"og:url\" content=\"https:\/\/balticoverlanders.eu\/sv\/produkt\/wild-land-lite-cruiser-120-taktalt\/\" \/>\n<meta property=\"og:site_name\" content=\"BALTIC OVERLANDERS\" \/>\n<meta property=\"article:modified_time\" content=\"2024-05-20T12:40:21+00:00\" \/>\n<meta property=\"og:image\" content=\"https:\/\/balticoverlanders.eu\/wp-content\/uploads\/2024\/05\/namiot-dachowy-Lite-Cruiser-rozlozony-z-otwartymi-oknami-rozlozony-stolik-i-krzesla-VW-Golf-Hatchback-poziom.jpg\" \/>\n\t<meta property=\"og:image:width\" content=\"1681\" \/>\n\t<meta property=\"og:image:height\" content=\"1000\" \/>\n\t<meta property=\"og:image:type\" content=\"image\/jpeg\" \/>\n<meta name=\"twitter:card\" content=\"summary_large_image\" \/>\n<meta name=\"twitter:label1\" content=\"Ber\u00e4knad l\u00e4stid\" \/>\n\t<meta name=\"twitter:data1\" content=\"2 minuter\" \/>\n<script type=\"application\/ld+json\" class=\"yoast-schema-graph\">{\"@context\":\"https:\\\/\\\/schema.org\",\"@graph\":[{\"@type\":\"WebPage\",\"@id\":\"https:\\\/\\\/balticoverlanders.eu\\\/sv\\\/produkt\\\/wild-land-lite-cruiser-120-taktalt\\\/\",\"url\":\"https:\\\/\\\/balticoverlanders.eu\\\/sv\\\/produkt\\\/wild-land-lite-cruiser-120-taktalt\\\/\",\"name\":\"Wild Land Lite Cruiser 120 Takt\u00e4lt - BALTIC OVERLANDERS\",\"isPartOf\":{\"@id\":\"https:\\\/\\\/balticoverlanders.eu\\\/sv\\\/#website\"},\"primaryImageOfPage\":{\"@id\":\"https:\\\/\\\/balticoverlanders.eu\\\/sv\\\/produkt\\\/wild-land-lite-cruiser-120-taktalt\\\/#primaryimage\"},\"image\":{\"@id\":\"https:\\\/\\\/balticoverlanders.eu\\\/sv\\\/produkt\\\/wild-land-lite-cruiser-120-taktalt\\\/#primaryimage\"},\"thumbnailUrl\":\"https:\\\/\\\/balticoverlanders.eu\\\/wp-content\\\/uploads\\\/2024\\\/05\\\/namiot-dachowy-Lite-Cruiser-rozlozony-z-otwartymi-oknami-rozlozony-stolik-i-krzesla-VW-Golf-Hatchback-poziom.jpg\",\"datePublished\":\"2024-05-18T08:25:32+00:00\",\"dateModified\":\"2024-05-20T12:40:21+00:00\",\"description\":\"Uppt\u00e4ck v\u00e5rt ultral\u00e4tta, prisv\u00e4rda softshell-takt\u00e4lt f\u00f6r sm\u00e5 bilar, som v\u00e4ger endast 39 kg. Perfekt f\u00f6r singlar och unga par. Inneh\u00e5ller stege, madrass, LED-lampa och monteringssats.\",\"breadcrumb\":{\"@id\":\"https:\\\/\\\/balticoverlanders.eu\\\/sv\\\/produkt\\\/wild-land-lite-cruiser-120-taktalt\\\/#breadcrumb\"},\"inLanguage\":\"sv-SE\",\"potentialAction\":[{\"@type\":\"ReadAction\",\"target\":[\"https:\\\/\\\/balticoverlanders.eu\\\/sv\\\/produkt\\\/wild-land-lite-cruiser-120-taktalt\\\/\"]}]},{\"@type\":\"ImageObject\",\"inLanguage\":\"sv-SE\",\"@id\":\"https:\\\/\\\/balticoverlanders.eu\\\/sv\\\/produkt\\\/wild-land-lite-cruiser-120-taktalt\\\/#primaryimage\",\"url\":\"https:\\\/\\\/balticoverlanders.eu\\\/wp-content\\\/uploads\\\/2024\\\/05\\\/namiot-dachowy-Lite-Cruiser-rozlozony-z-otwartymi-oknami-rozlozony-stolik-i-krzesla-VW-Golf-Hatchback-poziom.jpg\",\"contentUrl\":\"https:\\\/\\\/balticoverlanders.eu\\\/wp-content\\\/uploads\\\/2024\\\/05\\\/namiot-dachowy-Lite-Cruiser-rozlozony-z-otwartymi-oknami-rozlozony-stolik-i-krzesla-VW-Golf-Hatchback-poziom.jpg\",\"width\":1681,\"height\":1000},{\"@type\":\"BreadcrumbList\",\"@id\":\"https:\\\/\\\/balticoverlanders.eu\\\/sv\\\/produkt\\\/wild-land-lite-cruiser-120-taktalt\\\/#breadcrumb\",\"itemListElement\":[{\"@type\":\"ListItem\",\"position\":1,\"name\":\"Home\",\"item\":\"https:\\\/\\\/balticoverlanders.eu\\\/sv\\\/?page_id=30156\"},{\"@type\":\"ListItem\",\"position\":2,\"name\":\"Butik\",\"item\":\"https:\\\/\\\/balticoverlanders.eu\\\/sv\\\/?page_id=30894\"},{\"@type\":\"ListItem\",\"position\":3,\"name\":\"Wild Land Lite Cruiser 120 Takt\u00e4lt\"}]},{\"@type\":\"WebSite\",\"@id\":\"https:\\\/\\\/balticoverlanders.eu\\\/sv\\\/#website\",\"url\":\"https:\\\/\\\/balticoverlanders.eu\\\/sv\\\/\",\"name\":\"BALTIC OVERLANDERS\",\"description\":\"Your one-stop shop in Latvia, Estonia, and Lithuania for all your car camping, rooftop tent and accessory needs.\",\"potentialAction\":[{\"@type\":\"SearchAction\",\"target\":{\"@type\":\"EntryPoint\",\"urlTemplate\":\"https:\\\/\\\/balticoverlanders.eu\\\/sv\\\/?s={search_term_string}\"},\"query-input\":{\"@type\":\"PropertyValueSpecification\",\"valueRequired\":true,\"valueName\":\"search_term_string\"}}],\"inLanguage\":\"sv-SE\"}]}<\/script>\n<!-- \/ Yoast SEO plugin. -->","yoast_head_json":{"title":"Wild Land Lite Cruiser 120 Takt\u00e4lt - BALTIC OVERLANDERS","description":"Uppt\u00e4ck v\u00e5rt ultral\u00e4tta, prisv\u00e4rda softshell-takt\u00e4lt f\u00f6r sm\u00e5 bilar, som v\u00e4ger endast 39 kg. Perfekt f\u00f6r singlar och unga par. Inneh\u00e5ller stege, madrass, LED-lampa och monteringssats.","robots":{"index":"index","follow":"follow","max-snippet":"max-snippet:-1","max-image-preview":"max-image-preview:large","max-video-preview":"max-video-preview:-1"},"canonical":"https:\/\/balticoverlanders.eu\/sv\/produkt\/wild-land-lite-cruiser-120-taktalt\/","og_locale":"sv_SE","og_type":"article","og_title":"Wild Land Lite Cruiser 120 Takt\u00e4lt - BALTIC OVERLANDERS","og_description":"Uppt\u00e4ck v\u00e5rt ultral\u00e4tta, prisv\u00e4rda softshell-takt\u00e4lt f\u00f6r sm\u00e5 bilar, som v\u00e4ger endast 39 kg. Perfekt f\u00f6r singlar och unga par. Inneh\u00e5ller stege, madrass, LED-lampa och monteringssats.","og_url":"https:\/\/balticoverlanders.eu\/sv\/produkt\/wild-land-lite-cruiser-120-taktalt\/","og_site_name":"BALTIC OVERLANDERS","article_modified_time":"2024-05-20T12:40:21+00:00","og_image":[{"width":1681,"height":1000,"url":"https:\/\/balticoverlanders.eu\/wp-content\/uploads\/2024\/05\/namiot-dachowy-Lite-Cruiser-rozlozony-z-otwartymi-oknami-rozlozony-stolik-i-krzesla-VW-Golf-Hatchback-poziom.jpg","type":"image\/jpeg"}],"twitter_card":"summary_large_image","twitter_misc":{"Ber\u00e4knad l\u00e4stid":"2 minuter"},"schema":{"@context":"https:\/\/schema.org","@graph":[{"@type":"WebPage","@id":"https:\/\/balticoverlanders.eu\/sv\/produkt\/wild-land-lite-cruiser-120-taktalt\/","url":"https:\/\/balticoverlanders.eu\/sv\/produkt\/wild-land-lite-cruiser-120-taktalt\/","name":"Wild Land Lite Cruiser 120 Takt\u00e4lt - BALTIC OVERLANDERS","isPartOf":{"@id":"https:\/\/balticoverlanders.eu\/sv\/#website"},"primaryImageOfPage":{"@id":"https:\/\/balticoverlanders.eu\/sv\/produkt\/wild-land-lite-cruiser-120-taktalt\/#primaryimage"},"image":{"@id":"https:\/\/balticoverlanders.eu\/sv\/produkt\/wild-land-lite-cruiser-120-taktalt\/#primaryimage"},"thumbnailUrl":"https:\/\/balticoverlanders.eu\/wp-content\/uploads\/2024\/05\/namiot-dachowy-Lite-Cruiser-rozlozony-z-otwartymi-oknami-rozlozony-stolik-i-krzesla-VW-Golf-Hatchback-poziom.jpg","datePublished":"2024-05-18T08:25:32+00:00","dateModified":"2024-05-20T12:40:21+00:00","description":"Uppt\u00e4ck v\u00e5rt ultral\u00e4tta, prisv\u00e4rda softshell-takt\u00e4lt f\u00f6r sm\u00e5 bilar, som v\u00e4ger endast 39 kg. Perfekt f\u00f6r singlar och unga par. Inneh\u00e5ller stege, madrass, LED-lampa och monteringssats.","breadcrumb":{"@id":"https:\/\/balticoverlanders.eu\/sv\/produkt\/wild-land-lite-cruiser-120-taktalt\/#breadcrumb"},"inLanguage":"sv-SE","potentialAction":[{"@type":"ReadAction","target":["https:\/\/balticoverlanders.eu\/sv\/produkt\/wild-land-lite-cruiser-120-taktalt\/"]}]},{"@type":"ImageObject","inLanguage":"sv-SE","@id":"https:\/\/balticoverlanders.eu\/sv\/produkt\/wild-land-lite-cruiser-120-taktalt\/#primaryimage","url":"https:\/\/balticoverlanders.eu\/wp-content\/uploads\/2024\/05\/namiot-dachowy-Lite-Cruiser-rozlozony-z-otwartymi-oknami-rozlozony-stolik-i-krzesla-VW-Golf-Hatchback-poziom.jpg","contentUrl":"https:\/\/balticoverlanders.eu\/wp-content\/uploads\/2024\/05\/namiot-dachowy-Lite-Cruiser-rozlozony-z-otwartymi-oknami-rozlozony-stolik-i-krzesla-VW-Golf-Hatchback-poziom.jpg","width":1681,"height":1000},{"@type":"BreadcrumbList","@id":"https:\/\/balticoverlanders.eu\/sv\/produkt\/wild-land-lite-cruiser-120-taktalt\/#breadcrumb","itemListElement":[{"@type":"ListItem","position":1,"name":"Home","item":"https:\/\/balticoverlanders.eu\/sv\/?page_id=30156"},{"@type":"ListItem","position":2,"name":"Butik","item":"https:\/\/balticoverlanders.eu\/sv\/?page_id=30894"},{"@type":"ListItem","position":3,"name":"Wild Land Lite Cruiser 120 Takt\u00e4lt"}]},{"@type":"WebSite","@id":"https:\/\/balticoverlanders.eu\/sv\/#website","url":"https:\/\/balticoverlanders.eu\/sv\/","name":"BALTIC OVERLANDERS","description":"Your one-stop shop in Latvia, Estonia, and Lithuania for all your car camping, rooftop tent and accessory needs.","potentialAction":[{"@type":"SearchAction","target":{"@type":"EntryPoint","urlTemplate":"https:\/\/balticoverlanders.eu\/sv\/?s={search_term_string}"},"query-input":{"@type":"PropertyValueSpecification","valueRequired":true,"valueName":"search_term_string"}}],"inLanguage":"sv-SE"}]}},"_links":{"self":[{"href":"https:\/\/balticoverlanders.eu\/sv\/wp-json\/wp\/v2\/product\/42854","targetHints":{"allow":["GET"]}}],"collection":[{"href":"https:\/\/balticoverlanders.eu\/sv\/wp-json\/wp\/v2\/product"}],"about":[{"href":"https:\/\/balticoverlanders.eu\/sv\/wp-json\/wp\/v2\/types\/product"}],"wp:featuredmedia":[{"embeddable":true,"href":"https:\/\/balticoverlanders.eu\/sv\/wp-json\/wp\/v2\/media\/42371"}],"wp:attachment":[{"href":"https:\/\/balticoverlanders.eu\/sv\/wp-json\/wp\/v2\/media?parent=42854"}],"wp:term":[{"taxonomy":"product_brand","embeddable":true,"href":"https:\/\/balticoverlanders.eu\/sv\/wp-json\/wp\/v2\/product_brand?post=42854"},{"taxonomy":"product_cat","embeddable":true,"href":"https:\/\/balticoverlanders.eu\/sv\/wp-json\/wp\/v2\/product_cat?post=42854"},{"taxonomy":"product_tag","embeddable":true,"href":"https:\/\/balticoverlanders.eu\/sv\/wp-json\/wp\/v2\/product_tag?post=42854"}],"curies":[{"name":"wp","href":"https:\/\/api.w.org\/{rel}","templated":true}]}}