{"id":42863,"date":"2024-05-18T11:05:35","date_gmt":"2024-05-18T08:05:35","guid":{"rendered":"https:\/\/balticoverlanders.eu\/product\/wild-land-voyager-pro-160-taktalt\/"},"modified":"2024-05-20T15:40:24","modified_gmt":"2024-05-20T12:40:24","slug":"wild-land-voyager-pro-160-taktalt","status":"publish","type":"product","link":"https:\/\/balticoverlanders.eu\/sv\/produkt\/wild-land-voyager-pro-160-taktalt\/","title":{"rendered":"Wild Land Voyager PRO 160 takt\u00e4lt"},"content":{"rendered":"<div class=\"flex flex-grow flex-col max-w-full\">\n<div class=\"min-h-[20px] text-message flex flex-col items-start whitespace-pre-wrap break-words [.text-message+&amp;]:mt-5 juice:w-full juice:items-end overflow-x-auto gap-2\" dir=\"auto\" data-message-author-role=\"assistant\" data-message-id=\"d6398d34-9458-4e61-8ae8-e520b81841d5\">\n<div class=\"flex w-full flex-col gap-1 juice:empty:hidden juice:first:pt-[3px]\">\n<div class=\"markdown prose w-full break-words dark:prose-invert dark\">\n<h3>Voyager PRO 160 takt\u00e4lt: Din ultimata campingkamrat<\/h3>\n<h4>\u00d6versikt<\/h4>\n<p>Vi presenterar Voyager PRO 160 Roof Tent, sj\u00e4lva sinnebilden f\u00f6r komfort, h\u00e5llbarhet och bekv\u00e4mlighet. Detta innovativa t\u00e4lt \u00e4r perfekt utformat f\u00f6r 3-4 personer och \u00e4r kompakt n\u00e4r det \u00e4r hopf\u00e4llt, men rymligt och bekv\u00e4mt n\u00e4r det \u00e4r uppst\u00e4llt. Den \u00e4r idealisk f\u00f6r sm\u00e5 bilar med kombikup\u00e9 och resen\u00e4rer som reser \u00e5ret runt, och \u00e4r din b\u00e4sta l\u00f6sning f\u00f6r \u00e4ventyr i alla v\u00e4der.<\/p>\n<h4>Viktiga funktioner<\/h4>\n<ul>\n<li><strong>Kompakt och rymlig design<\/strong>: Erbjuder en gener\u00f6s sovyta p\u00e5 230&#215;160 cm. I hopf\u00e4llt l\u00e4ge m\u00e4ter den endast 174&#215;124 cm och har en h\u00f6jd p\u00e5 bara 29 cm, vilket g\u00f6r den mindre \u00e4n en vanlig takbox.<\/li>\n<li><strong>H\u00e5llbar konstruktion<\/strong>: T\u00e4ltet \u00e4r inrymt i ett h\u00e5rt aluminiumh\u00f6lje och \u00e4r robust och utformat f\u00f6r att klara olika v\u00e4derf\u00f6rh\u00e5llanden.<\/li>\n<li><strong>V\u00e4derbest\u00e4ndigt<\/strong>: Flugsheetet \u00e4r tillverkat av WL-tech-material, vattent\u00e4tt upp till PU 12000mm. Detta patenterade material har ocks\u00e5 h\u00f6g andningsf\u00f6rm\u00e5ga och \u00e4r motst\u00e5ndskraftigt mot skador och deformation, vilket ger m\u00f6rker i t\u00e4ltet f\u00f6r oavbruten s\u00f6mn \u00e4ven under tidig soluppg\u00e5ng.<\/li>\n<li><strong>F\u00f6nster i 3<\/strong> lager: Varje sida har f\u00f6nster i 3 lager (huvudt\u00e4ltmaterial, myggn\u00e4t och transparent material) f\u00f6r optimal komfort i alla v\u00e4der.<\/li>\n<li><strong>Snabb installation<\/strong>: F\u00e4lls ut och ihop p\u00e5 mindre \u00e4n en minut med n\u00e5gra enkla handgrepp. Inget behov av extra pinnar eller f\u00f6nsterskydd.<\/li>\n<\/ul>\n<h4>Komfort och bekv\u00e4mlighet<\/h4>\n<ul>\n<li><strong>LED-belysning<\/strong>: Inneh\u00e5ller en flexibel LED-remsa med USB-utg\u00e5ng f\u00f6r anslutning till en powerbank, vilket ger tillr\u00e4cklig belysning i t\u00e4ltet.<\/li>\n<li><strong>F\u00f6rvaringsfickor<\/strong>: Olika fickor inuti t\u00e4ltet f\u00f6r f\u00f6rvaring av praktiska f\u00f6rem\u00e5l, s\u00e5 att ditt utrymme h\u00e5lls organiserat och fritt fr\u00e5n skr\u00e4p.<\/li>\n<li><strong>Bekv\u00e4m mad<\/strong>rass: 5 cm tjock madrass som best\u00e5r av ett enda element f\u00f6r att \u00f6ka komforten. Madrass\u00f6verdraget \u00e4r behagligt att r\u00f6ra vid, avtagbart och tv\u00e4ttbart.<\/li>\n<li><strong>Ventilation<\/strong>: Tillr\u00e4cklig luftcirkulation med extra ventilationsh\u00e5l f\u00f6r att f\u00f6rhindra kondens, \u00e4ven vid stora temperaturskillnader.<\/li>\n<li><strong>Isolerat<\/strong> innertak: H\u00e5ller en behaglig temperatur inne i t\u00e4ltet, minskar kondens och f\u00f6rhindrar \u00f6verdriven v\u00e4rme p\u00e5 sommaren och snabb nedkylning vid l\u00e4gre temperaturer.<\/li>\n<\/ul>\n<h4>Ytterligare funktioner<\/h4>\n<ul>\n<li><strong>Teleskopisk stege i aluminium<\/strong>: Teleskopstege i svart aluminium som kan f\u00f6rvaras inuti t\u00e4ltet eller i bilen n\u00e4r den inte anv\u00e4nds.<\/li>\n<li><strong>Avtagbara element<\/strong>: Varje del av t\u00e4ltet \u00e4r helt avtagbar f\u00f6r enkel reng\u00f6ring och underh\u00e5ll, vilket garanterar l\u00e5ng livsl\u00e4ngd och hygien.<\/li>\n<li><strong>Service efter<\/strong> garantitiden: \u00c4ven efter den 2-\u00e5riga garantiperioden kan du lita p\u00e5 service efter garantitiden med l\u00e4ttillg\u00e4ngliga reservdelar.<\/li>\n<\/ul>\n<h4>Varf\u00f6r v\u00e4lja Voyager PRO 160?<\/h4>\n<p>Upplev naturen som aldrig f\u00f6rr med Voyager PRO 160 Roof Tent. Dess robusta design, snabba installation och egenskaper f\u00f6r alla v\u00e4der g\u00f6r den till den ultimata f\u00f6ljeslagaren f\u00f6r alla \u00e4ventyr. Oavsett om du campar p\u00e5 sommaren eller utforskar sn\u00f6iga landskap ger Voyager PRO 160 dig en bekv\u00e4m och problemfri upplevelse.<\/p>\n<p>Omfamna \u00e4ventyrsandan med Voyager PRO 160 Roof Tent &#8211; d\u00e4r komfort m\u00f6ter h\u00e5llbarhet och varje resa blir minnesv\u00e4rd.<\/p>\n<\/div>\n<\/div>\n<\/div>\n<\/div>\n","protected":false},"excerpt":{"rendered":"<p>Extremt kompakt och samtidigt perfekt f\u00f6r 3-4 personer. St\u00e4ngt h\u00f6gt bara 25 cm och 28 cm med aluminiumprofil nedanf\u00f6r, mjuk krage f\u00f6r b\u00e4ttre t\u00e4ltventilation n\u00e4r det \u00e4r st\u00e4ngt, PRO-serien har utformats f\u00f6r resor \u00e5ret runt, hela \u00f6verdraget \u00e4r tillverkat av WL-tech-material, vattent\u00e4tt upp till PU 12000 mm, 3-lagers f\u00f6nster p\u00e5 varje sida av t\u00e4ltet, 360\u00b0 panoramautsikt, Komplett med: teleskopstege upp till 230 cm l\u00e4ngd, madrass, skofickor, LED-lampa inuti, 2 extra ben f\u00f6r att st\u00f6dja och nivellera t\u00e4ltet, monteringssats tillsammans med instruktioner<\/p>\n","protected":false},"featured_media":51227,"template":"","meta":[],"product_brand":[],"product_cat":[381,488],"product_tag":[],"class_list":{"0":"post-42863","1":"product","2":"type-product","3":"status-publish","4":"has-post-thumbnail","6":"product_cat-talt-pa-tak","7":"product_cat-vildmark","9":"first","10":"onbackorder","11":"taxable","12":"shipping-taxable","13":"purchasable","14":"product-type-simple"},"yoast_head":"<!-- This site is optimized with the Yoast SEO plugin v27.3 - https:\/\/yoast.com\/product\/yoast-seo-wordpress\/ -->\n<title>Wild Land Voyager PRO 160 takt\u00e4lt - BALTIC OVERLANDERS<\/title>\n<meta name=\"description\" content=\"Detta kompakta t\u00e4lt i PRO-serien \u00e4r perfekt f\u00f6r 3-4 personer och har 360\u00b0 utsikt, vattent\u00e4tt WL-tech-material och kompletta tillbeh\u00f6r f\u00f6r resor \u00e5ret runt.\" \/>\n<meta name=\"robots\" content=\"index, follow, max-snippet:-1, max-image-preview:large, max-video-preview:-1\" \/>\n<link rel=\"canonical\" href=\"https:\/\/balticoverlanders.eu\/sv\/produkt\/wild-land-voyager-pro-160-taktalt\/\" \/>\n<meta property=\"og:locale\" content=\"sv_SE\" \/>\n<meta property=\"og:type\" content=\"article\" \/>\n<meta property=\"og:title\" content=\"Wild Land Voyager PRO 160 takt\u00e4lt - BALTIC OVERLANDERS\" \/>\n<meta property=\"og:description\" content=\"Detta kompakta t\u00e4lt i PRO-serien \u00e4r perfekt f\u00f6r 3-4 personer och har 360\u00b0 utsikt, vattent\u00e4tt WL-tech-material och kompletta tillbeh\u00f6r f\u00f6r resor \u00e5ret runt.\" \/>\n<meta property=\"og:url\" content=\"https:\/\/balticoverlanders.eu\/sv\/produkt\/wild-land-voyager-pro-160-taktalt\/\" \/>\n<meta property=\"og:site_name\" content=\"BALTIC OVERLANDERS\" \/>\n<meta property=\"article:modified_time\" content=\"2024-05-20T12:40:24+00:00\" \/>\n<meta property=\"og:image\" content=\"https:\/\/balticoverlanders.eu\/wp-content\/uploads\/2024\/05\/WhatsApp-Image-2024-05-18-at-1.28.27-PM.jpeg\" \/>\n\t<meta property=\"og:image:width\" content=\"1600\" \/>\n\t<meta property=\"og:image:height\" content=\"1200\" \/>\n\t<meta property=\"og:image:type\" content=\"image\/jpeg\" \/>\n<meta name=\"twitter:card\" content=\"summary_large_image\" \/>\n<meta name=\"twitter:label1\" content=\"Ber\u00e4knad l\u00e4stid\" \/>\n\t<meta name=\"twitter:data1\" content=\"3 minuter\" \/>\n<script type=\"application\/ld+json\" class=\"yoast-schema-graph\">{\"@context\":\"https:\\\/\\\/schema.org\",\"@graph\":[{\"@type\":\"WebPage\",\"@id\":\"https:\\\/\\\/balticoverlanders.eu\\\/sv\\\/produkt\\\/wild-land-voyager-pro-160-taktalt\\\/\",\"url\":\"https:\\\/\\\/balticoverlanders.eu\\\/sv\\\/produkt\\\/wild-land-voyager-pro-160-taktalt\\\/\",\"name\":\"Wild Land Voyager PRO 160 takt\u00e4lt - BALTIC OVERLANDERS\",\"isPartOf\":{\"@id\":\"https:\\\/\\\/balticoverlanders.eu\\\/sv\\\/#website\"},\"primaryImageOfPage\":{\"@id\":\"https:\\\/\\\/balticoverlanders.eu\\\/sv\\\/produkt\\\/wild-land-voyager-pro-160-taktalt\\\/#primaryimage\"},\"image\":{\"@id\":\"https:\\\/\\\/balticoverlanders.eu\\\/sv\\\/produkt\\\/wild-land-voyager-pro-160-taktalt\\\/#primaryimage\"},\"thumbnailUrl\":\"https:\\\/\\\/balticoverlanders.eu\\\/wp-content\\\/uploads\\\/2024\\\/05\\\/WhatsApp-Image-2024-06-30-at-7.47.12-PM.jpeg\",\"datePublished\":\"2024-05-18T08:05:35+00:00\",\"dateModified\":\"2024-05-20T12:40:24+00:00\",\"description\":\"Detta kompakta t\u00e4lt i PRO-serien \u00e4r perfekt f\u00f6r 3-4 personer och har 360\u00b0 utsikt, vattent\u00e4tt WL-tech-material och kompletta tillbeh\u00f6r f\u00f6r resor \u00e5ret runt.\",\"breadcrumb\":{\"@id\":\"https:\\\/\\\/balticoverlanders.eu\\\/sv\\\/produkt\\\/wild-land-voyager-pro-160-taktalt\\\/#breadcrumb\"},\"inLanguage\":\"sv-SE\",\"potentialAction\":[{\"@type\":\"ReadAction\",\"target\":[\"https:\\\/\\\/balticoverlanders.eu\\\/sv\\\/produkt\\\/wild-land-voyager-pro-160-taktalt\\\/\"]}]},{\"@type\":\"ImageObject\",\"inLanguage\":\"sv-SE\",\"@id\":\"https:\\\/\\\/balticoverlanders.eu\\\/sv\\\/produkt\\\/wild-land-voyager-pro-160-taktalt\\\/#primaryimage\",\"url\":\"https:\\\/\\\/balticoverlanders.eu\\\/wp-content\\\/uploads\\\/2024\\\/05\\\/WhatsApp-Image-2024-06-30-at-7.47.12-PM.jpeg\",\"contentUrl\":\"https:\\\/\\\/balticoverlanders.eu\\\/wp-content\\\/uploads\\\/2024\\\/05\\\/WhatsApp-Image-2024-06-30-at-7.47.12-PM.jpeg\",\"width\":800,\"height\":600},{\"@type\":\"BreadcrumbList\",\"@id\":\"https:\\\/\\\/balticoverlanders.eu\\\/sv\\\/produkt\\\/wild-land-voyager-pro-160-taktalt\\\/#breadcrumb\",\"itemListElement\":[{\"@type\":\"ListItem\",\"position\":1,\"name\":\"Home\",\"item\":\"https:\\\/\\\/balticoverlanders.eu\\\/sv\\\/?page_id=30156\"},{\"@type\":\"ListItem\",\"position\":2,\"name\":\"Butik\",\"item\":\"https:\\\/\\\/balticoverlanders.eu\\\/sv\\\/?page_id=30894\"},{\"@type\":\"ListItem\",\"position\":3,\"name\":\"Wild Land Voyager PRO 160 takt\u00e4lt\"}]},{\"@type\":\"WebSite\",\"@id\":\"https:\\\/\\\/balticoverlanders.eu\\\/sv\\\/#website\",\"url\":\"https:\\\/\\\/balticoverlanders.eu\\\/sv\\\/\",\"name\":\"BALTIC OVERLANDERS\",\"description\":\"Your one-stop shop in Latvia, Estonia, and Lithuania for all your car camping, rooftop tent and accessory needs.\",\"potentialAction\":[{\"@type\":\"SearchAction\",\"target\":{\"@type\":\"EntryPoint\",\"urlTemplate\":\"https:\\\/\\\/balticoverlanders.eu\\\/sv\\\/?s={search_term_string}\"},\"query-input\":{\"@type\":\"PropertyValueSpecification\",\"valueRequired\":true,\"valueName\":\"search_term_string\"}}],\"inLanguage\":\"sv-SE\"}]}<\/script>\n<!-- \/ Yoast SEO plugin. -->","yoast_head_json":{"title":"Wild Land Voyager PRO 160 takt\u00e4lt - BALTIC OVERLANDERS","description":"Detta kompakta t\u00e4lt i PRO-serien \u00e4r perfekt f\u00f6r 3-4 personer och har 360\u00b0 utsikt, vattent\u00e4tt WL-tech-material och kompletta tillbeh\u00f6r f\u00f6r resor \u00e5ret runt.","robots":{"index":"index","follow":"follow","max-snippet":"max-snippet:-1","max-image-preview":"max-image-preview:large","max-video-preview":"max-video-preview:-1"},"canonical":"https:\/\/balticoverlanders.eu\/sv\/produkt\/wild-land-voyager-pro-160-taktalt\/","og_locale":"sv_SE","og_type":"article","og_title":"Wild Land Voyager PRO 160 takt\u00e4lt - BALTIC OVERLANDERS","og_description":"Detta kompakta t\u00e4lt i PRO-serien \u00e4r perfekt f\u00f6r 3-4 personer och har 360\u00b0 utsikt, vattent\u00e4tt WL-tech-material och kompletta tillbeh\u00f6r f\u00f6r resor \u00e5ret runt.","og_url":"https:\/\/balticoverlanders.eu\/sv\/produkt\/wild-land-voyager-pro-160-taktalt\/","og_site_name":"BALTIC OVERLANDERS","article_modified_time":"2024-05-20T12:40:24+00:00","og_image":[{"width":1600,"height":1200,"url":"https:\/\/balticoverlanders.eu\/wp-content\/uploads\/2024\/05\/WhatsApp-Image-2024-05-18-at-1.28.27-PM.jpeg","type":"image\/jpeg"}],"twitter_card":"summary_large_image","twitter_misc":{"Ber\u00e4knad l\u00e4stid":"3 minuter"},"schema":{"@context":"https:\/\/schema.org","@graph":[{"@type":"WebPage","@id":"https:\/\/balticoverlanders.eu\/sv\/produkt\/wild-land-voyager-pro-160-taktalt\/","url":"https:\/\/balticoverlanders.eu\/sv\/produkt\/wild-land-voyager-pro-160-taktalt\/","name":"Wild Land Voyager PRO 160 takt\u00e4lt - BALTIC OVERLANDERS","isPartOf":{"@id":"https:\/\/balticoverlanders.eu\/sv\/#website"},"primaryImageOfPage":{"@id":"https:\/\/balticoverlanders.eu\/sv\/produkt\/wild-land-voyager-pro-160-taktalt\/#primaryimage"},"image":{"@id":"https:\/\/balticoverlanders.eu\/sv\/produkt\/wild-land-voyager-pro-160-taktalt\/#primaryimage"},"thumbnailUrl":"https:\/\/balticoverlanders.eu\/wp-content\/uploads\/2024\/05\/WhatsApp-Image-2024-06-30-at-7.47.12-PM.jpeg","datePublished":"2024-05-18T08:05:35+00:00","dateModified":"2024-05-20T12:40:24+00:00","description":"Detta kompakta t\u00e4lt i PRO-serien \u00e4r perfekt f\u00f6r 3-4 personer och har 360\u00b0 utsikt, vattent\u00e4tt WL-tech-material och kompletta tillbeh\u00f6r f\u00f6r resor \u00e5ret runt.","breadcrumb":{"@id":"https:\/\/balticoverlanders.eu\/sv\/produkt\/wild-land-voyager-pro-160-taktalt\/#breadcrumb"},"inLanguage":"sv-SE","potentialAction":[{"@type":"ReadAction","target":["https:\/\/balticoverlanders.eu\/sv\/produkt\/wild-land-voyager-pro-160-taktalt\/"]}]},{"@type":"ImageObject","inLanguage":"sv-SE","@id":"https:\/\/balticoverlanders.eu\/sv\/produkt\/wild-land-voyager-pro-160-taktalt\/#primaryimage","url":"https:\/\/balticoverlanders.eu\/wp-content\/uploads\/2024\/05\/WhatsApp-Image-2024-06-30-at-7.47.12-PM.jpeg","contentUrl":"https:\/\/balticoverlanders.eu\/wp-content\/uploads\/2024\/05\/WhatsApp-Image-2024-06-30-at-7.47.12-PM.jpeg","width":800,"height":600},{"@type":"BreadcrumbList","@id":"https:\/\/balticoverlanders.eu\/sv\/produkt\/wild-land-voyager-pro-160-taktalt\/#breadcrumb","itemListElement":[{"@type":"ListItem","position":1,"name":"Home","item":"https:\/\/balticoverlanders.eu\/sv\/?page_id=30156"},{"@type":"ListItem","position":2,"name":"Butik","item":"https:\/\/balticoverlanders.eu\/sv\/?page_id=30894"},{"@type":"ListItem","position":3,"name":"Wild Land Voyager PRO 160 takt\u00e4lt"}]},{"@type":"WebSite","@id":"https:\/\/balticoverlanders.eu\/sv\/#website","url":"https:\/\/balticoverlanders.eu\/sv\/","name":"BALTIC OVERLANDERS","description":"Your one-stop shop in Latvia, Estonia, and Lithuania for all your car camping, rooftop tent and accessory needs.","potentialAction":[{"@type":"SearchAction","target":{"@type":"EntryPoint","urlTemplate":"https:\/\/balticoverlanders.eu\/sv\/?s={search_term_string}"},"query-input":{"@type":"PropertyValueSpecification","valueRequired":true,"valueName":"search_term_string"}}],"inLanguage":"sv-SE"}]}},"_links":{"self":[{"href":"https:\/\/balticoverlanders.eu\/sv\/wp-json\/wp\/v2\/product\/42863","targetHints":{"allow":["GET"]}}],"collection":[{"href":"https:\/\/balticoverlanders.eu\/sv\/wp-json\/wp\/v2\/product"}],"about":[{"href":"https:\/\/balticoverlanders.eu\/sv\/wp-json\/wp\/v2\/types\/product"}],"wp:featuredmedia":[{"embeddable":true,"href":"https:\/\/balticoverlanders.eu\/sv\/wp-json\/wp\/v2\/media\/51227"}],"wp:attachment":[{"href":"https:\/\/balticoverlanders.eu\/sv\/wp-json\/wp\/v2\/media?parent=42863"}],"wp:term":[{"taxonomy":"product_brand","embeddable":true,"href":"https:\/\/balticoverlanders.eu\/sv\/wp-json\/wp\/v2\/product_brand?post=42863"},{"taxonomy":"product_cat","embeddable":true,"href":"https:\/\/balticoverlanders.eu\/sv\/wp-json\/wp\/v2\/product_cat?post=42863"},{"taxonomy":"product_tag","embeddable":true,"href":"https:\/\/balticoverlanders.eu\/sv\/wp-json\/wp\/v2\/product_tag?post=42863"}],"curies":[{"name":"wp","href":"https:\/\/api.w.org\/{rel}","templated":true}]}}